{"id":10940,"date":"2025-07-14T12:31:54","date_gmt":"2025-07-14T09:31:54","guid":{"rendered":"https:\/\/new.bjc.ro\/?page_id=10940"},"modified":"2025-08-07T08:50:57","modified_gmt":"2025-08-07T05:50:57","slug":"examen-de-promovare","status":"publish","type":"page","link":"https:\/\/new.bjc.ro\/?page_id=10940","title":{"rendered":"Examen de promovare"},"content":{"rendered":"<p>Biblioteca Jude\u021bean\u0103 \u201eOctavian Goga\u201d Cluj, institu\u021bie aflat\u0103 \u00een subordinea Consiliul Jude\u021bean Cluj, cu sediul \u00een Cluj-Napoca, Calea Doroban\u021bilor nr.104, organizeaz\u0103 <strong>examen de promovare <\/strong>\u00een gradul profesional <strong>Bibliotecar studii superioare, S I.<\/strong><\/p>\n<p>Acesta const\u0103 \u00een sus\u021binerea unei probe practice.<\/p>\n<p><em>Proba practic\u0103<\/em> va testa cuno\u0219tin\u021bele candida\u021bilor \u00een func\u021bie de cerin\u021bele postului, dup\u0103 cum urmeaz\u0103:<\/p>\n<ol>\n<li>a) \u00a0\u00a0\u00a0sus\u021binerea unei lucr\u0103ri \u0219tiin\u021bifice sau proiect care s\u0103 aib\u0103 o parte teoretic\u0103 \u0219i alta practic\u0103\/aplicativ\u0103 la nivelul bibliotecii, care s\u0103 propun\u0103 activit\u0103\u021bi\/servicii inovatoare conform tematicii. Lucrarea trebuie s\u0103 con\u021bin\u0103 obligatoriu trimiteri bibliografice, bibliografie de specialitate (minimum 5 titluri) &#8211; surse tradi\u021bionale \u0219i electronice \u0219i s\u0103 aib\u0103 maximum 6 pagini text (exclusiv pagina de titlu, bibliografia \u0219i anexele), format A4, font Times New Roman, corp liter\u0103 12, la un r\u00e2nd \u0219i jum\u0103tate, margini egale (sus, jos, dreapta) de 2 cm \u0219i st\u00e2nga 2,5 cm;<br \/>\nb) \u00a0\u00a0\u00a0traducerea unui text dintr-o limb\u0103 str\u0103in\u0103 de circula\u021bie interna\u021bional\u0103;<br \/>\nc)\u00a0\u00a0\u00a0\u00a0testarea\u00a0oper\u0103rii\u00a0\u00een\u00a0sistemul\u00a0integrat\u00a0de\u00a0bibliotec\u0103<\/li>\n<\/ol>\n<p>Tematica lucr\u0103rilor scrise este:<\/p>\n<p><strong>Dezvoltarea de servicii moderne pentru utilizatori<\/strong><\/p>\n<p>Examenul se va desf\u0103\u0219ura la sediul bibliotecii, \u00een ziua de 06.08.2025, ora 09.00.<\/p>\n<p>Dosarele de \u00eenscriere se depun la sediul bibliotecii, Calea Doroban\u021bilor nr. 104, Compartimentul Financiar Contabilitate \u0219i Resurse Umane, \u00een perioada 28.07.2025 \u2013 01.08.2025 (inclusiv), \u00een intervalul orar 8.30 \u2013 14.30.<\/p>\n<p>Tematica \u0219i calendarul examenului de promovare se afi\u0219eaz\u0103 la sediul bibliotecii \u0219i pe <a href=\"http:\/\/www.bjc.ro\/\">www.bjc.ro<\/a>.<\/p>\n<p><a href=\"https:\/\/new.bjc.ro\/wp-content\/uploads\/2025\/08\/Anunt-pentru-selectie-dosare.pdf\">Rezultate selec\u021bie dosare<\/a><\/p>\n<p>Data: 05.08.2025<\/p>\n<p><a href=\"https:\/\/new.bjc.ro\/wp-content\/uploads\/2025\/08\/Anunt-rezultate-examen-promovare.pdf\">Rezultate examen<\/a><\/p>\n<p>Data: 07.08.2025<\/p>\n","protected":false},"excerpt":{"rendered":"<p>Biblioteca Jude\u021bean\u0103 \u201eOctavian Goga\u201d Cluj, institu\u021bie aflat\u0103 \u00een subordinea Consiliul Jude\u021bean Cluj, cu sediul \u00een Cluj-Napoca, Calea Doroban\u021bilor nr.104, organizeaz\u0103 examen de promovare \u00een gradul profesional Bibliotecar studii superioare, S I. Acesta const\u0103 \u00een sus\u021binerea unei probe practice. Proba practic\u0103 va testa cuno\u0219tin\u021bele candida\u021bilor \u00een func\u021bie de cerin\u021bele postului, dup\u0103&hellip; <br \/> <a class=\"read-more\" href=\"https:\/\/new.bjc.ro\/?page_id=10940\">Cite\u0219te mai mult<\/a><\/p>\n","protected":false},"author":5,"featured_media":0,"parent":0,"menu_order":0,"comment_status":"closed","ping_status":"closed","template":"","meta":{"_monsterinsights_skip_tracking":false,"_monsterinsights_sitenote_active":false,"_monsterinsights_sitenote_note":"","_monsterinsights_sitenote_category":0,"_EventAllDay":false,"_EventTimezone":"","_EventStartDate":"","_EventEndDate":"","_EventStartDateUTC":"","_EventEndDateUTC":"","_EventShowMap":false,"_EventShowMapLink":false,"_EventURL":"","_EventCost":"","_EventCostDescription":"","_EventCurrencySymbol":"","_EventCurrencyCode":"","_EventCurrencyPosition":"","_EventDateTimeSeparator":"","_EventTimeRangeSeparator":"","_EventOrganizerID":[],"_EventVenueID":[],"_OrganizerEmail":"","_OrganizerPhone":"","_OrganizerWebsite":"","_VenueAddress":"","_VenueCity":"","_VenueCountry":"","_VenueProvince":"","_VenueState":"","_VenueZip":"","_VenuePhone":"","_VenueURL":"","_VenueStateProvince":"","_VenueLat":"","_VenueLng":"","_VenueShowMap":false,"_VenueShowMapLink":false,"footnotes":""},"class_list":["post-10940","page","type-page","status-publish","hentry"],"yoast_head":"<!-- This site is optimized with the Yoast SEO plugin v24.6 - https:\/\/yoast.com\/wordpress\/plugins\/seo\/ -->\n<title>Examen de promovare - Biblioteca Jude\u021bean\u0103 \u201eOctavian Goga\u201d Cluj<\/title>\n<meta name=\"robots\" content=\"index, follow, max-snippet:-1, max-image-preview:large, max-video-preview:-1\" \/>\n<link rel=\"canonical\" href=\"https:\/\/new.bjc.ro\/?page_id=10940\" \/>\n<meta property=\"og:locale\" content=\"ro_RO\" \/>\n<meta property=\"og:type\" content=\"article\" \/>\n<meta property=\"og:title\" content=\"Examen de promovare - Biblioteca Jude\u021bean\u0103 \u201eOctavian Goga\u201d Cluj\" \/>\n<meta property=\"og:description\" content=\"Biblioteca Jude\u021bean\u0103 \u201eOctavian Goga\u201d Cluj, institu\u021bie aflat\u0103 \u00een subordinea Consiliul Jude\u021bean Cluj, cu sediul \u00een Cluj-Napoca, Calea Doroban\u021bilor nr.104, organizeaz\u0103 examen de promovare \u00een gradul profesional Bibliotecar studii superioare, S I. Acesta const\u0103 \u00een sus\u021binerea unei probe practice. Proba practic\u0103 va testa cuno\u0219tin\u021bele candida\u021bilor \u00een func\u021bie de cerin\u021bele postului, dup\u0103&hellip; Cite\u0219te mai mult\" \/>\n<meta property=\"og:url\" content=\"https:\/\/new.bjc.ro\/?page_id=10940\" \/>\n<meta property=\"og:site_name\" content=\"Biblioteca Jude\u021bean\u0103 \u201eOctavian Goga\u201d Cluj\" \/>\n<meta property=\"article:publisher\" content=\"https:\/\/www.facebook.com\/bibliotecacluj\/\" \/>\n<meta property=\"article:modified_time\" content=\"2025-08-07T05:50:57+00:00\" \/>\n<meta property=\"og:image\" content=\"https:\/\/new.bjc.ro\/wp-content\/uploads\/2023\/01\/IMG_5597-1.jpg\" \/>\n\t<meta property=\"og:image:width\" content=\"2000\" \/>\n\t<meta property=\"og:image:height\" content=\"1333\" \/>\n\t<meta property=\"og:image:type\" content=\"image\/jpeg\" \/>\n<meta name=\"twitter:card\" content=\"summary_large_image\" \/>\n<meta name=\"twitter:site\" content=\"@BibliotecaGoga\" \/>\n<meta name=\"twitter:label1\" content=\"Timp estimat pentru citire\" \/>\n\t<meta name=\"twitter:data1\" content=\"2 minute\" \/>\n<script type=\"application\/ld+json\" class=\"yoast-schema-graph\">{\"@context\":\"https:\/\/schema.org\",\"@graph\":[{\"@type\":\"WebPage\",\"@id\":\"https:\/\/new.bjc.ro\/?page_id=10940\",\"url\":\"https:\/\/new.bjc.ro\/?page_id=10940\",\"name\":\"Examen de promovare - Biblioteca Jude\u021bean\u0103 \u201eOctavian Goga\u201d Cluj\",\"isPartOf\":{\"@id\":\"https:\/\/new.bjc.ro\/#website\"},\"datePublished\":\"2025-07-14T09:31:54+00:00\",\"dateModified\":\"2025-08-07T05:50:57+00:00\",\"breadcrumb\":{\"@id\":\"https:\/\/new.bjc.ro\/?page_id=10940#breadcrumb\"},\"inLanguage\":\"ro-RO\",\"potentialAction\":[{\"@type\":\"ReadAction\",\"target\":[\"https:\/\/new.bjc.ro\/?page_id=10940\"]}]},{\"@type\":\"BreadcrumbList\",\"@id\":\"https:\/\/new.bjc.ro\/?page_id=10940#breadcrumb\",\"itemListElement\":[{\"@type\":\"ListItem\",\"position\":1,\"name\":\"Home\",\"item\":\"https:\/\/new.bjc.ro\/\"},{\"@type\":\"ListItem\",\"position\":2,\"name\":\"Examen de promovare\"}]},{\"@type\":\"WebSite\",\"@id\":\"https:\/\/new.bjc.ro\/#website\",\"url\":\"https:\/\/new.bjc.ro\/\",\"name\":\"Biblioteca Jude\u021bean\u0103 \u201eOctavian Goga\u201d Cluj\",\"description\":\"\",\"publisher\":{\"@id\":\"https:\/\/new.bjc.ro\/#organization\"},\"alternateName\":\"Biblioteca Jude\u021bean\u0103 Cluj\",\"potentialAction\":[{\"@type\":\"SearchAction\",\"target\":{\"@type\":\"EntryPoint\",\"urlTemplate\":\"https:\/\/new.bjc.ro\/?s={search_term_string}\"},\"query-input\":{\"@type\":\"PropertyValueSpecification\",\"valueRequired\":true,\"valueName\":\"search_term_string\"}}],\"inLanguage\":\"ro-RO\"},{\"@type\":\"Organization\",\"@id\":\"https:\/\/new.bjc.ro\/#organization\",\"name\":\"Biblioteca Jude\u021bean\u0103 \u201eOctavian Goga\u201d Cluj\",\"url\":\"https:\/\/new.bjc.ro\/\",\"logo\":{\"@type\":\"ImageObject\",\"inLanguage\":\"ro-RO\",\"@id\":\"https:\/\/new.bjc.ro\/#\/schema\/logo\/image\/\",\"url\":\"https:\/\/new.bjc.ro\/wp-content\/uploads\/2023\/03\/sigle.jpg\",\"contentUrl\":\"https:\/\/new.bjc.ro\/wp-content\/uploads\/2023\/03\/sigle.jpg\",\"width\":630,\"height\":473,\"caption\":\"Biblioteca Jude\u021bean\u0103 \u201eOctavian Goga\u201d Cluj\"},\"image\":{\"@id\":\"https:\/\/new.bjc.ro\/#\/schema\/logo\/image\/\"},\"sameAs\":[\"https:\/\/www.facebook.com\/bibliotecacluj\/\",\"https:\/\/x.com\/BibliotecaGoga\",\"https:\/\/www.instagram.com\/biblioteca_judeteana_cluj\/\",\"https:\/\/www.youtube.com\/user\/BibliotecaGoga\"]}]}<\/script>\n<!-- \/ Yoast SEO plugin. -->","yoast_head_json":{"title":"Examen de promovare - Biblioteca Jude\u021bean\u0103 \u201eOctavian Goga\u201d Cluj","robots":{"index":"index","follow":"follow","max-snippet":"max-snippet:-1","max-image-preview":"max-image-preview:large","max-video-preview":"max-video-preview:-1"},"canonical":"https:\/\/new.bjc.ro\/?page_id=10940","og_locale":"ro_RO","og_type":"article","og_title":"Examen de promovare - Biblioteca Jude\u021bean\u0103 \u201eOctavian Goga\u201d Cluj","og_description":"Biblioteca Jude\u021bean\u0103 \u201eOctavian Goga\u201d Cluj, institu\u021bie aflat\u0103 \u00een subordinea Consiliul Jude\u021bean Cluj, cu sediul \u00een Cluj-Napoca, Calea Doroban\u021bilor nr.104, organizeaz\u0103 examen de promovare \u00een gradul profesional Bibliotecar studii superioare, S I. Acesta const\u0103 \u00een sus\u021binerea unei probe practice. Proba practic\u0103 va testa cuno\u0219tin\u021bele candida\u021bilor \u00een func\u021bie de cerin\u021bele postului, dup\u0103&hellip; Cite\u0219te mai mult","og_url":"https:\/\/new.bjc.ro\/?page_id=10940","og_site_name":"Biblioteca Jude\u021bean\u0103 \u201eOctavian Goga\u201d Cluj","article_publisher":"https:\/\/www.facebook.com\/bibliotecacluj\/","article_modified_time":"2025-08-07T05:50:57+00:00","og_image":[{"width":2000,"height":1333,"url":"https:\/\/new.bjc.ro\/wp-content\/uploads\/2023\/01\/IMG_5597-1.jpg","type":"image\/jpeg"}],"twitter_card":"summary_large_image","twitter_site":"@BibliotecaGoga","twitter_misc":{"Timp estimat pentru citire":"2 minute"},"schema":{"@context":"https:\/\/schema.org","@graph":[{"@type":"WebPage","@id":"https:\/\/new.bjc.ro\/?page_id=10940","url":"https:\/\/new.bjc.ro\/?page_id=10940","name":"Examen de promovare - Biblioteca Jude\u021bean\u0103 \u201eOctavian Goga\u201d Cluj","isPartOf":{"@id":"https:\/\/new.bjc.ro\/#website"},"datePublished":"2025-07-14T09:31:54+00:00","dateModified":"2025-08-07T05:50:57+00:00","breadcrumb":{"@id":"https:\/\/new.bjc.ro\/?page_id=10940#breadcrumb"},"inLanguage":"ro-RO","potentialAction":[{"@type":"ReadAction","target":["https:\/\/new.bjc.ro\/?page_id=10940"]}]},{"@type":"BreadcrumbList","@id":"https:\/\/new.bjc.ro\/?page_id=10940#breadcrumb","itemListElement":[{"@type":"ListItem","position":1,"name":"Home","item":"https:\/\/new.bjc.ro\/"},{"@type":"ListItem","position":2,"name":"Examen de promovare"}]},{"@type":"WebSite","@id":"https:\/\/new.bjc.ro\/#website","url":"https:\/\/new.bjc.ro\/","name":"Biblioteca Jude\u021bean\u0103 \u201eOctavian Goga\u201d Cluj","description":"","publisher":{"@id":"https:\/\/new.bjc.ro\/#organization"},"alternateName":"Biblioteca Jude\u021bean\u0103 Cluj","potentialAction":[{"@type":"SearchAction","target":{"@type":"EntryPoint","urlTemplate":"https:\/\/new.bjc.ro\/?s={search_term_string}"},"query-input":{"@type":"PropertyValueSpecification","valueRequired":true,"valueName":"search_term_string"}}],"inLanguage":"ro-RO"},{"@type":"Organization","@id":"https:\/\/new.bjc.ro\/#organization","name":"Biblioteca Jude\u021bean\u0103 \u201eOctavian Goga\u201d Cluj","url":"https:\/\/new.bjc.ro\/","logo":{"@type":"ImageObject","inLanguage":"ro-RO","@id":"https:\/\/new.bjc.ro\/#\/schema\/logo\/image\/","url":"https:\/\/new.bjc.ro\/wp-content\/uploads\/2023\/03\/sigle.jpg","contentUrl":"https:\/\/new.bjc.ro\/wp-content\/uploads\/2023\/03\/sigle.jpg","width":630,"height":473,"caption":"Biblioteca Jude\u021bean\u0103 \u201eOctavian Goga\u201d Cluj"},"image":{"@id":"https:\/\/new.bjc.ro\/#\/schema\/logo\/image\/"},"sameAs":["https:\/\/www.facebook.com\/bibliotecacluj\/","https:\/\/x.com\/BibliotecaGoga","https:\/\/www.instagram.com\/biblioteca_judeteana_cluj\/","https:\/\/www.youtube.com\/user\/BibliotecaGoga"]}]}},"_links":{"self":[{"href":"https:\/\/new.bjc.ro\/index.php?rest_route=\/wp\/v2\/pages\/10940","targetHints":{"allow":["GET"]}}],"collection":[{"href":"https:\/\/new.bjc.ro\/index.php?rest_route=\/wp\/v2\/pages"}],"about":[{"href":"https:\/\/new.bjc.ro\/index.php?rest_route=\/wp\/v2\/types\/page"}],"author":[{"embeddable":true,"href":"https:\/\/new.bjc.ro\/index.php?rest_route=\/wp\/v2\/users\/5"}],"replies":[{"embeddable":true,"href":"https:\/\/new.bjc.ro\/index.php?rest_route=%2Fwp%2Fv2%2Fcomments&post=10940"}],"version-history":[{"count":6,"href":"https:\/\/new.bjc.ro\/index.php?rest_route=\/wp\/v2\/pages\/10940\/revisions"}],"predecessor-version":[{"id":10995,"href":"https:\/\/new.bjc.ro\/index.php?rest_route=\/wp\/v2\/pages\/10940\/revisions\/10995"}],"wp:attachment":[{"href":"https:\/\/new.bjc.ro\/index.php?rest_route=%2Fwp%2Fv2%2Fmedia&parent=10940"}],"curies":[{"name":"wp","href":"https:\/\/api.w.org\/{rel}","templated":true}]}}