{"id":10996,"date":"2025-08-12T13:48:25","date_gmt":"2025-08-12T10:48:25","guid":{"rendered":"https:\/\/new.bjc.ro\/?page_id=10996"},"modified":"2025-08-27T10:26:01","modified_gmt":"2025-08-27T07:26:01","slug":"concurs-bibliotecar-2","status":"publish","type":"page","link":"https:\/\/new.bjc.ro\/?page_id=10996","title":{"rendered":"Concurs bibliotecar Filiala Grigorescu"},"content":{"rendered":"<p>Biblioteca Jude\u021bean\u0103 \u201eOctavian Goga\u201d Cluj, institu\u021bie aflat\u0103 \u00een subordinea Consiliului Jude\u021bean Cluj, cu sediul \u00een Municipiul Cluj-Napoca, str. Calea Doroban\u021bilor nr. 104, organizeaz\u0103, \u00een conformitate cu H.G. nr. 1336\/2022, concurs pentru ocuparea unui post contractual vacant unic, de Bibliotecar, studii superioare, gradul II, norm\u0103 \u00eentreag\u0103, durat\u0103 nedeterminat\u0103, \u00een cadrul Compartimentului Filiala Grigorescu.<\/p>\n<p>Concursul va consta din 2 probe \u0219i se va desf\u0103\u0219ura la sediul bibliotecii, Calea Doroban\u021bilor, nr. 104, \u00een zilele de 16.09.2025 ora 09.00 \u2013 proba scris\u0103 \u0219i 22.09.2025 ora 09.00 \u2013 interviul.<\/p>\n<p>Dosarele de \u00eenscriere se depun la sediul bibliotecii \u00een perioada 27.08-09.09.2025 \u00een intervalul orar 9.00 \u2013 14.00.<\/p>\n<p>Rela\u0163ii suplimentare se pot ob\u0163ine de la sediul bibliotecii \u0219i la telefon 0264-430323.<\/p>\n<p><a href=\"https:\/\/new.bjc.ro\/wp-content\/uploads\/2025\/08\/Anunt-concurs-bibliotecar-S-II.pdf\">Anun\u021b concurs<\/a><\/p>\n<p><a href=\"https:\/\/new.bjc.ro\/wp-content\/uploads\/2025\/08\/04-Formular-de-inscriere-la-concurs-post-bibliotecar.docx\">Formular de \u00eenscriere<\/a><\/p>\n<p><a href=\"https:\/\/new.bjc.ro\/wp-content\/uploads\/2025\/08\/Bibliografia.pdf\">Bibliografie<\/a><\/p>\n<p>Data afi\u0219\u0103rii: 12.08.2025<\/p>\n","protected":false},"excerpt":{"rendered":"<p>Biblioteca Jude\u021bean\u0103 \u201eOctavian Goga\u201d Cluj, institu\u021bie aflat\u0103 \u00een subordinea Consiliului Jude\u021bean Cluj, cu sediul \u00een Municipiul Cluj-Napoca, str. Calea Doroban\u021bilor nr. 104, organizeaz\u0103, \u00een conformitate cu H.G. nr. 1336\/2022, concurs pentru ocuparea unui post contractual vacant unic, de Bibliotecar, studii superioare, gradul II, norm\u0103 \u00eentreag\u0103, durat\u0103 nedeterminat\u0103, \u00een cadrul Compartimentului&hellip; <br \/> <a class=\"read-more\" href=\"https:\/\/new.bjc.ro\/?page_id=10996\">Cite\u0219te mai mult<\/a><\/p>\n","protected":false},"author":2,"featured_media":0,"parent":0,"menu_order":0,"comment_status":"closed","ping_status":"closed","template":"","meta":{"_monsterinsights_skip_tracking":false,"_monsterinsights_sitenote_active":false,"_monsterinsights_sitenote_note":"","_monsterinsights_sitenote_category":0,"_EventAllDay":false,"_EventTimezone":"","_EventStartDate":"","_EventEndDate":"","_EventStartDateUTC":"","_EventEndDateUTC":"","_EventShowMap":false,"_EventShowMapLink":false,"_EventURL":"","_EventCost":"","_EventCostDescription":"","_EventCurrencySymbol":"","_EventCurrencyCode":"","_EventCurrencyPosition":"","_EventDateTimeSeparator":"","_EventTimeRangeSeparator":"","_EventOrganizerID":[],"_EventVenueID":[],"_OrganizerEmail":"","_OrganizerPhone":"","_OrganizerWebsite":"","_VenueAddress":"","_VenueCity":"","_VenueCountry":"","_VenueProvince":"","_VenueState":"","_VenueZip":"","_VenuePhone":"","_VenueURL":"","_VenueStateProvince":"","_VenueLat":"","_VenueLng":"","_VenueShowMap":false,"_VenueShowMapLink":false,"footnotes":""},"class_list":["post-10996","page","type-page","status-publish","hentry"],"yoast_head":"<!-- This site is optimized with the Yoast SEO plugin v24.6 - https:\/\/yoast.com\/wordpress\/plugins\/seo\/ -->\n<title>Concurs bibliotecar Filiala Grigorescu - Biblioteca Jude\u021bean\u0103 \u201eOctavian Goga\u201d Cluj<\/title>\n<meta name=\"robots\" content=\"index, follow, max-snippet:-1, max-image-preview:large, max-video-preview:-1\" \/>\n<link rel=\"canonical\" href=\"https:\/\/new.bjc.ro\/?page_id=10996\" \/>\n<meta property=\"og:locale\" content=\"ro_RO\" \/>\n<meta property=\"og:type\" content=\"article\" \/>\n<meta property=\"og:title\" content=\"Concurs bibliotecar Filiala Grigorescu - Biblioteca Jude\u021bean\u0103 \u201eOctavian Goga\u201d Cluj\" \/>\n<meta property=\"og:description\" content=\"Biblioteca Jude\u021bean\u0103 \u201eOctavian Goga\u201d Cluj, institu\u021bie aflat\u0103 \u00een subordinea Consiliului Jude\u021bean Cluj, cu sediul \u00een Municipiul Cluj-Napoca, str. Calea Doroban\u021bilor nr. 104, organizeaz\u0103, \u00een conformitate cu H.G. nr. 1336\/2022, concurs pentru ocuparea unui post contractual vacant unic, de Bibliotecar, studii superioare, gradul II, norm\u0103 \u00eentreag\u0103, durat\u0103 nedeterminat\u0103, \u00een cadrul Compartimentului&hellip; Cite\u0219te mai mult\" \/>\n<meta property=\"og:url\" content=\"https:\/\/new.bjc.ro\/?page_id=10996\" \/>\n<meta property=\"og:site_name\" content=\"Biblioteca Jude\u021bean\u0103 \u201eOctavian Goga\u201d Cluj\" \/>\n<meta property=\"article:publisher\" content=\"https:\/\/www.facebook.com\/bibliotecacluj\/\" \/>\n<meta property=\"article:modified_time\" content=\"2025-08-27T07:26:01+00:00\" \/>\n<meta property=\"og:image\" content=\"https:\/\/new.bjc.ro\/wp-content\/uploads\/2023\/01\/IMG_5597-1.jpg\" \/>\n\t<meta property=\"og:image:width\" content=\"2000\" \/>\n\t<meta property=\"og:image:height\" content=\"1333\" \/>\n\t<meta property=\"og:image:type\" content=\"image\/jpeg\" \/>\n<meta name=\"twitter:card\" content=\"summary_large_image\" \/>\n<meta name=\"twitter:site\" content=\"@BibliotecaGoga\" \/>\n<meta name=\"twitter:label1\" content=\"Timp estimat pentru citire\" \/>\n\t<meta name=\"twitter:data1\" content=\"1 minut\" \/>\n<script type=\"application\/ld+json\" class=\"yoast-schema-graph\">{\"@context\":\"https:\/\/schema.org\",\"@graph\":[{\"@type\":\"WebPage\",\"@id\":\"https:\/\/new.bjc.ro\/?page_id=10996\",\"url\":\"https:\/\/new.bjc.ro\/?page_id=10996\",\"name\":\"Concurs bibliotecar Filiala Grigorescu - Biblioteca Jude\u021bean\u0103 \u201eOctavian Goga\u201d Cluj\",\"isPartOf\":{\"@id\":\"https:\/\/new.bjc.ro\/#website\"},\"datePublished\":\"2025-08-12T10:48:25+00:00\",\"dateModified\":\"2025-08-27T07:26:01+00:00\",\"breadcrumb\":{\"@id\":\"https:\/\/new.bjc.ro\/?page_id=10996#breadcrumb\"},\"inLanguage\":\"ro-RO\",\"potentialAction\":[{\"@type\":\"ReadAction\",\"target\":[\"https:\/\/new.bjc.ro\/?page_id=10996\"]}]},{\"@type\":\"BreadcrumbList\",\"@id\":\"https:\/\/new.bjc.ro\/?page_id=10996#breadcrumb\",\"itemListElement\":[{\"@type\":\"ListItem\",\"position\":1,\"name\":\"Home\",\"item\":\"https:\/\/new.bjc.ro\/\"},{\"@type\":\"ListItem\",\"position\":2,\"name\":\"Concurs bibliotecar Filiala Grigorescu\"}]},{\"@type\":\"WebSite\",\"@id\":\"https:\/\/new.bjc.ro\/#website\",\"url\":\"https:\/\/new.bjc.ro\/\",\"name\":\"Biblioteca Jude\u021bean\u0103 \u201eOctavian Goga\u201d Cluj\",\"description\":\"\",\"publisher\":{\"@id\":\"https:\/\/new.bjc.ro\/#organization\"},\"alternateName\":\"Biblioteca Jude\u021bean\u0103 Cluj\",\"potentialAction\":[{\"@type\":\"SearchAction\",\"target\":{\"@type\":\"EntryPoint\",\"urlTemplate\":\"https:\/\/new.bjc.ro\/?s={search_term_string}\"},\"query-input\":{\"@type\":\"PropertyValueSpecification\",\"valueRequired\":true,\"valueName\":\"search_term_string\"}}],\"inLanguage\":\"ro-RO\"},{\"@type\":\"Organization\",\"@id\":\"https:\/\/new.bjc.ro\/#organization\",\"name\":\"Biblioteca Jude\u021bean\u0103 \u201eOctavian Goga\u201d Cluj\",\"url\":\"https:\/\/new.bjc.ro\/\",\"logo\":{\"@type\":\"ImageObject\",\"inLanguage\":\"ro-RO\",\"@id\":\"https:\/\/new.bjc.ro\/#\/schema\/logo\/image\/\",\"url\":\"https:\/\/new.bjc.ro\/wp-content\/uploads\/2023\/03\/sigle.jpg\",\"contentUrl\":\"https:\/\/new.bjc.ro\/wp-content\/uploads\/2023\/03\/sigle.jpg\",\"width\":630,\"height\":473,\"caption\":\"Biblioteca Jude\u021bean\u0103 \u201eOctavian Goga\u201d Cluj\"},\"image\":{\"@id\":\"https:\/\/new.bjc.ro\/#\/schema\/logo\/image\/\"},\"sameAs\":[\"https:\/\/www.facebook.com\/bibliotecacluj\/\",\"https:\/\/x.com\/BibliotecaGoga\",\"https:\/\/www.instagram.com\/biblioteca_judeteana_cluj\/\",\"https:\/\/www.youtube.com\/user\/BibliotecaGoga\"]}]}<\/script>\n<!-- \/ Yoast SEO plugin. -->","yoast_head_json":{"title":"Concurs bibliotecar Filiala Grigorescu - Biblioteca Jude\u021bean\u0103 \u201eOctavian Goga\u201d Cluj","robots":{"index":"index","follow":"follow","max-snippet":"max-snippet:-1","max-image-preview":"max-image-preview:large","max-video-preview":"max-video-preview:-1"},"canonical":"https:\/\/new.bjc.ro\/?page_id=10996","og_locale":"ro_RO","og_type":"article","og_title":"Concurs bibliotecar Filiala Grigorescu - Biblioteca Jude\u021bean\u0103 \u201eOctavian Goga\u201d Cluj","og_description":"Biblioteca Jude\u021bean\u0103 \u201eOctavian Goga\u201d Cluj, institu\u021bie aflat\u0103 \u00een subordinea Consiliului Jude\u021bean Cluj, cu sediul \u00een Municipiul Cluj-Napoca, str. Calea Doroban\u021bilor nr. 104, organizeaz\u0103, \u00een conformitate cu H.G. nr. 1336\/2022, concurs pentru ocuparea unui post contractual vacant unic, de Bibliotecar, studii superioare, gradul II, norm\u0103 \u00eentreag\u0103, durat\u0103 nedeterminat\u0103, \u00een cadrul Compartimentului&hellip; Cite\u0219te mai mult","og_url":"https:\/\/new.bjc.ro\/?page_id=10996","og_site_name":"Biblioteca Jude\u021bean\u0103 \u201eOctavian Goga\u201d Cluj","article_publisher":"https:\/\/www.facebook.com\/bibliotecacluj\/","article_modified_time":"2025-08-27T07:26:01+00:00","og_image":[{"width":2000,"height":1333,"url":"https:\/\/new.bjc.ro\/wp-content\/uploads\/2023\/01\/IMG_5597-1.jpg","type":"image\/jpeg"}],"twitter_card":"summary_large_image","twitter_site":"@BibliotecaGoga","twitter_misc":{"Timp estimat pentru citire":"1 minut"},"schema":{"@context":"https:\/\/schema.org","@graph":[{"@type":"WebPage","@id":"https:\/\/new.bjc.ro\/?page_id=10996","url":"https:\/\/new.bjc.ro\/?page_id=10996","name":"Concurs bibliotecar Filiala Grigorescu - Biblioteca Jude\u021bean\u0103 \u201eOctavian Goga\u201d Cluj","isPartOf":{"@id":"https:\/\/new.bjc.ro\/#website"},"datePublished":"2025-08-12T10:48:25+00:00","dateModified":"2025-08-27T07:26:01+00:00","breadcrumb":{"@id":"https:\/\/new.bjc.ro\/?page_id=10996#breadcrumb"},"inLanguage":"ro-RO","potentialAction":[{"@type":"ReadAction","target":["https:\/\/new.bjc.ro\/?page_id=10996"]}]},{"@type":"BreadcrumbList","@id":"https:\/\/new.bjc.ro\/?page_id=10996#breadcrumb","itemListElement":[{"@type":"ListItem","position":1,"name":"Home","item":"https:\/\/new.bjc.ro\/"},{"@type":"ListItem","position":2,"name":"Concurs bibliotecar Filiala Grigorescu"}]},{"@type":"WebSite","@id":"https:\/\/new.bjc.ro\/#website","url":"https:\/\/new.bjc.ro\/","name":"Biblioteca Jude\u021bean\u0103 \u201eOctavian Goga\u201d Cluj","description":"","publisher":{"@id":"https:\/\/new.bjc.ro\/#organization"},"alternateName":"Biblioteca Jude\u021bean\u0103 Cluj","potentialAction":[{"@type":"SearchAction","target":{"@type":"EntryPoint","urlTemplate":"https:\/\/new.bjc.ro\/?s={search_term_string}"},"query-input":{"@type":"PropertyValueSpecification","valueRequired":true,"valueName":"search_term_string"}}],"inLanguage":"ro-RO"},{"@type":"Organization","@id":"https:\/\/new.bjc.ro\/#organization","name":"Biblioteca Jude\u021bean\u0103 \u201eOctavian Goga\u201d Cluj","url":"https:\/\/new.bjc.ro\/","logo":{"@type":"ImageObject","inLanguage":"ro-RO","@id":"https:\/\/new.bjc.ro\/#\/schema\/logo\/image\/","url":"https:\/\/new.bjc.ro\/wp-content\/uploads\/2023\/03\/sigle.jpg","contentUrl":"https:\/\/new.bjc.ro\/wp-content\/uploads\/2023\/03\/sigle.jpg","width":630,"height":473,"caption":"Biblioteca Jude\u021bean\u0103 \u201eOctavian Goga\u201d Cluj"},"image":{"@id":"https:\/\/new.bjc.ro\/#\/schema\/logo\/image\/"},"sameAs":["https:\/\/www.facebook.com\/bibliotecacluj\/","https:\/\/x.com\/BibliotecaGoga","https:\/\/www.instagram.com\/biblioteca_judeteana_cluj\/","https:\/\/www.youtube.com\/user\/BibliotecaGoga"]}]}},"_links":{"self":[{"href":"https:\/\/new.bjc.ro\/index.php?rest_route=\/wp\/v2\/pages\/10996","targetHints":{"allow":["GET"]}}],"collection":[{"href":"https:\/\/new.bjc.ro\/index.php?rest_route=\/wp\/v2\/pages"}],"about":[{"href":"https:\/\/new.bjc.ro\/index.php?rest_route=\/wp\/v2\/types\/page"}],"author":[{"embeddable":true,"href":"https:\/\/new.bjc.ro\/index.php?rest_route=\/wp\/v2\/users\/2"}],"replies":[{"embeddable":true,"href":"https:\/\/new.bjc.ro\/index.php?rest_route=%2Fwp%2Fv2%2Fcomments&post=10996"}],"version-history":[{"count":7,"href":"https:\/\/new.bjc.ro\/index.php?rest_route=\/wp\/v2\/pages\/10996\/revisions"}],"predecessor-version":[{"id":11023,"href":"https:\/\/new.bjc.ro\/index.php?rest_route=\/wp\/v2\/pages\/10996\/revisions\/11023"}],"wp:attachment":[{"href":"https:\/\/new.bjc.ro\/index.php?rest_route=%2Fwp%2Fv2%2Fmedia&parent=10996"}],"curies":[{"name":"wp","href":"https:\/\/api.w.org\/{rel}","templated":true}]}}