{"id":1260,"date":"2022-09-13T11:13:09","date_gmt":"2022-09-13T11:13:09","guid":{"rendered":"https:\/\/new.bjc.ro\/?page_id=1260"},"modified":"2025-12-29T12:04:55","modified_gmt":"2025-12-29T10:04:55","slug":"servicii-contra-cost","status":"publish","type":"page","link":"https:\/\/new.bjc.ro\/?page_id=1260","title":{"rendered":"Servicii contra cost"},"content":{"rendered":"\r\n<ul class=\"wp-block-list\">\r\n<li>Eliberarea <em>Permisului de intrare<\/em> <em>RFID<\/em> (valabil 5 ani) la toate sec\u0163iile \u015fi filialele bibliotecii;\r\n<ul class=\"wp-block-list\">\r\n<li>pentru adul\u0163i <strong>25 lei\/legitima\u0163ie<\/strong>;<\/li>\r\n\r\n\r\n\r\n<li>pentru pre\u015fcolari, elevi, studen\u0163i<strong> 12 lei\/legitima\u0163ie<\/strong>;<\/li>\r\n<\/ul>\r\n<\/li>\r\n<\/ul>\r\n\r\n\r\n\r\n<p>NOT\u0102 * Pensionarii, \u015fomerii \u015fi persoanele cu dizabilit\u0103\u0163i sunt scuti\u0163i de plata tarifului pentru eliberarea Permisul de intrare.<\/p>\r\n\r\n\r\n\r\n<ul class=\"wp-block-list\">\r\n<li>Eliberarea <em>Permisului de intrare<\/em> <em>pe termen scurt<\/em> (o lun\u0103) la toate sec\u0163iile \u015fi filialele <strong>5 lei\/legitima\u0163ie<\/strong>;<\/li>\r\n\r\n\r\n\r\n<li>Eliberarea duplicatului <em>Permisului de intrare <\/em>(la solicitarea utilizatorului) pentru toate categoriile de utilizatori <strong>25 lei\/legitima\u0163ie<\/strong>;<\/li>\r\n<\/ul>\r\n\r\n\r\n\r\n<ul class=\"wp-block-list\">\r\n<li>\u00cemprumutul publica\u0163iilor peste prevederile Regulamentului de \u00eemprumut la toate sec\u0163iile de \u00eemprumut la domiciliu pentru <strong>adul\u0163i 0,5 lei\/zi\/titlu carte<\/strong>, iar pentru <strong>copii 0,3 lei\/zi\/titlu carte<\/strong>;<\/li>\r\n<\/ul>\r\n\r\n\r\n\r\n<ul class=\"wp-block-list\">\r\n<li>Imprimarea informa\u0163iei din bazele de date ale bibliotecii \u015fi de pe Internet <strong>0,3 lei\/pagin\u0103<\/strong>\u00a0sau <strong>0,50 lei fa\u0163\u0103-verso (A4)<\/strong>;<\/li>\r\n\r\n\r\n\r\n<li>Efectuarea de copii xerox dup\u0103 documentele existente \u00een colec\u0163iile bibliotecii <strong>0,30 lei\/pagin\u0103<\/strong> sau <strong>0,50 lei fa\u0163\u0103-verso (A4)<\/strong>;\r\n<ul class=\"wp-block-list\">\r\n<li>Sediul central (Sala de referin\u0163e);<\/li>\r\n\r\n\r\n\r\n<li>Filiala &#8222;Traian Brad&#8221;.<\/li>\r\n<\/ul>\r\n<\/li>\r\n\r\n\r\n\r\n<li>Efectuarea de copii xerox dup\u0103 documentele existente \u00een colec\u0163iile bibliotecii <strong>0,50 lei\/pagin\u0103<\/strong> sau <strong>1,00 leu fa\u0163\u0103-verso (A3)<\/strong>;\r\n<ul class=\"wp-block-list\">\r\n<li>Sediul central (Sala de referin\u0163e);<\/li>\r\n<\/ul>\r\n<\/li>\r\n<\/ul>\r\n\r\n\r\n\r\n<ul class=\"wp-block-list\">\r\n<li>Scanarea de documente existente \u00een colec\u021biile bibliotecii <strong>1 leu\/pagin\u0103<\/strong>.<\/li>\r\n<\/ul>\r\n\r\n\r\n\r\n<ul class=\"wp-block-list\">\r\n<li>Elaborarea bibliografiilor la cerere care r\u0103m\u00e2n \u00een posesia solicitantului la Compartimentul Bibliografic (Sediul central).\r\n<ul class=\"wp-block-list\">\r\n<li>Elevi<strong> 1,00 leu\/titlu<\/strong>;<\/li>\r\n\r\n\r\n\r\n<li>Studen\u0163ii<strong> 1,00 lei\/titlu<\/strong>;<\/li>\r\n\r\n\r\n\r\n<li>Alte categorii de utilizatori <strong>2,00 lei\/titlu<\/strong>;<\/li>\r\n<\/ul>\r\n<\/li>\r\n\r\n\r\n\r\n\r\n\r\n\r\n\r\n<li>Utilizarea spa\u0163iului din holul bibliotecii pentru expozi\u0163ii, evenimente culturale, manifest\u0103ri (f\u0103r\u0103 alte facilit\u0103\u0163i) <strong>80 lei\/zi<\/strong>;<\/li>\r\n<li>Utilizarea spa\u0163iului din holul bibliotecii pentru lansare de carte sau alte manifest\u0103ri culturale, f\u0103r\u0103 asigurarea sonoriz\u0103rii<strong> 60 lei\/or\u0103<\/strong>;<\/li>\r\n<li>Utilizarea spa\u0163iului \u00een sala cu suprafa\u0163a peste 50 mp <strong>50 lei\/or\u0103<\/strong>;<\/li>\r\n<li>Utilizarea spa\u0163iului \u00een sala cu suprafa\u0163a \u00eentre 20-50 mp<strong> 20 lei\/or\u0103<\/strong>;<\/li>\r\n<\/ul>\r\n\r\n\r\n\r\n<ul class=\"wp-block-list\">\r\n\r\n<\/ul>\r\n\r\n\r\n\r\n<ul class=\"wp-block-list\">\r\n\r\n\r\n<li>Asigurarea logisticii (sonorizare \u0219i echipamente proiec\u021bie video) \u0219i cur\u0103\u021beniei \u00een spa\u021biile utilizate\/or\u0103 <strong>35 lei\/or\u0103;<\/strong><\/li>\r\n<li>Asigurarea logisticii (echipamente proiec\u021bie video) \u0219i cur\u0103\u021beniei \u00een spa\u021biile utilizate\/or\u0103 <strong>20\u00a0lei\/or\u0103<\/strong>;<\/li>\r\n<li>Asigurarea logisticii (flipchart) \u0219i cur\u0103\u021beniei \u00een spa\u021biile utilizate\/or\u0103 <strong>15,00 lei\/or\u0103<\/strong>;<\/li>\r\n<\/ul>\r\n<p>&nbsp;<\/p>\r\n<ul>\r\n<li>Eliberarea duplicatului Cardului de acces \u00een sala de studiu (\u00een caz de pierdere sau deteriorare) <strong>10.00<\/strong> lei.<\/li>\r\n<\/ul>\r\n\r\n\r\n\r\n<ul class=\"wp-block-list\"><\/ul>\r\n\r\n\r\n\r\n<p><a href=\"\/\/new.bjc.ro\/wp-content\/uploads\/2025\/12\/Hotarare-220_22.12.2025.pdf\">Hot\u0103r\u00e2rea nr. 220\/22.12.2025<\/a> \u0219i <a href=\"https:\/\/new.bjc.ro\/wp-content\/uploads\/2025\/12\/Taxe-si-Tarife-2026.pdf\">Anexa la Hot\u0103r\u00e2rea nr. 220\/2025<\/a> privind avizarea tarifelor pentru servicii prestate utilizatorilor pentru anul fiscal 2026.<\/p>\r\n","protected":false},"excerpt":{"rendered":"<p>NOT\u0102 * Pensionarii, \u015fomerii \u015fi persoanele cu dizabilit\u0103\u0163i sunt scuti\u0163i de plata tarifului pentru eliberarea Permisul de intrare. Hot\u0103r\u00e2rea nr. 220\/22.12.2025 \u0219i Anexa la Hot\u0103r\u00e2rea nr. 220\/2025 privind avizarea tarifelor pentru servicii prestate utilizatorilor pentru anul fiscal 2026.<\/p>\n","protected":false},"author":1,"featured_media":0,"parent":0,"menu_order":0,"comment_status":"closed","ping_status":"closed","template":"","meta":{"_monsterinsights_skip_tracking":false,"_monsterinsights_sitenote_active":false,"_monsterinsights_sitenote_note":"","_monsterinsights_sitenote_category":0,"_EventAllDay":false,"_EventTimezone":"","_EventStartDate":"","_EventEndDate":"","_EventStartDateUTC":"","_EventEndDateUTC":"","_EventShowMap":false,"_EventShowMapLink":false,"_EventURL":"","_EventCost":"","_EventCostDescription":"","_EventCurrencySymbol":"","_EventCurrencyCode":"","_EventCurrencyPosition":"","_EventDateTimeSeparator":"","_EventTimeRangeSeparator":"","_EventOrganizerID":[],"_EventVenueID":[],"_OrganizerEmail":"","_OrganizerPhone":"","_OrganizerWebsite":"","_VenueAddress":"","_VenueCity":"","_VenueCountry":"","_VenueProvince":"","_VenueState":"","_VenueZip":"","_VenuePhone":"","_VenueURL":"","_VenueStateProvince":"","_VenueLat":"","_VenueLng":"","_VenueShowMap":false,"_VenueShowMapLink":false,"footnotes":""},"class_list":["post-1260","page","type-page","status-publish","hentry"],"yoast_head":"<!-- This site is optimized with the Yoast SEO plugin v24.6 - https:\/\/yoast.com\/wordpress\/plugins\/seo\/ -->\n<title>Servicii contra cost - Biblioteca Jude\u021bean\u0103 \u201eOctavian Goga\u201d Cluj<\/title>\n<meta name=\"description\" content=\"Eliberarea permisului de intrare la bibliotec\u0103, imprimare, scanare, elaborarea de bibliografii la cerere, \u00eenchiriere de spa\u021bii\" \/>\n<meta name=\"robots\" content=\"index, follow, max-snippet:-1, max-image-preview:large, max-video-preview:-1\" \/>\n<link rel=\"canonical\" href=\"https:\/\/new.bjc.ro\/?page_id=1260\" \/>\n<meta property=\"og:locale\" content=\"ro_RO\" \/>\n<meta property=\"og:type\" content=\"article\" \/>\n<meta property=\"og:title\" content=\"Servicii contra cost - Biblioteca Jude\u021bean\u0103 \u201eOctavian Goga\u201d Cluj\" \/>\n<meta property=\"og:description\" content=\"Eliberarea permisului de intrare la bibliotec\u0103, imprimare, scanare, elaborarea de bibliografii la cerere, \u00eenchiriere de spa\u021bii\" \/>\n<meta property=\"og:url\" content=\"https:\/\/new.bjc.ro\/?page_id=1260\" \/>\n<meta property=\"og:site_name\" content=\"Biblioteca Jude\u021bean\u0103 \u201eOctavian Goga\u201d Cluj\" \/>\n<meta property=\"article:publisher\" content=\"https:\/\/www.facebook.com\/bibliotecacluj\/\" \/>\n<meta property=\"article:modified_time\" content=\"2025-12-29T10:04:55+00:00\" \/>\n<meta property=\"og:image\" content=\"https:\/\/new.bjc.ro\/wp-content\/uploads\/2023\/01\/IMG_5597-1.jpg\" \/>\n\t<meta property=\"og:image:width\" content=\"2000\" \/>\n\t<meta property=\"og:image:height\" content=\"1333\" \/>\n\t<meta property=\"og:image:type\" content=\"image\/jpeg\" \/>\n<meta name=\"twitter:card\" content=\"summary_large_image\" \/>\n<meta name=\"twitter:site\" content=\"@BibliotecaGoga\" \/>\n<meta name=\"twitter:label1\" content=\"Timp estimat pentru citire\" \/>\n\t<meta name=\"twitter:data1\" content=\"2 minute\" \/>\n<script type=\"application\/ld+json\" class=\"yoast-schema-graph\">{\"@context\":\"https:\/\/schema.org\",\"@graph\":[{\"@type\":\"WebPage\",\"@id\":\"https:\/\/new.bjc.ro\/?page_id=1260\",\"url\":\"https:\/\/new.bjc.ro\/?page_id=1260\",\"name\":\"Servicii contra cost - Biblioteca Jude\u021bean\u0103 \u201eOctavian Goga\u201d Cluj\",\"isPartOf\":{\"@id\":\"https:\/\/new.bjc.ro\/#website\"},\"datePublished\":\"2022-09-13T11:13:09+00:00\",\"dateModified\":\"2025-12-29T10:04:55+00:00\",\"description\":\"Eliberarea permisului de intrare la bibliotec\u0103, imprimare, scanare, elaborarea de bibliografii la cerere, \u00eenchiriere de spa\u021bii\",\"breadcrumb\":{\"@id\":\"https:\/\/new.bjc.ro\/?page_id=1260#breadcrumb\"},\"inLanguage\":\"ro-RO\",\"potentialAction\":[{\"@type\":\"ReadAction\",\"target\":[\"https:\/\/new.bjc.ro\/?page_id=1260\"]}]},{\"@type\":\"BreadcrumbList\",\"@id\":\"https:\/\/new.bjc.ro\/?page_id=1260#breadcrumb\",\"itemListElement\":[{\"@type\":\"ListItem\",\"position\":1,\"name\":\"Home\",\"item\":\"https:\/\/new.bjc.ro\/\"},{\"@type\":\"ListItem\",\"position\":2,\"name\":\"Servicii contra cost\"}]},{\"@type\":\"WebSite\",\"@id\":\"https:\/\/new.bjc.ro\/#website\",\"url\":\"https:\/\/new.bjc.ro\/\",\"name\":\"Biblioteca Jude\u021bean\u0103 \u201eOctavian Goga\u201d Cluj\",\"description\":\"\",\"publisher\":{\"@id\":\"https:\/\/new.bjc.ro\/#organization\"},\"alternateName\":\"Biblioteca Jude\u021bean\u0103 Cluj\",\"potentialAction\":[{\"@type\":\"SearchAction\",\"target\":{\"@type\":\"EntryPoint\",\"urlTemplate\":\"https:\/\/new.bjc.ro\/?s={search_term_string}\"},\"query-input\":{\"@type\":\"PropertyValueSpecification\",\"valueRequired\":true,\"valueName\":\"search_term_string\"}}],\"inLanguage\":\"ro-RO\"},{\"@type\":\"Organization\",\"@id\":\"https:\/\/new.bjc.ro\/#organization\",\"name\":\"Biblioteca Jude\u021bean\u0103 \u201eOctavian Goga\u201d Cluj\",\"url\":\"https:\/\/new.bjc.ro\/\",\"logo\":{\"@type\":\"ImageObject\",\"inLanguage\":\"ro-RO\",\"@id\":\"https:\/\/new.bjc.ro\/#\/schema\/logo\/image\/\",\"url\":\"https:\/\/new.bjc.ro\/wp-content\/uploads\/2023\/03\/sigle.jpg\",\"contentUrl\":\"https:\/\/new.bjc.ro\/wp-content\/uploads\/2023\/03\/sigle.jpg\",\"width\":630,\"height\":473,\"caption\":\"Biblioteca Jude\u021bean\u0103 \u201eOctavian Goga\u201d Cluj\"},\"image\":{\"@id\":\"https:\/\/new.bjc.ro\/#\/schema\/logo\/image\/\"},\"sameAs\":[\"https:\/\/www.facebook.com\/bibliotecacluj\/\",\"https:\/\/x.com\/BibliotecaGoga\",\"https:\/\/www.instagram.com\/biblioteca_judeteana_cluj\/\",\"https:\/\/www.youtube.com\/user\/BibliotecaGoga\"]}]}<\/script>\n<!-- \/ Yoast SEO plugin. -->","yoast_head_json":{"title":"Servicii contra cost - Biblioteca Jude\u021bean\u0103 \u201eOctavian Goga\u201d Cluj","description":"Eliberarea permisului de intrare la bibliotec\u0103, imprimare, scanare, elaborarea de bibliografii la cerere, \u00eenchiriere de spa\u021bii","robots":{"index":"index","follow":"follow","max-snippet":"max-snippet:-1","max-image-preview":"max-image-preview:large","max-video-preview":"max-video-preview:-1"},"canonical":"https:\/\/new.bjc.ro\/?page_id=1260","og_locale":"ro_RO","og_type":"article","og_title":"Servicii contra cost - Biblioteca Jude\u021bean\u0103 \u201eOctavian Goga\u201d Cluj","og_description":"Eliberarea permisului de intrare la bibliotec\u0103, imprimare, scanare, elaborarea de bibliografii la cerere, \u00eenchiriere de spa\u021bii","og_url":"https:\/\/new.bjc.ro\/?page_id=1260","og_site_name":"Biblioteca Jude\u021bean\u0103 \u201eOctavian Goga\u201d Cluj","article_publisher":"https:\/\/www.facebook.com\/bibliotecacluj\/","article_modified_time":"2025-12-29T10:04:55+00:00","og_image":[{"width":2000,"height":1333,"url":"https:\/\/new.bjc.ro\/wp-content\/uploads\/2023\/01\/IMG_5597-1.jpg","type":"image\/jpeg"}],"twitter_card":"summary_large_image","twitter_site":"@BibliotecaGoga","twitter_misc":{"Timp estimat pentru citire":"2 minute"},"schema":{"@context":"https:\/\/schema.org","@graph":[{"@type":"WebPage","@id":"https:\/\/new.bjc.ro\/?page_id=1260","url":"https:\/\/new.bjc.ro\/?page_id=1260","name":"Servicii contra cost - Biblioteca Jude\u021bean\u0103 \u201eOctavian Goga\u201d Cluj","isPartOf":{"@id":"https:\/\/new.bjc.ro\/#website"},"datePublished":"2022-09-13T11:13:09+00:00","dateModified":"2025-12-29T10:04:55+00:00","description":"Eliberarea permisului de intrare la bibliotec\u0103, imprimare, scanare, elaborarea de bibliografii la cerere, \u00eenchiriere de spa\u021bii","breadcrumb":{"@id":"https:\/\/new.bjc.ro\/?page_id=1260#breadcrumb"},"inLanguage":"ro-RO","potentialAction":[{"@type":"ReadAction","target":["https:\/\/new.bjc.ro\/?page_id=1260"]}]},{"@type":"BreadcrumbList","@id":"https:\/\/new.bjc.ro\/?page_id=1260#breadcrumb","itemListElement":[{"@type":"ListItem","position":1,"name":"Home","item":"https:\/\/new.bjc.ro\/"},{"@type":"ListItem","position":2,"name":"Servicii contra cost"}]},{"@type":"WebSite","@id":"https:\/\/new.bjc.ro\/#website","url":"https:\/\/new.bjc.ro\/","name":"Biblioteca Jude\u021bean\u0103 \u201eOctavian Goga\u201d Cluj","description":"","publisher":{"@id":"https:\/\/new.bjc.ro\/#organization"},"alternateName":"Biblioteca Jude\u021bean\u0103 Cluj","potentialAction":[{"@type":"SearchAction","target":{"@type":"EntryPoint","urlTemplate":"https:\/\/new.bjc.ro\/?s={search_term_string}"},"query-input":{"@type":"PropertyValueSpecification","valueRequired":true,"valueName":"search_term_string"}}],"inLanguage":"ro-RO"},{"@type":"Organization","@id":"https:\/\/new.bjc.ro\/#organization","name":"Biblioteca Jude\u021bean\u0103 \u201eOctavian Goga\u201d Cluj","url":"https:\/\/new.bjc.ro\/","logo":{"@type":"ImageObject","inLanguage":"ro-RO","@id":"https:\/\/new.bjc.ro\/#\/schema\/logo\/image\/","url":"https:\/\/new.bjc.ro\/wp-content\/uploads\/2023\/03\/sigle.jpg","contentUrl":"https:\/\/new.bjc.ro\/wp-content\/uploads\/2023\/03\/sigle.jpg","width":630,"height":473,"caption":"Biblioteca Jude\u021bean\u0103 \u201eOctavian Goga\u201d Cluj"},"image":{"@id":"https:\/\/new.bjc.ro\/#\/schema\/logo\/image\/"},"sameAs":["https:\/\/www.facebook.com\/bibliotecacluj\/","https:\/\/x.com\/BibliotecaGoga","https:\/\/www.instagram.com\/biblioteca_judeteana_cluj\/","https:\/\/www.youtube.com\/user\/BibliotecaGoga"]}]}},"_links":{"self":[{"href":"https:\/\/new.bjc.ro\/index.php?rest_route=\/wp\/v2\/pages\/1260","targetHints":{"allow":["GET"]}}],"collection":[{"href":"https:\/\/new.bjc.ro\/index.php?rest_route=\/wp\/v2\/pages"}],"about":[{"href":"https:\/\/new.bjc.ro\/index.php?rest_route=\/wp\/v2\/types\/page"}],"author":[{"embeddable":true,"href":"https:\/\/new.bjc.ro\/index.php?rest_route=\/wp\/v2\/users\/1"}],"replies":[{"embeddable":true,"href":"https:\/\/new.bjc.ro\/index.php?rest_route=%2Fwp%2Fv2%2Fcomments&post=1260"}],"version-history":[{"count":59,"href":"https:\/\/new.bjc.ro\/index.php?rest_route=\/wp\/v2\/pages\/1260\/revisions"}],"predecessor-version":[{"id":11607,"href":"https:\/\/new.bjc.ro\/index.php?rest_route=\/wp\/v2\/pages\/1260\/revisions\/11607"}],"wp:attachment":[{"href":"https:\/\/new.bjc.ro\/index.php?rest_route=%2Fwp%2Fv2%2Fmedia&parent=1260"}],"curies":[{"name":"wp","href":"https:\/\/api.w.org\/{rel}","templated":true}]}}