{"id":211,"date":"2022-08-09T09:49:50","date_gmt":"2022-08-09T09:49:50","guid":{"rendered":"https:\/\/new.bjc.ro\/?page_id=211"},"modified":"2024-11-01T13:40:01","modified_gmt":"2024-11-01T11:40:01","slug":"fondul-emil-isac","status":"publish","type":"page","link":"https:\/\/new.bjc.ro\/?page_id=211","title":{"rendered":"Fondul Emil Isac"},"content":{"rendered":"\n<p><strong>Emil Isac <\/strong>(1886 &#8211; 1954)<\/p>\n\n\n\n<div class=\"wp-block-media-text alignwide is-stacked-on-mobile\" style=\"grid-template-columns:18% auto\"><figure class=\"wp-block-media-text__media\"><a href=\"https:\/\/new.bjc.ro\/wp-content\/uploads\/2022\/09\/emil_isac.jpg\"><img loading=\"lazy\" decoding=\"async\" width=\"660\" height=\"1042\" src=\"https:\/\/new.bjc.ro\/wp-content\/uploads\/2022\/09\/emil_isac.jpg\" alt=\"\" class=\"wp-image-1177 size-full\"\/><\/a><\/figure><div class=\"wp-block-media-text__content\">\n<ul class=\"wp-block-list\">\n<li>Poet rom\u00e2n. Exponent al literaturii progresiste din Transilvania din prima jum\u0103tate a sec. al XX-lea.<\/li>\n\n\n\n<li>A locuit&nbsp;o mare parte din via\u021ba sa \u00een ora\u0219ul Cluj.<\/li>\n\n\n\n<li>A debutat \u00een 1902 \u00een revista \u201eFamilia&#8221; apoi a colaborat la \u201eVia\u021ba nou\u0103&#8221;, \u201eNoua revist\u0103 rom\u00e2n\u0103&#8221;, \u201eRom\u00e2nia muncitoare&#8221;, \u201eCuv\u00e2ntul liber&#8221;, \u201eVia\u021ba rom\u00e2neasc\u0103&#8221; etc.<\/li>\n\n\n\n<li>Dup\u0103 moartea sa, \u00een 1954, a fost&nbsp;deschis un muzeu \u00een casa sa din ora\u0219, dedicat vie\u021bii poetului \u0219i lucr\u0103rilor sale, precum \u0219i tat\u0103lui s\u0103u, memorandistul Aurel Isac.<\/li>\n<\/ul>\n\n\n\n<p><\/p>\n<\/div><\/div>\n\n\n\n<p><\/p>\n\n\n\n<p>\u00cen anul 2001 toate bunurile muzeului au intrat \u00een patrimoniul Bibliotecii Jude\u021bene \u201eOctavian Goga&#8221; Cluj.<br>Fondul de&nbsp;documente cuprinde 1700 volume de carte&nbsp;\u00een rom\u00e2n\u0103, maghiar\u0103 \u0219i alte limbi, multe dintre ele purt\u00e2nd dedica\u021biile autorilor respectivi, precum \u0219i fotografii, manuscrise, coresponden\u021b\u0103, t\u0103ieturi din ziare.<\/p>\n\n\n\n<p><a href=\"https:\/\/bjc.emilisac.qulto.eu\/\">Pagina proiectului Emil Isac &#8211; muzeul din bibliotec\u0103<\/a><\/p>\n","protected":false},"excerpt":{"rendered":"<p>Emil Isac (1886 &#8211; 1954) \u00cen anul 2001 toate bunurile muzeului au intrat \u00een patrimoniul Bibliotecii Jude\u021bene \u201eOctavian Goga&#8221; Cluj.Fondul de&nbsp;documente cuprinde 1700 volume de carte&nbsp;\u00een rom\u00e2n\u0103, maghiar\u0103 \u0219i alte limbi, multe dintre ele purt\u00e2nd dedica\u021biile autorilor respectivi, precum \u0219i fotografii, manuscrise, coresponden\u021b\u0103, t\u0103ieturi din ziare. Pagina proiectului Emil Isac&hellip; <br \/> <a class=\"read-more\" href=\"https:\/\/new.bjc.ro\/?page_id=211\">Cite\u0219te mai mult<\/a><\/p>\n","protected":false},"author":1,"featured_media":0,"parent":0,"menu_order":0,"comment_status":"closed","ping_status":"closed","template":"","meta":{"_monsterinsights_skip_tracking":false,"_monsterinsights_sitenote_active":false,"_monsterinsights_sitenote_note":"","_monsterinsights_sitenote_category":0,"_EventAllDay":false,"_EventTimezone":"","_EventStartDate":"","_EventEndDate":"","_EventStartDateUTC":"","_EventEndDateUTC":"","_EventShowMap":false,"_EventShowMapLink":false,"_EventURL":"","_EventCost":"","_EventCostDescription":"","_EventCurrencySymbol":"","_EventCurrencyCode":"","_EventCurrencyPosition":"","_EventDateTimeSeparator":"","_EventTimeRangeSeparator":"","_EventOrganizerID":[],"_EventVenueID":[],"_OrganizerEmail":"","_OrganizerPhone":"","_OrganizerWebsite":"","_VenueAddress":"","_VenueCity":"","_VenueCountry":"","_VenueProvince":"","_VenueState":"","_VenueZip":"","_VenuePhone":"","_VenueURL":"","_VenueStateProvince":"","_VenueLat":"","_VenueLng":"","_VenueShowMap":false,"_VenueShowMapLink":false,"footnotes":""},"class_list":["post-211","page","type-page","status-publish","hentry"],"yoast_head":"<!-- This site is optimized with the Yoast SEO plugin v24.6 - https:\/\/yoast.com\/wordpress\/plugins\/seo\/ -->\n<title>Fondul Emil Isac - Biblioteca Jude\u021bean\u0103 \u201eOctavian Goga\u201d Cluj<\/title>\n<meta name=\"description\" content=\"Emil Isac, biobibliografie, fondul de arhiv\u0103, colec\u021bia de fotografii, documente de coresponden\u021b\u0103, articole din pres\u0103\" \/>\n<meta name=\"robots\" content=\"index, follow, max-snippet:-1, max-image-preview:large, max-video-preview:-1\" \/>\n<link rel=\"canonical\" href=\"https:\/\/new.bjc.ro\/?page_id=211\" \/>\n<meta property=\"og:locale\" content=\"ro_RO\" \/>\n<meta property=\"og:type\" content=\"article\" \/>\n<meta property=\"og:title\" content=\"Fondul Emil Isac - Biblioteca Jude\u021bean\u0103 \u201eOctavian Goga\u201d Cluj\" \/>\n<meta property=\"og:description\" content=\"Emil Isac, biobibliografie, fondul de arhiv\u0103, colec\u021bia de fotografii, documente de coresponden\u021b\u0103, articole din pres\u0103\" \/>\n<meta property=\"og:url\" content=\"https:\/\/new.bjc.ro\/?page_id=211\" \/>\n<meta property=\"og:site_name\" content=\"Biblioteca Jude\u021bean\u0103 \u201eOctavian Goga\u201d Cluj\" \/>\n<meta property=\"article:publisher\" content=\"https:\/\/www.facebook.com\/bibliotecacluj\/\" \/>\n<meta property=\"article:modified_time\" content=\"2024-11-01T11:40:01+00:00\" \/>\n<meta property=\"og:image\" content=\"https:\/\/new.bjc.ro\/wp-content\/uploads\/2022\/09\/emil_isac.jpg\" \/>\n<meta name=\"twitter:card\" content=\"summary_large_image\" \/>\n<meta name=\"twitter:site\" content=\"@BibliotecaGoga\" \/>\n<meta name=\"twitter:label1\" content=\"Timp estimat pentru citire\" \/>\n\t<meta name=\"twitter:data1\" content=\"2 minute\" \/>\n<script type=\"application\/ld+json\" class=\"yoast-schema-graph\">{\"@context\":\"https:\/\/schema.org\",\"@graph\":[{\"@type\":\"WebPage\",\"@id\":\"https:\/\/new.bjc.ro\/?page_id=211\",\"url\":\"https:\/\/new.bjc.ro\/?page_id=211\",\"name\":\"Fondul Emil Isac - Biblioteca Jude\u021bean\u0103 \u201eOctavian Goga\u201d Cluj\",\"isPartOf\":{\"@id\":\"https:\/\/new.bjc.ro\/#website\"},\"primaryImageOfPage\":{\"@id\":\"https:\/\/new.bjc.ro\/?page_id=211#primaryimage\"},\"image\":{\"@id\":\"https:\/\/new.bjc.ro\/?page_id=211#primaryimage\"},\"thumbnailUrl\":\"https:\/\/new.bjc.ro\/wp-content\/uploads\/2022\/09\/emil_isac.jpg\",\"datePublished\":\"2022-08-09T09:49:50+00:00\",\"dateModified\":\"2024-11-01T11:40:01+00:00\",\"description\":\"Emil Isac, biobibliografie, fondul de arhiv\u0103, colec\u021bia de fotografii, documente de coresponden\u021b\u0103, articole din pres\u0103\",\"breadcrumb\":{\"@id\":\"https:\/\/new.bjc.ro\/?page_id=211#breadcrumb\"},\"inLanguage\":\"ro-RO\",\"potentialAction\":[{\"@type\":\"ReadAction\",\"target\":[\"https:\/\/new.bjc.ro\/?page_id=211\"]}]},{\"@type\":\"ImageObject\",\"inLanguage\":\"ro-RO\",\"@id\":\"https:\/\/new.bjc.ro\/?page_id=211#primaryimage\",\"url\":\"https:\/\/new.bjc.ro\/wp-content\/uploads\/2022\/09\/emil_isac.jpg\",\"contentUrl\":\"https:\/\/new.bjc.ro\/wp-content\/uploads\/2022\/09\/emil_isac.jpg\"},{\"@type\":\"BreadcrumbList\",\"@id\":\"https:\/\/new.bjc.ro\/?page_id=211#breadcrumb\",\"itemListElement\":[{\"@type\":\"ListItem\",\"position\":1,\"name\":\"Home\",\"item\":\"https:\/\/new.bjc.ro\/\"},{\"@type\":\"ListItem\",\"position\":2,\"name\":\"Fondul Emil Isac\"}]},{\"@type\":\"WebSite\",\"@id\":\"https:\/\/new.bjc.ro\/#website\",\"url\":\"https:\/\/new.bjc.ro\/\",\"name\":\"Biblioteca Jude\u021bean\u0103 \u201eOctavian Goga\u201d Cluj\",\"description\":\"\",\"publisher\":{\"@id\":\"https:\/\/new.bjc.ro\/#organization\"},\"alternateName\":\"Biblioteca Jude\u021bean\u0103 Cluj\",\"potentialAction\":[{\"@type\":\"SearchAction\",\"target\":{\"@type\":\"EntryPoint\",\"urlTemplate\":\"https:\/\/new.bjc.ro\/?s={search_term_string}\"},\"query-input\":{\"@type\":\"PropertyValueSpecification\",\"valueRequired\":true,\"valueName\":\"search_term_string\"}}],\"inLanguage\":\"ro-RO\"},{\"@type\":\"Organization\",\"@id\":\"https:\/\/new.bjc.ro\/#organization\",\"name\":\"Biblioteca Jude\u021bean\u0103 \u201eOctavian Goga\u201d Cluj\",\"url\":\"https:\/\/new.bjc.ro\/\",\"logo\":{\"@type\":\"ImageObject\",\"inLanguage\":\"ro-RO\",\"@id\":\"https:\/\/new.bjc.ro\/#\/schema\/logo\/image\/\",\"url\":\"https:\/\/new.bjc.ro\/wp-content\/uploads\/2023\/03\/sigle.jpg\",\"contentUrl\":\"https:\/\/new.bjc.ro\/wp-content\/uploads\/2023\/03\/sigle.jpg\",\"width\":630,\"height\":473,\"caption\":\"Biblioteca Jude\u021bean\u0103 \u201eOctavian Goga\u201d Cluj\"},\"image\":{\"@id\":\"https:\/\/new.bjc.ro\/#\/schema\/logo\/image\/\"},\"sameAs\":[\"https:\/\/www.facebook.com\/bibliotecacluj\/\",\"https:\/\/x.com\/BibliotecaGoga\",\"https:\/\/www.instagram.com\/biblioteca_judeteana_cluj\/\",\"https:\/\/www.youtube.com\/user\/BibliotecaGoga\"]}]}<\/script>\n<!-- \/ Yoast SEO plugin. -->","yoast_head_json":{"title":"Fondul Emil Isac - Biblioteca Jude\u021bean\u0103 \u201eOctavian Goga\u201d Cluj","description":"Emil Isac, biobibliografie, fondul de arhiv\u0103, colec\u021bia de fotografii, documente de coresponden\u021b\u0103, articole din pres\u0103","robots":{"index":"index","follow":"follow","max-snippet":"max-snippet:-1","max-image-preview":"max-image-preview:large","max-video-preview":"max-video-preview:-1"},"canonical":"https:\/\/new.bjc.ro\/?page_id=211","og_locale":"ro_RO","og_type":"article","og_title":"Fondul Emil Isac - Biblioteca Jude\u021bean\u0103 \u201eOctavian Goga\u201d Cluj","og_description":"Emil Isac, biobibliografie, fondul de arhiv\u0103, colec\u021bia de fotografii, documente de coresponden\u021b\u0103, articole din pres\u0103","og_url":"https:\/\/new.bjc.ro\/?page_id=211","og_site_name":"Biblioteca Jude\u021bean\u0103 \u201eOctavian Goga\u201d Cluj","article_publisher":"https:\/\/www.facebook.com\/bibliotecacluj\/","article_modified_time":"2024-11-01T11:40:01+00:00","og_image":[{"url":"https:\/\/new.bjc.ro\/wp-content\/uploads\/2022\/09\/emil_isac.jpg","type":"","width":"","height":""}],"twitter_card":"summary_large_image","twitter_site":"@BibliotecaGoga","twitter_misc":{"Timp estimat pentru citire":"2 minute"},"schema":{"@context":"https:\/\/schema.org","@graph":[{"@type":"WebPage","@id":"https:\/\/new.bjc.ro\/?page_id=211","url":"https:\/\/new.bjc.ro\/?page_id=211","name":"Fondul Emil Isac - Biblioteca Jude\u021bean\u0103 \u201eOctavian Goga\u201d Cluj","isPartOf":{"@id":"https:\/\/new.bjc.ro\/#website"},"primaryImageOfPage":{"@id":"https:\/\/new.bjc.ro\/?page_id=211#primaryimage"},"image":{"@id":"https:\/\/new.bjc.ro\/?page_id=211#primaryimage"},"thumbnailUrl":"https:\/\/new.bjc.ro\/wp-content\/uploads\/2022\/09\/emil_isac.jpg","datePublished":"2022-08-09T09:49:50+00:00","dateModified":"2024-11-01T11:40:01+00:00","description":"Emil Isac, biobibliografie, fondul de arhiv\u0103, colec\u021bia de fotografii, documente de coresponden\u021b\u0103, articole din pres\u0103","breadcrumb":{"@id":"https:\/\/new.bjc.ro\/?page_id=211#breadcrumb"},"inLanguage":"ro-RO","potentialAction":[{"@type":"ReadAction","target":["https:\/\/new.bjc.ro\/?page_id=211"]}]},{"@type":"ImageObject","inLanguage":"ro-RO","@id":"https:\/\/new.bjc.ro\/?page_id=211#primaryimage","url":"https:\/\/new.bjc.ro\/wp-content\/uploads\/2022\/09\/emil_isac.jpg","contentUrl":"https:\/\/new.bjc.ro\/wp-content\/uploads\/2022\/09\/emil_isac.jpg"},{"@type":"BreadcrumbList","@id":"https:\/\/new.bjc.ro\/?page_id=211#breadcrumb","itemListElement":[{"@type":"ListItem","position":1,"name":"Home","item":"https:\/\/new.bjc.ro\/"},{"@type":"ListItem","position":2,"name":"Fondul Emil Isac"}]},{"@type":"WebSite","@id":"https:\/\/new.bjc.ro\/#website","url":"https:\/\/new.bjc.ro\/","name":"Biblioteca Jude\u021bean\u0103 \u201eOctavian Goga\u201d Cluj","description":"","publisher":{"@id":"https:\/\/new.bjc.ro\/#organization"},"alternateName":"Biblioteca Jude\u021bean\u0103 Cluj","potentialAction":[{"@type":"SearchAction","target":{"@type":"EntryPoint","urlTemplate":"https:\/\/new.bjc.ro\/?s={search_term_string}"},"query-input":{"@type":"PropertyValueSpecification","valueRequired":true,"valueName":"search_term_string"}}],"inLanguage":"ro-RO"},{"@type":"Organization","@id":"https:\/\/new.bjc.ro\/#organization","name":"Biblioteca Jude\u021bean\u0103 \u201eOctavian Goga\u201d Cluj","url":"https:\/\/new.bjc.ro\/","logo":{"@type":"ImageObject","inLanguage":"ro-RO","@id":"https:\/\/new.bjc.ro\/#\/schema\/logo\/image\/","url":"https:\/\/new.bjc.ro\/wp-content\/uploads\/2023\/03\/sigle.jpg","contentUrl":"https:\/\/new.bjc.ro\/wp-content\/uploads\/2023\/03\/sigle.jpg","width":630,"height":473,"caption":"Biblioteca Jude\u021bean\u0103 \u201eOctavian Goga\u201d Cluj"},"image":{"@id":"https:\/\/new.bjc.ro\/#\/schema\/logo\/image\/"},"sameAs":["https:\/\/www.facebook.com\/bibliotecacluj\/","https:\/\/x.com\/BibliotecaGoga","https:\/\/www.instagram.com\/biblioteca_judeteana_cluj\/","https:\/\/www.youtube.com\/user\/BibliotecaGoga"]}]}},"_links":{"self":[{"href":"https:\/\/new.bjc.ro\/index.php?rest_route=\/wp\/v2\/pages\/211","targetHints":{"allow":["GET"]}}],"collection":[{"href":"https:\/\/new.bjc.ro\/index.php?rest_route=\/wp\/v2\/pages"}],"about":[{"href":"https:\/\/new.bjc.ro\/index.php?rest_route=\/wp\/v2\/types\/page"}],"author":[{"embeddable":true,"href":"https:\/\/new.bjc.ro\/index.php?rest_route=\/wp\/v2\/users\/1"}],"replies":[{"embeddable":true,"href":"https:\/\/new.bjc.ro\/index.php?rest_route=%2Fwp%2Fv2%2Fcomments&post=211"}],"version-history":[{"count":22,"href":"https:\/\/new.bjc.ro\/index.php?rest_route=\/wp\/v2\/pages\/211\/revisions"}],"predecessor-version":[{"id":9752,"href":"https:\/\/new.bjc.ro\/index.php?rest_route=\/wp\/v2\/pages\/211\/revisions\/9752"}],"wp:attachment":[{"href":"https:\/\/new.bjc.ro\/index.php?rest_route=%2Fwp%2Fv2%2Fmedia&parent=211"}],"curies":[{"name":"wp","href":"https:\/\/api.w.org\/{rel}","templated":true}]}}