{"id":2447,"date":"2022-11-08T09:13:29","date_gmt":"2022-11-08T09:13:29","guid":{"rendered":"https:\/\/new.bjc.ro\/?page_id=2447"},"modified":"2026-05-04T08:14:16","modified_gmt":"2026-05-04T05:14:16","slug":"sala-multiculturala","status":"publish","type":"page","link":"https:\/\/new.bjc.ro\/?page_id=2447","title":{"rendered":"Sala multicultural\u0103"},"content":{"rendered":"\n<div class=\"wp-block-media-text alignwide is-stacked-on-mobile\" style=\"grid-template-columns:30% auto\"><figure class=\"wp-block-media-text__media\"><a href=\"https:\/\/new.bjc.ro\/wp-content\/uploads\/2023\/01\/coltul_maghiar_18_03_2019_9.jpg\"><img loading=\"lazy\" decoding=\"async\" width=\"800\" height=\"600\" src=\"https:\/\/new.bjc.ro\/wp-content\/uploads\/2023\/01\/coltul_maghiar_18_03_2019_9.jpg\" alt=\"\" class=\"wp-image-3769 size-full\"\/><\/a><\/figure><div class=\"wp-block-media-text__content\">\n<p>Adresa: Calea Doroban\u0163ilor nr. 104<\/p>\n\n\n\n<p>Sediul central, etajul 3 vest<\/p>\n\n\n\n<p>E-mail: salamulticulturala[at]bjc.ro<\/p>\n\n\n\n<p>Tel. 0264-430323<\/p>\n\n\n\n<p>Program:&nbsp;<br>Luni &#8211; vineri:&nbsp;08:00&nbsp;&#8211;&nbsp;20:00<br><\/p>\n<\/div><\/div>\n\n\n\n<p><strong>Sala multicultural\u0103<\/strong> a fost inaugurat\u0103 \u00een 21 martie 2019 \u0219i reune\u0219te 5 colec\u021bii de documente reprezentative pentru cultura polonez\u0103, francez\u0103, maghiar\u0103, ucrainean\u0103 \u0219i indian\u0103.<\/p>\n\n\n\n<p>Num\u0103rul documentelor S\u0103lii multiculturale, la data de 1 ianuarie 2023, este de 15.289 de documente (14.929 \u2013 carte, 3 \u2013 publica\u021bii seriale \u0219i 357 materiale audiovizuale\/electronice), organizate la raftul liber.<\/p>\n\n\n\n<p><strong>Col\u021bul polonez<\/strong> cuprinde 261 exemplare de carte \u00een limba polonez\u0103 (literatur\u0103, art\u0103, istorie \u015fi personalit\u0103\u0163i ale culturii poloneze), donate \u00een anul 2010 de la Funda\u0163ia cultural\u0103 ZNAK&nbsp;din Cracovia, ini\u0163iatorii proiectului \u201eCe \u015ftii tu despre Polonia?\u201d.<\/p>\n\n\n\n<p><strong>Col\u0163ul francofon<\/strong> cuprinde o <a href=\"https:\/\/new.bjc.ro\/wp-content\/uploads\/2023\/01\/Buletin-francofon-2.pdf\">colec\u021bie de documente<\/a> \u00een limba francez\u0103, realizat\u0103 cu sprijinul Delega\u0163iei Wallonie-Bruxelles la Bucure\u015fti, Organiza\u0163iei Interna\u0163ionale a Francofoniei, Ambasadei Elve\u0163iei la Bucure\u015fti \u015fi al Centrului de Studii Literare Belgiene de Limb\u0103 Francez\u0103 de la Facultatea de Litere a Universit\u0103\u0163ii \u201eBabe\u015f-Bolyai\u201d Cluj-Napoca \u0219i a fost inaugurat \u00een 24 martie 2011.<\/p>\n\n\n\n<p><strong>Col\u021bul maghiar<\/strong> cuprinde o bogat\u0103 colec\u021bie de carte pentru copii \u0219i adul\u021bi \u00een limba maghiar\u0103, din varii domenii (literatur\u0103, filosofie, religie, istorie, \u0219tiin\u021b\u0103, art\u0103) \u0219i a fost inaugurat \u00een 21 martie 2019.<\/p>\n\n\n\n<p><strong>Col\u021bul ucrainean <\/strong>cuprinde 284 de c\u0103r\u021bi \u00een limba ucrainean\u0103, at\u00e2t pentru copii, c\u00e2t \u0219i pentru adul\u021bi, donate de c\u0103tre Asocia\u021bia Do Little Reading \u2013 Cluj Books Hub \u0219i Ukraine House Cluj, pentru a veni \u00een sprijinul refugia\u021bilor ucrainieni din Cluj-Napoca.<\/p>\n\n\n\n<p><strong>Col\u021bul indian<\/strong> cuprinde 708 exemplare de carte, preponderent \u00een limba englez\u0103, editate \u00een condi\u021bii grafice de excep\u021bie, donate de c\u0103tre Ambasada Indiei \u00een Rom\u00e2nia. Colec\u021bia cuprinde lucr\u0103ri de literatur\u0103, art\u0103, carte pentru copii, yoga, ayurveda, istorie, gastronomie \u0219i a fost inaugurat \u00een prezen\u021ba Excelen\u021bei Sale Domnul Rahul Shrivastava, Ambasadorul Indiei \u00een Rom\u00e2nia \u00een 13 octombrie 2023.<\/p>\n\n\n\n<p><strong>Servicii \u0219i facilit\u0103\u021bi oferite:<\/strong><\/p>\n\n\n\n<ul class=\"wp-block-list\">\n<li>\u00eemprumut la domiciliu;<\/li>\n\n\n\n<li>consultarea pe loc a documentelor;<\/li>\n\n\n\n<li>informa\u0163ii de toate tipurile;<\/li>\n\n\n\n<li>prelungirea termenului de \u00eemprumut, rezervare \u0219i re\u021binere de titluri prin: catalogul on-line, telefon \u015fi e-mail;<\/li>\n\n\n\n<li>activit\u0103\u0163i culturale \u015fi de loisir;<\/li>\n\n\n\n<li>acces liber la raft 100%;<\/li>\n\n\n\n<li>acces gratuit la internet wireless.<\/li>\n<\/ul>\n\n\n\n<p><strong><em>Sala multicultural\u0103<\/em><\/strong><strong>&nbsp;organizeaz\u0103 urm\u0103toarele activit\u0103\u021bi pentru comunitatea clujean\u0103 de etnie maghiar\u0103:<\/strong><\/p>\n\n\n\n<ul class=\"wp-block-list\">\n<li>Activit\u0103\u021bi de educa\u021bie permanent\u0103 \u00een colaborare cu unit\u0103\u021bile de \u00eenv\u0103\u021b\u0103m\u00e2nt;<\/li>\n\n\n\n<li>Ateliere de biblioterapie&nbsp;;<\/li>\n\n\n\n<li><a href=\"https:\/\/copiibjc.bjc.ro\/?page_id=11316\">Citesc o carte \u00eempreun\u0103 cu copilul meu<\/a>;<\/li>\n\n\n\n<li>Ora pove\u0219tilor;<\/li>\n\n\n\n<li>Programe de vacan\u021b\u0103.<\/li>\n<\/ul>\n","protected":false},"excerpt":{"rendered":"<p>Adresa: Calea Doroban\u0163ilor nr. 104 Sediul central, etajul 3 vest E-mail: salamulticulturala[at]bjc.ro Tel. 0264-430323 Program:&nbsp;Luni &#8211; vineri:&nbsp;08:00&nbsp;&#8211;&nbsp;20:00 Sala multicultural\u0103 a fost inaugurat\u0103 \u00een 21 martie 2019 \u0219i reune\u0219te 5 colec\u021bii de documente reprezentative pentru cultura polonez\u0103, francez\u0103, maghiar\u0103, ucrainean\u0103 \u0219i indian\u0103. Num\u0103rul documentelor S\u0103lii multiculturale, la data de 1 ianuarie&hellip; <br \/> <a class=\"read-more\" href=\"https:\/\/new.bjc.ro\/?page_id=2447\">Cite\u0219te mai mult<\/a><\/p>\n","protected":false},"author":1,"featured_media":0,"parent":0,"menu_order":0,"comment_status":"closed","ping_status":"closed","template":"","meta":{"_monsterinsights_skip_tracking":false,"_monsterinsights_sitenote_active":false,"_monsterinsights_sitenote_note":"","_monsterinsights_sitenote_category":0,"_EventAllDay":false,"_EventTimezone":"","_EventStartDate":"","_EventEndDate":"","_EventStartDateUTC":"","_EventEndDateUTC":"","_EventShowMap":false,"_EventShowMapLink":false,"_EventURL":"","_EventCost":"","_EventCostDescription":"","_EventCurrencySymbol":"","_EventCurrencyCode":"","_EventCurrencyPosition":"","_EventDateTimeSeparator":"","_EventTimeRangeSeparator":"","_EventOrganizerID":[],"_EventVenueID":[],"_OrganizerEmail":"","_OrganizerPhone":"","_OrganizerWebsite":"","_VenueAddress":"","_VenueCity":"","_VenueCountry":"","_VenueProvince":"","_VenueState":"","_VenueZip":"","_VenuePhone":"","_VenueURL":"","_VenueStateProvince":"","_VenueLat":"","_VenueLng":"","_VenueShowMap":false,"_VenueShowMapLink":false,"footnotes":""},"class_list":["post-2447","page","type-page","status-publish","hentry"],"yoast_head":"<!-- This site is optimized with the Yoast SEO plugin v24.6 - https:\/\/yoast.com\/wordpress\/plugins\/seo\/ -->\n<title>Sala multicultural\u0103 - Biblioteca Jude\u021bean\u0103 \u201eOctavian Goga\u201d Cluj<\/title>\n<meta name=\"description\" content=\"Sala multicultural\u0103, sediul central, date de contact, program, documente oferite \u00een limbile: maghiar\u0103, francez\u0103, polonez\u0103, englez\u0103, ucrainean\u0103\" \/>\n<meta name=\"robots\" content=\"index, follow, max-snippet:-1, max-image-preview:large, max-video-preview:-1\" \/>\n<link rel=\"canonical\" href=\"https:\/\/new.bjc.ro\/?page_id=2447\" \/>\n<meta property=\"og:locale\" content=\"ro_RO\" \/>\n<meta property=\"og:type\" content=\"article\" \/>\n<meta property=\"og:title\" content=\"Sala multicultural\u0103 - Biblioteca Jude\u021bean\u0103 \u201eOctavian Goga\u201d Cluj\" \/>\n<meta property=\"og:description\" content=\"Sala multicultural\u0103, sediul central, date de contact, program, documente oferite \u00een limbile: maghiar\u0103, francez\u0103, polonez\u0103, englez\u0103, ucrainean\u0103\" \/>\n<meta property=\"og:url\" content=\"https:\/\/new.bjc.ro\/?page_id=2447\" \/>\n<meta property=\"og:site_name\" content=\"Biblioteca Jude\u021bean\u0103 \u201eOctavian Goga\u201d Cluj\" \/>\n<meta property=\"article:publisher\" content=\"https:\/\/www.facebook.com\/bibliotecacluj\/\" \/>\n<meta property=\"article:modified_time\" content=\"2026-05-04T05:14:16+00:00\" \/>\n<meta property=\"og:image\" content=\"https:\/\/new.bjc.ro\/wp-content\/uploads\/2023\/01\/coltul_maghiar_18_03_2019_9.jpg\" \/>\n\t<meta property=\"og:image:width\" content=\"800\" \/>\n\t<meta property=\"og:image:height\" content=\"600\" \/>\n\t<meta property=\"og:image:type\" content=\"image\/jpeg\" \/>\n<meta name=\"twitter:card\" content=\"summary_large_image\" \/>\n<meta name=\"twitter:site\" content=\"@BibliotecaGoga\" \/>\n<meta name=\"twitter:label1\" content=\"Timp estimat pentru citire\" \/>\n\t<meta name=\"twitter:data1\" content=\"3 minute\" \/>\n<script type=\"application\/ld+json\" class=\"yoast-schema-graph\">{\"@context\":\"https:\/\/schema.org\",\"@graph\":[{\"@type\":\"WebPage\",\"@id\":\"https:\/\/new.bjc.ro\/?page_id=2447\",\"url\":\"https:\/\/new.bjc.ro\/?page_id=2447\",\"name\":\"Sala multicultural\u0103 - Biblioteca Jude\u021bean\u0103 \u201eOctavian Goga\u201d Cluj\",\"isPartOf\":{\"@id\":\"https:\/\/new.bjc.ro\/#website\"},\"primaryImageOfPage\":{\"@id\":\"https:\/\/new.bjc.ro\/?page_id=2447#primaryimage\"},\"image\":{\"@id\":\"https:\/\/new.bjc.ro\/?page_id=2447#primaryimage\"},\"thumbnailUrl\":\"https:\/\/new.bjc.ro\/wp-content\/uploads\/2023\/01\/coltul_maghiar_18_03_2019_9.jpg\",\"datePublished\":\"2022-11-08T09:13:29+00:00\",\"dateModified\":\"2026-05-04T05:14:16+00:00\",\"description\":\"Sala multicultural\u0103, sediul central, date de contact, program, documente oferite \u00een limbile: maghiar\u0103, francez\u0103, polonez\u0103, englez\u0103, ucrainean\u0103\",\"breadcrumb\":{\"@id\":\"https:\/\/new.bjc.ro\/?page_id=2447#breadcrumb\"},\"inLanguage\":\"ro-RO\",\"potentialAction\":[{\"@type\":\"ReadAction\",\"target\":[\"https:\/\/new.bjc.ro\/?page_id=2447\"]}]},{\"@type\":\"ImageObject\",\"inLanguage\":\"ro-RO\",\"@id\":\"https:\/\/new.bjc.ro\/?page_id=2447#primaryimage\",\"url\":\"https:\/\/new.bjc.ro\/wp-content\/uploads\/2023\/01\/coltul_maghiar_18_03_2019_9.jpg\",\"contentUrl\":\"https:\/\/new.bjc.ro\/wp-content\/uploads\/2023\/01\/coltul_maghiar_18_03_2019_9.jpg\"},{\"@type\":\"BreadcrumbList\",\"@id\":\"https:\/\/new.bjc.ro\/?page_id=2447#breadcrumb\",\"itemListElement\":[{\"@type\":\"ListItem\",\"position\":1,\"name\":\"Home\",\"item\":\"https:\/\/new.bjc.ro\/\"},{\"@type\":\"ListItem\",\"position\":2,\"name\":\"Sala multicultural\u0103\"}]},{\"@type\":\"WebSite\",\"@id\":\"https:\/\/new.bjc.ro\/#website\",\"url\":\"https:\/\/new.bjc.ro\/\",\"name\":\"Biblioteca Jude\u021bean\u0103 \u201eOctavian Goga\u201d Cluj\",\"description\":\"\",\"publisher\":{\"@id\":\"https:\/\/new.bjc.ro\/#organization\"},\"alternateName\":\"Biblioteca Jude\u021bean\u0103 Cluj\",\"potentialAction\":[{\"@type\":\"SearchAction\",\"target\":{\"@type\":\"EntryPoint\",\"urlTemplate\":\"https:\/\/new.bjc.ro\/?s={search_term_string}\"},\"query-input\":{\"@type\":\"PropertyValueSpecification\",\"valueRequired\":true,\"valueName\":\"search_term_string\"}}],\"inLanguage\":\"ro-RO\"},{\"@type\":\"Organization\",\"@id\":\"https:\/\/new.bjc.ro\/#organization\",\"name\":\"Biblioteca Jude\u021bean\u0103 \u201eOctavian Goga\u201d Cluj\",\"url\":\"https:\/\/new.bjc.ro\/\",\"logo\":{\"@type\":\"ImageObject\",\"inLanguage\":\"ro-RO\",\"@id\":\"https:\/\/new.bjc.ro\/#\/schema\/logo\/image\/\",\"url\":\"https:\/\/new.bjc.ro\/wp-content\/uploads\/2023\/03\/sigle.jpg\",\"contentUrl\":\"https:\/\/new.bjc.ro\/wp-content\/uploads\/2023\/03\/sigle.jpg\",\"width\":630,\"height\":473,\"caption\":\"Biblioteca Jude\u021bean\u0103 \u201eOctavian Goga\u201d Cluj\"},\"image\":{\"@id\":\"https:\/\/new.bjc.ro\/#\/schema\/logo\/image\/\"},\"sameAs\":[\"https:\/\/www.facebook.com\/bibliotecacluj\/\",\"https:\/\/x.com\/BibliotecaGoga\",\"https:\/\/www.instagram.com\/biblioteca_judeteana_cluj\/\",\"https:\/\/www.youtube.com\/user\/BibliotecaGoga\"]}]}<\/script>\n<!-- \/ Yoast SEO plugin. -->","yoast_head_json":{"title":"Sala multicultural\u0103 - Biblioteca Jude\u021bean\u0103 \u201eOctavian Goga\u201d Cluj","description":"Sala multicultural\u0103, sediul central, date de contact, program, documente oferite \u00een limbile: maghiar\u0103, francez\u0103, polonez\u0103, englez\u0103, ucrainean\u0103","robots":{"index":"index","follow":"follow","max-snippet":"max-snippet:-1","max-image-preview":"max-image-preview:large","max-video-preview":"max-video-preview:-1"},"canonical":"https:\/\/new.bjc.ro\/?page_id=2447","og_locale":"ro_RO","og_type":"article","og_title":"Sala multicultural\u0103 - Biblioteca Jude\u021bean\u0103 \u201eOctavian Goga\u201d Cluj","og_description":"Sala multicultural\u0103, sediul central, date de contact, program, documente oferite \u00een limbile: maghiar\u0103, francez\u0103, polonez\u0103, englez\u0103, ucrainean\u0103","og_url":"https:\/\/new.bjc.ro\/?page_id=2447","og_site_name":"Biblioteca Jude\u021bean\u0103 \u201eOctavian Goga\u201d Cluj","article_publisher":"https:\/\/www.facebook.com\/bibliotecacluj\/","article_modified_time":"2026-05-04T05:14:16+00:00","og_image":[{"width":800,"height":600,"url":"https:\/\/new.bjc.ro\/wp-content\/uploads\/2023\/01\/coltul_maghiar_18_03_2019_9.jpg","type":"image\/jpeg"}],"twitter_card":"summary_large_image","twitter_site":"@BibliotecaGoga","twitter_misc":{"Timp estimat pentru citire":"3 minute"},"schema":{"@context":"https:\/\/schema.org","@graph":[{"@type":"WebPage","@id":"https:\/\/new.bjc.ro\/?page_id=2447","url":"https:\/\/new.bjc.ro\/?page_id=2447","name":"Sala multicultural\u0103 - Biblioteca Jude\u021bean\u0103 \u201eOctavian Goga\u201d Cluj","isPartOf":{"@id":"https:\/\/new.bjc.ro\/#website"},"primaryImageOfPage":{"@id":"https:\/\/new.bjc.ro\/?page_id=2447#primaryimage"},"image":{"@id":"https:\/\/new.bjc.ro\/?page_id=2447#primaryimage"},"thumbnailUrl":"https:\/\/new.bjc.ro\/wp-content\/uploads\/2023\/01\/coltul_maghiar_18_03_2019_9.jpg","datePublished":"2022-11-08T09:13:29+00:00","dateModified":"2026-05-04T05:14:16+00:00","description":"Sala multicultural\u0103, sediul central, date de contact, program, documente oferite \u00een limbile: maghiar\u0103, francez\u0103, polonez\u0103, englez\u0103, ucrainean\u0103","breadcrumb":{"@id":"https:\/\/new.bjc.ro\/?page_id=2447#breadcrumb"},"inLanguage":"ro-RO","potentialAction":[{"@type":"ReadAction","target":["https:\/\/new.bjc.ro\/?page_id=2447"]}]},{"@type":"ImageObject","inLanguage":"ro-RO","@id":"https:\/\/new.bjc.ro\/?page_id=2447#primaryimage","url":"https:\/\/new.bjc.ro\/wp-content\/uploads\/2023\/01\/coltul_maghiar_18_03_2019_9.jpg","contentUrl":"https:\/\/new.bjc.ro\/wp-content\/uploads\/2023\/01\/coltul_maghiar_18_03_2019_9.jpg"},{"@type":"BreadcrumbList","@id":"https:\/\/new.bjc.ro\/?page_id=2447#breadcrumb","itemListElement":[{"@type":"ListItem","position":1,"name":"Home","item":"https:\/\/new.bjc.ro\/"},{"@type":"ListItem","position":2,"name":"Sala multicultural\u0103"}]},{"@type":"WebSite","@id":"https:\/\/new.bjc.ro\/#website","url":"https:\/\/new.bjc.ro\/","name":"Biblioteca Jude\u021bean\u0103 \u201eOctavian Goga\u201d Cluj","description":"","publisher":{"@id":"https:\/\/new.bjc.ro\/#organization"},"alternateName":"Biblioteca Jude\u021bean\u0103 Cluj","potentialAction":[{"@type":"SearchAction","target":{"@type":"EntryPoint","urlTemplate":"https:\/\/new.bjc.ro\/?s={search_term_string}"},"query-input":{"@type":"PropertyValueSpecification","valueRequired":true,"valueName":"search_term_string"}}],"inLanguage":"ro-RO"},{"@type":"Organization","@id":"https:\/\/new.bjc.ro\/#organization","name":"Biblioteca Jude\u021bean\u0103 \u201eOctavian Goga\u201d Cluj","url":"https:\/\/new.bjc.ro\/","logo":{"@type":"ImageObject","inLanguage":"ro-RO","@id":"https:\/\/new.bjc.ro\/#\/schema\/logo\/image\/","url":"https:\/\/new.bjc.ro\/wp-content\/uploads\/2023\/03\/sigle.jpg","contentUrl":"https:\/\/new.bjc.ro\/wp-content\/uploads\/2023\/03\/sigle.jpg","width":630,"height":473,"caption":"Biblioteca Jude\u021bean\u0103 \u201eOctavian Goga\u201d Cluj"},"image":{"@id":"https:\/\/new.bjc.ro\/#\/schema\/logo\/image\/"},"sameAs":["https:\/\/www.facebook.com\/bibliotecacluj\/","https:\/\/x.com\/BibliotecaGoga","https:\/\/www.instagram.com\/biblioteca_judeteana_cluj\/","https:\/\/www.youtube.com\/user\/BibliotecaGoga"]}]}},"_links":{"self":[{"href":"https:\/\/new.bjc.ro\/index.php?rest_route=\/wp\/v2\/pages\/2447","targetHints":{"allow":["GET"]}}],"collection":[{"href":"https:\/\/new.bjc.ro\/index.php?rest_route=\/wp\/v2\/pages"}],"about":[{"href":"https:\/\/new.bjc.ro\/index.php?rest_route=\/wp\/v2\/types\/page"}],"author":[{"embeddable":true,"href":"https:\/\/new.bjc.ro\/index.php?rest_route=\/wp\/v2\/users\/1"}],"replies":[{"embeddable":true,"href":"https:\/\/new.bjc.ro\/index.php?rest_route=%2Fwp%2Fv2%2Fcomments&post=2447"}],"version-history":[{"count":30,"href":"https:\/\/new.bjc.ro\/index.php?rest_route=\/wp\/v2\/pages\/2447\/revisions"}],"predecessor-version":[{"id":12170,"href":"https:\/\/new.bjc.ro\/index.php?rest_route=\/wp\/v2\/pages\/2447\/revisions\/12170"}],"wp:attachment":[{"href":"https:\/\/new.bjc.ro\/index.php?rest_route=%2Fwp%2Fv2%2Fmedia&parent=2447"}],"curies":[{"name":"wp","href":"https:\/\/api.w.org\/{rel}","templated":true}]}}