{"id":247,"date":"2022-08-09T10:25:19","date_gmt":"2022-08-09T10:25:19","guid":{"rendered":"https:\/\/new.bjc.ro\/?page_id=247"},"modified":"2025-08-26T11:17:57","modified_gmt":"2025-08-26T08:17:57","slug":"servicii-si-facilitati","status":"publish","type":"page","link":"https:\/\/new.bjc.ro\/?page_id=247","title":{"rendered":"Servicii \u0219i facilit\u0103\u021bi"},"content":{"rendered":"<ul>\n<li>realizarea\u00a0<a href=\"https:\/\/new.bjc.ro\/?page_id=368\">\u00eenscrierii utilizatorilor<\/a> \u0219i tranzac\u021biilor de \u00eemprumut \u00een regim automatizat;<\/li>\n<li>s\u0103li cu acces liber la raft pentru \u00eemprumutul de documente, studiu \u0219i lectur\u0103 pe loc;<\/li>\n<li><a href=\"https:\/\/new.bjc.ro\/?page_id=1233\">\u00eemprumut<\/a> de documente la domiciliu;<\/li>\n<li><a href=\"https:\/\/new.bjc.ro\/?page_id=1238\">consultarea<\/a> documentelor pe loc;<\/li>\n<li>audi\u021bii \u0219i vizion\u0103ri individuale sau colective;<\/li>\n<li>acces internet;<\/li>\n<li>acces internet wireless;<\/li>\n<li>prelungirea termenului de \u00eemprumut prin telefon:\n<ul>\n<li>\u00cemprumut pentru adul\u021bi: 0264-430434;<\/li>\n<li>Sec\u021bia pentru copii: 0264-430323.<\/li>\n<\/ul>\n<\/li>\n<li>prelungirea termenului de \u00eemprumut prin <a href=\"https:\/\/portal.bjc.qulto.ro\/ro\">Catalogul online<\/a>, aplica\u021bia <a href=\"https:\/\/new.bjc.ro\/?page_id=9171\">Qulto eCard<\/a> sau prin e-mail;<\/li>\n<li>rezerv\u0103ri\/re\u021bineri de titluri prin telefon:\n<ul>\n<li>\u00cemprumut pentru adul\u021bi: 0264-430434;<\/li>\n<li>Sec\u021bia pentru copii: 0264-430323.<\/li>\n<\/ul>\n<\/li>\n<li>rezerv\u0103ri\/re\u021bineri de titluri prin <a href=\"https:\/\/portal.bjc.qulto.ro\/ro\">Catalogul online<\/a>, aplica\u021bia <a href=\"https:\/\/new.bjc.ro\/?page_id=9171\">Qulto eCard<\/a> sau e-mail;<\/li>\n<li>acces la\u00a0<a href=\"http:\/\/portal.bjc.qulto.ro\/ro\">catalogul electronic al bibliotecii<\/a>;<\/li>\n<li>oferirea de informa\u021bii \u0219i referin\u021be pe loc, prin telefon sau prin\u00a0<a href=\"https:\/\/new.bjc.ro\/?page_id=3554\">e-mail<\/a>;<\/li>\n<li>bibliografii la cerere;<\/li>\n<li><a href=\"https:\/\/new.bjc.ro\/?page_id=5718\">servicii pentru persoane cu deficien\u021be de vedere<\/a>;<\/li>\n<li>\u00eemprumutul c\u0103r\u021bilor vorbite;<\/li>\n<li>expozi\u021bii, activit\u0103\u021bi culturale \u0219i de loisir;<\/li>\n<li>sesiuni individuale de instruire \u00een utilizarea telefonului mobil \u0219i a unor servicii online pentru seniori.<\/li>\n<\/ul>\n","protected":false},"excerpt":{"rendered":"<p>realizarea\u00a0\u00eenscrierii utilizatorilor \u0219i tranzac\u021biilor de \u00eemprumut \u00een regim automatizat; s\u0103li cu acces liber la raft pentru \u00eemprumutul de documente, studiu \u0219i lectur\u0103 pe loc; \u00eemprumut de documente la domiciliu; consultarea documentelor pe loc; audi\u021bii \u0219i vizion\u0103ri individuale sau colective; acces internet; acces internet wireless; prelungirea termenului de \u00eemprumut prin telefon:&hellip; <br \/> <a class=\"read-more\" href=\"https:\/\/new.bjc.ro\/?page_id=247\">Cite\u0219te mai mult<\/a><\/p>\n","protected":false},"author":1,"featured_media":0,"parent":0,"menu_order":0,"comment_status":"closed","ping_status":"closed","template":"","meta":{"_monsterinsights_skip_tracking":false,"_monsterinsights_sitenote_active":false,"_monsterinsights_sitenote_note":"","_monsterinsights_sitenote_category":0,"_EventAllDay":false,"_EventTimezone":"","_EventStartDate":"","_EventEndDate":"","_EventStartDateUTC":"","_EventEndDateUTC":"","_EventShowMap":false,"_EventShowMapLink":false,"_EventURL":"","_EventCost":"","_EventCostDescription":"","_EventCurrencySymbol":"","_EventCurrencyCode":"","_EventCurrencyPosition":"","_EventDateTimeSeparator":"","_EventTimeRangeSeparator":"","_EventOrganizerID":[],"_EventVenueID":[],"_OrganizerEmail":"","_OrganizerPhone":"","_OrganizerWebsite":"","_VenueAddress":"","_VenueCity":"","_VenueCountry":"","_VenueProvince":"","_VenueState":"","_VenueZip":"","_VenuePhone":"","_VenueURL":"","_VenueStateProvince":"","_VenueLat":"","_VenueLng":"","_VenueShowMap":false,"_VenueShowMapLink":false,"footnotes":""},"class_list":["post-247","page","type-page","status-publish","hentry"],"yoast_head":"<!-- This site is optimized with the Yoast SEO plugin v24.6 - https:\/\/yoast.com\/wordpress\/plugins\/seo\/ -->\n<title>Servicii \u0219i facilit\u0103\u021bi - Biblioteca Jude\u021bean\u0103 \u201eOctavian Goga\u201d Cluj<\/title>\n<meta name=\"description\" content=\"servicii, facilit\u0103\u021bi, biblioteca, acces\" \/>\n<meta name=\"robots\" content=\"index, follow, max-snippet:-1, max-image-preview:large, max-video-preview:-1\" \/>\n<link rel=\"canonical\" href=\"https:\/\/new.bjc.ro\/?page_id=247\" \/>\n<meta property=\"og:locale\" content=\"ro_RO\" \/>\n<meta property=\"og:type\" content=\"article\" \/>\n<meta property=\"og:title\" content=\"Servicii \u0219i facilit\u0103\u021bi - Biblioteca Jude\u021bean\u0103 \u201eOctavian Goga\u201d Cluj\" \/>\n<meta property=\"og:description\" content=\"servicii, facilit\u0103\u021bi, biblioteca, acces\" \/>\n<meta property=\"og:url\" content=\"https:\/\/new.bjc.ro\/?page_id=247\" \/>\n<meta property=\"og:site_name\" content=\"Biblioteca Jude\u021bean\u0103 \u201eOctavian Goga\u201d Cluj\" \/>\n<meta property=\"article:publisher\" content=\"https:\/\/www.facebook.com\/bibliotecacluj\/\" \/>\n<meta property=\"article:modified_time\" content=\"2025-08-26T08:17:57+00:00\" \/>\n<meta property=\"og:image\" content=\"https:\/\/new.bjc.ro\/wp-content\/uploads\/2023\/01\/IMG_5597-1.jpg\" \/>\n\t<meta property=\"og:image:width\" content=\"2000\" \/>\n\t<meta property=\"og:image:height\" content=\"1333\" \/>\n\t<meta property=\"og:image:type\" content=\"image\/jpeg\" \/>\n<meta name=\"twitter:card\" content=\"summary_large_image\" \/>\n<meta name=\"twitter:site\" content=\"@BibliotecaGoga\" \/>\n<meta name=\"twitter:label1\" content=\"Timp estimat pentru citire\" \/>\n\t<meta name=\"twitter:data1\" content=\"1 minut\" \/>\n<script type=\"application\/ld+json\" class=\"yoast-schema-graph\">{\"@context\":\"https:\/\/schema.org\",\"@graph\":[{\"@type\":\"WebPage\",\"@id\":\"https:\/\/new.bjc.ro\/?page_id=247\",\"url\":\"https:\/\/new.bjc.ro\/?page_id=247\",\"name\":\"Servicii \u0219i facilit\u0103\u021bi - Biblioteca Jude\u021bean\u0103 \u201eOctavian Goga\u201d Cluj\",\"isPartOf\":{\"@id\":\"https:\/\/new.bjc.ro\/#website\"},\"datePublished\":\"2022-08-09T10:25:19+00:00\",\"dateModified\":\"2025-08-26T08:17:57+00:00\",\"description\":\"servicii, facilit\u0103\u021bi, biblioteca, acces\",\"breadcrumb\":{\"@id\":\"https:\/\/new.bjc.ro\/?page_id=247#breadcrumb\"},\"inLanguage\":\"ro-RO\",\"potentialAction\":[{\"@type\":\"ReadAction\",\"target\":[\"https:\/\/new.bjc.ro\/?page_id=247\"]}]},{\"@type\":\"BreadcrumbList\",\"@id\":\"https:\/\/new.bjc.ro\/?page_id=247#breadcrumb\",\"itemListElement\":[{\"@type\":\"ListItem\",\"position\":1,\"name\":\"Home\",\"item\":\"https:\/\/new.bjc.ro\/\"},{\"@type\":\"ListItem\",\"position\":2,\"name\":\"Servicii \u0219i facilit\u0103\u021bi\"}]},{\"@type\":\"WebSite\",\"@id\":\"https:\/\/new.bjc.ro\/#website\",\"url\":\"https:\/\/new.bjc.ro\/\",\"name\":\"Biblioteca Jude\u021bean\u0103 \u201eOctavian Goga\u201d Cluj\",\"description\":\"\",\"publisher\":{\"@id\":\"https:\/\/new.bjc.ro\/#organization\"},\"alternateName\":\"Biblioteca Jude\u021bean\u0103 Cluj\",\"potentialAction\":[{\"@type\":\"SearchAction\",\"target\":{\"@type\":\"EntryPoint\",\"urlTemplate\":\"https:\/\/new.bjc.ro\/?s={search_term_string}\"},\"query-input\":{\"@type\":\"PropertyValueSpecification\",\"valueRequired\":true,\"valueName\":\"search_term_string\"}}],\"inLanguage\":\"ro-RO\"},{\"@type\":\"Organization\",\"@id\":\"https:\/\/new.bjc.ro\/#organization\",\"name\":\"Biblioteca Jude\u021bean\u0103 \u201eOctavian Goga\u201d Cluj\",\"url\":\"https:\/\/new.bjc.ro\/\",\"logo\":{\"@type\":\"ImageObject\",\"inLanguage\":\"ro-RO\",\"@id\":\"https:\/\/new.bjc.ro\/#\/schema\/logo\/image\/\",\"url\":\"https:\/\/new.bjc.ro\/wp-content\/uploads\/2023\/03\/sigle.jpg\",\"contentUrl\":\"https:\/\/new.bjc.ro\/wp-content\/uploads\/2023\/03\/sigle.jpg\",\"width\":630,\"height\":473,\"caption\":\"Biblioteca Jude\u021bean\u0103 \u201eOctavian Goga\u201d Cluj\"},\"image\":{\"@id\":\"https:\/\/new.bjc.ro\/#\/schema\/logo\/image\/\"},\"sameAs\":[\"https:\/\/www.facebook.com\/bibliotecacluj\/\",\"https:\/\/x.com\/BibliotecaGoga\",\"https:\/\/www.instagram.com\/biblioteca_judeteana_cluj\/\",\"https:\/\/www.youtube.com\/user\/BibliotecaGoga\"]}]}<\/script>\n<!-- \/ Yoast SEO plugin. -->","yoast_head_json":{"title":"Servicii \u0219i facilit\u0103\u021bi - Biblioteca Jude\u021bean\u0103 \u201eOctavian Goga\u201d Cluj","description":"servicii, facilit\u0103\u021bi, biblioteca, acces","robots":{"index":"index","follow":"follow","max-snippet":"max-snippet:-1","max-image-preview":"max-image-preview:large","max-video-preview":"max-video-preview:-1"},"canonical":"https:\/\/new.bjc.ro\/?page_id=247","og_locale":"ro_RO","og_type":"article","og_title":"Servicii \u0219i facilit\u0103\u021bi - Biblioteca Jude\u021bean\u0103 \u201eOctavian Goga\u201d Cluj","og_description":"servicii, facilit\u0103\u021bi, biblioteca, acces","og_url":"https:\/\/new.bjc.ro\/?page_id=247","og_site_name":"Biblioteca Jude\u021bean\u0103 \u201eOctavian Goga\u201d Cluj","article_publisher":"https:\/\/www.facebook.com\/bibliotecacluj\/","article_modified_time":"2025-08-26T08:17:57+00:00","og_image":[{"width":2000,"height":1333,"url":"https:\/\/new.bjc.ro\/wp-content\/uploads\/2023\/01\/IMG_5597-1.jpg","type":"image\/jpeg"}],"twitter_card":"summary_large_image","twitter_site":"@BibliotecaGoga","twitter_misc":{"Timp estimat pentru citire":"1 minut"},"schema":{"@context":"https:\/\/schema.org","@graph":[{"@type":"WebPage","@id":"https:\/\/new.bjc.ro\/?page_id=247","url":"https:\/\/new.bjc.ro\/?page_id=247","name":"Servicii \u0219i facilit\u0103\u021bi - Biblioteca Jude\u021bean\u0103 \u201eOctavian Goga\u201d Cluj","isPartOf":{"@id":"https:\/\/new.bjc.ro\/#website"},"datePublished":"2022-08-09T10:25:19+00:00","dateModified":"2025-08-26T08:17:57+00:00","description":"servicii, facilit\u0103\u021bi, biblioteca, acces","breadcrumb":{"@id":"https:\/\/new.bjc.ro\/?page_id=247#breadcrumb"},"inLanguage":"ro-RO","potentialAction":[{"@type":"ReadAction","target":["https:\/\/new.bjc.ro\/?page_id=247"]}]},{"@type":"BreadcrumbList","@id":"https:\/\/new.bjc.ro\/?page_id=247#breadcrumb","itemListElement":[{"@type":"ListItem","position":1,"name":"Home","item":"https:\/\/new.bjc.ro\/"},{"@type":"ListItem","position":2,"name":"Servicii \u0219i facilit\u0103\u021bi"}]},{"@type":"WebSite","@id":"https:\/\/new.bjc.ro\/#website","url":"https:\/\/new.bjc.ro\/","name":"Biblioteca Jude\u021bean\u0103 \u201eOctavian Goga\u201d Cluj","description":"","publisher":{"@id":"https:\/\/new.bjc.ro\/#organization"},"alternateName":"Biblioteca Jude\u021bean\u0103 Cluj","potentialAction":[{"@type":"SearchAction","target":{"@type":"EntryPoint","urlTemplate":"https:\/\/new.bjc.ro\/?s={search_term_string}"},"query-input":{"@type":"PropertyValueSpecification","valueRequired":true,"valueName":"search_term_string"}}],"inLanguage":"ro-RO"},{"@type":"Organization","@id":"https:\/\/new.bjc.ro\/#organization","name":"Biblioteca Jude\u021bean\u0103 \u201eOctavian Goga\u201d Cluj","url":"https:\/\/new.bjc.ro\/","logo":{"@type":"ImageObject","inLanguage":"ro-RO","@id":"https:\/\/new.bjc.ro\/#\/schema\/logo\/image\/","url":"https:\/\/new.bjc.ro\/wp-content\/uploads\/2023\/03\/sigle.jpg","contentUrl":"https:\/\/new.bjc.ro\/wp-content\/uploads\/2023\/03\/sigle.jpg","width":630,"height":473,"caption":"Biblioteca Jude\u021bean\u0103 \u201eOctavian Goga\u201d Cluj"},"image":{"@id":"https:\/\/new.bjc.ro\/#\/schema\/logo\/image\/"},"sameAs":["https:\/\/www.facebook.com\/bibliotecacluj\/","https:\/\/x.com\/BibliotecaGoga","https:\/\/www.instagram.com\/biblioteca_judeteana_cluj\/","https:\/\/www.youtube.com\/user\/BibliotecaGoga"]}]}},"_links":{"self":[{"href":"https:\/\/new.bjc.ro\/index.php?rest_route=\/wp\/v2\/pages\/247","targetHints":{"allow":["GET"]}}],"collection":[{"href":"https:\/\/new.bjc.ro\/index.php?rest_route=\/wp\/v2\/pages"}],"about":[{"href":"https:\/\/new.bjc.ro\/index.php?rest_route=\/wp\/v2\/types\/page"}],"author":[{"embeddable":true,"href":"https:\/\/new.bjc.ro\/index.php?rest_route=\/wp\/v2\/users\/1"}],"replies":[{"embeddable":true,"href":"https:\/\/new.bjc.ro\/index.php?rest_route=%2Fwp%2Fv2%2Fcomments&post=247"}],"version-history":[{"count":22,"href":"https:\/\/new.bjc.ro\/index.php?rest_route=\/wp\/v2\/pages\/247\/revisions"}],"predecessor-version":[{"id":11021,"href":"https:\/\/new.bjc.ro\/index.php?rest_route=\/wp\/v2\/pages\/247\/revisions\/11021"}],"wp:attachment":[{"href":"https:\/\/new.bjc.ro\/index.php?rest_route=%2Fwp%2Fv2%2Fmedia&parent=247"}],"curies":[{"name":"wp","href":"https:\/\/api.w.org\/{rel}","templated":true}]}}