{"id":2477,"date":"2022-11-08T10:21:02","date_gmt":"2022-11-08T08:21:02","guid":{"rendered":"https:\/\/new.bjc.ro\/?page_id=2477"},"modified":"2024-04-23T08:55:26","modified_gmt":"2024-04-23T05:55:26","slug":"colectii-speciale-memorie-si-cunoastere-locala","status":"publish","type":"page","link":"https:\/\/new.bjc.ro\/?page_id=2477","title":{"rendered":"Colec\u021bii speciale, memorie \u0219i cunoa\u0219tere local\u0103"},"content":{"rendered":"\n<div class=\"wp-block-media-text is-stacked-on-mobile\" style=\"grid-template-columns:30% auto\"><figure class=\"wp-block-media-text__media\"><img loading=\"lazy\" decoding=\"async\" width=\"300\" height=\"300\" src=\"https:\/\/new.bjc.ro\/wp-content\/uploads\/2024\/04\/Colectii-speciale-300.jpg\" alt=\"\" class=\"wp-image-9043 size-full\"\/><\/figure><div class=\"wp-block-media-text__content\">\n<p><span style=\"white-space:nowrap\">Sediul&nbsp;central,&nbsp;etajul&nbsp;4&nbsp;vest<\/span> <\/p>\n\n\n\n<p><span style=\"white-space:nowrap\">Adresa:&nbsp;Calea&nbsp;Doroban\u021bilor&nbsp;nr.&nbsp;104<\/span> <\/p>\n\n\n\n<p><span style=\"white-space:nowrap\">Telefon:&nbsp;0264-430434<\/span> <\/p>\n\n\n\n<p><span style=\"white-space:nowrap\">E-mail:<\/span>&nbsp;colectiispeciale[at]bjc.ro<\/p>\n\n\n\n<p><span style=\"white-space:nowrap\">Program:&nbsp;luni&nbsp;12.00&nbsp;&#8211;&nbsp;20.00<\/span> <\/p>\n\n\n\n<p><span style=\"white-space:nowrap\">\u00a0\u00a0\u00a0\u00a0\u00a0\u00a0\u00a0\u00a0\u00a0\u00a0\u00a0\u00a0\u00a0\u00a0 mar\u021bi-vineri\u00a08.00\u00a0&#8211;\u00a016.00<\/span><\/p>\n\n\n\n<p><\/p>\n<\/div><\/div>\n\n\n\n<p>Compartimentul Colec\u021bii speciale, memorie \u0219i cunoa\u0219tere local\u0103 v\u0103 ofer\u0103 acces la carte veche rom\u00e2neasc\u0103 \u0219i str\u0103in\u0103, carte rar\u0103 \u0219i manuscrise, periodice vechi, fotografii \u0219i alte documente noncarte, p\u0103str\u0103toare a istoriei clujene. Patrimoniul compartimentului a crescut prin dona\u021bii consistente ale unor oameni de cultur\u0103: <a href=\"https:\/\/new.bjc.ro\/?page_id=3785\">Iosif Pervain<\/a> , Olimpiu Boitos, <a href=\"https:\/\/new.bjc.ro\/?page_id=3790\">Pavel Bellu<\/a>, <a href=\"https:\/\/new.bjc.ro\/?page_id=3795\">Vasile Langa<\/a>, Cri\u015fan Mircioiu, Irina Petra\u015f, Petru Poant\u0103, Bazil Gruia, Gheorghe Bodea, <a href=\"https:\/\/new.bjc.ro\/?page_id=3800\">Liviu \u015fi Ioana Em. Petrescu<\/a>, <a href=\"https:\/\/new.bjc.ro\/?page_id=3808\">Dimitrie Popovici<\/a>, <a href=\"https:\/\/new.bjc.ro\/?page_id=211\">Emil Isac<\/a>, Traian Brad, <a href=\"https:\/\/new.bjc.ro\/wp-content\/uploads\/2022\/11\/fondul-brad-.pdf\">Ion Brad<\/a>, <a href=\"https:\/\/new.bjc.ro\/?page_id=3817\">Petru Pipo\u015f<\/a> \u0219i al\u021bii.<\/p>\n\n\n\n<p><strong>Rarit\u0103\u021bi \u0219i valori deosebite:<\/strong>&nbsp;<\/p>\n\n\n\n<ul class=\"wp-block-list\">\n<li>Cel mai vechi manuscris &#8211; Alexandria din 1741 copiat de Vasile Pantor,<\/li>\n\n\n\n<li>Cazania lui Varlaam (1643);<\/li>\n\n\n\n<li>Biblia de la Blaj (1795);<\/li>\n\n\n\n<li>Noul Testament de la B\u0103lgrad (1648);<\/li>\n\n\n\n<li>Fotocopiile manuscriselor eminesciene, (circa 11.000);<\/li>\n\n\n\n<li>Peste 500 de fotografii reprezent\u00e2nd Clujul vechi (\u00eencep\u00e2nd cu anul 1859),<\/li>\n\n\n\n<li>C\u0103r\u021bi cu autografele unor ilustre personalit\u0103\u021bi ale culturii rom\u00e2ne\u0219ti: Mihai Eminescu, B. P. Ha\u015fdeu, Alexandru Vlahu\u0163\u0103, Lucian Blaga, Ion Ag\u00eerbiceanu, Ion Pillat, Ionel Teodoreanu, George Top\u00e2rceanu, Tudor Vianu \u015fi mul\u0163i al\u0163ii.<\/li>\n<\/ul>\n\n\n\n<p><a href=\"https:\/\/my.matterport.com\/show\/?m=TFDHh8dXd2N\">Tur virtual al Casei memoriale Liviu \u0219i Ioana E. Petrescu<\/a><\/p>\n\n\n\n<p><a href=\"https:\/\/www.youtube.com\/watch?v=xXJoq4XYwtY&amp;t=127s\">Lumea de aproape, colec\u021bii speciale<\/a><\/p>\n\n\n\n<p><strong>Produse de informare:<\/strong><\/p>\n\n\n\n<ul class=\"wp-block-list\">\n<li><a href=\"https:\/\/new.bjc.ro\/wp-content\/uploads\/2022\/11\/fondul-de-memorie-locala.pdf\">Fondul de memorie local\u0103<\/a><\/li>\n\n\n\n<li><a href=\"https:\/\/new.bjc.ro\/wp-content\/uploads\/2022\/11\/bibliografia-CSRV.pdf\">Buletinul bibliografic al Fondului de carte rom\u00e2neasc\u0103 veche<\/a><\/li>\n\n\n\n<li><a href=\"https:\/\/new.bjc.ro\/wp-content\/uploads\/2022\/11\/bibliografia-CSSV.pdf\">Buletinul bibliografic al Fondului de carte str\u0103in\u0103 veche<\/a><\/li>\n<\/ul>\n\n\n\n<section id=\"section-031ad64c-adf1-4956-a11b-2ed78d96f289\" class=\"wp-block-gutentor-gallery gutentor-section gutentor-gallery gutentor-gallery-wrapper enable-masonry gallery-template1\"><div class=\"grid-container\"><div class=\"gutentor-block-header\"><div class=\"gutentor-section-title enable-title-design seperator-bottom text-center\"><h4 class=\"gutentor-title\">Galerie de imagini cu fondul de patrimoniu<\/h4><\/div><\/div><div class=\"grid-row gutentor-grid-item-wrap full-width-row\"><div class=\"gutentor-gallery-item grid-lg-4 grid-md-4 grid-12\"><div class=\"gutentor-single-item gutentor-image gutentor-single-item-0\"><div class=\"gutentor-gallery-item-wrap\"><div class=\"gutentor-single-item-image-box\"><div class=\"gutentor-image-thumb\"><img loading=\"lazy\" decoding=\"async\" class=\"normal-image\" src=\"https:\/\/new.bjc.ro\/wp-content\/uploads\/2022\/11\/noul_test_balgrad.jpg\" alt=\"\" height=\"636\" width=\"856\"\/><\/div><\/div><div class=\"gutentor-single-item-content\"><div class=\"gutentor-gallery-item-header\"><h4 class=\"gutentor-single-item-title\">Noul Testament, B\u0103lgrad<\/h4><a href=\"https:\/\/new.bjc.ro\/wp-content\/uploads\/2022\/11\/noul_test_balgrad.jpg\" class=\"image-gallery\"><i class=\"gallery-icon fas fa-search\"><\/i><\/a><\/div><div class=\"gutentor-gallery-item-desc\"><p class=\"gutentor-single-item-desc\"><\/p><\/div><\/div><\/div><\/div><\/div><div class=\"gutentor-gallery-item grid-lg-4 grid-md-4 grid-12\"><div class=\"gutentor-single-item gutentor-image gutentor-single-item-1\"><div class=\"gutentor-gallery-item-wrap\"><div class=\"gutentor-single-item-image-box\"><div class=\"gutentor-image-thumb\"><img loading=\"lazy\" decoding=\"async\" class=\"normal-image\" src=\"https:\/\/new.bjc.ro\/wp-content\/uploads\/2022\/11\/coresp_goga.jpg\" alt=\"\" height=\"635\" width=\"594\"\/><\/div><\/div><div class=\"gutentor-single-item-content\"><div class=\"gutentor-gallery-item-header\"><h4 class=\"gutentor-single-item-title\">Coresponden\u021ba lui Octavian Goga<\/h4><a href=\"https:\/\/new.bjc.ro\/wp-content\/uploads\/2022\/11\/coresp_goga.jpg\" class=\"image-gallery\"><i class=\"gallery-icon fas fa-search\"><\/i><\/a><\/div><div class=\"gutentor-gallery-item-desc\"><p class=\"gutentor-single-item-desc\"><\/p><\/div><\/div><\/div><\/div><\/div><div class=\"gutentor-gallery-item grid-lg-4 grid-md-4 grid-12\"><div class=\"gutentor-single-item gutentor-image gutentor-single-item-2\"><div class=\"gutentor-gallery-item-wrap\"><div class=\"gutentor-single-item-image-box\"><div class=\"gutentor-image-thumb\"><img loading=\"lazy\" decoding=\"async\" class=\"normal-image\" src=\"https:\/\/new.bjc.ro\/wp-content\/uploads\/2022\/11\/eliade.jpg\" alt=\"\" height=\"492\" width=\"545\"\/><\/div><\/div><div class=\"gutentor-single-item-content\"><div class=\"gutentor-gallery-item-header\"><h4 class=\"gutentor-single-item-title\">Coresponden\u021ba lui Mircea Eliade<\/h4><a href=\"https:\/\/new.bjc.ro\/wp-content\/uploads\/2022\/11\/eliade.jpg\" class=\"image-gallery\"><i class=\"gallery-icon fas fa-search\"><\/i><\/a><\/div><div class=\"gutentor-gallery-item-desc\"><p class=\"gutentor-single-item-desc\"><\/p><\/div><\/div><\/div><\/div><\/div><div class=\"gutentor-gallery-item grid-lg-4 grid-md-4 grid-12\"><div class=\"gutentor-single-item gutentor-image gutentor-single-item-3\"><div class=\"gutentor-gallery-item-wrap\"><div class=\"gutentor-single-item-image-box\"><div class=\"gutentor-image-thumb\"><img loading=\"lazy\" decoding=\"async\" class=\"normal-image\" src=\"https:\/\/new.bjc.ro\/wp-content\/uploads\/2022\/11\/msalexandria4.jpg\" alt=\"\" height=\"2146\" width=\"1761\"\/><\/div><\/div><div class=\"gutentor-single-item-content\"><div class=\"gutentor-gallery-item-header\"><h4 class=\"gutentor-single-item-title\">Manuscrisul Alexandria<\/h4><a href=\"https:\/\/new.bjc.ro\/wp-content\/uploads\/2022\/11\/msalexandria4.jpg\" class=\"image-gallery\"><i class=\"gallery-icon fas fa-search\"><\/i><\/a><\/div><div class=\"gutentor-gallery-item-desc\"><p class=\"gutentor-single-item-desc\"><\/p><\/div><\/div><\/div><\/div><\/div><div class=\"gutentor-gallery-item grid-lg-4 grid-md-4 grid-12\"><div class=\"gutentor-single-item gutentor-image gutentor-single-item-4\"><div class=\"gutentor-gallery-item-wrap\"><div class=\"gutentor-single-item-image-box\"><div class=\"gutentor-image-thumb\"><img loading=\"lazy\" decoding=\"async\" class=\"normal-image\" src=\"https:\/\/new.bjc.ro\/wp-content\/uploads\/2022\/11\/blaga2.jpg\" alt=\"\" height=\"546\" width=\"771\"\/><\/div><\/div><div class=\"gutentor-single-item-content\"><div class=\"gutentor-gallery-item-header\"><h4 class=\"gutentor-single-item-title\">Manuscrise Lucian Blaga<\/h4><a href=\"https:\/\/new.bjc.ro\/wp-content\/uploads\/2022\/11\/blaga2.jpg\" class=\"image-gallery\"><i class=\"gallery-icon fas fa-search\"><\/i><\/a><\/div><div class=\"gutentor-gallery-item-desc\"><p class=\"gutentor-single-item-desc\"><\/p><\/div><\/div><\/div><\/div><\/div><div class=\"gutentor-gallery-item grid-lg-4 grid-md-4 grid-12\"><div class=\"gutentor-single-item gutentor-image gutentor-single-item-5\"><div class=\"gutentor-gallery-item-wrap\"><div class=\"gutentor-single-item-image-box\"><div class=\"gutentor-image-thumb\"><img loading=\"lazy\" decoding=\"async\" class=\"normal-image\" src=\"https:\/\/new.bjc.ro\/wp-content\/uploads\/2022\/11\/nistor_1.jpg\" alt=\"\" height=\"351\" width=\"669\"\/><\/div><\/div><div class=\"gutentor-single-item-content\"><div class=\"gutentor-gallery-item-header\"><h4 class=\"gutentor-single-item-title\">Manuscrisul jurnal (3 caiete), al n\u0103s\u0103udeanului Dumitru Nistor<\/h4><a href=\"https:\/\/new.bjc.ro\/wp-content\/uploads\/2022\/11\/nistor_1.jpg\" class=\"image-gallery\"><i class=\"gallery-icon fas fa-search\"><\/i><\/a><\/div><div class=\"gutentor-gallery-item-desc\"><p class=\"gutentor-single-item-desc\"><\/p><\/div><\/div><\/div><\/div><\/div><\/div><\/div><\/section>\n\n\n\n<p><strong>Documentele aflate \u00een colec\u021biile acestui compartiment se consult\u0103 \u00een regim de sala de lectur\u0103.<\/strong><\/p>\n\n\n\n<h3 class=\"wp-block-heading\"><strong>Casa Petrescu<\/strong><\/h3>\n\n\n\n<p>Adresa: Aleea Peana nr. 7, ap. 1<\/p>\n\n\n\n<p>Tel.: 0731013294<\/p>\n\n\n\n<p>E-mail: colectiispeciale[at]bjc.ro<\/p>\n\n\n\n<p><strong>Program<\/strong> joi: 8:00 &#8211; 16:00<\/p>\n\n\n\n<p>Valorificarea colec\u021biei <a href=\"https:\/\/new.bjc.ro\/?page_id=212\">Dimitrie Popovici, Ioana Em. \u015fi Liviu Petrescu<\/a> se deruleaz\u0103 \u00een parteneriat cu Facultatea de Litere a Universit\u0103\u021bii Babe\u015f-Bolyai din CLuj-Napoca, coordonator: Prof univ. dr. Ioana Both.<\/p>\n\n\n\n<p><strong>Consultarea fondului de documente de la Casa Petrescu se face numai cu aprobarea conducerii.<\/strong><br>Pentru programare suna\u021bi la telefon: 0731013294.<\/p>\n","protected":false},"excerpt":{"rendered":"<p>Sediul&nbsp;central,&nbsp;etajul&nbsp;4&nbsp;vest Adresa:&nbsp;Calea&nbsp;Doroban\u021bilor&nbsp;nr.&nbsp;104 Telefon:&nbsp;0264-430434 E-mail:&nbsp;colectiispeciale[at]bjc.ro Program:&nbsp;luni&nbsp;12.00&nbsp;&#8211;&nbsp;20.00 \u00a0\u00a0\u00a0\u00a0\u00a0\u00a0\u00a0\u00a0\u00a0\u00a0\u00a0\u00a0\u00a0\u00a0 mar\u021bi-vineri\u00a08.00\u00a0&#8211;\u00a016.00 Compartimentul Colec\u021bii speciale, memorie \u0219i cunoa\u0219tere local\u0103 v\u0103 ofer\u0103 acces la carte veche rom\u00e2neasc\u0103 \u0219i str\u0103in\u0103, carte rar\u0103 \u0219i manuscrise, periodice vechi, fotografii \u0219i alte documente noncarte, p\u0103str\u0103toare a istoriei clujene. Patrimoniul compartimentului a crescut prin dona\u021bii consistente ale unor oameni de cultur\u0103:&hellip; <br \/> <a class=\"read-more\" href=\"https:\/\/new.bjc.ro\/?page_id=2477\">Cite\u0219te mai mult<\/a><\/p>\n","protected":false},"author":1,"featured_media":0,"parent":0,"menu_order":0,"comment_status":"closed","ping_status":"closed","template":"","meta":{"_monsterinsights_skip_tracking":false,"_monsterinsights_sitenote_active":false,"_monsterinsights_sitenote_note":"","_monsterinsights_sitenote_category":0,"_EventAllDay":false,"_EventTimezone":"","_EventStartDate":"","_EventEndDate":"","_EventStartDateUTC":"","_EventEndDateUTC":"","_EventShowMap":false,"_EventShowMapLink":false,"_EventURL":"","_EventCost":"","_EventCostDescription":"","_EventCurrencySymbol":"","_EventCurrencyCode":"","_EventCurrencyPosition":"","_EventDateTimeSeparator":"","_EventTimeRangeSeparator":"","_EventOrganizerID":[],"_EventVenueID":[],"_OrganizerEmail":"","_OrganizerPhone":"","_OrganizerWebsite":"","_VenueAddress":"","_VenueCity":"","_VenueCountry":"","_VenueProvince":"","_VenueState":"","_VenueZip":"","_VenuePhone":"","_VenueURL":"","_VenueStateProvince":"","_VenueLat":"","_VenueLng":"","_VenueShowMap":false,"_VenueShowMapLink":false,"footnotes":""},"class_list":["post-2477","page","type-page","status-publish","hentry"],"yoast_head":"<!-- This site is optimized with the Yoast SEO plugin v24.6 - https:\/\/yoast.com\/wordpress\/plugins\/seo\/ -->\n<title>Colec\u021bii speciale, memorie \u0219i cunoa\u0219tere local\u0103 - Biblioteca Jude\u021bean\u0103 \u201eOctavian Goga\u201d Cluj<\/title>\n<meta name=\"description\" content=\"Compartimentul Colec\u021bii speciale, memorie \u0219i cunoa\u0219tere local\u0103, sediul central, carte veche, carte rar\u0103, Casa Petrescu\" \/>\n<meta name=\"robots\" content=\"index, follow, max-snippet:-1, max-image-preview:large, max-video-preview:-1\" \/>\n<link rel=\"canonical\" href=\"https:\/\/new.bjc.ro\/?page_id=2477\" \/>\n<meta property=\"og:locale\" content=\"ro_RO\" \/>\n<meta property=\"og:type\" content=\"article\" \/>\n<meta property=\"og:title\" content=\"Colec\u021bii speciale, memorie \u0219i cunoa\u0219tere local\u0103 - Biblioteca Jude\u021bean\u0103 \u201eOctavian Goga\u201d Cluj\" \/>\n<meta property=\"og:description\" content=\"Compartimentul Colec\u021bii speciale, memorie \u0219i cunoa\u0219tere local\u0103, sediul central, carte veche, carte rar\u0103, Casa Petrescu\" \/>\n<meta property=\"og:url\" content=\"https:\/\/new.bjc.ro\/?page_id=2477\" \/>\n<meta property=\"og:site_name\" content=\"Biblioteca Jude\u021bean\u0103 \u201eOctavian Goga\u201d Cluj\" \/>\n<meta property=\"article:publisher\" content=\"https:\/\/www.facebook.com\/bibliotecacluj\/\" \/>\n<meta property=\"article:modified_time\" content=\"2024-04-23T05:55:26+00:00\" \/>\n<meta property=\"og:image\" content=\"https:\/\/new.bjc.ro\/wp-content\/uploads\/2024\/04\/Colectii-speciale-300.jpg\" \/>\n<meta name=\"twitter:card\" content=\"summary_large_image\" \/>\n<meta name=\"twitter:site\" content=\"@BibliotecaGoga\" \/>\n<meta name=\"twitter:label1\" content=\"Timp estimat pentru citire\" \/>\n\t<meta name=\"twitter:data1\" content=\"4 minute\" \/>\n<script type=\"application\/ld+json\" class=\"yoast-schema-graph\">{\"@context\":\"https:\/\/schema.org\",\"@graph\":[{\"@type\":\"WebPage\",\"@id\":\"https:\/\/new.bjc.ro\/?page_id=2477\",\"url\":\"https:\/\/new.bjc.ro\/?page_id=2477\",\"name\":\"Colec\u021bii speciale, memorie \u0219i cunoa\u0219tere local\u0103 - Biblioteca Jude\u021bean\u0103 \u201eOctavian Goga\u201d Cluj\",\"isPartOf\":{\"@id\":\"https:\/\/new.bjc.ro\/#website\"},\"primaryImageOfPage\":{\"@id\":\"https:\/\/new.bjc.ro\/?page_id=2477#primaryimage\"},\"image\":{\"@id\":\"https:\/\/new.bjc.ro\/?page_id=2477#primaryimage\"},\"thumbnailUrl\":\"https:\/\/new.bjc.ro\/wp-content\/uploads\/2024\/04\/Colectii-speciale-300.jpg\",\"datePublished\":\"2022-11-08T08:21:02+00:00\",\"dateModified\":\"2024-04-23T05:55:26+00:00\",\"description\":\"Compartimentul Colec\u021bii speciale, memorie \u0219i cunoa\u0219tere local\u0103, sediul central, carte veche, carte rar\u0103, Casa Petrescu\",\"breadcrumb\":{\"@id\":\"https:\/\/new.bjc.ro\/?page_id=2477#breadcrumb\"},\"inLanguage\":\"ro-RO\",\"potentialAction\":[{\"@type\":\"ReadAction\",\"target\":[\"https:\/\/new.bjc.ro\/?page_id=2477\"]}]},{\"@type\":\"ImageObject\",\"inLanguage\":\"ro-RO\",\"@id\":\"https:\/\/new.bjc.ro\/?page_id=2477#primaryimage\",\"url\":\"https:\/\/new.bjc.ro\/wp-content\/uploads\/2024\/04\/Colectii-speciale-300.jpg\",\"contentUrl\":\"https:\/\/new.bjc.ro\/wp-content\/uploads\/2024\/04\/Colectii-speciale-300.jpg\",\"width\":300,\"height\":300},{\"@type\":\"BreadcrumbList\",\"@id\":\"https:\/\/new.bjc.ro\/?page_id=2477#breadcrumb\",\"itemListElement\":[{\"@type\":\"ListItem\",\"position\":1,\"name\":\"Home\",\"item\":\"https:\/\/new.bjc.ro\/\"},{\"@type\":\"ListItem\",\"position\":2,\"name\":\"Colec\u021bii speciale, memorie \u0219i cunoa\u0219tere local\u0103\"}]},{\"@type\":\"WebSite\",\"@id\":\"https:\/\/new.bjc.ro\/#website\",\"url\":\"https:\/\/new.bjc.ro\/\",\"name\":\"Biblioteca Jude\u021bean\u0103 \u201eOctavian Goga\u201d Cluj\",\"description\":\"\",\"publisher\":{\"@id\":\"https:\/\/new.bjc.ro\/#organization\"},\"alternateName\":\"Biblioteca Jude\u021bean\u0103 Cluj\",\"potentialAction\":[{\"@type\":\"SearchAction\",\"target\":{\"@type\":\"EntryPoint\",\"urlTemplate\":\"https:\/\/new.bjc.ro\/?s={search_term_string}\"},\"query-input\":{\"@type\":\"PropertyValueSpecification\",\"valueRequired\":true,\"valueName\":\"search_term_string\"}}],\"inLanguage\":\"ro-RO\"},{\"@type\":\"Organization\",\"@id\":\"https:\/\/new.bjc.ro\/#organization\",\"name\":\"Biblioteca Jude\u021bean\u0103 \u201eOctavian Goga\u201d Cluj\",\"url\":\"https:\/\/new.bjc.ro\/\",\"logo\":{\"@type\":\"ImageObject\",\"inLanguage\":\"ro-RO\",\"@id\":\"https:\/\/new.bjc.ro\/#\/schema\/logo\/image\/\",\"url\":\"https:\/\/new.bjc.ro\/wp-content\/uploads\/2023\/03\/sigle.jpg\",\"contentUrl\":\"https:\/\/new.bjc.ro\/wp-content\/uploads\/2023\/03\/sigle.jpg\",\"width\":630,\"height\":473,\"caption\":\"Biblioteca Jude\u021bean\u0103 \u201eOctavian Goga\u201d Cluj\"},\"image\":{\"@id\":\"https:\/\/new.bjc.ro\/#\/schema\/logo\/image\/\"},\"sameAs\":[\"https:\/\/www.facebook.com\/bibliotecacluj\/\",\"https:\/\/x.com\/BibliotecaGoga\",\"https:\/\/www.instagram.com\/biblioteca_judeteana_cluj\/\",\"https:\/\/www.youtube.com\/user\/BibliotecaGoga\"]}]}<\/script>\n<!-- \/ Yoast SEO plugin. -->","yoast_head_json":{"title":"Colec\u021bii speciale, memorie \u0219i cunoa\u0219tere local\u0103 - Biblioteca Jude\u021bean\u0103 \u201eOctavian Goga\u201d Cluj","description":"Compartimentul Colec\u021bii speciale, memorie \u0219i cunoa\u0219tere local\u0103, sediul central, carte veche, carte rar\u0103, Casa Petrescu","robots":{"index":"index","follow":"follow","max-snippet":"max-snippet:-1","max-image-preview":"max-image-preview:large","max-video-preview":"max-video-preview:-1"},"canonical":"https:\/\/new.bjc.ro\/?page_id=2477","og_locale":"ro_RO","og_type":"article","og_title":"Colec\u021bii speciale, memorie \u0219i cunoa\u0219tere local\u0103 - Biblioteca Jude\u021bean\u0103 \u201eOctavian Goga\u201d Cluj","og_description":"Compartimentul Colec\u021bii speciale, memorie \u0219i cunoa\u0219tere local\u0103, sediul central, carte veche, carte rar\u0103, Casa Petrescu","og_url":"https:\/\/new.bjc.ro\/?page_id=2477","og_site_name":"Biblioteca Jude\u021bean\u0103 \u201eOctavian Goga\u201d Cluj","article_publisher":"https:\/\/www.facebook.com\/bibliotecacluj\/","article_modified_time":"2024-04-23T05:55:26+00:00","og_image":[{"url":"https:\/\/new.bjc.ro\/wp-content\/uploads\/2024\/04\/Colectii-speciale-300.jpg","type":"","width":"","height":""}],"twitter_card":"summary_large_image","twitter_site":"@BibliotecaGoga","twitter_misc":{"Timp estimat pentru citire":"4 minute"},"schema":{"@context":"https:\/\/schema.org","@graph":[{"@type":"WebPage","@id":"https:\/\/new.bjc.ro\/?page_id=2477","url":"https:\/\/new.bjc.ro\/?page_id=2477","name":"Colec\u021bii speciale, memorie \u0219i cunoa\u0219tere local\u0103 - Biblioteca Jude\u021bean\u0103 \u201eOctavian Goga\u201d Cluj","isPartOf":{"@id":"https:\/\/new.bjc.ro\/#website"},"primaryImageOfPage":{"@id":"https:\/\/new.bjc.ro\/?page_id=2477#primaryimage"},"image":{"@id":"https:\/\/new.bjc.ro\/?page_id=2477#primaryimage"},"thumbnailUrl":"https:\/\/new.bjc.ro\/wp-content\/uploads\/2024\/04\/Colectii-speciale-300.jpg","datePublished":"2022-11-08T08:21:02+00:00","dateModified":"2024-04-23T05:55:26+00:00","description":"Compartimentul Colec\u021bii speciale, memorie \u0219i cunoa\u0219tere local\u0103, sediul central, carte veche, carte rar\u0103, Casa Petrescu","breadcrumb":{"@id":"https:\/\/new.bjc.ro\/?page_id=2477#breadcrumb"},"inLanguage":"ro-RO","potentialAction":[{"@type":"ReadAction","target":["https:\/\/new.bjc.ro\/?page_id=2477"]}]},{"@type":"ImageObject","inLanguage":"ro-RO","@id":"https:\/\/new.bjc.ro\/?page_id=2477#primaryimage","url":"https:\/\/new.bjc.ro\/wp-content\/uploads\/2024\/04\/Colectii-speciale-300.jpg","contentUrl":"https:\/\/new.bjc.ro\/wp-content\/uploads\/2024\/04\/Colectii-speciale-300.jpg","width":300,"height":300},{"@type":"BreadcrumbList","@id":"https:\/\/new.bjc.ro\/?page_id=2477#breadcrumb","itemListElement":[{"@type":"ListItem","position":1,"name":"Home","item":"https:\/\/new.bjc.ro\/"},{"@type":"ListItem","position":2,"name":"Colec\u021bii speciale, memorie \u0219i cunoa\u0219tere local\u0103"}]},{"@type":"WebSite","@id":"https:\/\/new.bjc.ro\/#website","url":"https:\/\/new.bjc.ro\/","name":"Biblioteca Jude\u021bean\u0103 \u201eOctavian Goga\u201d Cluj","description":"","publisher":{"@id":"https:\/\/new.bjc.ro\/#organization"},"alternateName":"Biblioteca Jude\u021bean\u0103 Cluj","potentialAction":[{"@type":"SearchAction","target":{"@type":"EntryPoint","urlTemplate":"https:\/\/new.bjc.ro\/?s={search_term_string}"},"query-input":{"@type":"PropertyValueSpecification","valueRequired":true,"valueName":"search_term_string"}}],"inLanguage":"ro-RO"},{"@type":"Organization","@id":"https:\/\/new.bjc.ro\/#organization","name":"Biblioteca Jude\u021bean\u0103 \u201eOctavian Goga\u201d Cluj","url":"https:\/\/new.bjc.ro\/","logo":{"@type":"ImageObject","inLanguage":"ro-RO","@id":"https:\/\/new.bjc.ro\/#\/schema\/logo\/image\/","url":"https:\/\/new.bjc.ro\/wp-content\/uploads\/2023\/03\/sigle.jpg","contentUrl":"https:\/\/new.bjc.ro\/wp-content\/uploads\/2023\/03\/sigle.jpg","width":630,"height":473,"caption":"Biblioteca Jude\u021bean\u0103 \u201eOctavian Goga\u201d Cluj"},"image":{"@id":"https:\/\/new.bjc.ro\/#\/schema\/logo\/image\/"},"sameAs":["https:\/\/www.facebook.com\/bibliotecacluj\/","https:\/\/x.com\/BibliotecaGoga","https:\/\/www.instagram.com\/biblioteca_judeteana_cluj\/","https:\/\/www.youtube.com\/user\/BibliotecaGoga"]}]}},"_links":{"self":[{"href":"https:\/\/new.bjc.ro\/index.php?rest_route=\/wp\/v2\/pages\/2477","targetHints":{"allow":["GET"]}}],"collection":[{"href":"https:\/\/new.bjc.ro\/index.php?rest_route=\/wp\/v2\/pages"}],"about":[{"href":"https:\/\/new.bjc.ro\/index.php?rest_route=\/wp\/v2\/types\/page"}],"author":[{"embeddable":true,"href":"https:\/\/new.bjc.ro\/index.php?rest_route=\/wp\/v2\/users\/1"}],"replies":[{"embeddable":true,"href":"https:\/\/new.bjc.ro\/index.php?rest_route=%2Fwp%2Fv2%2Fcomments&post=2477"}],"version-history":[{"count":41,"href":"https:\/\/new.bjc.ro\/index.php?rest_route=\/wp\/v2\/pages\/2477\/revisions"}],"predecessor-version":[{"id":9046,"href":"https:\/\/new.bjc.ro\/index.php?rest_route=\/wp\/v2\/pages\/2477\/revisions\/9046"}],"wp:attachment":[{"href":"https:\/\/new.bjc.ro\/index.php?rest_route=%2Fwp%2Fv2%2Fmedia&parent=2477"}],"curies":[{"name":"wp","href":"https:\/\/api.w.org\/{rel}","templated":true}]}}