{"id":253,"date":"2022-08-09T10:34:58","date_gmt":"2022-08-09T10:34:58","guid":{"rendered":"https:\/\/new.bjc.ro\/?page_id=253"},"modified":"2025-07-18T11:06:44","modified_gmt":"2025-07-18T08:06:44","slug":"biblioteca-de-specialitate","status":"publish","type":"page","link":"https:\/\/new.bjc.ro\/?page_id=253","title":{"rendered":"Biblioteca de specialitate"},"content":{"rendered":"\n<p>Propunem bibliotecarilor c\u00e2teva resurse profesionale \u00een format electronic:<\/p>\n\n\n\n<ol class=\"wp-block-list\">\n<li>\u201e<a href=\"https:\/\/new.bjc.ro\/wp-content\/uploads\/2025\/07\/10-practici-pentru-servicii-de-calitate-oferite-de-personalul-bibliotecii.pdf\">10 practici pentru servicii de calitate oferite de personalul bibliotecii<\/a>&#8222;<\/li>\n\n\n\n<li><a href=\"https:\/\/new.bjc.ro\/wp-content\/uploads\/2023\/02\/1-Management.pdf\">Management pentru viitor: biblioteci \u015fi arhive<\/a><\/li>\n\n\n\n<li>Maija Berndtson, Henk Das, Rolf Hapel.<a href=\"https:\/\/new.bjc.ro\/wp-content\/uploads\/2023\/02\/2-impact_virtual.pdf\"><em>Impactul virtual asupra bibliotecii fizice. Viziuni pentru o schimbare \u201einteligent\u01ce&#8221;<\/em><\/a><\/li>\n\n\n\n<li>Maija Berndtson.&nbsp;<a href=\"https:\/\/new.bjc.ro\/wp-content\/uploads\/2023\/02\/3-reteaua_internationala_de_biblioteci_publice.pdf\">Re\u0163eaua interna\u0163ional\u0103 de biblioteci publice: Autoevaluarea managementului<\/a><\/li>\n\n\n\n<li><a href=\"https:\/\/new.bjc.ro\/wp-content\/uploads\/2023\/02\/4-Ghid-adolescenti-.pdf\">Ghid de bune practici pentru servicii \u015fi programe dedicate adolescen\u0163ilor \u015fi tinerilor adul\u0163i cu v\u00e2rsta cuprins\u0103 \u00eentre 14 \u015fi 25 de ani<\/a><\/li>\n\n\n\n<li><a href=\"https:\/\/new.bjc.ro\/wp-content\/uploads\/2023\/02\/5-studiu_Cluj.pdf\">Studiu privind serviciile \u015fi programele pentru adolescen\u0163i \u015fi tineri adul\u0163i (14-25 ani) din bibliotecile rom\u00e2ne\u015fti<\/a><\/li>\n\n\n\n<li><a href=\"https:\/\/new.bjc.ro\/wp-content\/uploads\/2023\/02\/6-ghid_copii__brasov_final.pdf\">Ghidul celor mai bune servicii \u015fi programe dedicate copiilor cu v\u00e2rste cuprinse \u00eentre 0 \u015fi 14 ani<\/a><\/li>\n\n\n\n<li><a href=\"https:\/\/new.bjc.ro\/wp-content\/uploads\/2023\/02\/7-studiubrasov1.pdf\">Servicii \u015fi programe pentru copiii cu v\u00e2rste \u00eentre 0-14 ani: studiu<\/a> &nbsp;<\/li>\n\n\n\n<li><a href=\"https:\/\/new.bjc.ro\/wp-content\/uploads\/2023\/02\/8-gl_ghid_bune_practici.pdf\">Ghidul \u201eCum se face?&#8221; al celor mai bune practici pentru servicii \u0219i programe dedicate adul\u021bilor cu v\u00e2rsta cuprins\u0103 \u00eentre 41 \u0219i 60 ani<\/a> &nbsp;<\/li>\n\n\n\n<li><a href=\"https:\/\/new.bjc.ro\/wp-content\/uploads\/2023\/02\/9-studiu_centru_de_excelenta_41_60_ani_galati.pdf\">Servicii \u015fi programe pentru adul\u0163i cu v\u00e2rsta cuprins\u0103 \u00eentre 41-60 ani: studiu<\/a><\/li>\n\n\n\n<li><a href=\"https:\/\/new.bjc.ro\/wp-content\/uploads\/2023\/02\/10-Ghidul-activitatilor-metodologice.pdf\">Ghidul activit\u0103\u0163ilor de \u00eendrumare metodic\u0103 \u00een bibliotecile publice<\/a><\/li>\n\n\n\n<li><a href=\"https:\/\/new.bjc.ro\/wp-content\/uploads\/2023\/02\/11-Social-media.pdf\">Social media, copiii, tinerii @ biblioteca &#8211; ghid pentru siguran\u0163a \u00een mediul virtual, p\u0103strarea caracterului privat \u015fi comportamentul online<\/a><\/li>\n\n\n\n<li><a href=\"https:\/\/new.bjc.ro\/wp-content\/uploads\/2023\/02\/12-guidelines-for-childrens-libraries-services-ro.pdf\" target=\"_blank\" rel=\"noreferrer noopener\">Ghid pentru servicii de bibliotec\u0103 destinate copiilor<\/a><\/li>\n\n\n\n<li><a href=\"https:\/\/new.bjc.ro\/wp-content\/uploads\/2023\/02\/13-100-ro.pdf\" target=\"_blank\" rel=\"noreferrer noopener\">Ghidul serviciilor de bibliotec\u0103 destinate copiilor cu v\u00e2rste cuprinse \u00eentre 0 \u015fi 3 ani<\/a><\/li>\n\n\n\n<li><a href=\"https:\/\/new.bjc.ro\/wp-content\/uploads\/2023\/02\/14-ya-guidelines2-ro.pdf\" target=\"_blank\" rel=\"noreferrer noopener\">Ghid pentru servicii de bibliotec\u0103 destinate tinerilor<\/a><\/li>\n\n\n\n<li><a href=\"https:\/\/new.bjc.ro\/wp-content\/uploads\/2023\/02\/15-probip_indicatori_de_performanta.pdf\">PROBIP 2000 &#8211; Indicatori de performan\u021b\u0103<\/a><\/li>\n\n\n\n<li><a href=\"https:\/\/new.bjc.ro\/wp-content\/uploads\/2023\/02\/16-teachermakercampcookbook_romana_final.pdf\">Manual de activit\u0103\u021bi practice<\/a><\/li>\n\n\n\n<li><a href=\"https:\/\/new.bjc.ro\/wp-content\/uploads\/2023\/02\/17-iflaunesco_public_library_manifesto_2022_rom.pdf\">Manifestul Bibliotecii Publice IFLA-UNESCO 2022<\/a><\/li>\n\n\n\n<li><a href=\"https:\/\/new.bjc.ro\/wp-content\/uploads\/2023\/02\/alibrarymanifestoforeurope1_ro.pdf\">Manifestul bibliotecilor c\u0103tre Europa<\/a><\/li>\n<\/ol>\n\n\n<p style=\"margin: 0mm; margin-bottom: .0001pt;\"><a name=\"_GoBack\"><\/a>Adrese web utile pentru bibliotecari<\/p>\n<p><!-- \/wp:post-content --><!-- wp:paragraph --><\/p>\n<p style=\"margin: 0mm; margin-bottom: .0001pt;\">1. Pagina web a bibliotecii: <a href=\"https:\/\/new.bjc.ro\/?page_id=2569\">Leg\u0103turi utile<\/a>: adresele principalelor biblioteci din Rom\u00e2nia, adresele asocia\u0163iilor profesionale rom\u00e2ne\u015fti<br \/>2.&nbsp;<a href=\"http:\/\/www.ifla.org\">IFLA &#8211; Federa\u0163ia Asocia\u0163iilor de Biblioteci \u015fi Institu\u0163ii<\/a><\/p>\n<p style=\"margin: 0mm; margin-bottom: .0001pt;\">3.<a href=\"http:\/\/www.cerlim.ac.uk\/index.php\">CERLIM &#8211; Centre for Research in Library and Information Management<\/a><\/p>\n<p style=\"margin: 0mm; margin-bottom: .0001pt;\">Centrul de Cercetare pentru Biblioteci \u015fi Management Informa\u0163ional<br \/>4.<a href=\"http:\/\/www.cilip.org.uk\/default.cilip\">CILIP- Chartered Institute of Library and Information Professionals&nbsp;<\/a><br \/>Institutul Specializat pentru Profesioni\u015ftii de Bibliotec\u0103 \u015fi \u00een Informare<br \/>5.&nbsp;<a href=\"http:\/\/www.oclc.org\/\">OCLC &#8211; Catalogul bibliografic mondial<\/a><br \/>One of the premier worldwide bibliographic utilities.<br \/>6.<a href=\"http:\/\/www.ala.org\/\">ALA &#8211; American Library Association&nbsp;<\/a> &#8211; Asocia\u0163ia Bibliotecilor Americane<br \/>7. elearningeuropa.info<br \/>Exist\u0103 informa\u0163ie \u015fi \u00een&nbsp;<a href=\"http:\/\/www.elearningeuropa.info\/newsletter\/index.php?lng=ro&amp;page=home&amp;service=4&amp;max=12\">limba rom\u00e2n\u0103<\/a><br \/>8.&nbsp;<a href=\"http:\/\/www.philobiblon.ro\/\">Revista Philobiblon<\/a> &nbsp;(BCU Cluj)<\/p>\n<p style=\"margin: 0mm; margin-bottom: .0001pt;\">9.<a href=\"http:\/\/bkdb.trakya.edu.tr\/index.php\/bluj\/about\"> Journal of Balkan Libraries Unio<\/a><\/p>\n<p><!-- \/wp:paragraph --><!-- wp:paragraph --><\/p>\n<p><!-- \/wp:paragraph --><!-- wp:paragraph --><\/p>\n<p><!-- \/wp:paragraph --><!-- wp:paragraph --><\/p>\n<p><!-- \/wp:paragraph --><\/p>","protected":false},"excerpt":{"rendered":"<p>Propunem bibliotecarilor c\u00e2teva resurse profesionale \u00een format electronic: Adrese web utile pentru bibliotecari 1. Pagina web a bibliotecii: Leg\u0103turi utile: adresele principalelor biblioteci din Rom\u00e2nia, adresele asocia\u0163iilor profesionale rom\u00e2ne\u015fti2.&nbsp;IFLA &#8211; Federa\u0163ia Asocia\u0163iilor de Biblioteci \u015fi Institu\u0163ii 3.CERLIM &#8211; Centre for Research in Library and Information Management Centrul de Cercetare pentru&hellip; <br \/> <a class=\"read-more\" href=\"https:\/\/new.bjc.ro\/?page_id=253\">Cite\u0219te mai mult<\/a><\/p>\n","protected":false},"author":1,"featured_media":0,"parent":0,"menu_order":0,"comment_status":"closed","ping_status":"closed","template":"","meta":{"_monsterinsights_skip_tracking":false,"_monsterinsights_sitenote_active":false,"_monsterinsights_sitenote_note":"","_monsterinsights_sitenote_category":0,"_EventAllDay":false,"_EventTimezone":"","_EventStartDate":"","_EventEndDate":"","_EventStartDateUTC":"","_EventEndDateUTC":"","_EventShowMap":false,"_EventShowMapLink":false,"_EventURL":"","_EventCost":"","_EventCostDescription":"","_EventCurrencySymbol":"","_EventCurrencyCode":"","_EventCurrencyPosition":"","_EventDateTimeSeparator":"","_EventTimeRangeSeparator":"","_EventOrganizerID":[],"_EventVenueID":[],"_OrganizerEmail":"","_OrganizerPhone":"","_OrganizerWebsite":"","_VenueAddress":"","_VenueCity":"","_VenueCountry":"","_VenueProvince":"","_VenueState":"","_VenueZip":"","_VenuePhone":"","_VenueURL":"","_VenueStateProvince":"","_VenueLat":"","_VenueLng":"","_VenueShowMap":false,"_VenueShowMapLink":false,"footnotes":""},"class_list":["post-253","page","type-page","status-publish","hentry"],"yoast_head":"<!-- This site is optimized with the Yoast SEO plugin v24.6 - https:\/\/yoast.com\/wordpress\/plugins\/seo\/ -->\n<title>Biblioteca de specialitate - Biblioteca Jude\u021bean\u0103 \u201eOctavian Goga\u201d Cluj<\/title>\n<meta name=\"description\" content=\"Resurse profesionale \u00een format electronic, adrese web utile pentru bibliotecari\" \/>\n<meta name=\"robots\" content=\"index, follow, max-snippet:-1, max-image-preview:large, max-video-preview:-1\" \/>\n<link rel=\"canonical\" href=\"https:\/\/new.bjc.ro\/?page_id=253\" \/>\n<meta property=\"og:locale\" content=\"ro_RO\" \/>\n<meta property=\"og:type\" content=\"article\" \/>\n<meta property=\"og:title\" content=\"Biblioteca de specialitate - Biblioteca Jude\u021bean\u0103 \u201eOctavian Goga\u201d Cluj\" \/>\n<meta property=\"og:description\" content=\"Resurse profesionale \u00een format electronic, adrese web utile pentru bibliotecari\" \/>\n<meta property=\"og:url\" content=\"https:\/\/new.bjc.ro\/?page_id=253\" \/>\n<meta property=\"og:site_name\" content=\"Biblioteca Jude\u021bean\u0103 \u201eOctavian Goga\u201d Cluj\" \/>\n<meta property=\"article:publisher\" content=\"https:\/\/www.facebook.com\/bibliotecacluj\/\" \/>\n<meta property=\"article:modified_time\" content=\"2025-07-18T08:06:44+00:00\" \/>\n<meta property=\"og:image\" content=\"https:\/\/new.bjc.ro\/wp-content\/uploads\/2023\/01\/IMG_5597-1.jpg\" \/>\n\t<meta property=\"og:image:width\" content=\"2000\" \/>\n\t<meta property=\"og:image:height\" content=\"1333\" \/>\n\t<meta property=\"og:image:type\" content=\"image\/jpeg\" \/>\n<meta name=\"twitter:card\" content=\"summary_large_image\" \/>\n<meta name=\"twitter:site\" content=\"@BibliotecaGoga\" \/>\n<meta name=\"twitter:label1\" content=\"Timp estimat pentru citire\" \/>\n\t<meta name=\"twitter:data1\" content=\"2 minute\" \/>\n<script type=\"application\/ld+json\" class=\"yoast-schema-graph\">{\"@context\":\"https:\/\/schema.org\",\"@graph\":[{\"@type\":\"WebPage\",\"@id\":\"https:\/\/new.bjc.ro\/?page_id=253\",\"url\":\"https:\/\/new.bjc.ro\/?page_id=253\",\"name\":\"Biblioteca de specialitate - Biblioteca Jude\u021bean\u0103 \u201eOctavian Goga\u201d Cluj\",\"isPartOf\":{\"@id\":\"https:\/\/new.bjc.ro\/#website\"},\"datePublished\":\"2022-08-09T10:34:58+00:00\",\"dateModified\":\"2025-07-18T08:06:44+00:00\",\"description\":\"Resurse profesionale \u00een format electronic, adrese web utile pentru bibliotecari\",\"breadcrumb\":{\"@id\":\"https:\/\/new.bjc.ro\/?page_id=253#breadcrumb\"},\"inLanguage\":\"ro-RO\",\"potentialAction\":[{\"@type\":\"ReadAction\",\"target\":[\"https:\/\/new.bjc.ro\/?page_id=253\"]}]},{\"@type\":\"BreadcrumbList\",\"@id\":\"https:\/\/new.bjc.ro\/?page_id=253#breadcrumb\",\"itemListElement\":[{\"@type\":\"ListItem\",\"position\":1,\"name\":\"Home\",\"item\":\"https:\/\/new.bjc.ro\/\"},{\"@type\":\"ListItem\",\"position\":2,\"name\":\"Biblioteca de specialitate\"}]},{\"@type\":\"WebSite\",\"@id\":\"https:\/\/new.bjc.ro\/#website\",\"url\":\"https:\/\/new.bjc.ro\/\",\"name\":\"Biblioteca Jude\u021bean\u0103 \u201eOctavian Goga\u201d Cluj\",\"description\":\"\",\"publisher\":{\"@id\":\"https:\/\/new.bjc.ro\/#organization\"},\"alternateName\":\"Biblioteca Jude\u021bean\u0103 Cluj\",\"potentialAction\":[{\"@type\":\"SearchAction\",\"target\":{\"@type\":\"EntryPoint\",\"urlTemplate\":\"https:\/\/new.bjc.ro\/?s={search_term_string}\"},\"query-input\":{\"@type\":\"PropertyValueSpecification\",\"valueRequired\":true,\"valueName\":\"search_term_string\"}}],\"inLanguage\":\"ro-RO\"},{\"@type\":\"Organization\",\"@id\":\"https:\/\/new.bjc.ro\/#organization\",\"name\":\"Biblioteca Jude\u021bean\u0103 \u201eOctavian Goga\u201d Cluj\",\"url\":\"https:\/\/new.bjc.ro\/\",\"logo\":{\"@type\":\"ImageObject\",\"inLanguage\":\"ro-RO\",\"@id\":\"https:\/\/new.bjc.ro\/#\/schema\/logo\/image\/\",\"url\":\"https:\/\/new.bjc.ro\/wp-content\/uploads\/2023\/03\/sigle.jpg\",\"contentUrl\":\"https:\/\/new.bjc.ro\/wp-content\/uploads\/2023\/03\/sigle.jpg\",\"width\":630,\"height\":473,\"caption\":\"Biblioteca Jude\u021bean\u0103 \u201eOctavian Goga\u201d Cluj\"},\"image\":{\"@id\":\"https:\/\/new.bjc.ro\/#\/schema\/logo\/image\/\"},\"sameAs\":[\"https:\/\/www.facebook.com\/bibliotecacluj\/\",\"https:\/\/x.com\/BibliotecaGoga\",\"https:\/\/www.instagram.com\/biblioteca_judeteana_cluj\/\",\"https:\/\/www.youtube.com\/user\/BibliotecaGoga\"]}]}<\/script>\n<!-- \/ Yoast SEO plugin. -->","yoast_head_json":{"title":"Biblioteca de specialitate - Biblioteca Jude\u021bean\u0103 \u201eOctavian Goga\u201d Cluj","description":"Resurse profesionale \u00een format electronic, adrese web utile pentru bibliotecari","robots":{"index":"index","follow":"follow","max-snippet":"max-snippet:-1","max-image-preview":"max-image-preview:large","max-video-preview":"max-video-preview:-1"},"canonical":"https:\/\/new.bjc.ro\/?page_id=253","og_locale":"ro_RO","og_type":"article","og_title":"Biblioteca de specialitate - Biblioteca Jude\u021bean\u0103 \u201eOctavian Goga\u201d Cluj","og_description":"Resurse profesionale \u00een format electronic, adrese web utile pentru bibliotecari","og_url":"https:\/\/new.bjc.ro\/?page_id=253","og_site_name":"Biblioteca Jude\u021bean\u0103 \u201eOctavian Goga\u201d Cluj","article_publisher":"https:\/\/www.facebook.com\/bibliotecacluj\/","article_modified_time":"2025-07-18T08:06:44+00:00","og_image":[{"width":2000,"height":1333,"url":"https:\/\/new.bjc.ro\/wp-content\/uploads\/2023\/01\/IMG_5597-1.jpg","type":"image\/jpeg"}],"twitter_card":"summary_large_image","twitter_site":"@BibliotecaGoga","twitter_misc":{"Timp estimat pentru citire":"2 minute"},"schema":{"@context":"https:\/\/schema.org","@graph":[{"@type":"WebPage","@id":"https:\/\/new.bjc.ro\/?page_id=253","url":"https:\/\/new.bjc.ro\/?page_id=253","name":"Biblioteca de specialitate - Biblioteca Jude\u021bean\u0103 \u201eOctavian Goga\u201d Cluj","isPartOf":{"@id":"https:\/\/new.bjc.ro\/#website"},"datePublished":"2022-08-09T10:34:58+00:00","dateModified":"2025-07-18T08:06:44+00:00","description":"Resurse profesionale \u00een format electronic, adrese web utile pentru bibliotecari","breadcrumb":{"@id":"https:\/\/new.bjc.ro\/?page_id=253#breadcrumb"},"inLanguage":"ro-RO","potentialAction":[{"@type":"ReadAction","target":["https:\/\/new.bjc.ro\/?page_id=253"]}]},{"@type":"BreadcrumbList","@id":"https:\/\/new.bjc.ro\/?page_id=253#breadcrumb","itemListElement":[{"@type":"ListItem","position":1,"name":"Home","item":"https:\/\/new.bjc.ro\/"},{"@type":"ListItem","position":2,"name":"Biblioteca de specialitate"}]},{"@type":"WebSite","@id":"https:\/\/new.bjc.ro\/#website","url":"https:\/\/new.bjc.ro\/","name":"Biblioteca Jude\u021bean\u0103 \u201eOctavian Goga\u201d Cluj","description":"","publisher":{"@id":"https:\/\/new.bjc.ro\/#organization"},"alternateName":"Biblioteca Jude\u021bean\u0103 Cluj","potentialAction":[{"@type":"SearchAction","target":{"@type":"EntryPoint","urlTemplate":"https:\/\/new.bjc.ro\/?s={search_term_string}"},"query-input":{"@type":"PropertyValueSpecification","valueRequired":true,"valueName":"search_term_string"}}],"inLanguage":"ro-RO"},{"@type":"Organization","@id":"https:\/\/new.bjc.ro\/#organization","name":"Biblioteca Jude\u021bean\u0103 \u201eOctavian Goga\u201d Cluj","url":"https:\/\/new.bjc.ro\/","logo":{"@type":"ImageObject","inLanguage":"ro-RO","@id":"https:\/\/new.bjc.ro\/#\/schema\/logo\/image\/","url":"https:\/\/new.bjc.ro\/wp-content\/uploads\/2023\/03\/sigle.jpg","contentUrl":"https:\/\/new.bjc.ro\/wp-content\/uploads\/2023\/03\/sigle.jpg","width":630,"height":473,"caption":"Biblioteca Jude\u021bean\u0103 \u201eOctavian Goga\u201d Cluj"},"image":{"@id":"https:\/\/new.bjc.ro\/#\/schema\/logo\/image\/"},"sameAs":["https:\/\/www.facebook.com\/bibliotecacluj\/","https:\/\/x.com\/BibliotecaGoga","https:\/\/www.instagram.com\/biblioteca_judeteana_cluj\/","https:\/\/www.youtube.com\/user\/BibliotecaGoga"]}]}},"_links":{"self":[{"href":"https:\/\/new.bjc.ro\/index.php?rest_route=\/wp\/v2\/pages\/253","targetHints":{"allow":["GET"]}}],"collection":[{"href":"https:\/\/new.bjc.ro\/index.php?rest_route=\/wp\/v2\/pages"}],"about":[{"href":"https:\/\/new.bjc.ro\/index.php?rest_route=\/wp\/v2\/types\/page"}],"author":[{"embeddable":true,"href":"https:\/\/new.bjc.ro\/index.php?rest_route=\/wp\/v2\/users\/1"}],"replies":[{"embeddable":true,"href":"https:\/\/new.bjc.ro\/index.php?rest_route=%2Fwp%2Fv2%2Fcomments&post=253"}],"version-history":[{"count":19,"href":"https:\/\/new.bjc.ro\/index.php?rest_route=\/wp\/v2\/pages\/253\/revisions"}],"predecessor-version":[{"id":10958,"href":"https:\/\/new.bjc.ro\/index.php?rest_route=\/wp\/v2\/pages\/253\/revisions\/10958"}],"wp:attachment":[{"href":"https:\/\/new.bjc.ro\/index.php?rest_route=%2Fwp%2Fv2%2Fmedia&parent=253"}],"curies":[{"name":"wp","href":"https:\/\/api.w.org\/{rel}","templated":true}]}}