{"id":2569,"date":"2022-11-11T08:19:20","date_gmt":"2022-11-11T08:19:20","guid":{"rendered":"https:\/\/new.bjc.ro\/?page_id=2569"},"modified":"2025-01-30T09:36:30","modified_gmt":"2025-01-30T07:36:30","slug":"legaturi-utile","status":"publish","type":"page","link":"https:\/\/new.bjc.ro\/?page_id=2569","title":{"rendered":"Leg\u0103turi utile"},"content":{"rendered":"\n<section id=\"39f170\" class=\"section-39f170 gutentor-module gutentor-module-tabs gutentor-tabs-layout-horizontal gutentor-tabs-pos-top\"><div class=\"grid-container\"><div class=\"gutentor-module-tabs-wrap gutentor-tabs-style-fill\" data-id=\"39f170\"><div class=\"gutentor-module-tabs-nav\"><span class=\"gutentor-module-tabs-item gm-tt-39f170 gutentor-tabs-nav-active\"><span class=\"gutentor-module-tabs-title\">Biblioteci publice<\/span><\/span><span class=\"gutentor-module-tabs-item gm-tt-39f170\"><span class=\"gutentor-module-tabs-title\">Biblioteci academice<\/span><\/span><span class=\"gutentor-module-tabs-item gm-tt-39f170\"><span class=\"gutentor-module-tabs-title\">Asocia\u0163ii profesionale<\/span><\/span><span class=\"gutentor-module-tabs-item gm-tt-39f170\"><span class=\"gutentor-module-tabs-title\">Institu\u021bii clujene<\/span><\/span><span class=\"gutentor-module-tabs-item gm-tt-39f170\"><span class=\"gutentor-module-tabs-title\">Institu\u021bii de cultur\u0103<\/span><\/span><\/div><div class=\"gutentor-module-tabs-body\">\n<div class=\"wp-block-gutentor-m7-tab gutentor-module-tabs-content gm-tc-39f170 gutentor-tabs-content-active\">\n<p><a rel=\"noreferrer noopener\" href=\"http:\/\/www.cultura.ro\/comisia-nationala-bibliotecilor-si-reluat-activitatea\" target=\"_blank\">Comisia Na\u0163ional\u0103 a Bibliotecilor<\/a><\/p>\n\n\n\n<p><a href=\"http:\/\/www.bibnat.ro\/\">Biblioteca Na\u0163ional\u0103 a Rom\u00e2niei<\/a><\/p>\n\n\n\n<p><a href=\"http:\/\/www.bmms.ro\/\">Biblioteca Metropolitan\u0103 Bucure\u015fti<\/a><\/p>\n\n\n\n<p class=\"has-text-align-left\"><strong>Biblioteci jude\u021bene<\/strong><\/p>\n\n\n\n<section id=\"gmd706692\" class=\"wp-block-gutentor-m4 section-gmd706692 gutentor-module gutentor-advanced-columns\"><div class=\"grid-container\"><div class=\"grid-row\">\n<div id=\"col-gmae0364\" class=\"wp-block-gutentor-m4-col col-gmae0364 gutentor-single-column  grid-lg-6 grid-md-12 grid-12\"><div id=\"section-gmae0364\" class=\"section-gmae0364 gutentor-col-wrap\">\n<p><a href=\"http:\/\/www.bjalba.ro\">Alba &#8222;Lucian Blaga&#8221;<\/a><\/p>\n\n\n\n<p><a href=\"http:\/\/www.bibliotecaarad.ro\/\">Arad &#8222;A. D. Xenopol&#8221;<\/a><\/p>\n\n\n\n<p><a href=\"http:\/\/bjarges.ro\/\">Arge\u015f &#8222;Dinicu Golescu&#8221;<\/a><\/p>\n\n\n\n<p><a href=\"https:\/\/www.bjbacau.ro\/\">Bac\u0103u &#8222;I. C. Sturdza&#8221;<\/a><\/p>\n\n\n\n<p><a href=\"http:\/\/www.bibliobihor.ro\/\">Bihor &#8222;Gheorghe \u015eincai&#8221;<\/a><\/p>\n\n\n\n<p><a href=\"http:\/\/www.bjbn.ro\/index.php\">Bistri\u0163a-N\u0103s\u0103ud &#8222;George Co\u015fbuc&#8221;<\/a><\/p>\n\n\n\n<p><a href=\"http:\/\/www.bibliotecabotosani.ro\/\">Boto\u015fani &#8222;Mihai Eminescu&#8221;<\/a><\/p>\n\n\n\n<p><a href=\"http:\/\/www.bjbv.ro\/\">Bra\u015fov &#8222;George Bari\u0163iu&#8221;<\/a><\/p>\n\n\n\n<p><a href=\"http:\/\/www.bjbraila.ro\/\">Br\u0103ila &#8222;Panait Istrati&#8221;<\/a><\/p>\n\n\n\n<p><a href=\"http:\/\/bjvvbuzau.ro\/home.htm\">Buz\u0103u &#8222;V. Voiculescu&#8221;<\/a><\/p>\n\n\n\n<p><a href=\"http:\/\/www.bjcs.ro\/\">Cara\u015f-Severin &#8222;P. Iorgovici&#8221;<\/a><\/p>\n\n\n\n<p><a href=\"https:\/\/www.bjcalarasi.ro\/\">C\u0103l\u0103ra\u015fi &#8222;Alexandru Odobescu&#8221;<\/a><\/p>\n\n\n\n<p><a href=\"https:\/\/bjconstanta.ro\/\">Constan\u0163a &#8222;Ioan N. Roman&#8221;<\/a><\/p>\n\n\n\n<p><a href=\"http:\/\/www.kmkt.ro\/\">Covasna &#8222;Bod P\u00e9ter&#8221;<\/a> <a href=\"http:\/\/www.kmkt.ro\/\"><\/a><\/p>\n\n\n\n<p><a href=\"http:\/\/www.bjdb.ro\/\">D\u00e2mbovi\u0163a &#8222;I. H. R\u0103dulescu&#8221;<\/a><\/p>\n\n\n\n<p><a href=\"http:\/\/www.aman.ro\/\">Dolj &#8222;Alex \u015fi Aristia Aman&#8221;<\/a><\/p>\n\n\n\n<p><a href=\"http:\/\/www.bvau.ro\/\">Gala\u0163i &#8222;V. A. Urechia&#8221;<\/a><\/p>\n\n\n\n<p><a href=\"https:\/\/www.bjgiurgiu.ro\/\">Giurgiu &#8222;I. A. Bassarabescu&#8221;<\/a><\/p>\n\n\n\n<p><a href=\"http:\/\/www.bibliotell.ro\/\">Gorj &#8222;Christian Tell&#8221;<\/a><\/p>\n\n\n\n<p><a href=\"https:\/\/biblioteca.judetulharghita.ro\/\">Harghita &#8222;K\u00e1joni J\u00e1nos&#8221;<\/a> <a href=\"http:\/\/bibliohr.topnet.ro\/\"><\/a><a href=\"https:\/\/biblioteca.judetulharghita.ro\/\"><\/a><\/p>\n<\/div><\/div>\n\n\n\n<div id=\"col-gmab4fa8\" class=\"wp-block-gutentor-m4-col col-gmab4fa8 gutentor-single-column  grid-lg-6 grid-md-12 grid-12\"><div id=\"section-gmab4fa8\" class=\"section-gmab4fa8 gutentor-col-wrap\">\n<p><a href=\"https:\/\/www.bibliotecadeva.ro\/\">Hunedoara &#8222;O. Densusianu&#8221;<\/a><\/p>\n\n\n\n<p><a href=\"http:\/\/bji.ro\/\">Ialomi\u0163a &#8222;\u015et. B\u0103nulescu&#8221;<\/a><\/p>\n\n\n\n<p><a href=\"http:\/\/www.bjiasi.ro\/\">Ia\u015fi &#8222;Gheorghe Asachi&#8221;<\/a><\/p>\n\n\n\n<p><a href=\"http:\/\/www.bibliotecamm.ro\/\">Maramure\u015f &#8222;Petre Dulfu&#8221;<\/a><\/p>\n\n\n\n<p><a href=\"https:\/\/bibliotecajudeteanamh.ro\/\">Mehedin\u0163i &#8222;I. Gh. Bibicescu&#8221;<\/a><\/p>\n\n\n\n<p><a href=\"http:\/\/www.bjmures.ro\/\">Mure\u015f<\/a><\/p>\n\n\n\n<p><a href=\"https:\/\/www.bibgtkneamt.ro\/\">Neam\u0163 &#8222;G. T. Kirileanu&#8221;<\/a><\/p>\n\n\n\n<p><a href=\"http:\/\/www.bibliotecaslatina.ro\/index.html\">Olt &#8222;Ion Minulescu&#8221;<\/a><\/p>\n\n\n\n<p><a href=\"http:\/\/www.bibliotecaprahova.ro\/\">Prahova &#8222;Nicolae Iorga&#8221;<\/a><\/p>\n\n\n\n<p><a href=\"http:\/\/www.bibliotecasatumare.ro\/\">Satu-Mare<\/a><\/p>\n\n\n\n<p><a href=\"http:\/\/www.bjs.ro\/\">S\u0103laj &#8222;I. Scipione B\u0103descu&#8221;<\/a><\/p>\n\n\n\n<p><a href=\"http:\/\/www.bjastrasibiu.ro\/\">Sibiu &#8222;ASTRA&#8221;<\/a><\/p>\n\n\n\n<p><a href=\"http:\/\/bbsv.ro\/\">Suceava &#8222;I. G. Sbiera&#8221;<\/a><\/p>\n\n\n\n<p><a href=\"http:\/\/bjteleorman.ro\/\">Teleoman &#8222;Marin Preda&#8221;<\/a><\/p>\n\n\n\n<p><a href=\"http:\/\/www.bjt.ro\/\">Timi\u015f<\/a><\/p>\n\n\n\n<p><a href=\"http:\/\/www.tulcealibrary.ro\">Tulcea &#8222;Panait Cerna&#8221;<\/a><\/p>\n\n\n\n<p><a href=\"http:\/\/www.bjvaslui.ro\/\">Vaslui &#8222;N. Milescu Spataru&#8221;<\/a><\/p>\n\n\n\n<p><a href=\"http:\/\/www.bjai.ro\/\">V\u00e2lcea &#8222;Antim Ivireanul&#8221;<\/a><\/p>\n\n\n\n<p><a href=\"http:\/\/www.bjvrancea.ro\/\">Vrancea &#8222;Duliu Zamfirescu<\/a><\/p>\n\n\n\n<p><\/p>\n<\/div><\/div>\n<\/div><\/div><\/section>\n\n\n\n<p><\/p>\n\n\n\n<p class=\"has-text-align-center\"><a href=\"http:\/\/maps.google.com\/maps\/ms?hl=en&amp;ie=UTF8&amp;t=h&amp;source=embed&amp;msa=0&amp;msid=107060803820405065887.000466d4afb3b1445e8ee&amp;ll=45.510742,24.53217&amp;spn=1.300135,5.302019\">Harta<\/a>&nbsp;bibliotecilor din Rom\u00e2nia &#8211; Google Map<\/p>\n<\/div>\n\n\n\n<div class=\"wp-block-gutentor-m7-tab gutentor-module-tabs-content gm-tc-39f170\">\n<p><strong>Biblioteci de \u00eenv\u0103\u0163\u0103m\u00e2nt superior<\/strong><\/p>\n\n\n\n<p><a href=\"http:\/\/www.bcub.ro\/\">Biblioteca Central\u0103 Universitar\u0103&nbsp;&#8222;Carol I&#8221;&nbsp;Bucure\u015fti<\/a><\/p>\n\n\n\n<p><a href=\"http:\/\/www.bcucluj.ro\/\">Biblioteca Central\u0103 Universitar\u0103 \u201eLucian Blaga&#8221; Cluj-Napoca<\/a><\/p>\n\n\n\n<p><a href=\"http:\/\/www.bcu-iasi.ro\/\">Biblioteca Central\u0103 Universitar\u0103 \u201eM. Eminescu&#8221; Ia\u015fi<\/a><\/p>\n\n\n\n<p><a href=\"http:\/\/www.bcut.ro\/\">Biblioteca Central\u0103 Universitar\u0103 \u201eEugen Todoran&#8221; Timi\u015foara<\/a><\/p>\n\n\n\n<p><a href=\"http:\/\/www.unitbv.ro\/faculties\/biblio\/ro\/index.html\">Biblioteca Central\u0103 Universitar\u0103 \u201eTransilvania&#8221; Bra\u015fov<\/a><\/p>\n\n\n\n<p><a href=\"http:\/\/biblio.central.ucv.ro\/\">Biblioteca Universit\u0103\u0163ii din Craiova<\/a><\/p>\n\n\n\n<p><a href=\"http:\/\/bcu.ulbsibiu.ro\/\">Biblioteca Universit\u0103\u0163ii \u201eLucian Blaga&#8221; Sibiu<\/a><\/p>\n\n\n\n<p><a href=\"https:\/\/www.biblioteca.ugal.ro\/index.php\/ro\/\">Biblioteca Universit\u0103\u0163ii \u201eDun\u0103rea de Jos&#8221; Gala\u0163i<\/a><\/p>\n\n\n\n<p><a href=\"http:\/\/www.upg-ploiesti.ro\/biblioteca.htm\">Biblioteca Universit\u0103\u0163ii \u201ePetrol Gaze&#8221; Ploie\u015fti<\/a><\/p>\n\n\n\n<p><a href=\"http:\/\/www.uem.ro\/biblioteca\">Biblioteca Universit\u0103\u0163ii \u201eEftimie Murgu&#8221; Re\u015fi\u0163a<\/a><\/p>\n\n\n\n<p><a href=\"http:\/\/biblioteca.valahia.ro\/\">Biblioteca Universit\u0103\u0163ii \u201eValahia&#8221; T\u00e2rgovi\u015fte<\/a><\/p>\n\n\n\n<p><a href=\"https:\/\/biblioteca.umfcd.ro\/\">Biblioteca Universit\u0103\u0163ii de Medicin\u0103 \u015fi Farmacie \u201eCarol Davila&#8221; Bucure\u015fti<\/a><\/p>\n\n\n\n<p><a href=\"http:\/\/www.umfcluj.ro\/educatie-ro\/reurseedu-ro\/biblioteca-ro\">Biblioteca Central\u0103 \u201eValeriu Bologa&#8221; a Universit\u0103\u0163ii de Medicin\u0103 \u015fi Farmacie Cluj-Napoca<\/a><\/p>\n\n\n\n<p><a href=\"https:\/\/www.library.pub.ro\/\">Biblioteca Central\u0103 a Universit\u0103\u0163ii \u201ePolitehnice&#8221; Bucure\u015fti<\/a><\/p>\n\n\n\n<p><a href=\"https:\/\/biblioteca.tuiasi.ro\/\">Biblioteca Universit\u0103\u0163ii Tehnice \u201eGh. Asachi&#8221; Ia\u015fi<\/a><\/p>\n\n\n\n<p><a href=\"https:\/\/www.upt.ro\/Informatii_biblioteca-centrala-a-universitatii-politehnica-timisoara_409_ro.html\">Biblioteca Central\u0103 a Universit\u0103\u0163ii \u201ePolitehnice&#8221; Timi\u015foara<\/a><\/p>\n\n\n\n<p><a href=\"http:\/\/www.biblioteca.ase.ro\/\">Biblioteca Central\u0103 a Academiei de Studii Economice Bucure\u015fti<\/a><\/p>\n\n\n\n<p><strong>Biblioteci<\/strong><strong> de cercetare<\/strong><\/p>\n\n\n\n<p><a href=\"https:\/\/biblacad.ro\/\">Biblioteca Academiei Rom\u00e2ne<\/a><\/p>\n<\/div>\n\n\n\n<div class=\"wp-block-gutentor-m7-tab gutentor-module-tabs-content gm-tc-39f170\">\n<p><a href=\"http:\/\/www.anbpr.org.ro\/\">Asocia\u0163ia Bibliotecarilor \u015fi Bibliotecilor Publice din Rom\u00e2nia<\/a> &#8211; ANBPR<\/p>\n\n\n\n<p><a href=\"http:\/\/www.abr.org.ro\/\">Asocia\u0163ia Bibliotecarilor din Rom\u00e2nia<\/a> &#8211; ABR<\/p>\n<\/div>\n\n\n\n<div class=\"wp-block-gutentor-m7-tab gutentor-module-tabs-content gm-tc-39f170\">\n<p><a href=\"http:\/\/www.cjcluj.ro\/\">Consiliul Jude\u0163ean Cluj<\/a><\/p>\n\n\n\n<p><a href=\"http:\/\/www.prefecturacluj.ro\/\">Institu\u0163ia Prefectului Jude\u0163ului Cluj<\/a><\/p>\n\n\n\n<p><a href=\"http:\/\/www.primariaclujnapoca.ro\/\">Prim\u0103ria Cluj-Napoca<\/a><\/p>\n<\/div>\n\n\n\n<div class=\"wp-block-gutentor-m7-tab gutentor-module-tabs-content gm-tc-39f170\">\n<p><a href=\"http:\/\/www.teatrulnationalcluj.ro\">Teatrul Na\u0163ional Cluj-Napoca<\/a><\/p>\n\n\n\n<p><a href=\"https:\/\/www.huntheater.ro\/ro\/\">Teatrul Maghiar de Stat Cluj<\/a> &nbsp;<\/p>\n\n\n\n<p><a href=\"http:\/\/www.operacluj.ro\/\">Opera Na\u0163ional\u0103 Rom\u00e2n\u0103 Cluj-Napoca&nbsp;<\/a><\/p>\n\n\n\n<p><a href=\"https:\/\/operamaghiara.ro\/\">Opera Maghiar\u0103 Cluj<\/a> &nbsp;<\/p>\n\n\n\n<p><a href=\"http:\/\/www.filacluj.ro\/\">Filarmonica de Stat &#8222;Transilvania&#8221;<\/a><\/p>\n\n\n\n<p><a href=\"http:\/\/www.macluj.ro\/\">Muzeul de Art\u0103&nbsp; Cluj-Napoca<\/a><\/p>\n\n\n\n<p><a href=\"http:\/\/www.muzeul-etnografic.ro\/\">Muzeul Etnografic al Transilvaniei<\/a><\/p>\n\n\n\n<p><a href=\"http:\/\/www.mnit.ro\/info-vizitatori\/\">Muzeul Na\u0163ional de Istorie a Transilvaniei Cluj-Napoca<\/a>&nbsp;<\/p>\n\n\n\n<p><a href=\"http:\/\/www.teatrulpuck.ro\/\">Teatrul de P\u0103pu\u015fi &#8222;Puck&#8221;<\/a><\/p>\n\n\n\n<p><a href=\"http:\/\/www.traditiiclujene.ro\/\">Centrul Jude\u0163ean pentru Conservarea \u015fi Promovarea Culturii Tradi\u0163ionale Cluj<\/a><\/p>\n\n\n\n<p><a href=\"http:\/\/www.traditiiclujene.ro\/\"><\/a><a href=\"http:\/\/www.scoaladearte.ro\/\">\u015ecoala Popular\u0103 de Arte &#8222;Tudor Jarda&#8221;<\/a><\/p>\n\n\n\n<p><a href=\"http:\/\/www.muzeuloctaviangoga.ro\/\">Muzeul Memorial &#8222;Octavian Goga&#8221; Ciucea<\/a><\/p>\n\n\n\n<p><a href=\"http:\/\/www.revistatribuna.ro\/\">Revista &#8222;Tribuna&#8221;<\/a><\/p>\n\n\n\n<p>Alte link-uri utile<\/p>\n\n\n\n<p><a href=\"https:\/\/ongcluj.ro\/lista-ong-uri\/\">ONG Cluj<\/a> &nbsp;<\/p>\n<\/div>\n<\/div><\/div><\/div><\/section>\n","protected":false},"excerpt":{"rendered":"","protected":false},"author":1,"featured_media":0,"parent":0,"menu_order":0,"comment_status":"closed","ping_status":"closed","template":"","meta":{"_monsterinsights_skip_tracking":false,"_monsterinsights_sitenote_active":false,"_monsterinsights_sitenote_note":"","_monsterinsights_sitenote_category":0,"_EventAllDay":false,"_EventTimezone":"","_EventStartDate":"","_EventEndDate":"","_EventStartDateUTC":"","_EventEndDateUTC":"","_EventShowMap":false,"_EventShowMapLink":false,"_EventURL":"","_EventCost":"","_EventCostDescription":"","_EventCurrencySymbol":"","_EventCurrencyCode":"","_EventCurrencyPosition":"","_EventDateTimeSeparator":"","_EventTimeRangeSeparator":"","_EventOrganizerID":[],"_EventVenueID":[],"_OrganizerEmail":"","_OrganizerPhone":"","_OrganizerWebsite":"","_VenueAddress":"","_VenueCity":"","_VenueCountry":"","_VenueProvince":"","_VenueState":"","_VenueZip":"","_VenuePhone":"","_VenueURL":"","_VenueStateProvince":"","_VenueLat":"","_VenueLng":"","_VenueShowMap":false,"_VenueShowMapLink":false,"footnotes":""},"class_list":["post-2569","page","type-page","status-publish","hentry"],"yoast_head":"<!-- This site is optimized with the Yoast SEO plugin v24.6 - https:\/\/yoast.com\/wordpress\/plugins\/seo\/ -->\n<title>Leg\u0103turi utile - Biblioteca Jude\u021bean\u0103 \u201eOctavian Goga\u201d Cluj<\/title>\n<meta name=\"description\" content=\"Link-uri utile spre biblioteci publice, biblioteci academice \u0219i de cercetare, asocia\u021bii profesionale, institu\u021bii clujene, institu\u021bii de cultur\u0103\" \/>\n<meta name=\"robots\" content=\"index, follow, max-snippet:-1, max-image-preview:large, max-video-preview:-1\" \/>\n<link rel=\"canonical\" href=\"https:\/\/new.bjc.ro\/?page_id=2569\" \/>\n<meta property=\"og:locale\" content=\"ro_RO\" \/>\n<meta property=\"og:type\" content=\"article\" \/>\n<meta property=\"og:title\" content=\"Leg\u0103turi utile - Biblioteca Jude\u021bean\u0103 \u201eOctavian Goga\u201d Cluj\" \/>\n<meta property=\"og:description\" content=\"Link-uri utile spre biblioteci publice, biblioteci academice \u0219i de cercetare, asocia\u021bii profesionale, institu\u021bii clujene, institu\u021bii de cultur\u0103\" \/>\n<meta property=\"og:url\" content=\"https:\/\/new.bjc.ro\/?page_id=2569\" \/>\n<meta property=\"og:site_name\" content=\"Biblioteca Jude\u021bean\u0103 \u201eOctavian Goga\u201d Cluj\" \/>\n<meta property=\"article:publisher\" content=\"https:\/\/www.facebook.com\/bibliotecacluj\/\" \/>\n<meta property=\"article:modified_time\" content=\"2025-01-30T07:36:30+00:00\" \/>\n<meta property=\"og:image\" content=\"https:\/\/new.bjc.ro\/wp-content\/uploads\/2023\/01\/IMG_5597-1.jpg\" \/>\n\t<meta property=\"og:image:width\" content=\"2000\" \/>\n\t<meta property=\"og:image:height\" content=\"1333\" \/>\n\t<meta property=\"og:image:type\" content=\"image\/jpeg\" \/>\n<meta name=\"twitter:card\" content=\"summary_large_image\" \/>\n<meta name=\"twitter:site\" content=\"@BibliotecaGoga\" \/>\n<meta name=\"twitter:label1\" content=\"Timp estimat pentru citire\" \/>\n\t<meta name=\"twitter:data1\" content=\"2 minute\" \/>\n<script type=\"application\/ld+json\" class=\"yoast-schema-graph\">{\"@context\":\"https:\/\/schema.org\",\"@graph\":[{\"@type\":\"WebPage\",\"@id\":\"https:\/\/new.bjc.ro\/?page_id=2569\",\"url\":\"https:\/\/new.bjc.ro\/?page_id=2569\",\"name\":\"Leg\u0103turi utile - Biblioteca Jude\u021bean\u0103 \u201eOctavian Goga\u201d Cluj\",\"isPartOf\":{\"@id\":\"https:\/\/new.bjc.ro\/#website\"},\"datePublished\":\"2022-11-11T08:19:20+00:00\",\"dateModified\":\"2025-01-30T07:36:30+00:00\",\"description\":\"Link-uri utile spre biblioteci publice, biblioteci academice \u0219i de cercetare, asocia\u021bii profesionale, institu\u021bii clujene, institu\u021bii de cultur\u0103\",\"breadcrumb\":{\"@id\":\"https:\/\/new.bjc.ro\/?page_id=2569#breadcrumb\"},\"inLanguage\":\"ro-RO\",\"potentialAction\":[{\"@type\":\"ReadAction\",\"target\":[\"https:\/\/new.bjc.ro\/?page_id=2569\"]}]},{\"@type\":\"BreadcrumbList\",\"@id\":\"https:\/\/new.bjc.ro\/?page_id=2569#breadcrumb\",\"itemListElement\":[{\"@type\":\"ListItem\",\"position\":1,\"name\":\"Home\",\"item\":\"https:\/\/new.bjc.ro\/\"},{\"@type\":\"ListItem\",\"position\":2,\"name\":\"Leg\u0103turi utile\"}]},{\"@type\":\"WebSite\",\"@id\":\"https:\/\/new.bjc.ro\/#website\",\"url\":\"https:\/\/new.bjc.ro\/\",\"name\":\"Biblioteca Jude\u021bean\u0103 \u201eOctavian Goga\u201d Cluj\",\"description\":\"\",\"publisher\":{\"@id\":\"https:\/\/new.bjc.ro\/#organization\"},\"alternateName\":\"Biblioteca Jude\u021bean\u0103 Cluj\",\"potentialAction\":[{\"@type\":\"SearchAction\",\"target\":{\"@type\":\"EntryPoint\",\"urlTemplate\":\"https:\/\/new.bjc.ro\/?s={search_term_string}\"},\"query-input\":{\"@type\":\"PropertyValueSpecification\",\"valueRequired\":true,\"valueName\":\"search_term_string\"}}],\"inLanguage\":\"ro-RO\"},{\"@type\":\"Organization\",\"@id\":\"https:\/\/new.bjc.ro\/#organization\",\"name\":\"Biblioteca Jude\u021bean\u0103 \u201eOctavian Goga\u201d Cluj\",\"url\":\"https:\/\/new.bjc.ro\/\",\"logo\":{\"@type\":\"ImageObject\",\"inLanguage\":\"ro-RO\",\"@id\":\"https:\/\/new.bjc.ro\/#\/schema\/logo\/image\/\",\"url\":\"https:\/\/new.bjc.ro\/wp-content\/uploads\/2023\/03\/sigle.jpg\",\"contentUrl\":\"https:\/\/new.bjc.ro\/wp-content\/uploads\/2023\/03\/sigle.jpg\",\"width\":630,\"height\":473,\"caption\":\"Biblioteca Jude\u021bean\u0103 \u201eOctavian Goga\u201d Cluj\"},\"image\":{\"@id\":\"https:\/\/new.bjc.ro\/#\/schema\/logo\/image\/\"},\"sameAs\":[\"https:\/\/www.facebook.com\/bibliotecacluj\/\",\"https:\/\/x.com\/BibliotecaGoga\",\"https:\/\/www.instagram.com\/biblioteca_judeteana_cluj\/\",\"https:\/\/www.youtube.com\/user\/BibliotecaGoga\"]}]}<\/script>\n<!-- \/ Yoast SEO plugin. -->","yoast_head_json":{"title":"Leg\u0103turi utile - Biblioteca Jude\u021bean\u0103 \u201eOctavian Goga\u201d Cluj","description":"Link-uri utile spre biblioteci publice, biblioteci academice \u0219i de cercetare, asocia\u021bii profesionale, institu\u021bii clujene, institu\u021bii de cultur\u0103","robots":{"index":"index","follow":"follow","max-snippet":"max-snippet:-1","max-image-preview":"max-image-preview:large","max-video-preview":"max-video-preview:-1"},"canonical":"https:\/\/new.bjc.ro\/?page_id=2569","og_locale":"ro_RO","og_type":"article","og_title":"Leg\u0103turi utile - Biblioteca Jude\u021bean\u0103 \u201eOctavian Goga\u201d Cluj","og_description":"Link-uri utile spre biblioteci publice, biblioteci academice \u0219i de cercetare, asocia\u021bii profesionale, institu\u021bii clujene, institu\u021bii de cultur\u0103","og_url":"https:\/\/new.bjc.ro\/?page_id=2569","og_site_name":"Biblioteca Jude\u021bean\u0103 \u201eOctavian Goga\u201d Cluj","article_publisher":"https:\/\/www.facebook.com\/bibliotecacluj\/","article_modified_time":"2025-01-30T07:36:30+00:00","og_image":[{"width":2000,"height":1333,"url":"https:\/\/new.bjc.ro\/wp-content\/uploads\/2023\/01\/IMG_5597-1.jpg","type":"image\/jpeg"}],"twitter_card":"summary_large_image","twitter_site":"@BibliotecaGoga","twitter_misc":{"Timp estimat pentru citire":"2 minute"},"schema":{"@context":"https:\/\/schema.org","@graph":[{"@type":"WebPage","@id":"https:\/\/new.bjc.ro\/?page_id=2569","url":"https:\/\/new.bjc.ro\/?page_id=2569","name":"Leg\u0103turi utile - Biblioteca Jude\u021bean\u0103 \u201eOctavian Goga\u201d Cluj","isPartOf":{"@id":"https:\/\/new.bjc.ro\/#website"},"datePublished":"2022-11-11T08:19:20+00:00","dateModified":"2025-01-30T07:36:30+00:00","description":"Link-uri utile spre biblioteci publice, biblioteci academice \u0219i de cercetare, asocia\u021bii profesionale, institu\u021bii clujene, institu\u021bii de cultur\u0103","breadcrumb":{"@id":"https:\/\/new.bjc.ro\/?page_id=2569#breadcrumb"},"inLanguage":"ro-RO","potentialAction":[{"@type":"ReadAction","target":["https:\/\/new.bjc.ro\/?page_id=2569"]}]},{"@type":"BreadcrumbList","@id":"https:\/\/new.bjc.ro\/?page_id=2569#breadcrumb","itemListElement":[{"@type":"ListItem","position":1,"name":"Home","item":"https:\/\/new.bjc.ro\/"},{"@type":"ListItem","position":2,"name":"Leg\u0103turi utile"}]},{"@type":"WebSite","@id":"https:\/\/new.bjc.ro\/#website","url":"https:\/\/new.bjc.ro\/","name":"Biblioteca Jude\u021bean\u0103 \u201eOctavian Goga\u201d Cluj","description":"","publisher":{"@id":"https:\/\/new.bjc.ro\/#organization"},"alternateName":"Biblioteca Jude\u021bean\u0103 Cluj","potentialAction":[{"@type":"SearchAction","target":{"@type":"EntryPoint","urlTemplate":"https:\/\/new.bjc.ro\/?s={search_term_string}"},"query-input":{"@type":"PropertyValueSpecification","valueRequired":true,"valueName":"search_term_string"}}],"inLanguage":"ro-RO"},{"@type":"Organization","@id":"https:\/\/new.bjc.ro\/#organization","name":"Biblioteca Jude\u021bean\u0103 \u201eOctavian Goga\u201d Cluj","url":"https:\/\/new.bjc.ro\/","logo":{"@type":"ImageObject","inLanguage":"ro-RO","@id":"https:\/\/new.bjc.ro\/#\/schema\/logo\/image\/","url":"https:\/\/new.bjc.ro\/wp-content\/uploads\/2023\/03\/sigle.jpg","contentUrl":"https:\/\/new.bjc.ro\/wp-content\/uploads\/2023\/03\/sigle.jpg","width":630,"height":473,"caption":"Biblioteca Jude\u021bean\u0103 \u201eOctavian Goga\u201d Cluj"},"image":{"@id":"https:\/\/new.bjc.ro\/#\/schema\/logo\/image\/"},"sameAs":["https:\/\/www.facebook.com\/bibliotecacluj\/","https:\/\/x.com\/BibliotecaGoga","https:\/\/www.instagram.com\/biblioteca_judeteana_cluj\/","https:\/\/www.youtube.com\/user\/BibliotecaGoga"]}]}},"_links":{"self":[{"href":"https:\/\/new.bjc.ro\/index.php?rest_route=\/wp\/v2\/pages\/2569","targetHints":{"allow":["GET"]}}],"collection":[{"href":"https:\/\/new.bjc.ro\/index.php?rest_route=\/wp\/v2\/pages"}],"about":[{"href":"https:\/\/new.bjc.ro\/index.php?rest_route=\/wp\/v2\/types\/page"}],"author":[{"embeddable":true,"href":"https:\/\/new.bjc.ro\/index.php?rest_route=\/wp\/v2\/users\/1"}],"replies":[{"embeddable":true,"href":"https:\/\/new.bjc.ro\/index.php?rest_route=%2Fwp%2Fv2%2Fcomments&post=2569"}],"version-history":[{"count":41,"href":"https:\/\/new.bjc.ro\/index.php?rest_route=\/wp\/v2\/pages\/2569\/revisions"}],"predecessor-version":[{"id":10247,"href":"https:\/\/new.bjc.ro\/index.php?rest_route=\/wp\/v2\/pages\/2569\/revisions\/10247"}],"wp:attachment":[{"href":"https:\/\/new.bjc.ro\/index.php?rest_route=%2Fwp%2Fv2%2Fmedia&parent=2569"}],"curies":[{"name":"wp","href":"https:\/\/api.w.org\/{rel}","templated":true}]}}