{"id":2674,"date":"2022-11-22T06:13:57","date_gmt":"2022-11-22T06:13:57","guid":{"rendered":"https:\/\/new.bjc.ro\/?page_id=2674"},"modified":"2026-01-13T09:55:01","modified_gmt":"2026-01-13T07:55:01","slug":"integritate-institutionala","status":"publish","type":"page","link":"https:\/\/new.bjc.ro\/?page_id=2674","title":{"rendered":"Integritate institu\u021bional\u0103"},"content":{"rendered":"\r\n<ul>\r\n<li><a href=\"https:\/\/new.bjc.ro\/wp-content\/uploads\/2025\/01\/Codul-etic-al-pers.BJOG_2024.pdf\">Codul de etic\u0103 \u0219i conduit\u0103 profesional\u0103 a personalului Bibliotecii Jude\u021bene \u201d Octavian Goga\u201d Cluj<\/a><\/li>\r\n<li><a href=\"https:\/\/new.bjc.ro\/wp-content\/uploads\/2022\/11\/agenda_de_integritate_bjc_2022.pdf\">Declara\u021bia\u00a0asum\u0103rii\u00a0unei\u00a0agende\u00a0de\u00a0integritate\u00a0organiza\u021bional\u0103<\/a><\/li>\r\n<li><a href=\"https:\/\/new.bjc.ro\/wp-content\/uploads\/2022\/11\/plan_de_integritate_bjc_2022.pdf\">Plan\u00a0de\u00a0integritate<\/a>\r\n\r\n<\/li>\r\n<li><a href=\"https:\/\/new.bjc.ro\/wp-content\/uploads\/2026\/01\/Raport-implementare-SNA_BJC-2025.pdf\">Raport privind stadiul implement\u0103rii SNA 2021-2025 pentru anul 2025<\/a><\/li>\r\n<li><a href=\"https:\/\/new.bjc.ro\/wp-content\/uploads\/2025\/01\/Raport-priv-stadiul-implementarii-Strategiei-Nat-Anticoruptie-2021_2025.pdf\">Raport privind stadiul implement\u0103rii SNA 2021-2025 pentru anul 2024<\/a><\/li>\r\n<li><a href=\"https:\/\/new.bjc.ro\/wp-content\/uploads\/2024\/02\/Raport-implementare-SNA-2023.pdf\">Raport privind stadiul implement\u0103rii SNA 2021-2025 pentru anul 2023<\/a><\/li>\r\n<li><a href=\"https:\/\/www.bjc.ro\/new\/files\/informatii-publice\/raport_priv_stadiul_implementarii_sna_2021_2025_la_niv_bjc_in_2022.pdf\">Raport privind stadiul implement\u0103rii SNA 2021-2025 pentru anul 2022<\/a><\/li>\r\n<li><a href=\"https:\/\/new.bjc.ro\/wp-content\/uploads\/2026\/01\/Raport-anual-de-evaluare-a-incidentelor-de-integritate-2025.pdf\">Raport anual de evaluare a incidentelor de integritate pentru anul 2025<\/a><\/li>\r\n<li><a href=\"https:\/\/new.bjc.ro\/wp-content\/uploads\/2025\/01\/Raport-de-evaluare-a-incidentelor-de-integritate-pe-anul-2024.pdf\">Raport anual de evaluare a incidentelor de integritate pentru anul 2024<\/a><\/li>\r\n<li><a href=\"https:\/\/new.bjc.ro\/wp-content\/uploads\/2024\/02\/Raport-de-evaluare-a-incidentelor-de-integritate-pentru-anul-2023.pdf\">Raport anual de evaluare a incidentelor de integritate pentru anul 2023<\/a><\/li>\r\n<li>\r\n\r\n<a href=\"https:\/\/new.bjc.ro\/wp-content\/uploads\/2023\/03\/raport_anual_de_evaluare_a_incidentelor_de_integritate.pdf\">Raport anual de evaluare a incidentelor de integritate pentru anul 2022<\/a><\/li>\r\n<li>\r\n\r\n<a href=\"https:\/\/new.bjc.ro\/wp-content\/uploads\/2023\/03\/declaratieaderare_final.pdf\">Declara\u021bia de aderare SNA 2016-2020<\/a><\/li>\r\n<li>\r\n\r\n<a href=\"https:\/\/new.bjc.ro\/wp-content\/uploads\/2023\/03\/plan_de_integritate.pdf\">Plan de integritate 2019<\/a><\/li>\r\n<\/ul>\r\n","protected":false},"excerpt":{"rendered":"<p>Codul de etic\u0103 \u0219i conduit\u0103 profesional\u0103 a personalului Bibliotecii Jude\u021bene \u201d Octavian Goga\u201d Cluj Declara\u021bia\u00a0asum\u0103rii\u00a0unei\u00a0agende\u00a0de\u00a0integritate\u00a0organiza\u021bional\u0103 Plan\u00a0de\u00a0integritate Raport privind stadiul implement\u0103rii SNA 2021-2025 pentru anul 2025 Raport privind stadiul implement\u0103rii SNA 2021-2025 pentru anul 2024 Raport privind stadiul implement\u0103rii SNA 2021-2025 pentru anul 2023 Raport privind stadiul implement\u0103rii SNA 2021-2025 pentru&hellip; <br \/> <a class=\"read-more\" href=\"https:\/\/new.bjc.ro\/?page_id=2674\">Cite\u0219te mai mult<\/a><\/p>\n","protected":false},"author":1,"featured_media":0,"parent":0,"menu_order":0,"comment_status":"closed","ping_status":"closed","template":"","meta":{"_monsterinsights_skip_tracking":false,"_monsterinsights_sitenote_active":false,"_monsterinsights_sitenote_note":"","_monsterinsights_sitenote_category":0,"_EventAllDay":false,"_EventTimezone":"","_EventStartDate":"","_EventEndDate":"","_EventStartDateUTC":"","_EventEndDateUTC":"","_EventShowMap":false,"_EventShowMapLink":false,"_EventURL":"","_EventCost":"","_EventCostDescription":"","_EventCurrencySymbol":"","_EventCurrencyCode":"","_EventCurrencyPosition":"","_EventDateTimeSeparator":"","_EventTimeRangeSeparator":"","_EventOrganizerID":[],"_EventVenueID":[],"_OrganizerEmail":"","_OrganizerPhone":"","_OrganizerWebsite":"","_VenueAddress":"","_VenueCity":"","_VenueCountry":"","_VenueProvince":"","_VenueState":"","_VenueZip":"","_VenuePhone":"","_VenueURL":"","_VenueStateProvince":"","_VenueLat":"","_VenueLng":"","_VenueShowMap":false,"_VenueShowMapLink":false,"footnotes":""},"class_list":["post-2674","page","type-page","status-publish","hentry"],"yoast_head":"<!-- This site is optimized with the Yoast SEO plugin v24.6 - https:\/\/yoast.com\/wordpress\/plugins\/seo\/ -->\n<title>Integritate institu\u021bional\u0103 - Biblioteca Jude\u021bean\u0103 \u201eOctavian Goga\u201d Cluj<\/title>\n<meta name=\"description\" content=\"Codul de etic\u0103 \u0219i conduit\u0103 profesional\u0103, plan de integritate, raport anual de evaluare a incidentelor de integritate\" \/>\n<meta name=\"robots\" content=\"index, follow, max-snippet:-1, max-image-preview:large, max-video-preview:-1\" \/>\n<link rel=\"canonical\" href=\"https:\/\/new.bjc.ro\/?page_id=2674\" \/>\n<meta property=\"og:locale\" content=\"ro_RO\" \/>\n<meta property=\"og:type\" content=\"article\" \/>\n<meta property=\"og:title\" content=\"Integritate institu\u021bional\u0103 - Biblioteca Jude\u021bean\u0103 \u201eOctavian Goga\u201d Cluj\" \/>\n<meta property=\"og:description\" content=\"Codul de etic\u0103 \u0219i conduit\u0103 profesional\u0103, plan de integritate, raport anual de evaluare a incidentelor de integritate\" \/>\n<meta property=\"og:url\" content=\"https:\/\/new.bjc.ro\/?page_id=2674\" \/>\n<meta property=\"og:site_name\" content=\"Biblioteca Jude\u021bean\u0103 \u201eOctavian Goga\u201d Cluj\" \/>\n<meta property=\"article:publisher\" content=\"https:\/\/www.facebook.com\/bibliotecacluj\/\" \/>\n<meta property=\"article:modified_time\" content=\"2026-01-13T07:55:01+00:00\" \/>\n<meta property=\"og:image\" content=\"https:\/\/new.bjc.ro\/wp-content\/uploads\/2023\/01\/IMG_5597-1.jpg\" \/>\n\t<meta property=\"og:image:width\" content=\"2000\" \/>\n\t<meta property=\"og:image:height\" content=\"1333\" \/>\n\t<meta property=\"og:image:type\" content=\"image\/jpeg\" \/>\n<meta name=\"twitter:card\" content=\"summary_large_image\" \/>\n<meta name=\"twitter:site\" content=\"@BibliotecaGoga\" \/>\n<meta name=\"twitter:label1\" content=\"Timp estimat pentru citire\" \/>\n\t<meta name=\"twitter:data1\" content=\"1 minut\" \/>\n<script type=\"application\/ld+json\" class=\"yoast-schema-graph\">{\"@context\":\"https:\/\/schema.org\",\"@graph\":[{\"@type\":\"WebPage\",\"@id\":\"https:\/\/new.bjc.ro\/?page_id=2674\",\"url\":\"https:\/\/new.bjc.ro\/?page_id=2674\",\"name\":\"Integritate institu\u021bional\u0103 - Biblioteca Jude\u021bean\u0103 \u201eOctavian Goga\u201d Cluj\",\"isPartOf\":{\"@id\":\"https:\/\/new.bjc.ro\/#website\"},\"datePublished\":\"2022-11-22T06:13:57+00:00\",\"dateModified\":\"2026-01-13T07:55:01+00:00\",\"description\":\"Codul de etic\u0103 \u0219i conduit\u0103 profesional\u0103, plan de integritate, raport anual de evaluare a incidentelor de integritate\",\"breadcrumb\":{\"@id\":\"https:\/\/new.bjc.ro\/?page_id=2674#breadcrumb\"},\"inLanguage\":\"ro-RO\",\"potentialAction\":[{\"@type\":\"ReadAction\",\"target\":[\"https:\/\/new.bjc.ro\/?page_id=2674\"]}]},{\"@type\":\"BreadcrumbList\",\"@id\":\"https:\/\/new.bjc.ro\/?page_id=2674#breadcrumb\",\"itemListElement\":[{\"@type\":\"ListItem\",\"position\":1,\"name\":\"Home\",\"item\":\"https:\/\/new.bjc.ro\/\"},{\"@type\":\"ListItem\",\"position\":2,\"name\":\"Integritate institu\u021bional\u0103\"}]},{\"@type\":\"WebSite\",\"@id\":\"https:\/\/new.bjc.ro\/#website\",\"url\":\"https:\/\/new.bjc.ro\/\",\"name\":\"Biblioteca Jude\u021bean\u0103 \u201eOctavian Goga\u201d Cluj\",\"description\":\"\",\"publisher\":{\"@id\":\"https:\/\/new.bjc.ro\/#organization\"},\"alternateName\":\"Biblioteca Jude\u021bean\u0103 Cluj\",\"potentialAction\":[{\"@type\":\"SearchAction\",\"target\":{\"@type\":\"EntryPoint\",\"urlTemplate\":\"https:\/\/new.bjc.ro\/?s={search_term_string}\"},\"query-input\":{\"@type\":\"PropertyValueSpecification\",\"valueRequired\":true,\"valueName\":\"search_term_string\"}}],\"inLanguage\":\"ro-RO\"},{\"@type\":\"Organization\",\"@id\":\"https:\/\/new.bjc.ro\/#organization\",\"name\":\"Biblioteca Jude\u021bean\u0103 \u201eOctavian Goga\u201d Cluj\",\"url\":\"https:\/\/new.bjc.ro\/\",\"logo\":{\"@type\":\"ImageObject\",\"inLanguage\":\"ro-RO\",\"@id\":\"https:\/\/new.bjc.ro\/#\/schema\/logo\/image\/\",\"url\":\"https:\/\/new.bjc.ro\/wp-content\/uploads\/2023\/03\/sigle.jpg\",\"contentUrl\":\"https:\/\/new.bjc.ro\/wp-content\/uploads\/2023\/03\/sigle.jpg\",\"width\":630,\"height\":473,\"caption\":\"Biblioteca Jude\u021bean\u0103 \u201eOctavian Goga\u201d Cluj\"},\"image\":{\"@id\":\"https:\/\/new.bjc.ro\/#\/schema\/logo\/image\/\"},\"sameAs\":[\"https:\/\/www.facebook.com\/bibliotecacluj\/\",\"https:\/\/x.com\/BibliotecaGoga\",\"https:\/\/www.instagram.com\/biblioteca_judeteana_cluj\/\",\"https:\/\/www.youtube.com\/user\/BibliotecaGoga\"]}]}<\/script>\n<!-- \/ Yoast SEO plugin. -->","yoast_head_json":{"title":"Integritate institu\u021bional\u0103 - Biblioteca Jude\u021bean\u0103 \u201eOctavian Goga\u201d Cluj","description":"Codul de etic\u0103 \u0219i conduit\u0103 profesional\u0103, plan de integritate, raport anual de evaluare a incidentelor de integritate","robots":{"index":"index","follow":"follow","max-snippet":"max-snippet:-1","max-image-preview":"max-image-preview:large","max-video-preview":"max-video-preview:-1"},"canonical":"https:\/\/new.bjc.ro\/?page_id=2674","og_locale":"ro_RO","og_type":"article","og_title":"Integritate institu\u021bional\u0103 - Biblioteca Jude\u021bean\u0103 \u201eOctavian Goga\u201d Cluj","og_description":"Codul de etic\u0103 \u0219i conduit\u0103 profesional\u0103, plan de integritate, raport anual de evaluare a incidentelor de integritate","og_url":"https:\/\/new.bjc.ro\/?page_id=2674","og_site_name":"Biblioteca Jude\u021bean\u0103 \u201eOctavian Goga\u201d Cluj","article_publisher":"https:\/\/www.facebook.com\/bibliotecacluj\/","article_modified_time":"2026-01-13T07:55:01+00:00","og_image":[{"width":2000,"height":1333,"url":"https:\/\/new.bjc.ro\/wp-content\/uploads\/2023\/01\/IMG_5597-1.jpg","type":"image\/jpeg"}],"twitter_card":"summary_large_image","twitter_site":"@BibliotecaGoga","twitter_misc":{"Timp estimat pentru citire":"1 minut"},"schema":{"@context":"https:\/\/schema.org","@graph":[{"@type":"WebPage","@id":"https:\/\/new.bjc.ro\/?page_id=2674","url":"https:\/\/new.bjc.ro\/?page_id=2674","name":"Integritate institu\u021bional\u0103 - Biblioteca Jude\u021bean\u0103 \u201eOctavian Goga\u201d Cluj","isPartOf":{"@id":"https:\/\/new.bjc.ro\/#website"},"datePublished":"2022-11-22T06:13:57+00:00","dateModified":"2026-01-13T07:55:01+00:00","description":"Codul de etic\u0103 \u0219i conduit\u0103 profesional\u0103, plan de integritate, raport anual de evaluare a incidentelor de integritate","breadcrumb":{"@id":"https:\/\/new.bjc.ro\/?page_id=2674#breadcrumb"},"inLanguage":"ro-RO","potentialAction":[{"@type":"ReadAction","target":["https:\/\/new.bjc.ro\/?page_id=2674"]}]},{"@type":"BreadcrumbList","@id":"https:\/\/new.bjc.ro\/?page_id=2674#breadcrumb","itemListElement":[{"@type":"ListItem","position":1,"name":"Home","item":"https:\/\/new.bjc.ro\/"},{"@type":"ListItem","position":2,"name":"Integritate institu\u021bional\u0103"}]},{"@type":"WebSite","@id":"https:\/\/new.bjc.ro\/#website","url":"https:\/\/new.bjc.ro\/","name":"Biblioteca Jude\u021bean\u0103 \u201eOctavian Goga\u201d Cluj","description":"","publisher":{"@id":"https:\/\/new.bjc.ro\/#organization"},"alternateName":"Biblioteca Jude\u021bean\u0103 Cluj","potentialAction":[{"@type":"SearchAction","target":{"@type":"EntryPoint","urlTemplate":"https:\/\/new.bjc.ro\/?s={search_term_string}"},"query-input":{"@type":"PropertyValueSpecification","valueRequired":true,"valueName":"search_term_string"}}],"inLanguage":"ro-RO"},{"@type":"Organization","@id":"https:\/\/new.bjc.ro\/#organization","name":"Biblioteca Jude\u021bean\u0103 \u201eOctavian Goga\u201d Cluj","url":"https:\/\/new.bjc.ro\/","logo":{"@type":"ImageObject","inLanguage":"ro-RO","@id":"https:\/\/new.bjc.ro\/#\/schema\/logo\/image\/","url":"https:\/\/new.bjc.ro\/wp-content\/uploads\/2023\/03\/sigle.jpg","contentUrl":"https:\/\/new.bjc.ro\/wp-content\/uploads\/2023\/03\/sigle.jpg","width":630,"height":473,"caption":"Biblioteca Jude\u021bean\u0103 \u201eOctavian Goga\u201d Cluj"},"image":{"@id":"https:\/\/new.bjc.ro\/#\/schema\/logo\/image\/"},"sameAs":["https:\/\/www.facebook.com\/bibliotecacluj\/","https:\/\/x.com\/BibliotecaGoga","https:\/\/www.instagram.com\/biblioteca_judeteana_cluj\/","https:\/\/www.youtube.com\/user\/BibliotecaGoga"]}]}},"_links":{"self":[{"href":"https:\/\/new.bjc.ro\/index.php?rest_route=\/wp\/v2\/pages\/2674","targetHints":{"allow":["GET"]}}],"collection":[{"href":"https:\/\/new.bjc.ro\/index.php?rest_route=\/wp\/v2\/pages"}],"about":[{"href":"https:\/\/new.bjc.ro\/index.php?rest_route=\/wp\/v2\/types\/page"}],"author":[{"embeddable":true,"href":"https:\/\/new.bjc.ro\/index.php?rest_route=\/wp\/v2\/users\/1"}],"replies":[{"embeddable":true,"href":"https:\/\/new.bjc.ro\/index.php?rest_route=%2Fwp%2Fv2%2Fcomments&post=2674"}],"version-history":[{"count":25,"href":"https:\/\/new.bjc.ro\/index.php?rest_route=\/wp\/v2\/pages\/2674\/revisions"}],"predecessor-version":[{"id":11661,"href":"https:\/\/new.bjc.ro\/index.php?rest_route=\/wp\/v2\/pages\/2674\/revisions\/11661"}],"wp:attachment":[{"href":"https:\/\/new.bjc.ro\/index.php?rest_route=%2Fwp%2Fv2%2Fmedia&parent=2674"}],"curies":[{"name":"wp","href":"https:\/\/api.w.org\/{rel}","templated":true}]}}