{"id":285,"date":"2022-08-09T11:31:03","date_gmt":"2022-08-09T11:31:03","guid":{"rendered":"https:\/\/new.bjc.ro\/?page_id=285"},"modified":"2025-04-17T09:12:40","modified_gmt":"2025-04-17T06:12:40","slug":"anbpr-filiala-cluj","status":"publish","type":"page","link":"https:\/\/new.bjc.ro\/?page_id=285","title":{"rendered":"ANBPR Filiala Cluj"},"content":{"rendered":"\n<section id=\"190fae\" class=\"section-190fae gutentor-module gutentor-module-tabs gutentor-tabs-layout-horizontal gutentor-tabs-pos-top\"><div class=\"grid-container\"><div class=\"gutentor-module-tabs-wrap gutentor-tabs-style-fill\" data-id=\"190fae\"><div class=\"gutentor-module-tabs-nav\"><span class=\"gutentor-module-tabs-item gm-tt-190fae gutentor-tabs-nav-active\" tabindex=\"0\"><span class=\"gutentor-module-tabs-title\">Structura filialei<\/span><\/span><span class=\"gutentor-module-tabs-item gm-tt-190fae\" tabindex=\"0\"><span class=\"gutentor-module-tabs-title\">Obiective \u0219i activit\u0103\u021bi<\/span><\/span><span class=\"gutentor-module-tabs-item gm-tt-190fae\" tabindex=\"0\"><span class=\"gutentor-module-tabs-title\">Informa\u021bii utile<\/span><\/span><\/div><div class=\"gutentor-module-tabs-body\">\n<div class=\"wp-block-gutentor-m7-tab gutentor-module-tabs-content gm-tc-190fae gutentor-tabs-content-active\">\n<p>Date de contact:<\/p>\n\n\n\n<p>Tel: 0264-4303233<\/p>\n\n\n\n<p>Email: anbprcluj[at]bjc.ro<\/p>\n\n\n\n<p><em>Biroul&nbsp;executiv&nbsp;al&nbsp;Filialei&nbsp;Cluj<\/em>&nbsp;\u00een&nbsp;urma&nbsp;alegerilor&nbsp;din&nbsp;20&nbsp;martie&nbsp;2025:<\/p>\n\n\n\n<p>Sorina&nbsp;Stanca,&nbsp;Biblioteca&nbsp;Jude\u021bean\u0103&nbsp;\u201eOctavian&nbsp;Goga\u201d&nbsp;Cluj&nbsp;\u2013&nbsp;pre\u015fedinte<\/p>\n\n\n\n<p>R\u00f3bert-Don\u00e1t Fabian, Biblioteca Jude\u021bean\u0103 \u201eOctavian Goga\u201d Cluj \u2013 vicepre\u0219edinte<\/p>\n\n\n\n<p>Alexandra&nbsp;Moldovan,&nbsp;Biblioteca&nbsp;Jude\u021bean\u0103&nbsp;\u201eOctavian&nbsp;Goga\u201d&nbsp;Cluj&nbsp;\u2013&nbsp;secretar<\/p>\n\n\n\n<p>Aurica Leti\u021bia Duca, Biblioteca Comunal\u0103 \u201eMihail Iosiva\u0219\u201d Vii\u0219oara \u2013 membru<\/p>\n\n\n\n<p>Ramona&nbsp;Pa\u0219ca,&nbsp;Biblioteca&nbsp;Comunal\u0103&nbsp;C\u0103l\u0103\u021bele&nbsp;\u2013&nbsp;membru<\/p>\n<\/div>\n\n\n\n<div class=\"wp-block-gutentor-m7-tab gutentor-module-tabs-content gm-tc-190fae\">\n<p><strong>I.<\/strong> <strong>PROMOVAREA \u015eI CONSOLIDAREA POLITICILOR \u00ceN DOMENIUL BIBLIOTECILOR<\/strong><\/p>\n\n\n\n<p>Formularea pozi\u0163iei ANBPR privind problemele actuale ale bibliotecilor publice din Rom\u00e2nia<\/p>\n\n\n\n<p>Participarea \u00een Biroul executiv \u0219i \u00een Comisiile profesionale ale ANBPR<\/p>\n\n\n\n<p><strong>II.<\/strong> <strong>PROMOVAREA ROLULUI BIBLIOTECILOR PUBLICE \u0218I AL PROFESIEI DE BIBLIOTECAR \u00ceN R\u00c2NDUL COMUNIT\u0102\u021aII LOCALE \u0218I NA\u021aIONALE<\/strong><\/p>\n\n\n\n<p>Organizarea S\u0103pt\u0103m\u00e2nii Na\u021bionale a Bibliotecilor \u015fi a Zilei Bibliotecarului<\/p>\n\n\n\n<p>Organizarea Nocturnei Bibliotecilor<\/p>\n\n\n\n<p><a href=\"https:\/\/copiibjc.bjc.ro\/?page_id=5515\">Organizarea Concursului Na\u021bional de Lectur\u0103 \u201eB\u0103t\u0103lia C\u0103r\u021bilor\u201d<\/a><\/p>\n\n\n\n<p><a href=\"https:\/\/copiibjc.bjc.ro\/?page_id=16149\">Organizarea Festivalului C\u0103r\u021bii pentru Copii<\/a><\/p>\n\n\n\n<p><a href=\"https:\/\/new.bjc.ro\/?page_id=3289\">Participarea \u00een colectivul redac\u021bional al revistei \u201eLectura\u201d<\/a><\/p>\n\n\n\n<p>Participarea la evenimente organizate local \u0219i na\u021bional <\/p>\n\n\n\n<p>Olimpiada de benzi desenate<\/p>\n\n\n\n<p>Vocea copiilor cu deficien\u021be de vedere \u0219i auz conteaz\u0103<\/p>\n\n\n\n<p><strong>III. FORMAREA PROFESIONAL\u0102 CONTINU\u0102<\/strong><\/p>\n\n\n\n<p>Participarea la cursul <em>Bazele Biblioteconomiei, organizat de ANBPR<\/em><\/p>\n\n\n\n<p>Participarea la <a href=\"https:\/\/new.bjc.ro\/?page_id=284\">Programul de mentorat<\/a>, &nbsp;organizat de Centrul de Formare Profesional\u0103 al Bibliotecii Jude\u021bene \u201eOctavian Goga\u201d Cluj <\/p>\n\n\n\n<p><em>Participarea la cursuri externe de formare profesional\u0103 continu\u0103<\/em><em><\/em><\/p>\n\n\n\n<p>Implicarea bibliotecarilor din bibliotecile jude\u0163ului Cluj la atelierele profesionale organizate de Centrul de Formare Profesional\u0103 al Bibliotecii Jude\u021bene \u201eOctavian Goga\u201d Cluj<\/p>\n\n\n\n<p><strong>IV<\/strong>. <strong>PROMOVAREA ROLULUI ANBPR \u00ceN COMUNITATEA PROFESIONAL\u0102 CLUJEAN\u0102<\/strong><\/p>\n\n\n\n<p>Organizarea Adun\u0103rii Generale a Filialei Cluj a ANBPR<\/p>\n\n\n\n<p>Participarea membrilor Filialei Cluj la conferin\u0163e profesionale na\u0163ionale \u0219i interna\u021bionale<\/p>\n\n\n\n<p>Participarea la evenimentele organizate de alte asocia\u0163ii profesionale<\/p>\n<\/div>\n\n\n\n<div class=\"wp-block-gutentor-m7-tab gutentor-module-tabs-content gm-tc-190fae\">\n<p><a href=\"https:\/\/anbpr.org.ro\/index.php\/despre-noi\/statut\/\">Statutul ANBPR<\/a> <\/p>\n\n\n\n<p><a href=\"https:\/\/anbpr.org.ro\/index.php\/despre-noi\/strategii\/strategia-de-dezvoltare-2014-2016\/\">Strategia de dezvoltare<\/a><\/p>\n\n\n\n<p><a href=\"https:\/\/anbpr.org.ro\/index.php\/premiile-anbpr\/regulament-premii\/\">Regulament de acordare a premiilor ANBPR<\/a> <\/p>\n\n\n\n<p><a href=\"https:\/\/anbpr.org.ro\/index.php\/despre-noi\/codul-etic-al-bibliotecarului\/\">Codul etic al bibliotecarului<\/a> <\/p>\n\n\n\n<p><a rel=\"noreferrer noopener\" href=\"https:\/\/anbpr.org.ro\/index.php\/membri-sustinatori\/persoana-fizica\/\" target=\"_blank\">Adeziune persoan\u0103 fizic\u0103 <\/a><\/p>\n\n\n\n<p><a href=\"https:\/\/anbpr.org.ro\/index.php\/membri-sustinatori\/adeziune-persoana-juridica\/\">Adeziune persoan\u0103 juridic\u0103<\/a><\/p>\n<\/div>\n<\/div><\/div><\/div><\/section>\n","protected":false},"excerpt":{"rendered":"","protected":false},"author":1,"featured_media":0,"parent":0,"menu_order":0,"comment_status":"closed","ping_status":"closed","template":"","meta":{"_monsterinsights_skip_tracking":false,"_monsterinsights_sitenote_active":false,"_monsterinsights_sitenote_note":"","_monsterinsights_sitenote_category":0,"_EventAllDay":false,"_EventTimezone":"","_EventStartDate":"","_EventEndDate":"","_EventStartDateUTC":"","_EventEndDateUTC":"","_EventShowMap":false,"_EventShowMapLink":false,"_EventURL":"","_EventCost":"","_EventCostDescription":"","_EventCurrencySymbol":"","_EventCurrencyCode":"","_EventCurrencyPosition":"","_EventDateTimeSeparator":"","_EventTimeRangeSeparator":"","_EventOrganizerID":[],"_EventVenueID":[],"_OrganizerEmail":"","_OrganizerPhone":"","_OrganizerWebsite":"","_VenueAddress":"","_VenueCity":"","_VenueCountry":"","_VenueProvince":"","_VenueState":"","_VenueZip":"","_VenuePhone":"","_VenueURL":"","_VenueStateProvince":"","_VenueLat":"","_VenueLng":"","_VenueShowMap":false,"_VenueShowMapLink":false,"footnotes":""},"class_list":["post-285","page","type-page","status-publish","hentry"],"yoast_head":"<!-- This site is optimized with the Yoast SEO plugin v24.6 - https:\/\/yoast.com\/wordpress\/plugins\/seo\/ -->\n<title>ANBPR Filiala Cluj - Biblioteca Jude\u021bean\u0103 \u201eOctavian Goga\u201d Cluj<\/title>\n<meta name=\"description\" content=\"Asocia\u0163ia Na\u0163ional\u0103 a Bibliotecarilor \u015fi Bibliotecilor Publice din Rom\u00e2nia, Filiala Cluj, contact, obiective \u0219i activit\u0103\u021bi, informa\u021bii utile\" \/>\n<meta name=\"robots\" content=\"index, follow, max-snippet:-1, max-image-preview:large, max-video-preview:-1\" \/>\n<link rel=\"canonical\" href=\"https:\/\/new.bjc.ro\/?page_id=285\" \/>\n<meta property=\"og:locale\" content=\"ro_RO\" \/>\n<meta property=\"og:type\" content=\"article\" \/>\n<meta property=\"og:title\" content=\"ANBPR Filiala Cluj - Biblioteca Jude\u021bean\u0103 \u201eOctavian Goga\u201d Cluj\" \/>\n<meta property=\"og:description\" content=\"Asocia\u0163ia Na\u0163ional\u0103 a Bibliotecarilor \u015fi Bibliotecilor Publice din Rom\u00e2nia, Filiala Cluj, contact, obiective \u0219i activit\u0103\u021bi, informa\u021bii utile\" \/>\n<meta property=\"og:url\" content=\"https:\/\/new.bjc.ro\/?page_id=285\" \/>\n<meta property=\"og:site_name\" content=\"Biblioteca Jude\u021bean\u0103 \u201eOctavian Goga\u201d Cluj\" \/>\n<meta property=\"article:publisher\" content=\"https:\/\/www.facebook.com\/bibliotecacluj\/\" \/>\n<meta property=\"article:modified_time\" content=\"2025-04-17T06:12:40+00:00\" \/>\n<meta property=\"og:image\" content=\"https:\/\/new.bjc.ro\/wp-content\/uploads\/2023\/01\/IMG_5597-1.jpg\" \/>\n\t<meta property=\"og:image:width\" content=\"2000\" \/>\n\t<meta property=\"og:image:height\" content=\"1333\" \/>\n\t<meta property=\"og:image:type\" content=\"image\/jpeg\" \/>\n<meta name=\"twitter:card\" content=\"summary_large_image\" \/>\n<meta name=\"twitter:site\" content=\"@BibliotecaGoga\" \/>\n<meta name=\"twitter:label1\" content=\"Timp estimat pentru citire\" \/>\n\t<meta name=\"twitter:data1\" content=\"2 minute\" \/>\n<script type=\"application\/ld+json\" class=\"yoast-schema-graph\">{\"@context\":\"https:\/\/schema.org\",\"@graph\":[{\"@type\":\"WebPage\",\"@id\":\"https:\/\/new.bjc.ro\/?page_id=285\",\"url\":\"https:\/\/new.bjc.ro\/?page_id=285\",\"name\":\"ANBPR Filiala Cluj - Biblioteca Jude\u021bean\u0103 \u201eOctavian Goga\u201d Cluj\",\"isPartOf\":{\"@id\":\"https:\/\/new.bjc.ro\/#website\"},\"datePublished\":\"2022-08-09T11:31:03+00:00\",\"dateModified\":\"2025-04-17T06:12:40+00:00\",\"description\":\"Asocia\u0163ia Na\u0163ional\u0103 a Bibliotecarilor \u015fi Bibliotecilor Publice din Rom\u00e2nia, Filiala Cluj, contact, obiective \u0219i activit\u0103\u021bi, informa\u021bii utile\",\"breadcrumb\":{\"@id\":\"https:\/\/new.bjc.ro\/?page_id=285#breadcrumb\"},\"inLanguage\":\"ro-RO\",\"potentialAction\":[{\"@type\":\"ReadAction\",\"target\":[\"https:\/\/new.bjc.ro\/?page_id=285\"]}]},{\"@type\":\"BreadcrumbList\",\"@id\":\"https:\/\/new.bjc.ro\/?page_id=285#breadcrumb\",\"itemListElement\":[{\"@type\":\"ListItem\",\"position\":1,\"name\":\"Home\",\"item\":\"https:\/\/new.bjc.ro\/\"},{\"@type\":\"ListItem\",\"position\":2,\"name\":\"ANBPR Filiala Cluj\"}]},{\"@type\":\"WebSite\",\"@id\":\"https:\/\/new.bjc.ro\/#website\",\"url\":\"https:\/\/new.bjc.ro\/\",\"name\":\"Biblioteca Jude\u021bean\u0103 \u201eOctavian Goga\u201d Cluj\",\"description\":\"\",\"publisher\":{\"@id\":\"https:\/\/new.bjc.ro\/#organization\"},\"alternateName\":\"Biblioteca Jude\u021bean\u0103 Cluj\",\"potentialAction\":[{\"@type\":\"SearchAction\",\"target\":{\"@type\":\"EntryPoint\",\"urlTemplate\":\"https:\/\/new.bjc.ro\/?s={search_term_string}\"},\"query-input\":{\"@type\":\"PropertyValueSpecification\",\"valueRequired\":true,\"valueName\":\"search_term_string\"}}],\"inLanguage\":\"ro-RO\"},{\"@type\":\"Organization\",\"@id\":\"https:\/\/new.bjc.ro\/#organization\",\"name\":\"Biblioteca Jude\u021bean\u0103 \u201eOctavian Goga\u201d Cluj\",\"url\":\"https:\/\/new.bjc.ro\/\",\"logo\":{\"@type\":\"ImageObject\",\"inLanguage\":\"ro-RO\",\"@id\":\"https:\/\/new.bjc.ro\/#\/schema\/logo\/image\/\",\"url\":\"https:\/\/new.bjc.ro\/wp-content\/uploads\/2023\/03\/sigle.jpg\",\"contentUrl\":\"https:\/\/new.bjc.ro\/wp-content\/uploads\/2023\/03\/sigle.jpg\",\"width\":630,\"height\":473,\"caption\":\"Biblioteca Jude\u021bean\u0103 \u201eOctavian Goga\u201d Cluj\"},\"image\":{\"@id\":\"https:\/\/new.bjc.ro\/#\/schema\/logo\/image\/\"},\"sameAs\":[\"https:\/\/www.facebook.com\/bibliotecacluj\/\",\"https:\/\/x.com\/BibliotecaGoga\",\"https:\/\/www.instagram.com\/biblioteca_judeteana_cluj\/\",\"https:\/\/www.youtube.com\/user\/BibliotecaGoga\"]}]}<\/script>\n<!-- \/ Yoast SEO plugin. -->","yoast_head_json":{"title":"ANBPR Filiala Cluj - Biblioteca Jude\u021bean\u0103 \u201eOctavian Goga\u201d Cluj","description":"Asocia\u0163ia Na\u0163ional\u0103 a Bibliotecarilor \u015fi Bibliotecilor Publice din Rom\u00e2nia, Filiala Cluj, contact, obiective \u0219i activit\u0103\u021bi, informa\u021bii utile","robots":{"index":"index","follow":"follow","max-snippet":"max-snippet:-1","max-image-preview":"max-image-preview:large","max-video-preview":"max-video-preview:-1"},"canonical":"https:\/\/new.bjc.ro\/?page_id=285","og_locale":"ro_RO","og_type":"article","og_title":"ANBPR Filiala Cluj - Biblioteca Jude\u021bean\u0103 \u201eOctavian Goga\u201d Cluj","og_description":"Asocia\u0163ia Na\u0163ional\u0103 a Bibliotecarilor \u015fi Bibliotecilor Publice din Rom\u00e2nia, Filiala Cluj, contact, obiective \u0219i activit\u0103\u021bi, informa\u021bii utile","og_url":"https:\/\/new.bjc.ro\/?page_id=285","og_site_name":"Biblioteca Jude\u021bean\u0103 \u201eOctavian Goga\u201d Cluj","article_publisher":"https:\/\/www.facebook.com\/bibliotecacluj\/","article_modified_time":"2025-04-17T06:12:40+00:00","og_image":[{"width":2000,"height":1333,"url":"https:\/\/new.bjc.ro\/wp-content\/uploads\/2023\/01\/IMG_5597-1.jpg","type":"image\/jpeg"}],"twitter_card":"summary_large_image","twitter_site":"@BibliotecaGoga","twitter_misc":{"Timp estimat pentru citire":"2 minute"},"schema":{"@context":"https:\/\/schema.org","@graph":[{"@type":"WebPage","@id":"https:\/\/new.bjc.ro\/?page_id=285","url":"https:\/\/new.bjc.ro\/?page_id=285","name":"ANBPR Filiala Cluj - Biblioteca Jude\u021bean\u0103 \u201eOctavian Goga\u201d Cluj","isPartOf":{"@id":"https:\/\/new.bjc.ro\/#website"},"datePublished":"2022-08-09T11:31:03+00:00","dateModified":"2025-04-17T06:12:40+00:00","description":"Asocia\u0163ia Na\u0163ional\u0103 a Bibliotecarilor \u015fi Bibliotecilor Publice din Rom\u00e2nia, Filiala Cluj, contact, obiective \u0219i activit\u0103\u021bi, informa\u021bii utile","breadcrumb":{"@id":"https:\/\/new.bjc.ro\/?page_id=285#breadcrumb"},"inLanguage":"ro-RO","potentialAction":[{"@type":"ReadAction","target":["https:\/\/new.bjc.ro\/?page_id=285"]}]},{"@type":"BreadcrumbList","@id":"https:\/\/new.bjc.ro\/?page_id=285#breadcrumb","itemListElement":[{"@type":"ListItem","position":1,"name":"Home","item":"https:\/\/new.bjc.ro\/"},{"@type":"ListItem","position":2,"name":"ANBPR Filiala Cluj"}]},{"@type":"WebSite","@id":"https:\/\/new.bjc.ro\/#website","url":"https:\/\/new.bjc.ro\/","name":"Biblioteca Jude\u021bean\u0103 \u201eOctavian Goga\u201d Cluj","description":"","publisher":{"@id":"https:\/\/new.bjc.ro\/#organization"},"alternateName":"Biblioteca Jude\u021bean\u0103 Cluj","potentialAction":[{"@type":"SearchAction","target":{"@type":"EntryPoint","urlTemplate":"https:\/\/new.bjc.ro\/?s={search_term_string}"},"query-input":{"@type":"PropertyValueSpecification","valueRequired":true,"valueName":"search_term_string"}}],"inLanguage":"ro-RO"},{"@type":"Organization","@id":"https:\/\/new.bjc.ro\/#organization","name":"Biblioteca Jude\u021bean\u0103 \u201eOctavian Goga\u201d Cluj","url":"https:\/\/new.bjc.ro\/","logo":{"@type":"ImageObject","inLanguage":"ro-RO","@id":"https:\/\/new.bjc.ro\/#\/schema\/logo\/image\/","url":"https:\/\/new.bjc.ro\/wp-content\/uploads\/2023\/03\/sigle.jpg","contentUrl":"https:\/\/new.bjc.ro\/wp-content\/uploads\/2023\/03\/sigle.jpg","width":630,"height":473,"caption":"Biblioteca Jude\u021bean\u0103 \u201eOctavian Goga\u201d Cluj"},"image":{"@id":"https:\/\/new.bjc.ro\/#\/schema\/logo\/image\/"},"sameAs":["https:\/\/www.facebook.com\/bibliotecacluj\/","https:\/\/x.com\/BibliotecaGoga","https:\/\/www.instagram.com\/biblioteca_judeteana_cluj\/","https:\/\/www.youtube.com\/user\/BibliotecaGoga"]}]}},"_links":{"self":[{"href":"https:\/\/new.bjc.ro\/index.php?rest_route=\/wp\/v2\/pages\/285","targetHints":{"allow":["GET"]}}],"collection":[{"href":"https:\/\/new.bjc.ro\/index.php?rest_route=\/wp\/v2\/pages"}],"about":[{"href":"https:\/\/new.bjc.ro\/index.php?rest_route=\/wp\/v2\/types\/page"}],"author":[{"embeddable":true,"href":"https:\/\/new.bjc.ro\/index.php?rest_route=\/wp\/v2\/users\/1"}],"replies":[{"embeddable":true,"href":"https:\/\/new.bjc.ro\/index.php?rest_route=%2Fwp%2Fv2%2Fcomments&post=285"}],"version-history":[{"count":35,"href":"https:\/\/new.bjc.ro\/index.php?rest_route=\/wp\/v2\/pages\/285\/revisions"}],"predecessor-version":[{"id":10655,"href":"https:\/\/new.bjc.ro\/index.php?rest_route=\/wp\/v2\/pages\/285\/revisions\/10655"}],"wp:attachment":[{"href":"https:\/\/new.bjc.ro\/index.php?rest_route=%2Fwp%2Fv2%2Fmedia&parent=285"}],"curies":[{"name":"wp","href":"https:\/\/api.w.org\/{rel}","templated":true}]}}