{"id":298,"date":"2022-08-09T11:42:49","date_gmt":"2022-08-09T11:42:49","guid":{"rendered":"https:\/\/new.bjc.ro\/?page_id=298"},"modified":"2026-01-27T09:37:03","modified_gmt":"2026-01-27T07:37:03","slug":"biblioteca-in-cifre","status":"publish","type":"page","link":"https:\/\/new.bjc.ro\/?page_id=298","title":{"rendered":"Biblioteca \u00een cifre"},"content":{"rendered":"<p><strong>Biblioteca \u00een cifre (la \u00eenceputul anului 2026)<\/strong><\/p>\n<p><strong>COLEC\u0162II: <\/strong><strong>587.152 <\/strong>documente<\/p>\n<p>Din care:<\/p>\n<ul>\n<li>C\u0103r\u0163i \u015fi periodice (nr. volume):\u00a0 <strong>526.341<\/strong><\/li>\n<li>Manuscrise:\u00a0 <strong>1.580<\/strong><\/li>\n<li>Documente audiovizuale: <strong>32.654<\/strong><\/li>\n<li>Colec\u0163ii electronice:\u00a0<strong> 17.267<\/strong><\/li>\n<li>Alte documente noncarte:\u00a0<strong>9.310<\/strong><\/li>\n<\/ul>\n<p><strong>DOCUMENTE ACHIZI\u0162IONATE:<\/strong>\u00a0 <strong>11.972 <\/strong><\/p>\n<p>Din care:<\/p>\n<ul>\n<li>C\u0103r\u0163i \u015fi periodice (nr. volume):\u00a0 <strong>10.710<\/strong><\/li>\n<li>C\u0103r\u0163i tip\u0103rite \u015fi electronice (nr. titluri): <strong>8.187<\/strong><\/li>\n<li>Documente audiovizuale:\u00a0 <strong>0<\/strong><\/li>\n<li>Colec\u0163ii electronice: <strong>169<\/strong><\/li>\n<li>Documente digitale:<strong> 109<\/strong><\/li>\n<li>Alte documente noncarte: <strong>1.020<\/strong><\/li>\n<\/ul>\n<p><strong>FACILIT\u0102\u0162I \u015eI SERVICII:<\/strong><\/p>\n<ul>\n<li>Num\u0103r de \u00eenregistr\u0103ri catalografice \u00een regim automatizat:\u00a0 <strong>418.820<\/strong><\/li>\n<li>Procent din stoc cu acces liber la raft: :\u00a0<strong> cca 90<\/strong>% din titluri<\/li>\n<li>Procent de \u00eenregistr\u0103ri catalografice \u00een regim automatizat (din total colec\u0163ii): <strong>98,57 %<\/strong><\/li>\n<li>Num\u0103r de sta\u0163ii de lucru pentru utilizatori: <strong>36<\/strong><\/li>\n<li>Acces WI-FI la toate sec\u021biile \u0219i filialele<\/li>\n<\/ul>\n<p><strong>UTILIZARE \u015eI UTILIZATORI:<\/strong><\/p>\n<ul>\n<li>Utilizatori \u00eenscri\u015fi (2021-2025):\u00a0<strong>35.811 (10,94% din popula\u021bia Municipiului Cluj-Napoca)<\/strong><\/li>\n<li>Utilizatori activi: <strong>34.107<\/strong><\/li>\n<li>Documente difuzate: <strong>455.523 <\/strong>din care\u00a0<strong>6.093<\/strong>\u00a0documente audiovizuale \u015fi electronice<\/li>\n<li>Informa\u0163ii \u015fi referin\u0163e oferite: <strong>81.974<\/strong><\/li>\n<li>Vizite directe la bibliotec\u0103: <strong>319.429<\/strong><\/li>\n<li>Vizite virtuale: <strong>902.870<\/strong> <strong>(<\/strong><strong>522.944 prin pagina web, 376.924 prin re\u021bele sociale, 3.002 prin participare la activ\u0103\u021bi online)<\/strong><\/li>\n<li>Frecven\u0163a medie zilnic\u0103: <strong>1.500<\/strong> <strong>vizite\/zi<\/strong><\/li>\n<li>Vizite prin servicii externe de bibliotec\u0103: <strong>14.046<\/strong><\/li>\n<li>Rezerv\u0103ri \u0219i re\u021bineri de titluri: <strong>10.039\u00a0<\/strong><\/li>\n<li>Utilizarea bibliotecii de la distan\u0163\u0103 (prin telefon, po\u015ft\u0103, fax): <strong>38.888<\/strong>\u00a0solicit\u0103ri<\/li>\n<\/ul>\n<p>Programe \u015fi evenimente culturale:\u00a0<strong>266<\/strong><br \/>Vizite colective:\u00a0<strong>230<\/strong><br \/>Programe de promovare a lecturii:\u00a0<strong>62<\/strong><\/p>\n<p>Activit\u0103\u0163i \u00een cadrul programelor de educa\u021bie permanent\u0103:\u00a0<strong>679<\/strong><br \/>Activit\u0103\u0163i \u00een cadrul cercurilor, cluburilor \u015fi atelierelor:\u00a0<strong>1.858<\/strong><br \/>Expozi\u0163ii:\u00a0<strong>148<\/strong><\/p>\n<p>Timp mediu de prelucrare a documentelor: <strong>30 de zile<\/strong><\/p>\n<p><strong>PERSONALUL BIBLIOTECII: 94 posturi aprobate conform organigramei<\/strong><\/p>\n<p>Personal de specialitate: 74 posturi aprobate conform organigramei<\/p>\n<p>Personal administrativ: 8 posturi aprobate conform organigramei<\/p>\n<p>Personal de \u00eentre\u0163inere \u0219i deservire: 12 posturi aprobate conform organigramei<\/p>\n","protected":false},"excerpt":{"rendered":"<p>Biblioteca \u00een cifre (la \u00eenceputul anului 2026) COLEC\u0162II: 587.152 documente Din care: C\u0103r\u0163i \u015fi periodice (nr. volume):\u00a0 526.341 Manuscrise:\u00a0 1.580 Documente audiovizuale: 32.654 Colec\u0163ii electronice:\u00a0 17.267 Alte documente noncarte:\u00a09.310 DOCUMENTE ACHIZI\u0162IONATE:\u00a0 11.972 Din care: C\u0103r\u0163i \u015fi periodice (nr. volume):\u00a0 10.710 C\u0103r\u0163i tip\u0103rite \u015fi electronice (nr. titluri): 8.187 Documente audiovizuale:\u00a0 0&hellip; <br \/> <a class=\"read-more\" href=\"https:\/\/new.bjc.ro\/?page_id=298\">Cite\u0219te mai mult<\/a><\/p>\n","protected":false},"author":1,"featured_media":0,"parent":0,"menu_order":0,"comment_status":"closed","ping_status":"closed","template":"","meta":{"_monsterinsights_skip_tracking":false,"_monsterinsights_sitenote_active":false,"_monsterinsights_sitenote_note":"","_monsterinsights_sitenote_category":0,"_EventAllDay":false,"_EventTimezone":"","_EventStartDate":"","_EventEndDate":"","_EventStartDateUTC":"","_EventEndDateUTC":"","_EventShowMap":false,"_EventShowMapLink":false,"_EventURL":"","_EventCost":"","_EventCostDescription":"","_EventCurrencySymbol":"","_EventCurrencyCode":"","_EventCurrencyPosition":"","_EventDateTimeSeparator":"","_EventTimeRangeSeparator":"","_EventOrganizerID":[],"_EventVenueID":[],"_OrganizerEmail":"","_OrganizerPhone":"","_OrganizerWebsite":"","_VenueAddress":"","_VenueCity":"","_VenueCountry":"","_VenueProvince":"","_VenueState":"","_VenueZip":"","_VenuePhone":"","_VenueURL":"","_VenueStateProvince":"","_VenueLat":"","_VenueLng":"","_VenueShowMap":false,"_VenueShowMapLink":false,"footnotes":""},"class_list":["post-298","page","type-page","status-publish","hentry"],"yoast_head":"<!-- This site is optimized with the Yoast SEO plugin v24.6 - https:\/\/yoast.com\/wordpress\/plugins\/seo\/ -->\n<title>Biblioteca \u00een cifre - Biblioteca Jude\u021bean\u0103 \u201eOctavian Goga\u201d Cluj<\/title>\n<meta name=\"description\" content=\"Date statistice legate de activitatea bibliotecii\" \/>\n<meta name=\"robots\" content=\"index, follow, max-snippet:-1, max-image-preview:large, max-video-preview:-1\" \/>\n<link rel=\"canonical\" href=\"https:\/\/new.bjc.ro\/?page_id=298\" \/>\n<meta property=\"og:locale\" content=\"ro_RO\" \/>\n<meta property=\"og:type\" content=\"article\" \/>\n<meta property=\"og:title\" content=\"Biblioteca \u00een cifre - Biblioteca Jude\u021bean\u0103 \u201eOctavian Goga\u201d Cluj\" \/>\n<meta property=\"og:description\" content=\"Date statistice legate de activitatea bibliotecii\" \/>\n<meta property=\"og:url\" content=\"https:\/\/new.bjc.ro\/?page_id=298\" \/>\n<meta property=\"og:site_name\" content=\"Biblioteca Jude\u021bean\u0103 \u201eOctavian Goga\u201d Cluj\" \/>\n<meta property=\"article:publisher\" content=\"https:\/\/www.facebook.com\/bibliotecacluj\/\" \/>\n<meta property=\"article:modified_time\" content=\"2026-01-27T07:37:03+00:00\" \/>\n<meta property=\"og:image\" content=\"https:\/\/new.bjc.ro\/wp-content\/uploads\/2023\/01\/IMG_5597-1.jpg\" \/>\n\t<meta property=\"og:image:width\" content=\"2000\" \/>\n\t<meta property=\"og:image:height\" content=\"1333\" \/>\n\t<meta property=\"og:image:type\" content=\"image\/jpeg\" \/>\n<meta name=\"twitter:card\" content=\"summary_large_image\" \/>\n<meta name=\"twitter:site\" content=\"@BibliotecaGoga\" \/>\n<meta name=\"twitter:label1\" content=\"Timp estimat pentru citire\" \/>\n\t<meta name=\"twitter:data1\" content=\"2 minute\" \/>\n<script type=\"application\/ld+json\" class=\"yoast-schema-graph\">{\"@context\":\"https:\/\/schema.org\",\"@graph\":[{\"@type\":\"WebPage\",\"@id\":\"https:\/\/new.bjc.ro\/?page_id=298\",\"url\":\"https:\/\/new.bjc.ro\/?page_id=298\",\"name\":\"Biblioteca \u00een cifre - Biblioteca Jude\u021bean\u0103 \u201eOctavian Goga\u201d Cluj\",\"isPartOf\":{\"@id\":\"https:\/\/new.bjc.ro\/#website\"},\"datePublished\":\"2022-08-09T11:42:49+00:00\",\"dateModified\":\"2026-01-27T07:37:03+00:00\",\"description\":\"Date statistice legate de activitatea bibliotecii\",\"breadcrumb\":{\"@id\":\"https:\/\/new.bjc.ro\/?page_id=298#breadcrumb\"},\"inLanguage\":\"ro-RO\",\"potentialAction\":[{\"@type\":\"ReadAction\",\"target\":[\"https:\/\/new.bjc.ro\/?page_id=298\"]}]},{\"@type\":\"BreadcrumbList\",\"@id\":\"https:\/\/new.bjc.ro\/?page_id=298#breadcrumb\",\"itemListElement\":[{\"@type\":\"ListItem\",\"position\":1,\"name\":\"Home\",\"item\":\"https:\/\/new.bjc.ro\/\"},{\"@type\":\"ListItem\",\"position\":2,\"name\":\"Biblioteca \u00een cifre\"}]},{\"@type\":\"WebSite\",\"@id\":\"https:\/\/new.bjc.ro\/#website\",\"url\":\"https:\/\/new.bjc.ro\/\",\"name\":\"Biblioteca Jude\u021bean\u0103 \u201eOctavian Goga\u201d Cluj\",\"description\":\"\",\"publisher\":{\"@id\":\"https:\/\/new.bjc.ro\/#organization\"},\"alternateName\":\"Biblioteca Jude\u021bean\u0103 Cluj\",\"potentialAction\":[{\"@type\":\"SearchAction\",\"target\":{\"@type\":\"EntryPoint\",\"urlTemplate\":\"https:\/\/new.bjc.ro\/?s={search_term_string}\"},\"query-input\":{\"@type\":\"PropertyValueSpecification\",\"valueRequired\":true,\"valueName\":\"search_term_string\"}}],\"inLanguage\":\"ro-RO\"},{\"@type\":\"Organization\",\"@id\":\"https:\/\/new.bjc.ro\/#organization\",\"name\":\"Biblioteca Jude\u021bean\u0103 \u201eOctavian Goga\u201d Cluj\",\"url\":\"https:\/\/new.bjc.ro\/\",\"logo\":{\"@type\":\"ImageObject\",\"inLanguage\":\"ro-RO\",\"@id\":\"https:\/\/new.bjc.ro\/#\/schema\/logo\/image\/\",\"url\":\"https:\/\/new.bjc.ro\/wp-content\/uploads\/2023\/03\/sigle.jpg\",\"contentUrl\":\"https:\/\/new.bjc.ro\/wp-content\/uploads\/2023\/03\/sigle.jpg\",\"width\":630,\"height\":473,\"caption\":\"Biblioteca Jude\u021bean\u0103 \u201eOctavian Goga\u201d Cluj\"},\"image\":{\"@id\":\"https:\/\/new.bjc.ro\/#\/schema\/logo\/image\/\"},\"sameAs\":[\"https:\/\/www.facebook.com\/bibliotecacluj\/\",\"https:\/\/x.com\/BibliotecaGoga\",\"https:\/\/www.instagram.com\/biblioteca_judeteana_cluj\/\",\"https:\/\/www.youtube.com\/user\/BibliotecaGoga\"]}]}<\/script>\n<!-- \/ Yoast SEO plugin. -->","yoast_head_json":{"title":"Biblioteca \u00een cifre - Biblioteca Jude\u021bean\u0103 \u201eOctavian Goga\u201d Cluj","description":"Date statistice legate de activitatea bibliotecii","robots":{"index":"index","follow":"follow","max-snippet":"max-snippet:-1","max-image-preview":"max-image-preview:large","max-video-preview":"max-video-preview:-1"},"canonical":"https:\/\/new.bjc.ro\/?page_id=298","og_locale":"ro_RO","og_type":"article","og_title":"Biblioteca \u00een cifre - Biblioteca Jude\u021bean\u0103 \u201eOctavian Goga\u201d Cluj","og_description":"Date statistice legate de activitatea bibliotecii","og_url":"https:\/\/new.bjc.ro\/?page_id=298","og_site_name":"Biblioteca Jude\u021bean\u0103 \u201eOctavian Goga\u201d Cluj","article_publisher":"https:\/\/www.facebook.com\/bibliotecacluj\/","article_modified_time":"2026-01-27T07:37:03+00:00","og_image":[{"width":2000,"height":1333,"url":"https:\/\/new.bjc.ro\/wp-content\/uploads\/2023\/01\/IMG_5597-1.jpg","type":"image\/jpeg"}],"twitter_card":"summary_large_image","twitter_site":"@BibliotecaGoga","twitter_misc":{"Timp estimat pentru citire":"2 minute"},"schema":{"@context":"https:\/\/schema.org","@graph":[{"@type":"WebPage","@id":"https:\/\/new.bjc.ro\/?page_id=298","url":"https:\/\/new.bjc.ro\/?page_id=298","name":"Biblioteca \u00een cifre - Biblioteca Jude\u021bean\u0103 \u201eOctavian Goga\u201d Cluj","isPartOf":{"@id":"https:\/\/new.bjc.ro\/#website"},"datePublished":"2022-08-09T11:42:49+00:00","dateModified":"2026-01-27T07:37:03+00:00","description":"Date statistice legate de activitatea bibliotecii","breadcrumb":{"@id":"https:\/\/new.bjc.ro\/?page_id=298#breadcrumb"},"inLanguage":"ro-RO","potentialAction":[{"@type":"ReadAction","target":["https:\/\/new.bjc.ro\/?page_id=298"]}]},{"@type":"BreadcrumbList","@id":"https:\/\/new.bjc.ro\/?page_id=298#breadcrumb","itemListElement":[{"@type":"ListItem","position":1,"name":"Home","item":"https:\/\/new.bjc.ro\/"},{"@type":"ListItem","position":2,"name":"Biblioteca \u00een cifre"}]},{"@type":"WebSite","@id":"https:\/\/new.bjc.ro\/#website","url":"https:\/\/new.bjc.ro\/","name":"Biblioteca Jude\u021bean\u0103 \u201eOctavian Goga\u201d Cluj","description":"","publisher":{"@id":"https:\/\/new.bjc.ro\/#organization"},"alternateName":"Biblioteca Jude\u021bean\u0103 Cluj","potentialAction":[{"@type":"SearchAction","target":{"@type":"EntryPoint","urlTemplate":"https:\/\/new.bjc.ro\/?s={search_term_string}"},"query-input":{"@type":"PropertyValueSpecification","valueRequired":true,"valueName":"search_term_string"}}],"inLanguage":"ro-RO"},{"@type":"Organization","@id":"https:\/\/new.bjc.ro\/#organization","name":"Biblioteca Jude\u021bean\u0103 \u201eOctavian Goga\u201d Cluj","url":"https:\/\/new.bjc.ro\/","logo":{"@type":"ImageObject","inLanguage":"ro-RO","@id":"https:\/\/new.bjc.ro\/#\/schema\/logo\/image\/","url":"https:\/\/new.bjc.ro\/wp-content\/uploads\/2023\/03\/sigle.jpg","contentUrl":"https:\/\/new.bjc.ro\/wp-content\/uploads\/2023\/03\/sigle.jpg","width":630,"height":473,"caption":"Biblioteca Jude\u021bean\u0103 \u201eOctavian Goga\u201d Cluj"},"image":{"@id":"https:\/\/new.bjc.ro\/#\/schema\/logo\/image\/"},"sameAs":["https:\/\/www.facebook.com\/bibliotecacluj\/","https:\/\/x.com\/BibliotecaGoga","https:\/\/www.instagram.com\/biblioteca_judeteana_cluj\/","https:\/\/www.youtube.com\/user\/BibliotecaGoga"]}]}},"_links":{"self":[{"href":"https:\/\/new.bjc.ro\/index.php?rest_route=\/wp\/v2\/pages\/298","targetHints":{"allow":["GET"]}}],"collection":[{"href":"https:\/\/new.bjc.ro\/index.php?rest_route=\/wp\/v2\/pages"}],"about":[{"href":"https:\/\/new.bjc.ro\/index.php?rest_route=\/wp\/v2\/types\/page"}],"author":[{"embeddable":true,"href":"https:\/\/new.bjc.ro\/index.php?rest_route=\/wp\/v2\/users\/1"}],"replies":[{"embeddable":true,"href":"https:\/\/new.bjc.ro\/index.php?rest_route=%2Fwp%2Fv2%2Fcomments&post=298"}],"version-history":[{"count":17,"href":"https:\/\/new.bjc.ro\/index.php?rest_route=\/wp\/v2\/pages\/298\/revisions"}],"predecessor-version":[{"id":11732,"href":"https:\/\/new.bjc.ro\/index.php?rest_route=\/wp\/v2\/pages\/298\/revisions\/11732"}],"wp:attachment":[{"href":"https:\/\/new.bjc.ro\/index.php?rest_route=%2Fwp%2Fv2%2Fmedia&parent=298"}],"curies":[{"name":"wp","href":"https:\/\/api.w.org\/{rel}","templated":true}]}}