{"id":303,"date":"2022-08-09T11:42:49","date_gmt":"2022-08-09T11:42:49","guid":{"rendered":"https:\/\/new.bjc.ro\/?page_id=303"},"modified":"2024-07-30T11:48:46","modified_gmt":"2024-07-30T08:48:46","slug":"legislatie","status":"publish","type":"page","link":"https:\/\/new.bjc.ro\/?page_id=303","title":{"rendered":"Legisla\u021bie"},"content":{"rendered":"\r\n<p><a href=\"https:\/\/new.bjc.ro\/wp-content\/uploads\/2024\/06\/Regulament_organizare_functionare_2024.pdf\">Regulament de Organizare \u015fi Func\u0163ionare<\/a> <strong>\u00a0\u00a0<\/strong><\/p>\r\n\r\n\r\n\r\n<p><a href=\"https:\/\/new.bjc.ro\/wp-content\/uploads\/2023\/02\/legea_334_text_valabil_2013.pdf\">Legea bibliotecilor \u00a0nr. 334 din 31 mai 2002<\/a><strong>,\u00a0<\/strong>Republicat\u0103,\u00a0<em>Text \u00een vigoare \u00eencep\u00e2nd cu data de 30 decembrie 2013<\/em><\/p>\r\n\r\n\r\n\r\n<p><a href=\"https:\/\/new.bjc.ro\/wp-content\/uploads\/2023\/02\/ordin-2249.pdf\">Ordin nr. 2249\/4775 din 9 iunie 2009<\/a><strong>,\u00a0<\/strong>pentru aprobarea formularelor tipizate generale de bibliotec\u0103\u00a0<\/p>\r\n\r\n\r\n\r\n<p><a href=\"https:\/\/new.bjc.ro\/wp-content\/uploads\/2023\/02\/ordin__5286_2008.pdf\">Ordin\u00a0\u00a0nr. 2338\/5286 din 26 iulie 2004<\/a><strong>,\u00a0<\/strong>privind aprobarea Regulamentului pentru \u00eemprumutul interbibliotecar<\/p>\r\n\r\n\r\n\r\n<p><a href=\"https:\/\/new.bjc.ro\/wp-content\/uploads\/2023\/02\/legea_depozitului_legal_111_din_1995.pdf\">Legea\u00a0 nr. 111 din 21 noiembrie 1995\u00a0<\/a>, Republicat\u0103, privind constituirea, organizarea \u015fi func\u0163ionarea Depozitului legal de documente, indiferent de suport<\/p>\r\n<p><a href=\"https:\/\/new.bjc.ro\/wp-content\/uploads\/2023\/10\/LEGE-Nr-8-din-1996-a-drepturilor-de-autor.pdf\">Legea nr. 8<\/a> din 14 martie 1996 privind dreptul de autor \u0219i drepturile conexe, cu modific\u0103rile \u0219i complet\u0103rile ulterioare<\/p>\r\n\r\n\r\n\r\n<p><a href=\"https:\/\/new.bjc.ro\/wp-content\/uploads\/2023\/03\/LEGE_Nr_82_1991_Legea-contabilitatii.pdf\">Legea contabilit\u0103\u0163ii nr. 82\/1991<\/a>, republicat\u0103, cu modific\u0103rile \u015fi complet\u0103rile ulterioare<\/p>\r\n\r\n\r\n\r\n<p><a href=\"https:\/\/new.bjc.ro\/wp-content\/uploads\/2023\/09\/LEGE-Nr-273-2006-finante-publice-locale.pdf\">Legea nr. 273\/2006<\/a> \u00a0privind finan\u0163ele publice locale, cu modific\u0103rile \u015fi complet\u0103rile ulterioare<br \/><a href=\"https:\/\/new.bjc.ro\/wp-content\/uploads\/2023\/02\/legea_nr_227_2015.pdf\">Legea nr. 227\/2015<strong>\u00a0<\/strong><\/a> (Codul fiscal), cu modific\u0103rile \u015fi complet\u0103rile ulterioare, Titlul IV &#8211; impozitul pe venit, Titlul V &#8211; contribu\u0163ii sociale obligatorii<br \/><a href=\"https:\/\/new.bjc.ro\/wp-content\/uploads\/2023\/02\/ordinul_nr_2021_2013.pdf\">Ordinul nr. 2021\/2013<strong>\u00a0<\/strong><\/a> pentru modificarea \u015fi completarea Normelor metodologice privind organizarea \u015fi conducerea contabilit\u0103\u0163ii institu\u0163iilor publice. Planul de conturi pentru institu\u0163iile publice \u015fi instruc\u0163iunile de aplicare a acestuia, cu modific\u0103rile \u015fi complet\u0103rile ulterioare<br \/><a href=\"https:\/\/new.bjc.ro\/wp-content\/uploads\/2023\/02\/ordinul_nr_2861_2009.pdf\">Ordinul nr. 2861\/2009<\/a> \u00a0al Ministerului Finan\u0163elor pentru aprobarea Normelor privind organizarea \u015fi efectuarea inventarierii elementelor de natura activelor, datoriilor \u015fi capitalurilor proprii, cu modific\u0103rile \u015fi complet\u0103rile ulterioare<\/p>\r\n\r\n\r\n\r\n<p><a href=\"https:\/\/new.bjc.ro\/wp-content\/uploads\/2023\/09\/HG_714_2018_drepturi_delegare_detasare.pdf\">Hot\u0103r\u00e2rea nr. 714\/2018<\/a>\u00a0 privind drepturile \u015fi obliga\u0163iile personalului autorit\u0103\u0163ilor \u015fi institu\u0163iilor publice pe perioada deleg\u0103rii sau deta\u015f\u0103rii \u00een alt\u0103 localitate, precum precum \u015fi \u00een cazul deplas\u0103rii, \u00een cadrul localit\u0103\u0163ii, \u00een interesul serviciului, cu modific\u0103rile \u015fi complet\u0103rile ulterioare<br \/><a href=\"https:\/\/new.bjc.ro\/wp-content\/uploads\/2023\/09\/HG_518_1995_drepturi_personal_strainatate.pdf\">Hot\u0103r\u00e2rea nr. 518 din 1995<\/a> \u00a0privind unele drepturi \u015fi obliga\u0163ii ale personalului rom\u00e2n trimis \u00een str\u0103in\u0103tate pentru \u00eendeplinirea unor misiuni cu caracter temporar, cu modific\u0103rile \u015fi complet\u0103rile ulterioare<\/p>\r\n\r\n\r\n\r\n<p><a href=\"https:\/\/new.bjc.ro\/wp-content\/uploads\/2023\/02\/lege___nr_500_2002_proces_bugetar.pdf\">Legea nr. 500\/2002<\/a> din 11 iulie 2002 privind finan\u0163ele publice.<\/p>\r\n\r\n\r\n\r\n<p><a href=\"https:\/\/new.bjc.ro\/wp-content\/uploads\/2023\/09\/ordinul-2634-din-2015-1.pdf\">Ordinul nr. 2634\/2015<\/a> din 5 noiembrie 2015, privind documentele financiar-contabile.\u00a0<\/p>\r\n\r\n\r\n\r\n<p><a href=\"https:\/\/new.bjc.ro\/wp-content\/uploads\/2023\/02\/lege___nr22_din_1969_privind_angajarea_gestionarilor.pdf\">Legea nr. 22 din 18 noiembrie 1969<\/a> \u00a0privind angajarea gestionarilor, constituirea de garan\u021bii \u0219i r\u0103spundere \u00een leg\u0103tur\u0103 cu gestionarea bunurilor agen\u021bilor economici, autorit\u0103\u021bilor sau institu\u021biilor publice, cu modific\u0103rile \u0219i complet\u0103rile ulterioare<\/p>\r\n\r\n\r\n\r\n\r\n\r\n<p><a href=\"https:\/\/new.bjc.ro\/wp-content\/uploads\/2023\/09\/Lege_98_achizitii_publice.pdf\">Legea nr. 98\/2016 din 19 mai 2016<\/a> \u00a0privind achizi\u021biile publice, cu modific\u0103rile \u0219i complet\u0103rile ulterioare<\/p>\r\n\r\n\r\n\r\n<p><a href=\"https:\/\/new.bjc.ro\/wp-content\/uploads\/2023\/09\/HG_395_norme_achizitii_publice.pdf\">Hot\u0103r\u00e2rea nr. 395\/2016 din 2 iunie 2016<\/a> \u00a0pentru aprobarea Normelor metodologice de aplicare a prevederilor referitoare la atribuirea contractului de achizi\u021bie public\u0103\/acordului-cadru din Legea nr. 98\/2016 privind achizi\u021biile publice<\/p>\r\n\r\n\r\n\r\n<p><a href=\"https:\/\/new.bjc.ro\/wp-content\/uploads\/2023\/02\/lege___nr307_apararea_impotriva_incendiilor.pdf\">Legea nr. 307 din 12 iulie 2006<\/a>, privind ap\u0103rarea \u00eempotriva incendiilor, cu modific\u0103rile \u0219i complet\u0103rile ulterioare<\/p>\r\n\r\n\r\n\r\n<p><a href=\"https:\/\/new.bjc.ro\/wp-content\/uploads\/2023\/02\/lege___nr319_legea_securitatii_si_sanatatii_in_munca.pdf\">Legea nr. 319 din 14 iulie 2006<\/a><strong><a href=\"https:\/\/new.bjc.ro\/wp-content\/uploads\/2023\/02\/lege___nr319_legea_securitatii_si_sanatatii_in_munca.pdf\">\u00a0<\/a> <\/strong>&#8211; Legea securit\u0103\u021bii \u0219i s\u0103n\u0103t\u0103\u021bii \u00een munc\u0103, cu modific\u0103rile \u0219i complet\u0103rile ulterioare<\/p>\r\n\r\n\r\n\r\n<p><a href=\"https:\/\/new.bjc.ro\/wp-content\/uploads\/2023\/02\/ordin__nr600_2018.pdf\">Ordinul nr. 600\/2018 din 20 aprilie 2018<\/a> \u00a0privind aprobarea Codului controlului intern managerial al entit\u0103\u021bilor publice<\/p>\r\n\r\n\r\n\r\n<p><a href=\"https:\/\/new.bjc.ro\/wp-content\/uploads\/2023\/09\/Lege-50_constructii.pdf\">Legea nr. 50\/1991 din 29 iulie 1991<\/a> republicat\u0103, privind autorizarea execut\u0103rii lucr\u0103rilor de construc\u021bii<\/p>\r\n\r\n\r\n\r\n<p><a href=\"https:\/\/new.bjc.ro\/wp-content\/uploads\/2023\/09\/ORDIN-Nr.923-din-2014-cfp.pdf\">Ordin Nr. 923\/2014<\/a> din 11 iulie 2014 pentru aprobarea Normelor metodologice generale referitoare la exercitarea controlului financiar preventiv \u015fi a Codului specific de norme profesionale pentru persoanele care desf\u0103\u015foar\u0103 activitatea de control financiar preventiv propriu<\/p>\r\n\r\n\r\n\r\n<p><a href=\"https:\/\/new.bjc.ro\/wp-content\/uploads\/2023\/09\/Ordin-517-din-2016-Forexe.pdf\">Ordin\u00a0 Nr. 517\/2016<\/a> din 13 aprilie 2016 pentru aprobarea de proceduri aferente unor module care fac parte din procedura de func\u0163ionare a sistemului na\u0163ional de raportare &#8211; Forexebug<\/p>\r\n\r\n\r\n\r\n<p><a href=\"https:\/\/new.bjc.ro\/wp-content\/uploads\/2023\/03\/ORDIN_Nr_1792_2002.pdf\">Ordin \u00a0 Nr. 1792\/2002<\/a> din 24 decembrie 2002 pentru aprobarea Normelor metodologice privind angajarea, lichidarea, ordonan\u0163area \u015fi plata cheltuielilor institu\u0163iilor publice, precum \u015fi organizarea, eviden\u0163a \u015fi raportarea angajamentelor bugetare \u015fi legale<\/p>\r\n\r\n\r\n\r\n<p><a href=\"https:\/\/new.bjc.ro\/wp-content\/uploads\/2023\/09\/ordin_1917_PI_Norme_contabilitate.pdf\">Ordin Nr. 1917\/2005 din 12 decembrie 2005 &#8211; Partea I\u00a0<\/a><\/p>\r\n\r\n\r\n\r\n<p><a href=\"https:\/\/new.bjc.ro\/wp-content\/uploads\/2023\/09\/ordin_1917_PII_Norme_contabilitate.pdf\">Ordin Nr. 1917\/2005 din 12 decembrie 2005 &#8211; Partea II<\/a><\/p>\r\n\r\n\r\n\r\n<p><a href=\"https:\/\/new.bjc.ro\/wp-content\/uploads\/2023\/09\/ordin_1917_PIII_Norme_contabilitate.pdf\">Ordin Nr. 1917\/2005 din 12 decembrie 2005 &#8211; Partea III<\/a><\/p>\r\n\r\n\r\n\r\n<p><a href=\"https:\/\/new.bjc.ro\/wp-content\/uploads\/2023\/03\/ORDONANTA_Nr_81_2003.pdf\">Ordonan\u021ba\u00a0 Nr. 81\/2003<\/a> din 28 august 2003 privind reevaluarea \u015fi amortizarea activelor fixe aflate \u00een patrimoniul institu\u0163iilor publice<\/p>\r\n\r\n\r\n\r\n<p><a href=\"https:\/\/new.bjc.ro\/wp-content\/uploads\/2023\/03\/ORDONANTA_Nr_119_1999.pdf\">Ordonan\u021ba\u00a0 Nr. 119\/1999<\/a> din 31 august 1999 privind controlul intern\/managerial \u015fi controlul financiar preventiv<\/p>\r\n<p><a href=\"https:\/\/new.bjc.ro\/wp-content\/uploads\/2023\/10\/STATUT-consilier-juridic-din-2004.pdf\">Statut consilier juridic<\/a><\/p>\r\n<p><a href=\"https:\/\/new.bjc.ro\/wp-content\/uploads\/2023\/10\/Hotararea-1336-regulament-personal-contractual_2023.pdf\">Hot\u0103r\u00e2re Nr. 1336\/2022<\/a> pentru aprobarea Regulamentului-cadru privind organizarea \u0219i dezvoltarea carierei personalului contractual din sectorul bugetar pl\u0103tit din fonduri publice<\/p>\r\n<p><a href=\"https:\/\/new.bjc.ro\/wp-content\/uploads\/2023\/10\/LEGE-Nr.-514-consilier-juridic.pdf\">Legea nr. 514\/2003<\/a> privind organizarea \u0219i exercitarea profesiei de consilier juridic, cu modific\u0103rile \u0219i complet\u0103rile ulterioare;<\/p>\r\n<p><a href=\"https:\/\/new.bjc.ro\/wp-content\/uploads\/2023\/10\/STATUT-consilier-juridic-din-2004-1.pdf\">Statutul profesiei de consilier juridic<\/a>;<\/p>\r\n<p><a href=\"https:\/\/new.bjc.ro\/wp-content\/uploads\/2023\/10\/LEGE-Nr.319-din-2006-sanatate-si-securitate.pdf\">Legea nr. 319\/2006<\/a>, Legea securit\u0103\u021bii \u0219i s\u0103n\u0103t\u0103\u021bii \u00een munc\u0103, cu modific\u0103rile \u0219i complet\u0103rile ulterioare;<\/p>\r\n<p><a href=\"https:\/\/new.bjc.ro\/wp-content\/uploads\/2023\/10\/HOTARARE-Nr.1425-Normelor-metodologice-ssm.pdf\">Hot\u0103r\u00e2re nr. 1425\/2006<\/a>, pentru aprobarea normelor metodologice de aplicare a prevederilor Legii securit\u0103\u021bii \u0219i s\u0103n\u0103t\u0103\u021bii \u00een munc\u0103 nr. 319\/2006, cu modific\u0103rile \u0219i complet\u0103rile ulterioare;<\/p>\r\n<p><a href=\"https:\/\/new.bjc.ro\/wp-content\/uploads\/2024\/02\/Lege-cadru-nr_153_2017.pdf\">Legea-cadru\u00a0 nr. 153\/2017<\/a> din 28 iunie 2017, privind salarizarea personalului pl\u0103tit din fonduri publice;<\/p>\r\n<p><a href=\"https:\/\/new.bjc.ro\/wp-content\/uploads\/2024\/02\/Hotarare_1397_2010.pdf\">Hot\u0103r\u00e2rea\u00a0\u00a0 nr. 1397<\/a> din 28 decembrie 2010, privind modelul, con\u0163inutul, modalitatea de depunere \u015fi de gestionare a &#8222;Declara\u0163iei privind obliga\u0163iile de plat\u0103 a contribu\u0163iilor sociale, impozitului pe venit \u015fi eviden\u0163a nominal\u0103 a persoanelor asigurate&#8221;;<\/p>\r\n<p><a href=\"https:\/\/new.bjc.ro\/wp-content\/uploads\/2024\/02\/Lege-nr_399_2006.pdf\">Legea nr. 399<\/a> din 30 octombrie 2006, pentru aprobarea Ordonan\u0163ei de urgen\u0163\u0103 a Guvernului nr. 158\/2005 privind concediile \u015fi indemniza\u0163iile de asigur\u0103ri sociale de s\u0103n\u0103tate;<\/p>\r\n<p><a href=\"https:\/\/new.bjc.ro\/wp-content\/uploads\/2024\/05\/Lege-nr_346_2002.pdf\">Legea nr. 346\/2002<\/a> din 5 iunie 2002*** Republicat\u0103 privind asigurarea pentru accidente de munc\u0103 \u015fi boli profesionale;<\/p>\r\n<p><a href=\"https:\/\/new.bjc.ro\/wp-content\/uploads\/2024\/05\/Ordin-450_825_2006.pdf\">Ordinul nr. 450\/825<\/a> din\u00a0 6 iunie 2006 pentru aprobarea Normelor metodologice de aplicare a Legii nr. 346\/2002 privind asigurarea pentru accidente de munc\u0103 \u015fi boli profesionale, cu modific\u0103rile \u015fi complet\u0103rile ulterioare<\/p>\r\n<p><a href=\"https:\/\/new.bjc.ro\/wp-content\/uploads\/2024\/07\/PT_C9-2010_Cazane_de_apa_calda_si_cazane_de_abur_d.pdf\">Ordinul ministrului economiei, comer\u021bului \u0219i mediului de afaceri nr. 663\/2010, publicat \u00een M.O. al Rom\u00e2niei, Partea I, nr.385 bis\/10.06.2010 pentru aprobarea prescrip\u021biei tehnice PT C9 \u2013 2010\u00a0 (Cazane de ap\u0103 cald\u0103, cazane de abur de joas\u0103 presiune)<\/a><\/p>\r\n<p><a href=\"https:\/\/new.bjc.ro\/wp-content\/uploads\/2024\/07\/PTC1C4C6C7C8C9C102010-fochist.pdf\">Prescrip\u021bii tehnice I.S.C.I.R. specifice \u2013 Cerin\u021be tehnice privind montarea, instalarea, exploatarea, verificarea tehnic\u0103, \u0219i repararea cazanelor cu abur \u0219i de ap\u0103 cald\u0103, supra\u00eenc\u0103lzitoarelor \u0219i a economizoarelor independente;<\/a><\/p>\r\n<p><a href=\"https:\/\/new.bjc.ro\/wp-content\/uploads\/2024\/07\/Normativ-I.9-2015-inst.-sanitare-fochist.pdf\">Normativ privind proiectarea, execu\u021bia \u0219i exploatarea instala\u021biilor sanitare aferente cl\u0103dirilor I 9\/I \u2013 96 aprobat\u00a0 de MLPTL cu Ordinul nr.86\/N -05.12.1996<\/a><\/p>\r\n<p><a href=\"https:\/\/new.bjc.ro\/wp-content\/uploads\/2024\/07\/normativ-i7-2011-instalatii-electrice.pdf\">Normativ privind proiectarea, execu\u021bia \u0219i exploatarea instala\u021biilor electrice aferente cl\u0103dirilor, indicativ 17 \u2013 2011, publicat \u00een Monitorul Oficial nr.179\/14.11.2011<\/a><\/p>\r\n","protected":false},"excerpt":{"rendered":"<p>Regulament de Organizare \u015fi Func\u0163ionare \u00a0\u00a0 Legea bibliotecilor \u00a0nr. 334 din 31 mai 2002,\u00a0Republicat\u0103,\u00a0Text \u00een vigoare \u00eencep\u00e2nd cu data de 30 decembrie 2013 Ordin nr. 2249\/4775 din 9 iunie 2009,\u00a0pentru aprobarea formularelor tipizate generale de bibliotec\u0103\u00a0 Ordin\u00a0\u00a0nr. 2338\/5286 din 26 iulie 2004,\u00a0privind aprobarea Regulamentului pentru \u00eemprumutul interbibliotecar Legea\u00a0 nr. 111&hellip; <br \/> <a class=\"read-more\" href=\"https:\/\/new.bjc.ro\/?page_id=303\">Cite\u0219te mai mult<\/a><\/p>\n","protected":false},"author":1,"featured_media":0,"parent":0,"menu_order":0,"comment_status":"closed","ping_status":"closed","template":"","meta":{"_monsterinsights_skip_tracking":false,"_monsterinsights_sitenote_active":false,"_monsterinsights_sitenote_note":"","_monsterinsights_sitenote_category":0,"_EventAllDay":false,"_EventTimezone":"","_EventStartDate":"","_EventEndDate":"","_EventStartDateUTC":"","_EventEndDateUTC":"","_EventShowMap":false,"_EventShowMapLink":false,"_EventURL":"","_EventCost":"","_EventCostDescription":"","_EventCurrencySymbol":"","_EventCurrencyCode":"","_EventCurrencyPosition":"","_EventDateTimeSeparator":"","_EventTimeRangeSeparator":"","_EventOrganizerID":[],"_EventVenueID":[],"_OrganizerEmail":"","_OrganizerPhone":"","_OrganizerWebsite":"","_VenueAddress":"","_VenueCity":"","_VenueCountry":"","_VenueProvince":"","_VenueState":"","_VenueZip":"","_VenuePhone":"","_VenueURL":"","_VenueStateProvince":"","_VenueLat":"","_VenueLng":"","_VenueShowMap":false,"_VenueShowMapLink":false,"footnotes":""},"class_list":["post-303","page","type-page","status-publish","hentry"],"yoast_head":"<!-- This site is optimized with the Yoast SEO plugin v24.6 - https:\/\/yoast.com\/wordpress\/plugins\/seo\/ -->\n<title>Legisla\u021bie - Biblioteca Jude\u021bean\u0103 \u201eOctavian Goga\u201d Cluj<\/title>\n<meta name=\"description\" content=\"Legisla\u021bie, regulament de organizare \u015fi func\u0163ionare \u00a0\u00a0\" \/>\n<meta name=\"robots\" content=\"index, follow, max-snippet:-1, max-image-preview:large, max-video-preview:-1\" \/>\n<link rel=\"canonical\" href=\"https:\/\/new.bjc.ro\/?page_id=303\" \/>\n<meta property=\"og:locale\" content=\"ro_RO\" \/>\n<meta property=\"og:type\" content=\"article\" \/>\n<meta property=\"og:title\" content=\"Legisla\u021bie - Biblioteca Jude\u021bean\u0103 \u201eOctavian Goga\u201d Cluj\" \/>\n<meta property=\"og:description\" content=\"Legisla\u021bie, regulament de organizare \u015fi func\u0163ionare \u00a0\u00a0\" \/>\n<meta property=\"og:url\" content=\"https:\/\/new.bjc.ro\/?page_id=303\" \/>\n<meta property=\"og:site_name\" content=\"Biblioteca Jude\u021bean\u0103 \u201eOctavian Goga\u201d Cluj\" \/>\n<meta property=\"article:publisher\" content=\"https:\/\/www.facebook.com\/bibliotecacluj\/\" \/>\n<meta property=\"article:modified_time\" content=\"2024-07-30T08:48:46+00:00\" \/>\n<meta property=\"og:image\" content=\"https:\/\/new.bjc.ro\/wp-content\/uploads\/2023\/01\/IMG_5597-1.jpg\" \/>\n\t<meta property=\"og:image:width\" content=\"2000\" \/>\n\t<meta property=\"og:image:height\" content=\"1333\" \/>\n\t<meta property=\"og:image:type\" content=\"image\/jpeg\" \/>\n<meta name=\"twitter:card\" content=\"summary_large_image\" \/>\n<meta name=\"twitter:site\" content=\"@BibliotecaGoga\" \/>\n<meta name=\"twitter:label1\" content=\"Timp estimat pentru citire\" \/>\n\t<meta name=\"twitter:data1\" content=\"5 minute\" \/>\n<script type=\"application\/ld+json\" class=\"yoast-schema-graph\">{\"@context\":\"https:\/\/schema.org\",\"@graph\":[{\"@type\":\"WebPage\",\"@id\":\"https:\/\/new.bjc.ro\/?page_id=303\",\"url\":\"https:\/\/new.bjc.ro\/?page_id=303\",\"name\":\"Legisla\u021bie - Biblioteca Jude\u021bean\u0103 \u201eOctavian Goga\u201d Cluj\",\"isPartOf\":{\"@id\":\"https:\/\/new.bjc.ro\/#website\"},\"datePublished\":\"2022-08-09T11:42:49+00:00\",\"dateModified\":\"2024-07-30T08:48:46+00:00\",\"description\":\"Legisla\u021bie, regulament de organizare \u015fi func\u0163ionare \u00a0\u00a0\",\"breadcrumb\":{\"@id\":\"https:\/\/new.bjc.ro\/?page_id=303#breadcrumb\"},\"inLanguage\":\"ro-RO\",\"potentialAction\":[{\"@type\":\"ReadAction\",\"target\":[\"https:\/\/new.bjc.ro\/?page_id=303\"]}]},{\"@type\":\"BreadcrumbList\",\"@id\":\"https:\/\/new.bjc.ro\/?page_id=303#breadcrumb\",\"itemListElement\":[{\"@type\":\"ListItem\",\"position\":1,\"name\":\"Home\",\"item\":\"https:\/\/new.bjc.ro\/\"},{\"@type\":\"ListItem\",\"position\":2,\"name\":\"Legisla\u021bie\"}]},{\"@type\":\"WebSite\",\"@id\":\"https:\/\/new.bjc.ro\/#website\",\"url\":\"https:\/\/new.bjc.ro\/\",\"name\":\"Biblioteca Jude\u021bean\u0103 \u201eOctavian Goga\u201d Cluj\",\"description\":\"\",\"publisher\":{\"@id\":\"https:\/\/new.bjc.ro\/#organization\"},\"alternateName\":\"Biblioteca Jude\u021bean\u0103 Cluj\",\"potentialAction\":[{\"@type\":\"SearchAction\",\"target\":{\"@type\":\"EntryPoint\",\"urlTemplate\":\"https:\/\/new.bjc.ro\/?s={search_term_string}\"},\"query-input\":{\"@type\":\"PropertyValueSpecification\",\"valueRequired\":true,\"valueName\":\"search_term_string\"}}],\"inLanguage\":\"ro-RO\"},{\"@type\":\"Organization\",\"@id\":\"https:\/\/new.bjc.ro\/#organization\",\"name\":\"Biblioteca Jude\u021bean\u0103 \u201eOctavian Goga\u201d Cluj\",\"url\":\"https:\/\/new.bjc.ro\/\",\"logo\":{\"@type\":\"ImageObject\",\"inLanguage\":\"ro-RO\",\"@id\":\"https:\/\/new.bjc.ro\/#\/schema\/logo\/image\/\",\"url\":\"https:\/\/new.bjc.ro\/wp-content\/uploads\/2023\/03\/sigle.jpg\",\"contentUrl\":\"https:\/\/new.bjc.ro\/wp-content\/uploads\/2023\/03\/sigle.jpg\",\"width\":630,\"height\":473,\"caption\":\"Biblioteca Jude\u021bean\u0103 \u201eOctavian Goga\u201d Cluj\"},\"image\":{\"@id\":\"https:\/\/new.bjc.ro\/#\/schema\/logo\/image\/\"},\"sameAs\":[\"https:\/\/www.facebook.com\/bibliotecacluj\/\",\"https:\/\/x.com\/BibliotecaGoga\",\"https:\/\/www.instagram.com\/biblioteca_judeteana_cluj\/\",\"https:\/\/www.youtube.com\/user\/BibliotecaGoga\"]}]}<\/script>\n<!-- \/ Yoast SEO plugin. -->","yoast_head_json":{"title":"Legisla\u021bie - Biblioteca Jude\u021bean\u0103 \u201eOctavian Goga\u201d Cluj","description":"Legisla\u021bie, regulament de organizare \u015fi func\u0163ionare \u00a0\u00a0","robots":{"index":"index","follow":"follow","max-snippet":"max-snippet:-1","max-image-preview":"max-image-preview:large","max-video-preview":"max-video-preview:-1"},"canonical":"https:\/\/new.bjc.ro\/?page_id=303","og_locale":"ro_RO","og_type":"article","og_title":"Legisla\u021bie - Biblioteca Jude\u021bean\u0103 \u201eOctavian Goga\u201d Cluj","og_description":"Legisla\u021bie, regulament de organizare \u015fi func\u0163ionare \u00a0\u00a0","og_url":"https:\/\/new.bjc.ro\/?page_id=303","og_site_name":"Biblioteca Jude\u021bean\u0103 \u201eOctavian Goga\u201d Cluj","article_publisher":"https:\/\/www.facebook.com\/bibliotecacluj\/","article_modified_time":"2024-07-30T08:48:46+00:00","og_image":[{"width":2000,"height":1333,"url":"https:\/\/new.bjc.ro\/wp-content\/uploads\/2023\/01\/IMG_5597-1.jpg","type":"image\/jpeg"}],"twitter_card":"summary_large_image","twitter_site":"@BibliotecaGoga","twitter_misc":{"Timp estimat pentru citire":"5 minute"},"schema":{"@context":"https:\/\/schema.org","@graph":[{"@type":"WebPage","@id":"https:\/\/new.bjc.ro\/?page_id=303","url":"https:\/\/new.bjc.ro\/?page_id=303","name":"Legisla\u021bie - Biblioteca Jude\u021bean\u0103 \u201eOctavian Goga\u201d Cluj","isPartOf":{"@id":"https:\/\/new.bjc.ro\/#website"},"datePublished":"2022-08-09T11:42:49+00:00","dateModified":"2024-07-30T08:48:46+00:00","description":"Legisla\u021bie, regulament de organizare \u015fi func\u0163ionare \u00a0\u00a0","breadcrumb":{"@id":"https:\/\/new.bjc.ro\/?page_id=303#breadcrumb"},"inLanguage":"ro-RO","potentialAction":[{"@type":"ReadAction","target":["https:\/\/new.bjc.ro\/?page_id=303"]}]},{"@type":"BreadcrumbList","@id":"https:\/\/new.bjc.ro\/?page_id=303#breadcrumb","itemListElement":[{"@type":"ListItem","position":1,"name":"Home","item":"https:\/\/new.bjc.ro\/"},{"@type":"ListItem","position":2,"name":"Legisla\u021bie"}]},{"@type":"WebSite","@id":"https:\/\/new.bjc.ro\/#website","url":"https:\/\/new.bjc.ro\/","name":"Biblioteca Jude\u021bean\u0103 \u201eOctavian Goga\u201d Cluj","description":"","publisher":{"@id":"https:\/\/new.bjc.ro\/#organization"},"alternateName":"Biblioteca Jude\u021bean\u0103 Cluj","potentialAction":[{"@type":"SearchAction","target":{"@type":"EntryPoint","urlTemplate":"https:\/\/new.bjc.ro\/?s={search_term_string}"},"query-input":{"@type":"PropertyValueSpecification","valueRequired":true,"valueName":"search_term_string"}}],"inLanguage":"ro-RO"},{"@type":"Organization","@id":"https:\/\/new.bjc.ro\/#organization","name":"Biblioteca Jude\u021bean\u0103 \u201eOctavian Goga\u201d Cluj","url":"https:\/\/new.bjc.ro\/","logo":{"@type":"ImageObject","inLanguage":"ro-RO","@id":"https:\/\/new.bjc.ro\/#\/schema\/logo\/image\/","url":"https:\/\/new.bjc.ro\/wp-content\/uploads\/2023\/03\/sigle.jpg","contentUrl":"https:\/\/new.bjc.ro\/wp-content\/uploads\/2023\/03\/sigle.jpg","width":630,"height":473,"caption":"Biblioteca Jude\u021bean\u0103 \u201eOctavian Goga\u201d Cluj"},"image":{"@id":"https:\/\/new.bjc.ro\/#\/schema\/logo\/image\/"},"sameAs":["https:\/\/www.facebook.com\/bibliotecacluj\/","https:\/\/x.com\/BibliotecaGoga","https:\/\/www.instagram.com\/biblioteca_judeteana_cluj\/","https:\/\/www.youtube.com\/user\/BibliotecaGoga"]}]}},"_links":{"self":[{"href":"https:\/\/new.bjc.ro\/index.php?rest_route=\/wp\/v2\/pages\/303","targetHints":{"allow":["GET"]}}],"collection":[{"href":"https:\/\/new.bjc.ro\/index.php?rest_route=\/wp\/v2\/pages"}],"about":[{"href":"https:\/\/new.bjc.ro\/index.php?rest_route=\/wp\/v2\/types\/page"}],"author":[{"embeddable":true,"href":"https:\/\/new.bjc.ro\/index.php?rest_route=\/wp\/v2\/users\/1"}],"replies":[{"embeddable":true,"href":"https:\/\/new.bjc.ro\/index.php?rest_route=%2Fwp%2Fv2%2Fcomments&post=303"}],"version-history":[{"count":52,"href":"https:\/\/new.bjc.ro\/index.php?rest_route=\/wp\/v2\/pages\/303\/revisions"}],"predecessor-version":[{"id":9412,"href":"https:\/\/new.bjc.ro\/index.php?rest_route=\/wp\/v2\/pages\/303\/revisions\/9412"}],"wp:attachment":[{"href":"https:\/\/new.bjc.ro\/index.php?rest_route=%2Fwp%2Fv2%2Fmedia&parent=303"}],"curies":[{"name":"wp","href":"https:\/\/api.w.org\/{rel}","templated":true}]}}