{"id":304,"date":"2022-08-09T11:42:49","date_gmt":"2022-08-09T11:42:49","guid":{"rendered":"https:\/\/new.bjc.ro\/?page_id=304"},"modified":"2023-04-04T09:04:52","modified_gmt":"2023-04-04T06:04:52","slug":"donatii-si-donatori","status":"publish","type":"page","link":"https:\/\/new.bjc.ro\/?page_id=304","title":{"rendered":"Dona\u021bii \u0219i donatori"},"content":{"rendered":"\n<ul class=\"wp-block-list\">\n<li>Horia B\u0103descu<\/li>\n\n\n\n<li><a href=\"https:\/\/www.bjc.ro\/wiki\/index.php\/Pavel_Bellu\">Pavel Bellu<\/a><\/li>\n\n\n\n<li>Gheorghe Bodea<\/li>\n\n\n\n<li>Olimpiu Boitos<\/li>\n\n\n\n<li>Ioana Both<\/li>\n\n\n\n<li>Nicolae Bot<\/li>\n\n\n\n<li><a href=\"https:\/\/www.bjc.ro\/wiki\/index.php\/Ion_Brad\">Ion Brad<\/a><\/li>\n\n\n\n<li>Traian Brad<\/li>\n\n\n\n<li>Ilie C\u0103lian<\/li>\n\n\n\n<li>Constantin Cuble\u015fan<\/li>\n\n\n\n<li>Bazil Gruia<\/li>\n\n\n\n<li><a href=\"https:\/\/www.bjc.ro\/wiki\/index.php\/Emil_Isac\">Emil Isac<\/a><\/li>\n\n\n\n<li><a href=\"https:\/\/www.bjc.ro\/wiki\/index.php\/Vasile_Langa\">Vasile Langa<\/a><\/li>\n\n\n\n<li>Vasile Liste\u015f<\/li>\n\n\n\n<li>Mudure-\u0162iclete<\/li>\n\n\n\n<li>Gavril M\u00e1t\u00e9<\/li>\n\n\n\n<li>Marcel Mure\u015feanu<\/li>\n\n\n\n<li>Cri\u015fan Mircioiu<\/li>\n\n\n\n<li>Mircea Muthu<\/li>\n\n\n\n<li>Micea Opri\u0163\u0103<\/li>\n\n\n\n<li><a href=\"https:\/\/www.bjc.ro\/wiki\/index.php\/Iosif_Pervain\">Iosif Pervain<\/a><\/li>\n\n\n\n<li>Irina Petra\u015f<\/li>\n\n\n\n<li><a href=\"https:\/\/www.bjc.ro\/wiki\/index.php\/Liviu_%C5%9Fi_Ioana_Em._Petrescu\">Liviu \u015fi Ioana Em. Petrescu<\/a><\/li>\n\n\n\n<li>Petru Poant\u0103<\/li>\n\n\n\n<li><a href=\"https:\/\/www.bjc.ro\/wiki\/index.php\/Dimitrie_Popovici\">Dimitrie Popovici<\/a><\/li>\n\n\n\n<li><a href=\"https:\/\/www.bjc.ro\/wiki\/index.php\/Petru_Pipo%C5%9F\">Petru Pipo\u015f<\/a><\/li>\n\n\n\n<li>Ion Vlad<\/li>\n\n\n\n<li>Ion Vartic \u015fi Marta Petreu<\/li>\n<\/ul>\n\n\n\n<p>Colec\u021bia ini\u021bial\u0103 de documente a Col\u021bului Francofon a fost realizat\u0103 cu sprijinul: Delega\u021biei Wallonie-Bruxelles la Bucure\u0219ti, Organiza\u021biei Interna\u021bionale a Francofoniei, Ambasadei Elve\u021biei la Bucure\u0219ti \u015fi a Centrului de Studii Literare Belgiene de Limb\u0103 Francez\u0103 Cluj.<\/p>\n\n\n\n<p><a href=\"https:\/\/new.bjc.ro\/wp-content\/uploads\/2023\/01\/Buletin-francofon-2.pdf\">Dona\u0163ia de carte intrat\u0103 \u00een bibliotec\u0103 la Col\u0163ul Francofon<\/a><\/p>\n\n\n\n<p><a href=\"https:\/\/new.bjc.ro\/wp-content\/uploads\/2023\/03\/artimage.pdf\">Lista c\u0103r\u0163ilor donate prin proiectul <strong>&#8222;Biblioteca de arte vizuale&#8221;<\/strong><\/a><\/p>\n","protected":false},"excerpt":{"rendered":"<p>Colec\u021bia ini\u021bial\u0103 de documente a Col\u021bului Francofon a fost realizat\u0103 cu sprijinul: Delega\u021biei Wallonie-Bruxelles la Bucure\u0219ti, Organiza\u021biei Interna\u021bionale a Francofoniei, Ambasadei Elve\u021biei la Bucure\u0219ti \u015fi a Centrului de Studii Literare Belgiene de Limb\u0103 Francez\u0103 Cluj. Dona\u0163ia de carte intrat\u0103 \u00een bibliotec\u0103 la Col\u0163ul Francofon Lista c\u0103r\u0163ilor donate prin proiectul &#8222;Biblioteca&hellip; <br \/> <a class=\"read-more\" href=\"https:\/\/new.bjc.ro\/?page_id=304\">Cite\u0219te mai mult<\/a><\/p>\n","protected":false},"author":1,"featured_media":0,"parent":0,"menu_order":0,"comment_status":"closed","ping_status":"closed","template":"","meta":{"_monsterinsights_skip_tracking":false,"_monsterinsights_sitenote_active":false,"_monsterinsights_sitenote_note":"","_monsterinsights_sitenote_category":0,"_EventAllDay":false,"_EventTimezone":"","_EventStartDate":"","_EventEndDate":"","_EventStartDateUTC":"","_EventEndDateUTC":"","_EventShowMap":false,"_EventShowMapLink":false,"_EventURL":"","_EventCost":"","_EventCostDescription":"","_EventCurrencySymbol":"","_EventCurrencyCode":"","_EventCurrencyPosition":"","_EventDateTimeSeparator":"","_EventTimeRangeSeparator":"","_EventOrganizerID":[],"_EventVenueID":[],"_OrganizerEmail":"","_OrganizerPhone":"","_OrganizerWebsite":"","_VenueAddress":"","_VenueCity":"","_VenueCountry":"","_VenueProvince":"","_VenueState":"","_VenueZip":"","_VenuePhone":"","_VenueURL":"","_VenueStateProvince":"","_VenueLat":"","_VenueLng":"","_VenueShowMap":false,"_VenueShowMapLink":false,"footnotes":""},"class_list":["post-304","page","type-page","status-publish","hentry"],"yoast_head":"<!-- This site is optimized with the Yoast SEO plugin v24.6 - https:\/\/yoast.com\/wordpress\/plugins\/seo\/ -->\n<title>Dona\u021bii \u0219i donatori - Biblioteca Jude\u021bean\u0103 \u201eOctavian Goga\u201d Cluj<\/title>\n<meta name=\"description\" content=\"Lista donatorilor bibliotecii, dona\u021bia de carte pentru Col\u021bul francofon\" \/>\n<meta name=\"robots\" content=\"index, follow, max-snippet:-1, max-image-preview:large, max-video-preview:-1\" \/>\n<link rel=\"canonical\" href=\"https:\/\/new.bjc.ro\/?page_id=304\" \/>\n<meta property=\"og:locale\" content=\"ro_RO\" \/>\n<meta property=\"og:type\" content=\"article\" \/>\n<meta property=\"og:title\" content=\"Dona\u021bii \u0219i donatori - Biblioteca Jude\u021bean\u0103 \u201eOctavian Goga\u201d Cluj\" \/>\n<meta property=\"og:description\" content=\"Lista donatorilor bibliotecii, dona\u021bia de carte pentru Col\u021bul francofon\" \/>\n<meta property=\"og:url\" content=\"https:\/\/new.bjc.ro\/?page_id=304\" \/>\n<meta property=\"og:site_name\" content=\"Biblioteca Jude\u021bean\u0103 \u201eOctavian Goga\u201d Cluj\" \/>\n<meta property=\"article:publisher\" content=\"https:\/\/www.facebook.com\/bibliotecacluj\/\" \/>\n<meta property=\"article:modified_time\" content=\"2023-04-04T06:04:52+00:00\" \/>\n<meta property=\"og:image\" content=\"https:\/\/new.bjc.ro\/wp-content\/uploads\/2023\/01\/IMG_5597-1.jpg\" \/>\n\t<meta property=\"og:image:width\" content=\"2000\" \/>\n\t<meta property=\"og:image:height\" content=\"1333\" \/>\n\t<meta property=\"og:image:type\" content=\"image\/jpeg\" \/>\n<meta name=\"twitter:card\" content=\"summary_large_image\" \/>\n<meta name=\"twitter:site\" content=\"@BibliotecaGoga\" \/>\n<meta name=\"twitter:label1\" content=\"Timp estimat pentru citire\" \/>\n\t<meta name=\"twitter:data1\" content=\"1 minut\" \/>\n<script type=\"application\/ld+json\" class=\"yoast-schema-graph\">{\"@context\":\"https:\/\/schema.org\",\"@graph\":[{\"@type\":\"WebPage\",\"@id\":\"https:\/\/new.bjc.ro\/?page_id=304\",\"url\":\"https:\/\/new.bjc.ro\/?page_id=304\",\"name\":\"Dona\u021bii \u0219i donatori - Biblioteca Jude\u021bean\u0103 \u201eOctavian Goga\u201d Cluj\",\"isPartOf\":{\"@id\":\"https:\/\/new.bjc.ro\/#website\"},\"datePublished\":\"2022-08-09T11:42:49+00:00\",\"dateModified\":\"2023-04-04T06:04:52+00:00\",\"description\":\"Lista donatorilor bibliotecii, dona\u021bia de carte pentru Col\u021bul francofon\",\"breadcrumb\":{\"@id\":\"https:\/\/new.bjc.ro\/?page_id=304#breadcrumb\"},\"inLanguage\":\"ro-RO\",\"potentialAction\":[{\"@type\":\"ReadAction\",\"target\":[\"https:\/\/new.bjc.ro\/?page_id=304\"]}]},{\"@type\":\"BreadcrumbList\",\"@id\":\"https:\/\/new.bjc.ro\/?page_id=304#breadcrumb\",\"itemListElement\":[{\"@type\":\"ListItem\",\"position\":1,\"name\":\"Home\",\"item\":\"https:\/\/new.bjc.ro\/\"},{\"@type\":\"ListItem\",\"position\":2,\"name\":\"Dona\u021bii \u0219i donatori\"}]},{\"@type\":\"WebSite\",\"@id\":\"https:\/\/new.bjc.ro\/#website\",\"url\":\"https:\/\/new.bjc.ro\/\",\"name\":\"Biblioteca Jude\u021bean\u0103 \u201eOctavian Goga\u201d Cluj\",\"description\":\"\",\"publisher\":{\"@id\":\"https:\/\/new.bjc.ro\/#organization\"},\"alternateName\":\"Biblioteca Jude\u021bean\u0103 Cluj\",\"potentialAction\":[{\"@type\":\"SearchAction\",\"target\":{\"@type\":\"EntryPoint\",\"urlTemplate\":\"https:\/\/new.bjc.ro\/?s={search_term_string}\"},\"query-input\":{\"@type\":\"PropertyValueSpecification\",\"valueRequired\":true,\"valueName\":\"search_term_string\"}}],\"inLanguage\":\"ro-RO\"},{\"@type\":\"Organization\",\"@id\":\"https:\/\/new.bjc.ro\/#organization\",\"name\":\"Biblioteca Jude\u021bean\u0103 \u201eOctavian Goga\u201d Cluj\",\"url\":\"https:\/\/new.bjc.ro\/\",\"logo\":{\"@type\":\"ImageObject\",\"inLanguage\":\"ro-RO\",\"@id\":\"https:\/\/new.bjc.ro\/#\/schema\/logo\/image\/\",\"url\":\"https:\/\/new.bjc.ro\/wp-content\/uploads\/2023\/03\/sigle.jpg\",\"contentUrl\":\"https:\/\/new.bjc.ro\/wp-content\/uploads\/2023\/03\/sigle.jpg\",\"width\":630,\"height\":473,\"caption\":\"Biblioteca Jude\u021bean\u0103 \u201eOctavian Goga\u201d Cluj\"},\"image\":{\"@id\":\"https:\/\/new.bjc.ro\/#\/schema\/logo\/image\/\"},\"sameAs\":[\"https:\/\/www.facebook.com\/bibliotecacluj\/\",\"https:\/\/x.com\/BibliotecaGoga\",\"https:\/\/www.instagram.com\/biblioteca_judeteana_cluj\/\",\"https:\/\/www.youtube.com\/user\/BibliotecaGoga\"]}]}<\/script>\n<!-- \/ Yoast SEO plugin. -->","yoast_head_json":{"title":"Dona\u021bii \u0219i donatori - Biblioteca Jude\u021bean\u0103 \u201eOctavian Goga\u201d Cluj","description":"Lista donatorilor bibliotecii, dona\u021bia de carte pentru Col\u021bul francofon","robots":{"index":"index","follow":"follow","max-snippet":"max-snippet:-1","max-image-preview":"max-image-preview:large","max-video-preview":"max-video-preview:-1"},"canonical":"https:\/\/new.bjc.ro\/?page_id=304","og_locale":"ro_RO","og_type":"article","og_title":"Dona\u021bii \u0219i donatori - Biblioteca Jude\u021bean\u0103 \u201eOctavian Goga\u201d Cluj","og_description":"Lista donatorilor bibliotecii, dona\u021bia de carte pentru Col\u021bul francofon","og_url":"https:\/\/new.bjc.ro\/?page_id=304","og_site_name":"Biblioteca Jude\u021bean\u0103 \u201eOctavian Goga\u201d Cluj","article_publisher":"https:\/\/www.facebook.com\/bibliotecacluj\/","article_modified_time":"2023-04-04T06:04:52+00:00","og_image":[{"width":2000,"height":1333,"url":"https:\/\/new.bjc.ro\/wp-content\/uploads\/2023\/01\/IMG_5597-1.jpg","type":"image\/jpeg"}],"twitter_card":"summary_large_image","twitter_site":"@BibliotecaGoga","twitter_misc":{"Timp estimat pentru citire":"1 minut"},"schema":{"@context":"https:\/\/schema.org","@graph":[{"@type":"WebPage","@id":"https:\/\/new.bjc.ro\/?page_id=304","url":"https:\/\/new.bjc.ro\/?page_id=304","name":"Dona\u021bii \u0219i donatori - Biblioteca Jude\u021bean\u0103 \u201eOctavian Goga\u201d Cluj","isPartOf":{"@id":"https:\/\/new.bjc.ro\/#website"},"datePublished":"2022-08-09T11:42:49+00:00","dateModified":"2023-04-04T06:04:52+00:00","description":"Lista donatorilor bibliotecii, dona\u021bia de carte pentru Col\u021bul francofon","breadcrumb":{"@id":"https:\/\/new.bjc.ro\/?page_id=304#breadcrumb"},"inLanguage":"ro-RO","potentialAction":[{"@type":"ReadAction","target":["https:\/\/new.bjc.ro\/?page_id=304"]}]},{"@type":"BreadcrumbList","@id":"https:\/\/new.bjc.ro\/?page_id=304#breadcrumb","itemListElement":[{"@type":"ListItem","position":1,"name":"Home","item":"https:\/\/new.bjc.ro\/"},{"@type":"ListItem","position":2,"name":"Dona\u021bii \u0219i donatori"}]},{"@type":"WebSite","@id":"https:\/\/new.bjc.ro\/#website","url":"https:\/\/new.bjc.ro\/","name":"Biblioteca Jude\u021bean\u0103 \u201eOctavian Goga\u201d Cluj","description":"","publisher":{"@id":"https:\/\/new.bjc.ro\/#organization"},"alternateName":"Biblioteca Jude\u021bean\u0103 Cluj","potentialAction":[{"@type":"SearchAction","target":{"@type":"EntryPoint","urlTemplate":"https:\/\/new.bjc.ro\/?s={search_term_string}"},"query-input":{"@type":"PropertyValueSpecification","valueRequired":true,"valueName":"search_term_string"}}],"inLanguage":"ro-RO"},{"@type":"Organization","@id":"https:\/\/new.bjc.ro\/#organization","name":"Biblioteca Jude\u021bean\u0103 \u201eOctavian Goga\u201d Cluj","url":"https:\/\/new.bjc.ro\/","logo":{"@type":"ImageObject","inLanguage":"ro-RO","@id":"https:\/\/new.bjc.ro\/#\/schema\/logo\/image\/","url":"https:\/\/new.bjc.ro\/wp-content\/uploads\/2023\/03\/sigle.jpg","contentUrl":"https:\/\/new.bjc.ro\/wp-content\/uploads\/2023\/03\/sigle.jpg","width":630,"height":473,"caption":"Biblioteca Jude\u021bean\u0103 \u201eOctavian Goga\u201d Cluj"},"image":{"@id":"https:\/\/new.bjc.ro\/#\/schema\/logo\/image\/"},"sameAs":["https:\/\/www.facebook.com\/bibliotecacluj\/","https:\/\/x.com\/BibliotecaGoga","https:\/\/www.instagram.com\/biblioteca_judeteana_cluj\/","https:\/\/www.youtube.com\/user\/BibliotecaGoga"]}]}},"_links":{"self":[{"href":"https:\/\/new.bjc.ro\/index.php?rest_route=\/wp\/v2\/pages\/304","targetHints":{"allow":["GET"]}}],"collection":[{"href":"https:\/\/new.bjc.ro\/index.php?rest_route=\/wp\/v2\/pages"}],"about":[{"href":"https:\/\/new.bjc.ro\/index.php?rest_route=\/wp\/v2\/types\/page"}],"author":[{"embeddable":true,"href":"https:\/\/new.bjc.ro\/index.php?rest_route=\/wp\/v2\/users\/1"}],"replies":[{"embeddable":true,"href":"https:\/\/new.bjc.ro\/index.php?rest_route=%2Fwp%2Fv2%2Fcomments&post=304"}],"version-history":[{"count":8,"href":"https:\/\/new.bjc.ro\/index.php?rest_route=\/wp\/v2\/pages\/304\/revisions"}],"predecessor-version":[{"id":6529,"href":"https:\/\/new.bjc.ro\/index.php?rest_route=\/wp\/v2\/pages\/304\/revisions\/6529"}],"wp:attachment":[{"href":"https:\/\/new.bjc.ro\/index.php?rest_route=%2Fwp%2Fv2%2Fmedia&parent=304"}],"curies":[{"name":"wp","href":"https:\/\/api.w.org\/{rel}","templated":true}]}}