{"id":3554,"date":"2023-01-18T10:00:30","date_gmt":"2023-01-18T08:00:30","guid":{"rendered":"https:\/\/new.bjc.ro\/?page_id=3554"},"modified":"2023-03-21T14:05:25","modified_gmt":"2023-03-21T12:05:25","slug":"intreaba-bibliotecarul","status":"publish","type":"page","link":"https:\/\/new.bjc.ro\/?page_id=3554","title":{"rendered":"\u00centreab\u0103 bibliotecarul"},"content":{"rendered":"\n<p><strong>Bine a\u0163i venit \u00een cadrul serviciului de referin\u0163e <em>\u00centreab\u0103 bibliotecarul<\/em>.<\/strong><\/p>\n\n\n\n<p>Bibliotecarii de referin\u0163\u0103 v\u0103 ofer\u0103 asisten\u0163\u0103 specializat\u0103, \u00een scopul rezolv\u0103rii cerin\u0163elor Dumneavoastr\u0103 de informare, \u00een intervalul orelor de lucru cu publicul ale bibliotecii. <a href=\"https:\/\/new.bjc.ro\/?page_id=56\">Vezi programul cu publicul<\/a><\/p>\n\n\n\n<p>Dac\u0103 a\u0163i efectuat deja c\u0103ut\u0103ri \u00een <a href=\"http:\/\/portal.bjc.qulto.ro\/ro\">catalogul&nbsp;on-line<\/a> al bibliotecii sau \u00een produsele noastre de informare (vezi <strong>Buletinele informative<\/strong> \u015fi <strong>Resursele Web<\/strong>) \u015fi nu a\u0163i aflat r\u0103spuns la \u00eentrebarea Dumneavoastr\u0103, v\u0103 st\u0103m la dispozi\u0163ie.<\/p>\n\n\n\n<p><strong>\u00centreb\u0103rile la care v\u0103 r\u0103spundem prin intermediul acestui serviciu trebuie s\u0103 con\u0163in\u0103<\/strong>:<\/p>\n\n\n\n<ul class=\"wp-block-list\">\n<li>Solicit\u0103ri simple de informare, care necesit\u0103 un r\u0103spuns succint.<\/li>\n\n\n\n<li>Solicit\u0103ri care necesit\u0103 o bibliografie de recomandare, f\u0103r\u0103 aprofundarea domeniului.<\/li>\n<\/ul>\n\n\n\n<p><strong>V\u0103 recomand\u0103m s\u0103 citi\u0163i urm\u0103toarele \u00eenainte de a \u00eencepe<\/strong>:<\/p>\n\n\n\n<ul class=\"wp-block-list\">\n<li>Termenul de r\u0103spuns la solicit\u0103rile dumneavoastr\u0103 este de 2 zile lucr\u0103toare<\/li>\n\n\n\n<li>Acest serviciu de referin\u0163e prin e-mail este parte integrant\u0103 din proiectul REM-RO: Referin\u0163e prin e-mail Rom\u00e2nia<\/li>\n\n\n\n<li>Nici una dintre datele personale pe care ni le furniza\u0163i nu vor fi comunicate unei ter\u0163e p\u0103r\u0163i. Datele colectate prin intermediul acestui formular vor fi utilizate exclusiv pentru statisticile serviciului; aceste statistici nu vor include numele \u015fi prenumele Dumneavoastr\u0103.<\/li>\n<\/ul>\n\n\n\n<p><a href=\"https:\/\/new.bjc.ro\/?page_id=228\">Formularul de acces<\/a><\/p>\n","protected":false},"excerpt":{"rendered":"<p>Bine a\u0163i venit \u00een cadrul serviciului de referin\u0163e \u00centreab\u0103 bibliotecarul. Bibliotecarii de referin\u0163\u0103 v\u0103 ofer\u0103 asisten\u0163\u0103 specializat\u0103, \u00een scopul rezolv\u0103rii cerin\u0163elor Dumneavoastr\u0103 de informare, \u00een intervalul orelor de lucru cu publicul ale bibliotecii. Vezi programul cu publicul Dac\u0103 a\u0163i efectuat deja c\u0103ut\u0103ri \u00een catalogul&nbsp;on-line al bibliotecii sau \u00een produsele noastre&hellip; <br \/> <a class=\"read-more\" href=\"https:\/\/new.bjc.ro\/?page_id=3554\">Cite\u0219te mai mult<\/a><\/p>\n","protected":false},"author":1,"featured_media":0,"parent":0,"menu_order":0,"comment_status":"closed","ping_status":"closed","template":"","meta":{"_monsterinsights_skip_tracking":false,"_monsterinsights_sitenote_active":false,"_monsterinsights_sitenote_note":"","_monsterinsights_sitenote_category":0,"_EventAllDay":false,"_EventTimezone":"","_EventStartDate":"","_EventEndDate":"","_EventStartDateUTC":"","_EventEndDateUTC":"","_EventShowMap":false,"_EventShowMapLink":false,"_EventURL":"","_EventCost":"","_EventCostDescription":"","_EventCurrencySymbol":"","_EventCurrencyCode":"","_EventCurrencyPosition":"","_EventDateTimeSeparator":"","_EventTimeRangeSeparator":"","_EventOrganizerID":[],"_EventVenueID":[],"_OrganizerEmail":"","_OrganizerPhone":"","_OrganizerWebsite":"","_VenueAddress":"","_VenueCity":"","_VenueCountry":"","_VenueProvince":"","_VenueState":"","_VenueZip":"","_VenuePhone":"","_VenueURL":"","_VenueStateProvince":"","_VenueLat":"","_VenueLng":"","_VenueShowMap":false,"_VenueShowMapLink":false,"footnotes":""},"class_list":["post-3554","page","type-page","status-publish","hentry"],"yoast_head":"<!-- This site is optimized with the Yoast SEO plugin v24.6 - https:\/\/yoast.com\/wordpress\/plugins\/seo\/ -->\n<title>\u00centreab\u0103 bibliotecarul - Biblioteca Jude\u021bean\u0103 \u201eOctavian Goga\u201d Cluj<\/title>\n<meta name=\"description\" content=\"serviciului de referin\u0163e \u00centreab\u0103 bibliotecarul, recomand\u0103ri de utilizare al serviciului, formular de acces\" \/>\n<meta name=\"robots\" content=\"index, follow, max-snippet:-1, max-image-preview:large, max-video-preview:-1\" \/>\n<link rel=\"canonical\" href=\"https:\/\/new.bjc.ro\/?page_id=3554\" \/>\n<meta property=\"og:locale\" content=\"ro_RO\" \/>\n<meta property=\"og:type\" content=\"article\" \/>\n<meta property=\"og:title\" content=\"\u00centreab\u0103 bibliotecarul - Biblioteca Jude\u021bean\u0103 \u201eOctavian Goga\u201d Cluj\" \/>\n<meta property=\"og:description\" content=\"serviciului de referin\u0163e \u00centreab\u0103 bibliotecarul, recomand\u0103ri de utilizare al serviciului, formular de acces\" \/>\n<meta property=\"og:url\" content=\"https:\/\/new.bjc.ro\/?page_id=3554\" \/>\n<meta property=\"og:site_name\" content=\"Biblioteca Jude\u021bean\u0103 \u201eOctavian Goga\u201d Cluj\" \/>\n<meta property=\"article:publisher\" content=\"https:\/\/www.facebook.com\/bibliotecacluj\/\" \/>\n<meta property=\"article:modified_time\" content=\"2023-03-21T12:05:25+00:00\" \/>\n<meta property=\"og:image\" content=\"https:\/\/new.bjc.ro\/wp-content\/uploads\/2023\/01\/IMG_5597-1.jpg\" \/>\n\t<meta property=\"og:image:width\" content=\"2000\" \/>\n\t<meta property=\"og:image:height\" content=\"1333\" \/>\n\t<meta property=\"og:image:type\" content=\"image\/jpeg\" \/>\n<meta name=\"twitter:card\" content=\"summary_large_image\" \/>\n<meta name=\"twitter:site\" content=\"@BibliotecaGoga\" \/>\n<meta name=\"twitter:label1\" content=\"Timp estimat pentru citire\" \/>\n\t<meta name=\"twitter:data1\" content=\"1 minut\" \/>\n<script type=\"application\/ld+json\" class=\"yoast-schema-graph\">{\"@context\":\"https:\/\/schema.org\",\"@graph\":[{\"@type\":\"WebPage\",\"@id\":\"https:\/\/new.bjc.ro\/?page_id=3554\",\"url\":\"https:\/\/new.bjc.ro\/?page_id=3554\",\"name\":\"\u00centreab\u0103 bibliotecarul - Biblioteca Jude\u021bean\u0103 \u201eOctavian Goga\u201d Cluj\",\"isPartOf\":{\"@id\":\"https:\/\/new.bjc.ro\/#website\"},\"datePublished\":\"2023-01-18T08:00:30+00:00\",\"dateModified\":\"2023-03-21T12:05:25+00:00\",\"description\":\"serviciului de referin\u0163e \u00centreab\u0103 bibliotecarul, recomand\u0103ri de utilizare al serviciului, formular de acces\",\"breadcrumb\":{\"@id\":\"https:\/\/new.bjc.ro\/?page_id=3554#breadcrumb\"},\"inLanguage\":\"ro-RO\",\"potentialAction\":[{\"@type\":\"ReadAction\",\"target\":[\"https:\/\/new.bjc.ro\/?page_id=3554\"]}]},{\"@type\":\"BreadcrumbList\",\"@id\":\"https:\/\/new.bjc.ro\/?page_id=3554#breadcrumb\",\"itemListElement\":[{\"@type\":\"ListItem\",\"position\":1,\"name\":\"Home\",\"item\":\"https:\/\/new.bjc.ro\/\"},{\"@type\":\"ListItem\",\"position\":2,\"name\":\"\u00centreab\u0103 bibliotecarul\"}]},{\"@type\":\"WebSite\",\"@id\":\"https:\/\/new.bjc.ro\/#website\",\"url\":\"https:\/\/new.bjc.ro\/\",\"name\":\"Biblioteca Jude\u021bean\u0103 \u201eOctavian Goga\u201d Cluj\",\"description\":\"\",\"publisher\":{\"@id\":\"https:\/\/new.bjc.ro\/#organization\"},\"alternateName\":\"Biblioteca Jude\u021bean\u0103 Cluj\",\"potentialAction\":[{\"@type\":\"SearchAction\",\"target\":{\"@type\":\"EntryPoint\",\"urlTemplate\":\"https:\/\/new.bjc.ro\/?s={search_term_string}\"},\"query-input\":{\"@type\":\"PropertyValueSpecification\",\"valueRequired\":true,\"valueName\":\"search_term_string\"}}],\"inLanguage\":\"ro-RO\"},{\"@type\":\"Organization\",\"@id\":\"https:\/\/new.bjc.ro\/#organization\",\"name\":\"Biblioteca Jude\u021bean\u0103 \u201eOctavian Goga\u201d Cluj\",\"url\":\"https:\/\/new.bjc.ro\/\",\"logo\":{\"@type\":\"ImageObject\",\"inLanguage\":\"ro-RO\",\"@id\":\"https:\/\/new.bjc.ro\/#\/schema\/logo\/image\/\",\"url\":\"https:\/\/new.bjc.ro\/wp-content\/uploads\/2023\/03\/sigle.jpg\",\"contentUrl\":\"https:\/\/new.bjc.ro\/wp-content\/uploads\/2023\/03\/sigle.jpg\",\"width\":630,\"height\":473,\"caption\":\"Biblioteca Jude\u021bean\u0103 \u201eOctavian Goga\u201d Cluj\"},\"image\":{\"@id\":\"https:\/\/new.bjc.ro\/#\/schema\/logo\/image\/\"},\"sameAs\":[\"https:\/\/www.facebook.com\/bibliotecacluj\/\",\"https:\/\/x.com\/BibliotecaGoga\",\"https:\/\/www.instagram.com\/biblioteca_judeteana_cluj\/\",\"https:\/\/www.youtube.com\/user\/BibliotecaGoga\"]}]}<\/script>\n<!-- \/ Yoast SEO plugin. -->","yoast_head_json":{"title":"\u00centreab\u0103 bibliotecarul - Biblioteca Jude\u021bean\u0103 \u201eOctavian Goga\u201d Cluj","description":"serviciului de referin\u0163e \u00centreab\u0103 bibliotecarul, recomand\u0103ri de utilizare al serviciului, formular de acces","robots":{"index":"index","follow":"follow","max-snippet":"max-snippet:-1","max-image-preview":"max-image-preview:large","max-video-preview":"max-video-preview:-1"},"canonical":"https:\/\/new.bjc.ro\/?page_id=3554","og_locale":"ro_RO","og_type":"article","og_title":"\u00centreab\u0103 bibliotecarul - Biblioteca Jude\u021bean\u0103 \u201eOctavian Goga\u201d Cluj","og_description":"serviciului de referin\u0163e \u00centreab\u0103 bibliotecarul, recomand\u0103ri de utilizare al serviciului, formular de acces","og_url":"https:\/\/new.bjc.ro\/?page_id=3554","og_site_name":"Biblioteca Jude\u021bean\u0103 \u201eOctavian Goga\u201d Cluj","article_publisher":"https:\/\/www.facebook.com\/bibliotecacluj\/","article_modified_time":"2023-03-21T12:05:25+00:00","og_image":[{"width":2000,"height":1333,"url":"https:\/\/new.bjc.ro\/wp-content\/uploads\/2023\/01\/IMG_5597-1.jpg","type":"image\/jpeg"}],"twitter_card":"summary_large_image","twitter_site":"@BibliotecaGoga","twitter_misc":{"Timp estimat pentru citire":"1 minut"},"schema":{"@context":"https:\/\/schema.org","@graph":[{"@type":"WebPage","@id":"https:\/\/new.bjc.ro\/?page_id=3554","url":"https:\/\/new.bjc.ro\/?page_id=3554","name":"\u00centreab\u0103 bibliotecarul - Biblioteca Jude\u021bean\u0103 \u201eOctavian Goga\u201d Cluj","isPartOf":{"@id":"https:\/\/new.bjc.ro\/#website"},"datePublished":"2023-01-18T08:00:30+00:00","dateModified":"2023-03-21T12:05:25+00:00","description":"serviciului de referin\u0163e \u00centreab\u0103 bibliotecarul, recomand\u0103ri de utilizare al serviciului, formular de acces","breadcrumb":{"@id":"https:\/\/new.bjc.ro\/?page_id=3554#breadcrumb"},"inLanguage":"ro-RO","potentialAction":[{"@type":"ReadAction","target":["https:\/\/new.bjc.ro\/?page_id=3554"]}]},{"@type":"BreadcrumbList","@id":"https:\/\/new.bjc.ro\/?page_id=3554#breadcrumb","itemListElement":[{"@type":"ListItem","position":1,"name":"Home","item":"https:\/\/new.bjc.ro\/"},{"@type":"ListItem","position":2,"name":"\u00centreab\u0103 bibliotecarul"}]},{"@type":"WebSite","@id":"https:\/\/new.bjc.ro\/#website","url":"https:\/\/new.bjc.ro\/","name":"Biblioteca Jude\u021bean\u0103 \u201eOctavian Goga\u201d Cluj","description":"","publisher":{"@id":"https:\/\/new.bjc.ro\/#organization"},"alternateName":"Biblioteca Jude\u021bean\u0103 Cluj","potentialAction":[{"@type":"SearchAction","target":{"@type":"EntryPoint","urlTemplate":"https:\/\/new.bjc.ro\/?s={search_term_string}"},"query-input":{"@type":"PropertyValueSpecification","valueRequired":true,"valueName":"search_term_string"}}],"inLanguage":"ro-RO"},{"@type":"Organization","@id":"https:\/\/new.bjc.ro\/#organization","name":"Biblioteca Jude\u021bean\u0103 \u201eOctavian Goga\u201d Cluj","url":"https:\/\/new.bjc.ro\/","logo":{"@type":"ImageObject","inLanguage":"ro-RO","@id":"https:\/\/new.bjc.ro\/#\/schema\/logo\/image\/","url":"https:\/\/new.bjc.ro\/wp-content\/uploads\/2023\/03\/sigle.jpg","contentUrl":"https:\/\/new.bjc.ro\/wp-content\/uploads\/2023\/03\/sigle.jpg","width":630,"height":473,"caption":"Biblioteca Jude\u021bean\u0103 \u201eOctavian Goga\u201d Cluj"},"image":{"@id":"https:\/\/new.bjc.ro\/#\/schema\/logo\/image\/"},"sameAs":["https:\/\/www.facebook.com\/bibliotecacluj\/","https:\/\/x.com\/BibliotecaGoga","https:\/\/www.instagram.com\/biblioteca_judeteana_cluj\/","https:\/\/www.youtube.com\/user\/BibliotecaGoga"]}]}},"_links":{"self":[{"href":"https:\/\/new.bjc.ro\/index.php?rest_route=\/wp\/v2\/pages\/3554","targetHints":{"allow":["GET"]}}],"collection":[{"href":"https:\/\/new.bjc.ro\/index.php?rest_route=\/wp\/v2\/pages"}],"about":[{"href":"https:\/\/new.bjc.ro\/index.php?rest_route=\/wp\/v2\/types\/page"}],"author":[{"embeddable":true,"href":"https:\/\/new.bjc.ro\/index.php?rest_route=\/wp\/v2\/users\/1"}],"replies":[{"embeddable":true,"href":"https:\/\/new.bjc.ro\/index.php?rest_route=%2Fwp%2Fv2%2Fcomments&post=3554"}],"version-history":[{"count":5,"href":"https:\/\/new.bjc.ro\/index.php?rest_route=\/wp\/v2\/pages\/3554\/revisions"}],"predecessor-version":[{"id":6938,"href":"https:\/\/new.bjc.ro\/index.php?rest_route=\/wp\/v2\/pages\/3554\/revisions\/6938"}],"wp:attachment":[{"href":"https:\/\/new.bjc.ro\/index.php?rest_route=%2Fwp%2Fv2%2Fmedia&parent=3554"}],"curies":[{"name":"wp","href":"https:\/\/api.w.org\/{rel}","templated":true}]}}