{"id":3595,"date":"2023-01-18T15:34:51","date_gmt":"2023-01-18T13:34:51","guid":{"rendered":"https:\/\/new.bjc.ro\/?page_id=3595"},"modified":"2023-01-18T15:35:54","modified_gmt":"2023-01-18T13:35:54","slug":"cenaclul-literar-traian-brad","status":"publish","type":"page","link":"https:\/\/new.bjc.ro\/?page_id=3595","title":{"rendered":"Cenaclul literar \u201eTraian Brad&#8221;"},"content":{"rendered":"\n<div class=\"wp-block-media-text alignwide is-stacked-on-mobile\" style=\"grid-template-columns:17% auto\"><figure class=\"wp-block-media-text__media\"><a href=\"https:\/\/new.bjc.ro\/wp-content\/uploads\/2023\/01\/afis_cenaclul_literar_2021.png\"><img loading=\"lazy\" decoding=\"async\" width=\"505\" height=\"721\" src=\"https:\/\/new.bjc.ro\/wp-content\/uploads\/2023\/01\/afis_cenaclul_literar_2021.png\" alt=\"\" class=\"wp-image-3596 size-full\"\/><\/a><\/figure><div class=\"wp-block-media-text__content\">\n<p><strong>Cenaclul literar \u201eTraian Brad&#8221;<\/strong>a fost constituit \u00een luna octombrie 2002 \u015fi \u00eentrune\u015fte \u00een r\u00e2ndurile sale copii de toate v\u00e2rstele, care fac primii pa\u015fi \u00een lumea crea\u0163iei. \u00cen anii 2002-2003 \u015fi 2003-2004 cenaclul a fost coordonat de scriitoarea Gen\u0163iana Groza, apoi de scriitoarele Flavia Teoc \u015fi Lucia D\u0103r\u0103mu\u015f.<\/p>\n\n\n\n<p>\u00cen prezent coordonatorul cenaclului este scriitorul <strong>Victor Constantin M\u0103ru\u0163oiu<\/strong>, iar \u00eent\u00e2lnirile se desf\u0103\u015foar\u0103 sub forma atelierelor de crea\u0163ie.<\/p>\n\n\n\n<p>\u00cen cei peste 15 ani de activitate, membrii cenaclului au participat la emisiuni radiofonice \u201eP\u0103h\u0103relul cu nectar&#8221; de la Radio Rena\u015fterea, la concursuri na\u0163ionale \u015fi interna\u0163ionale, remarc\u00e2ndu-se participarea la concursul \u201eLe Lecteur du Val&#8221;, organizat de Asocia\u0163ia Bibliotecarilor din Sicoval (Fran\u0163a) unde 2 dintre membrii cenaclului, Iulia Bochi\u015f \u015fi Ileana Surducan, au fost premia\u0163i, iar lucr\u0103rile lor au fost publicate \u00eentr-o antologie, al\u0103turi de copiii din Fran\u0163a \u015fi alte \u0163\u0103ri participante.<\/p>\n<\/div><\/div>\n\n\n\n<p>Cele mai reu\u015fite lucr\u0103ri ale cenacli\u015ftilor au fost publicate \u00een antologia <em>Muguri,<\/em> ap\u0103rut\u0103 la editura <em>Eikon <\/em>\u00een anul 2006 \u015fi \u00een <em>Antologia aniversar\u0103<\/em> ap\u0103rut\u0103 \u00een anul 2012. Cenaclul are loc pe parcursul anului \u015fcolar, \u00een ultima s\u0103pt\u0103m\u00e2n\u0103 din fiecare lun\u0103, <strong>mar\u0163i, de la ora 17.00<\/strong>. Sunt invita\u0163i copiii care vor s\u0103-\u015fi dezvolte aptitudinile literare.<\/p>\n","protected":false},"excerpt":{"rendered":"<p>Cenaclul literar \u201eTraian Brad&#8221;a fost constituit \u00een luna octombrie 2002 \u015fi \u00eentrune\u015fte \u00een r\u00e2ndurile sale copii de toate v\u00e2rstele, care fac primii pa\u015fi \u00een lumea crea\u0163iei. \u00cen anii 2002-2003 \u015fi 2003-2004 cenaclul a fost coordonat de scriitoarea Gen\u0163iana Groza, apoi de scriitoarele Flavia Teoc \u015fi Lucia D\u0103r\u0103mu\u015f. \u00cen prezent coordonatorul&hellip; <br \/> <a class=\"read-more\" href=\"https:\/\/new.bjc.ro\/?page_id=3595\">Cite\u0219te mai mult<\/a><\/p>\n","protected":false},"author":1,"featured_media":0,"parent":0,"menu_order":0,"comment_status":"closed","ping_status":"closed","template":"","meta":{"_monsterinsights_skip_tracking":false,"_monsterinsights_sitenote_active":false,"_monsterinsights_sitenote_note":"","_monsterinsights_sitenote_category":0,"_EventAllDay":false,"_EventTimezone":"","_EventStartDate":"","_EventEndDate":"","_EventStartDateUTC":"","_EventEndDateUTC":"","_EventShowMap":false,"_EventShowMapLink":false,"_EventURL":"","_EventCost":"","_EventCostDescription":"","_EventCurrencySymbol":"","_EventCurrencyCode":"","_EventCurrencyPosition":"","_EventDateTimeSeparator":"","_EventTimeRangeSeparator":"","_EventOrganizerID":[],"_EventVenueID":[],"_OrganizerEmail":"","_OrganizerPhone":"","_OrganizerWebsite":"","_VenueAddress":"","_VenueCity":"","_VenueCountry":"","_VenueProvince":"","_VenueState":"","_VenueZip":"","_VenuePhone":"","_VenueURL":"","_VenueStateProvince":"","_VenueLat":"","_VenueLng":"","_VenueShowMap":false,"_VenueShowMapLink":false,"footnotes":""},"class_list":["post-3595","page","type-page","status-publish","hentry"],"yoast_head":"<!-- This site is optimized with the Yoast SEO plugin v24.6 - https:\/\/yoast.com\/wordpress\/plugins\/seo\/ -->\n<title>Cenaclul literar \u201eTraian Brad&quot; - Biblioteca Jude\u021bean\u0103 \u201eOctavian Goga\u201d Cluj<\/title>\n<meta name=\"robots\" content=\"index, follow, max-snippet:-1, max-image-preview:large, max-video-preview:-1\" \/>\n<link rel=\"canonical\" href=\"https:\/\/new.bjc.ro\/?page_id=3595\" \/>\n<meta property=\"og:locale\" content=\"ro_RO\" \/>\n<meta property=\"og:type\" content=\"article\" \/>\n<meta property=\"og:title\" content=\"Cenaclul literar \u201eTraian Brad&quot; - Biblioteca Jude\u021bean\u0103 \u201eOctavian Goga\u201d Cluj\" \/>\n<meta property=\"og:description\" content=\"Cenaclul literar \u201eTraian Brad&#8221;a fost constituit \u00een luna octombrie 2002 \u015fi \u00eentrune\u015fte \u00een r\u00e2ndurile sale copii de toate v\u00e2rstele, care fac primii pa\u015fi \u00een lumea crea\u0163iei. \u00cen anii 2002-2003 \u015fi 2003-2004 cenaclul a fost coordonat de scriitoarea Gen\u0163iana Groza, apoi de scriitoarele Flavia Teoc \u015fi Lucia D\u0103r\u0103mu\u015f. \u00cen prezent coordonatorul&hellip; Cite\u0219te mai mult\" \/>\n<meta property=\"og:url\" content=\"https:\/\/new.bjc.ro\/?page_id=3595\" \/>\n<meta property=\"og:site_name\" content=\"Biblioteca Jude\u021bean\u0103 \u201eOctavian Goga\u201d Cluj\" \/>\n<meta property=\"article:publisher\" content=\"https:\/\/www.facebook.com\/bibliotecacluj\/\" \/>\n<meta property=\"article:modified_time\" content=\"2023-01-18T13:35:54+00:00\" \/>\n<meta property=\"og:image\" content=\"https:\/\/new.bjc.ro\/wp-content\/uploads\/2023\/01\/afis_cenaclul_literar_2021.png\" \/>\n<meta name=\"twitter:card\" content=\"summary_large_image\" \/>\n<meta name=\"twitter:site\" content=\"@BibliotecaGoga\" \/>\n<meta name=\"twitter:label1\" content=\"Timp estimat pentru citire\" \/>\n\t<meta name=\"twitter:data1\" content=\"1 minut\" \/>\n<script type=\"application\/ld+json\" class=\"yoast-schema-graph\">{\"@context\":\"https:\/\/schema.org\",\"@graph\":[{\"@type\":\"WebPage\",\"@id\":\"https:\/\/new.bjc.ro\/?page_id=3595\",\"url\":\"https:\/\/new.bjc.ro\/?page_id=3595\",\"name\":\"Cenaclul literar \u201eTraian Brad\\\" - Biblioteca Jude\u021bean\u0103 \u201eOctavian Goga\u201d Cluj\",\"isPartOf\":{\"@id\":\"https:\/\/new.bjc.ro\/#website\"},\"primaryImageOfPage\":{\"@id\":\"https:\/\/new.bjc.ro\/?page_id=3595#primaryimage\"},\"image\":{\"@id\":\"https:\/\/new.bjc.ro\/?page_id=3595#primaryimage\"},\"thumbnailUrl\":\"https:\/\/new.bjc.ro\/wp-content\/uploads\/2023\/01\/afis_cenaclul_literar_2021.png\",\"datePublished\":\"2023-01-18T13:34:51+00:00\",\"dateModified\":\"2023-01-18T13:35:54+00:00\",\"breadcrumb\":{\"@id\":\"https:\/\/new.bjc.ro\/?page_id=3595#breadcrumb\"},\"inLanguage\":\"ro-RO\",\"potentialAction\":[{\"@type\":\"ReadAction\",\"target\":[\"https:\/\/new.bjc.ro\/?page_id=3595\"]}]},{\"@type\":\"ImageObject\",\"inLanguage\":\"ro-RO\",\"@id\":\"https:\/\/new.bjc.ro\/?page_id=3595#primaryimage\",\"url\":\"https:\/\/new.bjc.ro\/wp-content\/uploads\/2023\/01\/afis_cenaclul_literar_2021.png\",\"contentUrl\":\"https:\/\/new.bjc.ro\/wp-content\/uploads\/2023\/01\/afis_cenaclul_literar_2021.png\"},{\"@type\":\"BreadcrumbList\",\"@id\":\"https:\/\/new.bjc.ro\/?page_id=3595#breadcrumb\",\"itemListElement\":[{\"@type\":\"ListItem\",\"position\":1,\"name\":\"Home\",\"item\":\"https:\/\/new.bjc.ro\/\"},{\"@type\":\"ListItem\",\"position\":2,\"name\":\"Cenaclul literar \u201eTraian Brad&#8221;\"}]},{\"@type\":\"WebSite\",\"@id\":\"https:\/\/new.bjc.ro\/#website\",\"url\":\"https:\/\/new.bjc.ro\/\",\"name\":\"Biblioteca Jude\u021bean\u0103 \u201eOctavian Goga\u201d Cluj\",\"description\":\"\",\"publisher\":{\"@id\":\"https:\/\/new.bjc.ro\/#organization\"},\"alternateName\":\"Biblioteca Jude\u021bean\u0103 Cluj\",\"potentialAction\":[{\"@type\":\"SearchAction\",\"target\":{\"@type\":\"EntryPoint\",\"urlTemplate\":\"https:\/\/new.bjc.ro\/?s={search_term_string}\"},\"query-input\":{\"@type\":\"PropertyValueSpecification\",\"valueRequired\":true,\"valueName\":\"search_term_string\"}}],\"inLanguage\":\"ro-RO\"},{\"@type\":\"Organization\",\"@id\":\"https:\/\/new.bjc.ro\/#organization\",\"name\":\"Biblioteca Jude\u021bean\u0103 \u201eOctavian Goga\u201d Cluj\",\"url\":\"https:\/\/new.bjc.ro\/\",\"logo\":{\"@type\":\"ImageObject\",\"inLanguage\":\"ro-RO\",\"@id\":\"https:\/\/new.bjc.ro\/#\/schema\/logo\/image\/\",\"url\":\"https:\/\/new.bjc.ro\/wp-content\/uploads\/2023\/03\/sigle.jpg\",\"contentUrl\":\"https:\/\/new.bjc.ro\/wp-content\/uploads\/2023\/03\/sigle.jpg\",\"width\":630,\"height\":473,\"caption\":\"Biblioteca Jude\u021bean\u0103 \u201eOctavian Goga\u201d Cluj\"},\"image\":{\"@id\":\"https:\/\/new.bjc.ro\/#\/schema\/logo\/image\/\"},\"sameAs\":[\"https:\/\/www.facebook.com\/bibliotecacluj\/\",\"https:\/\/x.com\/BibliotecaGoga\",\"https:\/\/www.instagram.com\/biblioteca_judeteana_cluj\/\",\"https:\/\/www.youtube.com\/user\/BibliotecaGoga\"]}]}<\/script>\n<!-- \/ Yoast SEO plugin. -->","yoast_head_json":{"title":"Cenaclul literar \u201eTraian Brad\" - Biblioteca Jude\u021bean\u0103 \u201eOctavian Goga\u201d Cluj","robots":{"index":"index","follow":"follow","max-snippet":"max-snippet:-1","max-image-preview":"max-image-preview:large","max-video-preview":"max-video-preview:-1"},"canonical":"https:\/\/new.bjc.ro\/?page_id=3595","og_locale":"ro_RO","og_type":"article","og_title":"Cenaclul literar \u201eTraian Brad\" - Biblioteca Jude\u021bean\u0103 \u201eOctavian Goga\u201d Cluj","og_description":"Cenaclul literar \u201eTraian Brad&#8221;a fost constituit \u00een luna octombrie 2002 \u015fi \u00eentrune\u015fte \u00een r\u00e2ndurile sale copii de toate v\u00e2rstele, care fac primii pa\u015fi \u00een lumea crea\u0163iei. \u00cen anii 2002-2003 \u015fi 2003-2004 cenaclul a fost coordonat de scriitoarea Gen\u0163iana Groza, apoi de scriitoarele Flavia Teoc \u015fi Lucia D\u0103r\u0103mu\u015f. \u00cen prezent coordonatorul&hellip; Cite\u0219te mai mult","og_url":"https:\/\/new.bjc.ro\/?page_id=3595","og_site_name":"Biblioteca Jude\u021bean\u0103 \u201eOctavian Goga\u201d Cluj","article_publisher":"https:\/\/www.facebook.com\/bibliotecacluj\/","article_modified_time":"2023-01-18T13:35:54+00:00","og_image":[{"url":"https:\/\/new.bjc.ro\/wp-content\/uploads\/2023\/01\/afis_cenaclul_literar_2021.png","type":"","width":"","height":""}],"twitter_card":"summary_large_image","twitter_site":"@BibliotecaGoga","twitter_misc":{"Timp estimat pentru citire":"1 minut"},"schema":{"@context":"https:\/\/schema.org","@graph":[{"@type":"WebPage","@id":"https:\/\/new.bjc.ro\/?page_id=3595","url":"https:\/\/new.bjc.ro\/?page_id=3595","name":"Cenaclul literar \u201eTraian Brad\" - Biblioteca Jude\u021bean\u0103 \u201eOctavian Goga\u201d Cluj","isPartOf":{"@id":"https:\/\/new.bjc.ro\/#website"},"primaryImageOfPage":{"@id":"https:\/\/new.bjc.ro\/?page_id=3595#primaryimage"},"image":{"@id":"https:\/\/new.bjc.ro\/?page_id=3595#primaryimage"},"thumbnailUrl":"https:\/\/new.bjc.ro\/wp-content\/uploads\/2023\/01\/afis_cenaclul_literar_2021.png","datePublished":"2023-01-18T13:34:51+00:00","dateModified":"2023-01-18T13:35:54+00:00","breadcrumb":{"@id":"https:\/\/new.bjc.ro\/?page_id=3595#breadcrumb"},"inLanguage":"ro-RO","potentialAction":[{"@type":"ReadAction","target":["https:\/\/new.bjc.ro\/?page_id=3595"]}]},{"@type":"ImageObject","inLanguage":"ro-RO","@id":"https:\/\/new.bjc.ro\/?page_id=3595#primaryimage","url":"https:\/\/new.bjc.ro\/wp-content\/uploads\/2023\/01\/afis_cenaclul_literar_2021.png","contentUrl":"https:\/\/new.bjc.ro\/wp-content\/uploads\/2023\/01\/afis_cenaclul_literar_2021.png"},{"@type":"BreadcrumbList","@id":"https:\/\/new.bjc.ro\/?page_id=3595#breadcrumb","itemListElement":[{"@type":"ListItem","position":1,"name":"Home","item":"https:\/\/new.bjc.ro\/"},{"@type":"ListItem","position":2,"name":"Cenaclul literar \u201eTraian Brad&#8221;"}]},{"@type":"WebSite","@id":"https:\/\/new.bjc.ro\/#website","url":"https:\/\/new.bjc.ro\/","name":"Biblioteca Jude\u021bean\u0103 \u201eOctavian Goga\u201d Cluj","description":"","publisher":{"@id":"https:\/\/new.bjc.ro\/#organization"},"alternateName":"Biblioteca Jude\u021bean\u0103 Cluj","potentialAction":[{"@type":"SearchAction","target":{"@type":"EntryPoint","urlTemplate":"https:\/\/new.bjc.ro\/?s={search_term_string}"},"query-input":{"@type":"PropertyValueSpecification","valueRequired":true,"valueName":"search_term_string"}}],"inLanguage":"ro-RO"},{"@type":"Organization","@id":"https:\/\/new.bjc.ro\/#organization","name":"Biblioteca Jude\u021bean\u0103 \u201eOctavian Goga\u201d Cluj","url":"https:\/\/new.bjc.ro\/","logo":{"@type":"ImageObject","inLanguage":"ro-RO","@id":"https:\/\/new.bjc.ro\/#\/schema\/logo\/image\/","url":"https:\/\/new.bjc.ro\/wp-content\/uploads\/2023\/03\/sigle.jpg","contentUrl":"https:\/\/new.bjc.ro\/wp-content\/uploads\/2023\/03\/sigle.jpg","width":630,"height":473,"caption":"Biblioteca Jude\u021bean\u0103 \u201eOctavian Goga\u201d Cluj"},"image":{"@id":"https:\/\/new.bjc.ro\/#\/schema\/logo\/image\/"},"sameAs":["https:\/\/www.facebook.com\/bibliotecacluj\/","https:\/\/x.com\/BibliotecaGoga","https:\/\/www.instagram.com\/biblioteca_judeteana_cluj\/","https:\/\/www.youtube.com\/user\/BibliotecaGoga"]}]}},"_links":{"self":[{"href":"https:\/\/new.bjc.ro\/index.php?rest_route=\/wp\/v2\/pages\/3595","targetHints":{"allow":["GET"]}}],"collection":[{"href":"https:\/\/new.bjc.ro\/index.php?rest_route=\/wp\/v2\/pages"}],"about":[{"href":"https:\/\/new.bjc.ro\/index.php?rest_route=\/wp\/v2\/types\/page"}],"author":[{"embeddable":true,"href":"https:\/\/new.bjc.ro\/index.php?rest_route=\/wp\/v2\/users\/1"}],"replies":[{"embeddable":true,"href":"https:\/\/new.bjc.ro\/index.php?rest_route=%2Fwp%2Fv2%2Fcomments&post=3595"}],"version-history":[{"count":2,"href":"https:\/\/new.bjc.ro\/index.php?rest_route=\/wp\/v2\/pages\/3595\/revisions"}],"predecessor-version":[{"id":3598,"href":"https:\/\/new.bjc.ro\/index.php?rest_route=\/wp\/v2\/pages\/3595\/revisions\/3598"}],"wp:attachment":[{"href":"https:\/\/new.bjc.ro\/index.php?rest_route=%2Fwp%2Fv2%2Fmedia&parent=3595"}],"curies":[{"name":"wp","href":"https:\/\/api.w.org\/{rel}","templated":true}]}}