{"id":3601,"date":"2023-01-18T15:41:43","date_gmt":"2023-01-18T13:41:43","guid":{"rendered":"https:\/\/new.bjc.ro\/?page_id=3601"},"modified":"2023-01-18T15:42:01","modified_gmt":"2023-01-18T13:42:01","slug":"cercul-de-origami","status":"publish","type":"page","link":"https:\/\/new.bjc.ro\/?page_id=3601","title":{"rendered":"Cercul de origami"},"content":{"rendered":"\n<div class=\"wp-block-media-text alignwide is-stacked-on-mobile\" style=\"grid-template-columns:17% auto\"><figure class=\"wp-block-media-text__media\"><a href=\"https:\/\/new.bjc.ro\/wp-content\/uploads\/2023\/01\/afis_origami_2021.png\"><img loading=\"lazy\" decoding=\"async\" width=\"962\" height=\"1348\" src=\"https:\/\/new.bjc.ro\/wp-content\/uploads\/2023\/01\/afis_origami_2021.png\" alt=\"\" class=\"wp-image-3602 size-full\"\/><\/a><\/figure><div class=\"wp-block-media-text__content\">\n<p>Constituit \u00een octombrie 2002, <strong>Cercul de origami <\/strong>aduce \u00eempreun\u0103 copii dornici s\u0103 fac\u0103 primii pa\u015fi \u00een arta plierii h\u00e2rtiei. De la modele simple reprezent\u00e2nd broa\u015fte sau b\u0103rci, p\u00e2n\u0103 la stele \u015fi cutii modulare, tehnica origami ne d\u0103 posibilitatea decor\u0103rii camerei \u00eentr-un stil aparte \u015fi, \u00een acela\u015fi timp, ne ajut\u0103 s\u0103 ne relax\u0103m.<\/p>\n\n\n\n<p>Atelierele au loc pe parcursul anului \u015fcolar, \u00een ultima s\u0103pt\u0103m\u00e2n\u0103 din lun\u0103, joi, de la ora 16.00.<\/p>\n<\/div><\/div>\n","protected":false},"excerpt":{"rendered":"<p>Constituit \u00een octombrie 2002, Cercul de origami aduce \u00eempreun\u0103 copii dornici s\u0103 fac\u0103 primii pa\u015fi \u00een arta plierii h\u00e2rtiei. De la modele simple reprezent\u00e2nd broa\u015fte sau b\u0103rci, p\u00e2n\u0103 la stele \u015fi cutii modulare, tehnica origami ne d\u0103 posibilitatea decor\u0103rii camerei \u00eentr-un stil aparte \u015fi, \u00een acela\u015fi timp, ne ajut\u0103 s\u0103&hellip; <br \/> <a class=\"read-more\" href=\"https:\/\/new.bjc.ro\/?page_id=3601\">Cite\u0219te mai mult<\/a><\/p>\n","protected":false},"author":1,"featured_media":0,"parent":0,"menu_order":0,"comment_status":"closed","ping_status":"closed","template":"","meta":{"_monsterinsights_skip_tracking":false,"_monsterinsights_sitenote_active":false,"_monsterinsights_sitenote_note":"","_monsterinsights_sitenote_category":0,"_EventAllDay":false,"_EventTimezone":"","_EventStartDate":"","_EventEndDate":"","_EventStartDateUTC":"","_EventEndDateUTC":"","_EventShowMap":false,"_EventShowMapLink":false,"_EventURL":"","_EventCost":"","_EventCostDescription":"","_EventCurrencySymbol":"","_EventCurrencyCode":"","_EventCurrencyPosition":"","_EventDateTimeSeparator":"","_EventTimeRangeSeparator":"","_EventOrganizerID":[],"_EventVenueID":[],"_OrganizerEmail":"","_OrganizerPhone":"","_OrganizerWebsite":"","_VenueAddress":"","_VenueCity":"","_VenueCountry":"","_VenueProvince":"","_VenueState":"","_VenueZip":"","_VenuePhone":"","_VenueURL":"","_VenueStateProvince":"","_VenueLat":"","_VenueLng":"","_VenueShowMap":false,"_VenueShowMapLink":false,"footnotes":""},"class_list":["post-3601","page","type-page","status-publish","hentry"],"yoast_head":"<!-- This site is optimized with the Yoast SEO plugin v24.6 - https:\/\/yoast.com\/wordpress\/plugins\/seo\/ -->\n<title>Cercul de origami - Biblioteca Jude\u021bean\u0103 \u201eOctavian Goga\u201d Cluj<\/title>\n<meta name=\"robots\" content=\"index, follow, max-snippet:-1, max-image-preview:large, max-video-preview:-1\" \/>\n<link rel=\"canonical\" href=\"https:\/\/new.bjc.ro\/?page_id=3601\" \/>\n<meta property=\"og:locale\" content=\"ro_RO\" \/>\n<meta property=\"og:type\" content=\"article\" \/>\n<meta property=\"og:title\" content=\"Cercul de origami - Biblioteca Jude\u021bean\u0103 \u201eOctavian Goga\u201d Cluj\" \/>\n<meta property=\"og:description\" content=\"Constituit \u00een octombrie 2002, Cercul de origami aduce \u00eempreun\u0103 copii dornici s\u0103 fac\u0103 primii pa\u015fi \u00een arta plierii h\u00e2rtiei. De la modele simple reprezent\u00e2nd broa\u015fte sau b\u0103rci, p\u00e2n\u0103 la stele \u015fi cutii modulare, tehnica origami ne d\u0103 posibilitatea decor\u0103rii camerei \u00eentr-un stil aparte \u015fi, \u00een acela\u015fi timp, ne ajut\u0103 s\u0103&hellip; Cite\u0219te mai mult\" \/>\n<meta property=\"og:url\" content=\"https:\/\/new.bjc.ro\/?page_id=3601\" \/>\n<meta property=\"og:site_name\" content=\"Biblioteca Jude\u021bean\u0103 \u201eOctavian Goga\u201d Cluj\" \/>\n<meta property=\"article:publisher\" content=\"https:\/\/www.facebook.com\/bibliotecacluj\/\" \/>\n<meta property=\"article:modified_time\" content=\"2023-01-18T13:42:01+00:00\" \/>\n<meta property=\"og:image\" content=\"https:\/\/new.bjc.ro\/wp-content\/uploads\/2023\/01\/afis_origami_2021.png\" \/>\n<meta name=\"twitter:card\" content=\"summary_large_image\" \/>\n<meta name=\"twitter:site\" content=\"@BibliotecaGoga\" \/>\n<script type=\"application\/ld+json\" class=\"yoast-schema-graph\">{\"@context\":\"https:\/\/schema.org\",\"@graph\":[{\"@type\":\"WebPage\",\"@id\":\"https:\/\/new.bjc.ro\/?page_id=3601\",\"url\":\"https:\/\/new.bjc.ro\/?page_id=3601\",\"name\":\"Cercul de origami - Biblioteca Jude\u021bean\u0103 \u201eOctavian Goga\u201d Cluj\",\"isPartOf\":{\"@id\":\"https:\/\/new.bjc.ro\/#website\"},\"primaryImageOfPage\":{\"@id\":\"https:\/\/new.bjc.ro\/?page_id=3601#primaryimage\"},\"image\":{\"@id\":\"https:\/\/new.bjc.ro\/?page_id=3601#primaryimage\"},\"thumbnailUrl\":\"https:\/\/new.bjc.ro\/wp-content\/uploads\/2023\/01\/afis_origami_2021.png\",\"datePublished\":\"2023-01-18T13:41:43+00:00\",\"dateModified\":\"2023-01-18T13:42:01+00:00\",\"breadcrumb\":{\"@id\":\"https:\/\/new.bjc.ro\/?page_id=3601#breadcrumb\"},\"inLanguage\":\"ro-RO\",\"potentialAction\":[{\"@type\":\"ReadAction\",\"target\":[\"https:\/\/new.bjc.ro\/?page_id=3601\"]}]},{\"@type\":\"ImageObject\",\"inLanguage\":\"ro-RO\",\"@id\":\"https:\/\/new.bjc.ro\/?page_id=3601#primaryimage\",\"url\":\"https:\/\/new.bjc.ro\/wp-content\/uploads\/2023\/01\/afis_origami_2021.png\",\"contentUrl\":\"https:\/\/new.bjc.ro\/wp-content\/uploads\/2023\/01\/afis_origami_2021.png\"},{\"@type\":\"BreadcrumbList\",\"@id\":\"https:\/\/new.bjc.ro\/?page_id=3601#breadcrumb\",\"itemListElement\":[{\"@type\":\"ListItem\",\"position\":1,\"name\":\"Home\",\"item\":\"https:\/\/new.bjc.ro\/\"},{\"@type\":\"ListItem\",\"position\":2,\"name\":\"Cercul de origami\"}]},{\"@type\":\"WebSite\",\"@id\":\"https:\/\/new.bjc.ro\/#website\",\"url\":\"https:\/\/new.bjc.ro\/\",\"name\":\"Biblioteca Jude\u021bean\u0103 \u201eOctavian Goga\u201d Cluj\",\"description\":\"\",\"publisher\":{\"@id\":\"https:\/\/new.bjc.ro\/#organization\"},\"alternateName\":\"Biblioteca Jude\u021bean\u0103 Cluj\",\"potentialAction\":[{\"@type\":\"SearchAction\",\"target\":{\"@type\":\"EntryPoint\",\"urlTemplate\":\"https:\/\/new.bjc.ro\/?s={search_term_string}\"},\"query-input\":{\"@type\":\"PropertyValueSpecification\",\"valueRequired\":true,\"valueName\":\"search_term_string\"}}],\"inLanguage\":\"ro-RO\"},{\"@type\":\"Organization\",\"@id\":\"https:\/\/new.bjc.ro\/#organization\",\"name\":\"Biblioteca Jude\u021bean\u0103 \u201eOctavian Goga\u201d Cluj\",\"url\":\"https:\/\/new.bjc.ro\/\",\"logo\":{\"@type\":\"ImageObject\",\"inLanguage\":\"ro-RO\",\"@id\":\"https:\/\/new.bjc.ro\/#\/schema\/logo\/image\/\",\"url\":\"https:\/\/new.bjc.ro\/wp-content\/uploads\/2023\/03\/sigle.jpg\",\"contentUrl\":\"https:\/\/new.bjc.ro\/wp-content\/uploads\/2023\/03\/sigle.jpg\",\"width\":630,\"height\":473,\"caption\":\"Biblioteca Jude\u021bean\u0103 \u201eOctavian Goga\u201d Cluj\"},\"image\":{\"@id\":\"https:\/\/new.bjc.ro\/#\/schema\/logo\/image\/\"},\"sameAs\":[\"https:\/\/www.facebook.com\/bibliotecacluj\/\",\"https:\/\/x.com\/BibliotecaGoga\",\"https:\/\/www.instagram.com\/biblioteca_judeteana_cluj\/\",\"https:\/\/www.youtube.com\/user\/BibliotecaGoga\"]}]}<\/script>\n<!-- \/ Yoast SEO plugin. -->","yoast_head_json":{"title":"Cercul de origami - Biblioteca Jude\u021bean\u0103 \u201eOctavian Goga\u201d Cluj","robots":{"index":"index","follow":"follow","max-snippet":"max-snippet:-1","max-image-preview":"max-image-preview:large","max-video-preview":"max-video-preview:-1"},"canonical":"https:\/\/new.bjc.ro\/?page_id=3601","og_locale":"ro_RO","og_type":"article","og_title":"Cercul de origami - Biblioteca Jude\u021bean\u0103 \u201eOctavian Goga\u201d Cluj","og_description":"Constituit \u00een octombrie 2002, Cercul de origami aduce \u00eempreun\u0103 copii dornici s\u0103 fac\u0103 primii pa\u015fi \u00een arta plierii h\u00e2rtiei. De la modele simple reprezent\u00e2nd broa\u015fte sau b\u0103rci, p\u00e2n\u0103 la stele \u015fi cutii modulare, tehnica origami ne d\u0103 posibilitatea decor\u0103rii camerei \u00eentr-un stil aparte \u015fi, \u00een acela\u015fi timp, ne ajut\u0103 s\u0103&hellip; Cite\u0219te mai mult","og_url":"https:\/\/new.bjc.ro\/?page_id=3601","og_site_name":"Biblioteca Jude\u021bean\u0103 \u201eOctavian Goga\u201d Cluj","article_publisher":"https:\/\/www.facebook.com\/bibliotecacluj\/","article_modified_time":"2023-01-18T13:42:01+00:00","og_image":[{"url":"https:\/\/new.bjc.ro\/wp-content\/uploads\/2023\/01\/afis_origami_2021.png","type":"","width":"","height":""}],"twitter_card":"summary_large_image","twitter_site":"@BibliotecaGoga","schema":{"@context":"https:\/\/schema.org","@graph":[{"@type":"WebPage","@id":"https:\/\/new.bjc.ro\/?page_id=3601","url":"https:\/\/new.bjc.ro\/?page_id=3601","name":"Cercul de origami - Biblioteca Jude\u021bean\u0103 \u201eOctavian Goga\u201d Cluj","isPartOf":{"@id":"https:\/\/new.bjc.ro\/#website"},"primaryImageOfPage":{"@id":"https:\/\/new.bjc.ro\/?page_id=3601#primaryimage"},"image":{"@id":"https:\/\/new.bjc.ro\/?page_id=3601#primaryimage"},"thumbnailUrl":"https:\/\/new.bjc.ro\/wp-content\/uploads\/2023\/01\/afis_origami_2021.png","datePublished":"2023-01-18T13:41:43+00:00","dateModified":"2023-01-18T13:42:01+00:00","breadcrumb":{"@id":"https:\/\/new.bjc.ro\/?page_id=3601#breadcrumb"},"inLanguage":"ro-RO","potentialAction":[{"@type":"ReadAction","target":["https:\/\/new.bjc.ro\/?page_id=3601"]}]},{"@type":"ImageObject","inLanguage":"ro-RO","@id":"https:\/\/new.bjc.ro\/?page_id=3601#primaryimage","url":"https:\/\/new.bjc.ro\/wp-content\/uploads\/2023\/01\/afis_origami_2021.png","contentUrl":"https:\/\/new.bjc.ro\/wp-content\/uploads\/2023\/01\/afis_origami_2021.png"},{"@type":"BreadcrumbList","@id":"https:\/\/new.bjc.ro\/?page_id=3601#breadcrumb","itemListElement":[{"@type":"ListItem","position":1,"name":"Home","item":"https:\/\/new.bjc.ro\/"},{"@type":"ListItem","position":2,"name":"Cercul de origami"}]},{"@type":"WebSite","@id":"https:\/\/new.bjc.ro\/#website","url":"https:\/\/new.bjc.ro\/","name":"Biblioteca Jude\u021bean\u0103 \u201eOctavian Goga\u201d Cluj","description":"","publisher":{"@id":"https:\/\/new.bjc.ro\/#organization"},"alternateName":"Biblioteca Jude\u021bean\u0103 Cluj","potentialAction":[{"@type":"SearchAction","target":{"@type":"EntryPoint","urlTemplate":"https:\/\/new.bjc.ro\/?s={search_term_string}"},"query-input":{"@type":"PropertyValueSpecification","valueRequired":true,"valueName":"search_term_string"}}],"inLanguage":"ro-RO"},{"@type":"Organization","@id":"https:\/\/new.bjc.ro\/#organization","name":"Biblioteca Jude\u021bean\u0103 \u201eOctavian Goga\u201d Cluj","url":"https:\/\/new.bjc.ro\/","logo":{"@type":"ImageObject","inLanguage":"ro-RO","@id":"https:\/\/new.bjc.ro\/#\/schema\/logo\/image\/","url":"https:\/\/new.bjc.ro\/wp-content\/uploads\/2023\/03\/sigle.jpg","contentUrl":"https:\/\/new.bjc.ro\/wp-content\/uploads\/2023\/03\/sigle.jpg","width":630,"height":473,"caption":"Biblioteca Jude\u021bean\u0103 \u201eOctavian Goga\u201d Cluj"},"image":{"@id":"https:\/\/new.bjc.ro\/#\/schema\/logo\/image\/"},"sameAs":["https:\/\/www.facebook.com\/bibliotecacluj\/","https:\/\/x.com\/BibliotecaGoga","https:\/\/www.instagram.com\/biblioteca_judeteana_cluj\/","https:\/\/www.youtube.com\/user\/BibliotecaGoga"]}]}},"_links":{"self":[{"href":"https:\/\/new.bjc.ro\/index.php?rest_route=\/wp\/v2\/pages\/3601","targetHints":{"allow":["GET"]}}],"collection":[{"href":"https:\/\/new.bjc.ro\/index.php?rest_route=\/wp\/v2\/pages"}],"about":[{"href":"https:\/\/new.bjc.ro\/index.php?rest_route=\/wp\/v2\/types\/page"}],"author":[{"embeddable":true,"href":"https:\/\/new.bjc.ro\/index.php?rest_route=\/wp\/v2\/users\/1"}],"replies":[{"embeddable":true,"href":"https:\/\/new.bjc.ro\/index.php?rest_route=%2Fwp%2Fv2%2Fcomments&post=3601"}],"version-history":[{"count":1,"href":"https:\/\/new.bjc.ro\/index.php?rest_route=\/wp\/v2\/pages\/3601\/revisions"}],"predecessor-version":[{"id":3603,"href":"https:\/\/new.bjc.ro\/index.php?rest_route=\/wp\/v2\/pages\/3601\/revisions\/3603"}],"wp:attachment":[{"href":"https:\/\/new.bjc.ro\/index.php?rest_route=%2Fwp%2Fv2%2Fmedia&parent=3601"}],"curies":[{"name":"wp","href":"https:\/\/api.w.org\/{rel}","templated":true}]}}