{"id":3614,"date":"2023-01-18T15:50:08","date_gmt":"2023-01-18T13:50:08","guid":{"rendered":"https:\/\/new.bjc.ro\/?page_id=3614"},"modified":"2023-01-19T07:59:32","modified_gmt":"2023-01-19T05:59:32","slug":"clubul-de-filosofie-pentru-copii","status":"publish","type":"page","link":"https:\/\/new.bjc.ro\/?page_id=3614","title":{"rendered":"Clubul de filosofie pentru copii"},"content":{"rendered":"\n<div class=\"wp-block-media-text alignwide is-stacked-on-mobile\" style=\"grid-template-columns:15% auto\"><figure class=\"wp-block-media-text__media\"><a href=\"https:\/\/new.bjc.ro\/wp-content\/uploads\/2023\/01\/afis_general_club_de_filosofie.png\"><img loading=\"lazy\" decoding=\"async\" width=\"794\" height=\"1123\" src=\"https:\/\/new.bjc.ro\/wp-content\/uploads\/2023\/01\/afis_general_club_de_filosofie.png\" alt=\"\" class=\"wp-image-3615 size-full\"\/><\/a><\/figure><div class=\"wp-block-media-text__content\">\n<p><strong>Clubul de filosofie pentru copii<\/strong> \u00ee\u015fi are \u00eenceputurile \u00een luna iulie 2016, c\u00e2nd a fost ini\u0163iat ca program de vacan\u0163\u0103. Ulterior, datorit\u0103 succesului s\u0103u, a devenit o activitate lunar\u0103, cu desf\u0103\u015furare pe parcursul anului \u015fcolar. Clubul se adreseaz\u0103 copiilor cu v\u00e2rsta cuprins\u0103 \u00eentre 8-12 ani \u015fi se desf\u0103\u015foar\u0103 la Sec\u0163ia pentru copii de la Sediul central \u015fi la filialele bibliotecii. Activit\u0103\u0163ile sunt coordonate de doamna conf. dr. Mihaela Frunz\u0103, de la Facultatea de Istorie \u015fi Filosofie a Universit\u0103\u021bii Babe\u0219-Bolyai. P\u00e2n\u0103 \u00een prezent au fost abordate teme precum: curajul, adev\u0103rul, munca, identitatea, altruismul, cum facem alegeri \u00een\u0163elepte.<\/p>\n<\/div><\/div>\n","protected":false},"excerpt":{"rendered":"<p>Clubul de filosofie pentru copii \u00ee\u015fi are \u00eenceputurile \u00een luna iulie 2016, c\u00e2nd a fost ini\u0163iat ca program de vacan\u0163\u0103. Ulterior, datorit\u0103 succesului s\u0103u, a devenit o activitate lunar\u0103, cu desf\u0103\u015furare pe parcursul anului \u015fcolar. Clubul se adreseaz\u0103 copiilor cu v\u00e2rsta cuprins\u0103 \u00eentre 8-12 ani \u015fi se desf\u0103\u015foar\u0103 la Sec\u0163ia&hellip; <br \/> <a class=\"read-more\" href=\"https:\/\/new.bjc.ro\/?page_id=3614\">Cite\u0219te mai mult<\/a><\/p>\n","protected":false},"author":1,"featured_media":0,"parent":0,"menu_order":0,"comment_status":"closed","ping_status":"closed","template":"","meta":{"_monsterinsights_skip_tracking":false,"_monsterinsights_sitenote_active":false,"_monsterinsights_sitenote_note":"","_monsterinsights_sitenote_category":0,"_EventAllDay":false,"_EventTimezone":"","_EventStartDate":"","_EventEndDate":"","_EventStartDateUTC":"","_EventEndDateUTC":"","_EventShowMap":false,"_EventShowMapLink":false,"_EventURL":"","_EventCost":"","_EventCostDescription":"","_EventCurrencySymbol":"","_EventCurrencyCode":"","_EventCurrencyPosition":"","_EventDateTimeSeparator":"","_EventTimeRangeSeparator":"","_EventOrganizerID":[],"_EventVenueID":[],"_OrganizerEmail":"","_OrganizerPhone":"","_OrganizerWebsite":"","_VenueAddress":"","_VenueCity":"","_VenueCountry":"","_VenueProvince":"","_VenueState":"","_VenueZip":"","_VenuePhone":"","_VenueURL":"","_VenueStateProvince":"","_VenueLat":"","_VenueLng":"","_VenueShowMap":false,"_VenueShowMapLink":false,"footnotes":""},"class_list":["post-3614","page","type-page","status-publish","hentry"],"yoast_head":"<!-- This site is optimized with the Yoast SEO plugin v24.6 - https:\/\/yoast.com\/wordpress\/plugins\/seo\/ -->\n<title>Clubul de filosofie pentru copii - Biblioteca Jude\u021bean\u0103 \u201eOctavian Goga\u201d Cluj<\/title>\n<meta name=\"robots\" content=\"index, follow, max-snippet:-1, max-image-preview:large, max-video-preview:-1\" \/>\n<link rel=\"canonical\" href=\"https:\/\/new.bjc.ro\/?page_id=3614\" \/>\n<meta property=\"og:locale\" content=\"ro_RO\" \/>\n<meta property=\"og:type\" content=\"article\" \/>\n<meta property=\"og:title\" content=\"Clubul de filosofie pentru copii - Biblioteca Jude\u021bean\u0103 \u201eOctavian Goga\u201d Cluj\" \/>\n<meta property=\"og:description\" content=\"Clubul de filosofie pentru copii \u00ee\u015fi are \u00eenceputurile \u00een luna iulie 2016, c\u00e2nd a fost ini\u0163iat ca program de vacan\u0163\u0103. Ulterior, datorit\u0103 succesului s\u0103u, a devenit o activitate lunar\u0103, cu desf\u0103\u015furare pe parcursul anului \u015fcolar. Clubul se adreseaz\u0103 copiilor cu v\u00e2rsta cuprins\u0103 \u00eentre 8-12 ani \u015fi se desf\u0103\u015foar\u0103 la Sec\u0163ia&hellip; Cite\u0219te mai mult\" \/>\n<meta property=\"og:url\" content=\"https:\/\/new.bjc.ro\/?page_id=3614\" \/>\n<meta property=\"og:site_name\" content=\"Biblioteca Jude\u021bean\u0103 \u201eOctavian Goga\u201d Cluj\" \/>\n<meta property=\"article:publisher\" content=\"https:\/\/www.facebook.com\/bibliotecacluj\/\" \/>\n<meta property=\"article:modified_time\" content=\"2023-01-19T05:59:32+00:00\" \/>\n<meta property=\"og:image\" content=\"https:\/\/new.bjc.ro\/wp-content\/uploads\/2023\/01\/afis_general_club_de_filosofie.png\" \/>\n<meta name=\"twitter:card\" content=\"summary_large_image\" \/>\n<meta name=\"twitter:site\" content=\"@BibliotecaGoga\" \/>\n<meta name=\"twitter:label1\" content=\"Timp estimat pentru citire\" \/>\n\t<meta name=\"twitter:data1\" content=\"1 minut\" \/>\n<script type=\"application\/ld+json\" class=\"yoast-schema-graph\">{\"@context\":\"https:\/\/schema.org\",\"@graph\":[{\"@type\":\"WebPage\",\"@id\":\"https:\/\/new.bjc.ro\/?page_id=3614\",\"url\":\"https:\/\/new.bjc.ro\/?page_id=3614\",\"name\":\"Clubul de filosofie pentru copii - Biblioteca Jude\u021bean\u0103 \u201eOctavian Goga\u201d Cluj\",\"isPartOf\":{\"@id\":\"https:\/\/new.bjc.ro\/#website\"},\"primaryImageOfPage\":{\"@id\":\"https:\/\/new.bjc.ro\/?page_id=3614#primaryimage\"},\"image\":{\"@id\":\"https:\/\/new.bjc.ro\/?page_id=3614#primaryimage\"},\"thumbnailUrl\":\"https:\/\/new.bjc.ro\/wp-content\/uploads\/2023\/01\/afis_general_club_de_filosofie.png\",\"datePublished\":\"2023-01-18T13:50:08+00:00\",\"dateModified\":\"2023-01-19T05:59:32+00:00\",\"breadcrumb\":{\"@id\":\"https:\/\/new.bjc.ro\/?page_id=3614#breadcrumb\"},\"inLanguage\":\"ro-RO\",\"potentialAction\":[{\"@type\":\"ReadAction\",\"target\":[\"https:\/\/new.bjc.ro\/?page_id=3614\"]}]},{\"@type\":\"ImageObject\",\"inLanguage\":\"ro-RO\",\"@id\":\"https:\/\/new.bjc.ro\/?page_id=3614#primaryimage\",\"url\":\"https:\/\/new.bjc.ro\/wp-content\/uploads\/2023\/01\/afis_general_club_de_filosofie.png\",\"contentUrl\":\"https:\/\/new.bjc.ro\/wp-content\/uploads\/2023\/01\/afis_general_club_de_filosofie.png\"},{\"@type\":\"BreadcrumbList\",\"@id\":\"https:\/\/new.bjc.ro\/?page_id=3614#breadcrumb\",\"itemListElement\":[{\"@type\":\"ListItem\",\"position\":1,\"name\":\"Home\",\"item\":\"https:\/\/new.bjc.ro\/\"},{\"@type\":\"ListItem\",\"position\":2,\"name\":\"Clubul de filosofie pentru copii\"}]},{\"@type\":\"WebSite\",\"@id\":\"https:\/\/new.bjc.ro\/#website\",\"url\":\"https:\/\/new.bjc.ro\/\",\"name\":\"Biblioteca Jude\u021bean\u0103 \u201eOctavian Goga\u201d Cluj\",\"description\":\"\",\"publisher\":{\"@id\":\"https:\/\/new.bjc.ro\/#organization\"},\"alternateName\":\"Biblioteca Jude\u021bean\u0103 Cluj\",\"potentialAction\":[{\"@type\":\"SearchAction\",\"target\":{\"@type\":\"EntryPoint\",\"urlTemplate\":\"https:\/\/new.bjc.ro\/?s={search_term_string}\"},\"query-input\":{\"@type\":\"PropertyValueSpecification\",\"valueRequired\":true,\"valueName\":\"search_term_string\"}}],\"inLanguage\":\"ro-RO\"},{\"@type\":\"Organization\",\"@id\":\"https:\/\/new.bjc.ro\/#organization\",\"name\":\"Biblioteca Jude\u021bean\u0103 \u201eOctavian Goga\u201d Cluj\",\"url\":\"https:\/\/new.bjc.ro\/\",\"logo\":{\"@type\":\"ImageObject\",\"inLanguage\":\"ro-RO\",\"@id\":\"https:\/\/new.bjc.ro\/#\/schema\/logo\/image\/\",\"url\":\"https:\/\/new.bjc.ro\/wp-content\/uploads\/2023\/03\/sigle.jpg\",\"contentUrl\":\"https:\/\/new.bjc.ro\/wp-content\/uploads\/2023\/03\/sigle.jpg\",\"width\":630,\"height\":473,\"caption\":\"Biblioteca Jude\u021bean\u0103 \u201eOctavian Goga\u201d Cluj\"},\"image\":{\"@id\":\"https:\/\/new.bjc.ro\/#\/schema\/logo\/image\/\"},\"sameAs\":[\"https:\/\/www.facebook.com\/bibliotecacluj\/\",\"https:\/\/x.com\/BibliotecaGoga\",\"https:\/\/www.instagram.com\/biblioteca_judeteana_cluj\/\",\"https:\/\/www.youtube.com\/user\/BibliotecaGoga\"]}]}<\/script>\n<!-- \/ Yoast SEO plugin. -->","yoast_head_json":{"title":"Clubul de filosofie pentru copii - Biblioteca Jude\u021bean\u0103 \u201eOctavian Goga\u201d Cluj","robots":{"index":"index","follow":"follow","max-snippet":"max-snippet:-1","max-image-preview":"max-image-preview:large","max-video-preview":"max-video-preview:-1"},"canonical":"https:\/\/new.bjc.ro\/?page_id=3614","og_locale":"ro_RO","og_type":"article","og_title":"Clubul de filosofie pentru copii - Biblioteca Jude\u021bean\u0103 \u201eOctavian Goga\u201d Cluj","og_description":"Clubul de filosofie pentru copii \u00ee\u015fi are \u00eenceputurile \u00een luna iulie 2016, c\u00e2nd a fost ini\u0163iat ca program de vacan\u0163\u0103. Ulterior, datorit\u0103 succesului s\u0103u, a devenit o activitate lunar\u0103, cu desf\u0103\u015furare pe parcursul anului \u015fcolar. Clubul se adreseaz\u0103 copiilor cu v\u00e2rsta cuprins\u0103 \u00eentre 8-12 ani \u015fi se desf\u0103\u015foar\u0103 la Sec\u0163ia&hellip; Cite\u0219te mai mult","og_url":"https:\/\/new.bjc.ro\/?page_id=3614","og_site_name":"Biblioteca Jude\u021bean\u0103 \u201eOctavian Goga\u201d Cluj","article_publisher":"https:\/\/www.facebook.com\/bibliotecacluj\/","article_modified_time":"2023-01-19T05:59:32+00:00","og_image":[{"url":"https:\/\/new.bjc.ro\/wp-content\/uploads\/2023\/01\/afis_general_club_de_filosofie.png","type":"","width":"","height":""}],"twitter_card":"summary_large_image","twitter_site":"@BibliotecaGoga","twitter_misc":{"Timp estimat pentru citire":"1 minut"},"schema":{"@context":"https:\/\/schema.org","@graph":[{"@type":"WebPage","@id":"https:\/\/new.bjc.ro\/?page_id=3614","url":"https:\/\/new.bjc.ro\/?page_id=3614","name":"Clubul de filosofie pentru copii - Biblioteca Jude\u021bean\u0103 \u201eOctavian Goga\u201d Cluj","isPartOf":{"@id":"https:\/\/new.bjc.ro\/#website"},"primaryImageOfPage":{"@id":"https:\/\/new.bjc.ro\/?page_id=3614#primaryimage"},"image":{"@id":"https:\/\/new.bjc.ro\/?page_id=3614#primaryimage"},"thumbnailUrl":"https:\/\/new.bjc.ro\/wp-content\/uploads\/2023\/01\/afis_general_club_de_filosofie.png","datePublished":"2023-01-18T13:50:08+00:00","dateModified":"2023-01-19T05:59:32+00:00","breadcrumb":{"@id":"https:\/\/new.bjc.ro\/?page_id=3614#breadcrumb"},"inLanguage":"ro-RO","potentialAction":[{"@type":"ReadAction","target":["https:\/\/new.bjc.ro\/?page_id=3614"]}]},{"@type":"ImageObject","inLanguage":"ro-RO","@id":"https:\/\/new.bjc.ro\/?page_id=3614#primaryimage","url":"https:\/\/new.bjc.ro\/wp-content\/uploads\/2023\/01\/afis_general_club_de_filosofie.png","contentUrl":"https:\/\/new.bjc.ro\/wp-content\/uploads\/2023\/01\/afis_general_club_de_filosofie.png"},{"@type":"BreadcrumbList","@id":"https:\/\/new.bjc.ro\/?page_id=3614#breadcrumb","itemListElement":[{"@type":"ListItem","position":1,"name":"Home","item":"https:\/\/new.bjc.ro\/"},{"@type":"ListItem","position":2,"name":"Clubul de filosofie pentru copii"}]},{"@type":"WebSite","@id":"https:\/\/new.bjc.ro\/#website","url":"https:\/\/new.bjc.ro\/","name":"Biblioteca Jude\u021bean\u0103 \u201eOctavian Goga\u201d Cluj","description":"","publisher":{"@id":"https:\/\/new.bjc.ro\/#organization"},"alternateName":"Biblioteca Jude\u021bean\u0103 Cluj","potentialAction":[{"@type":"SearchAction","target":{"@type":"EntryPoint","urlTemplate":"https:\/\/new.bjc.ro\/?s={search_term_string}"},"query-input":{"@type":"PropertyValueSpecification","valueRequired":true,"valueName":"search_term_string"}}],"inLanguage":"ro-RO"},{"@type":"Organization","@id":"https:\/\/new.bjc.ro\/#organization","name":"Biblioteca Jude\u021bean\u0103 \u201eOctavian Goga\u201d Cluj","url":"https:\/\/new.bjc.ro\/","logo":{"@type":"ImageObject","inLanguage":"ro-RO","@id":"https:\/\/new.bjc.ro\/#\/schema\/logo\/image\/","url":"https:\/\/new.bjc.ro\/wp-content\/uploads\/2023\/03\/sigle.jpg","contentUrl":"https:\/\/new.bjc.ro\/wp-content\/uploads\/2023\/03\/sigle.jpg","width":630,"height":473,"caption":"Biblioteca Jude\u021bean\u0103 \u201eOctavian Goga\u201d Cluj"},"image":{"@id":"https:\/\/new.bjc.ro\/#\/schema\/logo\/image\/"},"sameAs":["https:\/\/www.facebook.com\/bibliotecacluj\/","https:\/\/x.com\/BibliotecaGoga","https:\/\/www.instagram.com\/biblioteca_judeteana_cluj\/","https:\/\/www.youtube.com\/user\/BibliotecaGoga"]}]}},"_links":{"self":[{"href":"https:\/\/new.bjc.ro\/index.php?rest_route=\/wp\/v2\/pages\/3614","targetHints":{"allow":["GET"]}}],"collection":[{"href":"https:\/\/new.bjc.ro\/index.php?rest_route=\/wp\/v2\/pages"}],"about":[{"href":"https:\/\/new.bjc.ro\/index.php?rest_route=\/wp\/v2\/types\/page"}],"author":[{"embeddable":true,"href":"https:\/\/new.bjc.ro\/index.php?rest_route=\/wp\/v2\/users\/1"}],"replies":[{"embeddable":true,"href":"https:\/\/new.bjc.ro\/index.php?rest_route=%2Fwp%2Fv2%2Fcomments&post=3614"}],"version-history":[{"count":3,"href":"https:\/\/new.bjc.ro\/index.php?rest_route=\/wp\/v2\/pages\/3614\/revisions"}],"predecessor-version":[{"id":3623,"href":"https:\/\/new.bjc.ro\/index.php?rest_route=\/wp\/v2\/pages\/3614\/revisions\/3623"}],"wp:attachment":[{"href":"https:\/\/new.bjc.ro\/index.php?rest_route=%2Fwp%2Fv2%2Fmedia&parent=3614"}],"curies":[{"name":"wp","href":"https:\/\/api.w.org\/{rel}","templated":true}]}}