{"id":3683,"date":"2023-01-19T11:19:25","date_gmt":"2023-01-19T09:19:25","guid":{"rendered":"https:\/\/new.bjc.ro\/?page_id=3683"},"modified":"2023-01-19T11:19:50","modified_gmt":"2023-01-19T09:19:50","slug":"cu-bebe-la-biblioteca","status":"publish","type":"page","link":"https:\/\/new.bjc.ro\/?page_id=3683","title":{"rendered":"Cu bebe la bibliotec\u0103"},"content":{"rendered":"\n<div class=\"wp-block-media-text alignwide is-stacked-on-mobile\" style=\"grid-template-columns:15% auto\"><figure class=\"wp-block-media-text__media\"><a href=\"https:\/\/new.bjc.ro\/wp-content\/uploads\/2023\/01\/afis_cu_bebe_la_biblioteca_cu_coltul_maghiar.jpg\"><img loading=\"lazy\" decoding=\"async\" width=\"794\" height=\"1123\" src=\"https:\/\/new.bjc.ro\/wp-content\/uploads\/2023\/01\/afis_cu_bebe_la_biblioteca_cu_coltul_maghiar.jpg\" alt=\"\" class=\"wp-image-3684 size-full\"\/><\/a><\/figure><div class=\"wp-block-media-text__content\">\n<p>\u00cencep\u00e2nd cu 22 iunie 2017, p\u0103rin\u0163ii cu copii cu v\u00e2rsta cuprins\u0103 \u00eentre 0 \u015fi 3 ani sunt invita\u0163i \u00een fiecare joi, de la ora 10.00, la Sediul central, \u015fi \u00een fiecare mar\u0163i, de la ora 10.00, la filialele de cartier, \u00eentr-un spa\u0163iu prietenos pentru a participa la activit\u0103\u0163i de lecturare de pove\u015fti, joc \u015fi joac\u0103, pentru a socializa cu al\u0163i p\u0103rin\u0163i \u015fi copii.<\/p>\n\n\n\n<p>De ce am citi bebelu\u0219ilor? Pentru c\u0103 p\u00e2n\u0103 la v\u00e2rsta de 3 ani, creierul uman \u00ee\u0219i \u00eencheie 85% din cre\u0219terea fizic\u0103 \u0219i tot atunci, se dezvolt\u0103 circuitele din creierul uman, care depind \u00een foarte mare m\u0103sur\u0103 de limbaj. Un copil c\u0103ruia i se cite\u0219te de foarte mic va avea abilit\u0103\u021bi lingvistice \u0219i va fi mai inteligent dec\u00e2t un copil c\u0103ruia nu i s-a citit.<\/p>\n<\/div><\/div>\n","protected":false},"excerpt":{"rendered":"<p>\u00cencep\u00e2nd cu 22 iunie 2017, p\u0103rin\u0163ii cu copii cu v\u00e2rsta cuprins\u0103 \u00eentre 0 \u015fi 3 ani sunt invita\u0163i \u00een fiecare joi, de la ora 10.00, la Sediul central, \u015fi \u00een fiecare mar\u0163i, de la ora 10.00, la filialele de cartier, \u00eentr-un spa\u0163iu prietenos pentru a participa la activit\u0103\u0163i de lecturare&hellip; <br \/> <a class=\"read-more\" href=\"https:\/\/new.bjc.ro\/?page_id=3683\">Cite\u0219te mai mult<\/a><\/p>\n","protected":false},"author":1,"featured_media":0,"parent":0,"menu_order":0,"comment_status":"closed","ping_status":"closed","template":"","meta":{"_monsterinsights_skip_tracking":false,"_monsterinsights_sitenote_active":false,"_monsterinsights_sitenote_note":"","_monsterinsights_sitenote_category":0,"_EventAllDay":false,"_EventTimezone":"","_EventStartDate":"","_EventEndDate":"","_EventStartDateUTC":"","_EventEndDateUTC":"","_EventShowMap":false,"_EventShowMapLink":false,"_EventURL":"","_EventCost":"","_EventCostDescription":"","_EventCurrencySymbol":"","_EventCurrencyCode":"","_EventCurrencyPosition":"","_EventDateTimeSeparator":"","_EventTimeRangeSeparator":"","_EventOrganizerID":[],"_EventVenueID":[],"_OrganizerEmail":"","_OrganizerPhone":"","_OrganizerWebsite":"","_VenueAddress":"","_VenueCity":"","_VenueCountry":"","_VenueProvince":"","_VenueState":"","_VenueZip":"","_VenuePhone":"","_VenueURL":"","_VenueStateProvince":"","_VenueLat":"","_VenueLng":"","_VenueShowMap":false,"_VenueShowMapLink":false,"footnotes":""},"class_list":["post-3683","page","type-page","status-publish","hentry"],"yoast_head":"<!-- This site is optimized with the Yoast SEO plugin v24.6 - https:\/\/yoast.com\/wordpress\/plugins\/seo\/ -->\n<title>Cu bebe la bibliotec\u0103 - Biblioteca Jude\u021bean\u0103 \u201eOctavian Goga\u201d Cluj<\/title>\n<meta name=\"robots\" content=\"index, follow, max-snippet:-1, max-image-preview:large, max-video-preview:-1\" \/>\n<link rel=\"canonical\" href=\"https:\/\/new.bjc.ro\/?page_id=3683\" \/>\n<meta property=\"og:locale\" content=\"ro_RO\" \/>\n<meta property=\"og:type\" content=\"article\" \/>\n<meta property=\"og:title\" content=\"Cu bebe la bibliotec\u0103 - Biblioteca Jude\u021bean\u0103 \u201eOctavian Goga\u201d Cluj\" \/>\n<meta property=\"og:description\" content=\"\u00cencep\u00e2nd cu 22 iunie 2017, p\u0103rin\u0163ii cu copii cu v\u00e2rsta cuprins\u0103 \u00eentre 0 \u015fi 3 ani sunt invita\u0163i \u00een fiecare joi, de la ora 10.00, la Sediul central, \u015fi \u00een fiecare mar\u0163i, de la ora 10.00, la filialele de cartier, \u00eentr-un spa\u0163iu prietenos pentru a participa la activit\u0103\u0163i de lecturare&hellip; Cite\u0219te mai mult\" \/>\n<meta property=\"og:url\" content=\"https:\/\/new.bjc.ro\/?page_id=3683\" \/>\n<meta property=\"og:site_name\" content=\"Biblioteca Jude\u021bean\u0103 \u201eOctavian Goga\u201d Cluj\" \/>\n<meta property=\"article:publisher\" content=\"https:\/\/www.facebook.com\/bibliotecacluj\/\" \/>\n<meta property=\"article:modified_time\" content=\"2023-01-19T09:19:50+00:00\" \/>\n<meta property=\"og:image\" content=\"https:\/\/new.bjc.ro\/wp-content\/uploads\/2023\/01\/afis_cu_bebe_la_biblioteca_cu_coltul_maghiar.jpg\" \/>\n<meta name=\"twitter:card\" content=\"summary_large_image\" \/>\n<meta name=\"twitter:site\" content=\"@BibliotecaGoga\" \/>\n<meta name=\"twitter:label1\" content=\"Timp estimat pentru citire\" \/>\n\t<meta name=\"twitter:data1\" content=\"1 minut\" \/>\n<script type=\"application\/ld+json\" class=\"yoast-schema-graph\">{\"@context\":\"https:\/\/schema.org\",\"@graph\":[{\"@type\":\"WebPage\",\"@id\":\"https:\/\/new.bjc.ro\/?page_id=3683\",\"url\":\"https:\/\/new.bjc.ro\/?page_id=3683\",\"name\":\"Cu bebe la bibliotec\u0103 - Biblioteca Jude\u021bean\u0103 \u201eOctavian Goga\u201d Cluj\",\"isPartOf\":{\"@id\":\"https:\/\/new.bjc.ro\/#website\"},\"primaryImageOfPage\":{\"@id\":\"https:\/\/new.bjc.ro\/?page_id=3683#primaryimage\"},\"image\":{\"@id\":\"https:\/\/new.bjc.ro\/?page_id=3683#primaryimage\"},\"thumbnailUrl\":\"https:\/\/new.bjc.ro\/wp-content\/uploads\/2023\/01\/afis_cu_bebe_la_biblioteca_cu_coltul_maghiar.jpg\",\"datePublished\":\"2023-01-19T09:19:25+00:00\",\"dateModified\":\"2023-01-19T09:19:50+00:00\",\"breadcrumb\":{\"@id\":\"https:\/\/new.bjc.ro\/?page_id=3683#breadcrumb\"},\"inLanguage\":\"ro-RO\",\"potentialAction\":[{\"@type\":\"ReadAction\",\"target\":[\"https:\/\/new.bjc.ro\/?page_id=3683\"]}]},{\"@type\":\"ImageObject\",\"inLanguage\":\"ro-RO\",\"@id\":\"https:\/\/new.bjc.ro\/?page_id=3683#primaryimage\",\"url\":\"https:\/\/new.bjc.ro\/wp-content\/uploads\/2023\/01\/afis_cu_bebe_la_biblioteca_cu_coltul_maghiar.jpg\",\"contentUrl\":\"https:\/\/new.bjc.ro\/wp-content\/uploads\/2023\/01\/afis_cu_bebe_la_biblioteca_cu_coltul_maghiar.jpg\"},{\"@type\":\"BreadcrumbList\",\"@id\":\"https:\/\/new.bjc.ro\/?page_id=3683#breadcrumb\",\"itemListElement\":[{\"@type\":\"ListItem\",\"position\":1,\"name\":\"Home\",\"item\":\"https:\/\/new.bjc.ro\/\"},{\"@type\":\"ListItem\",\"position\":2,\"name\":\"Cu bebe la bibliotec\u0103\"}]},{\"@type\":\"WebSite\",\"@id\":\"https:\/\/new.bjc.ro\/#website\",\"url\":\"https:\/\/new.bjc.ro\/\",\"name\":\"Biblioteca Jude\u021bean\u0103 \u201eOctavian Goga\u201d Cluj\",\"description\":\"\",\"publisher\":{\"@id\":\"https:\/\/new.bjc.ro\/#organization\"},\"alternateName\":\"Biblioteca Jude\u021bean\u0103 Cluj\",\"potentialAction\":[{\"@type\":\"SearchAction\",\"target\":{\"@type\":\"EntryPoint\",\"urlTemplate\":\"https:\/\/new.bjc.ro\/?s={search_term_string}\"},\"query-input\":{\"@type\":\"PropertyValueSpecification\",\"valueRequired\":true,\"valueName\":\"search_term_string\"}}],\"inLanguage\":\"ro-RO\"},{\"@type\":\"Organization\",\"@id\":\"https:\/\/new.bjc.ro\/#organization\",\"name\":\"Biblioteca Jude\u021bean\u0103 \u201eOctavian Goga\u201d Cluj\",\"url\":\"https:\/\/new.bjc.ro\/\",\"logo\":{\"@type\":\"ImageObject\",\"inLanguage\":\"ro-RO\",\"@id\":\"https:\/\/new.bjc.ro\/#\/schema\/logo\/image\/\",\"url\":\"https:\/\/new.bjc.ro\/wp-content\/uploads\/2023\/03\/sigle.jpg\",\"contentUrl\":\"https:\/\/new.bjc.ro\/wp-content\/uploads\/2023\/03\/sigle.jpg\",\"width\":630,\"height\":473,\"caption\":\"Biblioteca Jude\u021bean\u0103 \u201eOctavian Goga\u201d Cluj\"},\"image\":{\"@id\":\"https:\/\/new.bjc.ro\/#\/schema\/logo\/image\/\"},\"sameAs\":[\"https:\/\/www.facebook.com\/bibliotecacluj\/\",\"https:\/\/x.com\/BibliotecaGoga\",\"https:\/\/www.instagram.com\/biblioteca_judeteana_cluj\/\",\"https:\/\/www.youtube.com\/user\/BibliotecaGoga\"]}]}<\/script>\n<!-- \/ Yoast SEO plugin. -->","yoast_head_json":{"title":"Cu bebe la bibliotec\u0103 - Biblioteca Jude\u021bean\u0103 \u201eOctavian Goga\u201d Cluj","robots":{"index":"index","follow":"follow","max-snippet":"max-snippet:-1","max-image-preview":"max-image-preview:large","max-video-preview":"max-video-preview:-1"},"canonical":"https:\/\/new.bjc.ro\/?page_id=3683","og_locale":"ro_RO","og_type":"article","og_title":"Cu bebe la bibliotec\u0103 - Biblioteca Jude\u021bean\u0103 \u201eOctavian Goga\u201d Cluj","og_description":"\u00cencep\u00e2nd cu 22 iunie 2017, p\u0103rin\u0163ii cu copii cu v\u00e2rsta cuprins\u0103 \u00eentre 0 \u015fi 3 ani sunt invita\u0163i \u00een fiecare joi, de la ora 10.00, la Sediul central, \u015fi \u00een fiecare mar\u0163i, de la ora 10.00, la filialele de cartier, \u00eentr-un spa\u0163iu prietenos pentru a participa la activit\u0103\u0163i de lecturare&hellip; Cite\u0219te mai mult","og_url":"https:\/\/new.bjc.ro\/?page_id=3683","og_site_name":"Biblioteca Jude\u021bean\u0103 \u201eOctavian Goga\u201d Cluj","article_publisher":"https:\/\/www.facebook.com\/bibliotecacluj\/","article_modified_time":"2023-01-19T09:19:50+00:00","og_image":[{"url":"https:\/\/new.bjc.ro\/wp-content\/uploads\/2023\/01\/afis_cu_bebe_la_biblioteca_cu_coltul_maghiar.jpg","type":"","width":"","height":""}],"twitter_card":"summary_large_image","twitter_site":"@BibliotecaGoga","twitter_misc":{"Timp estimat pentru citire":"1 minut"},"schema":{"@context":"https:\/\/schema.org","@graph":[{"@type":"WebPage","@id":"https:\/\/new.bjc.ro\/?page_id=3683","url":"https:\/\/new.bjc.ro\/?page_id=3683","name":"Cu bebe la bibliotec\u0103 - Biblioteca Jude\u021bean\u0103 \u201eOctavian Goga\u201d Cluj","isPartOf":{"@id":"https:\/\/new.bjc.ro\/#website"},"primaryImageOfPage":{"@id":"https:\/\/new.bjc.ro\/?page_id=3683#primaryimage"},"image":{"@id":"https:\/\/new.bjc.ro\/?page_id=3683#primaryimage"},"thumbnailUrl":"https:\/\/new.bjc.ro\/wp-content\/uploads\/2023\/01\/afis_cu_bebe_la_biblioteca_cu_coltul_maghiar.jpg","datePublished":"2023-01-19T09:19:25+00:00","dateModified":"2023-01-19T09:19:50+00:00","breadcrumb":{"@id":"https:\/\/new.bjc.ro\/?page_id=3683#breadcrumb"},"inLanguage":"ro-RO","potentialAction":[{"@type":"ReadAction","target":["https:\/\/new.bjc.ro\/?page_id=3683"]}]},{"@type":"ImageObject","inLanguage":"ro-RO","@id":"https:\/\/new.bjc.ro\/?page_id=3683#primaryimage","url":"https:\/\/new.bjc.ro\/wp-content\/uploads\/2023\/01\/afis_cu_bebe_la_biblioteca_cu_coltul_maghiar.jpg","contentUrl":"https:\/\/new.bjc.ro\/wp-content\/uploads\/2023\/01\/afis_cu_bebe_la_biblioteca_cu_coltul_maghiar.jpg"},{"@type":"BreadcrumbList","@id":"https:\/\/new.bjc.ro\/?page_id=3683#breadcrumb","itemListElement":[{"@type":"ListItem","position":1,"name":"Home","item":"https:\/\/new.bjc.ro\/"},{"@type":"ListItem","position":2,"name":"Cu bebe la bibliotec\u0103"}]},{"@type":"WebSite","@id":"https:\/\/new.bjc.ro\/#website","url":"https:\/\/new.bjc.ro\/","name":"Biblioteca Jude\u021bean\u0103 \u201eOctavian Goga\u201d Cluj","description":"","publisher":{"@id":"https:\/\/new.bjc.ro\/#organization"},"alternateName":"Biblioteca Jude\u021bean\u0103 Cluj","potentialAction":[{"@type":"SearchAction","target":{"@type":"EntryPoint","urlTemplate":"https:\/\/new.bjc.ro\/?s={search_term_string}"},"query-input":{"@type":"PropertyValueSpecification","valueRequired":true,"valueName":"search_term_string"}}],"inLanguage":"ro-RO"},{"@type":"Organization","@id":"https:\/\/new.bjc.ro\/#organization","name":"Biblioteca Jude\u021bean\u0103 \u201eOctavian Goga\u201d Cluj","url":"https:\/\/new.bjc.ro\/","logo":{"@type":"ImageObject","inLanguage":"ro-RO","@id":"https:\/\/new.bjc.ro\/#\/schema\/logo\/image\/","url":"https:\/\/new.bjc.ro\/wp-content\/uploads\/2023\/03\/sigle.jpg","contentUrl":"https:\/\/new.bjc.ro\/wp-content\/uploads\/2023\/03\/sigle.jpg","width":630,"height":473,"caption":"Biblioteca Jude\u021bean\u0103 \u201eOctavian Goga\u201d Cluj"},"image":{"@id":"https:\/\/new.bjc.ro\/#\/schema\/logo\/image\/"},"sameAs":["https:\/\/www.facebook.com\/bibliotecacluj\/","https:\/\/x.com\/BibliotecaGoga","https:\/\/www.instagram.com\/biblioteca_judeteana_cluj\/","https:\/\/www.youtube.com\/user\/BibliotecaGoga"]}]}},"_links":{"self":[{"href":"https:\/\/new.bjc.ro\/index.php?rest_route=\/wp\/v2\/pages\/3683","targetHints":{"allow":["GET"]}}],"collection":[{"href":"https:\/\/new.bjc.ro\/index.php?rest_route=\/wp\/v2\/pages"}],"about":[{"href":"https:\/\/new.bjc.ro\/index.php?rest_route=\/wp\/v2\/types\/page"}],"author":[{"embeddable":true,"href":"https:\/\/new.bjc.ro\/index.php?rest_route=\/wp\/v2\/users\/1"}],"replies":[{"embeddable":true,"href":"https:\/\/new.bjc.ro\/index.php?rest_route=%2Fwp%2Fv2%2Fcomments&post=3683"}],"version-history":[{"count":2,"href":"https:\/\/new.bjc.ro\/index.php?rest_route=\/wp\/v2\/pages\/3683\/revisions"}],"predecessor-version":[{"id":3686,"href":"https:\/\/new.bjc.ro\/index.php?rest_route=\/wp\/v2\/pages\/3683\/revisions\/3686"}],"wp:attachment":[{"href":"https:\/\/new.bjc.ro\/index.php?rest_route=%2Fwp%2Fv2%2Fmedia&parent=3683"}],"curies":[{"name":"wp","href":"https:\/\/api.w.org\/{rel}","templated":true}]}}