{"id":3694,"date":"2023-01-19T11:44:10","date_gmt":"2023-01-19T09:44:10","guid":{"rendered":"https:\/\/new.bjc.ro\/?page_id=3694"},"modified":"2023-01-19T11:44:11","modified_gmt":"2023-01-19T09:44:11","slug":"lego-club-pentru-intreaga-familie","status":"publish","type":"page","link":"https:\/\/new.bjc.ro\/?page_id=3694","title":{"rendered":"LEGO Club pentru \u00eentreaga familie"},"content":{"rendered":"\n<div class=\"wp-block-media-text alignwide is-stacked-on-mobile\" style=\"grid-template-columns:15% auto\"><figure class=\"wp-block-media-text__media\"><a href=\"https:\/\/new.bjc.ro\/wp-content\/uploads\/2023\/01\/afis_lego_club_cu_coltul_maghiar.jpg\"><img loading=\"lazy\" decoding=\"async\" width=\"794\" height=\"1123\" src=\"https:\/\/new.bjc.ro\/wp-content\/uploads\/2023\/01\/afis_lego_club_cu_coltul_maghiar.jpg\" alt=\"\" class=\"wp-image-3695 size-full\"\/><\/a><\/figure><div class=\"wp-block-media-text__content\">\n<p>LEGO Club pentru \u00eentreaga familie se desf\u0103\u0219oar\u0103 s\u0103pt\u0103m\u00e2nal la Sec\u021biile pentru copii ale bibliotecii, \u00eencep\u00e2nd din luna septembrie a anului 2017. Astfel, cei mici sunt a\u0219tepta\u021bi \u00eempreun\u0103 cu p\u0103rin\u021bii \u0219i bunicii lor, de la ora 18.00, \u00een fiecare zi de luni &#8211; la Sediul central, \u00een fiecare zi de mar\u021bi &#8211; la Filiala Zorilor, \u00een fiecare zi de miercuri &#8211; la Filialele \u201eTraian Brad&#8221; \u0219i Grigorescu.<\/p>\n\n\n\n<p>Indiferent de v\u00e2rst\u0103, construc\u021bia cu piesele LEGO ajut\u0103 la dezvoltarea creativit\u0103\u021bii, a r\u0103bd\u0103rii \u0219i perseveren\u021bei,&nbsp; la cultivarea aptitudinilor de rezolvare a problemelor, dar \u0219i la cre\u0219terea calit\u0103\u021bii rela\u021biilor interumane.<\/p>\n<\/div><\/div>\n\n\n\n<p><a href=\"https:\/\/www.bjc.ro\/new\/images\/gallery\/lego-club-pentru-intreaga-familie\/afis_lego_club_cu_coltul_maghiar.jpg\"><\/a><\/p>\n","protected":false},"excerpt":{"rendered":"<p>LEGO Club pentru \u00eentreaga familie se desf\u0103\u0219oar\u0103 s\u0103pt\u0103m\u00e2nal la Sec\u021biile pentru copii ale bibliotecii, \u00eencep\u00e2nd din luna septembrie a anului 2017. Astfel, cei mici sunt a\u0219tepta\u021bi \u00eempreun\u0103 cu p\u0103rin\u021bii \u0219i bunicii lor, de la ora 18.00, \u00een fiecare zi de luni &#8211; la Sediul central, \u00een fiecare zi de mar\u021bi&hellip; <br \/> <a class=\"read-more\" href=\"https:\/\/new.bjc.ro\/?page_id=3694\">Cite\u0219te mai mult<\/a><\/p>\n","protected":false},"author":1,"featured_media":0,"parent":0,"menu_order":0,"comment_status":"closed","ping_status":"closed","template":"","meta":{"_monsterinsights_skip_tracking":false,"_monsterinsights_sitenote_active":false,"_monsterinsights_sitenote_note":"","_monsterinsights_sitenote_category":0,"_EventAllDay":false,"_EventTimezone":"","_EventStartDate":"","_EventEndDate":"","_EventStartDateUTC":"","_EventEndDateUTC":"","_EventShowMap":false,"_EventShowMapLink":false,"_EventURL":"","_EventCost":"","_EventCostDescription":"","_EventCurrencySymbol":"","_EventCurrencyCode":"","_EventCurrencyPosition":"","_EventDateTimeSeparator":"","_EventTimeRangeSeparator":"","_EventOrganizerID":[],"_EventVenueID":[],"_OrganizerEmail":"","_OrganizerPhone":"","_OrganizerWebsite":"","_VenueAddress":"","_VenueCity":"","_VenueCountry":"","_VenueProvince":"","_VenueState":"","_VenueZip":"","_VenuePhone":"","_VenueURL":"","_VenueStateProvince":"","_VenueLat":"","_VenueLng":"","_VenueShowMap":false,"_VenueShowMapLink":false,"footnotes":""},"class_list":["post-3694","page","type-page","status-publish","hentry"],"yoast_head":"<!-- This site is optimized with the Yoast SEO plugin v24.6 - https:\/\/yoast.com\/wordpress\/plugins\/seo\/ -->\n<title>LEGO Club pentru \u00eentreaga familie - Biblioteca Jude\u021bean\u0103 \u201eOctavian Goga\u201d Cluj<\/title>\n<meta name=\"robots\" content=\"index, follow, max-snippet:-1, max-image-preview:large, max-video-preview:-1\" \/>\n<link rel=\"canonical\" href=\"https:\/\/new.bjc.ro\/?page_id=3694\" \/>\n<meta property=\"og:locale\" content=\"ro_RO\" \/>\n<meta property=\"og:type\" content=\"article\" \/>\n<meta property=\"og:title\" content=\"LEGO Club pentru \u00eentreaga familie - Biblioteca Jude\u021bean\u0103 \u201eOctavian Goga\u201d Cluj\" \/>\n<meta property=\"og:description\" content=\"LEGO Club pentru \u00eentreaga familie se desf\u0103\u0219oar\u0103 s\u0103pt\u0103m\u00e2nal la Sec\u021biile pentru copii ale bibliotecii, \u00eencep\u00e2nd din luna septembrie a anului 2017. Astfel, cei mici sunt a\u0219tepta\u021bi \u00eempreun\u0103 cu p\u0103rin\u021bii \u0219i bunicii lor, de la ora 18.00, \u00een fiecare zi de luni &#8211; la Sediul central, \u00een fiecare zi de mar\u021bi&hellip; Cite\u0219te mai mult\" \/>\n<meta property=\"og:url\" content=\"https:\/\/new.bjc.ro\/?page_id=3694\" \/>\n<meta property=\"og:site_name\" content=\"Biblioteca Jude\u021bean\u0103 \u201eOctavian Goga\u201d Cluj\" \/>\n<meta property=\"article:publisher\" content=\"https:\/\/www.facebook.com\/bibliotecacluj\/\" \/>\n<meta property=\"article:modified_time\" content=\"2023-01-19T09:44:11+00:00\" \/>\n<meta property=\"og:image\" content=\"https:\/\/new.bjc.ro\/wp-content\/uploads\/2023\/01\/afis_lego_club_cu_coltul_maghiar.jpg\" \/>\n<meta name=\"twitter:card\" content=\"summary_large_image\" \/>\n<meta name=\"twitter:site\" content=\"@BibliotecaGoga\" \/>\n<meta name=\"twitter:label1\" content=\"Timp estimat pentru citire\" \/>\n\t<meta name=\"twitter:data1\" content=\"1 minut\" \/>\n<script type=\"application\/ld+json\" class=\"yoast-schema-graph\">{\"@context\":\"https:\/\/schema.org\",\"@graph\":[{\"@type\":\"WebPage\",\"@id\":\"https:\/\/new.bjc.ro\/?page_id=3694\",\"url\":\"https:\/\/new.bjc.ro\/?page_id=3694\",\"name\":\"LEGO Club pentru \u00eentreaga familie - Biblioteca Jude\u021bean\u0103 \u201eOctavian Goga\u201d Cluj\",\"isPartOf\":{\"@id\":\"https:\/\/new.bjc.ro\/#website\"},\"primaryImageOfPage\":{\"@id\":\"https:\/\/new.bjc.ro\/?page_id=3694#primaryimage\"},\"image\":{\"@id\":\"https:\/\/new.bjc.ro\/?page_id=3694#primaryimage\"},\"thumbnailUrl\":\"https:\/\/new.bjc.ro\/wp-content\/uploads\/2023\/01\/afis_lego_club_cu_coltul_maghiar.jpg\",\"datePublished\":\"2023-01-19T09:44:10+00:00\",\"dateModified\":\"2023-01-19T09:44:11+00:00\",\"breadcrumb\":{\"@id\":\"https:\/\/new.bjc.ro\/?page_id=3694#breadcrumb\"},\"inLanguage\":\"ro-RO\",\"potentialAction\":[{\"@type\":\"ReadAction\",\"target\":[\"https:\/\/new.bjc.ro\/?page_id=3694\"]}]},{\"@type\":\"ImageObject\",\"inLanguage\":\"ro-RO\",\"@id\":\"https:\/\/new.bjc.ro\/?page_id=3694#primaryimage\",\"url\":\"https:\/\/new.bjc.ro\/wp-content\/uploads\/2023\/01\/afis_lego_club_cu_coltul_maghiar.jpg\",\"contentUrl\":\"https:\/\/new.bjc.ro\/wp-content\/uploads\/2023\/01\/afis_lego_club_cu_coltul_maghiar.jpg\"},{\"@type\":\"BreadcrumbList\",\"@id\":\"https:\/\/new.bjc.ro\/?page_id=3694#breadcrumb\",\"itemListElement\":[{\"@type\":\"ListItem\",\"position\":1,\"name\":\"Home\",\"item\":\"https:\/\/new.bjc.ro\/\"},{\"@type\":\"ListItem\",\"position\":2,\"name\":\"LEGO Club pentru \u00eentreaga familie\"}]},{\"@type\":\"WebSite\",\"@id\":\"https:\/\/new.bjc.ro\/#website\",\"url\":\"https:\/\/new.bjc.ro\/\",\"name\":\"Biblioteca Jude\u021bean\u0103 \u201eOctavian Goga\u201d Cluj\",\"description\":\"\",\"publisher\":{\"@id\":\"https:\/\/new.bjc.ro\/#organization\"},\"alternateName\":\"Biblioteca Jude\u021bean\u0103 Cluj\",\"potentialAction\":[{\"@type\":\"SearchAction\",\"target\":{\"@type\":\"EntryPoint\",\"urlTemplate\":\"https:\/\/new.bjc.ro\/?s={search_term_string}\"},\"query-input\":{\"@type\":\"PropertyValueSpecification\",\"valueRequired\":true,\"valueName\":\"search_term_string\"}}],\"inLanguage\":\"ro-RO\"},{\"@type\":\"Organization\",\"@id\":\"https:\/\/new.bjc.ro\/#organization\",\"name\":\"Biblioteca Jude\u021bean\u0103 \u201eOctavian Goga\u201d Cluj\",\"url\":\"https:\/\/new.bjc.ro\/\",\"logo\":{\"@type\":\"ImageObject\",\"inLanguage\":\"ro-RO\",\"@id\":\"https:\/\/new.bjc.ro\/#\/schema\/logo\/image\/\",\"url\":\"https:\/\/new.bjc.ro\/wp-content\/uploads\/2023\/03\/sigle.jpg\",\"contentUrl\":\"https:\/\/new.bjc.ro\/wp-content\/uploads\/2023\/03\/sigle.jpg\",\"width\":630,\"height\":473,\"caption\":\"Biblioteca Jude\u021bean\u0103 \u201eOctavian Goga\u201d Cluj\"},\"image\":{\"@id\":\"https:\/\/new.bjc.ro\/#\/schema\/logo\/image\/\"},\"sameAs\":[\"https:\/\/www.facebook.com\/bibliotecacluj\/\",\"https:\/\/x.com\/BibliotecaGoga\",\"https:\/\/www.instagram.com\/biblioteca_judeteana_cluj\/\",\"https:\/\/www.youtube.com\/user\/BibliotecaGoga\"]}]}<\/script>\n<!-- \/ Yoast SEO plugin. -->","yoast_head_json":{"title":"LEGO Club pentru \u00eentreaga familie - Biblioteca Jude\u021bean\u0103 \u201eOctavian Goga\u201d Cluj","robots":{"index":"index","follow":"follow","max-snippet":"max-snippet:-1","max-image-preview":"max-image-preview:large","max-video-preview":"max-video-preview:-1"},"canonical":"https:\/\/new.bjc.ro\/?page_id=3694","og_locale":"ro_RO","og_type":"article","og_title":"LEGO Club pentru \u00eentreaga familie - Biblioteca Jude\u021bean\u0103 \u201eOctavian Goga\u201d Cluj","og_description":"LEGO Club pentru \u00eentreaga familie se desf\u0103\u0219oar\u0103 s\u0103pt\u0103m\u00e2nal la Sec\u021biile pentru copii ale bibliotecii, \u00eencep\u00e2nd din luna septembrie a anului 2017. Astfel, cei mici sunt a\u0219tepta\u021bi \u00eempreun\u0103 cu p\u0103rin\u021bii \u0219i bunicii lor, de la ora 18.00, \u00een fiecare zi de luni &#8211; la Sediul central, \u00een fiecare zi de mar\u021bi&hellip; Cite\u0219te mai mult","og_url":"https:\/\/new.bjc.ro\/?page_id=3694","og_site_name":"Biblioteca Jude\u021bean\u0103 \u201eOctavian Goga\u201d Cluj","article_publisher":"https:\/\/www.facebook.com\/bibliotecacluj\/","article_modified_time":"2023-01-19T09:44:11+00:00","og_image":[{"url":"https:\/\/new.bjc.ro\/wp-content\/uploads\/2023\/01\/afis_lego_club_cu_coltul_maghiar.jpg","type":"","width":"","height":""}],"twitter_card":"summary_large_image","twitter_site":"@BibliotecaGoga","twitter_misc":{"Timp estimat pentru citire":"1 minut"},"schema":{"@context":"https:\/\/schema.org","@graph":[{"@type":"WebPage","@id":"https:\/\/new.bjc.ro\/?page_id=3694","url":"https:\/\/new.bjc.ro\/?page_id=3694","name":"LEGO Club pentru \u00eentreaga familie - Biblioteca Jude\u021bean\u0103 \u201eOctavian Goga\u201d Cluj","isPartOf":{"@id":"https:\/\/new.bjc.ro\/#website"},"primaryImageOfPage":{"@id":"https:\/\/new.bjc.ro\/?page_id=3694#primaryimage"},"image":{"@id":"https:\/\/new.bjc.ro\/?page_id=3694#primaryimage"},"thumbnailUrl":"https:\/\/new.bjc.ro\/wp-content\/uploads\/2023\/01\/afis_lego_club_cu_coltul_maghiar.jpg","datePublished":"2023-01-19T09:44:10+00:00","dateModified":"2023-01-19T09:44:11+00:00","breadcrumb":{"@id":"https:\/\/new.bjc.ro\/?page_id=3694#breadcrumb"},"inLanguage":"ro-RO","potentialAction":[{"@type":"ReadAction","target":["https:\/\/new.bjc.ro\/?page_id=3694"]}]},{"@type":"ImageObject","inLanguage":"ro-RO","@id":"https:\/\/new.bjc.ro\/?page_id=3694#primaryimage","url":"https:\/\/new.bjc.ro\/wp-content\/uploads\/2023\/01\/afis_lego_club_cu_coltul_maghiar.jpg","contentUrl":"https:\/\/new.bjc.ro\/wp-content\/uploads\/2023\/01\/afis_lego_club_cu_coltul_maghiar.jpg"},{"@type":"BreadcrumbList","@id":"https:\/\/new.bjc.ro\/?page_id=3694#breadcrumb","itemListElement":[{"@type":"ListItem","position":1,"name":"Home","item":"https:\/\/new.bjc.ro\/"},{"@type":"ListItem","position":2,"name":"LEGO Club pentru \u00eentreaga familie"}]},{"@type":"WebSite","@id":"https:\/\/new.bjc.ro\/#website","url":"https:\/\/new.bjc.ro\/","name":"Biblioteca Jude\u021bean\u0103 \u201eOctavian Goga\u201d Cluj","description":"","publisher":{"@id":"https:\/\/new.bjc.ro\/#organization"},"alternateName":"Biblioteca Jude\u021bean\u0103 Cluj","potentialAction":[{"@type":"SearchAction","target":{"@type":"EntryPoint","urlTemplate":"https:\/\/new.bjc.ro\/?s={search_term_string}"},"query-input":{"@type":"PropertyValueSpecification","valueRequired":true,"valueName":"search_term_string"}}],"inLanguage":"ro-RO"},{"@type":"Organization","@id":"https:\/\/new.bjc.ro\/#organization","name":"Biblioteca Jude\u021bean\u0103 \u201eOctavian Goga\u201d Cluj","url":"https:\/\/new.bjc.ro\/","logo":{"@type":"ImageObject","inLanguage":"ro-RO","@id":"https:\/\/new.bjc.ro\/#\/schema\/logo\/image\/","url":"https:\/\/new.bjc.ro\/wp-content\/uploads\/2023\/03\/sigle.jpg","contentUrl":"https:\/\/new.bjc.ro\/wp-content\/uploads\/2023\/03\/sigle.jpg","width":630,"height":473,"caption":"Biblioteca Jude\u021bean\u0103 \u201eOctavian Goga\u201d Cluj"},"image":{"@id":"https:\/\/new.bjc.ro\/#\/schema\/logo\/image\/"},"sameAs":["https:\/\/www.facebook.com\/bibliotecacluj\/","https:\/\/x.com\/BibliotecaGoga","https:\/\/www.instagram.com\/biblioteca_judeteana_cluj\/","https:\/\/www.youtube.com\/user\/BibliotecaGoga"]}]}},"_links":{"self":[{"href":"https:\/\/new.bjc.ro\/index.php?rest_route=\/wp\/v2\/pages\/3694","targetHints":{"allow":["GET"]}}],"collection":[{"href":"https:\/\/new.bjc.ro\/index.php?rest_route=\/wp\/v2\/pages"}],"about":[{"href":"https:\/\/new.bjc.ro\/index.php?rest_route=\/wp\/v2\/types\/page"}],"author":[{"embeddable":true,"href":"https:\/\/new.bjc.ro\/index.php?rest_route=\/wp\/v2\/users\/1"}],"replies":[{"embeddable":true,"href":"https:\/\/new.bjc.ro\/index.php?rest_route=%2Fwp%2Fv2%2Fcomments&post=3694"}],"version-history":[{"count":1,"href":"https:\/\/new.bjc.ro\/index.php?rest_route=\/wp\/v2\/pages\/3694\/revisions"}],"predecessor-version":[{"id":3696,"href":"https:\/\/new.bjc.ro\/index.php?rest_route=\/wp\/v2\/pages\/3694\/revisions\/3696"}],"wp:attachment":[{"href":"https:\/\/new.bjc.ro\/index.php?rest_route=%2Fwp%2Fv2%2Fmedia&parent=3694"}],"curies":[{"name":"wp","href":"https:\/\/api.w.org\/{rel}","templated":true}]}}