{"id":3702,"date":"2023-01-19T11:57:23","date_gmt":"2023-01-19T09:57:23","guid":{"rendered":"https:\/\/new.bjc.ro\/?page_id=3702"},"modified":"2023-01-20T09:37:10","modified_gmt":"2023-01-20T07:37:10","slug":"program-estival-de-lectura-e-vremea-cititului","status":"publish","type":"page","link":"https:\/\/new.bjc.ro\/?page_id=3702","title":{"rendered":"Program estival de lectur\u0103 \u201eE vremea cititului&#8221;"},"content":{"rendered":"\n<div class=\"wp-block-media-text alignwide is-stacked-on-mobile\" style=\"grid-template-columns:15% auto\"><figure class=\"wp-block-media-text__media\"><a href=\"https:\/\/new.bjc.ro\/wp-content\/uploads\/2023\/01\/afis_e_vremea_cititului_2021.jpg\"><img loading=\"lazy\" decoding=\"async\" width=\"863\" height=\"1221\" src=\"https:\/\/new.bjc.ro\/wp-content\/uploads\/2023\/01\/afis_e_vremea_cititului_2021.jpg\" alt=\"\" class=\"wp-image-3703 size-full\"\/><\/a><\/figure><div class=\"wp-block-media-text__content\">\n<p><strong>\u201eE vremea cititului&#8221; <\/strong>se desf\u0103\u0219oar\u0103 anual \u00een perioada vacan\u021bei de var\u0103, pe parcursul a patru s\u0103pt\u0103m\u00e2ni consecutive, \u00eencep\u00e2nd din anul 2017. Programul se adreseaz\u0103 copiilor cu v\u00e2rsta cuprins\u0103 \u00eentre 7 \u0219i 14 ani, propun\u00e2ndu-le discu\u021bii interesante pornind de la c\u0103r\u021bile citite, exerci\u021bii de scriere creativ\u0103, jocuri, tombole.<\/p>\n\n\n\n<p>Ini\u021biatorul \u0219i coordonatorul programului la nivel na\u021bional este grupul Citim \u00cempreun\u0103 Rom\u00e2nia, grup format din autori de c\u0103r\u021bi pentru copii, ilustratori, editori, educatori, bibliotecari, dar \u0219i p\u0103rin\u021bi sau bunici care au \u00een comun nu doar dragostea pentu c\u0103r\u021bi, ci \u0219i bucuria de a vedea copiii \u0219i adul\u021bii citind \u00eempreun\u0103.<\/p>\n<\/div><\/div>\n\n\n\n<p><strong><a href=\"https:\/\/www.bjc.ro\/new\/images\/gallery\/program-estival-de-lectura\/afis_e_vremea_cititului_2021.jpg\"><\/a><\/strong><\/p>\n","protected":false},"excerpt":{"rendered":"<p>\u201eE vremea cititului&#8221; se desf\u0103\u0219oar\u0103 anual \u00een perioada vacan\u021bei de var\u0103, pe parcursul a patru s\u0103pt\u0103m\u00e2ni consecutive, \u00eencep\u00e2nd din anul 2017. Programul se adreseaz\u0103 copiilor cu v\u00e2rsta cuprins\u0103 \u00eentre 7 \u0219i 14 ani, propun\u00e2ndu-le discu\u021bii interesante pornind de la c\u0103r\u021bile citite, exerci\u021bii de scriere creativ\u0103, jocuri, tombole. Ini\u021biatorul \u0219i coordonatorul&hellip; <br \/> <a class=\"read-more\" href=\"https:\/\/new.bjc.ro\/?page_id=3702\">Cite\u0219te mai mult<\/a><\/p>\n","protected":false},"author":1,"featured_media":0,"parent":0,"menu_order":0,"comment_status":"closed","ping_status":"closed","template":"","meta":{"_monsterinsights_skip_tracking":false,"_monsterinsights_sitenote_active":false,"_monsterinsights_sitenote_note":"","_monsterinsights_sitenote_category":0,"_EventAllDay":false,"_EventTimezone":"","_EventStartDate":"","_EventEndDate":"","_EventStartDateUTC":"","_EventEndDateUTC":"","_EventShowMap":false,"_EventShowMapLink":false,"_EventURL":"","_EventCost":"","_EventCostDescription":"","_EventCurrencySymbol":"","_EventCurrencyCode":"","_EventCurrencyPosition":"","_EventDateTimeSeparator":"","_EventTimeRangeSeparator":"","_EventOrganizerID":[],"_EventVenueID":[],"_OrganizerEmail":"","_OrganizerPhone":"","_OrganizerWebsite":"","_VenueAddress":"","_VenueCity":"","_VenueCountry":"","_VenueProvince":"","_VenueState":"","_VenueZip":"","_VenuePhone":"","_VenueURL":"","_VenueStateProvince":"","_VenueLat":"","_VenueLng":"","_VenueShowMap":false,"_VenueShowMapLink":false,"footnotes":""},"class_list":["post-3702","page","type-page","status-publish","hentry"],"yoast_head":"<!-- This site is optimized with the Yoast SEO plugin v24.6 - https:\/\/yoast.com\/wordpress\/plugins\/seo\/ -->\n<title>Program estival de lectur\u0103 \u201eE vremea cititului&quot; - Biblioteca Jude\u021bean\u0103 \u201eOctavian Goga\u201d Cluj<\/title>\n<meta name=\"robots\" content=\"index, follow, max-snippet:-1, max-image-preview:large, max-video-preview:-1\" \/>\n<link rel=\"canonical\" href=\"https:\/\/new.bjc.ro\/?page_id=3702\" \/>\n<meta property=\"og:locale\" content=\"ro_RO\" \/>\n<meta property=\"og:type\" content=\"article\" \/>\n<meta property=\"og:title\" content=\"Program estival de lectur\u0103 \u201eE vremea cititului&quot; - Biblioteca Jude\u021bean\u0103 \u201eOctavian Goga\u201d Cluj\" \/>\n<meta property=\"og:description\" content=\"\u201eE vremea cititului&#8221; se desf\u0103\u0219oar\u0103 anual \u00een perioada vacan\u021bei de var\u0103, pe parcursul a patru s\u0103pt\u0103m\u00e2ni consecutive, \u00eencep\u00e2nd din anul 2017. Programul se adreseaz\u0103 copiilor cu v\u00e2rsta cuprins\u0103 \u00eentre 7 \u0219i 14 ani, propun\u00e2ndu-le discu\u021bii interesante pornind de la c\u0103r\u021bile citite, exerci\u021bii de scriere creativ\u0103, jocuri, tombole. Ini\u021biatorul \u0219i coordonatorul&hellip; Cite\u0219te mai mult\" \/>\n<meta property=\"og:url\" content=\"https:\/\/new.bjc.ro\/?page_id=3702\" \/>\n<meta property=\"og:site_name\" content=\"Biblioteca Jude\u021bean\u0103 \u201eOctavian Goga\u201d Cluj\" \/>\n<meta property=\"article:publisher\" content=\"https:\/\/www.facebook.com\/bibliotecacluj\/\" \/>\n<meta property=\"article:modified_time\" content=\"2023-01-20T07:37:10+00:00\" \/>\n<meta property=\"og:image\" content=\"https:\/\/new.bjc.ro\/wp-content\/uploads\/2023\/01\/afis_e_vremea_cititului_2021.jpg\" \/>\n<meta name=\"twitter:card\" content=\"summary_large_image\" \/>\n<meta name=\"twitter:site\" content=\"@BibliotecaGoga\" \/>\n<meta name=\"twitter:label1\" content=\"Timp estimat pentru citire\" \/>\n\t<meta name=\"twitter:data1\" content=\"1 minut\" \/>\n<script type=\"application\/ld+json\" class=\"yoast-schema-graph\">{\"@context\":\"https:\/\/schema.org\",\"@graph\":[{\"@type\":\"WebPage\",\"@id\":\"https:\/\/new.bjc.ro\/?page_id=3702\",\"url\":\"https:\/\/new.bjc.ro\/?page_id=3702\",\"name\":\"Program estival de lectur\u0103 \u201eE vremea cititului\\\" - Biblioteca Jude\u021bean\u0103 \u201eOctavian Goga\u201d Cluj\",\"isPartOf\":{\"@id\":\"https:\/\/new.bjc.ro\/#website\"},\"primaryImageOfPage\":{\"@id\":\"https:\/\/new.bjc.ro\/?page_id=3702#primaryimage\"},\"image\":{\"@id\":\"https:\/\/new.bjc.ro\/?page_id=3702#primaryimage\"},\"thumbnailUrl\":\"https:\/\/new.bjc.ro\/wp-content\/uploads\/2023\/01\/afis_e_vremea_cititului_2021.jpg\",\"datePublished\":\"2023-01-19T09:57:23+00:00\",\"dateModified\":\"2023-01-20T07:37:10+00:00\",\"breadcrumb\":{\"@id\":\"https:\/\/new.bjc.ro\/?page_id=3702#breadcrumb\"},\"inLanguage\":\"ro-RO\",\"potentialAction\":[{\"@type\":\"ReadAction\",\"target\":[\"https:\/\/new.bjc.ro\/?page_id=3702\"]}]},{\"@type\":\"ImageObject\",\"inLanguage\":\"ro-RO\",\"@id\":\"https:\/\/new.bjc.ro\/?page_id=3702#primaryimage\",\"url\":\"https:\/\/new.bjc.ro\/wp-content\/uploads\/2023\/01\/afis_e_vremea_cititului_2021.jpg\",\"contentUrl\":\"https:\/\/new.bjc.ro\/wp-content\/uploads\/2023\/01\/afis_e_vremea_cititului_2021.jpg\"},{\"@type\":\"BreadcrumbList\",\"@id\":\"https:\/\/new.bjc.ro\/?page_id=3702#breadcrumb\",\"itemListElement\":[{\"@type\":\"ListItem\",\"position\":1,\"name\":\"Home\",\"item\":\"https:\/\/new.bjc.ro\/\"},{\"@type\":\"ListItem\",\"position\":2,\"name\":\"Program estival de lectur\u0103 \u201eE vremea cititului&#8221;\"}]},{\"@type\":\"WebSite\",\"@id\":\"https:\/\/new.bjc.ro\/#website\",\"url\":\"https:\/\/new.bjc.ro\/\",\"name\":\"Biblioteca Jude\u021bean\u0103 \u201eOctavian Goga\u201d Cluj\",\"description\":\"\",\"publisher\":{\"@id\":\"https:\/\/new.bjc.ro\/#organization\"},\"alternateName\":\"Biblioteca Jude\u021bean\u0103 Cluj\",\"potentialAction\":[{\"@type\":\"SearchAction\",\"target\":{\"@type\":\"EntryPoint\",\"urlTemplate\":\"https:\/\/new.bjc.ro\/?s={search_term_string}\"},\"query-input\":{\"@type\":\"PropertyValueSpecification\",\"valueRequired\":true,\"valueName\":\"search_term_string\"}}],\"inLanguage\":\"ro-RO\"},{\"@type\":\"Organization\",\"@id\":\"https:\/\/new.bjc.ro\/#organization\",\"name\":\"Biblioteca Jude\u021bean\u0103 \u201eOctavian Goga\u201d Cluj\",\"url\":\"https:\/\/new.bjc.ro\/\",\"logo\":{\"@type\":\"ImageObject\",\"inLanguage\":\"ro-RO\",\"@id\":\"https:\/\/new.bjc.ro\/#\/schema\/logo\/image\/\",\"url\":\"https:\/\/new.bjc.ro\/wp-content\/uploads\/2023\/03\/sigle.jpg\",\"contentUrl\":\"https:\/\/new.bjc.ro\/wp-content\/uploads\/2023\/03\/sigle.jpg\",\"width\":630,\"height\":473,\"caption\":\"Biblioteca Jude\u021bean\u0103 \u201eOctavian Goga\u201d Cluj\"},\"image\":{\"@id\":\"https:\/\/new.bjc.ro\/#\/schema\/logo\/image\/\"},\"sameAs\":[\"https:\/\/www.facebook.com\/bibliotecacluj\/\",\"https:\/\/x.com\/BibliotecaGoga\",\"https:\/\/www.instagram.com\/biblioteca_judeteana_cluj\/\",\"https:\/\/www.youtube.com\/user\/BibliotecaGoga\"]}]}<\/script>\n<!-- \/ Yoast SEO plugin. -->","yoast_head_json":{"title":"Program estival de lectur\u0103 \u201eE vremea cititului\" - Biblioteca Jude\u021bean\u0103 \u201eOctavian Goga\u201d Cluj","robots":{"index":"index","follow":"follow","max-snippet":"max-snippet:-1","max-image-preview":"max-image-preview:large","max-video-preview":"max-video-preview:-1"},"canonical":"https:\/\/new.bjc.ro\/?page_id=3702","og_locale":"ro_RO","og_type":"article","og_title":"Program estival de lectur\u0103 \u201eE vremea cititului\" - Biblioteca Jude\u021bean\u0103 \u201eOctavian Goga\u201d Cluj","og_description":"\u201eE vremea cititului&#8221; se desf\u0103\u0219oar\u0103 anual \u00een perioada vacan\u021bei de var\u0103, pe parcursul a patru s\u0103pt\u0103m\u00e2ni consecutive, \u00eencep\u00e2nd din anul 2017. Programul se adreseaz\u0103 copiilor cu v\u00e2rsta cuprins\u0103 \u00eentre 7 \u0219i 14 ani, propun\u00e2ndu-le discu\u021bii interesante pornind de la c\u0103r\u021bile citite, exerci\u021bii de scriere creativ\u0103, jocuri, tombole. Ini\u021biatorul \u0219i coordonatorul&hellip; Cite\u0219te mai mult","og_url":"https:\/\/new.bjc.ro\/?page_id=3702","og_site_name":"Biblioteca Jude\u021bean\u0103 \u201eOctavian Goga\u201d Cluj","article_publisher":"https:\/\/www.facebook.com\/bibliotecacluj\/","article_modified_time":"2023-01-20T07:37:10+00:00","og_image":[{"url":"https:\/\/new.bjc.ro\/wp-content\/uploads\/2023\/01\/afis_e_vremea_cititului_2021.jpg","type":"","width":"","height":""}],"twitter_card":"summary_large_image","twitter_site":"@BibliotecaGoga","twitter_misc":{"Timp estimat pentru citire":"1 minut"},"schema":{"@context":"https:\/\/schema.org","@graph":[{"@type":"WebPage","@id":"https:\/\/new.bjc.ro\/?page_id=3702","url":"https:\/\/new.bjc.ro\/?page_id=3702","name":"Program estival de lectur\u0103 \u201eE vremea cititului\" - Biblioteca Jude\u021bean\u0103 \u201eOctavian Goga\u201d Cluj","isPartOf":{"@id":"https:\/\/new.bjc.ro\/#website"},"primaryImageOfPage":{"@id":"https:\/\/new.bjc.ro\/?page_id=3702#primaryimage"},"image":{"@id":"https:\/\/new.bjc.ro\/?page_id=3702#primaryimage"},"thumbnailUrl":"https:\/\/new.bjc.ro\/wp-content\/uploads\/2023\/01\/afis_e_vremea_cititului_2021.jpg","datePublished":"2023-01-19T09:57:23+00:00","dateModified":"2023-01-20T07:37:10+00:00","breadcrumb":{"@id":"https:\/\/new.bjc.ro\/?page_id=3702#breadcrumb"},"inLanguage":"ro-RO","potentialAction":[{"@type":"ReadAction","target":["https:\/\/new.bjc.ro\/?page_id=3702"]}]},{"@type":"ImageObject","inLanguage":"ro-RO","@id":"https:\/\/new.bjc.ro\/?page_id=3702#primaryimage","url":"https:\/\/new.bjc.ro\/wp-content\/uploads\/2023\/01\/afis_e_vremea_cititului_2021.jpg","contentUrl":"https:\/\/new.bjc.ro\/wp-content\/uploads\/2023\/01\/afis_e_vremea_cititului_2021.jpg"},{"@type":"BreadcrumbList","@id":"https:\/\/new.bjc.ro\/?page_id=3702#breadcrumb","itemListElement":[{"@type":"ListItem","position":1,"name":"Home","item":"https:\/\/new.bjc.ro\/"},{"@type":"ListItem","position":2,"name":"Program estival de lectur\u0103 \u201eE vremea cititului&#8221;"}]},{"@type":"WebSite","@id":"https:\/\/new.bjc.ro\/#website","url":"https:\/\/new.bjc.ro\/","name":"Biblioteca Jude\u021bean\u0103 \u201eOctavian Goga\u201d Cluj","description":"","publisher":{"@id":"https:\/\/new.bjc.ro\/#organization"},"alternateName":"Biblioteca Jude\u021bean\u0103 Cluj","potentialAction":[{"@type":"SearchAction","target":{"@type":"EntryPoint","urlTemplate":"https:\/\/new.bjc.ro\/?s={search_term_string}"},"query-input":{"@type":"PropertyValueSpecification","valueRequired":true,"valueName":"search_term_string"}}],"inLanguage":"ro-RO"},{"@type":"Organization","@id":"https:\/\/new.bjc.ro\/#organization","name":"Biblioteca Jude\u021bean\u0103 \u201eOctavian Goga\u201d Cluj","url":"https:\/\/new.bjc.ro\/","logo":{"@type":"ImageObject","inLanguage":"ro-RO","@id":"https:\/\/new.bjc.ro\/#\/schema\/logo\/image\/","url":"https:\/\/new.bjc.ro\/wp-content\/uploads\/2023\/03\/sigle.jpg","contentUrl":"https:\/\/new.bjc.ro\/wp-content\/uploads\/2023\/03\/sigle.jpg","width":630,"height":473,"caption":"Biblioteca Jude\u021bean\u0103 \u201eOctavian Goga\u201d Cluj"},"image":{"@id":"https:\/\/new.bjc.ro\/#\/schema\/logo\/image\/"},"sameAs":["https:\/\/www.facebook.com\/bibliotecacluj\/","https:\/\/x.com\/BibliotecaGoga","https:\/\/www.instagram.com\/biblioteca_judeteana_cluj\/","https:\/\/www.youtube.com\/user\/BibliotecaGoga"]}]}},"_links":{"self":[{"href":"https:\/\/new.bjc.ro\/index.php?rest_route=\/wp\/v2\/pages\/3702","targetHints":{"allow":["GET"]}}],"collection":[{"href":"https:\/\/new.bjc.ro\/index.php?rest_route=\/wp\/v2\/pages"}],"about":[{"href":"https:\/\/new.bjc.ro\/index.php?rest_route=\/wp\/v2\/types\/page"}],"author":[{"embeddable":true,"href":"https:\/\/new.bjc.ro\/index.php?rest_route=\/wp\/v2\/users\/1"}],"replies":[{"embeddable":true,"href":"https:\/\/new.bjc.ro\/index.php?rest_route=%2Fwp%2Fv2%2Fcomments&post=3702"}],"version-history":[{"count":2,"href":"https:\/\/new.bjc.ro\/index.php?rest_route=\/wp\/v2\/pages\/3702\/revisions"}],"predecessor-version":[{"id":3757,"href":"https:\/\/new.bjc.ro\/index.php?rest_route=\/wp\/v2\/pages\/3702\/revisions\/3757"}],"wp:attachment":[{"href":"https:\/\/new.bjc.ro\/index.php?rest_route=%2Fwp%2Fv2%2Fmedia&parent=3702"}],"curies":[{"name":"wp","href":"https:\/\/api.w.org\/{rel}","templated":true}]}}