{"id":3759,"date":"2023-01-20T09:39:29","date_gmt":"2023-01-20T07:39:29","guid":{"rendered":"https:\/\/new.bjc.ro\/?page_id=3759"},"modified":"2026-04-01T08:46:11","modified_gmt":"2026-04-01T05:46:11","slug":"sala-de-lectura-d-d-rosca","status":"publish","type":"page","link":"https:\/\/new.bjc.ro\/?page_id=3759","title":{"rendered":"Sala de lectur\u0103 &#8222;D.D. Ro\u015fca&#8221; &#8211; Sal\u0103 de studiu"},"content":{"rendered":"\r\n<div class=\"wp-block-media-text alignwide is-stacked-on-mobile\" style=\"grid-template-columns: 30% auto;\">\r\n<figure class=\"wp-block-media-text__media\"><a href=\"https:\/\/new.bjc.ro\/wp-content\/uploads\/2023\/03\/IMG_5718-2.jpg\"><img loading=\"lazy\" decoding=\"async\" width=\"800\" height=\"449\" class=\"wp-image-5635 size-full\" src=\"https:\/\/new.bjc.ro\/wp-content\/uploads\/2023\/03\/IMG_5718-2.jpg\" alt=\"sala-studiu\" \/><\/a><\/figure>\r\n<div class=\"wp-block-media-text__content\">\r\n<p>Adresa: Calea Doroban\u0163ilor nr. 104<\/p>\r\n\r\n\r\n\r\n<p><strong>Sediul central, etajul 1 vest<\/strong><\/p>\r\n\r\n\r\n\r\n<p>Tel. 0264-430323;<\/p>\r\n\r\n\r\n\r\n<p>Email: saladelectura[at]bjc.ro<\/p>\r\n<\/div>\r\n<\/div>\r\n\r\n\r\n\r\n<p>&nbsp;<\/p>\r\n\r\n\r\n\r\n<p>Sala de studiu este deschis\u0103 de luni p\u00e2n\u0103 vineri de la ora 8.00 la ora 22.00.<\/p>\r\n\r\n\r\n\r\n<p>Pentru zilele de s\u00e2mb\u0103t\u0103 \u0219i duminic\u0103 se va completa o <a href=\"https:\/\/docs.google.com\/forms\/d\/e\/1FAIpQLSepRADVfqDZKrkY2jOyI5CkW3GReFaMZDrqXL5RcX-kauh7Uw\/viewform?usp=sf_link\">cerere de acces<\/a> .<\/p>\r\n\r\n\r\n\r\n<p>Capacitatea s\u0103lii este de 78 de locuri.<\/p>\r\n\r\n\r\n\r\n<p>Sala este destinat\u0103 studiului individual.<\/p>\r\n\r\n\r\n\r\n<p>Accesul \u00een sal\u0103 este permis pentru posesorii de permise de intrare la bibliotec\u0103.<\/p>\r\n\r\n\r\n\r\n<p>Accesul \u00een sal\u0103 se face cu ajutorul unui card special.\u00a0<\/p>\r\n","protected":false},"excerpt":{"rendered":"<p>Adresa: Calea Doroban\u0163ilor nr. 104 Sediul central, etajul 1 vest Tel. 0264-430323; Email: saladelectura[at]bjc.ro &nbsp; Sala de studiu este deschis\u0103 de luni p\u00e2n\u0103 vineri de la ora 8.00 la ora 22.00. Pentru zilele de s\u00e2mb\u0103t\u0103 \u0219i duminic\u0103 se va completa o cerere de acces . Capacitatea s\u0103lii este de 78&hellip; <br \/> <a class=\"read-more\" href=\"https:\/\/new.bjc.ro\/?page_id=3759\">Cite\u0219te mai mult<\/a><\/p>\n","protected":false},"author":1,"featured_media":0,"parent":0,"menu_order":0,"comment_status":"closed","ping_status":"closed","template":"","meta":{"_monsterinsights_skip_tracking":false,"_monsterinsights_sitenote_active":false,"_monsterinsights_sitenote_note":"","_monsterinsights_sitenote_category":0,"_EventAllDay":false,"_EventTimezone":"","_EventStartDate":"","_EventEndDate":"","_EventStartDateUTC":"","_EventEndDateUTC":"","_EventShowMap":false,"_EventShowMapLink":false,"_EventURL":"","_EventCost":"","_EventCostDescription":"","_EventCurrencySymbol":"","_EventCurrencyCode":"","_EventCurrencyPosition":"","_EventDateTimeSeparator":"","_EventTimeRangeSeparator":"","_EventOrganizerID":[],"_EventVenueID":[],"_OrganizerEmail":"","_OrganizerPhone":"","_OrganizerWebsite":"","_VenueAddress":"","_VenueCity":"","_VenueCountry":"","_VenueProvince":"","_VenueState":"","_VenueZip":"","_VenuePhone":"","_VenueURL":"","_VenueStateProvince":"","_VenueLat":"","_VenueLng":"","_VenueShowMap":false,"_VenueShowMapLink":false,"footnotes":""},"class_list":["post-3759","page","type-page","status-publish","hentry"],"yoast_head":"<!-- This site is optimized with the Yoast SEO plugin v24.6 - https:\/\/yoast.com\/wordpress\/plugins\/seo\/ -->\n<title>Sala de lectur\u0103 &quot;D.D. Ro\u015fca&quot; - Sal\u0103 de studiu - Biblioteca Jude\u021bean\u0103 \u201eOctavian Goga\u201d Cluj<\/title>\n<meta name=\"robots\" content=\"index, follow, max-snippet:-1, max-image-preview:large, max-video-preview:-1\" \/>\n<link rel=\"canonical\" href=\"https:\/\/new.bjc.ro\/?page_id=3759\" \/>\n<meta property=\"og:locale\" content=\"ro_RO\" \/>\n<meta property=\"og:type\" content=\"article\" \/>\n<meta property=\"og:title\" content=\"Sala de lectur\u0103 &quot;D.D. Ro\u015fca&quot; - Sal\u0103 de studiu - Biblioteca Jude\u021bean\u0103 \u201eOctavian Goga\u201d Cluj\" \/>\n<meta property=\"og:description\" content=\"Adresa: Calea Doroban\u0163ilor nr. 104 Sediul central, etajul 1 vest Tel. 0264-430323; Email: saladelectura[at]bjc.ro &nbsp; Sala de studiu este deschis\u0103 de luni p\u00e2n\u0103 vineri de la ora 8.00 la ora 22.00. Pentru zilele de s\u00e2mb\u0103t\u0103 \u0219i duminic\u0103 se va completa o cerere de acces . Capacitatea s\u0103lii este de 78&hellip; Cite\u0219te mai mult\" \/>\n<meta property=\"og:url\" content=\"https:\/\/new.bjc.ro\/?page_id=3759\" \/>\n<meta property=\"og:site_name\" content=\"Biblioteca Jude\u021bean\u0103 \u201eOctavian Goga\u201d Cluj\" \/>\n<meta property=\"article:publisher\" content=\"https:\/\/www.facebook.com\/bibliotecacluj\/\" \/>\n<meta property=\"article:modified_time\" content=\"2026-04-01T05:46:11+00:00\" \/>\n<meta property=\"og:image\" content=\"https:\/\/new.bjc.ro\/wp-content\/uploads\/2023\/03\/IMG_5718-2.jpg\" \/>\n\t<meta property=\"og:image:width\" content=\"800\" \/>\n\t<meta property=\"og:image:height\" content=\"449\" \/>\n\t<meta property=\"og:image:type\" content=\"image\/jpeg\" \/>\n<meta name=\"twitter:card\" content=\"summary_large_image\" \/>\n<meta name=\"twitter:site\" content=\"@BibliotecaGoga\" \/>\n<meta name=\"twitter:label1\" content=\"Timp estimat pentru citire\" \/>\n\t<meta name=\"twitter:data1\" content=\"1 minut\" \/>\n<script type=\"application\/ld+json\" class=\"yoast-schema-graph\">{\"@context\":\"https:\/\/schema.org\",\"@graph\":[{\"@type\":\"WebPage\",\"@id\":\"https:\/\/new.bjc.ro\/?page_id=3759\",\"url\":\"https:\/\/new.bjc.ro\/?page_id=3759\",\"name\":\"Sala de lectur\u0103 \\\"D.D. Ro\u015fca\\\" - Sal\u0103 de studiu - Biblioteca Jude\u021bean\u0103 \u201eOctavian Goga\u201d Cluj\",\"isPartOf\":{\"@id\":\"https:\/\/new.bjc.ro\/#website\"},\"primaryImageOfPage\":{\"@id\":\"https:\/\/new.bjc.ro\/?page_id=3759#primaryimage\"},\"image\":{\"@id\":\"https:\/\/new.bjc.ro\/?page_id=3759#primaryimage\"},\"thumbnailUrl\":\"https:\/\/new.bjc.ro\/wp-content\/uploads\/2023\/03\/IMG_5718-2.jpg\",\"datePublished\":\"2023-01-20T07:39:29+00:00\",\"dateModified\":\"2026-04-01T05:46:11+00:00\",\"breadcrumb\":{\"@id\":\"https:\/\/new.bjc.ro\/?page_id=3759#breadcrumb\"},\"inLanguage\":\"ro-RO\",\"potentialAction\":[{\"@type\":\"ReadAction\",\"target\":[\"https:\/\/new.bjc.ro\/?page_id=3759\"]}]},{\"@type\":\"ImageObject\",\"inLanguage\":\"ro-RO\",\"@id\":\"https:\/\/new.bjc.ro\/?page_id=3759#primaryimage\",\"url\":\"https:\/\/new.bjc.ro\/wp-content\/uploads\/2023\/03\/IMG_5718-2.jpg\",\"contentUrl\":\"https:\/\/new.bjc.ro\/wp-content\/uploads\/2023\/03\/IMG_5718-2.jpg\"},{\"@type\":\"BreadcrumbList\",\"@id\":\"https:\/\/new.bjc.ro\/?page_id=3759#breadcrumb\",\"itemListElement\":[{\"@type\":\"ListItem\",\"position\":1,\"name\":\"Home\",\"item\":\"https:\/\/new.bjc.ro\/\"},{\"@type\":\"ListItem\",\"position\":2,\"name\":\"Sala de lectur\u0103 &#8220;D.D. Ro\u015fca&#8221; &#8211; Sal\u0103 de studiu\"}]},{\"@type\":\"WebSite\",\"@id\":\"https:\/\/new.bjc.ro\/#website\",\"url\":\"https:\/\/new.bjc.ro\/\",\"name\":\"Biblioteca Jude\u021bean\u0103 \u201eOctavian Goga\u201d Cluj\",\"description\":\"\",\"publisher\":{\"@id\":\"https:\/\/new.bjc.ro\/#organization\"},\"alternateName\":\"Biblioteca Jude\u021bean\u0103 Cluj\",\"potentialAction\":[{\"@type\":\"SearchAction\",\"target\":{\"@type\":\"EntryPoint\",\"urlTemplate\":\"https:\/\/new.bjc.ro\/?s={search_term_string}\"},\"query-input\":{\"@type\":\"PropertyValueSpecification\",\"valueRequired\":true,\"valueName\":\"search_term_string\"}}],\"inLanguage\":\"ro-RO\"},{\"@type\":\"Organization\",\"@id\":\"https:\/\/new.bjc.ro\/#organization\",\"name\":\"Biblioteca Jude\u021bean\u0103 \u201eOctavian Goga\u201d Cluj\",\"url\":\"https:\/\/new.bjc.ro\/\",\"logo\":{\"@type\":\"ImageObject\",\"inLanguage\":\"ro-RO\",\"@id\":\"https:\/\/new.bjc.ro\/#\/schema\/logo\/image\/\",\"url\":\"https:\/\/new.bjc.ro\/wp-content\/uploads\/2023\/03\/sigle.jpg\",\"contentUrl\":\"https:\/\/new.bjc.ro\/wp-content\/uploads\/2023\/03\/sigle.jpg\",\"width\":630,\"height\":473,\"caption\":\"Biblioteca Jude\u021bean\u0103 \u201eOctavian Goga\u201d Cluj\"},\"image\":{\"@id\":\"https:\/\/new.bjc.ro\/#\/schema\/logo\/image\/\"},\"sameAs\":[\"https:\/\/www.facebook.com\/bibliotecacluj\/\",\"https:\/\/x.com\/BibliotecaGoga\",\"https:\/\/www.instagram.com\/biblioteca_judeteana_cluj\/\",\"https:\/\/www.youtube.com\/user\/BibliotecaGoga\"]}]}<\/script>\n<!-- \/ Yoast SEO plugin. -->","yoast_head_json":{"title":"Sala de lectur\u0103 \"D.D. Ro\u015fca\" - Sal\u0103 de studiu - Biblioteca Jude\u021bean\u0103 \u201eOctavian Goga\u201d Cluj","robots":{"index":"index","follow":"follow","max-snippet":"max-snippet:-1","max-image-preview":"max-image-preview:large","max-video-preview":"max-video-preview:-1"},"canonical":"https:\/\/new.bjc.ro\/?page_id=3759","og_locale":"ro_RO","og_type":"article","og_title":"Sala de lectur\u0103 \"D.D. Ro\u015fca\" - Sal\u0103 de studiu - Biblioteca Jude\u021bean\u0103 \u201eOctavian Goga\u201d Cluj","og_description":"Adresa: Calea Doroban\u0163ilor nr. 104 Sediul central, etajul 1 vest Tel. 0264-430323; Email: saladelectura[at]bjc.ro &nbsp; Sala de studiu este deschis\u0103 de luni p\u00e2n\u0103 vineri de la ora 8.00 la ora 22.00. Pentru zilele de s\u00e2mb\u0103t\u0103 \u0219i duminic\u0103 se va completa o cerere de acces . Capacitatea s\u0103lii este de 78&hellip; Cite\u0219te mai mult","og_url":"https:\/\/new.bjc.ro\/?page_id=3759","og_site_name":"Biblioteca Jude\u021bean\u0103 \u201eOctavian Goga\u201d Cluj","article_publisher":"https:\/\/www.facebook.com\/bibliotecacluj\/","article_modified_time":"2026-04-01T05:46:11+00:00","og_image":[{"width":800,"height":449,"url":"https:\/\/new.bjc.ro\/wp-content\/uploads\/2023\/03\/IMG_5718-2.jpg","type":"image\/jpeg"}],"twitter_card":"summary_large_image","twitter_site":"@BibliotecaGoga","twitter_misc":{"Timp estimat pentru citire":"1 minut"},"schema":{"@context":"https:\/\/schema.org","@graph":[{"@type":"WebPage","@id":"https:\/\/new.bjc.ro\/?page_id=3759","url":"https:\/\/new.bjc.ro\/?page_id=3759","name":"Sala de lectur\u0103 \"D.D. Ro\u015fca\" - Sal\u0103 de studiu - Biblioteca Jude\u021bean\u0103 \u201eOctavian Goga\u201d Cluj","isPartOf":{"@id":"https:\/\/new.bjc.ro\/#website"},"primaryImageOfPage":{"@id":"https:\/\/new.bjc.ro\/?page_id=3759#primaryimage"},"image":{"@id":"https:\/\/new.bjc.ro\/?page_id=3759#primaryimage"},"thumbnailUrl":"https:\/\/new.bjc.ro\/wp-content\/uploads\/2023\/03\/IMG_5718-2.jpg","datePublished":"2023-01-20T07:39:29+00:00","dateModified":"2026-04-01T05:46:11+00:00","breadcrumb":{"@id":"https:\/\/new.bjc.ro\/?page_id=3759#breadcrumb"},"inLanguage":"ro-RO","potentialAction":[{"@type":"ReadAction","target":["https:\/\/new.bjc.ro\/?page_id=3759"]}]},{"@type":"ImageObject","inLanguage":"ro-RO","@id":"https:\/\/new.bjc.ro\/?page_id=3759#primaryimage","url":"https:\/\/new.bjc.ro\/wp-content\/uploads\/2023\/03\/IMG_5718-2.jpg","contentUrl":"https:\/\/new.bjc.ro\/wp-content\/uploads\/2023\/03\/IMG_5718-2.jpg"},{"@type":"BreadcrumbList","@id":"https:\/\/new.bjc.ro\/?page_id=3759#breadcrumb","itemListElement":[{"@type":"ListItem","position":1,"name":"Home","item":"https:\/\/new.bjc.ro\/"},{"@type":"ListItem","position":2,"name":"Sala de lectur\u0103 &#8220;D.D. Ro\u015fca&#8221; &#8211; Sal\u0103 de studiu"}]},{"@type":"WebSite","@id":"https:\/\/new.bjc.ro\/#website","url":"https:\/\/new.bjc.ro\/","name":"Biblioteca Jude\u021bean\u0103 \u201eOctavian Goga\u201d Cluj","description":"","publisher":{"@id":"https:\/\/new.bjc.ro\/#organization"},"alternateName":"Biblioteca Jude\u021bean\u0103 Cluj","potentialAction":[{"@type":"SearchAction","target":{"@type":"EntryPoint","urlTemplate":"https:\/\/new.bjc.ro\/?s={search_term_string}"},"query-input":{"@type":"PropertyValueSpecification","valueRequired":true,"valueName":"search_term_string"}}],"inLanguage":"ro-RO"},{"@type":"Organization","@id":"https:\/\/new.bjc.ro\/#organization","name":"Biblioteca Jude\u021bean\u0103 \u201eOctavian Goga\u201d Cluj","url":"https:\/\/new.bjc.ro\/","logo":{"@type":"ImageObject","inLanguage":"ro-RO","@id":"https:\/\/new.bjc.ro\/#\/schema\/logo\/image\/","url":"https:\/\/new.bjc.ro\/wp-content\/uploads\/2023\/03\/sigle.jpg","contentUrl":"https:\/\/new.bjc.ro\/wp-content\/uploads\/2023\/03\/sigle.jpg","width":630,"height":473,"caption":"Biblioteca Jude\u021bean\u0103 \u201eOctavian Goga\u201d Cluj"},"image":{"@id":"https:\/\/new.bjc.ro\/#\/schema\/logo\/image\/"},"sameAs":["https:\/\/www.facebook.com\/bibliotecacluj\/","https:\/\/x.com\/BibliotecaGoga","https:\/\/www.instagram.com\/biblioteca_judeteana_cluj\/","https:\/\/www.youtube.com\/user\/BibliotecaGoga"]}]}},"_links":{"self":[{"href":"https:\/\/new.bjc.ro\/index.php?rest_route=\/wp\/v2\/pages\/3759","targetHints":{"allow":["GET"]}}],"collection":[{"href":"https:\/\/new.bjc.ro\/index.php?rest_route=\/wp\/v2\/pages"}],"about":[{"href":"https:\/\/new.bjc.ro\/index.php?rest_route=\/wp\/v2\/types\/page"}],"author":[{"embeddable":true,"href":"https:\/\/new.bjc.ro\/index.php?rest_route=\/wp\/v2\/users\/1"}],"replies":[{"embeddable":true,"href":"https:\/\/new.bjc.ro\/index.php?rest_route=%2Fwp%2Fv2%2Fcomments&post=3759"}],"version-history":[{"count":10,"href":"https:\/\/new.bjc.ro\/index.php?rest_route=\/wp\/v2\/pages\/3759\/revisions"}],"predecessor-version":[{"id":12003,"href":"https:\/\/new.bjc.ro\/index.php?rest_route=\/wp\/v2\/pages\/3759\/revisions\/12003"}],"wp:attachment":[{"href":"https:\/\/new.bjc.ro\/index.php?rest_route=%2Fwp%2Fv2%2Fmedia&parent=3759"}],"curies":[{"name":"wp","href":"https:\/\/api.w.org\/{rel}","templated":true}]}}