{"id":3800,"date":"2023-01-20T11:22:55","date_gmt":"2023-01-20T09:22:55","guid":{"rendered":"https:\/\/new.bjc.ro\/?page_id=3800"},"modified":"2023-03-10T10:33:07","modified_gmt":"2023-03-10T08:33:07","slug":"fondul-ioana-si-liviu-petrescu","status":"publish","type":"page","link":"https:\/\/new.bjc.ro\/?page_id=3800","title":{"rendered":"Fondul Ioana \u015fi Liviu Petrescu"},"content":{"rendered":"\n<p><strong>Ioana Petrescu (1941-1990)<\/strong><\/p>\n\n\n\n<div class=\"wp-block-media-text alignwide is-stacked-on-mobile\" style=\"grid-template-columns:15% auto\"><figure class=\"wp-block-media-text__media\"><a href=\"https:\/\/new.bjc.ro\/wp-content\/uploads\/2023\/01\/ioana_petrescu.jpg\"><img loading=\"lazy\" decoding=\"async\" width=\"452\" height=\"572\" src=\"https:\/\/new.bjc.ro\/wp-content\/uploads\/2023\/01\/ioana_petrescu.jpg\" alt=\"\" class=\"wp-image-3805 size-full\"\/><\/a><\/figure><div class=\"wp-block-media-text__content\">\n<ul class=\"wp-block-list\">\n<li>Profesor universitar la Facultatea de Litere a Universit\u0103\u0163ii din Cluj.<\/li>\n\n\n\n<li>Fiica istoricului literar Dumitru Popovici \u015fi so\u0163ia criticului literar Liviu Petrescu.<\/li>\n\n\n\n<li>Dup\u0103 terminarea Facult\u0103\u0163ii de Litere din Cluj, devine preparator \u015fi apoi asistent la Catedra de Literatur\u0103 rom\u00e2n\u0103. \u00ce\u015fi ia doctoratul la Bucure\u015fti cu o tez\u0103 despre Ion Budai Deleanu, coordonat\u0103 de profesorul Paul Cornea.<\/li>\n\n\n\n<li>Ioana Em. Petrescu este autoarea a dou\u0103 studii esen\u0163iale despre opera lui Mihai Eminescu \u015fi \u00eengrijitoarea edi\u0163iilor tat\u0103lui, r\u0103m\u00e2ne un nume de referin\u0163\u0103 \u00een \u015fcoala eminescologic\u0103 clujean\u0103.<\/li>\n<\/ul>\n<\/div><\/div>\n\n\n\n<p><\/p>\n\n\n\n<p><strong>Liviu Petrescu (1941-1999)<\/strong><\/p>\n\n\n\n<div class=\"wp-block-media-text alignwide is-stacked-on-mobile\" style=\"grid-template-columns:15% auto\"><figure class=\"wp-block-media-text__media\"><a href=\"https:\/\/new.bjc.ro\/wp-content\/uploads\/2023\/03\/Liviu_Petrescu.jpg\"><img loading=\"lazy\" decoding=\"async\" width=\"800\" height=\"1148\" src=\"https:\/\/new.bjc.ro\/wp-content\/uploads\/2023\/03\/Liviu_Petrescu.jpg\" alt=\"\" class=\"wp-image-6070 size-full\"\/><\/a><\/figure><div class=\"wp-block-media-text__content\">\n<ul class=\"wp-block-list\">\n<li>Critic, istoric literar \u015fi eseist rom\u00e2n.<\/li>\n\n\n\n<li>Dup\u0103 absolvirea Liceului \u201eGeorge Bari\u0163iu&#8221; din Cluj (1959), urmeaz\u0103 cursurile Facult\u0103\u0163ii de Filologie a Universit\u0103\u0163ii \u201eBabe\u015f-Bolyai&#8221; din Cluj (1959-1964).<\/li>\n\n\n\n<li>\u015ei-a sus\u0163inut doctoratul, \u00een 1977, cu teza <em>Romanul condi\u0163iei umane<\/em>.<\/li>\n\n\n\n<li>Debutul absolut \u00een revista \u201eTribuna&#8221; (1966).<\/li>\n\n\n\n<li>A fost profesor de literatur\u0103 comparat\u0103 la Facultatea de Litere din Cluj, decan la aceea\u015fi facultate \u015fi director al Institutului de Lingvistic\u0103 \u015fi Istorie Literar\u0103 \u201eSextil Pu\u015fcariu&#8221; din Cluj, Pre\u015fedintele Societ\u0103\u0163ii Culturale \u201eLucian Blaga&#8221;\u00een perioada 1990-1999.<\/li>\n<\/ul>\n<\/div><\/div>\n\n\n\n<p><\/p>\n\n\n\n<p>Fondul de documente cuprinde circa 6000 vol. de carte de literatur\u0103 rom\u00e2n\u0103 \u015fi universal\u0103, manuscrise, coresponden\u0163\u0103, noti\u0163e \u015fi fi\u015fe de lectur\u0103, cursuri universitare, poze \u015fi acte personale.<\/p>\n\n\n\n<p><a href=\"https:\/\/new.bjc.ro\/wp-content\/uploads\/2023\/01\/fondul_petrescu.pdf\">Fondul Ioana Em. \u015fi Liviu Petrescu<\/a><\/p>\n","protected":false},"excerpt":{"rendered":"<p>Ioana Petrescu (1941-1990) Liviu Petrescu (1941-1999) Fondul de documente cuprinde circa 6000 vol. de carte de literatur\u0103 rom\u00e2n\u0103 \u015fi universal\u0103, manuscrise, coresponden\u0163\u0103, noti\u0163e \u015fi fi\u015fe de lectur\u0103, cursuri universitare, poze \u015fi acte personale. Fondul Ioana Em. \u015fi Liviu Petrescu<\/p>\n","protected":false},"author":1,"featured_media":0,"parent":0,"menu_order":0,"comment_status":"closed","ping_status":"closed","template":"","meta":{"_monsterinsights_skip_tracking":false,"_monsterinsights_sitenote_active":false,"_monsterinsights_sitenote_note":"","_monsterinsights_sitenote_category":0,"_EventAllDay":false,"_EventTimezone":"","_EventStartDate":"","_EventEndDate":"","_EventStartDateUTC":"","_EventEndDateUTC":"","_EventShowMap":false,"_EventShowMapLink":false,"_EventURL":"","_EventCost":"","_EventCostDescription":"","_EventCurrencySymbol":"","_EventCurrencyCode":"","_EventCurrencyPosition":"","_EventDateTimeSeparator":"","_EventTimeRangeSeparator":"","_EventOrganizerID":[],"_EventVenueID":[],"_OrganizerEmail":"","_OrganizerPhone":"","_OrganizerWebsite":"","_VenueAddress":"","_VenueCity":"","_VenueCountry":"","_VenueProvince":"","_VenueState":"","_VenueZip":"","_VenuePhone":"","_VenueURL":"","_VenueStateProvince":"","_VenueLat":"","_VenueLng":"","_VenueShowMap":false,"_VenueShowMapLink":false,"footnotes":""},"class_list":["post-3800","page","type-page","status-publish","hentry"],"yoast_head":"<!-- This site is optimized with the Yoast SEO plugin v24.6 - https:\/\/yoast.com\/wordpress\/plugins\/seo\/ -->\n<title>Fondul Ioana \u015fi Liviu Petrescu - Biblioteca Jude\u021bean\u0103 \u201eOctavian Goga\u201d Cluj<\/title>\n<meta name=\"robots\" content=\"index, follow, max-snippet:-1, max-image-preview:large, max-video-preview:-1\" \/>\n<link rel=\"canonical\" href=\"https:\/\/new.bjc.ro\/?page_id=3800\" \/>\n<meta property=\"og:locale\" content=\"ro_RO\" \/>\n<meta property=\"og:type\" content=\"article\" \/>\n<meta property=\"og:title\" content=\"Fondul Ioana \u015fi Liviu Petrescu - Biblioteca Jude\u021bean\u0103 \u201eOctavian Goga\u201d Cluj\" \/>\n<meta property=\"og:description\" content=\"Ioana Petrescu (1941-1990) Liviu Petrescu (1941-1999) Fondul de documente cuprinde circa 6000 vol. de carte de literatur\u0103 rom\u00e2n\u0103 \u015fi universal\u0103, manuscrise, coresponden\u0163\u0103, noti\u0163e \u015fi fi\u015fe de lectur\u0103, cursuri universitare, poze \u015fi acte personale. Fondul Ioana Em. \u015fi Liviu Petrescu\" \/>\n<meta property=\"og:url\" content=\"https:\/\/new.bjc.ro\/?page_id=3800\" \/>\n<meta property=\"og:site_name\" content=\"Biblioteca Jude\u021bean\u0103 \u201eOctavian Goga\u201d Cluj\" \/>\n<meta property=\"article:publisher\" content=\"https:\/\/www.facebook.com\/bibliotecacluj\/\" \/>\n<meta property=\"article:modified_time\" content=\"2023-03-10T08:33:07+00:00\" \/>\n<meta property=\"og:image\" content=\"https:\/\/new.bjc.ro\/wp-content\/uploads\/2023\/01\/ioana_petrescu.jpg\" \/>\n<meta name=\"twitter:card\" content=\"summary_large_image\" \/>\n<meta name=\"twitter:site\" content=\"@BibliotecaGoga\" \/>\n<meta name=\"twitter:label1\" content=\"Timp estimat pentru citire\" \/>\n\t<meta name=\"twitter:data1\" content=\"1 minut\" \/>\n<script type=\"application\/ld+json\" class=\"yoast-schema-graph\">{\"@context\":\"https:\/\/schema.org\",\"@graph\":[{\"@type\":\"WebPage\",\"@id\":\"https:\/\/new.bjc.ro\/?page_id=3800\",\"url\":\"https:\/\/new.bjc.ro\/?page_id=3800\",\"name\":\"Fondul Ioana \u015fi Liviu Petrescu - Biblioteca Jude\u021bean\u0103 \u201eOctavian Goga\u201d Cluj\",\"isPartOf\":{\"@id\":\"https:\/\/new.bjc.ro\/#website\"},\"primaryImageOfPage\":{\"@id\":\"https:\/\/new.bjc.ro\/?page_id=3800#primaryimage\"},\"image\":{\"@id\":\"https:\/\/new.bjc.ro\/?page_id=3800#primaryimage\"},\"thumbnailUrl\":\"https:\/\/new.bjc.ro\/wp-content\/uploads\/2023\/01\/ioana_petrescu.jpg\",\"datePublished\":\"2023-01-20T09:22:55+00:00\",\"dateModified\":\"2023-03-10T08:33:07+00:00\",\"breadcrumb\":{\"@id\":\"https:\/\/new.bjc.ro\/?page_id=3800#breadcrumb\"},\"inLanguage\":\"ro-RO\",\"potentialAction\":[{\"@type\":\"ReadAction\",\"target\":[\"https:\/\/new.bjc.ro\/?page_id=3800\"]}]},{\"@type\":\"ImageObject\",\"inLanguage\":\"ro-RO\",\"@id\":\"https:\/\/new.bjc.ro\/?page_id=3800#primaryimage\",\"url\":\"https:\/\/new.bjc.ro\/wp-content\/uploads\/2023\/01\/ioana_petrescu.jpg\",\"contentUrl\":\"https:\/\/new.bjc.ro\/wp-content\/uploads\/2023\/01\/ioana_petrescu.jpg\"},{\"@type\":\"BreadcrumbList\",\"@id\":\"https:\/\/new.bjc.ro\/?page_id=3800#breadcrumb\",\"itemListElement\":[{\"@type\":\"ListItem\",\"position\":1,\"name\":\"Home\",\"item\":\"https:\/\/new.bjc.ro\/\"},{\"@type\":\"ListItem\",\"position\":2,\"name\":\"Fondul Ioana \u015fi Liviu Petrescu\"}]},{\"@type\":\"WebSite\",\"@id\":\"https:\/\/new.bjc.ro\/#website\",\"url\":\"https:\/\/new.bjc.ro\/\",\"name\":\"Biblioteca Jude\u021bean\u0103 \u201eOctavian Goga\u201d Cluj\",\"description\":\"\",\"publisher\":{\"@id\":\"https:\/\/new.bjc.ro\/#organization\"},\"alternateName\":\"Biblioteca Jude\u021bean\u0103 Cluj\",\"potentialAction\":[{\"@type\":\"SearchAction\",\"target\":{\"@type\":\"EntryPoint\",\"urlTemplate\":\"https:\/\/new.bjc.ro\/?s={search_term_string}\"},\"query-input\":{\"@type\":\"PropertyValueSpecification\",\"valueRequired\":true,\"valueName\":\"search_term_string\"}}],\"inLanguage\":\"ro-RO\"},{\"@type\":\"Organization\",\"@id\":\"https:\/\/new.bjc.ro\/#organization\",\"name\":\"Biblioteca Jude\u021bean\u0103 \u201eOctavian Goga\u201d Cluj\",\"url\":\"https:\/\/new.bjc.ro\/\",\"logo\":{\"@type\":\"ImageObject\",\"inLanguage\":\"ro-RO\",\"@id\":\"https:\/\/new.bjc.ro\/#\/schema\/logo\/image\/\",\"url\":\"https:\/\/new.bjc.ro\/wp-content\/uploads\/2023\/03\/sigle.jpg\",\"contentUrl\":\"https:\/\/new.bjc.ro\/wp-content\/uploads\/2023\/03\/sigle.jpg\",\"width\":630,\"height\":473,\"caption\":\"Biblioteca Jude\u021bean\u0103 \u201eOctavian Goga\u201d Cluj\"},\"image\":{\"@id\":\"https:\/\/new.bjc.ro\/#\/schema\/logo\/image\/\"},\"sameAs\":[\"https:\/\/www.facebook.com\/bibliotecacluj\/\",\"https:\/\/x.com\/BibliotecaGoga\",\"https:\/\/www.instagram.com\/biblioteca_judeteana_cluj\/\",\"https:\/\/www.youtube.com\/user\/BibliotecaGoga\"]}]}<\/script>\n<!-- \/ Yoast SEO plugin. -->","yoast_head_json":{"title":"Fondul Ioana \u015fi Liviu Petrescu - Biblioteca Jude\u021bean\u0103 \u201eOctavian Goga\u201d Cluj","robots":{"index":"index","follow":"follow","max-snippet":"max-snippet:-1","max-image-preview":"max-image-preview:large","max-video-preview":"max-video-preview:-1"},"canonical":"https:\/\/new.bjc.ro\/?page_id=3800","og_locale":"ro_RO","og_type":"article","og_title":"Fondul Ioana \u015fi Liviu Petrescu - Biblioteca Jude\u021bean\u0103 \u201eOctavian Goga\u201d Cluj","og_description":"Ioana Petrescu (1941-1990) Liviu Petrescu (1941-1999) Fondul de documente cuprinde circa 6000 vol. de carte de literatur\u0103 rom\u00e2n\u0103 \u015fi universal\u0103, manuscrise, coresponden\u0163\u0103, noti\u0163e \u015fi fi\u015fe de lectur\u0103, cursuri universitare, poze \u015fi acte personale. Fondul Ioana Em. \u015fi Liviu Petrescu","og_url":"https:\/\/new.bjc.ro\/?page_id=3800","og_site_name":"Biblioteca Jude\u021bean\u0103 \u201eOctavian Goga\u201d Cluj","article_publisher":"https:\/\/www.facebook.com\/bibliotecacluj\/","article_modified_time":"2023-03-10T08:33:07+00:00","og_image":[{"url":"https:\/\/new.bjc.ro\/wp-content\/uploads\/2023\/01\/ioana_petrescu.jpg","type":"","width":"","height":""}],"twitter_card":"summary_large_image","twitter_site":"@BibliotecaGoga","twitter_misc":{"Timp estimat pentru citire":"1 minut"},"schema":{"@context":"https:\/\/schema.org","@graph":[{"@type":"WebPage","@id":"https:\/\/new.bjc.ro\/?page_id=3800","url":"https:\/\/new.bjc.ro\/?page_id=3800","name":"Fondul Ioana \u015fi Liviu Petrescu - Biblioteca Jude\u021bean\u0103 \u201eOctavian Goga\u201d Cluj","isPartOf":{"@id":"https:\/\/new.bjc.ro\/#website"},"primaryImageOfPage":{"@id":"https:\/\/new.bjc.ro\/?page_id=3800#primaryimage"},"image":{"@id":"https:\/\/new.bjc.ro\/?page_id=3800#primaryimage"},"thumbnailUrl":"https:\/\/new.bjc.ro\/wp-content\/uploads\/2023\/01\/ioana_petrescu.jpg","datePublished":"2023-01-20T09:22:55+00:00","dateModified":"2023-03-10T08:33:07+00:00","breadcrumb":{"@id":"https:\/\/new.bjc.ro\/?page_id=3800#breadcrumb"},"inLanguage":"ro-RO","potentialAction":[{"@type":"ReadAction","target":["https:\/\/new.bjc.ro\/?page_id=3800"]}]},{"@type":"ImageObject","inLanguage":"ro-RO","@id":"https:\/\/new.bjc.ro\/?page_id=3800#primaryimage","url":"https:\/\/new.bjc.ro\/wp-content\/uploads\/2023\/01\/ioana_petrescu.jpg","contentUrl":"https:\/\/new.bjc.ro\/wp-content\/uploads\/2023\/01\/ioana_petrescu.jpg"},{"@type":"BreadcrumbList","@id":"https:\/\/new.bjc.ro\/?page_id=3800#breadcrumb","itemListElement":[{"@type":"ListItem","position":1,"name":"Home","item":"https:\/\/new.bjc.ro\/"},{"@type":"ListItem","position":2,"name":"Fondul Ioana \u015fi Liviu Petrescu"}]},{"@type":"WebSite","@id":"https:\/\/new.bjc.ro\/#website","url":"https:\/\/new.bjc.ro\/","name":"Biblioteca Jude\u021bean\u0103 \u201eOctavian Goga\u201d Cluj","description":"","publisher":{"@id":"https:\/\/new.bjc.ro\/#organization"},"alternateName":"Biblioteca Jude\u021bean\u0103 Cluj","potentialAction":[{"@type":"SearchAction","target":{"@type":"EntryPoint","urlTemplate":"https:\/\/new.bjc.ro\/?s={search_term_string}"},"query-input":{"@type":"PropertyValueSpecification","valueRequired":true,"valueName":"search_term_string"}}],"inLanguage":"ro-RO"},{"@type":"Organization","@id":"https:\/\/new.bjc.ro\/#organization","name":"Biblioteca Jude\u021bean\u0103 \u201eOctavian Goga\u201d Cluj","url":"https:\/\/new.bjc.ro\/","logo":{"@type":"ImageObject","inLanguage":"ro-RO","@id":"https:\/\/new.bjc.ro\/#\/schema\/logo\/image\/","url":"https:\/\/new.bjc.ro\/wp-content\/uploads\/2023\/03\/sigle.jpg","contentUrl":"https:\/\/new.bjc.ro\/wp-content\/uploads\/2023\/03\/sigle.jpg","width":630,"height":473,"caption":"Biblioteca Jude\u021bean\u0103 \u201eOctavian Goga\u201d Cluj"},"image":{"@id":"https:\/\/new.bjc.ro\/#\/schema\/logo\/image\/"},"sameAs":["https:\/\/www.facebook.com\/bibliotecacluj\/","https:\/\/x.com\/BibliotecaGoga","https:\/\/www.instagram.com\/biblioteca_judeteana_cluj\/","https:\/\/www.youtube.com\/user\/BibliotecaGoga"]}]}},"_links":{"self":[{"href":"https:\/\/new.bjc.ro\/index.php?rest_route=\/wp\/v2\/pages\/3800","targetHints":{"allow":["GET"]}}],"collection":[{"href":"https:\/\/new.bjc.ro\/index.php?rest_route=\/wp\/v2\/pages"}],"about":[{"href":"https:\/\/new.bjc.ro\/index.php?rest_route=\/wp\/v2\/types\/page"}],"author":[{"embeddable":true,"href":"https:\/\/new.bjc.ro\/index.php?rest_route=\/wp\/v2\/users\/1"}],"replies":[{"embeddable":true,"href":"https:\/\/new.bjc.ro\/index.php?rest_route=%2Fwp%2Fv2%2Fcomments&post=3800"}],"version-history":[{"count":6,"href":"https:\/\/new.bjc.ro\/index.php?rest_route=\/wp\/v2\/pages\/3800\/revisions"}],"predecessor-version":[{"id":6074,"href":"https:\/\/new.bjc.ro\/index.php?rest_route=\/wp\/v2\/pages\/3800\/revisions\/6074"}],"wp:attachment":[{"href":"https:\/\/new.bjc.ro\/index.php?rest_route=%2Fwp%2Fv2%2Fmedia&parent=3800"}],"curies":[{"name":"wp","href":"https:\/\/api.w.org\/{rel}","templated":true}]}}