{"id":393,"date":"2022-08-10T05:54:07","date_gmt":"2022-08-10T05:54:07","guid":{"rendered":"https:\/\/new.bjc.ro\/?page_id=393"},"modified":"2024-11-14T14:30:29","modified_gmt":"2024-11-14T12:30:29","slug":"sectia-pentru-adolescenti","status":"publish","type":"page","link":"https:\/\/new.bjc.ro\/?page_id=393","title":{"rendered":"Sec\u021bia pentru adolescen\u021bi"},"content":{"rendered":"\n<p><\/p>\n\n\n\n<div class=\"wp-block-media-text alignwide is-stacked-on-mobile\" style=\"grid-template-columns:30% auto\"><figure class=\"wp-block-media-text__media\"><a href=\"https:\/\/new.bjc.ro\/wp-content\/uploads\/2023\/03\/Foto-Adolescenti.jpeg\"><img loading=\"lazy\" decoding=\"async\" width=\"2048\" height=\"1536\" src=\"https:\/\/new.bjc.ro\/wp-content\/uploads\/2023\/03\/Foto-Adolescenti.jpeg\" alt=\"\" class=\"wp-image-5755 size-full\"\/><\/a><\/figure><div class=\"wp-block-media-text__content\">\n<p>Adresa: Calea Doroban\u0163ilor nr. 104<\/p>\n\n\n\n<p><strong>Sediul central, etajul IV centru<\/strong><\/p>\n\n\n\n<p>Telefon: 0264-430323<\/p>\n\n\n\n<p>E-mail: adolescent[at]bjc.ro<\/p>\n\n\n\n<p>Program: luni-vineri&nbsp;12.00-20.00<\/p>\n<\/div><\/div>\n\n\n\n<p><\/p>\n\n\n\n<p><strong>Colec\u0163ii<\/strong>:<\/p>\n\n\n\n<ul class=\"wp-block-list\">\n<li>peste 1.600 volume;<\/li>\n\n\n\n<li>peste 400 documente audiovizuale \u0219i electronice.<\/li>\n<\/ul>\n\n\n\n<p><strong>Sec\u021bia de\u021bine<\/strong>:<\/p>\n\n\n\n<ul class=\"wp-block-list\">\n<li>carte de divertisment: SF, aventur\u0103, poli\u0163iste, dragoste;<\/li>\n\n\n\n<li>carte de dezvoltare personal\u0103, materiale de referin\u0163\u0103;<\/li>\n\n\n\n<li>filme;<\/li>\n\n\n\n<li>jocuri de societate;<\/li>\n\n\n\n<li>tablete;<\/li>\n\n\n\n<li>iPad-uri;<\/li>\n\n\n\n<li>consol\u0103 Playstation;<\/li>\n\n\n\n<li>consol\u0103 Wii;<\/li>\n\n\n\n<li>consol\u0103 XBox;<\/li>\n\n\n\n<li>televizoare 3D Full HD;<\/li>\n\n\n\n<li>set Keyboard Yamaha, DJ Hero pentru consola Wii.<\/li>\n<\/ul>\n\n\n\n<p><strong>Servicii \u0219i facilit\u0103\u021bi oferite<\/strong>:<\/p>\n\n\n\n<ul class=\"wp-block-list\">\n<li>acces liber la raft 100%;<\/li>\n\n\n\n<li>\u00eemprumut la domiciliu;<\/li>\n\n\n\n<li>consultare pe loc;<\/li>\n\n\n\n<li>prelungirea termenului de \u00eemprumut, rezervare \u0219i re\u021binere de titluri prin: catalogul on-line, telefon \u015fi e-mail;<\/li>\n\n\n\n<li>informa\u0163ii de toate tipurile;<\/li>\n\n\n\n<li>acces Internet gratuit nelimitat pe laptop-urile personale prin re\u021beaua wireless;<\/li>\n\n\n\n<li>spa\u0163iu pentru socializare;<\/li>\n\n\n\n<li>activit\u0103\u0163i culturale \u015fi de loisir;<\/li>\n\n\n\n<li>Punct de informare despre voluntariat;<\/li>\n\n\n\n<li>Hub pentru ucraineni.<\/li>\n<\/ul>\n\n\n\n<p><a href=\"https:\/\/new.bjc.ro\/?page_id=637(opens in a new tab)\"><\/a><\/p>\n\n\n\n<p><strong><strong>Activit\u0103\u0163i tradi\u0163ionale:<\/strong>&nbsp;<\/strong><\/p>\n\n\n\n<ul class=\"wp-block-list\">\n<li>Ajutor la teme pentru adolescen\u021bi<\/li>\n\n\n\n<li>Ateliere de imprimare 3D<\/li>\n\n\n\n<li>Bibliovacan\u021ba<\/li>\n\n\n\n<li><a href=\"https:\/\/new.bjc.ro\/?page_id=347\">Programul de voluntariat \u201eImplic\u0103-te \u0219i d\u0103ruie\u0219te. Fii voluntar!\u201d<\/a> <\/li>\n\n\n\n<li><a href=\"https:\/\/new.bjc.ro\/wp-content\/uploads\/2024\/11\/Proiecte-de-educatie-permanenta_Sectia-pentru-adolescenti_2024-2025.pdf\">Proiecte de educa\u021bie permanent\u0103 <\/a><\/li>\n\n\n\n<li>Creative Teens \u2013 ateliere de crea\u021bie manual\u0103<\/li>\n\n\n\n<li>Club de lectur\u0103<\/li>\n<\/ul>\n\n\n\n<p><strong>Serviciile noastre sunt gratuite!<\/strong><\/p>\n\n\n\n<p><strong>V\u0103 a\u015ftept\u0103m!<\/strong><\/p>\n","protected":false},"excerpt":{"rendered":"<p>Adresa: Calea Doroban\u0163ilor nr. 104 Sediul central, etajul IV centru Telefon: 0264-430323 E-mail: adolescent[at]bjc.ro Program: luni-vineri&nbsp;12.00-20.00 Colec\u0163ii: Sec\u021bia de\u021bine: Servicii \u0219i facilit\u0103\u021bi oferite: Activit\u0103\u0163i tradi\u0163ionale:&nbsp; Serviciile noastre sunt gratuite! V\u0103 a\u015ftept\u0103m!<\/p>\n","protected":false},"author":1,"featured_media":0,"parent":0,"menu_order":0,"comment_status":"closed","ping_status":"closed","template":"","meta":{"_monsterinsights_skip_tracking":false,"_monsterinsights_sitenote_active":false,"_monsterinsights_sitenote_note":"","_monsterinsights_sitenote_category":0,"_EventAllDay":false,"_EventTimezone":"","_EventStartDate":"","_EventEndDate":"","_EventStartDateUTC":"","_EventEndDateUTC":"","_EventShowMap":false,"_EventShowMapLink":false,"_EventURL":"","_EventCost":"","_EventCostDescription":"","_EventCurrencySymbol":"","_EventCurrencyCode":"","_EventCurrencyPosition":"","_EventDateTimeSeparator":"","_EventTimeRangeSeparator":"","_EventOrganizerID":[],"_EventVenueID":[],"_OrganizerEmail":"","_OrganizerPhone":"","_OrganizerWebsite":"","_VenueAddress":"","_VenueCity":"","_VenueCountry":"","_VenueProvince":"","_VenueState":"","_VenueZip":"","_VenuePhone":"","_VenueURL":"","_VenueStateProvince":"","_VenueLat":"","_VenueLng":"","_VenueShowMap":false,"_VenueShowMapLink":false,"footnotes":""},"class_list":["post-393","page","type-page","status-publish","hentry"],"yoast_head":"<!-- This site is optimized with the Yoast SEO plugin v24.6 - https:\/\/yoast.com\/wordpress\/plugins\/seo\/ -->\n<title>Sec\u021bia pentru adolescen\u021bi - Biblioteca Jude\u021bean\u0103 \u201eOctavian Goga\u201d Cluj<\/title>\n<meta name=\"description\" content=\"Sec\u021bia pentru adolescen\u021bi, sediul central, date de contact, servicii \u0219i facilit\u0103\u021bi oferite adolescen\u021bilor, activit\u0103\u021bi tradi\u021bionale\" \/>\n<meta name=\"robots\" content=\"index, follow, max-snippet:-1, max-image-preview:large, max-video-preview:-1\" \/>\n<link rel=\"canonical\" href=\"https:\/\/new.bjc.ro\/?page_id=393\" \/>\n<meta property=\"og:locale\" content=\"ro_RO\" \/>\n<meta property=\"og:type\" content=\"article\" \/>\n<meta property=\"og:title\" content=\"Sec\u021bia pentru adolescen\u021bi - Biblioteca Jude\u021bean\u0103 \u201eOctavian Goga\u201d Cluj\" \/>\n<meta property=\"og:description\" content=\"Sec\u021bia pentru adolescen\u021bi, sediul central, date de contact, servicii \u0219i facilit\u0103\u021bi oferite adolescen\u021bilor, activit\u0103\u021bi tradi\u021bionale\" \/>\n<meta property=\"og:url\" content=\"https:\/\/new.bjc.ro\/?page_id=393\" \/>\n<meta property=\"og:site_name\" content=\"Biblioteca Jude\u021bean\u0103 \u201eOctavian Goga\u201d Cluj\" \/>\n<meta property=\"article:publisher\" content=\"https:\/\/www.facebook.com\/bibliotecacluj\/\" \/>\n<meta property=\"article:modified_time\" content=\"2024-11-14T12:30:29+00:00\" \/>\n<meta property=\"og:image\" content=\"https:\/\/new.bjc.ro\/wp-content\/uploads\/2023\/03\/Foto-Adolescenti.jpeg\" \/>\n<meta name=\"twitter:card\" content=\"summary_large_image\" \/>\n<meta name=\"twitter:site\" content=\"@BibliotecaGoga\" \/>\n<meta name=\"twitter:label1\" content=\"Timp estimat pentru citire\" \/>\n\t<meta name=\"twitter:data1\" content=\"2 minute\" \/>\n<script type=\"application\/ld+json\" class=\"yoast-schema-graph\">{\"@context\":\"https:\/\/schema.org\",\"@graph\":[{\"@type\":\"WebPage\",\"@id\":\"https:\/\/new.bjc.ro\/?page_id=393\",\"url\":\"https:\/\/new.bjc.ro\/?page_id=393\",\"name\":\"Sec\u021bia pentru adolescen\u021bi - Biblioteca Jude\u021bean\u0103 \u201eOctavian Goga\u201d Cluj\",\"isPartOf\":{\"@id\":\"https:\/\/new.bjc.ro\/#website\"},\"primaryImageOfPage\":{\"@id\":\"https:\/\/new.bjc.ro\/?page_id=393#primaryimage\"},\"image\":{\"@id\":\"https:\/\/new.bjc.ro\/?page_id=393#primaryimage\"},\"thumbnailUrl\":\"https:\/\/new.bjc.ro\/wp-content\/uploads\/2023\/03\/Foto-Adolescenti.jpeg\",\"datePublished\":\"2022-08-10T05:54:07+00:00\",\"dateModified\":\"2024-11-14T12:30:29+00:00\",\"description\":\"Sec\u021bia pentru adolescen\u021bi, sediul central, date de contact, servicii \u0219i facilit\u0103\u021bi oferite adolescen\u021bilor, activit\u0103\u021bi tradi\u021bionale\",\"breadcrumb\":{\"@id\":\"https:\/\/new.bjc.ro\/?page_id=393#breadcrumb\"},\"inLanguage\":\"ro-RO\",\"potentialAction\":[{\"@type\":\"ReadAction\",\"target\":[\"https:\/\/new.bjc.ro\/?page_id=393\"]}]},{\"@type\":\"ImageObject\",\"inLanguage\":\"ro-RO\",\"@id\":\"https:\/\/new.bjc.ro\/?page_id=393#primaryimage\",\"url\":\"https:\/\/new.bjc.ro\/wp-content\/uploads\/2023\/03\/Foto-Adolescenti.jpeg\",\"contentUrl\":\"https:\/\/new.bjc.ro\/wp-content\/uploads\/2023\/03\/Foto-Adolescenti.jpeg\"},{\"@type\":\"BreadcrumbList\",\"@id\":\"https:\/\/new.bjc.ro\/?page_id=393#breadcrumb\",\"itemListElement\":[{\"@type\":\"ListItem\",\"position\":1,\"name\":\"Home\",\"item\":\"https:\/\/new.bjc.ro\/\"},{\"@type\":\"ListItem\",\"position\":2,\"name\":\"Sec\u021bia pentru adolescen\u021bi\"}]},{\"@type\":\"WebSite\",\"@id\":\"https:\/\/new.bjc.ro\/#website\",\"url\":\"https:\/\/new.bjc.ro\/\",\"name\":\"Biblioteca Jude\u021bean\u0103 \u201eOctavian Goga\u201d Cluj\",\"description\":\"\",\"publisher\":{\"@id\":\"https:\/\/new.bjc.ro\/#organization\"},\"alternateName\":\"Biblioteca Jude\u021bean\u0103 Cluj\",\"potentialAction\":[{\"@type\":\"SearchAction\",\"target\":{\"@type\":\"EntryPoint\",\"urlTemplate\":\"https:\/\/new.bjc.ro\/?s={search_term_string}\"},\"query-input\":{\"@type\":\"PropertyValueSpecification\",\"valueRequired\":true,\"valueName\":\"search_term_string\"}}],\"inLanguage\":\"ro-RO\"},{\"@type\":\"Organization\",\"@id\":\"https:\/\/new.bjc.ro\/#organization\",\"name\":\"Biblioteca Jude\u021bean\u0103 \u201eOctavian Goga\u201d Cluj\",\"url\":\"https:\/\/new.bjc.ro\/\",\"logo\":{\"@type\":\"ImageObject\",\"inLanguage\":\"ro-RO\",\"@id\":\"https:\/\/new.bjc.ro\/#\/schema\/logo\/image\/\",\"url\":\"https:\/\/new.bjc.ro\/wp-content\/uploads\/2023\/03\/sigle.jpg\",\"contentUrl\":\"https:\/\/new.bjc.ro\/wp-content\/uploads\/2023\/03\/sigle.jpg\",\"width\":630,\"height\":473,\"caption\":\"Biblioteca Jude\u021bean\u0103 \u201eOctavian Goga\u201d Cluj\"},\"image\":{\"@id\":\"https:\/\/new.bjc.ro\/#\/schema\/logo\/image\/\"},\"sameAs\":[\"https:\/\/www.facebook.com\/bibliotecacluj\/\",\"https:\/\/x.com\/BibliotecaGoga\",\"https:\/\/www.instagram.com\/biblioteca_judeteana_cluj\/\",\"https:\/\/www.youtube.com\/user\/BibliotecaGoga\"]}]}<\/script>\n<!-- \/ Yoast SEO plugin. -->","yoast_head_json":{"title":"Sec\u021bia pentru adolescen\u021bi - Biblioteca Jude\u021bean\u0103 \u201eOctavian Goga\u201d Cluj","description":"Sec\u021bia pentru adolescen\u021bi, sediul central, date de contact, servicii \u0219i facilit\u0103\u021bi oferite adolescen\u021bilor, activit\u0103\u021bi tradi\u021bionale","robots":{"index":"index","follow":"follow","max-snippet":"max-snippet:-1","max-image-preview":"max-image-preview:large","max-video-preview":"max-video-preview:-1"},"canonical":"https:\/\/new.bjc.ro\/?page_id=393","og_locale":"ro_RO","og_type":"article","og_title":"Sec\u021bia pentru adolescen\u021bi - Biblioteca Jude\u021bean\u0103 \u201eOctavian Goga\u201d Cluj","og_description":"Sec\u021bia pentru adolescen\u021bi, sediul central, date de contact, servicii \u0219i facilit\u0103\u021bi oferite adolescen\u021bilor, activit\u0103\u021bi tradi\u021bionale","og_url":"https:\/\/new.bjc.ro\/?page_id=393","og_site_name":"Biblioteca Jude\u021bean\u0103 \u201eOctavian Goga\u201d Cluj","article_publisher":"https:\/\/www.facebook.com\/bibliotecacluj\/","article_modified_time":"2024-11-14T12:30:29+00:00","og_image":[{"url":"https:\/\/new.bjc.ro\/wp-content\/uploads\/2023\/03\/Foto-Adolescenti.jpeg","type":"","width":"","height":""}],"twitter_card":"summary_large_image","twitter_site":"@BibliotecaGoga","twitter_misc":{"Timp estimat pentru citire":"2 minute"},"schema":{"@context":"https:\/\/schema.org","@graph":[{"@type":"WebPage","@id":"https:\/\/new.bjc.ro\/?page_id=393","url":"https:\/\/new.bjc.ro\/?page_id=393","name":"Sec\u021bia pentru adolescen\u021bi - Biblioteca Jude\u021bean\u0103 \u201eOctavian Goga\u201d Cluj","isPartOf":{"@id":"https:\/\/new.bjc.ro\/#website"},"primaryImageOfPage":{"@id":"https:\/\/new.bjc.ro\/?page_id=393#primaryimage"},"image":{"@id":"https:\/\/new.bjc.ro\/?page_id=393#primaryimage"},"thumbnailUrl":"https:\/\/new.bjc.ro\/wp-content\/uploads\/2023\/03\/Foto-Adolescenti.jpeg","datePublished":"2022-08-10T05:54:07+00:00","dateModified":"2024-11-14T12:30:29+00:00","description":"Sec\u021bia pentru adolescen\u021bi, sediul central, date de contact, servicii \u0219i facilit\u0103\u021bi oferite adolescen\u021bilor, activit\u0103\u021bi tradi\u021bionale","breadcrumb":{"@id":"https:\/\/new.bjc.ro\/?page_id=393#breadcrumb"},"inLanguage":"ro-RO","potentialAction":[{"@type":"ReadAction","target":["https:\/\/new.bjc.ro\/?page_id=393"]}]},{"@type":"ImageObject","inLanguage":"ro-RO","@id":"https:\/\/new.bjc.ro\/?page_id=393#primaryimage","url":"https:\/\/new.bjc.ro\/wp-content\/uploads\/2023\/03\/Foto-Adolescenti.jpeg","contentUrl":"https:\/\/new.bjc.ro\/wp-content\/uploads\/2023\/03\/Foto-Adolescenti.jpeg"},{"@type":"BreadcrumbList","@id":"https:\/\/new.bjc.ro\/?page_id=393#breadcrumb","itemListElement":[{"@type":"ListItem","position":1,"name":"Home","item":"https:\/\/new.bjc.ro\/"},{"@type":"ListItem","position":2,"name":"Sec\u021bia pentru adolescen\u021bi"}]},{"@type":"WebSite","@id":"https:\/\/new.bjc.ro\/#website","url":"https:\/\/new.bjc.ro\/","name":"Biblioteca Jude\u021bean\u0103 \u201eOctavian Goga\u201d Cluj","description":"","publisher":{"@id":"https:\/\/new.bjc.ro\/#organization"},"alternateName":"Biblioteca Jude\u021bean\u0103 Cluj","potentialAction":[{"@type":"SearchAction","target":{"@type":"EntryPoint","urlTemplate":"https:\/\/new.bjc.ro\/?s={search_term_string}"},"query-input":{"@type":"PropertyValueSpecification","valueRequired":true,"valueName":"search_term_string"}}],"inLanguage":"ro-RO"},{"@type":"Organization","@id":"https:\/\/new.bjc.ro\/#organization","name":"Biblioteca Jude\u021bean\u0103 \u201eOctavian Goga\u201d Cluj","url":"https:\/\/new.bjc.ro\/","logo":{"@type":"ImageObject","inLanguage":"ro-RO","@id":"https:\/\/new.bjc.ro\/#\/schema\/logo\/image\/","url":"https:\/\/new.bjc.ro\/wp-content\/uploads\/2023\/03\/sigle.jpg","contentUrl":"https:\/\/new.bjc.ro\/wp-content\/uploads\/2023\/03\/sigle.jpg","width":630,"height":473,"caption":"Biblioteca Jude\u021bean\u0103 \u201eOctavian Goga\u201d Cluj"},"image":{"@id":"https:\/\/new.bjc.ro\/#\/schema\/logo\/image\/"},"sameAs":["https:\/\/www.facebook.com\/bibliotecacluj\/","https:\/\/x.com\/BibliotecaGoga","https:\/\/www.instagram.com\/biblioteca_judeteana_cluj\/","https:\/\/www.youtube.com\/user\/BibliotecaGoga"]}]}},"_links":{"self":[{"href":"https:\/\/new.bjc.ro\/index.php?rest_route=\/wp\/v2\/pages\/393","targetHints":{"allow":["GET"]}}],"collection":[{"href":"https:\/\/new.bjc.ro\/index.php?rest_route=\/wp\/v2\/pages"}],"about":[{"href":"https:\/\/new.bjc.ro\/index.php?rest_route=\/wp\/v2\/types\/page"}],"author":[{"embeddable":true,"href":"https:\/\/new.bjc.ro\/index.php?rest_route=\/wp\/v2\/users\/1"}],"replies":[{"embeddable":true,"href":"https:\/\/new.bjc.ro\/index.php?rest_route=%2Fwp%2Fv2%2Fcomments&post=393"}],"version-history":[{"count":45,"href":"https:\/\/new.bjc.ro\/index.php?rest_route=\/wp\/v2\/pages\/393\/revisions"}],"predecessor-version":[{"id":9777,"href":"https:\/\/new.bjc.ro\/index.php?rest_route=\/wp\/v2\/pages\/393\/revisions\/9777"}],"wp:attachment":[{"href":"https:\/\/new.bjc.ro\/index.php?rest_route=%2Fwp%2Fv2%2Fmedia&parent=393"}],"curies":[{"name":"wp","href":"https:\/\/api.w.org\/{rel}","templated":true}]}}