{"id":396,"date":"2022-08-10T05:54:07","date_gmt":"2022-08-10T05:54:07","guid":{"rendered":"https:\/\/new.bjc.ro\/?page_id=396"},"modified":"2026-02-02T09:03:18","modified_gmt":"2026-02-02T07:03:18","slug":"filiala-traian-brad","status":"publish","type":"page","link":"https:\/\/new.bjc.ro\/?page_id=396","title":{"rendered":"Filiala \u201eTraian Brad\u201d"},"content":{"rendered":"\r\n<div class=\"wp-block-media-text alignwide is-stacked-on-mobile\" style=\"grid-template-columns: 30% auto;\">\r\n<figure class=\"wp-block-media-text__media\"><a href=\"https:\/\/new.bjc.ro\/wp-content\/uploads\/2022\/11\/MN-300.jpg\"><img loading=\"lazy\" decoding=\"async\" width=\"300\" height=\"300\" class=\"wp-image-2355 size-full\" src=\"https:\/\/new.bjc.ro\/wp-content\/uploads\/2022\/11\/MN-300.jpg\" alt=\"\" \/><\/a><\/figure>\r\n<div class=\"wp-block-media-text__content\">\r\n<p>Adresa: Str. Izlazului nr. 18<\/p>\r\n\r\n\r\n\r\n<p>Telefon: 0264-565784<\/p>\r\n\r\n\r\n\r\n<p>e-mail: manastur[at]bjc.ro<\/p>\r\n\r\n\r\n\r\n<p><a href=\"https:\/\/www.facebook.com\/BibliotecaManastur\">Pagina de Facebook<\/a><\/p>\r\n\r\n\r\n\r\n<p><strong>Program: <\/strong>luni-vineri 8.00-20.00\u00a0<\/p>\r\n<\/div>\r\n<\/div>\r\n\r\n\r\n\r\n<p>&nbsp;<\/p>\r\n\r\n\r\n\r\n<p>Filiala a fost \u00eenfiin\u021bat\u0103 \u00een 1978, \u00een cartierul M\u0103n\u0103\u0219tur.<\/p>\r\n\r\n\r\n\r\n<p>Din luna iulie 2002 filiala poart\u0103 numele fostului director al bibliotecii\u00a0<strong>Traian Brad,<\/strong> cel care a luptat pentru ca Biblioteca Jude\u021bean\u0103 \u201eOctavian Goga\u201d Cluj s\u0103 aib\u0103 un sediu propriu.<\/p>\r\n\r\n\r\n\r\n<p>Filiala pune la dispozi\u021bia publicului spa\u021bii noi, extinse \u0219i modernizate, un num\u0103r suplimentar de locuri destinate lecturii \u0219i studiului \u00een bibliotec\u0103.<\/p>\r\n<p>Num\u0103rul documentelor filialei, la data de 1 ianuarie 2026, este de 53.490\u00a0de documente (50.258 \u2013 carte, 54 \u2013 publica\u021bii seriale \u0219i 3.178 materiale audiovizuale\/electronice), organizate la raftul liber.<\/p>\r\n<p>Filiala are urm\u0103toarea structur\u0103:<\/p>\r\n<ul>\r\n<li>Sec\u021bia pentru copii;<\/li>\r\n<li>Sal\u0103 multifunc\u021bional\u0103;<\/li>\r\n<li>Sec\u021bia de \u00eemprumut pentru adul\u021bi;<\/li>\r\n<\/ul>\r\n<p>Sec\u021bia pentru copii este dotat\u0103 cu mobilier nou, cu titluri noi \u0219i cu o varietate de jocuri \u0219i juc\u0103rii pentru cei mici.<\/p>\r\n<p>Adolescen\u021bii \u0219i adul\u021bii beneficiaz\u0103 de o Sal\u0103 multifunc\u021bional\u0103, dotat\u0103 cu 7 calculatoare, TV smart, playstation \u0219i romane pentru tineri, locuri de lectur\u0103 pe loc, un spa\u021biu prietenos care poate fi folosit \u0219i pentru evenimente culturale, discu\u021bii \u00een grup, programe de \u00eenv\u0103\u021bare, cursuri de calculatoare \u0219i alte tipuri de servicii.<\/p>\r\n<p>Servicii \u0219i facilit\u0103\u021bi oferite:<\/p>\r\n<ul>\r\n<li>eliberarea <em>Permisului de intrare la bibliotec\u0103<\/em>;<\/li>\r\n<li>\u00eemprumut la domiciliu;<\/li>\r\n<li>consultare pe loc de documente, carte \u0219i pres\u0103;<\/li>\r\n<li>acces la legisla\u0163ia Rom\u00e2niei prin programul LexExpert;<\/li>\r\n<li>auto-\u00eemprumut \u0219i auto-restituire a documentelor;<\/li>\r\n<li>igienizarea documentelor restituite;<\/li>\r\n<li>informa\u0163ii de toate tipurile;<\/li>\r\n<li>prelungirea termenului de \u00eemprumut, rezervare \u0219i re\u021binere de titluri prin: catalogul online, telefon, e-mail \u0219i <a href=\"https:\/\/new.bjc.ro\/?page_id=9171\">Qulto eCard<\/a>;<\/li>\r\n<li>activit\u0103\u0163i culturale \u015fi de loisir;<\/li>\r\n<li>acces liber la raft 100%;<\/li>\r\n<li>posiblitate de copiere, scanare, imprimare alb-negru, conform <a href=\"https:\/\/new.bjc.ro\/wp-content\/uploads\/2026\/01\/Regulamentul-serviciilor-pentru-public-2026-3.pdf\">Regulamentului serviciilor pentru public<\/a>;<\/li>\r\n<li>acces la Internet wireless.<\/li>\r\n<\/ul>\r\n<p>Activit\u0103\u021bi tradi\u021bionale:<\/p>\r\n<ul>\r\n<li>Zilele Bibliotecilor de Cartier;<\/li>\r\n<li>Concursul de crea\u021bie literar\u0103 \u201eMicii creatori\u201c, organizat anual cu ocazia Zilei Interna\u021bionale a C\u0103r\u021bii pentru Copii;<\/li>\r\n<li>Ziua Mondial\u0103 a Jocului;<\/li>\r\n<li><a href=\"https:\/\/copiibjc.bjc.ro\/?page_id=5518\">Concursul de desene \u201eEroii c\u0103r\u0163ilor citite\u201d<\/a>;<\/li>\r\n<li><a href=\"https:\/\/copiibjc.bjc.ro\/?page_id=5515\">Concursul Na\u021bional de Lectur\u0103 \u201eB\u0103t\u0103lia C\u0103r\u021bilor\u201d<\/a>;<\/li>\r\n<li><a href=\"https:\/\/copiibjc.bjc.ro\/?page_id=5863\">Cu bebe la bibliotec\u0103<\/a>;<\/li>\r\n<li><a href=\"https:\/\/copiibjc.bjc.ro\/?page_id=5740\">Ora pove\u0219tilor<\/a>;<\/li>\r\n<li><a href=\"https:\/\/copiibjc.bjc.ro\/?page_id=11316\">Citesc o carte \u00eempreun\u0103 cu copilul meu<\/a>;<\/li>\r\n<li><a href=\"https:\/\/copiibjc.bjc.ro\/?page_id=15927\">Lego Club pentru \u00eentreaga familie<\/a>;<\/li>\r\n<li>Clubul lecturii de vacan\u021b\u0103;<\/li>\r\n<li>Programe de vacan\u021b\u0103<\/li>\r\n<\/ul>\r\n\r\n\r\n\r\n<ul><\/ul>\r\n<!-- \/wp:list -->","protected":false},"excerpt":{"rendered":"<p>Adresa: Str. Izlazului nr. 18 Telefon: 0264-565784 e-mail: manastur[at]bjc.ro Pagina de Facebook Program: luni-vineri 8.00-20.00\u00a0 &nbsp; Filiala a fost \u00eenfiin\u021bat\u0103 \u00een 1978, \u00een cartierul M\u0103n\u0103\u0219tur. Din luna iulie 2002 filiala poart\u0103 numele fostului director al bibliotecii\u00a0Traian Brad, cel care a luptat pentru ca Biblioteca Jude\u021bean\u0103 \u201eOctavian Goga\u201d Cluj s\u0103 aib\u0103&hellip; <br \/> <a class=\"read-more\" href=\"https:\/\/new.bjc.ro\/?page_id=396\">Cite\u0219te mai mult<\/a><\/p>\n","protected":false},"author":1,"featured_media":0,"parent":0,"menu_order":0,"comment_status":"closed","ping_status":"closed","template":"","meta":{"_monsterinsights_skip_tracking":false,"_monsterinsights_sitenote_active":false,"_monsterinsights_sitenote_note":"","_monsterinsights_sitenote_category":0,"_EventAllDay":false,"_EventTimezone":"","_EventStartDate":"","_EventEndDate":"","_EventStartDateUTC":"","_EventEndDateUTC":"","_EventShowMap":false,"_EventShowMapLink":false,"_EventURL":"","_EventCost":"","_EventCostDescription":"","_EventCurrencySymbol":"","_EventCurrencyCode":"","_EventCurrencyPosition":"","_EventDateTimeSeparator":"","_EventTimeRangeSeparator":"","_EventOrganizerID":[],"_EventVenueID":[],"_OrganizerEmail":"","_OrganizerPhone":"","_OrganizerWebsite":"","_VenueAddress":"","_VenueCity":"","_VenueCountry":"","_VenueProvince":"","_VenueState":"","_VenueZip":"","_VenuePhone":"","_VenueURL":"","_VenueStateProvince":"","_VenueLat":"","_VenueLng":"","_VenueShowMap":false,"_VenueShowMapLink":false,"footnotes":""},"class_list":["post-396","page","type-page","status-publish","hentry"],"yoast_head":"<!-- This site is optimized with the Yoast SEO plugin v24.6 - https:\/\/yoast.com\/wordpress\/plugins\/seo\/ -->\n<title>Filiala \u201eTraian Brad\u201d - Biblioteca Jude\u021bean\u0103 \u201eOctavian Goga\u201d Cluj<\/title>\n<meta name=\"description\" content=\"Filiala &quot;Traian Brad&quot;, date de contact, program cu publicul, servicii \u0219i facilit\u0103\u021bi oferite, activit\u0103\u021bi tradi\u021bionale\" \/>\n<meta name=\"robots\" content=\"index, follow, max-snippet:-1, max-image-preview:large, max-video-preview:-1\" \/>\n<link rel=\"canonical\" href=\"https:\/\/new.bjc.ro\/?page_id=396\" \/>\n<meta property=\"og:locale\" content=\"ro_RO\" \/>\n<meta property=\"og:type\" content=\"article\" \/>\n<meta property=\"og:title\" content=\"Filiala \u201eTraian Brad\u201d - Biblioteca Jude\u021bean\u0103 \u201eOctavian Goga\u201d Cluj\" \/>\n<meta property=\"og:description\" content=\"Filiala &quot;Traian Brad&quot;, date de contact, program cu publicul, servicii \u0219i facilit\u0103\u021bi oferite, activit\u0103\u021bi tradi\u021bionale\" \/>\n<meta property=\"og:url\" content=\"https:\/\/new.bjc.ro\/?page_id=396\" \/>\n<meta property=\"og:site_name\" content=\"Biblioteca Jude\u021bean\u0103 \u201eOctavian Goga\u201d Cluj\" \/>\n<meta property=\"article:publisher\" content=\"https:\/\/www.facebook.com\/bibliotecacluj\/\" \/>\n<meta property=\"article:modified_time\" content=\"2026-02-02T07:03:18+00:00\" \/>\n<meta property=\"og:image\" content=\"https:\/\/new.bjc.ro\/wp-content\/uploads\/2022\/11\/MN-300.jpg\" \/>\n\t<meta property=\"og:image:width\" content=\"300\" \/>\n\t<meta property=\"og:image:height\" content=\"300\" \/>\n\t<meta property=\"og:image:type\" content=\"image\/jpeg\" \/>\n<meta name=\"twitter:card\" content=\"summary_large_image\" \/>\n<meta name=\"twitter:site\" content=\"@BibliotecaGoga\" \/>\n<meta name=\"twitter:label1\" content=\"Timp estimat pentru citire\" \/>\n\t<meta name=\"twitter:data1\" content=\"3 minute\" \/>\n<script type=\"application\/ld+json\" class=\"yoast-schema-graph\">{\"@context\":\"https:\/\/schema.org\",\"@graph\":[{\"@type\":\"WebPage\",\"@id\":\"https:\/\/new.bjc.ro\/?page_id=396\",\"url\":\"https:\/\/new.bjc.ro\/?page_id=396\",\"name\":\"Filiala \u201eTraian Brad\u201d - Biblioteca Jude\u021bean\u0103 \u201eOctavian Goga\u201d Cluj\",\"isPartOf\":{\"@id\":\"https:\/\/new.bjc.ro\/#website\"},\"primaryImageOfPage\":{\"@id\":\"https:\/\/new.bjc.ro\/?page_id=396#primaryimage\"},\"image\":{\"@id\":\"https:\/\/new.bjc.ro\/?page_id=396#primaryimage\"},\"thumbnailUrl\":\"https:\/\/new.bjc.ro\/wp-content\/uploads\/2022\/11\/MN-300.jpg\",\"datePublished\":\"2022-08-10T05:54:07+00:00\",\"dateModified\":\"2026-02-02T07:03:18+00:00\",\"description\":\"Filiala \\\"Traian Brad\\\", date de contact, program cu publicul, servicii \u0219i facilit\u0103\u021bi oferite, activit\u0103\u021bi tradi\u021bionale\",\"breadcrumb\":{\"@id\":\"https:\/\/new.bjc.ro\/?page_id=396#breadcrumb\"},\"inLanguage\":\"ro-RO\",\"potentialAction\":[{\"@type\":\"ReadAction\",\"target\":[\"https:\/\/new.bjc.ro\/?page_id=396\"]}]},{\"@type\":\"ImageObject\",\"inLanguage\":\"ro-RO\",\"@id\":\"https:\/\/new.bjc.ro\/?page_id=396#primaryimage\",\"url\":\"https:\/\/new.bjc.ro\/wp-content\/uploads\/2022\/11\/MN-300.jpg\",\"contentUrl\":\"https:\/\/new.bjc.ro\/wp-content\/uploads\/2022\/11\/MN-300.jpg\"},{\"@type\":\"BreadcrumbList\",\"@id\":\"https:\/\/new.bjc.ro\/?page_id=396#breadcrumb\",\"itemListElement\":[{\"@type\":\"ListItem\",\"position\":1,\"name\":\"Home\",\"item\":\"https:\/\/new.bjc.ro\/\"},{\"@type\":\"ListItem\",\"position\":2,\"name\":\"Filiala \u201eTraian Brad\u201d\"}]},{\"@type\":\"WebSite\",\"@id\":\"https:\/\/new.bjc.ro\/#website\",\"url\":\"https:\/\/new.bjc.ro\/\",\"name\":\"Biblioteca Jude\u021bean\u0103 \u201eOctavian Goga\u201d Cluj\",\"description\":\"\",\"publisher\":{\"@id\":\"https:\/\/new.bjc.ro\/#organization\"},\"alternateName\":\"Biblioteca Jude\u021bean\u0103 Cluj\",\"potentialAction\":[{\"@type\":\"SearchAction\",\"target\":{\"@type\":\"EntryPoint\",\"urlTemplate\":\"https:\/\/new.bjc.ro\/?s={search_term_string}\"},\"query-input\":{\"@type\":\"PropertyValueSpecification\",\"valueRequired\":true,\"valueName\":\"search_term_string\"}}],\"inLanguage\":\"ro-RO\"},{\"@type\":\"Organization\",\"@id\":\"https:\/\/new.bjc.ro\/#organization\",\"name\":\"Biblioteca Jude\u021bean\u0103 \u201eOctavian Goga\u201d Cluj\",\"url\":\"https:\/\/new.bjc.ro\/\",\"logo\":{\"@type\":\"ImageObject\",\"inLanguage\":\"ro-RO\",\"@id\":\"https:\/\/new.bjc.ro\/#\/schema\/logo\/image\/\",\"url\":\"https:\/\/new.bjc.ro\/wp-content\/uploads\/2023\/03\/sigle.jpg\",\"contentUrl\":\"https:\/\/new.bjc.ro\/wp-content\/uploads\/2023\/03\/sigle.jpg\",\"width\":630,\"height\":473,\"caption\":\"Biblioteca Jude\u021bean\u0103 \u201eOctavian Goga\u201d Cluj\"},\"image\":{\"@id\":\"https:\/\/new.bjc.ro\/#\/schema\/logo\/image\/\"},\"sameAs\":[\"https:\/\/www.facebook.com\/bibliotecacluj\/\",\"https:\/\/x.com\/BibliotecaGoga\",\"https:\/\/www.instagram.com\/biblioteca_judeteana_cluj\/\",\"https:\/\/www.youtube.com\/user\/BibliotecaGoga\"]}]}<\/script>\n<!-- \/ Yoast SEO plugin. -->","yoast_head_json":{"title":"Filiala \u201eTraian Brad\u201d - Biblioteca Jude\u021bean\u0103 \u201eOctavian Goga\u201d Cluj","description":"Filiala \"Traian Brad\", date de contact, program cu publicul, servicii \u0219i facilit\u0103\u021bi oferite, activit\u0103\u021bi tradi\u021bionale","robots":{"index":"index","follow":"follow","max-snippet":"max-snippet:-1","max-image-preview":"max-image-preview:large","max-video-preview":"max-video-preview:-1"},"canonical":"https:\/\/new.bjc.ro\/?page_id=396","og_locale":"ro_RO","og_type":"article","og_title":"Filiala \u201eTraian Brad\u201d - Biblioteca Jude\u021bean\u0103 \u201eOctavian Goga\u201d Cluj","og_description":"Filiala \"Traian Brad\", date de contact, program cu publicul, servicii \u0219i facilit\u0103\u021bi oferite, activit\u0103\u021bi tradi\u021bionale","og_url":"https:\/\/new.bjc.ro\/?page_id=396","og_site_name":"Biblioteca Jude\u021bean\u0103 \u201eOctavian Goga\u201d Cluj","article_publisher":"https:\/\/www.facebook.com\/bibliotecacluj\/","article_modified_time":"2026-02-02T07:03:18+00:00","og_image":[{"width":300,"height":300,"url":"https:\/\/new.bjc.ro\/wp-content\/uploads\/2022\/11\/MN-300.jpg","type":"image\/jpeg"}],"twitter_card":"summary_large_image","twitter_site":"@BibliotecaGoga","twitter_misc":{"Timp estimat pentru citire":"3 minute"},"schema":{"@context":"https:\/\/schema.org","@graph":[{"@type":"WebPage","@id":"https:\/\/new.bjc.ro\/?page_id=396","url":"https:\/\/new.bjc.ro\/?page_id=396","name":"Filiala \u201eTraian Brad\u201d - Biblioteca Jude\u021bean\u0103 \u201eOctavian Goga\u201d Cluj","isPartOf":{"@id":"https:\/\/new.bjc.ro\/#website"},"primaryImageOfPage":{"@id":"https:\/\/new.bjc.ro\/?page_id=396#primaryimage"},"image":{"@id":"https:\/\/new.bjc.ro\/?page_id=396#primaryimage"},"thumbnailUrl":"https:\/\/new.bjc.ro\/wp-content\/uploads\/2022\/11\/MN-300.jpg","datePublished":"2022-08-10T05:54:07+00:00","dateModified":"2026-02-02T07:03:18+00:00","description":"Filiala \"Traian Brad\", date de contact, program cu publicul, servicii \u0219i facilit\u0103\u021bi oferite, activit\u0103\u021bi tradi\u021bionale","breadcrumb":{"@id":"https:\/\/new.bjc.ro\/?page_id=396#breadcrumb"},"inLanguage":"ro-RO","potentialAction":[{"@type":"ReadAction","target":["https:\/\/new.bjc.ro\/?page_id=396"]}]},{"@type":"ImageObject","inLanguage":"ro-RO","@id":"https:\/\/new.bjc.ro\/?page_id=396#primaryimage","url":"https:\/\/new.bjc.ro\/wp-content\/uploads\/2022\/11\/MN-300.jpg","contentUrl":"https:\/\/new.bjc.ro\/wp-content\/uploads\/2022\/11\/MN-300.jpg"},{"@type":"BreadcrumbList","@id":"https:\/\/new.bjc.ro\/?page_id=396#breadcrumb","itemListElement":[{"@type":"ListItem","position":1,"name":"Home","item":"https:\/\/new.bjc.ro\/"},{"@type":"ListItem","position":2,"name":"Filiala \u201eTraian Brad\u201d"}]},{"@type":"WebSite","@id":"https:\/\/new.bjc.ro\/#website","url":"https:\/\/new.bjc.ro\/","name":"Biblioteca Jude\u021bean\u0103 \u201eOctavian Goga\u201d Cluj","description":"","publisher":{"@id":"https:\/\/new.bjc.ro\/#organization"},"alternateName":"Biblioteca Jude\u021bean\u0103 Cluj","potentialAction":[{"@type":"SearchAction","target":{"@type":"EntryPoint","urlTemplate":"https:\/\/new.bjc.ro\/?s={search_term_string}"},"query-input":{"@type":"PropertyValueSpecification","valueRequired":true,"valueName":"search_term_string"}}],"inLanguage":"ro-RO"},{"@type":"Organization","@id":"https:\/\/new.bjc.ro\/#organization","name":"Biblioteca Jude\u021bean\u0103 \u201eOctavian Goga\u201d Cluj","url":"https:\/\/new.bjc.ro\/","logo":{"@type":"ImageObject","inLanguage":"ro-RO","@id":"https:\/\/new.bjc.ro\/#\/schema\/logo\/image\/","url":"https:\/\/new.bjc.ro\/wp-content\/uploads\/2023\/03\/sigle.jpg","contentUrl":"https:\/\/new.bjc.ro\/wp-content\/uploads\/2023\/03\/sigle.jpg","width":630,"height":473,"caption":"Biblioteca Jude\u021bean\u0103 \u201eOctavian Goga\u201d Cluj"},"image":{"@id":"https:\/\/new.bjc.ro\/#\/schema\/logo\/image\/"},"sameAs":["https:\/\/www.facebook.com\/bibliotecacluj\/","https:\/\/x.com\/BibliotecaGoga","https:\/\/www.instagram.com\/biblioteca_judeteana_cluj\/","https:\/\/www.youtube.com\/user\/BibliotecaGoga"]}]}},"_links":{"self":[{"href":"https:\/\/new.bjc.ro\/index.php?rest_route=\/wp\/v2\/pages\/396","targetHints":{"allow":["GET"]}}],"collection":[{"href":"https:\/\/new.bjc.ro\/index.php?rest_route=\/wp\/v2\/pages"}],"about":[{"href":"https:\/\/new.bjc.ro\/index.php?rest_route=\/wp\/v2\/types\/page"}],"author":[{"embeddable":true,"href":"https:\/\/new.bjc.ro\/index.php?rest_route=\/wp\/v2\/users\/1"}],"replies":[{"embeddable":true,"href":"https:\/\/new.bjc.ro\/index.php?rest_route=%2Fwp%2Fv2%2Fcomments&post=396"}],"version-history":[{"count":34,"href":"https:\/\/new.bjc.ro\/index.php?rest_route=\/wp\/v2\/pages\/396\/revisions"}],"predecessor-version":[{"id":11750,"href":"https:\/\/new.bjc.ro\/index.php?rest_route=\/wp\/v2\/pages\/396\/revisions\/11750"}],"wp:attachment":[{"href":"https:\/\/new.bjc.ro\/index.php?rest_route=%2Fwp%2Fv2%2Fmedia&parent=396"}],"curies":[{"name":"wp","href":"https:\/\/api.w.org\/{rel}","templated":true}]}}