{"id":4275,"date":"2023-02-08T12:41:59","date_gmt":"2023-02-08T10:41:59","guid":{"rendered":"https:\/\/new.bjc.ro\/?page_id=4275"},"modified":"2026-04-30T08:23:06","modified_gmt":"2026-04-30T05:23:06","slug":"biblioteca-in-presa","status":"publish","type":"page","link":"https:\/\/new.bjc.ro\/?page_id=4275","title":{"rendered":"Biblioteca \u00een pres\u0103"},"content":{"rendered":"\n<div class=\"wp-block-group alignwide\"><div class=\"wp-block-group__inner-container is-layout-constrained wp-block-group-is-layout-constrained\">\n<div class=\"wp-block-media-text alignwide is-stacked-on-mobile is-vertically-aligned-center\" style=\"grid-template-columns:33% auto\"><figure class=\"wp-block-media-text__media\"><a href=\"https:\/\/new.bjc.ro\/wp-content\/uploads\/2023\/02\/ziare.jpg\"><img loading=\"lazy\" decoding=\"async\" width=\"640\" height=\"480\" src=\"https:\/\/new.bjc.ro\/wp-content\/uploads\/2023\/02\/ziare.jpg\" alt=\"\" class=\"wp-image-5108 size-full\"\/><\/a><\/figure><div class=\"wp-block-media-text__content\">\n<div class=\"wp-block-columns is-layout-flex wp-container-core-columns-is-layout-9d6595d7 wp-block-columns-is-layout-flex\">\n<div class=\"wp-block-column is-layout-flow wp-block-column-is-layout-flow\">\n<p><a href=\"https:\/\/new.bjc.ro\/wp-content\/uploads\/2026\/04\/BJC-in-presa-2023-2024.pdf\">Buletin bibliografic<\/a> Anul 2023-2024<\/p>\n\n\n\n<p><a href=\"https:\/\/new.bjc.ro\/wp-content\/uploads\/2024\/02\/Biblioteca-in-presa_2022.pdf\">Buletin bibliografic<\/a> Anul 2022<\/p>\n\n\n\n<p><a href=\"https:\/\/new.bjc.ro\/wp-content\/uploads\/2023\/02\/bjc_in_presa_2021.pdf\">Buletin bibliografic<\/a> Anul 2021<\/p>\n\n\n\n<p><a href=\"https:\/\/new.bjc.ro\/wp-content\/uploads\/2023\/02\/bjc_n_presa_2018__final-1.pdf\">Buletin bibliografic<\/a> Anul 2018<\/p>\n\n\n\n<p><a href=\"https:\/\/new.bjc.ro\/wp-content\/uploads\/2023\/02\/bjc_pres_2017-1.pdf\">Buletin bibliografic<\/a> Anul 2017<\/p>\n\n\n\n<p><a href=\"https:\/\/new.bjc.ro\/wp-content\/uploads\/2023\/02\/bjc_2016-1.pdf\">Buletin bibliografic<\/a> Anul 2016<\/p>\n\n\n\n<p><a href=\"https:\/\/new.bjc.ro\/wp-content\/uploads\/2023\/02\/bjc_2015-1.pdf\">Buletin bibliografic<\/a> Anul 2015<\/p>\n\n\n\n<p><a href=\"https:\/\/new.bjc.ro\/wp-content\/uploads\/2023\/02\/BJC-in-presa_2014.pdf.pdf\">Buletin bibliografic<\/a> Anul 2014<\/p>\n<\/div>\n\n\n\n<div class=\"wp-block-column is-layout-flow wp-block-column-is-layout-flow\">\n<p><a href=\"https:\/\/new.bjc.ro\/wp-content\/uploads\/2023\/02\/Biblioteca-in-presa-locala-2013.pdf\">Buletin bibliografic<\/a> Anul 2013<\/p>\n\n\n\n<p><a href=\"https:\/\/new.bjc.ro\/wp-content\/uploads\/2023\/02\/Biblioteca-in-presa-locala_2012.pdf\">Buletin bibliografic<\/a> Anul 2012<\/p>\n\n\n\n<p><a href=\"https:\/\/new.bjc.ro\/wp-content\/uploads\/2023\/02\/Bibl_in_presa_2011.pdf\">Buletin bibliografic<\/a> Anul 2011<\/p>\n\n\n\n<p><a href=\"https:\/\/new.bjc.ro\/wp-content\/uploads\/2023\/02\/Biblioteca-in-presa-locala-2010.pdf\">Buletin bibliografic<\/a> Anul 2010<\/p>\n\n\n\n<p><a href=\"https:\/\/new.bjc.ro\/wp-content\/uploads\/2023\/02\/biblioteca_presa_2009.pdf\">Buletin bibliografic<\/a> Anul 2009<\/p>\n\n\n\n<p><a href=\"https:\/\/new.bjc.ro\/wp-content\/uploads\/2023\/02\/biblioteca_in_presa_2008.pdf\">Buletin bibliografic<\/a> Anul 2008<\/p>\n\n\n\n<p><a href=\"https:\/\/new.bjc.ro\/wp-content\/uploads\/2023\/02\/biblioteca_in_presa_locala_2007.pdf\">Buletin bibliografic<\/a> Anul 2007<\/p>\n<\/div>\n<\/div>\n\n\n\n<p><\/p>\n<\/div><\/div>\n<\/div><\/div>\n","protected":false},"excerpt":{"rendered":"<p>Buletin bibliografic Anul 2023-2024 Buletin bibliografic Anul 2022 Buletin bibliografic Anul 2021 Buletin bibliografic Anul 2018 Buletin bibliografic Anul 2017 Buletin bibliografic Anul 2016 Buletin bibliografic Anul 2015 Buletin bibliografic Anul 2014 Buletin bibliografic Anul 2013 Buletin bibliografic Anul 2012 Buletin bibliografic Anul 2011 Buletin bibliografic Anul 2010 Buletin bibliografic&hellip; <br \/> <a class=\"read-more\" href=\"https:\/\/new.bjc.ro\/?page_id=4275\">Cite\u0219te mai mult<\/a><\/p>\n","protected":false},"author":1,"featured_media":0,"parent":0,"menu_order":0,"comment_status":"closed","ping_status":"closed","template":"","meta":{"_monsterinsights_skip_tracking":false,"_monsterinsights_sitenote_active":false,"_monsterinsights_sitenote_note":"","_monsterinsights_sitenote_category":0,"_EventAllDay":false,"_EventTimezone":"","_EventStartDate":"","_EventEndDate":"","_EventStartDateUTC":"","_EventEndDateUTC":"","_EventShowMap":false,"_EventShowMapLink":false,"_EventURL":"","_EventCost":"","_EventCostDescription":"","_EventCurrencySymbol":"","_EventCurrencyCode":"","_EventCurrencyPosition":"","_EventDateTimeSeparator":"","_EventTimeRangeSeparator":"","_EventOrganizerID":[],"_EventVenueID":[],"_OrganizerEmail":"","_OrganizerPhone":"","_OrganizerWebsite":"","_VenueAddress":"","_VenueCity":"","_VenueCountry":"","_VenueProvince":"","_VenueState":"","_VenueZip":"","_VenuePhone":"","_VenueURL":"","_VenueStateProvince":"","_VenueLat":"","_VenueLng":"","_VenueShowMap":false,"_VenueShowMapLink":false,"footnotes":""},"class_list":["post-4275","page","type-page","status-publish","hentry"],"yoast_head":"<!-- This site is optimized with the Yoast SEO plugin v24.6 - https:\/\/yoast.com\/wordpress\/plugins\/seo\/ -->\n<title>Biblioteca \u00een pres\u0103 - Biblioteca Jude\u021bean\u0103 \u201eOctavian Goga\u201d Cluj<\/title>\n<meta name=\"description\" content=\"Articole despre Biblioteca Jude\u021bean\u0103 &quot;Octavian Goga&quot; Cluj \u00een presa local\u0103\" \/>\n<meta name=\"robots\" content=\"index, follow, max-snippet:-1, max-image-preview:large, max-video-preview:-1\" \/>\n<link rel=\"canonical\" href=\"https:\/\/new.bjc.ro\/?page_id=4275\" \/>\n<meta property=\"og:locale\" content=\"ro_RO\" \/>\n<meta property=\"og:type\" content=\"article\" \/>\n<meta property=\"og:title\" content=\"Biblioteca \u00een pres\u0103 - Biblioteca Jude\u021bean\u0103 \u201eOctavian Goga\u201d Cluj\" \/>\n<meta property=\"og:description\" content=\"Articole despre Biblioteca Jude\u021bean\u0103 &quot;Octavian Goga&quot; Cluj \u00een presa local\u0103\" \/>\n<meta property=\"og:url\" content=\"https:\/\/new.bjc.ro\/?page_id=4275\" \/>\n<meta property=\"og:site_name\" content=\"Biblioteca Jude\u021bean\u0103 \u201eOctavian Goga\u201d Cluj\" \/>\n<meta property=\"article:publisher\" content=\"https:\/\/www.facebook.com\/bibliotecacluj\/\" \/>\n<meta property=\"article:modified_time\" content=\"2026-04-30T05:23:06+00:00\" \/>\n<meta property=\"og:image\" content=\"https:\/\/new.bjc.ro\/wp-content\/uploads\/2023\/02\/ziare.jpg\" \/>\n\t<meta property=\"og:image:width\" content=\"640\" \/>\n\t<meta property=\"og:image:height\" content=\"480\" \/>\n\t<meta property=\"og:image:type\" content=\"image\/jpeg\" \/>\n<meta name=\"twitter:card\" content=\"summary_large_image\" \/>\n<meta name=\"twitter:site\" content=\"@BibliotecaGoga\" \/>\n<meta name=\"twitter:label1\" content=\"Timp estimat pentru citire\" \/>\n\t<meta name=\"twitter:data1\" content=\"1 minut\" \/>\n<script type=\"application\/ld+json\" class=\"yoast-schema-graph\">{\"@context\":\"https:\/\/schema.org\",\"@graph\":[{\"@type\":\"WebPage\",\"@id\":\"https:\/\/new.bjc.ro\/?page_id=4275\",\"url\":\"https:\/\/new.bjc.ro\/?page_id=4275\",\"name\":\"Biblioteca \u00een pres\u0103 - Biblioteca Jude\u021bean\u0103 \u201eOctavian Goga\u201d Cluj\",\"isPartOf\":{\"@id\":\"https:\/\/new.bjc.ro\/#website\"},\"primaryImageOfPage\":{\"@id\":\"https:\/\/new.bjc.ro\/?page_id=4275#primaryimage\"},\"image\":{\"@id\":\"https:\/\/new.bjc.ro\/?page_id=4275#primaryimage\"},\"thumbnailUrl\":\"https:\/\/new.bjc.ro\/wp-content\/uploads\/2023\/02\/ziare.jpg\",\"datePublished\":\"2023-02-08T10:41:59+00:00\",\"dateModified\":\"2026-04-30T05:23:06+00:00\",\"description\":\"Articole despre Biblioteca Jude\u021bean\u0103 \\\"Octavian Goga\\\" Cluj \u00een presa local\u0103\",\"breadcrumb\":{\"@id\":\"https:\/\/new.bjc.ro\/?page_id=4275#breadcrumb\"},\"inLanguage\":\"ro-RO\",\"potentialAction\":[{\"@type\":\"ReadAction\",\"target\":[\"https:\/\/new.bjc.ro\/?page_id=4275\"]}]},{\"@type\":\"ImageObject\",\"inLanguage\":\"ro-RO\",\"@id\":\"https:\/\/new.bjc.ro\/?page_id=4275#primaryimage\",\"url\":\"https:\/\/new.bjc.ro\/wp-content\/uploads\/2023\/02\/ziare.jpg\",\"contentUrl\":\"https:\/\/new.bjc.ro\/wp-content\/uploads\/2023\/02\/ziare.jpg\"},{\"@type\":\"BreadcrumbList\",\"@id\":\"https:\/\/new.bjc.ro\/?page_id=4275#breadcrumb\",\"itemListElement\":[{\"@type\":\"ListItem\",\"position\":1,\"name\":\"Home\",\"item\":\"https:\/\/new.bjc.ro\/\"},{\"@type\":\"ListItem\",\"position\":2,\"name\":\"Biblioteca \u00een pres\u0103\"}]},{\"@type\":\"WebSite\",\"@id\":\"https:\/\/new.bjc.ro\/#website\",\"url\":\"https:\/\/new.bjc.ro\/\",\"name\":\"Biblioteca Jude\u021bean\u0103 \u201eOctavian Goga\u201d Cluj\",\"description\":\"\",\"publisher\":{\"@id\":\"https:\/\/new.bjc.ro\/#organization\"},\"alternateName\":\"Biblioteca Jude\u021bean\u0103 Cluj\",\"potentialAction\":[{\"@type\":\"SearchAction\",\"target\":{\"@type\":\"EntryPoint\",\"urlTemplate\":\"https:\/\/new.bjc.ro\/?s={search_term_string}\"},\"query-input\":{\"@type\":\"PropertyValueSpecification\",\"valueRequired\":true,\"valueName\":\"search_term_string\"}}],\"inLanguage\":\"ro-RO\"},{\"@type\":\"Organization\",\"@id\":\"https:\/\/new.bjc.ro\/#organization\",\"name\":\"Biblioteca Jude\u021bean\u0103 \u201eOctavian Goga\u201d Cluj\",\"url\":\"https:\/\/new.bjc.ro\/\",\"logo\":{\"@type\":\"ImageObject\",\"inLanguage\":\"ro-RO\",\"@id\":\"https:\/\/new.bjc.ro\/#\/schema\/logo\/image\/\",\"url\":\"https:\/\/new.bjc.ro\/wp-content\/uploads\/2023\/03\/sigle.jpg\",\"contentUrl\":\"https:\/\/new.bjc.ro\/wp-content\/uploads\/2023\/03\/sigle.jpg\",\"width\":630,\"height\":473,\"caption\":\"Biblioteca Jude\u021bean\u0103 \u201eOctavian Goga\u201d Cluj\"},\"image\":{\"@id\":\"https:\/\/new.bjc.ro\/#\/schema\/logo\/image\/\"},\"sameAs\":[\"https:\/\/www.facebook.com\/bibliotecacluj\/\",\"https:\/\/x.com\/BibliotecaGoga\",\"https:\/\/www.instagram.com\/biblioteca_judeteana_cluj\/\",\"https:\/\/www.youtube.com\/user\/BibliotecaGoga\"]}]}<\/script>\n<!-- \/ Yoast SEO plugin. -->","yoast_head_json":{"title":"Biblioteca \u00een pres\u0103 - Biblioteca Jude\u021bean\u0103 \u201eOctavian Goga\u201d Cluj","description":"Articole despre Biblioteca Jude\u021bean\u0103 \"Octavian Goga\" Cluj \u00een presa local\u0103","robots":{"index":"index","follow":"follow","max-snippet":"max-snippet:-1","max-image-preview":"max-image-preview:large","max-video-preview":"max-video-preview:-1"},"canonical":"https:\/\/new.bjc.ro\/?page_id=4275","og_locale":"ro_RO","og_type":"article","og_title":"Biblioteca \u00een pres\u0103 - Biblioteca Jude\u021bean\u0103 \u201eOctavian Goga\u201d Cluj","og_description":"Articole despre Biblioteca Jude\u021bean\u0103 \"Octavian Goga\" Cluj \u00een presa local\u0103","og_url":"https:\/\/new.bjc.ro\/?page_id=4275","og_site_name":"Biblioteca Jude\u021bean\u0103 \u201eOctavian Goga\u201d Cluj","article_publisher":"https:\/\/www.facebook.com\/bibliotecacluj\/","article_modified_time":"2026-04-30T05:23:06+00:00","og_image":[{"width":640,"height":480,"url":"https:\/\/new.bjc.ro\/wp-content\/uploads\/2023\/02\/ziare.jpg","type":"image\/jpeg"}],"twitter_card":"summary_large_image","twitter_site":"@BibliotecaGoga","twitter_misc":{"Timp estimat pentru citire":"1 minut"},"schema":{"@context":"https:\/\/schema.org","@graph":[{"@type":"WebPage","@id":"https:\/\/new.bjc.ro\/?page_id=4275","url":"https:\/\/new.bjc.ro\/?page_id=4275","name":"Biblioteca \u00een pres\u0103 - Biblioteca Jude\u021bean\u0103 \u201eOctavian Goga\u201d Cluj","isPartOf":{"@id":"https:\/\/new.bjc.ro\/#website"},"primaryImageOfPage":{"@id":"https:\/\/new.bjc.ro\/?page_id=4275#primaryimage"},"image":{"@id":"https:\/\/new.bjc.ro\/?page_id=4275#primaryimage"},"thumbnailUrl":"https:\/\/new.bjc.ro\/wp-content\/uploads\/2023\/02\/ziare.jpg","datePublished":"2023-02-08T10:41:59+00:00","dateModified":"2026-04-30T05:23:06+00:00","description":"Articole despre Biblioteca Jude\u021bean\u0103 \"Octavian Goga\" Cluj \u00een presa local\u0103","breadcrumb":{"@id":"https:\/\/new.bjc.ro\/?page_id=4275#breadcrumb"},"inLanguage":"ro-RO","potentialAction":[{"@type":"ReadAction","target":["https:\/\/new.bjc.ro\/?page_id=4275"]}]},{"@type":"ImageObject","inLanguage":"ro-RO","@id":"https:\/\/new.bjc.ro\/?page_id=4275#primaryimage","url":"https:\/\/new.bjc.ro\/wp-content\/uploads\/2023\/02\/ziare.jpg","contentUrl":"https:\/\/new.bjc.ro\/wp-content\/uploads\/2023\/02\/ziare.jpg"},{"@type":"BreadcrumbList","@id":"https:\/\/new.bjc.ro\/?page_id=4275#breadcrumb","itemListElement":[{"@type":"ListItem","position":1,"name":"Home","item":"https:\/\/new.bjc.ro\/"},{"@type":"ListItem","position":2,"name":"Biblioteca \u00een pres\u0103"}]},{"@type":"WebSite","@id":"https:\/\/new.bjc.ro\/#website","url":"https:\/\/new.bjc.ro\/","name":"Biblioteca Jude\u021bean\u0103 \u201eOctavian Goga\u201d Cluj","description":"","publisher":{"@id":"https:\/\/new.bjc.ro\/#organization"},"alternateName":"Biblioteca Jude\u021bean\u0103 Cluj","potentialAction":[{"@type":"SearchAction","target":{"@type":"EntryPoint","urlTemplate":"https:\/\/new.bjc.ro\/?s={search_term_string}"},"query-input":{"@type":"PropertyValueSpecification","valueRequired":true,"valueName":"search_term_string"}}],"inLanguage":"ro-RO"},{"@type":"Organization","@id":"https:\/\/new.bjc.ro\/#organization","name":"Biblioteca Jude\u021bean\u0103 \u201eOctavian Goga\u201d Cluj","url":"https:\/\/new.bjc.ro\/","logo":{"@type":"ImageObject","inLanguage":"ro-RO","@id":"https:\/\/new.bjc.ro\/#\/schema\/logo\/image\/","url":"https:\/\/new.bjc.ro\/wp-content\/uploads\/2023\/03\/sigle.jpg","contentUrl":"https:\/\/new.bjc.ro\/wp-content\/uploads\/2023\/03\/sigle.jpg","width":630,"height":473,"caption":"Biblioteca Jude\u021bean\u0103 \u201eOctavian Goga\u201d Cluj"},"image":{"@id":"https:\/\/new.bjc.ro\/#\/schema\/logo\/image\/"},"sameAs":["https:\/\/www.facebook.com\/bibliotecacluj\/","https:\/\/x.com\/BibliotecaGoga","https:\/\/www.instagram.com\/biblioteca_judeteana_cluj\/","https:\/\/www.youtube.com\/user\/BibliotecaGoga"]}]}},"_links":{"self":[{"href":"https:\/\/new.bjc.ro\/index.php?rest_route=\/wp\/v2\/pages\/4275","targetHints":{"allow":["GET"]}}],"collection":[{"href":"https:\/\/new.bjc.ro\/index.php?rest_route=\/wp\/v2\/pages"}],"about":[{"href":"https:\/\/new.bjc.ro\/index.php?rest_route=\/wp\/v2\/types\/page"}],"author":[{"embeddable":true,"href":"https:\/\/new.bjc.ro\/index.php?rest_route=\/wp\/v2\/users\/1"}],"replies":[{"embeddable":true,"href":"https:\/\/new.bjc.ro\/index.php?rest_route=%2Fwp%2Fv2%2Fcomments&post=4275"}],"version-history":[{"count":20,"href":"https:\/\/new.bjc.ro\/index.php?rest_route=\/wp\/v2\/pages\/4275\/revisions"}],"predecessor-version":[{"id":12152,"href":"https:\/\/new.bjc.ro\/index.php?rest_route=\/wp\/v2\/pages\/4275\/revisions\/12152"}],"wp:attachment":[{"href":"https:\/\/new.bjc.ro\/index.php?rest_route=%2Fwp%2Fv2%2Fmedia&parent=4275"}],"curies":[{"name":"wp","href":"https:\/\/api.w.org\/{rel}","templated":true}]}}