{"id":49,"date":"2021-06-18T07:59:02","date_gmt":"2021-06-18T04:59:02","guid":{"rendered":"https:\/\/new.bjc.ro\/?page_id=49"},"modified":"2025-03-07T09:14:39","modified_gmt":"2025-03-07T07:14:39","slug":"sectia-pentru-copii","status":"publish","type":"page","link":"https:\/\/new.bjc.ro\/?page_id=49","title":{"rendered":"Sec\u021bia pentru copii"},"content":{"rendered":"\r\n<div class=\"wp-block-media-text alignwide is-stacked-on-mobile\" style=\"grid-template-columns: 30% auto;\">\r\n<figure class=\"wp-block-media-text__media\"><a href=\"https:\/\/new.bjc.ro\/wp-content\/uploads\/2023\/03\/Foto-Copii-2.jpg\"><img loading=\"lazy\" decoding=\"async\" width=\"2050\" height=\"1538\" class=\"wp-image-5735 size-full\" src=\"https:\/\/new.bjc.ro\/wp-content\/uploads\/2023\/03\/Foto-Copii-2.jpg\" alt=\"\" \/><\/a><\/figure>\r\n<div class=\"wp-block-media-text__content\">\r\n<p>Adresa: Calea Doroban\u0163ilor nr. 104<\/p>\r\n\r\n\r\n\r\n<p><strong>Sediul central, parter est<\/strong><\/p>\r\n\r\n\r\n\r\n<p>Telefon: 0264-430323<\/p>\r\n\r\n\r\n\r\n<p>E-mail: copii[at]bjc.ro<\/p>\r\n\r\n\r\n\r\n<p>Program: luni-vineri\u00a08.00-20.00<\/p>\r\n<\/div>\r\n<\/div>\r\n\r\n\r\n\r\n<p>&nbsp;<\/p>\r\n\r\n\r\n\r\n<p><strong>Colec\u0163ii<\/strong>:<\/p>\r\n\r\n\r\n\r\n<ul class=\"wp-block-list\">\r\n<li>peste 27.000 volume;<\/li>\r\n\r\n\r\n\r\n<li>peste 2.000 documente audiovizuale \u0219i electronice.<\/li>\r\n<\/ul>\r\n\r\n\r\n\r\n<p><strong>Sec\u021bia de\u021bine:<\/strong><\/p>\r\n\r\n\r\n\r\n<ul class=\"wp-block-list\">\r\n<li>un num\u0103r mare de exemplare din titlurile autorilor rom\u00e2ni \u015fi universali, cuprinse \u00een bibliografia \u015fcolar\u0103;<\/li>\r\n\r\n\r\n\r\n<li>carte de divertisment;<\/li>\r\n\r\n\r\n\r\n<li>un bogat fond de referin\u0163\u0103 pentru copii;<\/li>\r\n\r\n\r\n\r\n<li>desene animate, filme artistice \u0219i documentare;<\/li>\r\n\r\n\r\n\r\n<li>audiobook-uri;<\/li>\r\n\r\n\r\n\r\n<li>jocuri \u015fi juc\u0103rii.<\/li>\r\n<\/ul>\r\n\r\n\r\n\r\n<p><strong>Servicii \u0219i facilit\u0103\u021bi oferite:<\/strong><\/p>\r\n\r\n\r\n\r\n<ul class=\"wp-block-list\">\r\n<li>\u00eemprumut la domiciliu;<\/li>\r\n\r\n\r\n\r\n<li>consultare pe loc;<\/li>\r\n\r\n\r\n\r\n<li>prelungirea termenului de \u00eemprumut, rezervare \u0219i re\u021binere de titluri prin: catalogul on-line, telefon \u015fi e-mail;<\/li>\r\n\r\n\r\n\r\n<li>informa\u0163ii de toate tipurile;<\/li>\r\n\r\n\r\n\r\n<li>activit\u0103\u0163i culturale \u015fi de loisir;<\/li>\r\n\r\n\r\n\r\n<li>acces liber la raft 100%;<\/li>\r\n\r\n\r\n\r\n<li>acces internet, multimedia;<\/li>\r\n\r\n\r\n\r\n<li>Ludoteca pentru pre\u015fcolari \u015fi \u015fcolarii mici;<\/li>\r\n\r\n\r\n\r\n<li>sta\u021bii destinate jocului: 3;<\/li>\r\n\r\n\r\n\r\n<li>Sala de lectur\u0103 pentru copii cu v\u00e2rste cuprinse \u00eentre 10-14 ani;<\/li>\r\n\r\n\r\n\r\n<li>sta\u021bii de lucru pentru utilizatori: 2;<\/li>\r\n<\/ul>\r\n\r\n\r\n\r\n<p>\u00cemprumutul se realizeaz\u0103 \u00een regim automatizat.<\/p>\r\n\r\n\r\n\r\n<div id=\"section-g7bde2a\" class=\"wp-block-gutentor-e1 section-g7bde2a gutentor-element gutentor-element-advanced-text\">\r\n<div class=\"gutentor-text-wrap\">\r\n<p class=\"gutentor-text\"><strong>Activit\u0103\u021bi tradi\u021bionale:<\/strong><\/p>\r\n<\/div>\r\n<\/div>\r\n\r\n\r\n\r\n<ul class=\"wp-block-list\">\r\n<li><a href=\"https:\/\/copiibjc.bjc.ro\/?page_id=5780\">Atelier de quilling<\/a><\/li>\r\n\r\n\r\n\r\n<li><a href=\"https:\/\/copiibjc.bjc.ro\/?page_id=1674\">Cenaclul literar \u201eTraian Brad\u201d<\/a><\/li>\r\n\r\n\r\n\r\n<li><a href=\"https:\/\/copiibjc.bjc.ro\/?page_id=5729\">Cercul de origami <\/a><\/li>\r\n\r\n\r\n\r\n<li><a href=\"https:\/\/copiibjc.bjc.ro\/?page_id=11316\">Citesc o carte \u00eempreun\u0103 cu copilul meu<\/a><\/li>\r\n\r\n\r\n\r\n<li><a href=\"https:\/\/copiibjc.bjc.ro\/?page_id=5855\">Clubul curio\u0219ilor \u201eGhidu\u015fel cel iste\u0163el\u201d<\/a><\/li>\r\n\r\n\r\n\r\n\r\n\r\n\r\n\r\n\r\n\r\n\r\n\r\n<li><a href=\"https:\/\/copiibjc.bjc.ro\/?page_id=5518\">Concursul de desene \u201eEroii c\u0103r\u0163ilor citite\u201d<\/a><\/li>\r\n\r\n\r\n\r\n<li><a href=\"https:\/\/copiibjc.bjc.ro\/?page_id=5524\">Concursul de poezie on-line<\/a><\/li>\r\n\r\n\r\n\r\n<li><a href=\"https:\/\/copiibjc.bjc.ro\/?page_id=5515\">Concursul Na\u0163ional de Lectur\u0103 \u201eB\u0103t\u0103lia C\u0103r\u0163ilor\u201d<\/a><\/li>\r\n\r\n\r\n\r\n<li><a href=\"https:\/\/copiibjc.bjc.ro\/?page_id=5863\">Cu bebe la bibliotec\u0103<\/a><\/li>\r\n\r\n\r\n\r\n<li><a href=\"https:\/\/copiibjc.bjc.ro\/?page_id=15927\">LEGO Club pentru \u00eentreaga familie<\/a><\/li>\r\n\r\n\r\n\r\n<li><a href=\"https:\/\/copiibjc.bjc.ro\/?page_id=5740\">Ora pove\u015ftilor<\/a><\/li>\r\n\r\n\r\n\r\n<li><a href=\"https:\/\/new.bjc.ro\/wp-content\/uploads\/2024\/10\/Brosura-Proiecte-tematice-2024-2025.pdf\">Proiecte de educa\u0163ie permanent\u0103<\/a><\/li>\r\n\r\n\r\n\r\n<li><a href=\"https:\/\/copiibjc.bjc.ro\/?cat=15\">Programe de vacan\u0163\u0103<\/a><\/li>\r\n<\/ul>\r\n\r\n\r\n\r\n<p>&nbsp;<\/p>\r\n\r\n\r\n\r\n<p><strong>Serviciile noastre sunt gratuite!<\/strong><\/p>\r\n\r\n\r\n\r\n<p><strong><em>V\u0103 a\u0219tept\u0103m!<\/em><\/strong><\/p>\r\n","protected":false},"excerpt":{"rendered":"<p>Adresa: Calea Doroban\u0163ilor nr. 104 Sediul central, parter est Telefon: 0264-430323 E-mail: copii[at]bjc.ro Program: luni-vineri\u00a08.00-20.00 &nbsp; Colec\u0163ii: Sec\u021bia de\u021bine: Servicii \u0219i facilit\u0103\u021bi oferite: \u00cemprumutul se realizeaz\u0103 \u00een regim automatizat. &nbsp; Serviciile noastre sunt gratuite! V\u0103 a\u0219tept\u0103m!<\/p>\n","protected":false},"author":1,"featured_media":0,"parent":0,"menu_order":1,"comment_status":"closed","ping_status":"closed","template":"","meta":{"_monsterinsights_skip_tracking":false,"_monsterinsights_sitenote_active":false,"_monsterinsights_sitenote_note":"","_monsterinsights_sitenote_category":0,"_EventAllDay":false,"_EventTimezone":"","_EventStartDate":"","_EventEndDate":"","_EventStartDateUTC":"","_EventEndDateUTC":"","_EventShowMap":false,"_EventShowMapLink":false,"_EventURL":"","_EventCost":"","_EventCostDescription":"","_EventCurrencySymbol":"","_EventCurrencyCode":"","_EventCurrencyPosition":"","_EventDateTimeSeparator":"","_EventTimeRangeSeparator":"","_EventOrganizerID":[],"_EventVenueID":[],"_OrganizerEmail":"","_OrganizerPhone":"","_OrganizerWebsite":"","_VenueAddress":"","_VenueCity":"","_VenueCountry":"","_VenueProvince":"","_VenueState":"","_VenueZip":"","_VenuePhone":"","_VenueURL":"","_VenueStateProvince":"","_VenueLat":"","_VenueLng":"","_VenueShowMap":false,"_VenueShowMapLink":false,"footnotes":""},"class_list":["post-49","page","type-page","status-publish","hentry"],"yoast_head":"<!-- This site is optimized with the Yoast SEO plugin v24.6 - https:\/\/yoast.com\/wordpress\/plugins\/seo\/ -->\n<title>Sec\u021bia pentru copii - Biblioteca Jude\u021bean\u0103 \u201eOctavian Goga\u201d Cluj<\/title>\n<meta name=\"description\" content=\"Sec\u021bia pentru copii, sediul central, date de contact, servicii \u0219i facilit\u0103\u021bi oferite, activit\u0103\u021bi pentru copii\" \/>\n<meta name=\"robots\" content=\"index, follow, max-snippet:-1, max-image-preview:large, max-video-preview:-1\" \/>\n<link rel=\"canonical\" href=\"https:\/\/new.bjc.ro\/?page_id=49\" \/>\n<meta property=\"og:locale\" content=\"ro_RO\" \/>\n<meta property=\"og:type\" content=\"article\" \/>\n<meta property=\"og:title\" content=\"Sec\u021bia pentru copii - Biblioteca Jude\u021bean\u0103 \u201eOctavian Goga\u201d Cluj\" \/>\n<meta property=\"og:description\" content=\"Sec\u021bia pentru copii, sediul central, date de contact, servicii \u0219i facilit\u0103\u021bi oferite, activit\u0103\u021bi pentru copii\" \/>\n<meta property=\"og:url\" content=\"https:\/\/new.bjc.ro\/?page_id=49\" \/>\n<meta property=\"og:site_name\" content=\"Biblioteca Jude\u021bean\u0103 \u201eOctavian Goga\u201d Cluj\" \/>\n<meta property=\"article:publisher\" content=\"https:\/\/www.facebook.com\/bibliotecacluj\/\" \/>\n<meta property=\"article:modified_time\" content=\"2025-03-07T07:14:39+00:00\" \/>\n<meta property=\"og:image\" content=\"https:\/\/new.bjc.ro\/wp-content\/uploads\/2023\/03\/Foto-Copii-2.jpg\" \/>\n\t<meta property=\"og:image:width\" content=\"2050\" \/>\n\t<meta property=\"og:image:height\" content=\"1538\" \/>\n\t<meta property=\"og:image:type\" content=\"image\/jpeg\" \/>\n<meta name=\"twitter:card\" content=\"summary_large_image\" \/>\n<meta name=\"twitter:site\" content=\"@BibliotecaGoga\" \/>\n<meta name=\"twitter:label1\" content=\"Timp estimat pentru citire\" \/>\n\t<meta name=\"twitter:data1\" content=\"2 minute\" \/>\n<script type=\"application\/ld+json\" class=\"yoast-schema-graph\">{\"@context\":\"https:\/\/schema.org\",\"@graph\":[{\"@type\":\"WebPage\",\"@id\":\"https:\/\/new.bjc.ro\/?page_id=49\",\"url\":\"https:\/\/new.bjc.ro\/?page_id=49\",\"name\":\"Sec\u021bia pentru copii - Biblioteca Jude\u021bean\u0103 \u201eOctavian Goga\u201d Cluj\",\"isPartOf\":{\"@id\":\"https:\/\/new.bjc.ro\/#website\"},\"primaryImageOfPage\":{\"@id\":\"https:\/\/new.bjc.ro\/?page_id=49#primaryimage\"},\"image\":{\"@id\":\"https:\/\/new.bjc.ro\/?page_id=49#primaryimage\"},\"thumbnailUrl\":\"https:\/\/new.bjc.ro\/wp-content\/uploads\/2023\/03\/Foto-Copii-2.jpg\",\"datePublished\":\"2021-06-18T04:59:02+00:00\",\"dateModified\":\"2025-03-07T07:14:39+00:00\",\"description\":\"Sec\u021bia pentru copii, sediul central, date de contact, servicii \u0219i facilit\u0103\u021bi oferite, activit\u0103\u021bi pentru copii\",\"breadcrumb\":{\"@id\":\"https:\/\/new.bjc.ro\/?page_id=49#breadcrumb\"},\"inLanguage\":\"ro-RO\",\"potentialAction\":[{\"@type\":\"ReadAction\",\"target\":[\"https:\/\/new.bjc.ro\/?page_id=49\"]}]},{\"@type\":\"ImageObject\",\"inLanguage\":\"ro-RO\",\"@id\":\"https:\/\/new.bjc.ro\/?page_id=49#primaryimage\",\"url\":\"https:\/\/new.bjc.ro\/wp-content\/uploads\/2023\/03\/Foto-Copii-2.jpg\",\"contentUrl\":\"https:\/\/new.bjc.ro\/wp-content\/uploads\/2023\/03\/Foto-Copii-2.jpg\"},{\"@type\":\"BreadcrumbList\",\"@id\":\"https:\/\/new.bjc.ro\/?page_id=49#breadcrumb\",\"itemListElement\":[{\"@type\":\"ListItem\",\"position\":1,\"name\":\"Home\",\"item\":\"https:\/\/new.bjc.ro\/\"},{\"@type\":\"ListItem\",\"position\":2,\"name\":\"Sec\u021bia pentru copii\"}]},{\"@type\":\"WebSite\",\"@id\":\"https:\/\/new.bjc.ro\/#website\",\"url\":\"https:\/\/new.bjc.ro\/\",\"name\":\"Biblioteca Jude\u021bean\u0103 \u201eOctavian Goga\u201d Cluj\",\"description\":\"\",\"publisher\":{\"@id\":\"https:\/\/new.bjc.ro\/#organization\"},\"alternateName\":\"Biblioteca Jude\u021bean\u0103 Cluj\",\"potentialAction\":[{\"@type\":\"SearchAction\",\"target\":{\"@type\":\"EntryPoint\",\"urlTemplate\":\"https:\/\/new.bjc.ro\/?s={search_term_string}\"},\"query-input\":{\"@type\":\"PropertyValueSpecification\",\"valueRequired\":true,\"valueName\":\"search_term_string\"}}],\"inLanguage\":\"ro-RO\"},{\"@type\":\"Organization\",\"@id\":\"https:\/\/new.bjc.ro\/#organization\",\"name\":\"Biblioteca Jude\u021bean\u0103 \u201eOctavian Goga\u201d Cluj\",\"url\":\"https:\/\/new.bjc.ro\/\",\"logo\":{\"@type\":\"ImageObject\",\"inLanguage\":\"ro-RO\",\"@id\":\"https:\/\/new.bjc.ro\/#\/schema\/logo\/image\/\",\"url\":\"https:\/\/new.bjc.ro\/wp-content\/uploads\/2023\/03\/sigle.jpg\",\"contentUrl\":\"https:\/\/new.bjc.ro\/wp-content\/uploads\/2023\/03\/sigle.jpg\",\"width\":630,\"height\":473,\"caption\":\"Biblioteca Jude\u021bean\u0103 \u201eOctavian Goga\u201d Cluj\"},\"image\":{\"@id\":\"https:\/\/new.bjc.ro\/#\/schema\/logo\/image\/\"},\"sameAs\":[\"https:\/\/www.facebook.com\/bibliotecacluj\/\",\"https:\/\/x.com\/BibliotecaGoga\",\"https:\/\/www.instagram.com\/biblioteca_judeteana_cluj\/\",\"https:\/\/www.youtube.com\/user\/BibliotecaGoga\"]}]}<\/script>\n<!-- \/ Yoast SEO plugin. -->","yoast_head_json":{"title":"Sec\u021bia pentru copii - Biblioteca Jude\u021bean\u0103 \u201eOctavian Goga\u201d Cluj","description":"Sec\u021bia pentru copii, sediul central, date de contact, servicii \u0219i facilit\u0103\u021bi oferite, activit\u0103\u021bi pentru copii","robots":{"index":"index","follow":"follow","max-snippet":"max-snippet:-1","max-image-preview":"max-image-preview:large","max-video-preview":"max-video-preview:-1"},"canonical":"https:\/\/new.bjc.ro\/?page_id=49","og_locale":"ro_RO","og_type":"article","og_title":"Sec\u021bia pentru copii - Biblioteca Jude\u021bean\u0103 \u201eOctavian Goga\u201d Cluj","og_description":"Sec\u021bia pentru copii, sediul central, date de contact, servicii \u0219i facilit\u0103\u021bi oferite, activit\u0103\u021bi pentru copii","og_url":"https:\/\/new.bjc.ro\/?page_id=49","og_site_name":"Biblioteca Jude\u021bean\u0103 \u201eOctavian Goga\u201d Cluj","article_publisher":"https:\/\/www.facebook.com\/bibliotecacluj\/","article_modified_time":"2025-03-07T07:14:39+00:00","og_image":[{"width":2050,"height":1538,"url":"https:\/\/new.bjc.ro\/wp-content\/uploads\/2023\/03\/Foto-Copii-2.jpg","type":"image\/jpeg"}],"twitter_card":"summary_large_image","twitter_site":"@BibliotecaGoga","twitter_misc":{"Timp estimat pentru citire":"2 minute"},"schema":{"@context":"https:\/\/schema.org","@graph":[{"@type":"WebPage","@id":"https:\/\/new.bjc.ro\/?page_id=49","url":"https:\/\/new.bjc.ro\/?page_id=49","name":"Sec\u021bia pentru copii - Biblioteca Jude\u021bean\u0103 \u201eOctavian Goga\u201d Cluj","isPartOf":{"@id":"https:\/\/new.bjc.ro\/#website"},"primaryImageOfPage":{"@id":"https:\/\/new.bjc.ro\/?page_id=49#primaryimage"},"image":{"@id":"https:\/\/new.bjc.ro\/?page_id=49#primaryimage"},"thumbnailUrl":"https:\/\/new.bjc.ro\/wp-content\/uploads\/2023\/03\/Foto-Copii-2.jpg","datePublished":"2021-06-18T04:59:02+00:00","dateModified":"2025-03-07T07:14:39+00:00","description":"Sec\u021bia pentru copii, sediul central, date de contact, servicii \u0219i facilit\u0103\u021bi oferite, activit\u0103\u021bi pentru copii","breadcrumb":{"@id":"https:\/\/new.bjc.ro\/?page_id=49#breadcrumb"},"inLanguage":"ro-RO","potentialAction":[{"@type":"ReadAction","target":["https:\/\/new.bjc.ro\/?page_id=49"]}]},{"@type":"ImageObject","inLanguage":"ro-RO","@id":"https:\/\/new.bjc.ro\/?page_id=49#primaryimage","url":"https:\/\/new.bjc.ro\/wp-content\/uploads\/2023\/03\/Foto-Copii-2.jpg","contentUrl":"https:\/\/new.bjc.ro\/wp-content\/uploads\/2023\/03\/Foto-Copii-2.jpg"},{"@type":"BreadcrumbList","@id":"https:\/\/new.bjc.ro\/?page_id=49#breadcrumb","itemListElement":[{"@type":"ListItem","position":1,"name":"Home","item":"https:\/\/new.bjc.ro\/"},{"@type":"ListItem","position":2,"name":"Sec\u021bia pentru copii"}]},{"@type":"WebSite","@id":"https:\/\/new.bjc.ro\/#website","url":"https:\/\/new.bjc.ro\/","name":"Biblioteca Jude\u021bean\u0103 \u201eOctavian Goga\u201d Cluj","description":"","publisher":{"@id":"https:\/\/new.bjc.ro\/#organization"},"alternateName":"Biblioteca Jude\u021bean\u0103 Cluj","potentialAction":[{"@type":"SearchAction","target":{"@type":"EntryPoint","urlTemplate":"https:\/\/new.bjc.ro\/?s={search_term_string}"},"query-input":{"@type":"PropertyValueSpecification","valueRequired":true,"valueName":"search_term_string"}}],"inLanguage":"ro-RO"},{"@type":"Organization","@id":"https:\/\/new.bjc.ro\/#organization","name":"Biblioteca Jude\u021bean\u0103 \u201eOctavian Goga\u201d Cluj","url":"https:\/\/new.bjc.ro\/","logo":{"@type":"ImageObject","inLanguage":"ro-RO","@id":"https:\/\/new.bjc.ro\/#\/schema\/logo\/image\/","url":"https:\/\/new.bjc.ro\/wp-content\/uploads\/2023\/03\/sigle.jpg","contentUrl":"https:\/\/new.bjc.ro\/wp-content\/uploads\/2023\/03\/sigle.jpg","width":630,"height":473,"caption":"Biblioteca Jude\u021bean\u0103 \u201eOctavian Goga\u201d Cluj"},"image":{"@id":"https:\/\/new.bjc.ro\/#\/schema\/logo\/image\/"},"sameAs":["https:\/\/www.facebook.com\/bibliotecacluj\/","https:\/\/x.com\/BibliotecaGoga","https:\/\/www.instagram.com\/biblioteca_judeteana_cluj\/","https:\/\/www.youtube.com\/user\/BibliotecaGoga"]}]}},"_links":{"self":[{"href":"https:\/\/new.bjc.ro\/index.php?rest_route=\/wp\/v2\/pages\/49","targetHints":{"allow":["GET"]}}],"collection":[{"href":"https:\/\/new.bjc.ro\/index.php?rest_route=\/wp\/v2\/pages"}],"about":[{"href":"https:\/\/new.bjc.ro\/index.php?rest_route=\/wp\/v2\/types\/page"}],"author":[{"embeddable":true,"href":"https:\/\/new.bjc.ro\/index.php?rest_route=\/wp\/v2\/users\/1"}],"replies":[{"embeddable":true,"href":"https:\/\/new.bjc.ro\/index.php?rest_route=%2Fwp%2Fv2%2Fcomments&post=49"}],"version-history":[{"count":85,"href":"https:\/\/new.bjc.ro\/index.php?rest_route=\/wp\/v2\/pages\/49\/revisions"}],"predecessor-version":[{"id":10446,"href":"https:\/\/new.bjc.ro\/index.php?rest_route=\/wp\/v2\/pages\/49\/revisions\/10446"}],"wp:attachment":[{"href":"https:\/\/new.bjc.ro\/index.php?rest_route=%2Fwp%2Fv2%2Fmedia&parent=49"}],"curies":[{"name":"wp","href":"https:\/\/api.w.org\/{rel}","templated":true}]}}