{"id":5066,"date":"2023-02-16T13:16:51","date_gmt":"2023-02-16T11:16:51","guid":{"rendered":"https:\/\/new.bjc.ro\/?page_id=5066"},"modified":"2023-05-15T10:33:26","modified_gmt":"2023-05-15T07:33:26","slug":"manager","status":"publish","type":"page","link":"https:\/\/new.bjc.ro\/?page_id=5066","title":{"rendered":"Manager"},"content":{"rendered":"\n<div class=\"wp-block-media-text alignwide is-stacked-on-mobile\" style=\"grid-template-columns:15% auto\"><figure class=\"wp-block-media-text__media\"><img loading=\"lazy\" decoding=\"async\" width=\"90\" height=\"130\" src=\"https:\/\/new.bjc.ro\/wp-content\/uploads\/2023\/02\/small_sorina_stanca.jpg\" alt=\"\" class=\"wp-image-5068 size-full\"\/><\/figure><div class=\"wp-block-media-text__content\">\n<p><strong><em>Sorina Stanca<\/em><\/strong><\/p>\n\n\n\n<p>Adresa: Calea Doroban\u0163ilor, nr. 104,<\/p>\n\n\n\n<p>400609, Cluj-Napoca, Rom\u00e2nia<\/p>\n\n\n\n<p>Telefon: +40-264-430323; +40-264-595815<br>E-mail: bjc[at]bjc.ro<\/p>\n<\/div><\/div>\n\n\n<p><strong>Studii:<\/strong><\/p>\n<ul>\n<li>1989 &#8211; Universitatea &#8222;Babe\u015f-Bolyai&#8221; &#8211; Facultatea de Matematic\u0103 \u015fi Fizic\u0103, Sec\u0163ia Fizic\u0103<\/li>\n<li>1997 &#8211; Studii postuniversitare de biblioteconomie<\/li>\n<li>perfec\u0163ion\u0103ri \u00een \u0163ar\u0103 \u015fi str\u0103in\u0103tate<\/li>\n<\/ul>\n<p><strong>Activitate profesional\u0103:<\/strong><\/p>\n<p>1989 &#8211; 1995 &#8211; profesor de fizic\u0103, din 1993 cu gradul didactic definitiv<\/p>\n<p>1996 &#8211; 2002 &#8211; bibliotecar, Biblioteca Jude\u0163ean\u0103 &#8222;Octavian Goga&#8221; Cluj<\/p>\n<p>2002 &#8211; 2007 &#8211; \u015fef serviciu, Serviciul de Informare \u015fi Documentare, Biblioteca Jude\u0163ean\u0103 &#8222;Octavian Goga&#8221; Cluj<\/p>\n<p>2007 &#8211; 2009 &#8211; director adjunct,&nbsp;Biblioteca Jude\u0163ean\u0103 &#8222;Octavian Goga&#8221; Cluj<\/p>\n<p>2009 &#8211; 2011 &#8211; director interimar,&nbsp;&nbsp;Biblioteca Jude\u0163ean\u0103 &#8222;Octavian Goga&#8221; Cluj<\/p>\n<p>2011 &#8211; prezent &#8211; manager, Biblioteca Jude\u0163ean\u0103 &#8222;Octavian Goga&#8221; Cluj<\/p>\n<p>2018-2023 &#8211; membru \u00een&nbsp;<a href=\"https:\/\/cnb.org.ro\/membri\/\">Comisia Na\u021bional\u0103 a Bibliotecilor<\/a><\/p>\n<p><strong>Activitate \u00een cadrul &nbsp;asocia\u0163iilor profesionale<\/strong><\/p>\n<p>din 1996 &#8211; secretar al Filialei Cluj a Asocia\u0163iei Na\u0163ionale a Bibliotecarilor \u015fi Bibliotecilor Publice din Rom\u00e2nia &#8211; ANBPR<\/p>\n<p>2002 &#8211; 2007 &#8211; membru \u00een Comisia de <em>Referin\u0163e \u015etiin\u0163ifice<\/em> a ANBPR (2002)<\/p>\n<p>2007-2011 &#8211; pre\u015fedinte al Comisiei ANBPR de <em>Memorie \u015fi cunoa\u015ftere local\u0103<\/em><\/p>\n<p>2008 &#8211; membru al Asocia\u021biei Europeana Network<\/p>\n<p>2010-2012 &#8211; pre\u015fedinte al Filialei ANBPR Cluj<\/p>\n<p>2012-2016 &#8211; membru \u00een biroul executiv ANBPR la nivel na\u0163ional<\/p>\n<p>2014-2018 &#8211; membru \u00een board-ul Re\u0163elei Europeana (<a href=\"http:\/\/pro.europeana.eu\/home\">Europeana Network<\/a>)- <a href=\"http:\/\/pro.europeana.eu\/blogpost\/meet-the-members-council-sorina-stanca\">prezentare<\/a><\/p>\n<p>2016 -2021 &#8211; pre\u0219edinte al ANBPR<\/p>\n<p>2021 &#8211; prezent &#8211; secretar ANBPR<\/p>\n<p><\/p>\n<p><strong>Participare la proiecte:<\/strong><\/p>\n<p>2004-2005 &#8211; membru \u00een echipa Proiectului European CALIMERA: Aplica\u0163ii culturale: Medierea accesului la resursele electronice prin institu\u0163iile locale<\/p>\n<p>2005-2006 &#8211; Responsabil tehnic al Proiectului European LIBER-IMMS: Servicii interactive de transmitere de mesaje prin Internet \u015fi telefonie mobil\u0103, bazate pe tehnologia RFID, destinate bibliotecilor<\/p>\n<p>2008- 2009 &#8211; coordonator al proiectul european ENTITLE &#8211; Europe&#8217;s New libraries Together In Transversal Learning Environments<\/p>\n<p>2008- 2011 &#8211; coordonator al proiectului Europeana Local &#8211; Making local and regional content accessible through the European Digital Library<\/p>\n<p>2011-2013 &#8211; coordonator al proiectului Europeana Awareness &#8211;&nbsp;Europeana Libraries: Aggregating digital content from Europe&#8217;s Libraries (Bibliotecile Europeana : agregarea con\u0163inutului digital din bibliotecile Europei)<\/p>\n<p>2013 -2016 &#8211; coordonator al proiectului Locloud &#8211;&nbsp;Local content in a Europeana cloud (Con\u0163inut local \u00eentr-un cloud Europeana)<\/p>\n<p>2016-2019 &#8211; membru \u00een echipa proiectului Family Literacy Works!<\/p>\n<p>2018-2020 &#8211; coordonator al proiectului Enrich Europeana<\/p>\n<p>2020-2022 &#8211; coordonator al proiectului Europeana Sport<\/p>\n<p><strong>Premii speciale:<\/strong><\/p>\n<ul>\n<li>Premiul ANBPR &#8211; Filiala Cluj &#8211; Premiul pentru activitate profesional\u0103 deosebit\u0103 (2003)<\/li>\n<li>Premiul ANBPR &#8211; Premiul pentru &#8222;Contribu\u0163ii biblioteconomice &#8211; proiecte&#8221; (2007)<\/li>\n<\/ul>\n<p><strong>Activitatea de perfec\u0163ionare:<\/strong><\/p>\n<ul>\n<li>Cursul &#8222;Management de bibliotec\u0103 &#8211; strategii pentru secolul XXI&#8221; (1998), organizat la Cluj-Napoca de Graduate School of Library and Information Science din Austin, SUA \u015fi de Biblioteca Jude\u0163ean\u0103 &#8222;Octavian Goga&#8221; Cluj<\/li>\n<li>Curs \u201eTehnologia Informa\u0163iei \u00een Biblioteca Modern\u0103&#8221; (1999), organizat de Consiliul Britanic \u015fi Biblioteca central\u0103 UMF Cluj<\/li>\n<li>Curs \u201eAccesul liber la informa\u0163ie al cet\u0103\u0163eanului \u015fi organizarea societ\u0103\u0163ii dup\u0103 principii democratice&#8221; (2000), organizat de Ministerul de Externe Danez<\/li>\n<li>Curs de limba englez\u0103, organizat de Inspectoratul \u015ecolar Jude\u0163ean Cluj (2003)<\/li>\n<li>Participare la conferin\u0163a &#8222;Libraries Without Walls 6: Evaluating the Distributed Delivery of Library Services&#8221;, Lesvos, Grecia (2005)<\/li>\n<li>Curs &#8222;Manager de proiect&#8221; (2008)<\/li>\n<li>Participare la&nbsp;Conferin\u0163a interna\u0163ional\u0103 cu tema: Biblioteca public\u0103 \u015fi WEB 2.0, Baia-Mare (2009). Conferin\u0163a a fost sus\u0163inut\u0103 de lectori americani.<\/li>\n<li>Curs formator (2010)<\/li>\n<li>Training pentru lideri \u015fi inovatori la Centrul Mortenson al Bibliotecii Universit\u0103\u0163ii Illinois, SUA (2011)<\/li>\n<li>Curs de manager cultural organizat de Centrul de Preg\u0103tire Profesional\u0103 \u00een Cultur\u0103 al Ministerului Culturii \u015fi Patrimoniului Na\u0163ional (2011-2012)<\/li>\n<\/ul>\n<p><strong>Activitatea publicistic\u0103:<\/strong><\/p>\n<p>Articole de specialitate, publicate \u00een reviste din \u0163ar\u0103 \u015fi str\u0103in\u0103tate.<\/p>\n<p>Lucr\u0103ri \u015fi prezent\u0103ri la diferite conferin\u0163e \u015fi simpozioane din \u0163ar\u0103 \u015fi str\u0103in\u0103tate.<\/p>\n<p>Editor al publica\u0163iilor bibliotecii din anul 2002 p\u00e2n\u0103 \u00een anul 2008.<\/p>","protected":false},"excerpt":{"rendered":"<p>Sorina Stanca Adresa: Calea Doroban\u0163ilor, nr. 104, 400609, Cluj-Napoca, Rom\u00e2nia Telefon: +40-264-430323; +40-264-595815E-mail: bjc[at]bjc.ro Studii: 1989 &#8211; Universitatea &#8222;Babe\u015f-Bolyai&#8221; &#8211; Facultatea de Matematic\u0103 \u015fi Fizic\u0103, Sec\u0163ia Fizic\u0103 1997 &#8211; Studii postuniversitare de biblioteconomie perfec\u0163ion\u0103ri \u00een \u0163ar\u0103 \u015fi str\u0103in\u0103tate Activitate profesional\u0103: 1989 &#8211; 1995 &#8211; profesor de fizic\u0103, din 1993 cu&hellip; <br \/> <a class=\"read-more\" href=\"https:\/\/new.bjc.ro\/?page_id=5066\">Cite\u0219te mai mult<\/a><\/p>\n","protected":false},"author":1,"featured_media":0,"parent":0,"menu_order":0,"comment_status":"closed","ping_status":"closed","template":"","meta":{"_monsterinsights_skip_tracking":false,"_monsterinsights_sitenote_active":false,"_monsterinsights_sitenote_note":"","_monsterinsights_sitenote_category":0,"_EventAllDay":false,"_EventTimezone":"","_EventStartDate":"","_EventEndDate":"","_EventStartDateUTC":"","_EventEndDateUTC":"","_EventShowMap":false,"_EventShowMapLink":false,"_EventURL":"","_EventCost":"","_EventCostDescription":"","_EventCurrencySymbol":"","_EventCurrencyCode":"","_EventCurrencyPosition":"","_EventDateTimeSeparator":"","_EventTimeRangeSeparator":"","_EventOrganizerID":[],"_EventVenueID":[],"_OrganizerEmail":"","_OrganizerPhone":"","_OrganizerWebsite":"","_VenueAddress":"","_VenueCity":"","_VenueCountry":"","_VenueProvince":"","_VenueState":"","_VenueZip":"","_VenuePhone":"","_VenueURL":"","_VenueStateProvince":"","_VenueLat":"","_VenueLng":"","_VenueShowMap":false,"_VenueShowMapLink":false,"footnotes":""},"class_list":["post-5066","page","type-page","status-publish","hentry"],"yoast_head":"<!-- This site is optimized with the Yoast SEO plugin v24.6 - https:\/\/yoast.com\/wordpress\/plugins\/seo\/ -->\n<title>Manager - Biblioteca Jude\u021bean\u0103 \u201eOctavian Goga\u201d Cluj<\/title>\n<meta name=\"robots\" content=\"index, follow, max-snippet:-1, max-image-preview:large, max-video-preview:-1\" \/>\n<link rel=\"canonical\" href=\"https:\/\/new.bjc.ro\/?page_id=5066\" \/>\n<meta property=\"og:locale\" content=\"ro_RO\" \/>\n<meta property=\"og:type\" content=\"article\" \/>\n<meta property=\"og:title\" content=\"Manager - Biblioteca Jude\u021bean\u0103 \u201eOctavian Goga\u201d Cluj\" \/>\n<meta property=\"og:description\" content=\"Sorina Stanca Adresa: Calea Doroban\u0163ilor, nr. 104, 400609, Cluj-Napoca, Rom\u00e2nia Telefon: +40-264-430323; +40-264-595815E-mail: bjc[at]bjc.ro Studii: 1989 &#8211; Universitatea &#8222;Babe\u015f-Bolyai&#8221; &#8211; Facultatea de Matematic\u0103 \u015fi Fizic\u0103, Sec\u0163ia Fizic\u0103 1997 &#8211; Studii postuniversitare de biblioteconomie perfec\u0163ion\u0103ri \u00een \u0163ar\u0103 \u015fi str\u0103in\u0103tate Activitate profesional\u0103: 1989 &#8211; 1995 &#8211; profesor de fizic\u0103, din 1993 cu&hellip; Cite\u0219te mai mult\" \/>\n<meta property=\"og:url\" content=\"https:\/\/new.bjc.ro\/?page_id=5066\" \/>\n<meta property=\"og:site_name\" content=\"Biblioteca Jude\u021bean\u0103 \u201eOctavian Goga\u201d Cluj\" \/>\n<meta property=\"article:publisher\" content=\"https:\/\/www.facebook.com\/bibliotecacluj\/\" \/>\n<meta property=\"article:modified_time\" content=\"2023-05-15T07:33:26+00:00\" \/>\n<meta property=\"og:image\" content=\"https:\/\/new.bjc.ro\/wp-content\/uploads\/2023\/02\/small_sorina_stanca.jpg\" \/>\n<meta name=\"twitter:card\" content=\"summary_large_image\" \/>\n<meta name=\"twitter:site\" content=\"@BibliotecaGoga\" \/>\n<meta name=\"twitter:label1\" content=\"Timp estimat pentru citire\" \/>\n\t<meta name=\"twitter:data1\" content=\"4 minute\" \/>\n<script type=\"application\/ld+json\" class=\"yoast-schema-graph\">{\"@context\":\"https:\/\/schema.org\",\"@graph\":[{\"@type\":\"WebPage\",\"@id\":\"https:\/\/new.bjc.ro\/?page_id=5066\",\"url\":\"https:\/\/new.bjc.ro\/?page_id=5066\",\"name\":\"Manager - Biblioteca Jude\u021bean\u0103 \u201eOctavian Goga\u201d Cluj\",\"isPartOf\":{\"@id\":\"https:\/\/new.bjc.ro\/#website\"},\"primaryImageOfPage\":{\"@id\":\"https:\/\/new.bjc.ro\/?page_id=5066#primaryimage\"},\"image\":{\"@id\":\"https:\/\/new.bjc.ro\/?page_id=5066#primaryimage\"},\"thumbnailUrl\":\"https:\/\/new.bjc.ro\/wp-content\/uploads\/2023\/02\/small_sorina_stanca.jpg\",\"datePublished\":\"2023-02-16T11:16:51+00:00\",\"dateModified\":\"2023-05-15T07:33:26+00:00\",\"breadcrumb\":{\"@id\":\"https:\/\/new.bjc.ro\/?page_id=5066#breadcrumb\"},\"inLanguage\":\"ro-RO\",\"potentialAction\":[{\"@type\":\"ReadAction\",\"target\":[\"https:\/\/new.bjc.ro\/?page_id=5066\"]}]},{\"@type\":\"ImageObject\",\"inLanguage\":\"ro-RO\",\"@id\":\"https:\/\/new.bjc.ro\/?page_id=5066#primaryimage\",\"url\":\"https:\/\/new.bjc.ro\/wp-content\/uploads\/2023\/02\/small_sorina_stanca.jpg\",\"contentUrl\":\"https:\/\/new.bjc.ro\/wp-content\/uploads\/2023\/02\/small_sorina_stanca.jpg\",\"width\":90,\"height\":130},{\"@type\":\"BreadcrumbList\",\"@id\":\"https:\/\/new.bjc.ro\/?page_id=5066#breadcrumb\",\"itemListElement\":[{\"@type\":\"ListItem\",\"position\":1,\"name\":\"Home\",\"item\":\"https:\/\/new.bjc.ro\/\"},{\"@type\":\"ListItem\",\"position\":2,\"name\":\"Manager\"}]},{\"@type\":\"WebSite\",\"@id\":\"https:\/\/new.bjc.ro\/#website\",\"url\":\"https:\/\/new.bjc.ro\/\",\"name\":\"Biblioteca Jude\u021bean\u0103 \u201eOctavian Goga\u201d Cluj\",\"description\":\"\",\"publisher\":{\"@id\":\"https:\/\/new.bjc.ro\/#organization\"},\"alternateName\":\"Biblioteca Jude\u021bean\u0103 Cluj\",\"potentialAction\":[{\"@type\":\"SearchAction\",\"target\":{\"@type\":\"EntryPoint\",\"urlTemplate\":\"https:\/\/new.bjc.ro\/?s={search_term_string}\"},\"query-input\":{\"@type\":\"PropertyValueSpecification\",\"valueRequired\":true,\"valueName\":\"search_term_string\"}}],\"inLanguage\":\"ro-RO\"},{\"@type\":\"Organization\",\"@id\":\"https:\/\/new.bjc.ro\/#organization\",\"name\":\"Biblioteca Jude\u021bean\u0103 \u201eOctavian Goga\u201d Cluj\",\"url\":\"https:\/\/new.bjc.ro\/\",\"logo\":{\"@type\":\"ImageObject\",\"inLanguage\":\"ro-RO\",\"@id\":\"https:\/\/new.bjc.ro\/#\/schema\/logo\/image\/\",\"url\":\"https:\/\/new.bjc.ro\/wp-content\/uploads\/2023\/03\/sigle.jpg\",\"contentUrl\":\"https:\/\/new.bjc.ro\/wp-content\/uploads\/2023\/03\/sigle.jpg\",\"width\":630,\"height\":473,\"caption\":\"Biblioteca Jude\u021bean\u0103 \u201eOctavian Goga\u201d Cluj\"},\"image\":{\"@id\":\"https:\/\/new.bjc.ro\/#\/schema\/logo\/image\/\"},\"sameAs\":[\"https:\/\/www.facebook.com\/bibliotecacluj\/\",\"https:\/\/x.com\/BibliotecaGoga\",\"https:\/\/www.instagram.com\/biblioteca_judeteana_cluj\/\",\"https:\/\/www.youtube.com\/user\/BibliotecaGoga\"]}]}<\/script>\n<!-- \/ Yoast SEO plugin. -->","yoast_head_json":{"title":"Manager - Biblioteca Jude\u021bean\u0103 \u201eOctavian Goga\u201d Cluj","robots":{"index":"index","follow":"follow","max-snippet":"max-snippet:-1","max-image-preview":"max-image-preview:large","max-video-preview":"max-video-preview:-1"},"canonical":"https:\/\/new.bjc.ro\/?page_id=5066","og_locale":"ro_RO","og_type":"article","og_title":"Manager - Biblioteca Jude\u021bean\u0103 \u201eOctavian Goga\u201d Cluj","og_description":"Sorina Stanca Adresa: Calea Doroban\u0163ilor, nr. 104, 400609, Cluj-Napoca, Rom\u00e2nia Telefon: +40-264-430323; +40-264-595815E-mail: bjc[at]bjc.ro Studii: 1989 &#8211; Universitatea &#8222;Babe\u015f-Bolyai&#8221; &#8211; Facultatea de Matematic\u0103 \u015fi Fizic\u0103, Sec\u0163ia Fizic\u0103 1997 &#8211; Studii postuniversitare de biblioteconomie perfec\u0163ion\u0103ri \u00een \u0163ar\u0103 \u015fi str\u0103in\u0103tate Activitate profesional\u0103: 1989 &#8211; 1995 &#8211; profesor de fizic\u0103, din 1993 cu&hellip; Cite\u0219te mai mult","og_url":"https:\/\/new.bjc.ro\/?page_id=5066","og_site_name":"Biblioteca Jude\u021bean\u0103 \u201eOctavian Goga\u201d Cluj","article_publisher":"https:\/\/www.facebook.com\/bibliotecacluj\/","article_modified_time":"2023-05-15T07:33:26+00:00","og_image":[{"url":"https:\/\/new.bjc.ro\/wp-content\/uploads\/2023\/02\/small_sorina_stanca.jpg","type":"","width":"","height":""}],"twitter_card":"summary_large_image","twitter_site":"@BibliotecaGoga","twitter_misc":{"Timp estimat pentru citire":"4 minute"},"schema":{"@context":"https:\/\/schema.org","@graph":[{"@type":"WebPage","@id":"https:\/\/new.bjc.ro\/?page_id=5066","url":"https:\/\/new.bjc.ro\/?page_id=5066","name":"Manager - Biblioteca Jude\u021bean\u0103 \u201eOctavian Goga\u201d Cluj","isPartOf":{"@id":"https:\/\/new.bjc.ro\/#website"},"primaryImageOfPage":{"@id":"https:\/\/new.bjc.ro\/?page_id=5066#primaryimage"},"image":{"@id":"https:\/\/new.bjc.ro\/?page_id=5066#primaryimage"},"thumbnailUrl":"https:\/\/new.bjc.ro\/wp-content\/uploads\/2023\/02\/small_sorina_stanca.jpg","datePublished":"2023-02-16T11:16:51+00:00","dateModified":"2023-05-15T07:33:26+00:00","breadcrumb":{"@id":"https:\/\/new.bjc.ro\/?page_id=5066#breadcrumb"},"inLanguage":"ro-RO","potentialAction":[{"@type":"ReadAction","target":["https:\/\/new.bjc.ro\/?page_id=5066"]}]},{"@type":"ImageObject","inLanguage":"ro-RO","@id":"https:\/\/new.bjc.ro\/?page_id=5066#primaryimage","url":"https:\/\/new.bjc.ro\/wp-content\/uploads\/2023\/02\/small_sorina_stanca.jpg","contentUrl":"https:\/\/new.bjc.ro\/wp-content\/uploads\/2023\/02\/small_sorina_stanca.jpg","width":90,"height":130},{"@type":"BreadcrumbList","@id":"https:\/\/new.bjc.ro\/?page_id=5066#breadcrumb","itemListElement":[{"@type":"ListItem","position":1,"name":"Home","item":"https:\/\/new.bjc.ro\/"},{"@type":"ListItem","position":2,"name":"Manager"}]},{"@type":"WebSite","@id":"https:\/\/new.bjc.ro\/#website","url":"https:\/\/new.bjc.ro\/","name":"Biblioteca Jude\u021bean\u0103 \u201eOctavian Goga\u201d Cluj","description":"","publisher":{"@id":"https:\/\/new.bjc.ro\/#organization"},"alternateName":"Biblioteca Jude\u021bean\u0103 Cluj","potentialAction":[{"@type":"SearchAction","target":{"@type":"EntryPoint","urlTemplate":"https:\/\/new.bjc.ro\/?s={search_term_string}"},"query-input":{"@type":"PropertyValueSpecification","valueRequired":true,"valueName":"search_term_string"}}],"inLanguage":"ro-RO"},{"@type":"Organization","@id":"https:\/\/new.bjc.ro\/#organization","name":"Biblioteca Jude\u021bean\u0103 \u201eOctavian Goga\u201d Cluj","url":"https:\/\/new.bjc.ro\/","logo":{"@type":"ImageObject","inLanguage":"ro-RO","@id":"https:\/\/new.bjc.ro\/#\/schema\/logo\/image\/","url":"https:\/\/new.bjc.ro\/wp-content\/uploads\/2023\/03\/sigle.jpg","contentUrl":"https:\/\/new.bjc.ro\/wp-content\/uploads\/2023\/03\/sigle.jpg","width":630,"height":473,"caption":"Biblioteca Jude\u021bean\u0103 \u201eOctavian Goga\u201d Cluj"},"image":{"@id":"https:\/\/new.bjc.ro\/#\/schema\/logo\/image\/"},"sameAs":["https:\/\/www.facebook.com\/bibliotecacluj\/","https:\/\/x.com\/BibliotecaGoga","https:\/\/www.instagram.com\/biblioteca_judeteana_cluj\/","https:\/\/www.youtube.com\/user\/BibliotecaGoga"]}]}},"_links":{"self":[{"href":"https:\/\/new.bjc.ro\/index.php?rest_route=\/wp\/v2\/pages\/5066","targetHints":{"allow":["GET"]}}],"collection":[{"href":"https:\/\/new.bjc.ro\/index.php?rest_route=\/wp\/v2\/pages"}],"about":[{"href":"https:\/\/new.bjc.ro\/index.php?rest_route=\/wp\/v2\/types\/page"}],"author":[{"embeddable":true,"href":"https:\/\/new.bjc.ro\/index.php?rest_route=\/wp\/v2\/users\/1"}],"replies":[{"embeddable":true,"href":"https:\/\/new.bjc.ro\/index.php?rest_route=%2Fwp%2Fv2%2Fcomments&post=5066"}],"version-history":[{"count":7,"href":"https:\/\/new.bjc.ro\/index.php?rest_route=\/wp\/v2\/pages\/5066\/revisions"}],"predecessor-version":[{"id":7474,"href":"https:\/\/new.bjc.ro\/index.php?rest_route=\/wp\/v2\/pages\/5066\/revisions\/7474"}],"wp:attachment":[{"href":"https:\/\/new.bjc.ro\/index.php?rest_route=%2Fwp%2Fv2%2Fmedia&parent=5066"}],"curies":[{"name":"wp","href":"https:\/\/api.w.org\/{rel}","templated":true}]}}