{"id":5073,"date":"2023-02-16T13:36:17","date_gmt":"2023-02-16T11:36:17","guid":{"rendered":"https:\/\/new.bjc.ro\/?page_id=5073"},"modified":"2023-05-15T10:31:20","modified_gmt":"2023-05-15T07:31:20","slug":"director-adjunct","status":"publish","type":"page","link":"https:\/\/new.bjc.ro\/?page_id=5073","title":{"rendered":"Director adjunct"},"content":{"rendered":"<p><strong><em>Floarea Elena Mo\u015foiu<\/em><\/strong><\/p>\n<p>Adresa: Calea Doroban\u0163ilor nr. 104<br \/>\nTelefon: 0264-430323; 0264-595815<br \/>\nE-mail: bjc[at]bjc.ro<\/p>\n<p><strong>Studii: <\/strong><\/p>\n<ul>\n<li>1992 &#8211; Universitatea Tehnic\u0103 Cluj-Napoca, Facultatea de Tehnologia Construc\u0163iilor de Ma\u015fini<\/li>\n<li>1993 &#8211; Centrul de preg\u0103tire \u00een informatic\u0103 ITC. S.A. Cluj-Napoca<\/li>\n<li>1994 &#8211; Studii postuniversitare de biblioteconomie<\/li>\n<li>perfec\u0163ion\u0103ri \u00een \u0163ar\u0103 \u015fi str\u0103in\u0103tate<\/li>\n<\/ul>\n<p><strong>Activitate profesional\u0103:<\/strong><\/p>\n<ul>\n<li>1992 &#8211; 1993 &#8211; inginer, Regia Autonom\u0103 de Transport Local Dej<\/li>\n<li>1993 &#8211; 1996 &#8211; bibliotecar, Biblioteca Jude\u0163ean\u0103 &#8222;Octavian Goga&#8221; Cluj<\/li>\n<li>1996 &#8211; 2003 &#8211; analist programator, Biblioteca Jude\u0163ean\u0103 &#8222;Octavian Goga&#8221; Cluj<\/li>\n<li>2003 &#8211; 2009 &#8211; \u015fef birou, Laborator Informatizare, Biblioteca Jude\u0163ean\u0103 &#8222;Octavian Goga&#8221; Cluj<\/li>\n<li>2009 &#8211; director adjunct,\u00a0Biblioteca Jude\u0163ean\u0103 &#8222;Octavian Goga&#8221; Cluj<\/li>\n<li>din 2001\u00a0 &#8211; membru \u00een Comisia pentru <em>automatizarea serviciilor \u015fi digitizare a ANBPR <\/em><\/li>\n<\/ul>\n<ul>\n<li>2005 &#8211; 2006 &#8211;\u00a0 membru \u00een echipa tehnic\u0103 a Proiectului European <em>LIBER-IMMS: Servicii interactive de transmitere de mesaje prin Internet \u015fi telefonie mobil\u0103, bazate pe tehnologia RFID, destinate bibliotecilor<\/em><\/li>\n<li>2008 &#8211; 2011 &#8211; coordonator tehnic \u00een cadrul Proiectului <em>Europeana Local &#8211; Making local and regional content accessible through the European Digital Library <\/em><\/li>\n<li>2010 &#8211; 2014 &#8211; coordonator pentru jude\u0163ul Cluj al Programului <em>Biblionet &#8211; lumea \u00een biblioteca mea<\/em><\/li>\n<li>2011 &#8211; membru \u00een echipa proiectului <em>\u201eCum g\u0103se\u015fti o carte de&#8230; munc\u0103?&#8221; <\/em><\/li>\n<li>2012 &#8211; 2014 &#8211; membru \u00een echipa proiectului <em>Europeana Awareness<\/em><\/li>\n<li>2013<em> &#8211; <\/em>2016 &#8211; coordonator tehnic \u00een cadrul Proiectului european Locloud &#8211; Con\u0163inut local \u00eentr-un cloud Europeana<\/li>\n<li>2018 &#8211; 2020 &#8211; membru \u00een echipa proiectului Enrich Europeana<\/li>\n<li>2019 &#8211; 2021 &#8211; membru \u00een echipa proiectului E-cultura<\/li>\n<li>2020 &#8211; 2022 &#8211; membru \u00een echipa proiectului EuropeanaSport<\/li>\n<\/ul>\n<p><strong>Premii speciale:<\/strong><\/p>\n<ul>\n<li>Premiul ANBPR &#8211; Filiala Cluj &#8211; <strong>Premiu pentru contribu\u0163ii profesionale deosebite (2002)<\/strong><\/li>\n<li>Premiul ANBPR &#8211; Filiala Cluj <strong>&#8211;\u00a0 Premiu pentru contribu\u0163ii deosebite la realizarea publica\u0163iilor electronice (2003)<\/strong><\/li>\n<li>Premiul ANBPR &#8211; Filiala Cluj &#8211; <strong>Premiu pentru implementarea programului Biblionet \u00een jude\u0163ul Cluj (2011)<\/strong><\/li>\n<\/ul>\n<p><strong>Activitatea de perfec\u0163ionare:<\/strong><\/p>\n<ul>\n<li>Curs Formare programatori IBM-PC &#8211; 1993<\/li>\n<li>Ini\u0163iere \u00een utilizarea calculatoarelor personale &#8211; 1993<\/li>\n<li>Seminar interna\u0163ional &#8222;Controlul\u00a0 Bibliografic Universal&#8221; &#8211; 1993<\/li>\n<li>Seminar &#8222;The education and training of librarians&#8221; &#8211; 1994<\/li>\n<li>Seminar &#8222;Biblioteca: Prezent \u015fi viitor&#8221; &#8211; 1996<\/li>\n<li>Proiectul PLDP &#8211; Vizit\u0103 de studiu Newcastle &#8211; Anglia &#8211; 1997<\/li>\n<li>Curs &#8222;Internet avansat&#8221; &#8211; 2003<\/li>\n<li>Curs &#8222;Biblioteca electronic\u0103&#8221; &#8211; 2003<\/li>\n<li>Curs certificat\u00a0 \u201eManager de proiect&#8221;\u00a0 &#8211; 2008<\/li>\n<li>Workshop tehnic \u00een cadrul proiectului EuropeanaLocal &#8211; Bratislava &#8211; 2009<\/li>\n<li>Curs certificat de management cultural &#8211; 2010<\/li>\n<li>Curs certificat formator &#8211; 2010<\/li>\n<li>Curs de ini\u0163iere \u00een fotografia digital\u0103 \u015fi prelucrare de imagine &#8211; 2010<\/li>\n<li>Vizita de studiu \u00een Polonia prin Programul Biblionet &#8211; 2012<\/li>\n<\/ul>\n<p><strong>Altele:<\/strong><\/p>\n<ul>\n<li>Articole de specialitate publicate \u00een reviste din \u0163ar\u0103.<\/li>\n<li>Lucr\u0103ri \u015fi prezent\u0103ri sus\u0163inute cu ocazia unor activit\u0103\u0163i profesionale sau workshop-uri.<\/li>\n<li>Cursuri sus\u0163inute pentru bibliotecarii din biblioteca jude\u0163ean\u0103 \u015fi bibliotecile publice din jude\u0163.<\/li>\n<\/ul>\n<p>&nbsp;<\/p>\n","protected":false},"excerpt":{"rendered":"<p>Floarea Elena Mo\u015foiu Adresa: Calea Doroban\u0163ilor nr. 104 Telefon: 0264-430323; 0264-595815 E-mail: bjc[at]bjc.ro Studii: 1992 &#8211; Universitatea Tehnic\u0103 Cluj-Napoca, Facultatea de Tehnologia Construc\u0163iilor de Ma\u015fini 1993 &#8211; Centrul de preg\u0103tire \u00een informatic\u0103 ITC. S.A. Cluj-Napoca 1994 &#8211; Studii postuniversitare de biblioteconomie perfec\u0163ion\u0103ri \u00een \u0163ar\u0103 \u015fi str\u0103in\u0103tate Activitate profesional\u0103: 1992 &#8211;&hellip; <br \/> <a class=\"read-more\" href=\"https:\/\/new.bjc.ro\/?page_id=5073\">Cite\u0219te mai mult<\/a><\/p>\n","protected":false},"author":1,"featured_media":0,"parent":0,"menu_order":0,"comment_status":"closed","ping_status":"closed","template":"","meta":{"_monsterinsights_skip_tracking":false,"_monsterinsights_sitenote_active":false,"_monsterinsights_sitenote_note":"","_monsterinsights_sitenote_category":0,"_EventAllDay":false,"_EventTimezone":"","_EventStartDate":"","_EventEndDate":"","_EventStartDateUTC":"","_EventEndDateUTC":"","_EventShowMap":false,"_EventShowMapLink":false,"_EventURL":"","_EventCost":"","_EventCostDescription":"","_EventCurrencySymbol":"","_EventCurrencyCode":"","_EventCurrencyPosition":"","_EventDateTimeSeparator":"","_EventTimeRangeSeparator":"","_EventOrganizerID":[],"_EventVenueID":[],"_OrganizerEmail":"","_OrganizerPhone":"","_OrganizerWebsite":"","_VenueAddress":"","_VenueCity":"","_VenueCountry":"","_VenueProvince":"","_VenueState":"","_VenueZip":"","_VenuePhone":"","_VenueURL":"","_VenueStateProvince":"","_VenueLat":"","_VenueLng":"","_VenueShowMap":false,"_VenueShowMapLink":false,"footnotes":""},"class_list":["post-5073","page","type-page","status-publish","hentry"],"yoast_head":"<!-- This site is optimized with the Yoast SEO plugin v24.6 - https:\/\/yoast.com\/wordpress\/plugins\/seo\/ -->\n<title>Director adjunct - Biblioteca Jude\u021bean\u0103 \u201eOctavian Goga\u201d Cluj<\/title>\n<meta name=\"robots\" content=\"index, follow, max-snippet:-1, max-image-preview:large, max-video-preview:-1\" \/>\n<link rel=\"canonical\" href=\"https:\/\/new.bjc.ro\/?page_id=5073\" \/>\n<meta property=\"og:locale\" content=\"ro_RO\" \/>\n<meta property=\"og:type\" content=\"article\" \/>\n<meta property=\"og:title\" content=\"Director adjunct - Biblioteca Jude\u021bean\u0103 \u201eOctavian Goga\u201d Cluj\" \/>\n<meta property=\"og:description\" content=\"Floarea Elena Mo\u015foiu Adresa: Calea Doroban\u0163ilor nr. 104 Telefon: 0264-430323; 0264-595815 E-mail: bjc[at]bjc.ro Studii: 1992 &#8211; Universitatea Tehnic\u0103 Cluj-Napoca, Facultatea de Tehnologia Construc\u0163iilor de Ma\u015fini 1993 &#8211; Centrul de preg\u0103tire \u00een informatic\u0103 ITC. S.A. Cluj-Napoca 1994 &#8211; Studii postuniversitare de biblioteconomie perfec\u0163ion\u0103ri \u00een \u0163ar\u0103 \u015fi str\u0103in\u0103tate Activitate profesional\u0103: 1992 &#8211;&hellip; Cite\u0219te mai mult\" \/>\n<meta property=\"og:url\" content=\"https:\/\/new.bjc.ro\/?page_id=5073\" \/>\n<meta property=\"og:site_name\" content=\"Biblioteca Jude\u021bean\u0103 \u201eOctavian Goga\u201d Cluj\" \/>\n<meta property=\"article:publisher\" content=\"https:\/\/www.facebook.com\/bibliotecacluj\/\" \/>\n<meta property=\"article:modified_time\" content=\"2023-05-15T07:31:20+00:00\" \/>\n<meta property=\"og:image\" content=\"https:\/\/new.bjc.ro\/wp-content\/uploads\/2023\/01\/IMG_5597-1.jpg\" \/>\n\t<meta property=\"og:image:width\" content=\"2000\" \/>\n\t<meta property=\"og:image:height\" content=\"1333\" \/>\n\t<meta property=\"og:image:type\" content=\"image\/jpeg\" \/>\n<meta name=\"twitter:card\" content=\"summary_large_image\" \/>\n<meta name=\"twitter:site\" content=\"@BibliotecaGoga\" \/>\n<meta name=\"twitter:label1\" content=\"Timp estimat pentru citire\" \/>\n\t<meta name=\"twitter:data1\" content=\"3 minute\" \/>\n<script type=\"application\/ld+json\" class=\"yoast-schema-graph\">{\"@context\":\"https:\/\/schema.org\",\"@graph\":[{\"@type\":\"WebPage\",\"@id\":\"https:\/\/new.bjc.ro\/?page_id=5073\",\"url\":\"https:\/\/new.bjc.ro\/?page_id=5073\",\"name\":\"Director adjunct - Biblioteca Jude\u021bean\u0103 \u201eOctavian Goga\u201d Cluj\",\"isPartOf\":{\"@id\":\"https:\/\/new.bjc.ro\/#website\"},\"datePublished\":\"2023-02-16T11:36:17+00:00\",\"dateModified\":\"2023-05-15T07:31:20+00:00\",\"breadcrumb\":{\"@id\":\"https:\/\/new.bjc.ro\/?page_id=5073#breadcrumb\"},\"inLanguage\":\"ro-RO\",\"potentialAction\":[{\"@type\":\"ReadAction\",\"target\":[\"https:\/\/new.bjc.ro\/?page_id=5073\"]}]},{\"@type\":\"BreadcrumbList\",\"@id\":\"https:\/\/new.bjc.ro\/?page_id=5073#breadcrumb\",\"itemListElement\":[{\"@type\":\"ListItem\",\"position\":1,\"name\":\"Home\",\"item\":\"https:\/\/new.bjc.ro\/\"},{\"@type\":\"ListItem\",\"position\":2,\"name\":\"Director adjunct\"}]},{\"@type\":\"WebSite\",\"@id\":\"https:\/\/new.bjc.ro\/#website\",\"url\":\"https:\/\/new.bjc.ro\/\",\"name\":\"Biblioteca Jude\u021bean\u0103 \u201eOctavian Goga\u201d Cluj\",\"description\":\"\",\"publisher\":{\"@id\":\"https:\/\/new.bjc.ro\/#organization\"},\"alternateName\":\"Biblioteca Jude\u021bean\u0103 Cluj\",\"potentialAction\":[{\"@type\":\"SearchAction\",\"target\":{\"@type\":\"EntryPoint\",\"urlTemplate\":\"https:\/\/new.bjc.ro\/?s={search_term_string}\"},\"query-input\":{\"@type\":\"PropertyValueSpecification\",\"valueRequired\":true,\"valueName\":\"search_term_string\"}}],\"inLanguage\":\"ro-RO\"},{\"@type\":\"Organization\",\"@id\":\"https:\/\/new.bjc.ro\/#organization\",\"name\":\"Biblioteca Jude\u021bean\u0103 \u201eOctavian Goga\u201d Cluj\",\"url\":\"https:\/\/new.bjc.ro\/\",\"logo\":{\"@type\":\"ImageObject\",\"inLanguage\":\"ro-RO\",\"@id\":\"https:\/\/new.bjc.ro\/#\/schema\/logo\/image\/\",\"url\":\"https:\/\/new.bjc.ro\/wp-content\/uploads\/2023\/03\/sigle.jpg\",\"contentUrl\":\"https:\/\/new.bjc.ro\/wp-content\/uploads\/2023\/03\/sigle.jpg\",\"width\":630,\"height\":473,\"caption\":\"Biblioteca Jude\u021bean\u0103 \u201eOctavian Goga\u201d Cluj\"},\"image\":{\"@id\":\"https:\/\/new.bjc.ro\/#\/schema\/logo\/image\/\"},\"sameAs\":[\"https:\/\/www.facebook.com\/bibliotecacluj\/\",\"https:\/\/x.com\/BibliotecaGoga\",\"https:\/\/www.instagram.com\/biblioteca_judeteana_cluj\/\",\"https:\/\/www.youtube.com\/user\/BibliotecaGoga\"]}]}<\/script>\n<!-- \/ Yoast SEO plugin. -->","yoast_head_json":{"title":"Director adjunct - Biblioteca Jude\u021bean\u0103 \u201eOctavian Goga\u201d Cluj","robots":{"index":"index","follow":"follow","max-snippet":"max-snippet:-1","max-image-preview":"max-image-preview:large","max-video-preview":"max-video-preview:-1"},"canonical":"https:\/\/new.bjc.ro\/?page_id=5073","og_locale":"ro_RO","og_type":"article","og_title":"Director adjunct - Biblioteca Jude\u021bean\u0103 \u201eOctavian Goga\u201d Cluj","og_description":"Floarea Elena Mo\u015foiu Adresa: Calea Doroban\u0163ilor nr. 104 Telefon: 0264-430323; 0264-595815 E-mail: bjc[at]bjc.ro Studii: 1992 &#8211; Universitatea Tehnic\u0103 Cluj-Napoca, Facultatea de Tehnologia Construc\u0163iilor de Ma\u015fini 1993 &#8211; Centrul de preg\u0103tire \u00een informatic\u0103 ITC. S.A. Cluj-Napoca 1994 &#8211; Studii postuniversitare de biblioteconomie perfec\u0163ion\u0103ri \u00een \u0163ar\u0103 \u015fi str\u0103in\u0103tate Activitate profesional\u0103: 1992 &#8211;&hellip; Cite\u0219te mai mult","og_url":"https:\/\/new.bjc.ro\/?page_id=5073","og_site_name":"Biblioteca Jude\u021bean\u0103 \u201eOctavian Goga\u201d Cluj","article_publisher":"https:\/\/www.facebook.com\/bibliotecacluj\/","article_modified_time":"2023-05-15T07:31:20+00:00","og_image":[{"width":2000,"height":1333,"url":"https:\/\/new.bjc.ro\/wp-content\/uploads\/2023\/01\/IMG_5597-1.jpg","type":"image\/jpeg"}],"twitter_card":"summary_large_image","twitter_site":"@BibliotecaGoga","twitter_misc":{"Timp estimat pentru citire":"3 minute"},"schema":{"@context":"https:\/\/schema.org","@graph":[{"@type":"WebPage","@id":"https:\/\/new.bjc.ro\/?page_id=5073","url":"https:\/\/new.bjc.ro\/?page_id=5073","name":"Director adjunct - Biblioteca Jude\u021bean\u0103 \u201eOctavian Goga\u201d Cluj","isPartOf":{"@id":"https:\/\/new.bjc.ro\/#website"},"datePublished":"2023-02-16T11:36:17+00:00","dateModified":"2023-05-15T07:31:20+00:00","breadcrumb":{"@id":"https:\/\/new.bjc.ro\/?page_id=5073#breadcrumb"},"inLanguage":"ro-RO","potentialAction":[{"@type":"ReadAction","target":["https:\/\/new.bjc.ro\/?page_id=5073"]}]},{"@type":"BreadcrumbList","@id":"https:\/\/new.bjc.ro\/?page_id=5073#breadcrumb","itemListElement":[{"@type":"ListItem","position":1,"name":"Home","item":"https:\/\/new.bjc.ro\/"},{"@type":"ListItem","position":2,"name":"Director adjunct"}]},{"@type":"WebSite","@id":"https:\/\/new.bjc.ro\/#website","url":"https:\/\/new.bjc.ro\/","name":"Biblioteca Jude\u021bean\u0103 \u201eOctavian Goga\u201d Cluj","description":"","publisher":{"@id":"https:\/\/new.bjc.ro\/#organization"},"alternateName":"Biblioteca Jude\u021bean\u0103 Cluj","potentialAction":[{"@type":"SearchAction","target":{"@type":"EntryPoint","urlTemplate":"https:\/\/new.bjc.ro\/?s={search_term_string}"},"query-input":{"@type":"PropertyValueSpecification","valueRequired":true,"valueName":"search_term_string"}}],"inLanguage":"ro-RO"},{"@type":"Organization","@id":"https:\/\/new.bjc.ro\/#organization","name":"Biblioteca Jude\u021bean\u0103 \u201eOctavian Goga\u201d Cluj","url":"https:\/\/new.bjc.ro\/","logo":{"@type":"ImageObject","inLanguage":"ro-RO","@id":"https:\/\/new.bjc.ro\/#\/schema\/logo\/image\/","url":"https:\/\/new.bjc.ro\/wp-content\/uploads\/2023\/03\/sigle.jpg","contentUrl":"https:\/\/new.bjc.ro\/wp-content\/uploads\/2023\/03\/sigle.jpg","width":630,"height":473,"caption":"Biblioteca Jude\u021bean\u0103 \u201eOctavian Goga\u201d Cluj"},"image":{"@id":"https:\/\/new.bjc.ro\/#\/schema\/logo\/image\/"},"sameAs":["https:\/\/www.facebook.com\/bibliotecacluj\/","https:\/\/x.com\/BibliotecaGoga","https:\/\/www.instagram.com\/biblioteca_judeteana_cluj\/","https:\/\/www.youtube.com\/user\/BibliotecaGoga"]}]}},"_links":{"self":[{"href":"https:\/\/new.bjc.ro\/index.php?rest_route=\/wp\/v2\/pages\/5073","targetHints":{"allow":["GET"]}}],"collection":[{"href":"https:\/\/new.bjc.ro\/index.php?rest_route=\/wp\/v2\/pages"}],"about":[{"href":"https:\/\/new.bjc.ro\/index.php?rest_route=\/wp\/v2\/types\/page"}],"author":[{"embeddable":true,"href":"https:\/\/new.bjc.ro\/index.php?rest_route=\/wp\/v2\/users\/1"}],"replies":[{"embeddable":true,"href":"https:\/\/new.bjc.ro\/index.php?rest_route=%2Fwp%2Fv2%2Fcomments&post=5073"}],"version-history":[{"count":6,"href":"https:\/\/new.bjc.ro\/index.php?rest_route=\/wp\/v2\/pages\/5073\/revisions"}],"predecessor-version":[{"id":7473,"href":"https:\/\/new.bjc.ro\/index.php?rest_route=\/wp\/v2\/pages\/5073\/revisions\/7473"}],"wp:attachment":[{"href":"https:\/\/new.bjc.ro\/index.php?rest_route=%2Fwp%2Fv2%2Fmedia&parent=5073"}],"curies":[{"name":"wp","href":"https:\/\/api.w.org\/{rel}","templated":true}]}}