{"id":5087,"date":"2023-02-16T14:32:37","date_gmt":"2023-02-16T12:32:37","guid":{"rendered":"https:\/\/new.bjc.ro\/?page_id=5087"},"modified":"2023-05-15T10:35:52","modified_gmt":"2023-05-15T07:35:52","slug":"biroul-achizitii-evidenta-prelucrare-dll","status":"publish","type":"page","link":"https:\/\/new.bjc.ro\/?page_id=5087","title":{"rendered":"Biroul Achizi\u0163ii, Eviden\u0163\u0103, Prelucrare \u015fi Depozit legal local"},"content":{"rendered":"<p>Adresa: Calea Doroban\u0163ilor nr. 104<br \/>\nTelefon.: 0264-430323; 0264-595815<br \/>\nE-mail: evid_prel[at]bjc.ro<\/p>\n<p><strong>Activit\u0103\u0163i:<\/strong><\/p>\n<ul>\n<li>achizi\u0163ia de documente de bibliotec\u0103 \u00een conformitate cu <em>Politica de dezvoltare<\/em> a colec\u0163iilor bibliotecii \u0219i a legisla\u021biei \u00een vigoare;<\/li>\n<li>stabilirea \u015fi men\u0163inerea leg\u0103turii cu produc\u0103torii de documente din jude\u0163ul Cluj \u00een vederea constituirii \u015fi dezvolt\u0103rii colec\u0163iei Depozitului legal local, prin aplicarea consecvent\u0103 a legisla\u0163iei \u00een vigoare;<\/li>\n<li>prelucrarea biblioteconomic\u0103 a tuturor documentelor achizi\u021bionate (indiferent de modul de achizi\u021bie), \u00een regim automatizat, utiliz\u00e2nd soft-ul integrat de bibliotec\u0103 Qulto;<\/li>\n<li>prelucrarea fizic\u0103 a documentelor carte, audiovizuale \u015fi a celor electronice;<\/li>\n<li>corectarea \u015fi completarea retroactiv\u0103 a bazei de date;<\/li>\n<li>operarea proceselor-verbale de scoatere \u015fi transfer \u00een regim automatizat \u015fi tradi\u0163ional;<\/li>\n<li>realizarea urm\u0103toarelor produse de informare: <em>Buletinul nout\u0103\u0163ilor: Lista c\u0103r\u0163ilor achizi\u0163ionate<\/em> (lunar), <em>Buletinul nout\u0103\u021bilor: documente audiovizuale \u0219i electronice<\/em> (semestrial), <em>Buletinul publica\u0163iilor seriale<\/em> \u0219i <em>Buletinul Depozitului Legal Local<\/em> (anual).<\/li>\n<\/ul>\n","protected":false},"excerpt":{"rendered":"<p>Adresa: Calea Doroban\u0163ilor nr. 104 Telefon.: 0264-430323; 0264-595815 E-mail: evid_prel[at]bjc.ro Activit\u0103\u0163i: achizi\u0163ia de documente de bibliotec\u0103 \u00een conformitate cu Politica de dezvoltare a colec\u0163iilor bibliotecii \u0219i a legisla\u021biei \u00een vigoare; stabilirea \u015fi men\u0163inerea leg\u0103turii cu produc\u0103torii de documente din jude\u0163ul Cluj \u00een vederea constituirii \u015fi dezvolt\u0103rii colec\u0163iei Depozitului legal local,&hellip; <br \/> <a class=\"read-more\" href=\"https:\/\/new.bjc.ro\/?page_id=5087\">Cite\u0219te mai mult<\/a><\/p>\n","protected":false},"author":1,"featured_media":0,"parent":0,"menu_order":0,"comment_status":"closed","ping_status":"closed","template":"","meta":{"_monsterinsights_skip_tracking":false,"_monsterinsights_sitenote_active":false,"_monsterinsights_sitenote_note":"","_monsterinsights_sitenote_category":0,"_EventAllDay":false,"_EventTimezone":"","_EventStartDate":"","_EventEndDate":"","_EventStartDateUTC":"","_EventEndDateUTC":"","_EventShowMap":false,"_EventShowMapLink":false,"_EventURL":"","_EventCost":"","_EventCostDescription":"","_EventCurrencySymbol":"","_EventCurrencyCode":"","_EventCurrencyPosition":"","_EventDateTimeSeparator":"","_EventTimeRangeSeparator":"","_EventOrganizerID":[],"_EventVenueID":[],"_OrganizerEmail":"","_OrganizerPhone":"","_OrganizerWebsite":"","_VenueAddress":"","_VenueCity":"","_VenueCountry":"","_VenueProvince":"","_VenueState":"","_VenueZip":"","_VenuePhone":"","_VenueURL":"","_VenueStateProvince":"","_VenueLat":"","_VenueLng":"","_VenueShowMap":false,"_VenueShowMapLink":false,"footnotes":""},"class_list":["post-5087","page","type-page","status-publish","hentry"],"yoast_head":"<!-- This site is optimized with the Yoast SEO plugin v24.6 - https:\/\/yoast.com\/wordpress\/plugins\/seo\/ -->\n<title>Biroul Achizi\u0163ii, Eviden\u0163\u0103, Prelucrare \u015fi Depozit legal local - Biblioteca Jude\u021bean\u0103 \u201eOctavian Goga\u201d Cluj<\/title>\n<meta name=\"robots\" content=\"index, follow, max-snippet:-1, max-image-preview:large, max-video-preview:-1\" \/>\n<link rel=\"canonical\" href=\"https:\/\/new.bjc.ro\/?page_id=5087\" \/>\n<meta property=\"og:locale\" content=\"ro_RO\" \/>\n<meta property=\"og:type\" content=\"article\" \/>\n<meta property=\"og:title\" content=\"Biroul Achizi\u0163ii, Eviden\u0163\u0103, Prelucrare \u015fi Depozit legal local - Biblioteca Jude\u021bean\u0103 \u201eOctavian Goga\u201d Cluj\" \/>\n<meta property=\"og:description\" content=\"Adresa: Calea Doroban\u0163ilor nr. 104 Telefon.: 0264-430323; 0264-595815 E-mail: evid_prel[at]bjc.ro Activit\u0103\u0163i: achizi\u0163ia de documente de bibliotec\u0103 \u00een conformitate cu Politica de dezvoltare a colec\u0163iilor bibliotecii \u0219i a legisla\u021biei \u00een vigoare; stabilirea \u015fi men\u0163inerea leg\u0103turii cu produc\u0103torii de documente din jude\u0163ul Cluj \u00een vederea constituirii \u015fi dezvolt\u0103rii colec\u0163iei Depozitului legal local,&hellip; Cite\u0219te mai mult\" \/>\n<meta property=\"og:url\" content=\"https:\/\/new.bjc.ro\/?page_id=5087\" \/>\n<meta property=\"og:site_name\" content=\"Biblioteca Jude\u021bean\u0103 \u201eOctavian Goga\u201d Cluj\" \/>\n<meta property=\"article:publisher\" content=\"https:\/\/www.facebook.com\/bibliotecacluj\/\" \/>\n<meta property=\"article:modified_time\" content=\"2023-05-15T07:35:52+00:00\" \/>\n<meta property=\"og:image\" content=\"https:\/\/new.bjc.ro\/wp-content\/uploads\/2023\/01\/IMG_5597-1.jpg\" \/>\n\t<meta property=\"og:image:width\" content=\"2000\" \/>\n\t<meta property=\"og:image:height\" content=\"1333\" \/>\n\t<meta property=\"og:image:type\" content=\"image\/jpeg\" \/>\n<meta name=\"twitter:card\" content=\"summary_large_image\" \/>\n<meta name=\"twitter:site\" content=\"@BibliotecaGoga\" \/>\n<meta name=\"twitter:label1\" content=\"Timp estimat pentru citire\" \/>\n\t<meta name=\"twitter:data1\" content=\"1 minut\" \/>\n<script type=\"application\/ld+json\" class=\"yoast-schema-graph\">{\"@context\":\"https:\/\/schema.org\",\"@graph\":[{\"@type\":\"WebPage\",\"@id\":\"https:\/\/new.bjc.ro\/?page_id=5087\",\"url\":\"https:\/\/new.bjc.ro\/?page_id=5087\",\"name\":\"Biroul Achizi\u0163ii, Eviden\u0163\u0103, Prelucrare \u015fi Depozit legal local - Biblioteca Jude\u021bean\u0103 \u201eOctavian Goga\u201d Cluj\",\"isPartOf\":{\"@id\":\"https:\/\/new.bjc.ro\/#website\"},\"datePublished\":\"2023-02-16T12:32:37+00:00\",\"dateModified\":\"2023-05-15T07:35:52+00:00\",\"breadcrumb\":{\"@id\":\"https:\/\/new.bjc.ro\/?page_id=5087#breadcrumb\"},\"inLanguage\":\"ro-RO\",\"potentialAction\":[{\"@type\":\"ReadAction\",\"target\":[\"https:\/\/new.bjc.ro\/?page_id=5087\"]}]},{\"@type\":\"BreadcrumbList\",\"@id\":\"https:\/\/new.bjc.ro\/?page_id=5087#breadcrumb\",\"itemListElement\":[{\"@type\":\"ListItem\",\"position\":1,\"name\":\"Home\",\"item\":\"https:\/\/new.bjc.ro\/\"},{\"@type\":\"ListItem\",\"position\":2,\"name\":\"Biroul Achizi\u0163ii, Eviden\u0163\u0103, Prelucrare \u015fi Depozit legal local\"}]},{\"@type\":\"WebSite\",\"@id\":\"https:\/\/new.bjc.ro\/#website\",\"url\":\"https:\/\/new.bjc.ro\/\",\"name\":\"Biblioteca Jude\u021bean\u0103 \u201eOctavian Goga\u201d Cluj\",\"description\":\"\",\"publisher\":{\"@id\":\"https:\/\/new.bjc.ro\/#organization\"},\"alternateName\":\"Biblioteca Jude\u021bean\u0103 Cluj\",\"potentialAction\":[{\"@type\":\"SearchAction\",\"target\":{\"@type\":\"EntryPoint\",\"urlTemplate\":\"https:\/\/new.bjc.ro\/?s={search_term_string}\"},\"query-input\":{\"@type\":\"PropertyValueSpecification\",\"valueRequired\":true,\"valueName\":\"search_term_string\"}}],\"inLanguage\":\"ro-RO\"},{\"@type\":\"Organization\",\"@id\":\"https:\/\/new.bjc.ro\/#organization\",\"name\":\"Biblioteca Jude\u021bean\u0103 \u201eOctavian Goga\u201d Cluj\",\"url\":\"https:\/\/new.bjc.ro\/\",\"logo\":{\"@type\":\"ImageObject\",\"inLanguage\":\"ro-RO\",\"@id\":\"https:\/\/new.bjc.ro\/#\/schema\/logo\/image\/\",\"url\":\"https:\/\/new.bjc.ro\/wp-content\/uploads\/2023\/03\/sigle.jpg\",\"contentUrl\":\"https:\/\/new.bjc.ro\/wp-content\/uploads\/2023\/03\/sigle.jpg\",\"width\":630,\"height\":473,\"caption\":\"Biblioteca Jude\u021bean\u0103 \u201eOctavian Goga\u201d Cluj\"},\"image\":{\"@id\":\"https:\/\/new.bjc.ro\/#\/schema\/logo\/image\/\"},\"sameAs\":[\"https:\/\/www.facebook.com\/bibliotecacluj\/\",\"https:\/\/x.com\/BibliotecaGoga\",\"https:\/\/www.instagram.com\/biblioteca_judeteana_cluj\/\",\"https:\/\/www.youtube.com\/user\/BibliotecaGoga\"]}]}<\/script>\n<!-- \/ Yoast SEO plugin. -->","yoast_head_json":{"title":"Biroul Achizi\u0163ii, Eviden\u0163\u0103, Prelucrare \u015fi Depozit legal local - Biblioteca Jude\u021bean\u0103 \u201eOctavian Goga\u201d Cluj","robots":{"index":"index","follow":"follow","max-snippet":"max-snippet:-1","max-image-preview":"max-image-preview:large","max-video-preview":"max-video-preview:-1"},"canonical":"https:\/\/new.bjc.ro\/?page_id=5087","og_locale":"ro_RO","og_type":"article","og_title":"Biroul Achizi\u0163ii, Eviden\u0163\u0103, Prelucrare \u015fi Depozit legal local - Biblioteca Jude\u021bean\u0103 \u201eOctavian Goga\u201d Cluj","og_description":"Adresa: Calea Doroban\u0163ilor nr. 104 Telefon.: 0264-430323; 0264-595815 E-mail: evid_prel[at]bjc.ro Activit\u0103\u0163i: achizi\u0163ia de documente de bibliotec\u0103 \u00een conformitate cu Politica de dezvoltare a colec\u0163iilor bibliotecii \u0219i a legisla\u021biei \u00een vigoare; stabilirea \u015fi men\u0163inerea leg\u0103turii cu produc\u0103torii de documente din jude\u0163ul Cluj \u00een vederea constituirii \u015fi dezvolt\u0103rii colec\u0163iei Depozitului legal local,&hellip; Cite\u0219te mai mult","og_url":"https:\/\/new.bjc.ro\/?page_id=5087","og_site_name":"Biblioteca Jude\u021bean\u0103 \u201eOctavian Goga\u201d Cluj","article_publisher":"https:\/\/www.facebook.com\/bibliotecacluj\/","article_modified_time":"2023-05-15T07:35:52+00:00","og_image":[{"width":2000,"height":1333,"url":"https:\/\/new.bjc.ro\/wp-content\/uploads\/2023\/01\/IMG_5597-1.jpg","type":"image\/jpeg"}],"twitter_card":"summary_large_image","twitter_site":"@BibliotecaGoga","twitter_misc":{"Timp estimat pentru citire":"1 minut"},"schema":{"@context":"https:\/\/schema.org","@graph":[{"@type":"WebPage","@id":"https:\/\/new.bjc.ro\/?page_id=5087","url":"https:\/\/new.bjc.ro\/?page_id=5087","name":"Biroul Achizi\u0163ii, Eviden\u0163\u0103, Prelucrare \u015fi Depozit legal local - Biblioteca Jude\u021bean\u0103 \u201eOctavian Goga\u201d Cluj","isPartOf":{"@id":"https:\/\/new.bjc.ro\/#website"},"datePublished":"2023-02-16T12:32:37+00:00","dateModified":"2023-05-15T07:35:52+00:00","breadcrumb":{"@id":"https:\/\/new.bjc.ro\/?page_id=5087#breadcrumb"},"inLanguage":"ro-RO","potentialAction":[{"@type":"ReadAction","target":["https:\/\/new.bjc.ro\/?page_id=5087"]}]},{"@type":"BreadcrumbList","@id":"https:\/\/new.bjc.ro\/?page_id=5087#breadcrumb","itemListElement":[{"@type":"ListItem","position":1,"name":"Home","item":"https:\/\/new.bjc.ro\/"},{"@type":"ListItem","position":2,"name":"Biroul Achizi\u0163ii, Eviden\u0163\u0103, Prelucrare \u015fi Depozit legal local"}]},{"@type":"WebSite","@id":"https:\/\/new.bjc.ro\/#website","url":"https:\/\/new.bjc.ro\/","name":"Biblioteca Jude\u021bean\u0103 \u201eOctavian Goga\u201d Cluj","description":"","publisher":{"@id":"https:\/\/new.bjc.ro\/#organization"},"alternateName":"Biblioteca Jude\u021bean\u0103 Cluj","potentialAction":[{"@type":"SearchAction","target":{"@type":"EntryPoint","urlTemplate":"https:\/\/new.bjc.ro\/?s={search_term_string}"},"query-input":{"@type":"PropertyValueSpecification","valueRequired":true,"valueName":"search_term_string"}}],"inLanguage":"ro-RO"},{"@type":"Organization","@id":"https:\/\/new.bjc.ro\/#organization","name":"Biblioteca Jude\u021bean\u0103 \u201eOctavian Goga\u201d Cluj","url":"https:\/\/new.bjc.ro\/","logo":{"@type":"ImageObject","inLanguage":"ro-RO","@id":"https:\/\/new.bjc.ro\/#\/schema\/logo\/image\/","url":"https:\/\/new.bjc.ro\/wp-content\/uploads\/2023\/03\/sigle.jpg","contentUrl":"https:\/\/new.bjc.ro\/wp-content\/uploads\/2023\/03\/sigle.jpg","width":630,"height":473,"caption":"Biblioteca Jude\u021bean\u0103 \u201eOctavian Goga\u201d Cluj"},"image":{"@id":"https:\/\/new.bjc.ro\/#\/schema\/logo\/image\/"},"sameAs":["https:\/\/www.facebook.com\/bibliotecacluj\/","https:\/\/x.com\/BibliotecaGoga","https:\/\/www.instagram.com\/biblioteca_judeteana_cluj\/","https:\/\/www.youtube.com\/user\/BibliotecaGoga"]}]}},"_links":{"self":[{"href":"https:\/\/new.bjc.ro\/index.php?rest_route=\/wp\/v2\/pages\/5087","targetHints":{"allow":["GET"]}}],"collection":[{"href":"https:\/\/new.bjc.ro\/index.php?rest_route=\/wp\/v2\/pages"}],"about":[{"href":"https:\/\/new.bjc.ro\/index.php?rest_route=\/wp\/v2\/types\/page"}],"author":[{"embeddable":true,"href":"https:\/\/new.bjc.ro\/index.php?rest_route=\/wp\/v2\/users\/1"}],"replies":[{"embeddable":true,"href":"https:\/\/new.bjc.ro\/index.php?rest_route=%2Fwp%2Fv2%2Fcomments&post=5087"}],"version-history":[{"count":3,"href":"https:\/\/new.bjc.ro\/index.php?rest_route=\/wp\/v2\/pages\/5087\/revisions"}],"predecessor-version":[{"id":7477,"href":"https:\/\/new.bjc.ro\/index.php?rest_route=\/wp\/v2\/pages\/5087\/revisions\/7477"}],"wp:attachment":[{"href":"https:\/\/new.bjc.ro\/index.php?rest_route=%2Fwp%2Fv2%2Fmedia&parent=5087"}],"curies":[{"name":"wp","href":"https:\/\/api.w.org\/{rel}","templated":true}]}}