{"id":5098,"date":"2023-02-16T14:59:04","date_gmt":"2023-02-16T12:59:04","guid":{"rendered":"https:\/\/new.bjc.ro\/?page_id=5098"},"modified":"2025-02-18T12:55:53","modified_gmt":"2025-02-18T10:55:53","slug":"contabilitate-si-resurse-umane","status":"publish","type":"page","link":"https:\/\/new.bjc.ro\/?page_id=5098","title":{"rendered":"Compartimentul financiar &#8211; contabilitate \u015fi resurse umane"},"content":{"rendered":"<p>Director adjunct (economic):<strong><em> Antoanela Nicoar\u0103<br \/>\n<\/em><\/strong><\/p>\n<p>Adresa: Calea Doroban\u0163ilor nr. 104<br \/>\nTelefon.: 0264-430323; 0264-595815<br \/>\nE-mail: bjc[at]bjc.ro<\/p>\n<p><strong>Activit\u0103\u0163i:<\/strong><\/p>\n<ul>\n<li>eviden\u0163a gestionar\u0103 a patrimoniului institu\u0163iei;<\/li>\n<li>gestionarea bugetului institu\u0163iei;<\/li>\n<li>finan\u0163area investi\u0163iilor, repara\u0163iilor, dotarea \u015fi \u00eentre\u0163inerea patrimoniului institu\u0163iei;<\/li>\n<li>efectuarea periodic\u0103 a inventarierii patrimoniului institu\u0163iei;<\/li>\n<li>acordarea drepturilor salariale \u015fi de alt\u0103 natur\u0103, personalului angajat al institu\u0163iei;<\/li>\n<li>instruirea de specialitate a salaria\u0163ilor \u00een domeniul legisla\u0163iei muncii \u015fi a problemelor cu caracter gestionar;<\/li>\n<li>coordonarea activit\u0103\u0163ilor gospod\u0103re\u015fti \u015fi asigurarea climatul igienico-sanitar al institu\u0163iei.<\/li>\n<\/ul>\n","protected":false},"excerpt":{"rendered":"<p>Director adjunct (economic): Antoanela Nicoar\u0103 Adresa: Calea Doroban\u0163ilor nr. 104 Telefon.: 0264-430323; 0264-595815 E-mail: bjc[at]bjc.ro Activit\u0103\u0163i: eviden\u0163a gestionar\u0103 a patrimoniului institu\u0163iei; gestionarea bugetului institu\u0163iei; finan\u0163area investi\u0163iilor, repara\u0163iilor, dotarea \u015fi \u00eentre\u0163inerea patrimoniului institu\u0163iei; efectuarea periodic\u0103 a inventarierii patrimoniului institu\u0163iei; acordarea drepturilor salariale \u015fi de alt\u0103 natur\u0103, personalului angajat al institu\u0163iei; instruirea&hellip; <br \/> <a class=\"read-more\" href=\"https:\/\/new.bjc.ro\/?page_id=5098\">Cite\u0219te mai mult<\/a><\/p>\n","protected":false},"author":1,"featured_media":0,"parent":0,"menu_order":0,"comment_status":"closed","ping_status":"closed","template":"","meta":{"_monsterinsights_skip_tracking":false,"_monsterinsights_sitenote_active":false,"_monsterinsights_sitenote_note":"","_monsterinsights_sitenote_category":0,"_EventAllDay":false,"_EventTimezone":"","_EventStartDate":"","_EventEndDate":"","_EventStartDateUTC":"","_EventEndDateUTC":"","_EventShowMap":false,"_EventShowMapLink":false,"_EventURL":"","_EventCost":"","_EventCostDescription":"","_EventCurrencySymbol":"","_EventCurrencyCode":"","_EventCurrencyPosition":"","_EventDateTimeSeparator":"","_EventTimeRangeSeparator":"","_EventOrganizerID":[],"_EventVenueID":[],"_OrganizerEmail":"","_OrganizerPhone":"","_OrganizerWebsite":"","_VenueAddress":"","_VenueCity":"","_VenueCountry":"","_VenueProvince":"","_VenueState":"","_VenueZip":"","_VenuePhone":"","_VenueURL":"","_VenueStateProvince":"","_VenueLat":"","_VenueLng":"","_VenueShowMap":false,"_VenueShowMapLink":false,"footnotes":""},"class_list":["post-5098","page","type-page","status-publish","hentry"],"yoast_head":"<!-- This site is optimized with the Yoast SEO plugin v24.6 - https:\/\/yoast.com\/wordpress\/plugins\/seo\/ -->\n<title>Compartimentul financiar - contabilitate \u015fi resurse umane - Biblioteca Jude\u021bean\u0103 \u201eOctavian Goga\u201d Cluj<\/title>\n<meta name=\"robots\" content=\"index, follow, max-snippet:-1, max-image-preview:large, max-video-preview:-1\" \/>\n<link rel=\"canonical\" href=\"https:\/\/new.bjc.ro\/?page_id=5098\" \/>\n<meta property=\"og:locale\" content=\"ro_RO\" \/>\n<meta property=\"og:type\" content=\"article\" \/>\n<meta property=\"og:title\" content=\"Compartimentul financiar - contabilitate \u015fi resurse umane - Biblioteca Jude\u021bean\u0103 \u201eOctavian Goga\u201d Cluj\" \/>\n<meta property=\"og:description\" content=\"Director adjunct (economic): Antoanela Nicoar\u0103 Adresa: Calea Doroban\u0163ilor nr. 104 Telefon.: 0264-430323; 0264-595815 E-mail: bjc[at]bjc.ro Activit\u0103\u0163i: eviden\u0163a gestionar\u0103 a patrimoniului institu\u0163iei; gestionarea bugetului institu\u0163iei; finan\u0163area investi\u0163iilor, repara\u0163iilor, dotarea \u015fi \u00eentre\u0163inerea patrimoniului institu\u0163iei; efectuarea periodic\u0103 a inventarierii patrimoniului institu\u0163iei; acordarea drepturilor salariale \u015fi de alt\u0103 natur\u0103, personalului angajat al institu\u0163iei; instruirea&hellip; Cite\u0219te mai mult\" \/>\n<meta property=\"og:url\" content=\"https:\/\/new.bjc.ro\/?page_id=5098\" \/>\n<meta property=\"og:site_name\" content=\"Biblioteca Jude\u021bean\u0103 \u201eOctavian Goga\u201d Cluj\" \/>\n<meta property=\"article:publisher\" content=\"https:\/\/www.facebook.com\/bibliotecacluj\/\" \/>\n<meta property=\"article:modified_time\" content=\"2025-02-18T10:55:53+00:00\" \/>\n<meta property=\"og:image\" content=\"https:\/\/new.bjc.ro\/wp-content\/uploads\/2023\/01\/IMG_5597-1.jpg\" \/>\n\t<meta property=\"og:image:width\" content=\"2000\" \/>\n\t<meta property=\"og:image:height\" content=\"1333\" \/>\n\t<meta property=\"og:image:type\" content=\"image\/jpeg\" \/>\n<meta name=\"twitter:card\" content=\"summary_large_image\" \/>\n<meta name=\"twitter:site\" content=\"@BibliotecaGoga\" \/>\n<meta name=\"twitter:label1\" content=\"Timp estimat pentru citire\" \/>\n\t<meta name=\"twitter:data1\" content=\"1 minut\" \/>\n<script type=\"application\/ld+json\" class=\"yoast-schema-graph\">{\"@context\":\"https:\/\/schema.org\",\"@graph\":[{\"@type\":\"WebPage\",\"@id\":\"https:\/\/new.bjc.ro\/?page_id=5098\",\"url\":\"https:\/\/new.bjc.ro\/?page_id=5098\",\"name\":\"Compartimentul financiar - contabilitate \u015fi resurse umane - Biblioteca Jude\u021bean\u0103 \u201eOctavian Goga\u201d Cluj\",\"isPartOf\":{\"@id\":\"https:\/\/new.bjc.ro\/#website\"},\"datePublished\":\"2023-02-16T12:59:04+00:00\",\"dateModified\":\"2025-02-18T10:55:53+00:00\",\"breadcrumb\":{\"@id\":\"https:\/\/new.bjc.ro\/?page_id=5098#breadcrumb\"},\"inLanguage\":\"ro-RO\",\"potentialAction\":[{\"@type\":\"ReadAction\",\"target\":[\"https:\/\/new.bjc.ro\/?page_id=5098\"]}]},{\"@type\":\"BreadcrumbList\",\"@id\":\"https:\/\/new.bjc.ro\/?page_id=5098#breadcrumb\",\"itemListElement\":[{\"@type\":\"ListItem\",\"position\":1,\"name\":\"Home\",\"item\":\"https:\/\/new.bjc.ro\/\"},{\"@type\":\"ListItem\",\"position\":2,\"name\":\"Compartimentul financiar &#8211; contabilitate \u015fi resurse umane\"}]},{\"@type\":\"WebSite\",\"@id\":\"https:\/\/new.bjc.ro\/#website\",\"url\":\"https:\/\/new.bjc.ro\/\",\"name\":\"Biblioteca Jude\u021bean\u0103 \u201eOctavian Goga\u201d Cluj\",\"description\":\"\",\"publisher\":{\"@id\":\"https:\/\/new.bjc.ro\/#organization\"},\"alternateName\":\"Biblioteca Jude\u021bean\u0103 Cluj\",\"potentialAction\":[{\"@type\":\"SearchAction\",\"target\":{\"@type\":\"EntryPoint\",\"urlTemplate\":\"https:\/\/new.bjc.ro\/?s={search_term_string}\"},\"query-input\":{\"@type\":\"PropertyValueSpecification\",\"valueRequired\":true,\"valueName\":\"search_term_string\"}}],\"inLanguage\":\"ro-RO\"},{\"@type\":\"Organization\",\"@id\":\"https:\/\/new.bjc.ro\/#organization\",\"name\":\"Biblioteca Jude\u021bean\u0103 \u201eOctavian Goga\u201d Cluj\",\"url\":\"https:\/\/new.bjc.ro\/\",\"logo\":{\"@type\":\"ImageObject\",\"inLanguage\":\"ro-RO\",\"@id\":\"https:\/\/new.bjc.ro\/#\/schema\/logo\/image\/\",\"url\":\"https:\/\/new.bjc.ro\/wp-content\/uploads\/2023\/03\/sigle.jpg\",\"contentUrl\":\"https:\/\/new.bjc.ro\/wp-content\/uploads\/2023\/03\/sigle.jpg\",\"width\":630,\"height\":473,\"caption\":\"Biblioteca Jude\u021bean\u0103 \u201eOctavian Goga\u201d Cluj\"},\"image\":{\"@id\":\"https:\/\/new.bjc.ro\/#\/schema\/logo\/image\/\"},\"sameAs\":[\"https:\/\/www.facebook.com\/bibliotecacluj\/\",\"https:\/\/x.com\/BibliotecaGoga\",\"https:\/\/www.instagram.com\/biblioteca_judeteana_cluj\/\",\"https:\/\/www.youtube.com\/user\/BibliotecaGoga\"]}]}<\/script>\n<!-- \/ Yoast SEO plugin. -->","yoast_head_json":{"title":"Compartimentul financiar - contabilitate \u015fi resurse umane - Biblioteca Jude\u021bean\u0103 \u201eOctavian Goga\u201d Cluj","robots":{"index":"index","follow":"follow","max-snippet":"max-snippet:-1","max-image-preview":"max-image-preview:large","max-video-preview":"max-video-preview:-1"},"canonical":"https:\/\/new.bjc.ro\/?page_id=5098","og_locale":"ro_RO","og_type":"article","og_title":"Compartimentul financiar - contabilitate \u015fi resurse umane - Biblioteca Jude\u021bean\u0103 \u201eOctavian Goga\u201d Cluj","og_description":"Director adjunct (economic): Antoanela Nicoar\u0103 Adresa: Calea Doroban\u0163ilor nr. 104 Telefon.: 0264-430323; 0264-595815 E-mail: bjc[at]bjc.ro Activit\u0103\u0163i: eviden\u0163a gestionar\u0103 a patrimoniului institu\u0163iei; gestionarea bugetului institu\u0163iei; finan\u0163area investi\u0163iilor, repara\u0163iilor, dotarea \u015fi \u00eentre\u0163inerea patrimoniului institu\u0163iei; efectuarea periodic\u0103 a inventarierii patrimoniului institu\u0163iei; acordarea drepturilor salariale \u015fi de alt\u0103 natur\u0103, personalului angajat al institu\u0163iei; instruirea&hellip; Cite\u0219te mai mult","og_url":"https:\/\/new.bjc.ro\/?page_id=5098","og_site_name":"Biblioteca Jude\u021bean\u0103 \u201eOctavian Goga\u201d Cluj","article_publisher":"https:\/\/www.facebook.com\/bibliotecacluj\/","article_modified_time":"2025-02-18T10:55:53+00:00","og_image":[{"width":2000,"height":1333,"url":"https:\/\/new.bjc.ro\/wp-content\/uploads\/2023\/01\/IMG_5597-1.jpg","type":"image\/jpeg"}],"twitter_card":"summary_large_image","twitter_site":"@BibliotecaGoga","twitter_misc":{"Timp estimat pentru citire":"1 minut"},"schema":{"@context":"https:\/\/schema.org","@graph":[{"@type":"WebPage","@id":"https:\/\/new.bjc.ro\/?page_id=5098","url":"https:\/\/new.bjc.ro\/?page_id=5098","name":"Compartimentul financiar - contabilitate \u015fi resurse umane - Biblioteca Jude\u021bean\u0103 \u201eOctavian Goga\u201d Cluj","isPartOf":{"@id":"https:\/\/new.bjc.ro\/#website"},"datePublished":"2023-02-16T12:59:04+00:00","dateModified":"2025-02-18T10:55:53+00:00","breadcrumb":{"@id":"https:\/\/new.bjc.ro\/?page_id=5098#breadcrumb"},"inLanguage":"ro-RO","potentialAction":[{"@type":"ReadAction","target":["https:\/\/new.bjc.ro\/?page_id=5098"]}]},{"@type":"BreadcrumbList","@id":"https:\/\/new.bjc.ro\/?page_id=5098#breadcrumb","itemListElement":[{"@type":"ListItem","position":1,"name":"Home","item":"https:\/\/new.bjc.ro\/"},{"@type":"ListItem","position":2,"name":"Compartimentul financiar &#8211; contabilitate \u015fi resurse umane"}]},{"@type":"WebSite","@id":"https:\/\/new.bjc.ro\/#website","url":"https:\/\/new.bjc.ro\/","name":"Biblioteca Jude\u021bean\u0103 \u201eOctavian Goga\u201d Cluj","description":"","publisher":{"@id":"https:\/\/new.bjc.ro\/#organization"},"alternateName":"Biblioteca Jude\u021bean\u0103 Cluj","potentialAction":[{"@type":"SearchAction","target":{"@type":"EntryPoint","urlTemplate":"https:\/\/new.bjc.ro\/?s={search_term_string}"},"query-input":{"@type":"PropertyValueSpecification","valueRequired":true,"valueName":"search_term_string"}}],"inLanguage":"ro-RO"},{"@type":"Organization","@id":"https:\/\/new.bjc.ro\/#organization","name":"Biblioteca Jude\u021bean\u0103 \u201eOctavian Goga\u201d Cluj","url":"https:\/\/new.bjc.ro\/","logo":{"@type":"ImageObject","inLanguage":"ro-RO","@id":"https:\/\/new.bjc.ro\/#\/schema\/logo\/image\/","url":"https:\/\/new.bjc.ro\/wp-content\/uploads\/2023\/03\/sigle.jpg","contentUrl":"https:\/\/new.bjc.ro\/wp-content\/uploads\/2023\/03\/sigle.jpg","width":630,"height":473,"caption":"Biblioteca Jude\u021bean\u0103 \u201eOctavian Goga\u201d Cluj"},"image":{"@id":"https:\/\/new.bjc.ro\/#\/schema\/logo\/image\/"},"sameAs":["https:\/\/www.facebook.com\/bibliotecacluj\/","https:\/\/x.com\/BibliotecaGoga","https:\/\/www.instagram.com\/biblioteca_judeteana_cluj\/","https:\/\/www.youtube.com\/user\/BibliotecaGoga"]}]}},"_links":{"self":[{"href":"https:\/\/new.bjc.ro\/index.php?rest_route=\/wp\/v2\/pages\/5098","targetHints":{"allow":["GET"]}}],"collection":[{"href":"https:\/\/new.bjc.ro\/index.php?rest_route=\/wp\/v2\/pages"}],"about":[{"href":"https:\/\/new.bjc.ro\/index.php?rest_route=\/wp\/v2\/types\/page"}],"author":[{"embeddable":true,"href":"https:\/\/new.bjc.ro\/index.php?rest_route=\/wp\/v2\/users\/1"}],"replies":[{"embeddable":true,"href":"https:\/\/new.bjc.ro\/index.php?rest_route=%2Fwp%2Fv2%2Fcomments&post=5098"}],"version-history":[{"count":7,"href":"https:\/\/new.bjc.ro\/index.php?rest_route=\/wp\/v2\/pages\/5098\/revisions"}],"predecessor-version":[{"id":10342,"href":"https:\/\/new.bjc.ro\/index.php?rest_route=\/wp\/v2\/pages\/5098\/revisions\/10342"}],"wp:attachment":[{"href":"https:\/\/new.bjc.ro\/index.php?rest_route=%2Fwp%2Fv2%2Fmedia&parent=5098"}],"curies":[{"name":"wp","href":"https:\/\/api.w.org\/{rel}","templated":true}]}}