{"id":565,"date":"2022-08-12T09:13:28","date_gmt":"2022-08-12T09:13:28","guid":{"rendered":"https:\/\/new.bjc.ro\/?page_id=565"},"modified":"2026-02-02T09:19:54","modified_gmt":"2026-02-02T07:19:54","slug":"filiala-grigorescu","status":"publish","type":"page","link":"https:\/\/new.bjc.ro\/?page_id=565","title":{"rendered":"Filiala Grigorescu"},"content":{"rendered":"\r\n<div class=\"wp-block-media-text alignwide is-stacked-on-mobile\" style=\"grid-template-columns: 30% auto;\">\r\n<figure class=\"wp-block-media-text__media\"><a href=\"https:\/\/new.bjc.ro\/wp-content\/uploads\/2022\/09\/filiala_grigorescu_2018.jpg\"><img loading=\"lazy\" decoding=\"async\" width=\"960\" height=\"720\" class=\"wp-image-712 size-full\" src=\"https:\/\/new.bjc.ro\/wp-content\/uploads\/2022\/09\/filiala_grigorescu_2018.jpg\" alt=\"\" \/><\/a><\/figure>\r\n<div class=\"wp-block-media-text__content\">\r\n<p>Adresa: Str. Donath nr. 138<\/p>\r\n\r\n\r\n\r\n<p>E-mail: grigorescu[at]bjc.ro<\/p>\r\n\r\n\r\n\r\n<p>Telefon: 0770970198<\/p>\r\n\r\n\r\n\r\n<p>Program:<\/p>\r\n\r\n\r\n\r\n<ul class=\"wp-block-list\">\r\n<li>luni, miercuri, joi: 12:00 &#8211; 20:00<\/li>\r\n\r\n\r\n\r\n<li>mar\u0163i, vineri: 8:00 &#8211; 16:00<\/li>\r\n<\/ul>\r\n<\/div>\r\n<\/div>\r\n\r\n\r\n\r\n<p>Filiala Grigorescu faciliteaz\u0103 accesul la lectur\u0103, cultur\u0103 \u0219i cunoa\u0219tere pentru locuitorii din cartierul cu acela\u0219i nume al Municipiului Cluj-Napoca.<\/p>\r\n<p>Num\u0103rul documentelor filialei, la data de 1 ianuarie 2026, este de 13.355 de documente (12.359 \u2013 carte, 23 \u2013 publica\u021bii seriale \u0219i 973 materiale audiovizuale\/electronice), organizate la raftul liber.<\/p>\r\n<p>Servicii \u0219i facilit\u0103\u021bi oferite:<\/p>\r\n<ul>\r\n<li>eliberarea <em>Permisului de intrare la bibliotec\u0103<\/em>;<\/li>\r\n<li>\u00eemprumut la domiciliu;<\/li>\r\n<li>informa\u0163ii de toate tipurile;<\/li>\r\n<li>prelungirea termenului de \u00eemprumut, rezervare \u0219i re\u021binere de titluri prin: catalogul online, telefon, e-mail \u0219i <a href=\"https:\/\/new.bjc.ro\/?page_id=9171\">Qulto eCard<\/a>;<\/li>\r\n<li>activit\u0103\u0163i culturale \u015fi de loisir;<\/li>\r\n<li>acces liber la raft 100%;<\/li>\r\n<li>acces la Internet wireless.<\/li>\r\n<\/ul>\r\n<p>Activit\u0103\u021bi tradi\u021bionale:<\/p>\r\n<ul>\r\n<li>Zilele Bibliotecilor de Cartier;<\/li>\r\n<li><a href=\"https:\/\/copiibjc.bjc.ro\/?page_id=5518\">Concursul de desene \u201eEroii c\u0103r\u0163ilor citite\u201d<\/a>;<\/li>\r\n<li><a href=\"https:\/\/copiibjc.bjc.ro\/?page_id=5515\">Concursul Na\u021bional de Lectur\u0103 \u201eB\u0103t\u0103lia C\u0103r\u021bilor\u201d<\/a>;<\/li>\r\n<li><a href=\"https:\/\/copiibjc.bjc.ro\/?page_id=15927\">Lego Club pentru \u00eentreaga familie<\/a>;<\/li>\r\n<li><a href=\"https:\/\/copiibjc.bjc.ro\/?page_id=5863\">Cu bebe la bibliotec\u0103<\/a>;<\/li>\r\n<li><a href=\"https:\/\/copiibjc.bjc.ro\/?page_id=5740\">Ora pove\u0219tilor<\/a>;<\/li>\r\n<li>Programe de vacan\u021b\u0103.<\/li>\r\n<\/ul>","protected":false},"excerpt":{"rendered":"<p>Filiala Grigorescu faciliteaz\u0103 accesul la lectur\u0103, cultur\u0103 \u0219i cunoa\u0219tere pentru locuitorii din cartierul cu acela\u0219i nume al Municipiului Cluj-Napoca. Num\u0103rul documentelor filialei, la data de 1 ianuarie 2026, este de 13.355 de documente (12.359 \u2013 carte, 23 \u2013 publica\u021bii seriale \u0219i 973 materiale audiovizuale\/electronice), organizate la raftul liber. Servicii \u0219i&hellip; <br \/> <a class=\"read-more\" href=\"https:\/\/new.bjc.ro\/?page_id=565\">Cite\u0219te mai mult<\/a><\/p>\n","protected":false},"author":1,"featured_media":0,"parent":0,"menu_order":0,"comment_status":"closed","ping_status":"closed","template":"","meta":{"_monsterinsights_skip_tracking":false,"_monsterinsights_sitenote_active":false,"_monsterinsights_sitenote_note":"","_monsterinsights_sitenote_category":0,"_EventAllDay":false,"_EventTimezone":"","_EventStartDate":"","_EventEndDate":"","_EventStartDateUTC":"","_EventEndDateUTC":"","_EventShowMap":false,"_EventShowMapLink":false,"_EventURL":"","_EventCost":"","_EventCostDescription":"","_EventCurrencySymbol":"","_EventCurrencyCode":"","_EventCurrencyPosition":"","_EventDateTimeSeparator":"","_EventTimeRangeSeparator":"","_EventOrganizerID":[],"_EventVenueID":[],"_OrganizerEmail":"","_OrganizerPhone":"","_OrganizerWebsite":"","_VenueAddress":"","_VenueCity":"","_VenueCountry":"","_VenueProvince":"","_VenueState":"","_VenueZip":"","_VenuePhone":"","_VenueURL":"","_VenueStateProvince":"","_VenueLat":"","_VenueLng":"","_VenueShowMap":false,"_VenueShowMapLink":false,"footnotes":""},"class_list":["post-565","page","type-page","status-publish","hentry"],"yoast_head":"<!-- This site is optimized with the Yoast SEO plugin v24.6 - https:\/\/yoast.com\/wordpress\/plugins\/seo\/ -->\n<title>Filiala Grigorescu - Biblioteca Jude\u021bean\u0103 \u201eOctavian Goga\u201d Cluj<\/title>\n<meta name=\"description\" content=\"Filiala Grigorescu, date de contact, program cu publicul, servicii \u0219i facilit\u0103\u021bi oferite, activit\u0103\u021bi organizate\" \/>\n<meta name=\"robots\" content=\"index, follow, max-snippet:-1, max-image-preview:large, max-video-preview:-1\" \/>\n<link rel=\"canonical\" href=\"https:\/\/new.bjc.ro\/?page_id=565\" \/>\n<meta property=\"og:locale\" content=\"ro_RO\" \/>\n<meta property=\"og:type\" content=\"article\" \/>\n<meta property=\"og:title\" content=\"Filiala Grigorescu - Biblioteca Jude\u021bean\u0103 \u201eOctavian Goga\u201d Cluj\" \/>\n<meta property=\"og:description\" content=\"Filiala Grigorescu, date de contact, program cu publicul, servicii \u0219i facilit\u0103\u021bi oferite, activit\u0103\u021bi organizate\" \/>\n<meta property=\"og:url\" content=\"https:\/\/new.bjc.ro\/?page_id=565\" \/>\n<meta property=\"og:site_name\" content=\"Biblioteca Jude\u021bean\u0103 \u201eOctavian Goga\u201d Cluj\" \/>\n<meta property=\"article:publisher\" content=\"https:\/\/www.facebook.com\/bibliotecacluj\/\" \/>\n<meta property=\"article:modified_time\" content=\"2026-02-02T07:19:54+00:00\" \/>\n<meta property=\"og:image\" content=\"https:\/\/new.bjc.ro\/wp-content\/uploads\/2022\/09\/filiala_grigorescu_2018.jpg\" \/>\n\t<meta property=\"og:image:width\" content=\"960\" \/>\n\t<meta property=\"og:image:height\" content=\"720\" \/>\n\t<meta property=\"og:image:type\" content=\"image\/jpeg\" \/>\n<meta name=\"twitter:card\" content=\"summary_large_image\" \/>\n<meta name=\"twitter:site\" content=\"@BibliotecaGoga\" \/>\n<meta name=\"twitter:label1\" content=\"Timp estimat pentru citire\" \/>\n\t<meta name=\"twitter:data1\" content=\"1 minut\" \/>\n<script type=\"application\/ld+json\" class=\"yoast-schema-graph\">{\"@context\":\"https:\/\/schema.org\",\"@graph\":[{\"@type\":\"WebPage\",\"@id\":\"https:\/\/new.bjc.ro\/?page_id=565\",\"url\":\"https:\/\/new.bjc.ro\/?page_id=565\",\"name\":\"Filiala Grigorescu - Biblioteca Jude\u021bean\u0103 \u201eOctavian Goga\u201d Cluj\",\"isPartOf\":{\"@id\":\"https:\/\/new.bjc.ro\/#website\"},\"primaryImageOfPage\":{\"@id\":\"https:\/\/new.bjc.ro\/?page_id=565#primaryimage\"},\"image\":{\"@id\":\"https:\/\/new.bjc.ro\/?page_id=565#primaryimage\"},\"thumbnailUrl\":\"https:\/\/new.bjc.ro\/wp-content\/uploads\/2022\/09\/filiala_grigorescu_2018.jpg\",\"datePublished\":\"2022-08-12T09:13:28+00:00\",\"dateModified\":\"2026-02-02T07:19:54+00:00\",\"description\":\"Filiala Grigorescu, date de contact, program cu publicul, servicii \u0219i facilit\u0103\u021bi oferite, activit\u0103\u021bi organizate\",\"breadcrumb\":{\"@id\":\"https:\/\/new.bjc.ro\/?page_id=565#breadcrumb\"},\"inLanguage\":\"ro-RO\",\"potentialAction\":[{\"@type\":\"ReadAction\",\"target\":[\"https:\/\/new.bjc.ro\/?page_id=565\"]}]},{\"@type\":\"ImageObject\",\"inLanguage\":\"ro-RO\",\"@id\":\"https:\/\/new.bjc.ro\/?page_id=565#primaryimage\",\"url\":\"https:\/\/new.bjc.ro\/wp-content\/uploads\/2022\/09\/filiala_grigorescu_2018.jpg\",\"contentUrl\":\"https:\/\/new.bjc.ro\/wp-content\/uploads\/2022\/09\/filiala_grigorescu_2018.jpg\"},{\"@type\":\"BreadcrumbList\",\"@id\":\"https:\/\/new.bjc.ro\/?page_id=565#breadcrumb\",\"itemListElement\":[{\"@type\":\"ListItem\",\"position\":1,\"name\":\"Home\",\"item\":\"https:\/\/new.bjc.ro\/\"},{\"@type\":\"ListItem\",\"position\":2,\"name\":\"Filiala Grigorescu\"}]},{\"@type\":\"WebSite\",\"@id\":\"https:\/\/new.bjc.ro\/#website\",\"url\":\"https:\/\/new.bjc.ro\/\",\"name\":\"Biblioteca Jude\u021bean\u0103 \u201eOctavian Goga\u201d Cluj\",\"description\":\"\",\"publisher\":{\"@id\":\"https:\/\/new.bjc.ro\/#organization\"},\"alternateName\":\"Biblioteca Jude\u021bean\u0103 Cluj\",\"potentialAction\":[{\"@type\":\"SearchAction\",\"target\":{\"@type\":\"EntryPoint\",\"urlTemplate\":\"https:\/\/new.bjc.ro\/?s={search_term_string}\"},\"query-input\":{\"@type\":\"PropertyValueSpecification\",\"valueRequired\":true,\"valueName\":\"search_term_string\"}}],\"inLanguage\":\"ro-RO\"},{\"@type\":\"Organization\",\"@id\":\"https:\/\/new.bjc.ro\/#organization\",\"name\":\"Biblioteca Jude\u021bean\u0103 \u201eOctavian Goga\u201d Cluj\",\"url\":\"https:\/\/new.bjc.ro\/\",\"logo\":{\"@type\":\"ImageObject\",\"inLanguage\":\"ro-RO\",\"@id\":\"https:\/\/new.bjc.ro\/#\/schema\/logo\/image\/\",\"url\":\"https:\/\/new.bjc.ro\/wp-content\/uploads\/2023\/03\/sigle.jpg\",\"contentUrl\":\"https:\/\/new.bjc.ro\/wp-content\/uploads\/2023\/03\/sigle.jpg\",\"width\":630,\"height\":473,\"caption\":\"Biblioteca Jude\u021bean\u0103 \u201eOctavian Goga\u201d Cluj\"},\"image\":{\"@id\":\"https:\/\/new.bjc.ro\/#\/schema\/logo\/image\/\"},\"sameAs\":[\"https:\/\/www.facebook.com\/bibliotecacluj\/\",\"https:\/\/x.com\/BibliotecaGoga\",\"https:\/\/www.instagram.com\/biblioteca_judeteana_cluj\/\",\"https:\/\/www.youtube.com\/user\/BibliotecaGoga\"]}]}<\/script>\n<!-- \/ Yoast SEO plugin. -->","yoast_head_json":{"title":"Filiala Grigorescu - Biblioteca Jude\u021bean\u0103 \u201eOctavian Goga\u201d Cluj","description":"Filiala Grigorescu, date de contact, program cu publicul, servicii \u0219i facilit\u0103\u021bi oferite, activit\u0103\u021bi organizate","robots":{"index":"index","follow":"follow","max-snippet":"max-snippet:-1","max-image-preview":"max-image-preview:large","max-video-preview":"max-video-preview:-1"},"canonical":"https:\/\/new.bjc.ro\/?page_id=565","og_locale":"ro_RO","og_type":"article","og_title":"Filiala Grigorescu - Biblioteca Jude\u021bean\u0103 \u201eOctavian Goga\u201d Cluj","og_description":"Filiala Grigorescu, date de contact, program cu publicul, servicii \u0219i facilit\u0103\u021bi oferite, activit\u0103\u021bi organizate","og_url":"https:\/\/new.bjc.ro\/?page_id=565","og_site_name":"Biblioteca Jude\u021bean\u0103 \u201eOctavian Goga\u201d Cluj","article_publisher":"https:\/\/www.facebook.com\/bibliotecacluj\/","article_modified_time":"2026-02-02T07:19:54+00:00","og_image":[{"width":960,"height":720,"url":"https:\/\/new.bjc.ro\/wp-content\/uploads\/2022\/09\/filiala_grigorescu_2018.jpg","type":"image\/jpeg"}],"twitter_card":"summary_large_image","twitter_site":"@BibliotecaGoga","twitter_misc":{"Timp estimat pentru citire":"1 minut"},"schema":{"@context":"https:\/\/schema.org","@graph":[{"@type":"WebPage","@id":"https:\/\/new.bjc.ro\/?page_id=565","url":"https:\/\/new.bjc.ro\/?page_id=565","name":"Filiala Grigorescu - Biblioteca Jude\u021bean\u0103 \u201eOctavian Goga\u201d Cluj","isPartOf":{"@id":"https:\/\/new.bjc.ro\/#website"},"primaryImageOfPage":{"@id":"https:\/\/new.bjc.ro\/?page_id=565#primaryimage"},"image":{"@id":"https:\/\/new.bjc.ro\/?page_id=565#primaryimage"},"thumbnailUrl":"https:\/\/new.bjc.ro\/wp-content\/uploads\/2022\/09\/filiala_grigorescu_2018.jpg","datePublished":"2022-08-12T09:13:28+00:00","dateModified":"2026-02-02T07:19:54+00:00","description":"Filiala Grigorescu, date de contact, program cu publicul, servicii \u0219i facilit\u0103\u021bi oferite, activit\u0103\u021bi organizate","breadcrumb":{"@id":"https:\/\/new.bjc.ro\/?page_id=565#breadcrumb"},"inLanguage":"ro-RO","potentialAction":[{"@type":"ReadAction","target":["https:\/\/new.bjc.ro\/?page_id=565"]}]},{"@type":"ImageObject","inLanguage":"ro-RO","@id":"https:\/\/new.bjc.ro\/?page_id=565#primaryimage","url":"https:\/\/new.bjc.ro\/wp-content\/uploads\/2022\/09\/filiala_grigorescu_2018.jpg","contentUrl":"https:\/\/new.bjc.ro\/wp-content\/uploads\/2022\/09\/filiala_grigorescu_2018.jpg"},{"@type":"BreadcrumbList","@id":"https:\/\/new.bjc.ro\/?page_id=565#breadcrumb","itemListElement":[{"@type":"ListItem","position":1,"name":"Home","item":"https:\/\/new.bjc.ro\/"},{"@type":"ListItem","position":2,"name":"Filiala Grigorescu"}]},{"@type":"WebSite","@id":"https:\/\/new.bjc.ro\/#website","url":"https:\/\/new.bjc.ro\/","name":"Biblioteca Jude\u021bean\u0103 \u201eOctavian Goga\u201d Cluj","description":"","publisher":{"@id":"https:\/\/new.bjc.ro\/#organization"},"alternateName":"Biblioteca Jude\u021bean\u0103 Cluj","potentialAction":[{"@type":"SearchAction","target":{"@type":"EntryPoint","urlTemplate":"https:\/\/new.bjc.ro\/?s={search_term_string}"},"query-input":{"@type":"PropertyValueSpecification","valueRequired":true,"valueName":"search_term_string"}}],"inLanguage":"ro-RO"},{"@type":"Organization","@id":"https:\/\/new.bjc.ro\/#organization","name":"Biblioteca Jude\u021bean\u0103 \u201eOctavian Goga\u201d Cluj","url":"https:\/\/new.bjc.ro\/","logo":{"@type":"ImageObject","inLanguage":"ro-RO","@id":"https:\/\/new.bjc.ro\/#\/schema\/logo\/image\/","url":"https:\/\/new.bjc.ro\/wp-content\/uploads\/2023\/03\/sigle.jpg","contentUrl":"https:\/\/new.bjc.ro\/wp-content\/uploads\/2023\/03\/sigle.jpg","width":630,"height":473,"caption":"Biblioteca Jude\u021bean\u0103 \u201eOctavian Goga\u201d Cluj"},"image":{"@id":"https:\/\/new.bjc.ro\/#\/schema\/logo\/image\/"},"sameAs":["https:\/\/www.facebook.com\/bibliotecacluj\/","https:\/\/x.com\/BibliotecaGoga","https:\/\/www.instagram.com\/biblioteca_judeteana_cluj\/","https:\/\/www.youtube.com\/user\/BibliotecaGoga"]}]}},"_links":{"self":[{"href":"https:\/\/new.bjc.ro\/index.php?rest_route=\/wp\/v2\/pages\/565","targetHints":{"allow":["GET"]}}],"collection":[{"href":"https:\/\/new.bjc.ro\/index.php?rest_route=\/wp\/v2\/pages"}],"about":[{"href":"https:\/\/new.bjc.ro\/index.php?rest_route=\/wp\/v2\/types\/page"}],"author":[{"embeddable":true,"href":"https:\/\/new.bjc.ro\/index.php?rest_route=\/wp\/v2\/users\/1"}],"replies":[{"embeddable":true,"href":"https:\/\/new.bjc.ro\/index.php?rest_route=%2Fwp%2Fv2%2Fcomments&post=565"}],"version-history":[{"count":17,"href":"https:\/\/new.bjc.ro\/index.php?rest_route=\/wp\/v2\/pages\/565\/revisions"}],"predecessor-version":[{"id":11752,"href":"https:\/\/new.bjc.ro\/index.php?rest_route=\/wp\/v2\/pages\/565\/revisions\/11752"}],"wp:attachment":[{"href":"https:\/\/new.bjc.ro\/index.php?rest_route=%2Fwp%2Fv2%2Fmedia&parent=565"}],"curies":[{"name":"wp","href":"https:\/\/api.w.org\/{rel}","templated":true}]}}