{"id":6110,"date":"2023-03-10T11:22:04","date_gmt":"2023-03-10T09:22:04","guid":{"rendered":"https:\/\/new.bjc.ro\/?page_id=6110"},"modified":"2023-03-10T11:44:15","modified_gmt":"2023-03-10T09:44:15","slug":"proiectul-cum-gasesti-o-carte-de-munca","status":"publish","type":"page","link":"https:\/\/new.bjc.ro\/?page_id=6110","title":{"rendered":"Proiectul &#8222;Cum g\u0103se\u015fti o carte de&#8230; munc\u0103?&#8221;"},"content":{"rendered":"\n<p>Scopul proiectului este crearea unui serviciu inovativ de bibliotec\u0103 prin care toate persoanele interesate vor fi instruite cum s\u0103 \u00eentocmeasc\u0103 corect un CV, o scrisoare de inten\u0163ie, cum s\u0103 sus\u0163in\u0103 un interviu de angajare \u015fi s\u0103 caute un loc de munc\u0103 prin intermediul tehnologiei informa\u0163iei \u015fi a internetului.<\/p>\n\n\n\n<p>Proiectul se va desf\u0103\u015fura pe o perioad\u0103 de 6 luni (martie &#8211; august 2011) \u015fi are o finan\u0163are de 2370 $.<\/p>\n\n\n\n<p>Proiectul este finan\u0163at de IREX (International Research and Exchanges Board).<\/p>\n\n\n\n<p>\u00cen perioada 21-29 martie 2011, au avut loc sesiunile de instruire la Centrul Jude\u0163ean de Formare Biblionet, pentru bibliotecarele din bibliotecile publice din jude\u0163 cuprinse \u00een Programul Biblionet.<\/p>\n\n\n\n<p>Sesiunile de instruire au \u00eenceput \u00een data de 9 mai 2011 \u015fi s-au desf\u0103\u0219urat la sediul central al bibliotecii jude\u0163ene, la Centrul Jude\u0163ean de Formare Biblionet.<\/p>\n\n\n\n<p>Serviciile de instruire au fost gratuite.<\/p>\n","protected":false},"excerpt":{"rendered":"<p>Scopul proiectului este crearea unui serviciu inovativ de bibliotec\u0103 prin care toate persoanele interesate vor fi instruite cum s\u0103 \u00eentocmeasc\u0103 corect un CV, o scrisoare de inten\u0163ie, cum s\u0103 sus\u0163in\u0103 un interviu de angajare \u015fi s\u0103 caute un loc de munc\u0103 prin intermediul tehnologiei informa\u0163iei \u015fi a internetului. Proiectul se&hellip; <br \/> <a class=\"read-more\" href=\"https:\/\/new.bjc.ro\/?page_id=6110\">Cite\u0219te mai mult<\/a><\/p>\n","protected":false},"author":1,"featured_media":0,"parent":0,"menu_order":0,"comment_status":"closed","ping_status":"closed","template":"","meta":{"_monsterinsights_skip_tracking":false,"_monsterinsights_sitenote_active":false,"_monsterinsights_sitenote_note":"","_monsterinsights_sitenote_category":0,"_EventAllDay":false,"_EventTimezone":"","_EventStartDate":"","_EventEndDate":"","_EventStartDateUTC":"","_EventEndDateUTC":"","_EventShowMap":false,"_EventShowMapLink":false,"_EventURL":"","_EventCost":"","_EventCostDescription":"","_EventCurrencySymbol":"","_EventCurrencyCode":"","_EventCurrencyPosition":"","_EventDateTimeSeparator":"","_EventTimeRangeSeparator":"","_EventOrganizerID":[],"_EventVenueID":[],"_OrganizerEmail":"","_OrganizerPhone":"","_OrganizerWebsite":"","_VenueAddress":"","_VenueCity":"","_VenueCountry":"","_VenueProvince":"","_VenueState":"","_VenueZip":"","_VenuePhone":"","_VenueURL":"","_VenueStateProvince":"","_VenueLat":"","_VenueLng":"","_VenueShowMap":false,"_VenueShowMapLink":false,"footnotes":""},"class_list":["post-6110","page","type-page","status-publish","hentry"],"yoast_head":"<!-- This site is optimized with the Yoast SEO plugin v24.6 - https:\/\/yoast.com\/wordpress\/plugins\/seo\/ -->\n<title>Proiectul &quot;Cum g\u0103se\u015fti o carte de... munc\u0103?&quot; - Biblioteca Jude\u021bean\u0103 \u201eOctavian Goga\u201d Cluj<\/title>\n<meta name=\"robots\" content=\"index, follow, max-snippet:-1, max-image-preview:large, max-video-preview:-1\" \/>\n<link rel=\"canonical\" href=\"https:\/\/new.bjc.ro\/?page_id=6110\" \/>\n<meta property=\"og:locale\" content=\"ro_RO\" \/>\n<meta property=\"og:type\" content=\"article\" \/>\n<meta property=\"og:title\" content=\"Proiectul &quot;Cum g\u0103se\u015fti o carte de... munc\u0103?&quot; - Biblioteca Jude\u021bean\u0103 \u201eOctavian Goga\u201d Cluj\" \/>\n<meta property=\"og:description\" content=\"Scopul proiectului este crearea unui serviciu inovativ de bibliotec\u0103 prin care toate persoanele interesate vor fi instruite cum s\u0103 \u00eentocmeasc\u0103 corect un CV, o scrisoare de inten\u0163ie, cum s\u0103 sus\u0163in\u0103 un interviu de angajare \u015fi s\u0103 caute un loc de munc\u0103 prin intermediul tehnologiei informa\u0163iei \u015fi a internetului. Proiectul se&hellip; Cite\u0219te mai mult\" \/>\n<meta property=\"og:url\" content=\"https:\/\/new.bjc.ro\/?page_id=6110\" \/>\n<meta property=\"og:site_name\" content=\"Biblioteca Jude\u021bean\u0103 \u201eOctavian Goga\u201d Cluj\" \/>\n<meta property=\"article:publisher\" content=\"https:\/\/www.facebook.com\/bibliotecacluj\/\" \/>\n<meta property=\"article:modified_time\" content=\"2023-03-10T09:44:15+00:00\" \/>\n<meta property=\"og:image\" content=\"https:\/\/new.bjc.ro\/wp-content\/uploads\/2023\/01\/IMG_5597-1.jpg\" \/>\n\t<meta property=\"og:image:width\" content=\"2000\" \/>\n\t<meta property=\"og:image:height\" content=\"1333\" \/>\n\t<meta property=\"og:image:type\" content=\"image\/jpeg\" \/>\n<meta name=\"twitter:card\" content=\"summary_large_image\" \/>\n<meta name=\"twitter:site\" content=\"@BibliotecaGoga\" \/>\n<meta name=\"twitter:label1\" content=\"Timp estimat pentru citire\" \/>\n\t<meta name=\"twitter:data1\" content=\"1 minut\" \/>\n<script type=\"application\/ld+json\" class=\"yoast-schema-graph\">{\"@context\":\"https:\/\/schema.org\",\"@graph\":[{\"@type\":\"WebPage\",\"@id\":\"https:\/\/new.bjc.ro\/?page_id=6110\",\"url\":\"https:\/\/new.bjc.ro\/?page_id=6110\",\"name\":\"Proiectul \\\"Cum g\u0103se\u015fti o carte de... munc\u0103?\\\" - Biblioteca Jude\u021bean\u0103 \u201eOctavian Goga\u201d Cluj\",\"isPartOf\":{\"@id\":\"https:\/\/new.bjc.ro\/#website\"},\"datePublished\":\"2023-03-10T09:22:04+00:00\",\"dateModified\":\"2023-03-10T09:44:15+00:00\",\"breadcrumb\":{\"@id\":\"https:\/\/new.bjc.ro\/?page_id=6110#breadcrumb\"},\"inLanguage\":\"ro-RO\",\"potentialAction\":[{\"@type\":\"ReadAction\",\"target\":[\"https:\/\/new.bjc.ro\/?page_id=6110\"]}]},{\"@type\":\"BreadcrumbList\",\"@id\":\"https:\/\/new.bjc.ro\/?page_id=6110#breadcrumb\",\"itemListElement\":[{\"@type\":\"ListItem\",\"position\":1,\"name\":\"Home\",\"item\":\"https:\/\/new.bjc.ro\/\"},{\"@type\":\"ListItem\",\"position\":2,\"name\":\"Proiectul &#8220;Cum g\u0103se\u015fti o carte de&#8230; munc\u0103?&#8221;\"}]},{\"@type\":\"WebSite\",\"@id\":\"https:\/\/new.bjc.ro\/#website\",\"url\":\"https:\/\/new.bjc.ro\/\",\"name\":\"Biblioteca Jude\u021bean\u0103 \u201eOctavian Goga\u201d Cluj\",\"description\":\"\",\"publisher\":{\"@id\":\"https:\/\/new.bjc.ro\/#organization\"},\"alternateName\":\"Biblioteca Jude\u021bean\u0103 Cluj\",\"potentialAction\":[{\"@type\":\"SearchAction\",\"target\":{\"@type\":\"EntryPoint\",\"urlTemplate\":\"https:\/\/new.bjc.ro\/?s={search_term_string}\"},\"query-input\":{\"@type\":\"PropertyValueSpecification\",\"valueRequired\":true,\"valueName\":\"search_term_string\"}}],\"inLanguage\":\"ro-RO\"},{\"@type\":\"Organization\",\"@id\":\"https:\/\/new.bjc.ro\/#organization\",\"name\":\"Biblioteca Jude\u021bean\u0103 \u201eOctavian Goga\u201d Cluj\",\"url\":\"https:\/\/new.bjc.ro\/\",\"logo\":{\"@type\":\"ImageObject\",\"inLanguage\":\"ro-RO\",\"@id\":\"https:\/\/new.bjc.ro\/#\/schema\/logo\/image\/\",\"url\":\"https:\/\/new.bjc.ro\/wp-content\/uploads\/2023\/03\/sigle.jpg\",\"contentUrl\":\"https:\/\/new.bjc.ro\/wp-content\/uploads\/2023\/03\/sigle.jpg\",\"width\":630,\"height\":473,\"caption\":\"Biblioteca Jude\u021bean\u0103 \u201eOctavian Goga\u201d Cluj\"},\"image\":{\"@id\":\"https:\/\/new.bjc.ro\/#\/schema\/logo\/image\/\"},\"sameAs\":[\"https:\/\/www.facebook.com\/bibliotecacluj\/\",\"https:\/\/x.com\/BibliotecaGoga\",\"https:\/\/www.instagram.com\/biblioteca_judeteana_cluj\/\",\"https:\/\/www.youtube.com\/user\/BibliotecaGoga\"]}]}<\/script>\n<!-- \/ Yoast SEO plugin. -->","yoast_head_json":{"title":"Proiectul \"Cum g\u0103se\u015fti o carte de... munc\u0103?\" - Biblioteca Jude\u021bean\u0103 \u201eOctavian Goga\u201d Cluj","robots":{"index":"index","follow":"follow","max-snippet":"max-snippet:-1","max-image-preview":"max-image-preview:large","max-video-preview":"max-video-preview:-1"},"canonical":"https:\/\/new.bjc.ro\/?page_id=6110","og_locale":"ro_RO","og_type":"article","og_title":"Proiectul \"Cum g\u0103se\u015fti o carte de... munc\u0103?\" - Biblioteca Jude\u021bean\u0103 \u201eOctavian Goga\u201d Cluj","og_description":"Scopul proiectului este crearea unui serviciu inovativ de bibliotec\u0103 prin care toate persoanele interesate vor fi instruite cum s\u0103 \u00eentocmeasc\u0103 corect un CV, o scrisoare de inten\u0163ie, cum s\u0103 sus\u0163in\u0103 un interviu de angajare \u015fi s\u0103 caute un loc de munc\u0103 prin intermediul tehnologiei informa\u0163iei \u015fi a internetului. Proiectul se&hellip; Cite\u0219te mai mult","og_url":"https:\/\/new.bjc.ro\/?page_id=6110","og_site_name":"Biblioteca Jude\u021bean\u0103 \u201eOctavian Goga\u201d Cluj","article_publisher":"https:\/\/www.facebook.com\/bibliotecacluj\/","article_modified_time":"2023-03-10T09:44:15+00:00","og_image":[{"width":2000,"height":1333,"url":"https:\/\/new.bjc.ro\/wp-content\/uploads\/2023\/01\/IMG_5597-1.jpg","type":"image\/jpeg"}],"twitter_card":"summary_large_image","twitter_site":"@BibliotecaGoga","twitter_misc":{"Timp estimat pentru citire":"1 minut"},"schema":{"@context":"https:\/\/schema.org","@graph":[{"@type":"WebPage","@id":"https:\/\/new.bjc.ro\/?page_id=6110","url":"https:\/\/new.bjc.ro\/?page_id=6110","name":"Proiectul \"Cum g\u0103se\u015fti o carte de... munc\u0103?\" - Biblioteca Jude\u021bean\u0103 \u201eOctavian Goga\u201d Cluj","isPartOf":{"@id":"https:\/\/new.bjc.ro\/#website"},"datePublished":"2023-03-10T09:22:04+00:00","dateModified":"2023-03-10T09:44:15+00:00","breadcrumb":{"@id":"https:\/\/new.bjc.ro\/?page_id=6110#breadcrumb"},"inLanguage":"ro-RO","potentialAction":[{"@type":"ReadAction","target":["https:\/\/new.bjc.ro\/?page_id=6110"]}]},{"@type":"BreadcrumbList","@id":"https:\/\/new.bjc.ro\/?page_id=6110#breadcrumb","itemListElement":[{"@type":"ListItem","position":1,"name":"Home","item":"https:\/\/new.bjc.ro\/"},{"@type":"ListItem","position":2,"name":"Proiectul &#8220;Cum g\u0103se\u015fti o carte de&#8230; munc\u0103?&#8221;"}]},{"@type":"WebSite","@id":"https:\/\/new.bjc.ro\/#website","url":"https:\/\/new.bjc.ro\/","name":"Biblioteca Jude\u021bean\u0103 \u201eOctavian Goga\u201d Cluj","description":"","publisher":{"@id":"https:\/\/new.bjc.ro\/#organization"},"alternateName":"Biblioteca Jude\u021bean\u0103 Cluj","potentialAction":[{"@type":"SearchAction","target":{"@type":"EntryPoint","urlTemplate":"https:\/\/new.bjc.ro\/?s={search_term_string}"},"query-input":{"@type":"PropertyValueSpecification","valueRequired":true,"valueName":"search_term_string"}}],"inLanguage":"ro-RO"},{"@type":"Organization","@id":"https:\/\/new.bjc.ro\/#organization","name":"Biblioteca Jude\u021bean\u0103 \u201eOctavian Goga\u201d Cluj","url":"https:\/\/new.bjc.ro\/","logo":{"@type":"ImageObject","inLanguage":"ro-RO","@id":"https:\/\/new.bjc.ro\/#\/schema\/logo\/image\/","url":"https:\/\/new.bjc.ro\/wp-content\/uploads\/2023\/03\/sigle.jpg","contentUrl":"https:\/\/new.bjc.ro\/wp-content\/uploads\/2023\/03\/sigle.jpg","width":630,"height":473,"caption":"Biblioteca Jude\u021bean\u0103 \u201eOctavian Goga\u201d Cluj"},"image":{"@id":"https:\/\/new.bjc.ro\/#\/schema\/logo\/image\/"},"sameAs":["https:\/\/www.facebook.com\/bibliotecacluj\/","https:\/\/x.com\/BibliotecaGoga","https:\/\/www.instagram.com\/biblioteca_judeteana_cluj\/","https:\/\/www.youtube.com\/user\/BibliotecaGoga"]}]}},"_links":{"self":[{"href":"https:\/\/new.bjc.ro\/index.php?rest_route=\/wp\/v2\/pages\/6110","targetHints":{"allow":["GET"]}}],"collection":[{"href":"https:\/\/new.bjc.ro\/index.php?rest_route=\/wp\/v2\/pages"}],"about":[{"href":"https:\/\/new.bjc.ro\/index.php?rest_route=\/wp\/v2\/types\/page"}],"author":[{"embeddable":true,"href":"https:\/\/new.bjc.ro\/index.php?rest_route=\/wp\/v2\/users\/1"}],"replies":[{"embeddable":true,"href":"https:\/\/new.bjc.ro\/index.php?rest_route=%2Fwp%2Fv2%2Fcomments&post=6110"}],"version-history":[{"count":7,"href":"https:\/\/new.bjc.ro\/index.php?rest_route=\/wp\/v2\/pages\/6110\/revisions"}],"predecessor-version":[{"id":6134,"href":"https:\/\/new.bjc.ro\/index.php?rest_route=\/wp\/v2\/pages\/6110\/revisions\/6134"}],"wp:attachment":[{"href":"https:\/\/new.bjc.ro\/index.php?rest_route=%2Fwp%2Fv2%2Fmedia&parent=6110"}],"curies":[{"name":"wp","href":"https:\/\/api.w.org\/{rel}","templated":true}]}}