{"id":6381,"date":"2023-03-13T08:54:08","date_gmt":"2023-03-13T06:54:08","guid":{"rendered":"https:\/\/new.bjc.ro\/?page_id=6381"},"modified":"2023-03-13T09:04:29","modified_gmt":"2023-03-13T07:04:29","slug":"ghidurile-entitle","status":"publish","type":"page","link":"https:\/\/new.bjc.ro\/?page_id=6381","title":{"rendered":"Ghidurile Entitle"},"content":{"rendered":"<p>Ghidurile ENTITLE au fost elaborate de \u00een cadrul proiectului cu acela\u015fi nume, prin contribu\u0163ia tuturor partenerilor implica\u0163i \u00een proiect.<\/p>\n<p>Scopul acestor ghiduri este de a contribui la dezvoltarea rolului bibliotecilor publice \u00een educa\u0163ia permanent\u0103 \u00een r\u00e2ndul unor categorii diverse de public. Ghidurile au fost elaborate cu contribu\u0163ia tuturor partenerilor \u015fi promoveaz\u0103 practicile bune din biblioteci, precum \u015fi materialele de referin\u0163\u0103 existente pentru acest domeniu.<\/p>\n<p>Sunt expuse politicile diferitelor \u0163\u0103ri europene cu privire la educa\u0163ia permanent\u0103 derulat\u0103 prin intermediul bibliotecilor \u015fi este subliniat rolul acestora \u00een desf\u0103\u015furarea acestui proces.<\/p>\n<p><a href=\"https:\/\/new.bjc.ro\/wp-content\/uploads\/2023\/03\/entitle_introducere.pdf\">Introducere\u00a0la ghiduri<\/a><\/p>\n<p>Ghidul 1 &#8211;\u00a0<a href=\"https:\/\/new.bjc.ro\/wp-content\/uploads\/2023\/03\/1-entitle_guideline_1_romanian.pdf\">Strategii, politici \u015fi consiliere pentru bibliotecile publice \u015fi educa\u0163ia permanent\u0103<\/a><\/p>\n<p>Ghidul 2 &#8211;\u00a0<a href=\"https:\/\/new.bjc.ro\/wp-content\/uploads\/2023\/03\/2-entitle_guideline_2_romanian.pdf\">Bibliotecile \u015fi contextul educa\u0163iei permanente<\/a><\/p>\n<p>Ghidul 3 &#8211;\u00a0<a href=\"https:\/\/new.bjc.ro\/wp-content\/uploads\/2023\/03\/3-entitle_guideline_3_romanian.pdf\">Planificarea \u015fi organizarea serviciilor educa\u0163ionale<\/a><\/p>\n<p>Ghidul 4 &#8211;\u00a0<a href=\"https:\/\/new.bjc.ro\/wp-content\/uploads\/2023\/03\/4-entitle_guideline_4_romanian.pdf\">Asigurarea resurselor<\/a><\/p>\n<p>Ghidul 5 &#8211;\u00a0<a href=\"https:\/\/new.bjc.ro\/wp-content\/uploads\/2023\/03\/5-entitle_guideline_5_romanian.pdf\">Evaluarea<\/a><\/p>\n<p>Ghidul 6 &#8211;\u00a0<a href=\"https:\/\/new.bjc.ro\/wp-content\/uploads\/2023\/03\/6-entitle_guideline_6_romanian.pdf\">Mediul de \u00eenv\u0103\u0163are<\/a><\/p>\n","protected":false},"excerpt":{"rendered":"<p>Ghidurile ENTITLE au fost elaborate de \u00een cadrul proiectului cu acela\u015fi nume, prin contribu\u0163ia tuturor partenerilor implica\u0163i \u00een proiect. Scopul acestor ghiduri este de a contribui la dezvoltarea rolului bibliotecilor publice \u00een educa\u0163ia permanent\u0103 \u00een r\u00e2ndul unor categorii diverse de public. Ghidurile au fost elaborate cu contribu\u0163ia tuturor partenerilor \u015fi&hellip; <br \/> <a class=\"read-more\" href=\"https:\/\/new.bjc.ro\/?page_id=6381\">Cite\u0219te mai mult<\/a><\/p>\n","protected":false},"author":1,"featured_media":0,"parent":0,"menu_order":0,"comment_status":"closed","ping_status":"closed","template":"","meta":{"_monsterinsights_skip_tracking":false,"_monsterinsights_sitenote_active":false,"_monsterinsights_sitenote_note":"","_monsterinsights_sitenote_category":0,"_EventAllDay":false,"_EventTimezone":"","_EventStartDate":"","_EventEndDate":"","_EventStartDateUTC":"","_EventEndDateUTC":"","_EventShowMap":false,"_EventShowMapLink":false,"_EventURL":"","_EventCost":"","_EventCostDescription":"","_EventCurrencySymbol":"","_EventCurrencyCode":"","_EventCurrencyPosition":"","_EventDateTimeSeparator":"","_EventTimeRangeSeparator":"","_EventOrganizerID":[],"_EventVenueID":[],"_OrganizerEmail":"","_OrganizerPhone":"","_OrganizerWebsite":"","_VenueAddress":"","_VenueCity":"","_VenueCountry":"","_VenueProvince":"","_VenueState":"","_VenueZip":"","_VenuePhone":"","_VenueURL":"","_VenueStateProvince":"","_VenueLat":"","_VenueLng":"","_VenueShowMap":false,"_VenueShowMapLink":false,"footnotes":""},"class_list":["post-6381","page","type-page","status-publish","hentry"],"yoast_head":"<!-- This site is optimized with the Yoast SEO plugin v24.6 - https:\/\/yoast.com\/wordpress\/plugins\/seo\/ -->\n<title>Ghidurile Entitle - Biblioteca Jude\u021bean\u0103 \u201eOctavian Goga\u201d Cluj<\/title>\n<meta name=\"robots\" content=\"index, follow, max-snippet:-1, max-image-preview:large, max-video-preview:-1\" \/>\n<link rel=\"canonical\" href=\"https:\/\/new.bjc.ro\/?page_id=6381\" \/>\n<meta property=\"og:locale\" content=\"ro_RO\" \/>\n<meta property=\"og:type\" content=\"article\" \/>\n<meta property=\"og:title\" content=\"Ghidurile Entitle - Biblioteca Jude\u021bean\u0103 \u201eOctavian Goga\u201d Cluj\" \/>\n<meta property=\"og:description\" content=\"Ghidurile ENTITLE au fost elaborate de \u00een cadrul proiectului cu acela\u015fi nume, prin contribu\u0163ia tuturor partenerilor implica\u0163i \u00een proiect. Scopul acestor ghiduri este de a contribui la dezvoltarea rolului bibliotecilor publice \u00een educa\u0163ia permanent\u0103 \u00een r\u00e2ndul unor categorii diverse de public. Ghidurile au fost elaborate cu contribu\u0163ia tuturor partenerilor \u015fi&hellip; Cite\u0219te mai mult\" \/>\n<meta property=\"og:url\" content=\"https:\/\/new.bjc.ro\/?page_id=6381\" \/>\n<meta property=\"og:site_name\" content=\"Biblioteca Jude\u021bean\u0103 \u201eOctavian Goga\u201d Cluj\" \/>\n<meta property=\"article:publisher\" content=\"https:\/\/www.facebook.com\/bibliotecacluj\/\" \/>\n<meta property=\"article:modified_time\" content=\"2023-03-13T07:04:29+00:00\" \/>\n<meta property=\"og:image\" content=\"https:\/\/new.bjc.ro\/wp-content\/uploads\/2023\/01\/IMG_5597-1.jpg\" \/>\n\t<meta property=\"og:image:width\" content=\"2000\" \/>\n\t<meta property=\"og:image:height\" content=\"1333\" \/>\n\t<meta property=\"og:image:type\" content=\"image\/jpeg\" \/>\n<meta name=\"twitter:card\" content=\"summary_large_image\" \/>\n<meta name=\"twitter:site\" content=\"@BibliotecaGoga\" \/>\n<meta name=\"twitter:label1\" content=\"Timp estimat pentru citire\" \/>\n\t<meta name=\"twitter:data1\" content=\"1 minut\" \/>\n<script type=\"application\/ld+json\" class=\"yoast-schema-graph\">{\"@context\":\"https:\/\/schema.org\",\"@graph\":[{\"@type\":\"WebPage\",\"@id\":\"https:\/\/new.bjc.ro\/?page_id=6381\",\"url\":\"https:\/\/new.bjc.ro\/?page_id=6381\",\"name\":\"Ghidurile Entitle - Biblioteca Jude\u021bean\u0103 \u201eOctavian Goga\u201d Cluj\",\"isPartOf\":{\"@id\":\"https:\/\/new.bjc.ro\/#website\"},\"datePublished\":\"2023-03-13T06:54:08+00:00\",\"dateModified\":\"2023-03-13T07:04:29+00:00\",\"breadcrumb\":{\"@id\":\"https:\/\/new.bjc.ro\/?page_id=6381#breadcrumb\"},\"inLanguage\":\"ro-RO\",\"potentialAction\":[{\"@type\":\"ReadAction\",\"target\":[\"https:\/\/new.bjc.ro\/?page_id=6381\"]}]},{\"@type\":\"BreadcrumbList\",\"@id\":\"https:\/\/new.bjc.ro\/?page_id=6381#breadcrumb\",\"itemListElement\":[{\"@type\":\"ListItem\",\"position\":1,\"name\":\"Home\",\"item\":\"https:\/\/new.bjc.ro\/\"},{\"@type\":\"ListItem\",\"position\":2,\"name\":\"Ghidurile Entitle\"}]},{\"@type\":\"WebSite\",\"@id\":\"https:\/\/new.bjc.ro\/#website\",\"url\":\"https:\/\/new.bjc.ro\/\",\"name\":\"Biblioteca Jude\u021bean\u0103 \u201eOctavian Goga\u201d Cluj\",\"description\":\"\",\"publisher\":{\"@id\":\"https:\/\/new.bjc.ro\/#organization\"},\"alternateName\":\"Biblioteca Jude\u021bean\u0103 Cluj\",\"potentialAction\":[{\"@type\":\"SearchAction\",\"target\":{\"@type\":\"EntryPoint\",\"urlTemplate\":\"https:\/\/new.bjc.ro\/?s={search_term_string}\"},\"query-input\":{\"@type\":\"PropertyValueSpecification\",\"valueRequired\":true,\"valueName\":\"search_term_string\"}}],\"inLanguage\":\"ro-RO\"},{\"@type\":\"Organization\",\"@id\":\"https:\/\/new.bjc.ro\/#organization\",\"name\":\"Biblioteca Jude\u021bean\u0103 \u201eOctavian Goga\u201d Cluj\",\"url\":\"https:\/\/new.bjc.ro\/\",\"logo\":{\"@type\":\"ImageObject\",\"inLanguage\":\"ro-RO\",\"@id\":\"https:\/\/new.bjc.ro\/#\/schema\/logo\/image\/\",\"url\":\"https:\/\/new.bjc.ro\/wp-content\/uploads\/2023\/03\/sigle.jpg\",\"contentUrl\":\"https:\/\/new.bjc.ro\/wp-content\/uploads\/2023\/03\/sigle.jpg\",\"width\":630,\"height\":473,\"caption\":\"Biblioteca Jude\u021bean\u0103 \u201eOctavian Goga\u201d Cluj\"},\"image\":{\"@id\":\"https:\/\/new.bjc.ro\/#\/schema\/logo\/image\/\"},\"sameAs\":[\"https:\/\/www.facebook.com\/bibliotecacluj\/\",\"https:\/\/x.com\/BibliotecaGoga\",\"https:\/\/www.instagram.com\/biblioteca_judeteana_cluj\/\",\"https:\/\/www.youtube.com\/user\/BibliotecaGoga\"]}]}<\/script>\n<!-- \/ Yoast SEO plugin. -->","yoast_head_json":{"title":"Ghidurile Entitle - Biblioteca Jude\u021bean\u0103 \u201eOctavian Goga\u201d Cluj","robots":{"index":"index","follow":"follow","max-snippet":"max-snippet:-1","max-image-preview":"max-image-preview:large","max-video-preview":"max-video-preview:-1"},"canonical":"https:\/\/new.bjc.ro\/?page_id=6381","og_locale":"ro_RO","og_type":"article","og_title":"Ghidurile Entitle - Biblioteca Jude\u021bean\u0103 \u201eOctavian Goga\u201d Cluj","og_description":"Ghidurile ENTITLE au fost elaborate de \u00een cadrul proiectului cu acela\u015fi nume, prin contribu\u0163ia tuturor partenerilor implica\u0163i \u00een proiect. Scopul acestor ghiduri este de a contribui la dezvoltarea rolului bibliotecilor publice \u00een educa\u0163ia permanent\u0103 \u00een r\u00e2ndul unor categorii diverse de public. Ghidurile au fost elaborate cu contribu\u0163ia tuturor partenerilor \u015fi&hellip; Cite\u0219te mai mult","og_url":"https:\/\/new.bjc.ro\/?page_id=6381","og_site_name":"Biblioteca Jude\u021bean\u0103 \u201eOctavian Goga\u201d Cluj","article_publisher":"https:\/\/www.facebook.com\/bibliotecacluj\/","article_modified_time":"2023-03-13T07:04:29+00:00","og_image":[{"width":2000,"height":1333,"url":"https:\/\/new.bjc.ro\/wp-content\/uploads\/2023\/01\/IMG_5597-1.jpg","type":"image\/jpeg"}],"twitter_card":"summary_large_image","twitter_site":"@BibliotecaGoga","twitter_misc":{"Timp estimat pentru citire":"1 minut"},"schema":{"@context":"https:\/\/schema.org","@graph":[{"@type":"WebPage","@id":"https:\/\/new.bjc.ro\/?page_id=6381","url":"https:\/\/new.bjc.ro\/?page_id=6381","name":"Ghidurile Entitle - Biblioteca Jude\u021bean\u0103 \u201eOctavian Goga\u201d Cluj","isPartOf":{"@id":"https:\/\/new.bjc.ro\/#website"},"datePublished":"2023-03-13T06:54:08+00:00","dateModified":"2023-03-13T07:04:29+00:00","breadcrumb":{"@id":"https:\/\/new.bjc.ro\/?page_id=6381#breadcrumb"},"inLanguage":"ro-RO","potentialAction":[{"@type":"ReadAction","target":["https:\/\/new.bjc.ro\/?page_id=6381"]}]},{"@type":"BreadcrumbList","@id":"https:\/\/new.bjc.ro\/?page_id=6381#breadcrumb","itemListElement":[{"@type":"ListItem","position":1,"name":"Home","item":"https:\/\/new.bjc.ro\/"},{"@type":"ListItem","position":2,"name":"Ghidurile Entitle"}]},{"@type":"WebSite","@id":"https:\/\/new.bjc.ro\/#website","url":"https:\/\/new.bjc.ro\/","name":"Biblioteca Jude\u021bean\u0103 \u201eOctavian Goga\u201d Cluj","description":"","publisher":{"@id":"https:\/\/new.bjc.ro\/#organization"},"alternateName":"Biblioteca Jude\u021bean\u0103 Cluj","potentialAction":[{"@type":"SearchAction","target":{"@type":"EntryPoint","urlTemplate":"https:\/\/new.bjc.ro\/?s={search_term_string}"},"query-input":{"@type":"PropertyValueSpecification","valueRequired":true,"valueName":"search_term_string"}}],"inLanguage":"ro-RO"},{"@type":"Organization","@id":"https:\/\/new.bjc.ro\/#organization","name":"Biblioteca Jude\u021bean\u0103 \u201eOctavian Goga\u201d Cluj","url":"https:\/\/new.bjc.ro\/","logo":{"@type":"ImageObject","inLanguage":"ro-RO","@id":"https:\/\/new.bjc.ro\/#\/schema\/logo\/image\/","url":"https:\/\/new.bjc.ro\/wp-content\/uploads\/2023\/03\/sigle.jpg","contentUrl":"https:\/\/new.bjc.ro\/wp-content\/uploads\/2023\/03\/sigle.jpg","width":630,"height":473,"caption":"Biblioteca Jude\u021bean\u0103 \u201eOctavian Goga\u201d Cluj"},"image":{"@id":"https:\/\/new.bjc.ro\/#\/schema\/logo\/image\/"},"sameAs":["https:\/\/www.facebook.com\/bibliotecacluj\/","https:\/\/x.com\/BibliotecaGoga","https:\/\/www.instagram.com\/biblioteca_judeteana_cluj\/","https:\/\/www.youtube.com\/user\/BibliotecaGoga"]}]}},"_links":{"self":[{"href":"https:\/\/new.bjc.ro\/index.php?rest_route=\/wp\/v2\/pages\/6381","targetHints":{"allow":["GET"]}}],"collection":[{"href":"https:\/\/new.bjc.ro\/index.php?rest_route=\/wp\/v2\/pages"}],"about":[{"href":"https:\/\/new.bjc.ro\/index.php?rest_route=\/wp\/v2\/types\/page"}],"author":[{"embeddable":true,"href":"https:\/\/new.bjc.ro\/index.php?rest_route=\/wp\/v2\/users\/1"}],"replies":[{"embeddable":true,"href":"https:\/\/new.bjc.ro\/index.php?rest_route=%2Fwp%2Fv2%2Fcomments&post=6381"}],"version-history":[{"count":3,"href":"https:\/\/new.bjc.ro\/index.php?rest_route=\/wp\/v2\/pages\/6381\/revisions"}],"predecessor-version":[{"id":6392,"href":"https:\/\/new.bjc.ro\/index.php?rest_route=\/wp\/v2\/pages\/6381\/revisions\/6392"}],"wp:attachment":[{"href":"https:\/\/new.bjc.ro\/index.php?rest_route=%2Fwp%2Fv2%2Fmedia&parent=6381"}],"curies":[{"name":"wp","href":"https:\/\/api.w.org\/{rel}","templated":true}]}}