{"id":6516,"date":"2023-03-13T12:12:31","date_gmt":"2023-03-13T10:12:31","guid":{"rendered":"https:\/\/new.bjc.ro\/?page_id=6516"},"modified":"2023-03-13T12:14:04","modified_gmt":"2023-03-13T10:14:04","slug":"proiectul-pulman","status":"publish","type":"page","link":"https:\/\/new.bjc.ro\/?page_id=6516","title":{"rendered":"Proiectul Pulman"},"content":{"rendered":"<p><strong>Rezultatele bibliotecilor publice europene concretizate la Conferin\u0163a PULMAN<\/strong><\/p>\n<p>\u00centre 12-13 martie 2003 a avut loc la Oeiras, Portugalia, Conferin\u0163a Pulman cu tema &#8222;Bibliotecile publice, muzeele \u015fi arhivele lucr\u00e2nd \u00eempreun\u0103 \u00eentr-o e-Europa&#8221;. Aproximativ 170 de participan\u0163i din 41 de \u0163\u0103ri au fost de acord cu cele 4 priorit\u0103\u0163i de baz\u0103 \u015fi cu un plan de ac\u0163iune \u00een 10 puncte prezentat \u00een <strong>Manifestul de la Oeiras, Agenda Pulman pentru e-Europa.<\/strong><\/p>\n<p>Manifestul subliniaz\u0103 rolul vital jucat de bibliotecile publice \u00een satisfacerea necesit\u0103\u0163ilor resim\u0163ite de cet\u0103\u0163eni \u00een era informa\u0163ional\u0103 \u015fi \u00eencurajeaz\u0103 cooperarea la nivel local cu alte institu\u0163ii culturale. Bibliotecile publice sunt privite ca elemente de baz\u0103 \u00een societatea informa\u0163ional\u0103 \u00eentruc\u00e2t se ocup\u0103 de dezvoltarea activit\u0103\u0163ilor digitale, educa\u0163ia permanent\u0103, diversitatea cultural\u0103, atragerea cet\u0103\u0163enilor cu nevoi speciale prin punctele publice de acces \u015fi asigurarea accesului \u00een zonele \u00eendep\u0103rtate.<\/p>\n<p>Aprecierile delega\u0163ilor la conferin\u0163\u0103 au variat de la &#8222;o conferin\u0163\u0103 extrem de \u00eensufle\u0163itoare&#8221; la &#8222;un adev\u0103rat jalon \u00een dezvoltarea bibliotecilor publice&#8221;. Erkki Liikanen, Comisarul European pentru Societatea Informa\u0163ional\u0103, a considerat Conferin\u0163a Pulman ca un eveniment cheie pentru bibliotecile publice din Europa, preg\u0103tind scena pentru evenimente ulterioare demne de urm\u0103rit.<\/p>\n<p>Printre participan\u0163ii la conferin\u0163\u0103 s-au num\u0103rat mini\u015ftri, secretari de stat \u015fi func\u0163ionari guvernamentali din majoritatea \u0163\u0103rilor participante. Ei au fost \u00eenso\u0163i\u0163i de personalit\u0103\u0163i de marca ai bibliotecilor \u015fi de bibliotecari publici responsabili cu dezvoltarea detaliat\u0103 a resurselor informa\u0163ionale din cele 36 de \u0163\u0103ri care s-au implicat \u00een Proiectul PULMAN.<\/p>\n<p><strong>Manifestul de la Oeiras<\/strong><\/p>\n<p><strong>Agenda PULMAN pentru Europa electronic\u0103<\/strong><\/p>\n<p><strong>Mini\u015ftrii, forurile de decizie \u015fi profesioni\u015ftii din cele 36 de \u0163\u0103ri europene1 au c\u0103zut de acord asupra urm\u0103toarelor priorit\u0103\u0163i ale politicii PULMAN la conferin\u0163a din Oeiras, Portugalia, 13-14 martie 2003.<\/strong><\/p>\n<p>Sunt necesare fonduri suficiente \u015fi sus\u0163inere la nivel local \u015fi na\u0163ional:<\/p>\n<ul>\n<li>Pentru a intensifica rolul bibliotecilor publice, \u00een colaborare cu arhivele \u015fi muzeele, ca elemente vitale \u00een \u00eendeplinirea obiectivelor planului de ac\u0163iune e-european2, prin accelerarea dezvolt\u0103rii lor ca centre de acces la resursele digitale.<\/li>\n<li>Pentru a veni \u00een \u00eent\u00e2mpinarea nevoilor tuturor cet\u0103\u0163enilor \u00een societatea informa\u0163ional\u0103 prin \u00eencurajarea politicilor \u015fi practicilor promovate de re\u0163eaua PULMAN3.<\/li>\n<\/ul>\n<p>Pentru a atinge aceste scopuri bibliotecile publice \u00eempreun\u0103 cu arhivele \u015fi muzeele trebuie:<\/p>\n<ul>\n<li>S\u0103 ofere servicii inovative de calitate, tehnologii digitale, care s\u0103 ajute cet\u0103\u0163enii s\u0103-\u015fi ating\u0103 scopurile personale \u00eentr-o lume \u00een schimbare \u015fi care s\u0103 contribuie la coeziunea social\u0103 \u015fi la succesul unei economii europene bazate pe cunoa\u015ftere.<\/li>\n<li>S\u0103 contribuie la mai bun\u0103 utilizare a serviciilor bibliotecilor publice din partea cet\u0103\u0163enilor, \u00een special acelora care sunt amenin\u0163a\u0163i de excludere social\u0103 sau digital\u0103, dezvolt\u00e2ndu-se astfel baza de utilizatori \u00eenscri\u015fi (de peste 150 de milioane)4 ai bibliotecilor din cele 36 de \u0163\u0103ri ale re\u0163elei PULMAN.<\/li>\n<\/ul>\n<p>La Conferin\u0163\u0103 PULMAN s-a c\u0103zut de acord asupra faptului c\u0103 to\u0163i cet\u0103\u0163enii vor beneficia de sprijinul substan\u0163ial al bibliotecilor publice, al arhivelor \u015fi muzeelor la nivel local, na\u0163ional \u015fi european \u00een patru direc\u0163ii specifice.<\/p>\n<p><strong>Bibliotecile publice, \u00eempreuna cu arhivele \u015fi muzeele, contribuie la:<\/strong><\/p>\n<p><strong>Democra\u0163ie \u015fi cet\u0103\u0163enie<\/strong><\/p>\n<ul>\n<li>Construirea unei societ\u0103\u0163i civile, democratice care s\u0103 \u0163in\u0103 cont de nevoile \u00eentregii comunit\u0103\u0163i, oferirea accesului liber la cultur\u0103 \u015fi cunoa\u015ftere \u015fi combaterea excluderii sociale oferind oamenilor spa\u0163ii atractive. Trebuie luate \u00een considerare nevoile grupurilor speciale cum ar fi persoanele cu dizabilit\u0103\u0163i, adolescen\u0163ii, persoanele \u00een v\u00e2rst\u0103, \u015fomerii \u015fi cei care locuiesc \u00een zone rurale.<\/li>\n<li>Dezvoltarea de servicii pentru e-guvernare, e-s\u0103n\u0103tate, e-comer\u0163 \u015fi e-\u00eenv\u0103\u0163are prin oferirea accesului ne\u00eengr\u0103dit, obiectiv \u015fi prietenos, dar \u015fi instruirea \u00een utilizarea resurselor electronice.<\/li>\n<\/ul>\n<p><strong>Educa\u0163ie permanent\u0103<\/strong><\/p>\n<ul>\n<li>Punerea accentului pe nevoile copiilor \u015fi a acelor care se ocup\u0103 de ei oferindu-le un ambient amuzant, sigur \u015fi stimulativ pentru activitatea \u015fcolar\u0103 \u015fi timp liber, incluz\u00e2nd jocuri \u015fi noi tehnologii \u00een colaborare cu \u015fcoli \u015fi alte structuri educa\u0163ionale.<\/li>\n<li>Dezvoltarea rolului de centre pentru \u00eenv\u0103\u0163are informala neinstitu\u0163ionalizat\u0103, oferind con\u0163inut, educa\u0163ie \u015fi suport cet\u0103\u0163enilor \u00een toate etapele vie\u0163ii lor, profit\u00e2nd din plin de avantajele e-\u00eenv\u0103\u0163arii.<\/li>\n<li>Contribuirea la dezvoltarea unei societ\u0103\u0163i informa\u0163ionale func\u0163ionale promov\u00e2nd lectura cu toate mijloacele, inclusiv Internetul.<\/li>\n<\/ul>\n<p><strong>Dezvoltarea social\u0103 \u015fi economic\u0103<\/strong><\/p>\n<ul>\n<li>Ajutor \u00een combaterea analfabetismului digital \u015fi a disfunc\u0163ionalit\u0103\u0163ilor digitale, bibliotecile publice devenind astfel Punctele de Acces Internet cele mai des utilizate de publicul european, oferind acces \u015fi instruire pentru publicul care risc\u0103 e-excluderea \u015fi oferind servicii prin intermediul noilor canale, cum ar fi televiziunea digital\u0103, pe m\u0103sura ce aceasta devine accesibil\u0103 la nivel local.<\/li>\n<li>Colaborarea cu comunitatea local\u0103 a oamenilor de afaceri \u015fi al\u0163i factori locali care ofer\u0103 servicii informa\u0163ionale cu valoare ad\u0103ugat\u0103 pentru a sus\u0163ine dezvoltarea economiei bazate pe cunoa\u015ftere \u00een Europa.<\/li>\n<\/ul>\n<p><strong>Diversitatea cultural\u0103<\/strong><\/p>\n<ul>\n<li>\u00cencurajarea spiritului comunit\u0103\u0163ii locale, a istoriei familiilor \u015fi a locurilor \u00eentr-o lume pe cale de globalizare prin ajutorul oferit \u00een crearea, p\u0103strarea \u015fi promovarea pentru genera\u0163iile viitoare a con\u0163inutului digital \u015fi analog, cum ar fi cel p\u0103strat de bibliotecile publice, muzee \u015fi arhive.<\/li>\n<li>Sus\u0163inerea diversit\u0103\u0163ii etnice, culturale, lingvistice \u015fi religioase, a identit\u0103\u0163ilor culturale \u015fi integr\u0103rii sociale, \u00een special prin implicarea cet\u0103\u0163enilor locali \u015fi a grupurilor comunitare \u00een crearea unei Memorii Comunitare a resurselor digitale accesibile tuturor.<\/li>\n<\/ul>\n<p><strong>Documente de referin\u0163\u0103:<\/strong><\/p>\n<ul>\n<li>Muzee, tezaur intangibil \u015fi globalizare. Shangai Charter, ICOM, 2002<\/li>\n<li>Declara\u0163ia IFLA de la Glasgow cu privire la bibliotecile publice, serviciile de informare \u015fi libertatea intelectual\u0103 (2002)<\/li>\n<li>Manifestul IFLA de pe Internet (2002)<\/li>\n<li>Declara\u0163ia NAPLE cu privire la bibliotecile publice europene \u00een curs de dezvoltare (2002)<\/li>\n<li>Declara\u0163ia EBLIDA cu privire la rolul bibliotecilor \u00een \u00eenv\u0103\u0163area permanent\u0103 (2001)<\/li>\n<li>Principiile Lund: Europa electronic\u0103, crearea cooper\u0103rii pentru digitizare,<br \/>\nsocietatea informa\u0163ional\u0103 digital\u0103 (2001)<\/li>\n<li>Consiliul Europei \/ Ghidul EBLIDA asupra legisla\u0163iei de bibliotec\u0103 \u015fi a politicii<br \/>\n\u00een Europa (2000)<\/li>\n<li>Recomand\u0103rile Consiliului Europei asupra unei politici europene de acces la arhive (2000)<\/li>\n<li>Declara\u0163ia de la Copenhaga (1999)<\/li>\n<li>Comunicatul de la Leuven (1998)<\/li>\n<li>Raportul asupra rolului bibliotecilor publice \u00een lumea modern\u0103 a Comitetului de Cultura, Tineret, Educa\u0163ie \u015fi Mass-media a Parlamentului Europei (1998)<\/li>\n<li>Muzeele \u015fi diversitatea cultural\u0103, ICOM (1997)<\/li>\n<li>Manifestul IFLA \/ UNESCO cu privire la bibliotecile publice (1994)<\/li>\n<\/ul>\n<p>Note de subsol:<\/p>\n<p>1 Re\u0163eaua PULMAN include state membre ale Uniunii Europene, state candidate \u015fi \u0163\u0103ri \u00eenvecinate : Albania, Austria, Belarus, Belgia, Bosnia Her\u0163egovina, Bulgaria, Croa\u0163ia, Republica Ceh\u0103, Danemarca, Estonia, Finlanda, Fran\u0163a, Germania, Grecia, Ungaria, Irlanda, Italia, Letonia, Lituania, Luxemburg, Macedonia, Moldova, Olanda, Norvegia, Polonia, Portugalia, Rom\u00e2nia, Rusia, Serbia-Muntenegru, Republica Slovaca, Spania, Suedia, Turcia, Ucraina, Marea Britanie.<\/p>\n<p><strong>Planul de ac\u0163iune Oeiras<\/strong><\/p>\n<p>Conferin\u0163a PULMAN cere mini\u015ftrilor, factorilor de decizie politica \u015fi profesioni\u015ftilor la nivel na\u0163ional \u015fi local ca, \u00een cadrul unor limite de timp specificate:<\/p>\n<ul>\n<li>S\u0103 stabileasc\u0103 strategii, care utilizeaz\u0103 \u015fi dezvolta deprinderile \u015fi infrastructura \u00eentregii re\u0163ele fizice de biblioteci publice, muzee \u015fi arhive europene pentru a dezvolta poten\u0163ialul lor social, cultural \u015fi economic.<\/li>\n<li>S\u0103 identifice priorit\u0103\u0163i de finan\u0163are locale \u015fi na\u0163ionale \u00een sprijinul unor activit\u0103\u0163i cheie, cum ar fi oferirea de acces la resurse electronice \u015fi Internet, digitalizarea, crearea de servicii pilot, asigurarea unei infrastructuri tehnice adecvate, incluz\u00e2nd conectabilitatea pe banda larg\u0103 acolo unde este posibil \u015fi adoptarea unor standarde comune.<\/li>\n<li>S\u0103 ia \u00een considerare \u00eenfiin\u0163area unor agen\u0163ii inter-disciplinare \u015fi cooperarea inter-ministeriala pentru punerea \u00een practic\u0103 a unor politici coordonate \u00een sectorul mo\u015ftenirii culturale (biblioteci publice, muzee \u015fi arhive).<\/li>\n<li>S\u0103 dezvolte parteneriate eficiente \u00eentre sectorul local al mo\u015ftenirilor culturale \u015fi alte sectoare economice \u015fi sociale cheie (ex. educa\u0163ie, ocuparea for\u0163ei de munc\u0103, turism, organiza\u0163ii comunitare etc.) pentru a facilita reorganizarea serviciilor locale, dar \u015fi managementul \u015fi eficientizarea financiar\u0103.<\/li>\n<li>S\u0103 furnizeze un acces interactiv la con\u0163inut prin mijloacele avute la dispozi\u0163ie, resurse digitale multimedia, care se ocup\u0103 de istoria, literatura, arta, muzica s\u0103 interesele comunit\u0103\u0163ii locale, grupate, dac\u0103 este cazul, c\u0103 resurse educa\u0163ionale.<\/li>\n<li>S\u0103 sprijine dezvoltarea centrelor de excelent\u0103 pentru a stimula preluarea experien\u0163elor \u015fi practicii pozitive, acolo unde este necesar, ca punct de plecare pentru o implementare pe scar\u0103 mai larg\u0103 a serviciilor inovatoare.<\/li>\n<li>S\u0103 implementeze politici de recrutare \u015fi instruire de personal, incluz\u00e2nd salarii \u015fi condi\u0163ii adecvate, pentru a asigura capacitatea \u015fi deprinderile necesare satisfacerii nevoilor exprimate de utilizatori, e.g. sprijinirea instruirii \u015fi utilizarea tehnologiilor Societ\u0103\u0163ii Informa\u0163ionale.<\/li>\n<li>S\u0103 monitorizeze nevoile utilizatorilor mereu \u00een schimbare ca parte a planific\u0103rii investi\u0163iilor \u015fi a dezvolt\u0103rii unor politici bazate pe realitate.<\/li>\n<li>S\u0103 m\u0103soare \u015fi s\u0103 evalueze servicii pe baza regulat\u0103, \u00een special acele servicii care implic\u0103 noi tehnologii \u015fi s\u0103 stabileasc\u0103 criterii de benchmarking pentru a evalua impactul \u015fi rezultatele investi\u0163iilor.<\/li>\n<li>S\u0103 propun\u0103 activit\u0103\u0163i de cercetare \u015fi modernizare la nivel na\u0163ional \u015fi european bazate, unde este cazul, pe parteneriate cu organiza\u0163ii de sprijin \u015fi companii din sectorul privat, inclusiv cele specializate \u00een accesul la informa\u0163ie, elaborarea \u015fi digitizarea con\u0163inutului.<\/li>\n<\/ul>\n<p>Oeiras, March 2003<\/p>\n<p>&nbsp;<\/p>\n","protected":false},"excerpt":{"rendered":"<p>Rezultatele bibliotecilor publice europene concretizate la Conferin\u0163a PULMAN \u00centre 12-13 martie 2003 a avut loc la Oeiras, Portugalia, Conferin\u0163a Pulman cu tema &#8222;Bibliotecile publice, muzeele \u015fi arhivele lucr\u00e2nd \u00eempreun\u0103 \u00eentr-o e-Europa&#8221;. Aproximativ 170 de participan\u0163i din 41 de \u0163\u0103ri au fost de acord cu cele 4 priorit\u0103\u0163i de baz\u0103 \u015fi&hellip; <br \/> <a class=\"read-more\" href=\"https:\/\/new.bjc.ro\/?page_id=6516\">Cite\u0219te mai mult<\/a><\/p>\n","protected":false},"author":1,"featured_media":0,"parent":0,"menu_order":0,"comment_status":"closed","ping_status":"closed","template":"","meta":{"_monsterinsights_skip_tracking":false,"_monsterinsights_sitenote_active":false,"_monsterinsights_sitenote_note":"","_monsterinsights_sitenote_category":0,"_EventAllDay":false,"_EventTimezone":"","_EventStartDate":"","_EventEndDate":"","_EventStartDateUTC":"","_EventEndDateUTC":"","_EventShowMap":false,"_EventShowMapLink":false,"_EventURL":"","_EventCost":"","_EventCostDescription":"","_EventCurrencySymbol":"","_EventCurrencyCode":"","_EventCurrencyPosition":"","_EventDateTimeSeparator":"","_EventTimeRangeSeparator":"","_EventOrganizerID":[],"_EventVenueID":[],"_OrganizerEmail":"","_OrganizerPhone":"","_OrganizerWebsite":"","_VenueAddress":"","_VenueCity":"","_VenueCountry":"","_VenueProvince":"","_VenueState":"","_VenueZip":"","_VenuePhone":"","_VenueURL":"","_VenueStateProvince":"","_VenueLat":"","_VenueLng":"","_VenueShowMap":false,"_VenueShowMapLink":false,"footnotes":""},"class_list":["post-6516","page","type-page","status-publish","hentry"],"yoast_head":"<!-- This site is optimized with the Yoast SEO plugin v24.6 - https:\/\/yoast.com\/wordpress\/plugins\/seo\/ -->\n<title>Proiectul Pulman - Biblioteca Jude\u021bean\u0103 \u201eOctavian Goga\u201d Cluj<\/title>\n<meta name=\"robots\" content=\"index, follow, max-snippet:-1, max-image-preview:large, max-video-preview:-1\" \/>\n<link rel=\"canonical\" href=\"https:\/\/new.bjc.ro\/?page_id=6516\" \/>\n<meta property=\"og:locale\" content=\"ro_RO\" \/>\n<meta property=\"og:type\" content=\"article\" \/>\n<meta property=\"og:title\" content=\"Proiectul Pulman - Biblioteca Jude\u021bean\u0103 \u201eOctavian Goga\u201d Cluj\" \/>\n<meta property=\"og:description\" content=\"Rezultatele bibliotecilor publice europene concretizate la Conferin\u0163a PULMAN \u00centre 12-13 martie 2003 a avut loc la Oeiras, Portugalia, Conferin\u0163a Pulman cu tema &#8222;Bibliotecile publice, muzeele \u015fi arhivele lucr\u00e2nd \u00eempreun\u0103 \u00eentr-o e-Europa&#8221;. Aproximativ 170 de participan\u0163i din 41 de \u0163\u0103ri au fost de acord cu cele 4 priorit\u0103\u0163i de baz\u0103 \u015fi&hellip; Cite\u0219te mai mult\" \/>\n<meta property=\"og:url\" content=\"https:\/\/new.bjc.ro\/?page_id=6516\" \/>\n<meta property=\"og:site_name\" content=\"Biblioteca Jude\u021bean\u0103 \u201eOctavian Goga\u201d Cluj\" \/>\n<meta property=\"article:publisher\" content=\"https:\/\/www.facebook.com\/bibliotecacluj\/\" \/>\n<meta property=\"article:modified_time\" content=\"2023-03-13T10:14:04+00:00\" \/>\n<meta property=\"og:image\" content=\"https:\/\/new.bjc.ro\/wp-content\/uploads\/2023\/01\/IMG_5597-1.jpg\" \/>\n\t<meta property=\"og:image:width\" content=\"2000\" \/>\n\t<meta property=\"og:image:height\" content=\"1333\" \/>\n\t<meta property=\"og:image:type\" content=\"image\/jpeg\" \/>\n<meta name=\"twitter:card\" content=\"summary_large_image\" \/>\n<meta name=\"twitter:site\" content=\"@BibliotecaGoga\" \/>\n<meta name=\"twitter:label1\" content=\"Timp estimat pentru citire\" \/>\n\t<meta name=\"twitter:data1\" content=\"7 minute\" \/>\n<script type=\"application\/ld+json\" class=\"yoast-schema-graph\">{\"@context\":\"https:\/\/schema.org\",\"@graph\":[{\"@type\":\"WebPage\",\"@id\":\"https:\/\/new.bjc.ro\/?page_id=6516\",\"url\":\"https:\/\/new.bjc.ro\/?page_id=6516\",\"name\":\"Proiectul Pulman - Biblioteca Jude\u021bean\u0103 \u201eOctavian Goga\u201d Cluj\",\"isPartOf\":{\"@id\":\"https:\/\/new.bjc.ro\/#website\"},\"datePublished\":\"2023-03-13T10:12:31+00:00\",\"dateModified\":\"2023-03-13T10:14:04+00:00\",\"breadcrumb\":{\"@id\":\"https:\/\/new.bjc.ro\/?page_id=6516#breadcrumb\"},\"inLanguage\":\"ro-RO\",\"potentialAction\":[{\"@type\":\"ReadAction\",\"target\":[\"https:\/\/new.bjc.ro\/?page_id=6516\"]}]},{\"@type\":\"BreadcrumbList\",\"@id\":\"https:\/\/new.bjc.ro\/?page_id=6516#breadcrumb\",\"itemListElement\":[{\"@type\":\"ListItem\",\"position\":1,\"name\":\"Home\",\"item\":\"https:\/\/new.bjc.ro\/\"},{\"@type\":\"ListItem\",\"position\":2,\"name\":\"Proiectul Pulman\"}]},{\"@type\":\"WebSite\",\"@id\":\"https:\/\/new.bjc.ro\/#website\",\"url\":\"https:\/\/new.bjc.ro\/\",\"name\":\"Biblioteca Jude\u021bean\u0103 \u201eOctavian Goga\u201d Cluj\",\"description\":\"\",\"publisher\":{\"@id\":\"https:\/\/new.bjc.ro\/#organization\"},\"alternateName\":\"Biblioteca Jude\u021bean\u0103 Cluj\",\"potentialAction\":[{\"@type\":\"SearchAction\",\"target\":{\"@type\":\"EntryPoint\",\"urlTemplate\":\"https:\/\/new.bjc.ro\/?s={search_term_string}\"},\"query-input\":{\"@type\":\"PropertyValueSpecification\",\"valueRequired\":true,\"valueName\":\"search_term_string\"}}],\"inLanguage\":\"ro-RO\"},{\"@type\":\"Organization\",\"@id\":\"https:\/\/new.bjc.ro\/#organization\",\"name\":\"Biblioteca Jude\u021bean\u0103 \u201eOctavian Goga\u201d Cluj\",\"url\":\"https:\/\/new.bjc.ro\/\",\"logo\":{\"@type\":\"ImageObject\",\"inLanguage\":\"ro-RO\",\"@id\":\"https:\/\/new.bjc.ro\/#\/schema\/logo\/image\/\",\"url\":\"https:\/\/new.bjc.ro\/wp-content\/uploads\/2023\/03\/sigle.jpg\",\"contentUrl\":\"https:\/\/new.bjc.ro\/wp-content\/uploads\/2023\/03\/sigle.jpg\",\"width\":630,\"height\":473,\"caption\":\"Biblioteca Jude\u021bean\u0103 \u201eOctavian Goga\u201d Cluj\"},\"image\":{\"@id\":\"https:\/\/new.bjc.ro\/#\/schema\/logo\/image\/\"},\"sameAs\":[\"https:\/\/www.facebook.com\/bibliotecacluj\/\",\"https:\/\/x.com\/BibliotecaGoga\",\"https:\/\/www.instagram.com\/biblioteca_judeteana_cluj\/\",\"https:\/\/www.youtube.com\/user\/BibliotecaGoga\"]}]}<\/script>\n<!-- \/ Yoast SEO plugin. -->","yoast_head_json":{"title":"Proiectul Pulman - Biblioteca Jude\u021bean\u0103 \u201eOctavian Goga\u201d Cluj","robots":{"index":"index","follow":"follow","max-snippet":"max-snippet:-1","max-image-preview":"max-image-preview:large","max-video-preview":"max-video-preview:-1"},"canonical":"https:\/\/new.bjc.ro\/?page_id=6516","og_locale":"ro_RO","og_type":"article","og_title":"Proiectul Pulman - Biblioteca Jude\u021bean\u0103 \u201eOctavian Goga\u201d Cluj","og_description":"Rezultatele bibliotecilor publice europene concretizate la Conferin\u0163a PULMAN \u00centre 12-13 martie 2003 a avut loc la Oeiras, Portugalia, Conferin\u0163a Pulman cu tema &#8222;Bibliotecile publice, muzeele \u015fi arhivele lucr\u00e2nd \u00eempreun\u0103 \u00eentr-o e-Europa&#8221;. Aproximativ 170 de participan\u0163i din 41 de \u0163\u0103ri au fost de acord cu cele 4 priorit\u0103\u0163i de baz\u0103 \u015fi&hellip; Cite\u0219te mai mult","og_url":"https:\/\/new.bjc.ro\/?page_id=6516","og_site_name":"Biblioteca Jude\u021bean\u0103 \u201eOctavian Goga\u201d Cluj","article_publisher":"https:\/\/www.facebook.com\/bibliotecacluj\/","article_modified_time":"2023-03-13T10:14:04+00:00","og_image":[{"width":2000,"height":1333,"url":"https:\/\/new.bjc.ro\/wp-content\/uploads\/2023\/01\/IMG_5597-1.jpg","type":"image\/jpeg"}],"twitter_card":"summary_large_image","twitter_site":"@BibliotecaGoga","twitter_misc":{"Timp estimat pentru citire":"7 minute"},"schema":{"@context":"https:\/\/schema.org","@graph":[{"@type":"WebPage","@id":"https:\/\/new.bjc.ro\/?page_id=6516","url":"https:\/\/new.bjc.ro\/?page_id=6516","name":"Proiectul Pulman - Biblioteca Jude\u021bean\u0103 \u201eOctavian Goga\u201d Cluj","isPartOf":{"@id":"https:\/\/new.bjc.ro\/#website"},"datePublished":"2023-03-13T10:12:31+00:00","dateModified":"2023-03-13T10:14:04+00:00","breadcrumb":{"@id":"https:\/\/new.bjc.ro\/?page_id=6516#breadcrumb"},"inLanguage":"ro-RO","potentialAction":[{"@type":"ReadAction","target":["https:\/\/new.bjc.ro\/?page_id=6516"]}]},{"@type":"BreadcrumbList","@id":"https:\/\/new.bjc.ro\/?page_id=6516#breadcrumb","itemListElement":[{"@type":"ListItem","position":1,"name":"Home","item":"https:\/\/new.bjc.ro\/"},{"@type":"ListItem","position":2,"name":"Proiectul Pulman"}]},{"@type":"WebSite","@id":"https:\/\/new.bjc.ro\/#website","url":"https:\/\/new.bjc.ro\/","name":"Biblioteca Jude\u021bean\u0103 \u201eOctavian Goga\u201d Cluj","description":"","publisher":{"@id":"https:\/\/new.bjc.ro\/#organization"},"alternateName":"Biblioteca Jude\u021bean\u0103 Cluj","potentialAction":[{"@type":"SearchAction","target":{"@type":"EntryPoint","urlTemplate":"https:\/\/new.bjc.ro\/?s={search_term_string}"},"query-input":{"@type":"PropertyValueSpecification","valueRequired":true,"valueName":"search_term_string"}}],"inLanguage":"ro-RO"},{"@type":"Organization","@id":"https:\/\/new.bjc.ro\/#organization","name":"Biblioteca Jude\u021bean\u0103 \u201eOctavian Goga\u201d Cluj","url":"https:\/\/new.bjc.ro\/","logo":{"@type":"ImageObject","inLanguage":"ro-RO","@id":"https:\/\/new.bjc.ro\/#\/schema\/logo\/image\/","url":"https:\/\/new.bjc.ro\/wp-content\/uploads\/2023\/03\/sigle.jpg","contentUrl":"https:\/\/new.bjc.ro\/wp-content\/uploads\/2023\/03\/sigle.jpg","width":630,"height":473,"caption":"Biblioteca Jude\u021bean\u0103 \u201eOctavian Goga\u201d Cluj"},"image":{"@id":"https:\/\/new.bjc.ro\/#\/schema\/logo\/image\/"},"sameAs":["https:\/\/www.facebook.com\/bibliotecacluj\/","https:\/\/x.com\/BibliotecaGoga","https:\/\/www.instagram.com\/biblioteca_judeteana_cluj\/","https:\/\/www.youtube.com\/user\/BibliotecaGoga"]}]}},"_links":{"self":[{"href":"https:\/\/new.bjc.ro\/index.php?rest_route=\/wp\/v2\/pages\/6516","targetHints":{"allow":["GET"]}}],"collection":[{"href":"https:\/\/new.bjc.ro\/index.php?rest_route=\/wp\/v2\/pages"}],"about":[{"href":"https:\/\/new.bjc.ro\/index.php?rest_route=\/wp\/v2\/types\/page"}],"author":[{"embeddable":true,"href":"https:\/\/new.bjc.ro\/index.php?rest_route=\/wp\/v2\/users\/1"}],"replies":[{"embeddable":true,"href":"https:\/\/new.bjc.ro\/index.php?rest_route=%2Fwp%2Fv2%2Fcomments&post=6516"}],"version-history":[{"count":2,"href":"https:\/\/new.bjc.ro\/index.php?rest_route=\/wp\/v2\/pages\/6516\/revisions"}],"predecessor-version":[{"id":6518,"href":"https:\/\/new.bjc.ro\/index.php?rest_route=\/wp\/v2\/pages\/6516\/revisions\/6518"}],"wp:attachment":[{"href":"https:\/\/new.bjc.ro\/index.php?rest_route=%2Fwp%2Fv2%2Fmedia&parent=6516"}],"curies":[{"name":"wp","href":"https:\/\/api.w.org\/{rel}","templated":true}]}}