{"id":6521,"date":"2023-03-13T12:17:40","date_gmt":"2023-03-13T10:17:40","guid":{"rendered":"https:\/\/new.bjc.ro\/?page_id=6521"},"modified":"2023-03-13T12:17:40","modified_gmt":"2023-03-13T10:17:40","slug":"proiectul-ebibliotecar","status":"publish","type":"page","link":"https:\/\/new.bjc.ro\/?page_id=6521","title":{"rendered":"Proiectul eBibliotecar"},"content":{"rendered":"<p>Proiectul <em>eBibliotecar. Aptitudini pentru Bibliotecarul modern<\/em><\/p>\n<p>Biblioteca Jude\u0163ean\u0103 Cluj g\u0103zduie\u015fte un <strong>Centru de certificare ECDL<\/strong> la Centrul Jude\u0163ean de Formare Biblionet, adresat bibliotecarilor \u015fi angaja\u0163ilor din bibliotecile publice. Astfel bibliotecarii vor putea s\u0103 ob\u0163in\u0103 o certificare recunoscut\u0103 interna\u0163ional, vor putea s\u0103 \u00ee\u015fi \u00eembun\u0103t\u0103\u0163easc\u0103 competen\u0163ele \u015fi s\u0103 ob\u0163in\u0103 performan\u0163e mai bune \u00een munca de bibliotec\u0103.<\/p>\n<p><strong>Certificarea ECDL PROFIL BIBLIOTECAR<\/strong><\/p>\n<p>Niveluri de competen\u0163\u0103:<\/p>\n<ul>\n<li><strong>nivelul \u00eencep\u0103tor<\/strong>: Utilizarea Computerului (Windows 7), Instrumente Online (Internet Explorer 9; Outlook 2010);<\/li>\n<li><strong>nivelul mediu<\/strong>: Utilizarea Computerului (Windows 7), Instrumente Online (Internet Explorer 9; Outlook 2010), Editare de Text (Word 2010);<\/li>\n<li><strong>nivelul experimentat<\/strong>: Prezent\u0103ri (PowerPoint 2010), Web Editing (Kompozer).<\/li>\n<\/ul>\n","protected":false},"excerpt":{"rendered":"<p>Proiectul eBibliotecar. Aptitudini pentru Bibliotecarul modern Biblioteca Jude\u0163ean\u0103 Cluj g\u0103zduie\u015fte un Centru de certificare ECDL la Centrul Jude\u0163ean de Formare Biblionet, adresat bibliotecarilor \u015fi angaja\u0163ilor din bibliotecile publice. Astfel bibliotecarii vor putea s\u0103 ob\u0163in\u0103 o certificare recunoscut\u0103 interna\u0163ional, vor putea s\u0103 \u00ee\u015fi \u00eembun\u0103t\u0103\u0163easc\u0103 competen\u0163ele \u015fi s\u0103 ob\u0163in\u0103 performan\u0163e mai bune&hellip; <br \/> <a class=\"read-more\" href=\"https:\/\/new.bjc.ro\/?page_id=6521\">Cite\u0219te mai mult<\/a><\/p>\n","protected":false},"author":1,"featured_media":0,"parent":0,"menu_order":0,"comment_status":"closed","ping_status":"closed","template":"","meta":{"_monsterinsights_skip_tracking":false,"_monsterinsights_sitenote_active":false,"_monsterinsights_sitenote_note":"","_monsterinsights_sitenote_category":0,"_EventAllDay":false,"_EventTimezone":"","_EventStartDate":"","_EventEndDate":"","_EventStartDateUTC":"","_EventEndDateUTC":"","_EventShowMap":false,"_EventShowMapLink":false,"_EventURL":"","_EventCost":"","_EventCostDescription":"","_EventCurrencySymbol":"","_EventCurrencyCode":"","_EventCurrencyPosition":"","_EventDateTimeSeparator":"","_EventTimeRangeSeparator":"","_EventOrganizerID":[],"_EventVenueID":[],"_OrganizerEmail":"","_OrganizerPhone":"","_OrganizerWebsite":"","_VenueAddress":"","_VenueCity":"","_VenueCountry":"","_VenueProvince":"","_VenueState":"","_VenueZip":"","_VenuePhone":"","_VenueURL":"","_VenueStateProvince":"","_VenueLat":"","_VenueLng":"","_VenueShowMap":false,"_VenueShowMapLink":false,"footnotes":""},"class_list":["post-6521","page","type-page","status-publish","hentry"],"yoast_head":"<!-- This site is optimized with the Yoast SEO plugin v24.6 - https:\/\/yoast.com\/wordpress\/plugins\/seo\/ -->\n<title>Proiectul eBibliotecar - Biblioteca Jude\u021bean\u0103 \u201eOctavian Goga\u201d Cluj<\/title>\n<meta name=\"robots\" content=\"index, follow, max-snippet:-1, max-image-preview:large, max-video-preview:-1\" \/>\n<link rel=\"canonical\" href=\"https:\/\/new.bjc.ro\/?page_id=6521\" \/>\n<meta property=\"og:locale\" content=\"ro_RO\" \/>\n<meta property=\"og:type\" content=\"article\" \/>\n<meta property=\"og:title\" content=\"Proiectul eBibliotecar - Biblioteca Jude\u021bean\u0103 \u201eOctavian Goga\u201d Cluj\" \/>\n<meta property=\"og:description\" content=\"Proiectul eBibliotecar. Aptitudini pentru Bibliotecarul modern Biblioteca Jude\u0163ean\u0103 Cluj g\u0103zduie\u015fte un Centru de certificare ECDL la Centrul Jude\u0163ean de Formare Biblionet, adresat bibliotecarilor \u015fi angaja\u0163ilor din bibliotecile publice. Astfel bibliotecarii vor putea s\u0103 ob\u0163in\u0103 o certificare recunoscut\u0103 interna\u0163ional, vor putea s\u0103 \u00ee\u015fi \u00eembun\u0103t\u0103\u0163easc\u0103 competen\u0163ele \u015fi s\u0103 ob\u0163in\u0103 performan\u0163e mai bune&hellip; Cite\u0219te mai mult\" \/>\n<meta property=\"og:url\" content=\"https:\/\/new.bjc.ro\/?page_id=6521\" \/>\n<meta property=\"og:site_name\" content=\"Biblioteca Jude\u021bean\u0103 \u201eOctavian Goga\u201d Cluj\" \/>\n<meta property=\"article:publisher\" content=\"https:\/\/www.facebook.com\/bibliotecacluj\/\" \/>\n<meta property=\"og:image\" content=\"https:\/\/new.bjc.ro\/wp-content\/uploads\/2023\/01\/IMG_5597-1.jpg\" \/>\n\t<meta property=\"og:image:width\" content=\"2000\" \/>\n\t<meta property=\"og:image:height\" content=\"1333\" \/>\n\t<meta property=\"og:image:type\" content=\"image\/jpeg\" \/>\n<meta name=\"twitter:card\" content=\"summary_large_image\" \/>\n<meta name=\"twitter:site\" content=\"@BibliotecaGoga\" \/>\n<meta name=\"twitter:label1\" content=\"Timp estimat pentru citire\" \/>\n\t<meta name=\"twitter:data1\" content=\"1 minut\" \/>\n<script type=\"application\/ld+json\" class=\"yoast-schema-graph\">{\"@context\":\"https:\/\/schema.org\",\"@graph\":[{\"@type\":\"WebPage\",\"@id\":\"https:\/\/new.bjc.ro\/?page_id=6521\",\"url\":\"https:\/\/new.bjc.ro\/?page_id=6521\",\"name\":\"Proiectul eBibliotecar - Biblioteca Jude\u021bean\u0103 \u201eOctavian Goga\u201d Cluj\",\"isPartOf\":{\"@id\":\"https:\/\/new.bjc.ro\/#website\"},\"datePublished\":\"2023-03-13T10:17:40+00:00\",\"breadcrumb\":{\"@id\":\"https:\/\/new.bjc.ro\/?page_id=6521#breadcrumb\"},\"inLanguage\":\"ro-RO\",\"potentialAction\":[{\"@type\":\"ReadAction\",\"target\":[\"https:\/\/new.bjc.ro\/?page_id=6521\"]}]},{\"@type\":\"BreadcrumbList\",\"@id\":\"https:\/\/new.bjc.ro\/?page_id=6521#breadcrumb\",\"itemListElement\":[{\"@type\":\"ListItem\",\"position\":1,\"name\":\"Home\",\"item\":\"https:\/\/new.bjc.ro\/\"},{\"@type\":\"ListItem\",\"position\":2,\"name\":\"Proiectul eBibliotecar\"}]},{\"@type\":\"WebSite\",\"@id\":\"https:\/\/new.bjc.ro\/#website\",\"url\":\"https:\/\/new.bjc.ro\/\",\"name\":\"Biblioteca Jude\u021bean\u0103 \u201eOctavian Goga\u201d Cluj\",\"description\":\"\",\"publisher\":{\"@id\":\"https:\/\/new.bjc.ro\/#organization\"},\"alternateName\":\"Biblioteca Jude\u021bean\u0103 Cluj\",\"potentialAction\":[{\"@type\":\"SearchAction\",\"target\":{\"@type\":\"EntryPoint\",\"urlTemplate\":\"https:\/\/new.bjc.ro\/?s={search_term_string}\"},\"query-input\":{\"@type\":\"PropertyValueSpecification\",\"valueRequired\":true,\"valueName\":\"search_term_string\"}}],\"inLanguage\":\"ro-RO\"},{\"@type\":\"Organization\",\"@id\":\"https:\/\/new.bjc.ro\/#organization\",\"name\":\"Biblioteca Jude\u021bean\u0103 \u201eOctavian Goga\u201d Cluj\",\"url\":\"https:\/\/new.bjc.ro\/\",\"logo\":{\"@type\":\"ImageObject\",\"inLanguage\":\"ro-RO\",\"@id\":\"https:\/\/new.bjc.ro\/#\/schema\/logo\/image\/\",\"url\":\"https:\/\/new.bjc.ro\/wp-content\/uploads\/2023\/03\/sigle.jpg\",\"contentUrl\":\"https:\/\/new.bjc.ro\/wp-content\/uploads\/2023\/03\/sigle.jpg\",\"width\":630,\"height\":473,\"caption\":\"Biblioteca Jude\u021bean\u0103 \u201eOctavian Goga\u201d Cluj\"},\"image\":{\"@id\":\"https:\/\/new.bjc.ro\/#\/schema\/logo\/image\/\"},\"sameAs\":[\"https:\/\/www.facebook.com\/bibliotecacluj\/\",\"https:\/\/x.com\/BibliotecaGoga\",\"https:\/\/www.instagram.com\/biblioteca_judeteana_cluj\/\",\"https:\/\/www.youtube.com\/user\/BibliotecaGoga\"]}]}<\/script>\n<!-- \/ Yoast SEO plugin. -->","yoast_head_json":{"title":"Proiectul eBibliotecar - Biblioteca Jude\u021bean\u0103 \u201eOctavian Goga\u201d Cluj","robots":{"index":"index","follow":"follow","max-snippet":"max-snippet:-1","max-image-preview":"max-image-preview:large","max-video-preview":"max-video-preview:-1"},"canonical":"https:\/\/new.bjc.ro\/?page_id=6521","og_locale":"ro_RO","og_type":"article","og_title":"Proiectul eBibliotecar - Biblioteca Jude\u021bean\u0103 \u201eOctavian Goga\u201d Cluj","og_description":"Proiectul eBibliotecar. Aptitudini pentru Bibliotecarul modern Biblioteca Jude\u0163ean\u0103 Cluj g\u0103zduie\u015fte un Centru de certificare ECDL la Centrul Jude\u0163ean de Formare Biblionet, adresat bibliotecarilor \u015fi angaja\u0163ilor din bibliotecile publice. Astfel bibliotecarii vor putea s\u0103 ob\u0163in\u0103 o certificare recunoscut\u0103 interna\u0163ional, vor putea s\u0103 \u00ee\u015fi \u00eembun\u0103t\u0103\u0163easc\u0103 competen\u0163ele \u015fi s\u0103 ob\u0163in\u0103 performan\u0163e mai bune&hellip; Cite\u0219te mai mult","og_url":"https:\/\/new.bjc.ro\/?page_id=6521","og_site_name":"Biblioteca Jude\u021bean\u0103 \u201eOctavian Goga\u201d Cluj","article_publisher":"https:\/\/www.facebook.com\/bibliotecacluj\/","og_image":[{"width":2000,"height":1333,"url":"https:\/\/new.bjc.ro\/wp-content\/uploads\/2023\/01\/IMG_5597-1.jpg","type":"image\/jpeg"}],"twitter_card":"summary_large_image","twitter_site":"@BibliotecaGoga","twitter_misc":{"Timp estimat pentru citire":"1 minut"},"schema":{"@context":"https:\/\/schema.org","@graph":[{"@type":"WebPage","@id":"https:\/\/new.bjc.ro\/?page_id=6521","url":"https:\/\/new.bjc.ro\/?page_id=6521","name":"Proiectul eBibliotecar - Biblioteca Jude\u021bean\u0103 \u201eOctavian Goga\u201d Cluj","isPartOf":{"@id":"https:\/\/new.bjc.ro\/#website"},"datePublished":"2023-03-13T10:17:40+00:00","breadcrumb":{"@id":"https:\/\/new.bjc.ro\/?page_id=6521#breadcrumb"},"inLanguage":"ro-RO","potentialAction":[{"@type":"ReadAction","target":["https:\/\/new.bjc.ro\/?page_id=6521"]}]},{"@type":"BreadcrumbList","@id":"https:\/\/new.bjc.ro\/?page_id=6521#breadcrumb","itemListElement":[{"@type":"ListItem","position":1,"name":"Home","item":"https:\/\/new.bjc.ro\/"},{"@type":"ListItem","position":2,"name":"Proiectul eBibliotecar"}]},{"@type":"WebSite","@id":"https:\/\/new.bjc.ro\/#website","url":"https:\/\/new.bjc.ro\/","name":"Biblioteca Jude\u021bean\u0103 \u201eOctavian Goga\u201d Cluj","description":"","publisher":{"@id":"https:\/\/new.bjc.ro\/#organization"},"alternateName":"Biblioteca Jude\u021bean\u0103 Cluj","potentialAction":[{"@type":"SearchAction","target":{"@type":"EntryPoint","urlTemplate":"https:\/\/new.bjc.ro\/?s={search_term_string}"},"query-input":{"@type":"PropertyValueSpecification","valueRequired":true,"valueName":"search_term_string"}}],"inLanguage":"ro-RO"},{"@type":"Organization","@id":"https:\/\/new.bjc.ro\/#organization","name":"Biblioteca Jude\u021bean\u0103 \u201eOctavian Goga\u201d Cluj","url":"https:\/\/new.bjc.ro\/","logo":{"@type":"ImageObject","inLanguage":"ro-RO","@id":"https:\/\/new.bjc.ro\/#\/schema\/logo\/image\/","url":"https:\/\/new.bjc.ro\/wp-content\/uploads\/2023\/03\/sigle.jpg","contentUrl":"https:\/\/new.bjc.ro\/wp-content\/uploads\/2023\/03\/sigle.jpg","width":630,"height":473,"caption":"Biblioteca Jude\u021bean\u0103 \u201eOctavian Goga\u201d Cluj"},"image":{"@id":"https:\/\/new.bjc.ro\/#\/schema\/logo\/image\/"},"sameAs":["https:\/\/www.facebook.com\/bibliotecacluj\/","https:\/\/x.com\/BibliotecaGoga","https:\/\/www.instagram.com\/biblioteca_judeteana_cluj\/","https:\/\/www.youtube.com\/user\/BibliotecaGoga"]}]}},"_links":{"self":[{"href":"https:\/\/new.bjc.ro\/index.php?rest_route=\/wp\/v2\/pages\/6521","targetHints":{"allow":["GET"]}}],"collection":[{"href":"https:\/\/new.bjc.ro\/index.php?rest_route=\/wp\/v2\/pages"}],"about":[{"href":"https:\/\/new.bjc.ro\/index.php?rest_route=\/wp\/v2\/types\/page"}],"author":[{"embeddable":true,"href":"https:\/\/new.bjc.ro\/index.php?rest_route=\/wp\/v2\/users\/1"}],"replies":[{"embeddable":true,"href":"https:\/\/new.bjc.ro\/index.php?rest_route=%2Fwp%2Fv2%2Fcomments&post=6521"}],"version-history":[{"count":1,"href":"https:\/\/new.bjc.ro\/index.php?rest_route=\/wp\/v2\/pages\/6521\/revisions"}],"predecessor-version":[{"id":6522,"href":"https:\/\/new.bjc.ro\/index.php?rest_route=\/wp\/v2\/pages\/6521\/revisions\/6522"}],"wp:attachment":[{"href":"https:\/\/new.bjc.ro\/index.php?rest_route=%2Fwp%2Fv2%2Fmedia&parent=6521"}],"curies":[{"name":"wp","href":"https:\/\/api.w.org\/{rel}","templated":true}]}}