{"id":7,"date":"2021-06-16T10:48:19","date_gmt":"2021-06-16T07:48:19","guid":{"rendered":"https:\/\/new.bjc.ro\/?page_id=7"},"modified":"2025-02-20T13:12:53","modified_gmt":"2025-02-20T11:12:53","slug":"misiune-viziune","status":"publish","type":"page","link":"https:\/\/new.bjc.ro\/?page_id=7","title":{"rendered":"Misiune \u0219i viziune"},"content":{"rendered":"\n<p><\/p>\n\n\n\n<p class=\"has-black-color has-text-color\"><strong>Bine a\u021bi venit!<\/strong><\/p>\n\n\n\n<p><strong>Biblioteca Jude\u021bean\u0103 \u201eOctavian Goga\u201d Cluj&nbsp;<\/strong>este o institu\u021bie public\u0103 cu personalitate juridic\u0103, finan\u021bat\u0103 de Consiliul Jude\u021bean Cluj, aflat\u0103 \u00een slujba comunit\u0103\u021bii locale. Principalele atribu\u021bii ale bibliotecii sunt: constituirea, organizarea, prelucrarea, dezvoltarea \u0219i conservarea colec\u021biilor de c\u0103r\u021bi, a publica\u021biilor seriale, a altor documente de bibliotec\u0103 \u0219i a bazelor de date, pentru a facilita utilizarea acestora \u00een scop de informare, cercetare, educa\u021bie sau recreere. <\/p>\n\n\n\n<p>Biblioteca organizeaz\u0103 \u0219i deruleaz\u0103 proiecte \u0219i programe culturale proprii \u00een parteneriat cu autorit\u0103\u021bile \u0219i institu\u021biile publice, cu alte institu\u021bii de profil sau prin parteneriat public-privat.<\/p>\n\n\n\n<p><\/p>\n\n\n\n<p class=\"has-black-color has-text-color\"><strong>Viziune<\/strong><\/p>\n\n\n\n<p>Biblioteca Jude\u0163ean\u0103 \u201eOctavian Goga\u201d Cluj trebuie s\u0103 devin\u0103 \u00een urm\u0103torii ani un centru cultural, informa\u0163ional \u015fi recreativ foarte important \u00een via\u0163a comunit\u0103\u0163ii, astfel \u00eenc\u00e2t \u00een anul 2026 s\u0103 atragem cca. 12% din popula\u021bia municipiului Cluj-Napoca care s\u0103 devin\u0103 utilizatori fideli ai bibliotecii.<\/p>\n\n\n\n<p><\/p>\n\n\n\n<p class=\"has-black-color has-text-color\"><strong>Misiune<\/strong><\/p>\n\n\n\n<p>Oferirea gratuit\u0103 a accesului la resurse, prin achizi\u0163ia de c\u0103r\u0163i \u015fi alte tipuri de documente relevante, organizarea \u015fi punerea la dispozi\u0163ia publicului a \u00eentregii colec\u0163ii de documente, informarea prompt\u0103 prin servicii specializate este parte din misiunea bibliotecii. Prin programele culturale \u015fi educative organizate ne propunem s\u0103 contribuim la progresul comunit\u0103\u0163ii clujene.<\/p>\n\n\n\n<p><\/p>\n\n\n\n<p class=\"has-black-color has-text-color\"><strong>Scop&nbsp;<\/strong><\/p>\n\n\n\n<p>Scopul nostru este de a contribui la cre\u015fterea prosperit\u0103\u0163ii spirituale \u015fi materiale a membrilor comunit\u0103\u0163ii locale, prin crearea \u015fi promovarea accesului la o vast\u0103 arie de idei \u015fi informa\u0163ii, prin asisten\u0163a de specialitate oferit\u0103, prin promovarea interesului pentru lectur\u0103 \u015fi \u00eenv\u0103\u0163are pe tot parcursul vie\u0163ii.<\/p>\n\n\n\n<p><\/p>\n","protected":false},"excerpt":{"rendered":"<p>Bine a\u021bi venit! Biblioteca Jude\u021bean\u0103 \u201eOctavian Goga\u201d Cluj&nbsp;este o institu\u021bie public\u0103 cu personalitate juridic\u0103, finan\u021bat\u0103 de Consiliul Jude\u021bean Cluj, aflat\u0103 \u00een slujba comunit\u0103\u021bii locale. Principalele atribu\u021bii ale bibliotecii sunt: constituirea, organizarea, prelucrarea, dezvoltarea \u0219i conservarea colec\u021biilor de c\u0103r\u021bi, a publica\u021biilor seriale, a altor documente de bibliotec\u0103 \u0219i a bazelor de&hellip; <br \/> <a class=\"read-more\" href=\"https:\/\/new.bjc.ro\/?page_id=7\">Cite\u0219te mai mult<\/a><\/p>\n","protected":false},"author":1,"featured_media":3325,"parent":0,"menu_order":0,"comment_status":"closed","ping_status":"closed","template":"","meta":{"_monsterinsights_skip_tracking":false,"_monsterinsights_sitenote_active":false,"_monsterinsights_sitenote_note":"","_monsterinsights_sitenote_category":0,"_EventAllDay":false,"_EventTimezone":"","_EventStartDate":"","_EventEndDate":"","_EventStartDateUTC":"","_EventEndDateUTC":"","_EventShowMap":false,"_EventShowMapLink":false,"_EventURL":"","_EventCost":"","_EventCostDescription":"","_EventCurrencySymbol":"","_EventCurrencyCode":"","_EventCurrencyPosition":"","_EventDateTimeSeparator":"","_EventTimeRangeSeparator":"","_EventOrganizerID":[],"_EventVenueID":[],"_OrganizerEmail":"","_OrganizerPhone":"","_OrganizerWebsite":"","_VenueAddress":"","_VenueCity":"","_VenueCountry":"","_VenueProvince":"","_VenueState":"","_VenueZip":"","_VenuePhone":"","_VenueURL":"","_VenueStateProvince":"","_VenueLat":"","_VenueLng":"","_VenueShowMap":false,"_VenueShowMapLink":false,"footnotes":""},"class_list":["post-7","page","type-page","status-publish","has-post-thumbnail","hentry"],"yoast_head":"<!-- This site is optimized with the Yoast SEO plugin v24.6 - https:\/\/yoast.com\/wordpress\/plugins\/seo\/ -->\n<title>Misiune \u0219i viziune - Biblioteca Jude\u021bean\u0103 \u201eOctavian Goga\u201d Cluj<\/title>\n<meta name=\"description\" content=\"Misiunea \u0219i viziunea bibliotecii\" \/>\n<meta name=\"robots\" content=\"index, follow, max-snippet:-1, max-image-preview:large, max-video-preview:-1\" \/>\n<link rel=\"canonical\" href=\"https:\/\/new.bjc.ro\/?page_id=7\" \/>\n<meta property=\"og:locale\" content=\"ro_RO\" \/>\n<meta property=\"og:type\" content=\"article\" \/>\n<meta property=\"og:title\" content=\"Misiune \u0219i viziune - Biblioteca Jude\u021bean\u0103 \u201eOctavian Goga\u201d Cluj\" \/>\n<meta property=\"og:description\" content=\"Misiunea \u0219i viziunea bibliotecii\" \/>\n<meta property=\"og:url\" content=\"https:\/\/new.bjc.ro\/?page_id=7\" \/>\n<meta property=\"og:site_name\" content=\"Biblioteca Jude\u021bean\u0103 \u201eOctavian Goga\u201d Cluj\" \/>\n<meta property=\"article:publisher\" content=\"https:\/\/www.facebook.com\/bibliotecacluj\/\" \/>\n<meta property=\"article:modified_time\" content=\"2025-02-20T11:12:53+00:00\" \/>\n<meta property=\"og:image\" content=\"https:\/\/new.bjc.ro\/wp-content\/uploads\/2023\/01\/biblioteca-octavian-goga.jpg\" \/>\n\t<meta property=\"og:image:width\" content=\"2000\" \/>\n\t<meta property=\"og:image:height\" content=\"1486\" \/>\n\t<meta property=\"og:image:type\" content=\"image\/jpeg\" \/>\n<meta name=\"twitter:card\" content=\"summary_large_image\" \/>\n<meta name=\"twitter:site\" content=\"@BibliotecaGoga\" \/>\n<meta name=\"twitter:label1\" content=\"Timp estimat pentru citire\" \/>\n\t<meta name=\"twitter:data1\" content=\"2 minute\" \/>\n<script type=\"application\/ld+json\" class=\"yoast-schema-graph\">{\"@context\":\"https:\/\/schema.org\",\"@graph\":[{\"@type\":\"WebPage\",\"@id\":\"https:\/\/new.bjc.ro\/?page_id=7\",\"url\":\"https:\/\/new.bjc.ro\/?page_id=7\",\"name\":\"Misiune \u0219i viziune - Biblioteca Jude\u021bean\u0103 \u201eOctavian Goga\u201d Cluj\",\"isPartOf\":{\"@id\":\"https:\/\/new.bjc.ro\/#website\"},\"primaryImageOfPage\":{\"@id\":\"https:\/\/new.bjc.ro\/?page_id=7#primaryimage\"},\"image\":{\"@id\":\"https:\/\/new.bjc.ro\/?page_id=7#primaryimage\"},\"thumbnailUrl\":\"https:\/\/new.bjc.ro\/wp-content\/uploads\/2023\/01\/biblioteca-octavian-goga.jpg\",\"datePublished\":\"2021-06-16T07:48:19+00:00\",\"dateModified\":\"2025-02-20T11:12:53+00:00\",\"description\":\"Misiunea \u0219i viziunea bibliotecii\",\"breadcrumb\":{\"@id\":\"https:\/\/new.bjc.ro\/?page_id=7#breadcrumb\"},\"inLanguage\":\"ro-RO\",\"potentialAction\":[{\"@type\":\"ReadAction\",\"target\":[\"https:\/\/new.bjc.ro\/?page_id=7\"]}]},{\"@type\":\"ImageObject\",\"inLanguage\":\"ro-RO\",\"@id\":\"https:\/\/new.bjc.ro\/?page_id=7#primaryimage\",\"url\":\"https:\/\/new.bjc.ro\/wp-content\/uploads\/2023\/01\/biblioteca-octavian-goga.jpg\",\"contentUrl\":\"https:\/\/new.bjc.ro\/wp-content\/uploads\/2023\/01\/biblioteca-octavian-goga.jpg\",\"width\":2000,\"height\":1486},{\"@type\":\"BreadcrumbList\",\"@id\":\"https:\/\/new.bjc.ro\/?page_id=7#breadcrumb\",\"itemListElement\":[{\"@type\":\"ListItem\",\"position\":1,\"name\":\"Home\",\"item\":\"https:\/\/new.bjc.ro\/\"},{\"@type\":\"ListItem\",\"position\":2,\"name\":\"Misiune \u0219i viziune\"}]},{\"@type\":\"WebSite\",\"@id\":\"https:\/\/new.bjc.ro\/#website\",\"url\":\"https:\/\/new.bjc.ro\/\",\"name\":\"Biblioteca Jude\u021bean\u0103 \u201eOctavian Goga\u201d Cluj\",\"description\":\"\",\"publisher\":{\"@id\":\"https:\/\/new.bjc.ro\/#organization\"},\"alternateName\":\"Biblioteca Jude\u021bean\u0103 Cluj\",\"potentialAction\":[{\"@type\":\"SearchAction\",\"target\":{\"@type\":\"EntryPoint\",\"urlTemplate\":\"https:\/\/new.bjc.ro\/?s={search_term_string}\"},\"query-input\":{\"@type\":\"PropertyValueSpecification\",\"valueRequired\":true,\"valueName\":\"search_term_string\"}}],\"inLanguage\":\"ro-RO\"},{\"@type\":\"Organization\",\"@id\":\"https:\/\/new.bjc.ro\/#organization\",\"name\":\"Biblioteca Jude\u021bean\u0103 \u201eOctavian Goga\u201d Cluj\",\"url\":\"https:\/\/new.bjc.ro\/\",\"logo\":{\"@type\":\"ImageObject\",\"inLanguage\":\"ro-RO\",\"@id\":\"https:\/\/new.bjc.ro\/#\/schema\/logo\/image\/\",\"url\":\"https:\/\/new.bjc.ro\/wp-content\/uploads\/2023\/03\/sigle.jpg\",\"contentUrl\":\"https:\/\/new.bjc.ro\/wp-content\/uploads\/2023\/03\/sigle.jpg\",\"width\":630,\"height\":473,\"caption\":\"Biblioteca Jude\u021bean\u0103 \u201eOctavian Goga\u201d Cluj\"},\"image\":{\"@id\":\"https:\/\/new.bjc.ro\/#\/schema\/logo\/image\/\"},\"sameAs\":[\"https:\/\/www.facebook.com\/bibliotecacluj\/\",\"https:\/\/x.com\/BibliotecaGoga\",\"https:\/\/www.instagram.com\/biblioteca_judeteana_cluj\/\",\"https:\/\/www.youtube.com\/user\/BibliotecaGoga\"]}]}<\/script>\n<!-- \/ Yoast SEO plugin. -->","yoast_head_json":{"title":"Misiune \u0219i viziune - Biblioteca Jude\u021bean\u0103 \u201eOctavian Goga\u201d Cluj","description":"Misiunea \u0219i viziunea bibliotecii","robots":{"index":"index","follow":"follow","max-snippet":"max-snippet:-1","max-image-preview":"max-image-preview:large","max-video-preview":"max-video-preview:-1"},"canonical":"https:\/\/new.bjc.ro\/?page_id=7","og_locale":"ro_RO","og_type":"article","og_title":"Misiune \u0219i viziune - Biblioteca Jude\u021bean\u0103 \u201eOctavian Goga\u201d Cluj","og_description":"Misiunea \u0219i viziunea bibliotecii","og_url":"https:\/\/new.bjc.ro\/?page_id=7","og_site_name":"Biblioteca Jude\u021bean\u0103 \u201eOctavian Goga\u201d Cluj","article_publisher":"https:\/\/www.facebook.com\/bibliotecacluj\/","article_modified_time":"2025-02-20T11:12:53+00:00","og_image":[{"width":2000,"height":1486,"url":"https:\/\/new.bjc.ro\/wp-content\/uploads\/2023\/01\/biblioteca-octavian-goga.jpg","type":"image\/jpeg"}],"twitter_card":"summary_large_image","twitter_site":"@BibliotecaGoga","twitter_misc":{"Timp estimat pentru citire":"2 minute"},"schema":{"@context":"https:\/\/schema.org","@graph":[{"@type":"WebPage","@id":"https:\/\/new.bjc.ro\/?page_id=7","url":"https:\/\/new.bjc.ro\/?page_id=7","name":"Misiune \u0219i viziune - Biblioteca Jude\u021bean\u0103 \u201eOctavian Goga\u201d Cluj","isPartOf":{"@id":"https:\/\/new.bjc.ro\/#website"},"primaryImageOfPage":{"@id":"https:\/\/new.bjc.ro\/?page_id=7#primaryimage"},"image":{"@id":"https:\/\/new.bjc.ro\/?page_id=7#primaryimage"},"thumbnailUrl":"https:\/\/new.bjc.ro\/wp-content\/uploads\/2023\/01\/biblioteca-octavian-goga.jpg","datePublished":"2021-06-16T07:48:19+00:00","dateModified":"2025-02-20T11:12:53+00:00","description":"Misiunea \u0219i viziunea bibliotecii","breadcrumb":{"@id":"https:\/\/new.bjc.ro\/?page_id=7#breadcrumb"},"inLanguage":"ro-RO","potentialAction":[{"@type":"ReadAction","target":["https:\/\/new.bjc.ro\/?page_id=7"]}]},{"@type":"ImageObject","inLanguage":"ro-RO","@id":"https:\/\/new.bjc.ro\/?page_id=7#primaryimage","url":"https:\/\/new.bjc.ro\/wp-content\/uploads\/2023\/01\/biblioteca-octavian-goga.jpg","contentUrl":"https:\/\/new.bjc.ro\/wp-content\/uploads\/2023\/01\/biblioteca-octavian-goga.jpg","width":2000,"height":1486},{"@type":"BreadcrumbList","@id":"https:\/\/new.bjc.ro\/?page_id=7#breadcrumb","itemListElement":[{"@type":"ListItem","position":1,"name":"Home","item":"https:\/\/new.bjc.ro\/"},{"@type":"ListItem","position":2,"name":"Misiune \u0219i viziune"}]},{"@type":"WebSite","@id":"https:\/\/new.bjc.ro\/#website","url":"https:\/\/new.bjc.ro\/","name":"Biblioteca Jude\u021bean\u0103 \u201eOctavian Goga\u201d Cluj","description":"","publisher":{"@id":"https:\/\/new.bjc.ro\/#organization"},"alternateName":"Biblioteca Jude\u021bean\u0103 Cluj","potentialAction":[{"@type":"SearchAction","target":{"@type":"EntryPoint","urlTemplate":"https:\/\/new.bjc.ro\/?s={search_term_string}"},"query-input":{"@type":"PropertyValueSpecification","valueRequired":true,"valueName":"search_term_string"}}],"inLanguage":"ro-RO"},{"@type":"Organization","@id":"https:\/\/new.bjc.ro\/#organization","name":"Biblioteca Jude\u021bean\u0103 \u201eOctavian Goga\u201d Cluj","url":"https:\/\/new.bjc.ro\/","logo":{"@type":"ImageObject","inLanguage":"ro-RO","@id":"https:\/\/new.bjc.ro\/#\/schema\/logo\/image\/","url":"https:\/\/new.bjc.ro\/wp-content\/uploads\/2023\/03\/sigle.jpg","contentUrl":"https:\/\/new.bjc.ro\/wp-content\/uploads\/2023\/03\/sigle.jpg","width":630,"height":473,"caption":"Biblioteca Jude\u021bean\u0103 \u201eOctavian Goga\u201d Cluj"},"image":{"@id":"https:\/\/new.bjc.ro\/#\/schema\/logo\/image\/"},"sameAs":["https:\/\/www.facebook.com\/bibliotecacluj\/","https:\/\/x.com\/BibliotecaGoga","https:\/\/www.instagram.com\/biblioteca_judeteana_cluj\/","https:\/\/www.youtube.com\/user\/BibliotecaGoga"]}]}},"_links":{"self":[{"href":"https:\/\/new.bjc.ro\/index.php?rest_route=\/wp\/v2\/pages\/7","targetHints":{"allow":["GET"]}}],"collection":[{"href":"https:\/\/new.bjc.ro\/index.php?rest_route=\/wp\/v2\/pages"}],"about":[{"href":"https:\/\/new.bjc.ro\/index.php?rest_route=\/wp\/v2\/types\/page"}],"author":[{"embeddable":true,"href":"https:\/\/new.bjc.ro\/index.php?rest_route=\/wp\/v2\/users\/1"}],"replies":[{"embeddable":true,"href":"https:\/\/new.bjc.ro\/index.php?rest_route=%2Fwp%2Fv2%2Fcomments&post=7"}],"version-history":[{"count":21,"href":"https:\/\/new.bjc.ro\/index.php?rest_route=\/wp\/v2\/pages\/7\/revisions"}],"predecessor-version":[{"id":10350,"href":"https:\/\/new.bjc.ro\/index.php?rest_route=\/wp\/v2\/pages\/7\/revisions\/10350"}],"wp:featuredmedia":[{"embeddable":true,"href":"https:\/\/new.bjc.ro\/index.php?rest_route=\/wp\/v2\/media\/3325"}],"wp:attachment":[{"href":"https:\/\/new.bjc.ro\/index.php?rest_route=%2Fwp%2Fv2%2Fmedia&parent=7"}],"curies":[{"name":"wp","href":"https:\/\/api.w.org\/{rel}","templated":true}]}}