{"id":70,"date":"2021-06-18T08:29:43","date_gmt":"2021-06-18T08:29:43","guid":{"rendered":"https:\/\/new.bjc.ro\/?page_id=70"},"modified":"2024-03-27T10:33:32","modified_gmt":"2024-03-27T08:33:32","slug":"bibliotecar-on-line","status":"publish","type":"page","link":"https:\/\/new.bjc.ro\/?page_id=70","title":{"rendered":"Bibliotecar online"},"content":{"rendered":"\n<p><strong>Serviciu de referin\u0163e prin mesageria instant\u0103<\/strong><\/p>\n\n\n\n<p><strong>\u00cenainte de a \u00eencepe, v\u0103 recomand\u0103m s\u0103 citi\u0163i urm\u0103toarele<\/strong>:<\/p>\n\n\n\n<ol class=\"wp-block-list\">\n<li>Bibliotecarii de referin\u0163\u0103 v\u0103 ofer\u0103 asisten\u0163\u0103 specializat\u0103, \u00een scopul rezolv\u0103rii cerin\u0163elor Dumneavoastr\u0103 de informare, \u00een intervalul 10-14, zilnic de luni p\u00e2n\u0103 vineri. Men\u0163ion\u0103m c\u0103 bibliotecarii r\u0103spund la \u00eentreb\u0103ri \u00een ordinea primirii lor.<\/li>\n\n\n\n<li>\u00centreb\u0103rile la care r\u0103spundem prin intermediul acestui serviciu trebuie s\u0103 fie solicit\u0103ri simple de informare, care necesit\u0103 un r\u0103spuns succint.<\/li>\n\n\n\n<li>Utilizatorii pot adresa cel mult 3 \u00eentreb\u0103ri \u00eentr-o singur\u0103 sesiune de discu\u0163ii.<\/li>\n\n\n\n<li>Pentru aflarea unui r\u0103spuns la cererea de informare este rezervat un interval de timp de aproximativ 10-15 minute.<\/li>\n\n\n\n<li>Pentru solicit\u0103ri care necesit\u0103 o bibliografie de recomandare v\u0103 recomand\u0103m serviciul &#8222;<a href=\"https:\/\/new.bjc.ro\/?page_id=228\">\u00centreab\u0103 bibliotecarul<\/a>&#8221; prin pagina web a bibliotecii.<\/li>\n\n\n\n<li>\u00cen cazul unui comportament inadecvat al utilizatorilor, bibliotecarii au posibilitatea de a \u00eencheia sesiunile de discu\u0163ii chiar cu cei care insist\u0103 s\u0103 r\u0103m\u00een\u0103 online.<\/li>\n<\/ol>\n\n\n\n<p>Acest serviciu este asigurat de bibliotecarul din Compartimentul de Referin\u0163e \u015fi Informa\u0163ii Bibliografice.<\/p>\n\n\n\n<p><a href=\"https:\/\/new.bjc.ro\/?page_id=72\" data-type=\"page\" data-id=\"72\">\u00centreb\u0103ri frecvente<\/a><\/p>\n","protected":false},"excerpt":{"rendered":"<p>Serviciu de referin\u0163e prin mesageria instant\u0103 \u00cenainte de a \u00eencepe, v\u0103 recomand\u0103m s\u0103 citi\u0163i urm\u0103toarele: Acest serviciu este asigurat de bibliotecarul din Compartimentul de Referin\u0163e \u015fi Informa\u0163ii Bibliografice. \u00centreb\u0103ri frecvente<\/p>\n","protected":false},"author":1,"featured_media":0,"parent":0,"menu_order":0,"comment_status":"closed","ping_status":"closed","template":"","meta":{"_monsterinsights_skip_tracking":false,"_monsterinsights_sitenote_active":false,"_monsterinsights_sitenote_note":"","_monsterinsights_sitenote_category":0,"_EventAllDay":false,"_EventTimezone":"","_EventStartDate":"","_EventEndDate":"","_EventStartDateUTC":"","_EventEndDateUTC":"","_EventShowMap":false,"_EventShowMapLink":false,"_EventURL":"","_EventCost":"","_EventCostDescription":"","_EventCurrencySymbol":"","_EventCurrencyCode":"","_EventCurrencyPosition":"","_EventDateTimeSeparator":"","_EventTimeRangeSeparator":"","_EventOrganizerID":[],"_EventVenueID":[],"_OrganizerEmail":"","_OrganizerPhone":"","_OrganizerWebsite":"","_VenueAddress":"","_VenueCity":"","_VenueCountry":"","_VenueProvince":"","_VenueState":"","_VenueZip":"","_VenuePhone":"","_VenueURL":"","_VenueStateProvince":"","_VenueLat":"","_VenueLng":"","_VenueShowMap":false,"_VenueShowMapLink":false,"footnotes":""},"class_list":["post-70","page","type-page","status-publish","hentry"],"yoast_head":"<!-- This site is optimized with the Yoast SEO plugin v24.6 - https:\/\/yoast.com\/wordpress\/plugins\/seo\/ -->\n<title>Bibliotecar online - Biblioteca Jude\u021bean\u0103 \u201eOctavian Goga\u201d Cluj<\/title>\n<meta name=\"description\" content=\"recomand\u0103ri de utilizare a serviciului de mesagerie instant\u0103, \u00eentreb\u0103ri frecevente\" \/>\n<meta name=\"robots\" content=\"index, follow, max-snippet:-1, max-image-preview:large, max-video-preview:-1\" \/>\n<link rel=\"canonical\" href=\"https:\/\/new.bjc.ro\/?page_id=70\" \/>\n<meta property=\"og:locale\" content=\"ro_RO\" \/>\n<meta property=\"og:type\" content=\"article\" \/>\n<meta property=\"og:title\" content=\"Bibliotecar online - Biblioteca Jude\u021bean\u0103 \u201eOctavian Goga\u201d Cluj\" \/>\n<meta property=\"og:description\" content=\"recomand\u0103ri de utilizare a serviciului de mesagerie instant\u0103, \u00eentreb\u0103ri frecevente\" \/>\n<meta property=\"og:url\" content=\"https:\/\/new.bjc.ro\/?page_id=70\" \/>\n<meta property=\"og:site_name\" content=\"Biblioteca Jude\u021bean\u0103 \u201eOctavian Goga\u201d Cluj\" \/>\n<meta property=\"article:publisher\" content=\"https:\/\/www.facebook.com\/bibliotecacluj\/\" \/>\n<meta property=\"article:modified_time\" content=\"2024-03-27T08:33:32+00:00\" \/>\n<meta property=\"og:image\" content=\"https:\/\/new.bjc.ro\/wp-content\/uploads\/2023\/01\/IMG_5597-1.jpg\" \/>\n\t<meta property=\"og:image:width\" content=\"2000\" \/>\n\t<meta property=\"og:image:height\" content=\"1333\" \/>\n\t<meta property=\"og:image:type\" content=\"image\/jpeg\" \/>\n<meta name=\"twitter:card\" content=\"summary_large_image\" \/>\n<meta name=\"twitter:site\" content=\"@BibliotecaGoga\" \/>\n<meta name=\"twitter:label1\" content=\"Timp estimat pentru citire\" \/>\n\t<meta name=\"twitter:data1\" content=\"1 minut\" \/>\n<script type=\"application\/ld+json\" class=\"yoast-schema-graph\">{\"@context\":\"https:\/\/schema.org\",\"@graph\":[{\"@type\":\"WebPage\",\"@id\":\"https:\/\/new.bjc.ro\/?page_id=70\",\"url\":\"https:\/\/new.bjc.ro\/?page_id=70\",\"name\":\"Bibliotecar online - Biblioteca Jude\u021bean\u0103 \u201eOctavian Goga\u201d Cluj\",\"isPartOf\":{\"@id\":\"https:\/\/new.bjc.ro\/#website\"},\"datePublished\":\"2021-06-18T08:29:43+00:00\",\"dateModified\":\"2024-03-27T08:33:32+00:00\",\"description\":\"recomand\u0103ri de utilizare a serviciului de mesagerie instant\u0103, \u00eentreb\u0103ri frecevente\",\"breadcrumb\":{\"@id\":\"https:\/\/new.bjc.ro\/?page_id=70#breadcrumb\"},\"inLanguage\":\"ro-RO\",\"potentialAction\":[{\"@type\":\"ReadAction\",\"target\":[\"https:\/\/new.bjc.ro\/?page_id=70\"]}]},{\"@type\":\"BreadcrumbList\",\"@id\":\"https:\/\/new.bjc.ro\/?page_id=70#breadcrumb\",\"itemListElement\":[{\"@type\":\"ListItem\",\"position\":1,\"name\":\"Home\",\"item\":\"https:\/\/new.bjc.ro\/\"},{\"@type\":\"ListItem\",\"position\":2,\"name\":\"Bibliotecar online\"}]},{\"@type\":\"WebSite\",\"@id\":\"https:\/\/new.bjc.ro\/#website\",\"url\":\"https:\/\/new.bjc.ro\/\",\"name\":\"Biblioteca Jude\u021bean\u0103 \u201eOctavian Goga\u201d Cluj\",\"description\":\"\",\"publisher\":{\"@id\":\"https:\/\/new.bjc.ro\/#organization\"},\"alternateName\":\"Biblioteca Jude\u021bean\u0103 Cluj\",\"potentialAction\":[{\"@type\":\"SearchAction\",\"target\":{\"@type\":\"EntryPoint\",\"urlTemplate\":\"https:\/\/new.bjc.ro\/?s={search_term_string}\"},\"query-input\":{\"@type\":\"PropertyValueSpecification\",\"valueRequired\":true,\"valueName\":\"search_term_string\"}}],\"inLanguage\":\"ro-RO\"},{\"@type\":\"Organization\",\"@id\":\"https:\/\/new.bjc.ro\/#organization\",\"name\":\"Biblioteca Jude\u021bean\u0103 \u201eOctavian Goga\u201d Cluj\",\"url\":\"https:\/\/new.bjc.ro\/\",\"logo\":{\"@type\":\"ImageObject\",\"inLanguage\":\"ro-RO\",\"@id\":\"https:\/\/new.bjc.ro\/#\/schema\/logo\/image\/\",\"url\":\"https:\/\/new.bjc.ro\/wp-content\/uploads\/2023\/03\/sigle.jpg\",\"contentUrl\":\"https:\/\/new.bjc.ro\/wp-content\/uploads\/2023\/03\/sigle.jpg\",\"width\":630,\"height\":473,\"caption\":\"Biblioteca Jude\u021bean\u0103 \u201eOctavian Goga\u201d Cluj\"},\"image\":{\"@id\":\"https:\/\/new.bjc.ro\/#\/schema\/logo\/image\/\"},\"sameAs\":[\"https:\/\/www.facebook.com\/bibliotecacluj\/\",\"https:\/\/x.com\/BibliotecaGoga\",\"https:\/\/www.instagram.com\/biblioteca_judeteana_cluj\/\",\"https:\/\/www.youtube.com\/user\/BibliotecaGoga\"]}]}<\/script>\n<!-- \/ Yoast SEO plugin. -->","yoast_head_json":{"title":"Bibliotecar online - Biblioteca Jude\u021bean\u0103 \u201eOctavian Goga\u201d Cluj","description":"recomand\u0103ri de utilizare a serviciului de mesagerie instant\u0103, \u00eentreb\u0103ri frecevente","robots":{"index":"index","follow":"follow","max-snippet":"max-snippet:-1","max-image-preview":"max-image-preview:large","max-video-preview":"max-video-preview:-1"},"canonical":"https:\/\/new.bjc.ro\/?page_id=70","og_locale":"ro_RO","og_type":"article","og_title":"Bibliotecar online - Biblioteca Jude\u021bean\u0103 \u201eOctavian Goga\u201d Cluj","og_description":"recomand\u0103ri de utilizare a serviciului de mesagerie instant\u0103, \u00eentreb\u0103ri frecevente","og_url":"https:\/\/new.bjc.ro\/?page_id=70","og_site_name":"Biblioteca Jude\u021bean\u0103 \u201eOctavian Goga\u201d Cluj","article_publisher":"https:\/\/www.facebook.com\/bibliotecacluj\/","article_modified_time":"2024-03-27T08:33:32+00:00","og_image":[{"width":2000,"height":1333,"url":"https:\/\/new.bjc.ro\/wp-content\/uploads\/2023\/01\/IMG_5597-1.jpg","type":"image\/jpeg"}],"twitter_card":"summary_large_image","twitter_site":"@BibliotecaGoga","twitter_misc":{"Timp estimat pentru citire":"1 minut"},"schema":{"@context":"https:\/\/schema.org","@graph":[{"@type":"WebPage","@id":"https:\/\/new.bjc.ro\/?page_id=70","url":"https:\/\/new.bjc.ro\/?page_id=70","name":"Bibliotecar online - Biblioteca Jude\u021bean\u0103 \u201eOctavian Goga\u201d Cluj","isPartOf":{"@id":"https:\/\/new.bjc.ro\/#website"},"datePublished":"2021-06-18T08:29:43+00:00","dateModified":"2024-03-27T08:33:32+00:00","description":"recomand\u0103ri de utilizare a serviciului de mesagerie instant\u0103, \u00eentreb\u0103ri frecevente","breadcrumb":{"@id":"https:\/\/new.bjc.ro\/?page_id=70#breadcrumb"},"inLanguage":"ro-RO","potentialAction":[{"@type":"ReadAction","target":["https:\/\/new.bjc.ro\/?page_id=70"]}]},{"@type":"BreadcrumbList","@id":"https:\/\/new.bjc.ro\/?page_id=70#breadcrumb","itemListElement":[{"@type":"ListItem","position":1,"name":"Home","item":"https:\/\/new.bjc.ro\/"},{"@type":"ListItem","position":2,"name":"Bibliotecar online"}]},{"@type":"WebSite","@id":"https:\/\/new.bjc.ro\/#website","url":"https:\/\/new.bjc.ro\/","name":"Biblioteca Jude\u021bean\u0103 \u201eOctavian Goga\u201d Cluj","description":"","publisher":{"@id":"https:\/\/new.bjc.ro\/#organization"},"alternateName":"Biblioteca Jude\u021bean\u0103 Cluj","potentialAction":[{"@type":"SearchAction","target":{"@type":"EntryPoint","urlTemplate":"https:\/\/new.bjc.ro\/?s={search_term_string}"},"query-input":{"@type":"PropertyValueSpecification","valueRequired":true,"valueName":"search_term_string"}}],"inLanguage":"ro-RO"},{"@type":"Organization","@id":"https:\/\/new.bjc.ro\/#organization","name":"Biblioteca Jude\u021bean\u0103 \u201eOctavian Goga\u201d Cluj","url":"https:\/\/new.bjc.ro\/","logo":{"@type":"ImageObject","inLanguage":"ro-RO","@id":"https:\/\/new.bjc.ro\/#\/schema\/logo\/image\/","url":"https:\/\/new.bjc.ro\/wp-content\/uploads\/2023\/03\/sigle.jpg","contentUrl":"https:\/\/new.bjc.ro\/wp-content\/uploads\/2023\/03\/sigle.jpg","width":630,"height":473,"caption":"Biblioteca Jude\u021bean\u0103 \u201eOctavian Goga\u201d Cluj"},"image":{"@id":"https:\/\/new.bjc.ro\/#\/schema\/logo\/image\/"},"sameAs":["https:\/\/www.facebook.com\/bibliotecacluj\/","https:\/\/x.com\/BibliotecaGoga","https:\/\/www.instagram.com\/biblioteca_judeteana_cluj\/","https:\/\/www.youtube.com\/user\/BibliotecaGoga"]}]}},"_links":{"self":[{"href":"https:\/\/new.bjc.ro\/index.php?rest_route=\/wp\/v2\/pages\/70","targetHints":{"allow":["GET"]}}],"collection":[{"href":"https:\/\/new.bjc.ro\/index.php?rest_route=\/wp\/v2\/pages"}],"about":[{"href":"https:\/\/new.bjc.ro\/index.php?rest_route=\/wp\/v2\/types\/page"}],"author":[{"embeddable":true,"href":"https:\/\/new.bjc.ro\/index.php?rest_route=\/wp\/v2\/users\/1"}],"replies":[{"embeddable":true,"href":"https:\/\/new.bjc.ro\/index.php?rest_route=%2Fwp%2Fv2%2Fcomments&post=70"}],"version-history":[{"count":6,"href":"https:\/\/new.bjc.ro\/index.php?rest_route=\/wp\/v2\/pages\/70\/revisions"}],"predecessor-version":[{"id":8814,"href":"https:\/\/new.bjc.ro\/index.php?rest_route=\/wp\/v2\/pages\/70\/revisions\/8814"}],"wp:attachment":[{"href":"https:\/\/new.bjc.ro\/index.php?rest_route=%2Fwp%2Fv2%2Fmedia&parent=70"}],"curies":[{"name":"wp","href":"https:\/\/api.w.org\/{rel}","templated":true}]}}