{"id":72,"date":"2021-06-18T08:34:28","date_gmt":"2021-06-18T05:34:28","guid":{"rendered":"https:\/\/new.bjc.ro\/?page_id=72"},"modified":"2025-08-22T14:41:07","modified_gmt":"2025-08-22T11:41:07","slug":"intrebari-frecvente","status":"publish","type":"page","link":"https:\/\/new.bjc.ro\/?page_id=72","title":{"rendered":"\u00centreb\u0103ri frecvente"},"content":{"rendered":"\n<p>Cum contactez Biblioteca Jude\u021bean\u0103 \u201eOctavian Goga\u201d Cluj?<\/p>\n\n\n\n<p>R: Telefon Secretariat: +40-264-430323, +40-264-595815&nbsp;<\/p>\n\n\n\n<p>E-mail: <a href=\"mailto:bjc@bjc.ro\">bjc@bjc.ro<\/a><\/p>\n\n\n\n<p>Adres\u0103 site: <a href=\"http:\/\/www.bjc.ro\">www.bjc.ro<\/a><\/p>\n\n\n\n<p>Care este programul de func\u0163ionare?&nbsp;&nbsp;&nbsp;&nbsp;&nbsp;&nbsp;&nbsp;&nbsp;<\/p>\n\n\n\n<p>R: Programul de func\u021bionare poate fi consultat la <a href=\"https:\/\/new.bjc.ro\/?page_id=56\">Program pentru public<\/a><\/p>\n\n\n\n<p>De ce acte am nevoie pentru eliberarea unui permis?<\/p>\n\n\n\n<p>R: Actele necesare sunt: buletin\/carte de identitate, carnet de elev\/student vizat la zi, dovada calit\u0103\u021bii de \u0219omer sau cupon de pensie. Pentru copiii cu v\u00e2rsta sub 14 ani este necesar\u0103 prezen\u021ba unui p\u0103rinte care s\u0103 aib\u0103 asupra lui actul de identitate.<\/p>\n\n\n\n<p>Cu permisul de intrare eliberat de Filiala \u201eTraian Brad\u201d pot merge la Sediul Central?<\/p>\n\n\n\n<p>R: Da. Permisul de intrare este valabil la toate punctele de servicii ale bibliotecii.<\/p>\n\n\n\n<p>Ce trebuie s\u0103 fac dac\u0103 \u00eemi pierd permisul de bibliotec\u0103?<\/p>\n\n\n\n<p>R: Anun\u0163a\u0163i c\u00e2t mai repede posibil biblioteca pentru a anula permisul pierdut \u015fi pentru a v\u0103 proteja de folosire neautorizat\u0103, apoi veni\u0163i \u015fi solicita\u0163i eliberarea unui duplicat conform art. 4 din <a href=\"https:\/\/new.bjc.ro\/wp-content\/uploads\/2025\/01\/Regulamentul-serviciilor-pentru-public-2025.pdf\">Regulamentului serviciilor pentru public.<\/a><\/p>\n\n\n\n<p>C\u00e2te publica\u021bii pot s\u0103 \u00eemprumut de la bibliotec\u0103 \u0219i pentru c\u00e2t timp?<\/p>\n\n\n\n<p>R: Fiecare utilizator poate \u00eemprumuta la domiciliu maximum 4 c\u0103r\u021bi \u0219i 4 documente audiovizuale\/electronice (CD-uri, DVD-uri) \u00een cadrul unei vizite, c\u0103r\u021bile pentru 14 zile cu posibilitatea de prelungire a termenului de \u00eemprumut, materialele audiovizuale pentru 7 zile, f\u0103r\u0103 posibilitatea de prelungire a termenului de \u00eemprumut. Pentru a beneficia de \u00eemprumutul la domiciliu, solicitantul trebuie s\u0103 aib\u0103 domiciliul stabil \u00een jude\u021bul Cluj.<\/p>\n\n\n\n<p>Am \u00eemprumutat 2 c\u0103r\u0163i de la Filiala Zorilor. Pot \u00eemprumuta \u00eenc\u0103 4 c\u0103r\u0163i de la Sediul Central?<\/p>\n\n\n\n<p>R: Gratuit, pute\u0163i \u00eemprumuta \u00eenc\u0103 2 c\u0103r\u0163i. Num\u0103rul total de publica\u0163ii \u00eemprumutate este 4. \u00cemprumutul peste num\u0103rul limit\u0103 se face contra cost.<\/p>\n\n\n\n<p>Cum pot s\u0103 prelungesc termenul de \u00eemprumut?<\/p>\n\n\n\n<p>R: Dac\u0103 titlurile respective nu sunt solicitate de al\u0163i utilizatori, termenul de \u00eemprumut poate fi prelungit prin telefon, e-mail, catalogul online sau aplica\u021bia <a href=\"https:\/\/new.bjc.ro\/?page_id=9171\">Qulto eCard<\/a>.<\/p>\n\n\n\n<p>Ce se \u00eent\u00e2mpl\u0103 dac\u0103 am dep\u0103\u015fit termenul de \u00eemprumut cu 22 zile?<\/p>\n\n\n\n<p>R: Pentru dep\u0103\u015firea termenului de \u00eemprumut adul\u0163ii pl\u0103tesc c\u00e2te 0,40 lei\/zi pentru fiecare carte \u00eemprumutat\u0103, iar copiii c\u00e2te 0,20 lei (vezi \u0219i <a href=\"https:\/\/new.bjc.ro\/?page_id=1260\">servicii oferite contra cost<\/a>)<\/p>\n\n\n\n<p>C\u00e2te titluri pot solicita la sala de lectur\u0103?<\/p>\n\n\n\n<p>R: Num\u0103rul publica\u021biilor solicitate pentru consultare pe loc este nelimitat.<\/p>\n\n\n\n<p>Cum se pot ob\u0163ine informa\u0163ii despre documentele de\u0163inute de bibliotec\u0103?<\/p>\n\n\n\n<p>R: Consult\u00e2nd <a href=\"https:\/\/portal.bjc.qulto.ro\/ro\">Catalogul online<\/a>.<\/p>\n\n\n\n<p>Am pierdut o carte. Pot s\u0103 aduc alta \u00een loc?<\/p>\n\n\n\n<p>R: Numai dac\u0103 este acela\u015fi titlu \u015fi aceea\u015fi edi\u0163ie sau una mai nou\u0103. \u00cen celelalte cazuri, va trebui s\u0103 achita\u0163i pre\u0163ul c\u0103r\u0163ii \u00een conformitate cu Legea 334\/2002.<\/p>\n\n\n\n<p>Sunt student din Republica Moldova. Pot beneficia de serviciile bibliotecii?<\/p>\n\n\n\n<p>R: Pute\u0163i beneficia de toate serviciile bibliotecii, cu excep\u0163ia \u00eemprumutului la domiciliu.<\/p>\n\n\n\n<p>Pentru folosirea serviciilor bibliotecii se pl\u0103tesc taxe?<\/p>\n\n\n\n<p>R: Serviciile de baz\u0103 sunt gratuite. Pentru servicii suplimentare se achit\u0103 taxe.<\/p>\n\n\n\n<p>Unde se pot face copii XEROX la publica\u0163iile bibliotecii?<\/p>\n\n\n\n<p>R: La Sediul Central la Sala de referin\u0163e, parter vest, Filiala \u201eTraian Brad\u201d \u0219i Filiala Zorilor.<\/p>\n\n\n\n<p>Am fost internat \u00een spital o lun\u0103 de zile, motiv din care nu am restituit la timp c\u0103r\u0163ile. Voi fi penalizat?<\/p>\n\n\n\n<p>R: Nu, dac\u0103 prezenta\u0163i bibliotecarului un certificat justificator.<\/p>\n\n\n\n<p>Sunt profesor. Cum pot participa cu elevii la programele bibliotecii?<\/p>\n\n\n\n<p>R: Oferta activit\u0103\u021bilor de educa\u021bie permanent\u0103 o reg\u0103si\u021bi <a href=\"https:\/\/new.bjc.ro\/?page_id=2019\">aici<\/a>.<\/p>\n\n\n\n<p>Numere de telefon pentru informa\u021bii suplimentare \u0219i programare : +40-264-430323, +40-264-595815.<\/p>\n\n\n\n<p>Cum trebuie s\u0103 m\u0103 comport \u0219i ce reguli trebuie s\u0103 respect \u00een bibliotec\u0103?<\/p>\n\n\n\n<p>R: Utilizatorii bibliotecii trebuie s\u0103 aib\u0103 o \u021binut\u0103 vestimentar\u0103 decent\u0103, o atitudine civilizat\u0103 fa\u021b\u0103 de personalul bibliotecii \u0219i fa\u021b\u0103 de ceilal\u021bi utilizatori, s\u0103 foloseasc\u0103 cu responsabilitate bunurile puse la dispozi\u021bie pentru informare, lectur\u0103 \u0219i studiu, s\u0103 p\u0103streze lini\u0219tea, ordinea \u0219i cur\u0103\u021benia \u00een bibliotec\u0103. Utilizatorii vor prezinta bibliotecarului Permisul de intrare la bibliotec\u0103 cu ocazia fiec\u0103rei vizite \u0219i vor restitui documentele de bibliotec\u0103 \u00een starea \u00een care le-au primit. \u00cen s\u0103lile de lectur\u0103 sunt interzise introducerea \u015fi consumarea de&nbsp; alimente, b\u0103uturi sau droguri. \u00cen bibliotec\u0103 este interzis accesul&nbsp; cu role, trotinete, biciclete. \u00cen toate s\u0103lile destinate publicului este interzis\u0103 intrarea cu mape, saco\u0219e, serviete, paltoane \u0219.a., acestea vor fi depuse la garderob\u0103.<\/p>\n\n\n\n<p>Utilizatorii pot s\u0103 solicite asisten\u021b\u0103 \u00een reg\u0103sirea documentelor la raft, informa\u021biilor din bazele de date ale bibliotecii sau din lucr\u0103rile de referin\u021b\u0103, pot s\u0103 fotografieze informa\u021bia din documente unicat, materiale de referin\u021b\u0103, albume de art\u0103, partituri vechi, edi\u021bii de lux, cu acordul bibliotecarului \u0219i f\u0103r\u0103 a \u00eenc\u0103lca <a href=\"https:\/\/new.bjc.ro\/wp-content\/uploads\/2025\/01\/Regulamentul-serviciilor-pentru-public-2025.pdf\">Regulamentul serviciilor pentru public<\/a>.<\/p>\n\n\n\n<p>Ce se \u00eent\u00e2mpl\u0103 dac\u0103 nu respect normele de conduit\u0103 \u00een bibliotec\u0103?<\/p>\n\n\n\n<p>R: Conduita necorespunz\u0103toare fa\u0163\u0103 de personalul bibliotecii sau fa\u0163\u0103 de ceilal\u0163i utilizatori se sanc\u0163ioneaz\u0103 cu suspendarea permisului pe o perioad\u0103 de o lun\u0103 de zile. Biblioteca \u00ee\u015fi rezerv\u0103 dreptul de a nu permite accesul, \u00een niciunul din spa\u0163iile sale, persoanelor care au o \u0163inut\u0103 \u015fi\/sau o igien\u0103 necorespunz\u0103toare, sunt \u00een stare de ebrietate sau sub influen\u021ba drogurilor sau au un comportament \u015fi limbaj neadecvate. Pentru alte abateri se vor aplica sanc\u021biuni conform capitolului VII din&nbsp; <a href=\"https:\/\/new.bjc.ro\/wp-content\/uploads\/2025\/01\/Regulamentul-serviciilor-pentru-public-2025.pdf\">Regulamentul serviciilor pentru public<\/a>.<\/p>\n\n\n\n<p><\/p>\n","protected":false},"excerpt":{"rendered":"<p>Cum contactez Biblioteca Jude\u021bean\u0103 \u201eOctavian Goga\u201d Cluj? R: Telefon Secretariat: +40-264-430323, +40-264-595815&nbsp; E-mail: bjc@bjc.ro Adres\u0103 site: www.bjc.ro Care este programul de func\u0163ionare?&nbsp;&nbsp;&nbsp;&nbsp;&nbsp;&nbsp;&nbsp;&nbsp; R: Programul de func\u021bionare poate fi consultat la Program pentru public De ce acte am nevoie pentru eliberarea unui permis? R: Actele necesare sunt: buletin\/carte de identitate, carnet&hellip; <br \/> <a class=\"read-more\" href=\"https:\/\/new.bjc.ro\/?page_id=72\">Cite\u0219te mai mult<\/a><\/p>\n","protected":false},"author":1,"featured_media":0,"parent":0,"menu_order":0,"comment_status":"closed","ping_status":"closed","template":"","meta":{"_monsterinsights_skip_tracking":false,"_monsterinsights_sitenote_active":false,"_monsterinsights_sitenote_note":"","_monsterinsights_sitenote_category":0,"_EventAllDay":false,"_EventTimezone":"","_EventStartDate":"","_EventEndDate":"","_EventStartDateUTC":"","_EventEndDateUTC":"","_EventShowMap":false,"_EventShowMapLink":false,"_EventURL":"","_EventCost":"","_EventCostDescription":"","_EventCurrencySymbol":"","_EventCurrencyCode":"","_EventCurrencyPosition":"","_EventDateTimeSeparator":"","_EventTimeRangeSeparator":"","_EventOrganizerID":[],"_EventVenueID":[],"_OrganizerEmail":"","_OrganizerPhone":"","_OrganizerWebsite":"","_VenueAddress":"","_VenueCity":"","_VenueCountry":"","_VenueProvince":"","_VenueState":"","_VenueZip":"","_VenuePhone":"","_VenueURL":"","_VenueStateProvince":"","_VenueLat":"","_VenueLng":"","_VenueShowMap":false,"_VenueShowMapLink":false,"footnotes":""},"class_list":["post-72","page","type-page","status-publish","hentry"],"yoast_head":"<!-- This site is optimized with the Yoast SEO plugin v24.6 - https:\/\/yoast.com\/wordpress\/plugins\/seo\/ -->\n<title>\u00centreb\u0103ri frecvente - Biblioteca Jude\u021bean\u0103 \u201eOctavian Goga\u201d Cluj<\/title>\n<meta name=\"robots\" content=\"index, follow, max-snippet:-1, max-image-preview:large, max-video-preview:-1\" \/>\n<link rel=\"canonical\" href=\"https:\/\/new.bjc.ro\/?page_id=72\" \/>\n<meta property=\"og:locale\" content=\"ro_RO\" \/>\n<meta property=\"og:type\" content=\"article\" \/>\n<meta property=\"og:title\" content=\"\u00centreb\u0103ri frecvente - Biblioteca Jude\u021bean\u0103 \u201eOctavian Goga\u201d Cluj\" \/>\n<meta property=\"og:description\" content=\"Cum contactez Biblioteca Jude\u021bean\u0103 \u201eOctavian Goga\u201d Cluj? R: Telefon Secretariat: +40-264-430323, +40-264-595815&nbsp; E-mail: bjc@bjc.ro Adres\u0103 site: www.bjc.ro Care este programul de func\u0163ionare?&nbsp;&nbsp;&nbsp;&nbsp;&nbsp;&nbsp;&nbsp;&nbsp; R: Programul de func\u021bionare poate fi consultat la Program pentru public De ce acte am nevoie pentru eliberarea unui permis? R: Actele necesare sunt: buletin\/carte de identitate, carnet&hellip; Cite\u0219te mai mult\" \/>\n<meta property=\"og:url\" content=\"https:\/\/new.bjc.ro\/?page_id=72\" \/>\n<meta property=\"og:site_name\" content=\"Biblioteca Jude\u021bean\u0103 \u201eOctavian Goga\u201d Cluj\" \/>\n<meta property=\"article:publisher\" content=\"https:\/\/www.facebook.com\/bibliotecacluj\/\" \/>\n<meta property=\"article:modified_time\" content=\"2025-08-22T11:41:07+00:00\" \/>\n<meta property=\"og:image\" content=\"https:\/\/new.bjc.ro\/wp-content\/uploads\/2023\/01\/IMG_5597-1.jpg\" \/>\n\t<meta property=\"og:image:width\" content=\"2000\" \/>\n\t<meta property=\"og:image:height\" content=\"1333\" \/>\n\t<meta property=\"og:image:type\" content=\"image\/jpeg\" \/>\n<meta name=\"twitter:card\" content=\"summary_large_image\" \/>\n<meta name=\"twitter:site\" content=\"@BibliotecaGoga\" \/>\n<meta name=\"twitter:label1\" content=\"Timp estimat pentru citire\" \/>\n\t<meta name=\"twitter:data1\" content=\"5 minute\" \/>\n<script type=\"application\/ld+json\" class=\"yoast-schema-graph\">{\"@context\":\"https:\/\/schema.org\",\"@graph\":[{\"@type\":\"WebPage\",\"@id\":\"https:\/\/new.bjc.ro\/?page_id=72\",\"url\":\"https:\/\/new.bjc.ro\/?page_id=72\",\"name\":\"\u00centreb\u0103ri frecvente - Biblioteca Jude\u021bean\u0103 \u201eOctavian Goga\u201d Cluj\",\"isPartOf\":{\"@id\":\"https:\/\/new.bjc.ro\/#website\"},\"datePublished\":\"2021-06-18T05:34:28+00:00\",\"dateModified\":\"2025-08-22T11:41:07+00:00\",\"breadcrumb\":{\"@id\":\"https:\/\/new.bjc.ro\/?page_id=72#breadcrumb\"},\"inLanguage\":\"ro-RO\",\"potentialAction\":[{\"@type\":\"ReadAction\",\"target\":[\"https:\/\/new.bjc.ro\/?page_id=72\"]}]},{\"@type\":\"BreadcrumbList\",\"@id\":\"https:\/\/new.bjc.ro\/?page_id=72#breadcrumb\",\"itemListElement\":[{\"@type\":\"ListItem\",\"position\":1,\"name\":\"Home\",\"item\":\"https:\/\/new.bjc.ro\/\"},{\"@type\":\"ListItem\",\"position\":2,\"name\":\"\u00centreb\u0103ri frecvente\"}]},{\"@type\":\"WebSite\",\"@id\":\"https:\/\/new.bjc.ro\/#website\",\"url\":\"https:\/\/new.bjc.ro\/\",\"name\":\"Biblioteca Jude\u021bean\u0103 \u201eOctavian Goga\u201d Cluj\",\"description\":\"\",\"publisher\":{\"@id\":\"https:\/\/new.bjc.ro\/#organization\"},\"alternateName\":\"Biblioteca Jude\u021bean\u0103 Cluj\",\"potentialAction\":[{\"@type\":\"SearchAction\",\"target\":{\"@type\":\"EntryPoint\",\"urlTemplate\":\"https:\/\/new.bjc.ro\/?s={search_term_string}\"},\"query-input\":{\"@type\":\"PropertyValueSpecification\",\"valueRequired\":true,\"valueName\":\"search_term_string\"}}],\"inLanguage\":\"ro-RO\"},{\"@type\":\"Organization\",\"@id\":\"https:\/\/new.bjc.ro\/#organization\",\"name\":\"Biblioteca Jude\u021bean\u0103 \u201eOctavian Goga\u201d Cluj\",\"url\":\"https:\/\/new.bjc.ro\/\",\"logo\":{\"@type\":\"ImageObject\",\"inLanguage\":\"ro-RO\",\"@id\":\"https:\/\/new.bjc.ro\/#\/schema\/logo\/image\/\",\"url\":\"https:\/\/new.bjc.ro\/wp-content\/uploads\/2023\/03\/sigle.jpg\",\"contentUrl\":\"https:\/\/new.bjc.ro\/wp-content\/uploads\/2023\/03\/sigle.jpg\",\"width\":630,\"height\":473,\"caption\":\"Biblioteca Jude\u021bean\u0103 \u201eOctavian Goga\u201d Cluj\"},\"image\":{\"@id\":\"https:\/\/new.bjc.ro\/#\/schema\/logo\/image\/\"},\"sameAs\":[\"https:\/\/www.facebook.com\/bibliotecacluj\/\",\"https:\/\/x.com\/BibliotecaGoga\",\"https:\/\/www.instagram.com\/biblioteca_judeteana_cluj\/\",\"https:\/\/www.youtube.com\/user\/BibliotecaGoga\"]}]}<\/script>\n<!-- \/ Yoast SEO plugin. -->","yoast_head_json":{"title":"\u00centreb\u0103ri frecvente - Biblioteca Jude\u021bean\u0103 \u201eOctavian Goga\u201d Cluj","robots":{"index":"index","follow":"follow","max-snippet":"max-snippet:-1","max-image-preview":"max-image-preview:large","max-video-preview":"max-video-preview:-1"},"canonical":"https:\/\/new.bjc.ro\/?page_id=72","og_locale":"ro_RO","og_type":"article","og_title":"\u00centreb\u0103ri frecvente - Biblioteca Jude\u021bean\u0103 \u201eOctavian Goga\u201d Cluj","og_description":"Cum contactez Biblioteca Jude\u021bean\u0103 \u201eOctavian Goga\u201d Cluj? R: Telefon Secretariat: +40-264-430323, +40-264-595815&nbsp; E-mail: bjc@bjc.ro Adres\u0103 site: www.bjc.ro Care este programul de func\u0163ionare?&nbsp;&nbsp;&nbsp;&nbsp;&nbsp;&nbsp;&nbsp;&nbsp; R: Programul de func\u021bionare poate fi consultat la Program pentru public De ce acte am nevoie pentru eliberarea unui permis? R: Actele necesare sunt: buletin\/carte de identitate, carnet&hellip; Cite\u0219te mai mult","og_url":"https:\/\/new.bjc.ro\/?page_id=72","og_site_name":"Biblioteca Jude\u021bean\u0103 \u201eOctavian Goga\u201d Cluj","article_publisher":"https:\/\/www.facebook.com\/bibliotecacluj\/","article_modified_time":"2025-08-22T11:41:07+00:00","og_image":[{"width":2000,"height":1333,"url":"https:\/\/new.bjc.ro\/wp-content\/uploads\/2023\/01\/IMG_5597-1.jpg","type":"image\/jpeg"}],"twitter_card":"summary_large_image","twitter_site":"@BibliotecaGoga","twitter_misc":{"Timp estimat pentru citire":"5 minute"},"schema":{"@context":"https:\/\/schema.org","@graph":[{"@type":"WebPage","@id":"https:\/\/new.bjc.ro\/?page_id=72","url":"https:\/\/new.bjc.ro\/?page_id=72","name":"\u00centreb\u0103ri frecvente - Biblioteca Jude\u021bean\u0103 \u201eOctavian Goga\u201d Cluj","isPartOf":{"@id":"https:\/\/new.bjc.ro\/#website"},"datePublished":"2021-06-18T05:34:28+00:00","dateModified":"2025-08-22T11:41:07+00:00","breadcrumb":{"@id":"https:\/\/new.bjc.ro\/?page_id=72#breadcrumb"},"inLanguage":"ro-RO","potentialAction":[{"@type":"ReadAction","target":["https:\/\/new.bjc.ro\/?page_id=72"]}]},{"@type":"BreadcrumbList","@id":"https:\/\/new.bjc.ro\/?page_id=72#breadcrumb","itemListElement":[{"@type":"ListItem","position":1,"name":"Home","item":"https:\/\/new.bjc.ro\/"},{"@type":"ListItem","position":2,"name":"\u00centreb\u0103ri frecvente"}]},{"@type":"WebSite","@id":"https:\/\/new.bjc.ro\/#website","url":"https:\/\/new.bjc.ro\/","name":"Biblioteca Jude\u021bean\u0103 \u201eOctavian Goga\u201d Cluj","description":"","publisher":{"@id":"https:\/\/new.bjc.ro\/#organization"},"alternateName":"Biblioteca Jude\u021bean\u0103 Cluj","potentialAction":[{"@type":"SearchAction","target":{"@type":"EntryPoint","urlTemplate":"https:\/\/new.bjc.ro\/?s={search_term_string}"},"query-input":{"@type":"PropertyValueSpecification","valueRequired":true,"valueName":"search_term_string"}}],"inLanguage":"ro-RO"},{"@type":"Organization","@id":"https:\/\/new.bjc.ro\/#organization","name":"Biblioteca Jude\u021bean\u0103 \u201eOctavian Goga\u201d Cluj","url":"https:\/\/new.bjc.ro\/","logo":{"@type":"ImageObject","inLanguage":"ro-RO","@id":"https:\/\/new.bjc.ro\/#\/schema\/logo\/image\/","url":"https:\/\/new.bjc.ro\/wp-content\/uploads\/2023\/03\/sigle.jpg","contentUrl":"https:\/\/new.bjc.ro\/wp-content\/uploads\/2023\/03\/sigle.jpg","width":630,"height":473,"caption":"Biblioteca Jude\u021bean\u0103 \u201eOctavian Goga\u201d Cluj"},"image":{"@id":"https:\/\/new.bjc.ro\/#\/schema\/logo\/image\/"},"sameAs":["https:\/\/www.facebook.com\/bibliotecacluj\/","https:\/\/x.com\/BibliotecaGoga","https:\/\/www.instagram.com\/biblioteca_judeteana_cluj\/","https:\/\/www.youtube.com\/user\/BibliotecaGoga"]}]}},"_links":{"self":[{"href":"https:\/\/new.bjc.ro\/index.php?rest_route=\/wp\/v2\/pages\/72","targetHints":{"allow":["GET"]}}],"collection":[{"href":"https:\/\/new.bjc.ro\/index.php?rest_route=\/wp\/v2\/pages"}],"about":[{"href":"https:\/\/new.bjc.ro\/index.php?rest_route=\/wp\/v2\/types\/page"}],"author":[{"embeddable":true,"href":"https:\/\/new.bjc.ro\/index.php?rest_route=\/wp\/v2\/users\/1"}],"replies":[{"embeddable":true,"href":"https:\/\/new.bjc.ro\/index.php?rest_route=%2Fwp%2Fv2%2Fcomments&post=72"}],"version-history":[{"count":8,"href":"https:\/\/new.bjc.ro\/index.php?rest_route=\/wp\/v2\/pages\/72\/revisions"}],"predecessor-version":[{"id":11018,"href":"https:\/\/new.bjc.ro\/index.php?rest_route=\/wp\/v2\/pages\/72\/revisions\/11018"}],"wp:attachment":[{"href":"https:\/\/new.bjc.ro\/index.php?rest_route=%2Fwp%2Fv2%2Fmedia&parent=72"}],"curies":[{"name":"wp","href":"https:\/\/api.w.org\/{rel}","templated":true}]}}