{"id":9171,"date":"2024-05-30T14:25:31","date_gmt":"2024-05-30T11:25:31","guid":{"rendered":"https:\/\/new.bjc.ro\/?page_id=9171"},"modified":"2024-05-31T09:05:19","modified_gmt":"2024-05-31T06:05:19","slug":"aplicatia-mobila-qulto-ecard","status":"publish","type":"page","link":"https:\/\/new.bjc.ro\/?page_id=9171","title":{"rendered":"Aplica\u021bia mobil\u0103 Qulto eCard"},"content":{"rendered":"\r\n<div class=\"wp-block-media-text is-stacked-on-mobile is-vertically-aligned-top\" style=\"grid-template-columns: 30% auto;\">\r\n<figure class=\"wp-block-media-text__media\"><a href=\"https:\/\/new.bjc.ro\/wp-content\/uploads\/2024\/05\/Aplicatia-mobila-Qulto-eCard-2.jpg\"><img loading=\"lazy\" decoding=\"async\" width=\"480\" height=\"674\" class=\"wp-image-9181 size-full\" src=\"https:\/\/new.bjc.ro\/wp-content\/uploads\/2024\/05\/Aplicatia-mobila-Qulto-eCard-2.jpg\" alt=\"Aplica\u021bia Qulto eCard\" \/><\/a><\/figure>\r\n<div class=\"wp-block-media-text__content\">\r\n<div class=\"wp-block-group\"><div class=\"wp-block-group__inner-container is-layout-constrained wp-block-group-is-layout-constrained\">\r\n<div class=\"wp-block-columns is-layout-flex wp-container-core-columns-is-layout-9d6595d7 wp-block-columns-is-layout-flex\">\r\n<div class=\"wp-block-column is-layout-flow wp-block-column-is-layout-flow\" style=\"flex-basis: 100%;\">\r\n<div class=\"wp-block-columns is-layout-flex wp-container-core-columns-is-layout-9d6595d7 wp-block-columns-is-layout-flex\">\r\n<div class=\"wp-block-column is-layout-flow wp-block-column-is-layout-flow\" style=\"flex-basis: 100%;\">\r\n<p>Aplica\u021bia mobil\u0103 <strong>Qulto eCard<\/strong> (disponibil\u0103 \u00een Google Play \u0219i App Store) v\u0103 ajut\u0103 s\u0103 realiza\u021bi mai rapid \u0219i u\u0219or: c\u0103utarea \u00een catalogul electronic al bibliotecii, prelungirea termenului de \u00eemprumut, re\u021binerea sau rezervarea de titluri, gestionarea permiselor de intrare la bibliotec\u0103 ale \u00eentregii familii.<\/p>\r\n\r\n\r\n\r\n<p><a href=\"https:\/\/new.bjc.ro\/wp-content\/uploads\/2024\/05\/Ecard-ghid-utilizare-1.pdf\">Instruc\u021biuni de utilizare<\/a><\/p>\r\n<\/div>\r\n<\/div>\r\n<\/div>\r\n<\/div>\r\n<\/div><\/div>\r\n<\/div>\r\n<\/div>\r\n","protected":false},"excerpt":{"rendered":"","protected":false},"author":1,"featured_media":0,"parent":0,"menu_order":0,"comment_status":"closed","ping_status":"closed","template":"","meta":{"_monsterinsights_skip_tracking":false,"_monsterinsights_sitenote_active":false,"_monsterinsights_sitenote_note":"","_monsterinsights_sitenote_category":0,"_EventAllDay":false,"_EventTimezone":"","_EventStartDate":"","_EventEndDate":"","_EventStartDateUTC":"","_EventEndDateUTC":"","_EventShowMap":false,"_EventShowMapLink":false,"_EventURL":"","_EventCost":"","_EventCostDescription":"","_EventCurrencySymbol":"","_EventCurrencyCode":"","_EventCurrencyPosition":"","_EventDateTimeSeparator":"","_EventTimeRangeSeparator":"","_EventOrganizerID":[],"_EventVenueID":[],"_OrganizerEmail":"","_OrganizerPhone":"","_OrganizerWebsite":"","_VenueAddress":"","_VenueCity":"","_VenueCountry":"","_VenueProvince":"","_VenueState":"","_VenueZip":"","_VenuePhone":"","_VenueURL":"","_VenueStateProvince":"","_VenueLat":"","_VenueLng":"","_VenueShowMap":false,"_VenueShowMapLink":false,"footnotes":""},"class_list":["post-9171","page","type-page","status-publish","hentry"],"yoast_head":"<!-- This site is optimized with the Yoast SEO plugin v24.6 - https:\/\/yoast.com\/wordpress\/plugins\/seo\/ -->\n<title>Aplica\u021bia mobil\u0103 Qulto eCard - Biblioteca Jude\u021bean\u0103 \u201eOctavian Goga\u201d Cluj<\/title>\n<meta name=\"description\" content=\"Aplica\u021bia mobil\u0103 Qulto eCard permite gestionarea permiselor de intrare la bibliotec\u0103 ale \u00eentregii familii.\" \/>\n<meta name=\"robots\" content=\"index, follow, max-snippet:-1, max-image-preview:large, max-video-preview:-1\" \/>\n<link rel=\"canonical\" href=\"https:\/\/new.bjc.ro\/?page_id=9171\" \/>\n<meta property=\"og:locale\" content=\"ro_RO\" \/>\n<meta property=\"og:type\" content=\"article\" \/>\n<meta property=\"og:title\" content=\"Aplica\u021bia mobil\u0103 Qulto eCard - Biblioteca Jude\u021bean\u0103 \u201eOctavian Goga\u201d Cluj\" \/>\n<meta property=\"og:description\" content=\"Aplica\u021bia mobil\u0103 Qulto eCard permite gestionarea permiselor de intrare la bibliotec\u0103 ale \u00eentregii familii.\" \/>\n<meta property=\"og:url\" content=\"https:\/\/new.bjc.ro\/?page_id=9171\" \/>\n<meta property=\"og:site_name\" content=\"Biblioteca Jude\u021bean\u0103 \u201eOctavian Goga\u201d Cluj\" \/>\n<meta property=\"article:publisher\" content=\"https:\/\/www.facebook.com\/bibliotecacluj\/\" \/>\n<meta property=\"article:modified_time\" content=\"2024-05-31T06:05:19+00:00\" \/>\n<meta property=\"og:image\" content=\"https:\/\/new.bjc.ro\/wp-content\/uploads\/2024\/05\/Aplicatia-mobila-Qulto-eCard-2.jpg\" \/>\n<meta name=\"twitter:card\" content=\"summary_large_image\" \/>\n<meta name=\"twitter:site\" content=\"@BibliotecaGoga\" \/>\n<meta name=\"twitter:label1\" content=\"Timp estimat pentru citire\" \/>\n\t<meta name=\"twitter:data1\" content=\"1 minut\" \/>\n<script type=\"application\/ld+json\" class=\"yoast-schema-graph\">{\"@context\":\"https:\/\/schema.org\",\"@graph\":[{\"@type\":\"WebPage\",\"@id\":\"https:\/\/new.bjc.ro\/?page_id=9171\",\"url\":\"https:\/\/new.bjc.ro\/?page_id=9171\",\"name\":\"Aplica\u021bia mobil\u0103 Qulto eCard - Biblioteca Jude\u021bean\u0103 \u201eOctavian Goga\u201d Cluj\",\"isPartOf\":{\"@id\":\"https:\/\/new.bjc.ro\/#website\"},\"primaryImageOfPage\":{\"@id\":\"https:\/\/new.bjc.ro\/?page_id=9171#primaryimage\"},\"image\":{\"@id\":\"https:\/\/new.bjc.ro\/?page_id=9171#primaryimage\"},\"thumbnailUrl\":\"https:\/\/new.bjc.ro\/wp-content\/uploads\/2024\/05\/Aplicatia-mobila-Qulto-eCard-2.jpg\",\"datePublished\":\"2024-05-30T11:25:31+00:00\",\"dateModified\":\"2024-05-31T06:05:19+00:00\",\"description\":\"Aplica\u021bia mobil\u0103 Qulto eCard permite gestionarea permiselor de intrare la bibliotec\u0103 ale \u00eentregii familii.\",\"breadcrumb\":{\"@id\":\"https:\/\/new.bjc.ro\/?page_id=9171#breadcrumb\"},\"inLanguage\":\"ro-RO\",\"potentialAction\":[{\"@type\":\"ReadAction\",\"target\":[\"https:\/\/new.bjc.ro\/?page_id=9171\"]}]},{\"@type\":\"ImageObject\",\"inLanguage\":\"ro-RO\",\"@id\":\"https:\/\/new.bjc.ro\/?page_id=9171#primaryimage\",\"url\":\"https:\/\/new.bjc.ro\/wp-content\/uploads\/2024\/05\/Aplicatia-mobila-Qulto-eCard-2.jpg\",\"contentUrl\":\"https:\/\/new.bjc.ro\/wp-content\/uploads\/2024\/05\/Aplicatia-mobila-Qulto-eCard-2.jpg\",\"width\":480,\"height\":674},{\"@type\":\"BreadcrumbList\",\"@id\":\"https:\/\/new.bjc.ro\/?page_id=9171#breadcrumb\",\"itemListElement\":[{\"@type\":\"ListItem\",\"position\":1,\"name\":\"Home\",\"item\":\"https:\/\/new.bjc.ro\/\"},{\"@type\":\"ListItem\",\"position\":2,\"name\":\"Aplica\u021bia mobil\u0103 Qulto eCard\"}]},{\"@type\":\"WebSite\",\"@id\":\"https:\/\/new.bjc.ro\/#website\",\"url\":\"https:\/\/new.bjc.ro\/\",\"name\":\"Biblioteca Jude\u021bean\u0103 \u201eOctavian Goga\u201d Cluj\",\"description\":\"\",\"publisher\":{\"@id\":\"https:\/\/new.bjc.ro\/#organization\"},\"alternateName\":\"Biblioteca Jude\u021bean\u0103 Cluj\",\"potentialAction\":[{\"@type\":\"SearchAction\",\"target\":{\"@type\":\"EntryPoint\",\"urlTemplate\":\"https:\/\/new.bjc.ro\/?s={search_term_string}\"},\"query-input\":{\"@type\":\"PropertyValueSpecification\",\"valueRequired\":true,\"valueName\":\"search_term_string\"}}],\"inLanguage\":\"ro-RO\"},{\"@type\":\"Organization\",\"@id\":\"https:\/\/new.bjc.ro\/#organization\",\"name\":\"Biblioteca Jude\u021bean\u0103 \u201eOctavian Goga\u201d Cluj\",\"url\":\"https:\/\/new.bjc.ro\/\",\"logo\":{\"@type\":\"ImageObject\",\"inLanguage\":\"ro-RO\",\"@id\":\"https:\/\/new.bjc.ro\/#\/schema\/logo\/image\/\",\"url\":\"https:\/\/new.bjc.ro\/wp-content\/uploads\/2023\/03\/sigle.jpg\",\"contentUrl\":\"https:\/\/new.bjc.ro\/wp-content\/uploads\/2023\/03\/sigle.jpg\",\"width\":630,\"height\":473,\"caption\":\"Biblioteca Jude\u021bean\u0103 \u201eOctavian Goga\u201d Cluj\"},\"image\":{\"@id\":\"https:\/\/new.bjc.ro\/#\/schema\/logo\/image\/\"},\"sameAs\":[\"https:\/\/www.facebook.com\/bibliotecacluj\/\",\"https:\/\/x.com\/BibliotecaGoga\",\"https:\/\/www.instagram.com\/biblioteca_judeteana_cluj\/\",\"https:\/\/www.youtube.com\/user\/BibliotecaGoga\"]}]}<\/script>\n<!-- \/ Yoast SEO plugin. -->","yoast_head_json":{"title":"Aplica\u021bia mobil\u0103 Qulto eCard - Biblioteca Jude\u021bean\u0103 \u201eOctavian Goga\u201d Cluj","description":"Aplica\u021bia mobil\u0103 Qulto eCard permite gestionarea permiselor de intrare la bibliotec\u0103 ale \u00eentregii familii.","robots":{"index":"index","follow":"follow","max-snippet":"max-snippet:-1","max-image-preview":"max-image-preview:large","max-video-preview":"max-video-preview:-1"},"canonical":"https:\/\/new.bjc.ro\/?page_id=9171","og_locale":"ro_RO","og_type":"article","og_title":"Aplica\u021bia mobil\u0103 Qulto eCard - Biblioteca Jude\u021bean\u0103 \u201eOctavian Goga\u201d Cluj","og_description":"Aplica\u021bia mobil\u0103 Qulto eCard permite gestionarea permiselor de intrare la bibliotec\u0103 ale \u00eentregii familii.","og_url":"https:\/\/new.bjc.ro\/?page_id=9171","og_site_name":"Biblioteca Jude\u021bean\u0103 \u201eOctavian Goga\u201d Cluj","article_publisher":"https:\/\/www.facebook.com\/bibliotecacluj\/","article_modified_time":"2024-05-31T06:05:19+00:00","og_image":[{"url":"https:\/\/new.bjc.ro\/wp-content\/uploads\/2024\/05\/Aplicatia-mobila-Qulto-eCard-2.jpg","type":"","width":"","height":""}],"twitter_card":"summary_large_image","twitter_site":"@BibliotecaGoga","twitter_misc":{"Timp estimat pentru citire":"1 minut"},"schema":{"@context":"https:\/\/schema.org","@graph":[{"@type":"WebPage","@id":"https:\/\/new.bjc.ro\/?page_id=9171","url":"https:\/\/new.bjc.ro\/?page_id=9171","name":"Aplica\u021bia mobil\u0103 Qulto eCard - Biblioteca Jude\u021bean\u0103 \u201eOctavian Goga\u201d Cluj","isPartOf":{"@id":"https:\/\/new.bjc.ro\/#website"},"primaryImageOfPage":{"@id":"https:\/\/new.bjc.ro\/?page_id=9171#primaryimage"},"image":{"@id":"https:\/\/new.bjc.ro\/?page_id=9171#primaryimage"},"thumbnailUrl":"https:\/\/new.bjc.ro\/wp-content\/uploads\/2024\/05\/Aplicatia-mobila-Qulto-eCard-2.jpg","datePublished":"2024-05-30T11:25:31+00:00","dateModified":"2024-05-31T06:05:19+00:00","description":"Aplica\u021bia mobil\u0103 Qulto eCard permite gestionarea permiselor de intrare la bibliotec\u0103 ale \u00eentregii familii.","breadcrumb":{"@id":"https:\/\/new.bjc.ro\/?page_id=9171#breadcrumb"},"inLanguage":"ro-RO","potentialAction":[{"@type":"ReadAction","target":["https:\/\/new.bjc.ro\/?page_id=9171"]}]},{"@type":"ImageObject","inLanguage":"ro-RO","@id":"https:\/\/new.bjc.ro\/?page_id=9171#primaryimage","url":"https:\/\/new.bjc.ro\/wp-content\/uploads\/2024\/05\/Aplicatia-mobila-Qulto-eCard-2.jpg","contentUrl":"https:\/\/new.bjc.ro\/wp-content\/uploads\/2024\/05\/Aplicatia-mobila-Qulto-eCard-2.jpg","width":480,"height":674},{"@type":"BreadcrumbList","@id":"https:\/\/new.bjc.ro\/?page_id=9171#breadcrumb","itemListElement":[{"@type":"ListItem","position":1,"name":"Home","item":"https:\/\/new.bjc.ro\/"},{"@type":"ListItem","position":2,"name":"Aplica\u021bia mobil\u0103 Qulto eCard"}]},{"@type":"WebSite","@id":"https:\/\/new.bjc.ro\/#website","url":"https:\/\/new.bjc.ro\/","name":"Biblioteca Jude\u021bean\u0103 \u201eOctavian Goga\u201d Cluj","description":"","publisher":{"@id":"https:\/\/new.bjc.ro\/#organization"},"alternateName":"Biblioteca Jude\u021bean\u0103 Cluj","potentialAction":[{"@type":"SearchAction","target":{"@type":"EntryPoint","urlTemplate":"https:\/\/new.bjc.ro\/?s={search_term_string}"},"query-input":{"@type":"PropertyValueSpecification","valueRequired":true,"valueName":"search_term_string"}}],"inLanguage":"ro-RO"},{"@type":"Organization","@id":"https:\/\/new.bjc.ro\/#organization","name":"Biblioteca Jude\u021bean\u0103 \u201eOctavian Goga\u201d Cluj","url":"https:\/\/new.bjc.ro\/","logo":{"@type":"ImageObject","inLanguage":"ro-RO","@id":"https:\/\/new.bjc.ro\/#\/schema\/logo\/image\/","url":"https:\/\/new.bjc.ro\/wp-content\/uploads\/2023\/03\/sigle.jpg","contentUrl":"https:\/\/new.bjc.ro\/wp-content\/uploads\/2023\/03\/sigle.jpg","width":630,"height":473,"caption":"Biblioteca Jude\u021bean\u0103 \u201eOctavian Goga\u201d Cluj"},"image":{"@id":"https:\/\/new.bjc.ro\/#\/schema\/logo\/image\/"},"sameAs":["https:\/\/www.facebook.com\/bibliotecacluj\/","https:\/\/x.com\/BibliotecaGoga","https:\/\/www.instagram.com\/biblioteca_judeteana_cluj\/","https:\/\/www.youtube.com\/user\/BibliotecaGoga"]}]}},"_links":{"self":[{"href":"https:\/\/new.bjc.ro\/index.php?rest_route=\/wp\/v2\/pages\/9171","targetHints":{"allow":["GET"]}}],"collection":[{"href":"https:\/\/new.bjc.ro\/index.php?rest_route=\/wp\/v2\/pages"}],"about":[{"href":"https:\/\/new.bjc.ro\/index.php?rest_route=\/wp\/v2\/types\/page"}],"author":[{"embeddable":true,"href":"https:\/\/new.bjc.ro\/index.php?rest_route=\/wp\/v2\/users\/1"}],"replies":[{"embeddable":true,"href":"https:\/\/new.bjc.ro\/index.php?rest_route=%2Fwp%2Fv2%2Fcomments&post=9171"}],"version-history":[{"count":14,"href":"https:\/\/new.bjc.ro\/index.php?rest_route=\/wp\/v2\/pages\/9171\/revisions"}],"predecessor-version":[{"id":9196,"href":"https:\/\/new.bjc.ro\/index.php?rest_route=\/wp\/v2\/pages\/9171\/revisions\/9196"}],"wp:attachment":[{"href":"https:\/\/new.bjc.ro\/index.php?rest_route=%2Fwp%2Fv2%2Fmedia&parent=9171"}],"curies":[{"name":"wp","href":"https:\/\/api.w.org\/{rel}","templated":true}]}}